{"id":9872,"date":"2025-05-09T10:48:06","date_gmt":"2025-05-09T08:48:06","guid":{"rendered":"https:\/\/iodperformance.com\/produkt\/arb-zero-36l-12v-240v-automotive-compressor-refrigerator\/"},"modified":"2026-02-26T08:07:38","modified_gmt":"2026-02-26T07:07:38","slug":"arb-zero-36l-12v-240v-automotive-compressor-refrigerator","status":"publish","type":"product","link":"https:\/\/iodperformance.com\/en\/produkt\/arb-zero-36l-12v-240v-automotive-compressor-refrigerator\/","title":{"rendered":"ARB Zero 36l 12V-240V automotive compressor refrigerator"},"content":{"rendered":"<p>The refrigerator has a controller that, when paired with an installed app on a smartphone, communicating via bluetooth, serves as its external controller and display. The app can be downloaded for free from Google Play or the App Store. It can also be connected wirelessly to the LINX system.  <\/p>\n<p>As an added bonus, the 12\/24V power supply can be connected to the back and front of the refrigerator and a USB port on the front of the refrigerator with which you can easily charge your phone or other USB accessories with 5V, 3000mA.<\/p>\n<p>Height: 436 mm<br \/>\nWidth: 423 mm<br \/>\nDepth: 675 mm<\/p>\n<p>Weight: 22.2 kg<br \/>\nTemperature range: +10\u00b0C to -22\u00b0C<br \/>\nCapacity: 36 liters<br \/>\nLower basket: 316 x 292 x 180 mm<br \/>\nUpper basket: 482 x 292 x 143 mm<br \/>\nCurrent draw: 0.8Ah from 12V for 5\u00b0C refrigerator at 32\u00b0C outside temperature.<br \/>\nMaximum current draw: 6.3A at 12V<br \/>\nInternal LED light<br \/>\nPower supply: 110-230V, 12-24V<br \/>\n230V cable with plug and cable with plug for cigarette lighter socket is included.<\/p>\n","protected":false},"excerpt":{"rendered":"<p>The latest addition to ARB&#8217;s ARB ZERO series of travel compressor fridge-freezers.<br \/>\nSimple to operate and made of durable plastic, it has an integrated battery protection system and, as standard, the ability to control via an app from a smartphone.<\/p>\n<p>The refrigerator has rubber feet and convenient carrying handles tucked into the housing to prevent possible damage and a solid, leak-proof way to close the lid.<\/p>\n<p>Hinges allow the lid to be quickly removed, and a drain plug in the bottom of the refrigerator is an added convenience for cleaning.<br \/>\nAfter using a system of special straps, the refrigerator can be securely fastened to the floor.<br \/>\nA system of two removable wire baskets, top and bottom, will further protect items placed at the bottom of the refrigerator from being crushed in the field and will make it easier to clean the refrigerator.<br \/>\nThe new BOOST function, activated by a button from the front panel, will enable the refrigerator to speed up the cooling process.<br \/>\nThe built-in battery protection system will shut down the refrigerator when the voltage is too low.<br \/>\nThe LED temperature display with backlit buttons and internal lighting, will make it easy to use the refrigerator even in total darkness<\/p>\n","protected":false},"featured_media":9549,"template":"","meta":[],"product_brand":[344],"product_cat":[381],"product_tag":[426],"class_list":{"0":"post-9872","1":"product","2":"type-product","3":"status-publish","4":"has-post-thumbnail","6":"product_brand-arb-en","7":"product_cat-fridges","8":"product_tag-arb-en","10":"first","11":"instock","12":"taxable","13":"shipping-taxable","14":"purchasable","15":"product-type-simple"},"bundled_by":[],"bundle_stock_status":"instock","bundle_stock_quantity":null,"bundle_virtual":false,"bundle_layout":"","bundle_add_to_cart_form_location":"","bundle_editable_in_cart":false,"bundle_sold_individually_context":"","bundle_item_grouping":"","bundle_min_size":"","bundle_max_size":"","bundle_price":[],"bundled_items":[],"bundle_sell_ids":[],"yoast_head":"<!-- This site is optimized with the Yoast SEO plugin v27.2 - https:\/\/yoast.com\/product\/yoast-seo-wordpress\/ -->\n<title>ARB Zero 36l 12V-240V automotive compressor refrigerator<\/title>\n<meta name=\"robots\" content=\"index, follow, max-snippet:-1, max-image-preview:large, max-video-preview:-1\" \/>\n<link rel=\"canonical\" href=\"https:\/\/iodperformance.com\/en\/produkt\/arb-zero-36l-12v-240v-automotive-compressor-refrigerator\/\" \/>\n<meta property=\"og:locale\" content=\"en_US\" \/>\n<meta property=\"og:type\" content=\"article\" \/>\n<meta property=\"og:title\" content=\"ARB Zero 36l 12V-240V automotive compressor refrigerator\" \/>\n<meta property=\"og:description\" content=\"The latest addition to ARB&#039;s ARB ZERO series of travel compressor fridge-freezers. Simple to operate and made of durable plastic, it has an integrated battery protection system and, as standard, the ability to control via an app from a smartphone. The refrigerator has rubber feet and convenient carrying handles tucked into the housing to prevent possible damage and a solid, leak-proof way to close the lid. Hinges allow the lid to be quickly removed, and a drain plug in the bottom of the refrigerator is an added convenience for cleaning. After using a system of special straps, the refrigerator can be securely fastened to the floor. A system of two removable wire baskets, top and bottom, will further protect items placed at the bottom of the refrigerator from being crushed in the field and will make it easier to clean the refrigerator. The new BOOST function, activated by a button from the front panel, will enable the refrigerator to speed up the cooling process. The built-in battery protection system will shut down the refrigerator when the voltage is too low. The LED temperature display with backlit buttons and internal lighting, will make it easy to use the refrigerator even in total darkness\" \/>\n<meta property=\"og:url\" content=\"https:\/\/iodperformance.com\/en\/produkt\/arb-zero-36l-12v-240v-automotive-compressor-refrigerator\/\" \/>\n<meta property=\"og:site_name\" content=\"IOD Performance\" \/>\n<meta property=\"article:publisher\" content=\"https:\/\/www.facebook.com\/IODshopPL\/\" \/>\n<meta property=\"article:modified_time\" content=\"2026-02-26T07:07:38+00:00\" \/>\n<meta property=\"og:image\" content=\"https:\/\/iodperformance.com\/wp-content\/uploads\/2025\/05\/image-199.jpeg\" \/>\n\t<meta property=\"og:image:width\" content=\"1600\" \/>\n\t<meta property=\"og:image:height\" content=\"1066\" \/>\n\t<meta property=\"og:image:type\" content=\"image\/jpeg\" \/>\n<meta name=\"twitter:card\" content=\"summary_large_image\" \/>\n<meta name=\"twitter:label1\" content=\"Est. reading time\" \/>\n\t<meta name=\"twitter:data1\" content=\"1 minute\" \/>\n<script type=\"application\/ld+json\" class=\"yoast-schema-graph\">{\"@context\":\"https:\/\/schema.org\",\"@graph\":[{\"@type\":\"WebPage\",\"@id\":\"https:\/\/iodperformance.com\/en\/produkt\/arb-zero-36l-12v-240v-automotive-compressor-refrigerator\/\",\"url\":\"https:\/\/iodperformance.com\/en\/produkt\/arb-zero-36l-12v-240v-automotive-compressor-refrigerator\/\",\"name\":\"ARB Zero 36l 12V-240V automotive compressor refrigerator\",\"isPartOf\":{\"@id\":\"https:\/\/iodperformance.com\/#website\"},\"primaryImageOfPage\":{\"@id\":\"https:\/\/iodperformance.com\/en\/produkt\/arb-zero-36l-12v-240v-automotive-compressor-refrigerator\/#primaryimage\"},\"image\":{\"@id\":\"https:\/\/iodperformance.com\/en\/produkt\/arb-zero-36l-12v-240v-automotive-compressor-refrigerator\/#primaryimage\"},\"thumbnailUrl\":\"https:\/\/iodperformance.com\/wp-content\/uploads\/2025\/05\/image-199.jpeg\",\"datePublished\":\"2025-05-09T08:48:06+00:00\",\"dateModified\":\"2026-02-26T07:07:38+00:00\",\"breadcrumb\":{\"@id\":\"https:\/\/iodperformance.com\/en\/produkt\/arb-zero-36l-12v-240v-automotive-compressor-refrigerator\/#breadcrumb\"},\"inLanguage\":\"en-US\",\"potentialAction\":[{\"@type\":\"ReadAction\",\"target\":[\"https:\/\/iodperformance.com\/en\/produkt\/arb-zero-36l-12v-240v-automotive-compressor-refrigerator\/\"]}]},{\"@type\":\"ImageObject\",\"inLanguage\":\"en-US\",\"@id\":\"https:\/\/iodperformance.com\/en\/produkt\/arb-zero-36l-12v-240v-automotive-compressor-refrigerator\/#primaryimage\",\"url\":\"https:\/\/iodperformance.com\/wp-content\/uploads\/2025\/05\/image-199.jpeg\",\"contentUrl\":\"https:\/\/iodperformance.com\/wp-content\/uploads\/2025\/05\/image-199.jpeg\",\"width\":1600,\"height\":1066},{\"@type\":\"BreadcrumbList\",\"@id\":\"https:\/\/iodperformance.com\/en\/produkt\/arb-zero-36l-12v-240v-automotive-compressor-refrigerator\/#breadcrumb\",\"itemListElement\":[{\"@type\":\"ListItem\",\"position\":1,\"name\":\"Strona g\u0142\u00f3wna\",\"item\":\"https:\/\/iodperformance.com\/en\/\"},{\"@type\":\"ListItem\",\"position\":2,\"name\":\"Shop\",\"item\":\"https:\/\/iodperformance.com\/en\/shop\/\"},{\"@type\":\"ListItem\",\"position\":3,\"name\":\"ARB Zero 36l 12V-240V automotive compressor refrigerator\"}]},{\"@type\":\"WebSite\",\"@id\":\"https:\/\/iodperformance.com\/#website\",\"url\":\"https:\/\/iodperformance.com\/\",\"name\":\"IOD Performance\",\"description\":\"Producent cz\u0119\u015bci i akcesori\u00f3w samochodowych\",\"publisher\":{\"@id\":\"https:\/\/iodperformance.com\/#organization\"},\"potentialAction\":[{\"@type\":\"SearchAction\",\"target\":{\"@type\":\"EntryPoint\",\"urlTemplate\":\"https:\/\/iodperformance.com\/?s={search_term_string}\"},\"query-input\":{\"@type\":\"PropertyValueSpecification\",\"valueRequired\":true,\"valueName\":\"search_term_string\"}}],\"inLanguage\":\"en-US\"},{\"@type\":\"Organization\",\"@id\":\"https:\/\/iodperformance.com\/#organization\",\"name\":\"IOD Performance\",\"url\":\"https:\/\/iodperformance.com\/\",\"logo\":{\"@type\":\"ImageObject\",\"inLanguage\":\"en-US\",\"@id\":\"https:\/\/iodperformance.com\/#\/schema\/logo\/image\/\",\"url\":\"https:\/\/iodperformance.com\/wp-content\/uploads\/2025\/02\/logo_V2.png\",\"contentUrl\":\"https:\/\/iodperformance.com\/wp-content\/uploads\/2025\/02\/logo_V2.png\",\"width\":2560,\"height\":1076,\"caption\":\"IOD Performance\"},\"image\":{\"@id\":\"https:\/\/iodperformance.com\/#\/schema\/logo\/image\/\"},\"sameAs\":[\"https:\/\/www.facebook.com\/IODshopPL\/\",\"https:\/\/www.instagram.com\/iodperformance\/\",\"https:\/\/www.youtube.com\/@iodperformance\"]}]}<\/script>\n<!-- \/ Yoast SEO plugin. -->","yoast_head_json":{"title":"ARB Zero 36l 12V-240V automotive compressor refrigerator","robots":{"index":"index","follow":"follow","max-snippet":"max-snippet:-1","max-image-preview":"max-image-preview:large","max-video-preview":"max-video-preview:-1"},"canonical":"https:\/\/iodperformance.com\/en\/produkt\/arb-zero-36l-12v-240v-automotive-compressor-refrigerator\/","og_locale":"en_US","og_type":"article","og_title":"ARB Zero 36l 12V-240V automotive compressor refrigerator","og_description":"The latest addition to ARB's ARB ZERO series of travel compressor fridge-freezers. Simple to operate and made of durable plastic, it has an integrated battery protection system and, as standard, the ability to control via an app from a smartphone. The refrigerator has rubber feet and convenient carrying handles tucked into the housing to prevent possible damage and a solid, leak-proof way to close the lid. Hinges allow the lid to be quickly removed, and a drain plug in the bottom of the refrigerator is an added convenience for cleaning. After using a system of special straps, the refrigerator can be securely fastened to the floor. A system of two removable wire baskets, top and bottom, will further protect items placed at the bottom of the refrigerator from being crushed in the field and will make it easier to clean the refrigerator. The new BOOST function, activated by a button from the front panel, will enable the refrigerator to speed up the cooling process. The built-in battery protection system will shut down the refrigerator when the voltage is too low. The LED temperature display with backlit buttons and internal lighting, will make it easy to use the refrigerator even in total darkness","og_url":"https:\/\/iodperformance.com\/en\/produkt\/arb-zero-36l-12v-240v-automotive-compressor-refrigerator\/","og_site_name":"IOD Performance","article_publisher":"https:\/\/www.facebook.com\/IODshopPL\/","article_modified_time":"2026-02-26T07:07:38+00:00","og_image":[{"width":1600,"height":1066,"url":"https:\/\/iodperformance.com\/wp-content\/uploads\/2025\/05\/image-199.jpeg","type":"image\/jpeg"}],"twitter_card":"summary_large_image","twitter_misc":{"Est. reading time":"1 minute"},"schema":{"@context":"https:\/\/schema.org","@graph":[{"@type":"WebPage","@id":"https:\/\/iodperformance.com\/en\/produkt\/arb-zero-36l-12v-240v-automotive-compressor-refrigerator\/","url":"https:\/\/iodperformance.com\/en\/produkt\/arb-zero-36l-12v-240v-automotive-compressor-refrigerator\/","name":"ARB Zero 36l 12V-240V automotive compressor refrigerator","isPartOf":{"@id":"https:\/\/iodperformance.com\/#website"},"primaryImageOfPage":{"@id":"https:\/\/iodperformance.com\/en\/produkt\/arb-zero-36l-12v-240v-automotive-compressor-refrigerator\/#primaryimage"},"image":{"@id":"https:\/\/iodperformance.com\/en\/produkt\/arb-zero-36l-12v-240v-automotive-compressor-refrigerator\/#primaryimage"},"thumbnailUrl":"https:\/\/iodperformance.com\/wp-content\/uploads\/2025\/05\/image-199.jpeg","datePublished":"2025-05-09T08:48:06+00:00","dateModified":"2026-02-26T07:07:38+00:00","breadcrumb":{"@id":"https:\/\/iodperformance.com\/en\/produkt\/arb-zero-36l-12v-240v-automotive-compressor-refrigerator\/#breadcrumb"},"inLanguage":"en-US","potentialAction":[{"@type":"ReadAction","target":["https:\/\/iodperformance.com\/en\/produkt\/arb-zero-36l-12v-240v-automotive-compressor-refrigerator\/"]}]},{"@type":"ImageObject","inLanguage":"en-US","@id":"https:\/\/iodperformance.com\/en\/produkt\/arb-zero-36l-12v-240v-automotive-compressor-refrigerator\/#primaryimage","url":"https:\/\/iodperformance.com\/wp-content\/uploads\/2025\/05\/image-199.jpeg","contentUrl":"https:\/\/iodperformance.com\/wp-content\/uploads\/2025\/05\/image-199.jpeg","width":1600,"height":1066},{"@type":"BreadcrumbList","@id":"https:\/\/iodperformance.com\/en\/produkt\/arb-zero-36l-12v-240v-automotive-compressor-refrigerator\/#breadcrumb","itemListElement":[{"@type":"ListItem","position":1,"name":"Strona g\u0142\u00f3wna","item":"https:\/\/iodperformance.com\/en\/"},{"@type":"ListItem","position":2,"name":"Shop","item":"https:\/\/iodperformance.com\/en\/shop\/"},{"@type":"ListItem","position":3,"name":"ARB Zero 36l 12V-240V automotive compressor refrigerator"}]},{"@type":"WebSite","@id":"https:\/\/iodperformance.com\/#website","url":"https:\/\/iodperformance.com\/","name":"IOD Performance","description":"Producent cz\u0119\u015bci i akcesori\u00f3w samochodowych","publisher":{"@id":"https:\/\/iodperformance.com\/#organization"},"potentialAction":[{"@type":"SearchAction","target":{"@type":"EntryPoint","urlTemplate":"https:\/\/iodperformance.com\/?s={search_term_string}"},"query-input":{"@type":"PropertyValueSpecification","valueRequired":true,"valueName":"search_term_string"}}],"inLanguage":"en-US"},{"@type":"Organization","@id":"https:\/\/iodperformance.com\/#organization","name":"IOD Performance","url":"https:\/\/iodperformance.com\/","logo":{"@type":"ImageObject","inLanguage":"en-US","@id":"https:\/\/iodperformance.com\/#\/schema\/logo\/image\/","url":"https:\/\/iodperformance.com\/wp-content\/uploads\/2025\/02\/logo_V2.png","contentUrl":"https:\/\/iodperformance.com\/wp-content\/uploads\/2025\/02\/logo_V2.png","width":2560,"height":1076,"caption":"IOD Performance"},"image":{"@id":"https:\/\/iodperformance.com\/#\/schema\/logo\/image\/"},"sameAs":["https:\/\/www.facebook.com\/IODshopPL\/","https:\/\/www.instagram.com\/iodperformance\/","https:\/\/www.youtube.com\/@iodperformance"]}]}},"_links":{"self":[{"href":"https:\/\/iodperformance.com\/en\/wp-json\/wp\/v2\/product\/9872","targetHints":{"allow":["GET"]}}],"collection":[{"href":"https:\/\/iodperformance.com\/en\/wp-json\/wp\/v2\/product"}],"about":[{"href":"https:\/\/iodperformance.com\/en\/wp-json\/wp\/v2\/types\/product"}],"version-history":[{"count":0,"href":"https:\/\/iodperformance.com\/en\/wp-json\/wp\/v2\/product\/9872\/revisions"}],"wp:featuredmedia":[{"embeddable":true,"href":"https:\/\/iodperformance.com\/en\/wp-json\/wp\/v2\/media\/9549"}],"wp:attachment":[{"href":"https:\/\/iodperformance.com\/en\/wp-json\/wp\/v2\/media?parent=9872"}],"wp:term":[{"taxonomy":"product_brand","embeddable":true,"href":"https:\/\/iodperformance.com\/en\/wp-json\/wp\/v2\/product_brand?post=9872"},{"taxonomy":"product_cat","embeddable":true,"href":"https:\/\/iodperformance.com\/en\/wp-json\/wp\/v2\/product_cat?post=9872"},{"taxonomy":"product_tag","embeddable":true,"href":"https:\/\/iodperformance.com\/en\/wp-json\/wp\/v2\/product_tag?post=9872"}],"curies":[{"name":"wp","href":"https:\/\/api.w.org\/{rel}","templated":true}]}}