{"id":9194,"date":"2025-05-09T09:04:24","date_gmt":"2025-05-09T07:04:24","guid":{"rendered":"https:\/\/iodperformance.com\/produkt\/us-std-high-temp-v2-pump-kit-orange-7m-150-psi\/"},"modified":"2026-02-26T08:07:22","modified_gmt":"2026-02-26T07:07:22","slug":"us-std-high-temp-v2-pump-kit-orange-7m-150-psi","status":"publish","type":"product","link":"https:\/\/iodperformance.com\/en\/produkt\/us-std-high-temp-v2-pump-kit-orange-7m-150-psi\/","title":{"rendered":"US STD high temp V2 pump kit orange 7m 150 PSI"},"content":{"rendered":"","protected":false},"excerpt":{"rendered":"<p>We present a new version of the ARB pump kit. After many years on the market, it has been redesigned. <\/p>\n<p>All components have been made from scratch &#8211; with greater precision and better materials. The new hose is 7m long (previously 6m), making it easier to pump larger vehicles and reducing kinks. It is kink-resistant and more comfortable to use thanks to a modern material from Japan.  <\/p>\n<p>The new quick-release coupling prevents air leaks and has a cap.  <\/p>\n<p>The most important addition is the ARB tire inflation tip, a quick-connect fitting that allows for instant connection and disconnection. It firmly grips the valve, no need to hold it while inflating or deflating. The ergonomic handle provides comfortable operation.  <\/p>\n<h3><strong>KIT CONTENTS:<\/strong><\/h3>\n<ul>\n<li>High-temperature air hose with US STD tips, 7 m long, pressure up to 150 psi (10 bar)<\/li>\n<li>1x ARB quick connector with cap<\/li>\n<li>1x ARB tire inflation tip<\/li>\n<li>1x tee<\/li>\n<li>1x tire bead seating tip<\/li>\n<li>1x set of pumping accessories<\/li>\n<\/ul>\n","protected":false},"featured_media":9175,"template":"","meta":[],"product_brand":[344],"product_cat":[287],"product_tag":[426],"class_list":{"0":"post-9194","1":"product","2":"type-product","3":"status-publish","4":"has-post-thumbnail","6":"product_brand-arb-en","7":"product_cat-accessories","8":"product_tag-arb-en","10":"first","11":"instock","12":"taxable","13":"shipping-taxable","14":"purchasable","15":"product-type-simple"},"bundled_by":[],"bundle_stock_status":"instock","bundle_stock_quantity":null,"bundle_virtual":false,"bundle_layout":"","bundle_add_to_cart_form_location":"","bundle_editable_in_cart":false,"bundle_sold_individually_context":"","bundle_item_grouping":"","bundle_min_size":"","bundle_max_size":"","bundle_price":[],"bundled_items":[],"bundle_sell_ids":[],"yoast_head":"<!-- This site is optimized with the Yoast SEO plugin v27.2 - https:\/\/yoast.com\/product\/yoast-seo-wordpress\/ -->\n<title>US STD high temp V2 pump kit orange 7m 150 PSI<\/title>\n<meta name=\"robots\" content=\"index, follow, max-snippet:-1, max-image-preview:large, max-video-preview:-1\" \/>\n<link rel=\"canonical\" href=\"https:\/\/iodperformance.com\/en\/produkt\/us-std-high-temp-v2-pump-kit-orange-7m-150-psi\/\" \/>\n<meta property=\"og:locale\" content=\"en_US\" \/>\n<meta property=\"og:type\" content=\"article\" \/>\n<meta property=\"og:title\" content=\"US STD high temp V2 pump kit orange 7m 150 PSI\" \/>\n<meta property=\"og:description\" content=\"We present a new version of the ARB pump kit. After many years on the market, it has been redesigned. All components have been made from scratch - with greater precision and better materials. The new hose is 7m long (previously 6m), making it easier to pump larger vehicles and reducing kinks. It is kink-resistant and more comfortable to use thanks to a modern material from Japan. The new quick-release coupling prevents air leaks and has a cap.  The most important addition is the ARB tire inflation tip, a quick-connect fitting that allows for instant connection and disconnection. It firmly grips the valve, no need to hold it while inflating or deflating. The ergonomic handle provides comfortable operation.  KIT CONTENTS:  High-temperature air hose with US STD tips, 7 m long, pressure up to 150 psi (10 bar)  1x ARB quick connector with cap  1x ARB tire inflation tip  1x tee  1x tire bead seating tip  1x set of pumping accessories\" \/>\n<meta property=\"og:url\" content=\"https:\/\/iodperformance.com\/en\/produkt\/us-std-high-temp-v2-pump-kit-orange-7m-150-psi\/\" \/>\n<meta property=\"og:site_name\" content=\"IOD Performance\" \/>\n<meta property=\"article:publisher\" content=\"https:\/\/www.facebook.com\/IODshopPL\/\" \/>\n<meta property=\"article:modified_time\" content=\"2026-02-26T07:07:22+00:00\" \/>\n<meta property=\"og:image\" content=\"https:\/\/iodperformance.com\/wp-content\/uploads\/2025\/05\/image-61.jpeg\" \/>\n\t<meta property=\"og:image:width\" content=\"1500\" \/>\n\t<meta property=\"og:image:height\" content=\"1500\" \/>\n\t<meta property=\"og:image:type\" content=\"image\/jpeg\" \/>\n<meta name=\"twitter:card\" content=\"summary_large_image\" \/>\n<script type=\"application\/ld+json\" class=\"yoast-schema-graph\">{\"@context\":\"https:\/\/schema.org\",\"@graph\":[{\"@type\":\"WebPage\",\"@id\":\"https:\/\/iodperformance.com\/en\/produkt\/us-std-high-temp-v2-pump-kit-orange-7m-150-psi\/\",\"url\":\"https:\/\/iodperformance.com\/en\/produkt\/us-std-high-temp-v2-pump-kit-orange-7m-150-psi\/\",\"name\":\"US STD high temp V2 pump kit orange 7m 150 PSI\",\"isPartOf\":{\"@id\":\"https:\/\/iodperformance.com\/#website\"},\"primaryImageOfPage\":{\"@id\":\"https:\/\/iodperformance.com\/en\/produkt\/us-std-high-temp-v2-pump-kit-orange-7m-150-psi\/#primaryimage\"},\"image\":{\"@id\":\"https:\/\/iodperformance.com\/en\/produkt\/us-std-high-temp-v2-pump-kit-orange-7m-150-psi\/#primaryimage\"},\"thumbnailUrl\":\"https:\/\/iodperformance.com\/wp-content\/uploads\/2025\/05\/image-61.jpeg\",\"datePublished\":\"2025-05-09T07:04:24+00:00\",\"dateModified\":\"2026-02-26T07:07:22+00:00\",\"breadcrumb\":{\"@id\":\"https:\/\/iodperformance.com\/en\/produkt\/us-std-high-temp-v2-pump-kit-orange-7m-150-psi\/#breadcrumb\"},\"inLanguage\":\"en-US\",\"potentialAction\":[{\"@type\":\"ReadAction\",\"target\":[\"https:\/\/iodperformance.com\/en\/produkt\/us-std-high-temp-v2-pump-kit-orange-7m-150-psi\/\"]}]},{\"@type\":\"ImageObject\",\"inLanguage\":\"en-US\",\"@id\":\"https:\/\/iodperformance.com\/en\/produkt\/us-std-high-temp-v2-pump-kit-orange-7m-150-psi\/#primaryimage\",\"url\":\"https:\/\/iodperformance.com\/wp-content\/uploads\/2025\/05\/image-61.jpeg\",\"contentUrl\":\"https:\/\/iodperformance.com\/wp-content\/uploads\/2025\/05\/image-61.jpeg\",\"width\":1500,\"height\":1500},{\"@type\":\"BreadcrumbList\",\"@id\":\"https:\/\/iodperformance.com\/en\/produkt\/us-std-high-temp-v2-pump-kit-orange-7m-150-psi\/#breadcrumb\",\"itemListElement\":[{\"@type\":\"ListItem\",\"position\":1,\"name\":\"Strona g\u0142\u00f3wna\",\"item\":\"https:\/\/iodperformance.com\/en\/\"},{\"@type\":\"ListItem\",\"position\":2,\"name\":\"Shop\",\"item\":\"https:\/\/iodperformance.com\/en\/shop\/\"},{\"@type\":\"ListItem\",\"position\":3,\"name\":\"US STD high temp V2 pump kit orange 7m 150 PSI\"}]},{\"@type\":\"WebSite\",\"@id\":\"https:\/\/iodperformance.com\/#website\",\"url\":\"https:\/\/iodperformance.com\/\",\"name\":\"IOD Performance\",\"description\":\"Producent cz\u0119\u015bci i akcesori\u00f3w samochodowych\",\"publisher\":{\"@id\":\"https:\/\/iodperformance.com\/#organization\"},\"potentialAction\":[{\"@type\":\"SearchAction\",\"target\":{\"@type\":\"EntryPoint\",\"urlTemplate\":\"https:\/\/iodperformance.com\/?s={search_term_string}\"},\"query-input\":{\"@type\":\"PropertyValueSpecification\",\"valueRequired\":true,\"valueName\":\"search_term_string\"}}],\"inLanguage\":\"en-US\"},{\"@type\":\"Organization\",\"@id\":\"https:\/\/iodperformance.com\/#organization\",\"name\":\"IOD Performance\",\"url\":\"https:\/\/iodperformance.com\/\",\"logo\":{\"@type\":\"ImageObject\",\"inLanguage\":\"en-US\",\"@id\":\"https:\/\/iodperformance.com\/#\/schema\/logo\/image\/\",\"url\":\"https:\/\/iodperformance.com\/wp-content\/uploads\/2025\/02\/logo_V2.png\",\"contentUrl\":\"https:\/\/iodperformance.com\/wp-content\/uploads\/2025\/02\/logo_V2.png\",\"width\":2560,\"height\":1076,\"caption\":\"IOD Performance\"},\"image\":{\"@id\":\"https:\/\/iodperformance.com\/#\/schema\/logo\/image\/\"},\"sameAs\":[\"https:\/\/www.facebook.com\/IODshopPL\/\",\"https:\/\/www.instagram.com\/iodperformance\/\",\"https:\/\/www.youtube.com\/@iodperformance\"]}]}<\/script>\n<!-- \/ Yoast SEO plugin. -->","yoast_head_json":{"title":"US STD high temp V2 pump kit orange 7m 150 PSI","robots":{"index":"index","follow":"follow","max-snippet":"max-snippet:-1","max-image-preview":"max-image-preview:large","max-video-preview":"max-video-preview:-1"},"canonical":"https:\/\/iodperformance.com\/en\/produkt\/us-std-high-temp-v2-pump-kit-orange-7m-150-psi\/","og_locale":"en_US","og_type":"article","og_title":"US STD high temp V2 pump kit orange 7m 150 PSI","og_description":"We present a new version of the ARB pump kit. After many years on the market, it has been redesigned. All components have been made from scratch - with greater precision and better materials. The new hose is 7m long (previously 6m), making it easier to pump larger vehicles and reducing kinks. It is kink-resistant and more comfortable to use thanks to a modern material from Japan. The new quick-release coupling prevents air leaks and has a cap.  The most important addition is the ARB tire inflation tip, a quick-connect fitting that allows for instant connection and disconnection. It firmly grips the valve, no need to hold it while inflating or deflating. The ergonomic handle provides comfortable operation.  KIT CONTENTS:  High-temperature air hose with US STD tips, 7 m long, pressure up to 150 psi (10 bar)  1x ARB quick connector with cap  1x ARB tire inflation tip  1x tee  1x tire bead seating tip  1x set of pumping accessories","og_url":"https:\/\/iodperformance.com\/en\/produkt\/us-std-high-temp-v2-pump-kit-orange-7m-150-psi\/","og_site_name":"IOD Performance","article_publisher":"https:\/\/www.facebook.com\/IODshopPL\/","article_modified_time":"2026-02-26T07:07:22+00:00","og_image":[{"width":1500,"height":1500,"url":"https:\/\/iodperformance.com\/wp-content\/uploads\/2025\/05\/image-61.jpeg","type":"image\/jpeg"}],"twitter_card":"summary_large_image","schema":{"@context":"https:\/\/schema.org","@graph":[{"@type":"WebPage","@id":"https:\/\/iodperformance.com\/en\/produkt\/us-std-high-temp-v2-pump-kit-orange-7m-150-psi\/","url":"https:\/\/iodperformance.com\/en\/produkt\/us-std-high-temp-v2-pump-kit-orange-7m-150-psi\/","name":"US STD high temp V2 pump kit orange 7m 150 PSI","isPartOf":{"@id":"https:\/\/iodperformance.com\/#website"},"primaryImageOfPage":{"@id":"https:\/\/iodperformance.com\/en\/produkt\/us-std-high-temp-v2-pump-kit-orange-7m-150-psi\/#primaryimage"},"image":{"@id":"https:\/\/iodperformance.com\/en\/produkt\/us-std-high-temp-v2-pump-kit-orange-7m-150-psi\/#primaryimage"},"thumbnailUrl":"https:\/\/iodperformance.com\/wp-content\/uploads\/2025\/05\/image-61.jpeg","datePublished":"2025-05-09T07:04:24+00:00","dateModified":"2026-02-26T07:07:22+00:00","breadcrumb":{"@id":"https:\/\/iodperformance.com\/en\/produkt\/us-std-high-temp-v2-pump-kit-orange-7m-150-psi\/#breadcrumb"},"inLanguage":"en-US","potentialAction":[{"@type":"ReadAction","target":["https:\/\/iodperformance.com\/en\/produkt\/us-std-high-temp-v2-pump-kit-orange-7m-150-psi\/"]}]},{"@type":"ImageObject","inLanguage":"en-US","@id":"https:\/\/iodperformance.com\/en\/produkt\/us-std-high-temp-v2-pump-kit-orange-7m-150-psi\/#primaryimage","url":"https:\/\/iodperformance.com\/wp-content\/uploads\/2025\/05\/image-61.jpeg","contentUrl":"https:\/\/iodperformance.com\/wp-content\/uploads\/2025\/05\/image-61.jpeg","width":1500,"height":1500},{"@type":"BreadcrumbList","@id":"https:\/\/iodperformance.com\/en\/produkt\/us-std-high-temp-v2-pump-kit-orange-7m-150-psi\/#breadcrumb","itemListElement":[{"@type":"ListItem","position":1,"name":"Strona g\u0142\u00f3wna","item":"https:\/\/iodperformance.com\/en\/"},{"@type":"ListItem","position":2,"name":"Shop","item":"https:\/\/iodperformance.com\/en\/shop\/"},{"@type":"ListItem","position":3,"name":"US STD high temp V2 pump kit orange 7m 150 PSI"}]},{"@type":"WebSite","@id":"https:\/\/iodperformance.com\/#website","url":"https:\/\/iodperformance.com\/","name":"IOD Performance","description":"Producent cz\u0119\u015bci i akcesori\u00f3w samochodowych","publisher":{"@id":"https:\/\/iodperformance.com\/#organization"},"potentialAction":[{"@type":"SearchAction","target":{"@type":"EntryPoint","urlTemplate":"https:\/\/iodperformance.com\/?s={search_term_string}"},"query-input":{"@type":"PropertyValueSpecification","valueRequired":true,"valueName":"search_term_string"}}],"inLanguage":"en-US"},{"@type":"Organization","@id":"https:\/\/iodperformance.com\/#organization","name":"IOD Performance","url":"https:\/\/iodperformance.com\/","logo":{"@type":"ImageObject","inLanguage":"en-US","@id":"https:\/\/iodperformance.com\/#\/schema\/logo\/image\/","url":"https:\/\/iodperformance.com\/wp-content\/uploads\/2025\/02\/logo_V2.png","contentUrl":"https:\/\/iodperformance.com\/wp-content\/uploads\/2025\/02\/logo_V2.png","width":2560,"height":1076,"caption":"IOD Performance"},"image":{"@id":"https:\/\/iodperformance.com\/#\/schema\/logo\/image\/"},"sameAs":["https:\/\/www.facebook.com\/IODshopPL\/","https:\/\/www.instagram.com\/iodperformance\/","https:\/\/www.youtube.com\/@iodperformance"]}]}},"_links":{"self":[{"href":"https:\/\/iodperformance.com\/en\/wp-json\/wp\/v2\/product\/9194","targetHints":{"allow":["GET"]}}],"collection":[{"href":"https:\/\/iodperformance.com\/en\/wp-json\/wp\/v2\/product"}],"about":[{"href":"https:\/\/iodperformance.com\/en\/wp-json\/wp\/v2\/types\/product"}],"version-history":[{"count":0,"href":"https:\/\/iodperformance.com\/en\/wp-json\/wp\/v2\/product\/9194\/revisions"}],"wp:featuredmedia":[{"embeddable":true,"href":"https:\/\/iodperformance.com\/en\/wp-json\/wp\/v2\/media\/9175"}],"wp:attachment":[{"href":"https:\/\/iodperformance.com\/en\/wp-json\/wp\/v2\/media?parent=9194"}],"wp:term":[{"taxonomy":"product_brand","embeddable":true,"href":"https:\/\/iodperformance.com\/en\/wp-json\/wp\/v2\/product_brand?post=9194"},{"taxonomy":"product_cat","embeddable":true,"href":"https:\/\/iodperformance.com\/en\/wp-json\/wp\/v2\/product_cat?post=9194"},{"taxonomy":"product_tag","embeddable":true,"href":"https:\/\/iodperformance.com\/en\/wp-json\/wp\/v2\/product_tag?post=9194"}],"curies":[{"name":"wp","href":"https:\/\/api.w.org\/{rel}","templated":true}]}}