{"id":6935,"date":"2025-03-04T13:28:30","date_gmt":"2025-03-04T12:28:30","guid":{"rendered":"https:\/\/iodperformance.com\/produkt\/handbrake-cable-mount-patrol-y61\/"},"modified":"2026-02-26T08:05:15","modified_gmt":"2026-02-26T07:05:15","slug":"handbrake-cable-mount-patrol-y61","status":"publish","type":"product","link":"https:\/\/iodperformance.com\/en\/produkt\/handbrake-cable-mount-patrol-y61\/","title":{"rendered":"Handbrake cable mount &#8211; Nissan Patrol Y61"},"content":{"rendered":"<p><strong>Key Features:<\/strong><\/p>\n<p>\u2022 Perfect fit for Nissan Patrol Y61 &#8211; fits original frame mounts<br \/>\n\u2022 Provides stability and improves handbrake operation<br \/>\n\u2022 Resistance to corrosion, mud, water and intensive off-road use<br \/>\n\u2022 Easy installation &#8211; quick installation without the need to modify the vehicle<\/p>\n<p>Technical Specifications:<\/p>\n<p>\u2022 Material: Galvanized steel<br \/>\n\u2022 Compatibility: Nissan Patrol Y61<br \/>\n\u2022 Mounting: Fits factory mounting points in the frame and brake cable<\/p>\n<p>The price is for a complete mount ready for installation without a brake cable.<\/p>\n","protected":false},"excerpt":{"rendered":"<p>Handbrake cable mount &#8211; Nissan Patrol Y61<\/p>\n<p>Handbrake cable attachment is an essential design element that ensures stable cable seating and correct tension, eliminating problems associated with insufficient handbrake efficiency.<\/p>\n","protected":false},"featured_media":36453,"template":"","meta":[],"product_brand":[336],"product_cat":[327,275],"product_tag":[510],"class_list":{"0":"post-6935","1":"product","2":"type-product","3":"status-publish","4":"has-post-thumbnail","6":"product_brand-iod-performance-en","7":"product_cat-braking-system","8":"product_cat-other","9":"product_tag-iod-news","10":"pa_marka-samochodu-nissan","11":"pa_model-samochodu-patrol-y61-en","13":"first","14":"instock","15":"taxable","16":"shipping-taxable","17":"purchasable","18":"product-type-simple"},"bundled_by":[],"bundle_stock_status":"instock","bundle_stock_quantity":6,"bundle_virtual":false,"bundle_layout":"","bundle_add_to_cart_form_location":"","bundle_editable_in_cart":false,"bundle_sold_individually_context":"","bundle_item_grouping":"","bundle_min_size":"","bundle_max_size":"","bundle_price":[],"bundled_items":[],"bundle_sell_ids":[],"yoast_head":"<!-- This site is optimized with the Yoast SEO plugin v27.2 - https:\/\/yoast.com\/product\/yoast-seo-wordpress\/ -->\n<title>Handbrake cable mount - Nissan Patrol Y61<\/title>\n<meta name=\"robots\" content=\"index, follow, max-snippet:-1, max-image-preview:large, max-video-preview:-1\" \/>\n<link rel=\"canonical\" href=\"https:\/\/iodperformance.com\/en\/produkt\/handbrake-cable-mount-patrol-y61\/\" \/>\n<meta property=\"og:locale\" content=\"en_US\" \/>\n<meta property=\"og:type\" content=\"article\" \/>\n<meta property=\"og:title\" content=\"Handbrake cable mount - Nissan Patrol Y61\" \/>\n<meta property=\"og:description\" content=\"Handbrake cable mount - Nissan Patrol Y61 Handbrake cable attachment is an essential design element that ensures stable cable seating and correct tension, eliminating problems associated with insufficient handbrake efficiency.\" \/>\n<meta property=\"og:url\" content=\"https:\/\/iodperformance.com\/en\/produkt\/handbrake-cable-mount-patrol-y61\/\" \/>\n<meta property=\"og:site_name\" content=\"IOD Performance\" \/>\n<meta property=\"article:publisher\" content=\"https:\/\/www.facebook.com\/IODshopPL\/\" \/>\n<meta property=\"article:modified_time\" content=\"2026-02-26T07:05:15+00:00\" \/>\n<meta property=\"og:image\" content=\"https:\/\/iodperformance.com\/wp-content\/uploads\/2026\/02\/handbrake-cable-mount-patrol-y61-001.webp\" \/>\n\t<meta property=\"og:image:width\" content=\"1000\" \/>\n\t<meta property=\"og:image:height\" content=\"1000\" \/>\n\t<meta property=\"og:image:type\" content=\"image\/webp\" \/>\n<meta name=\"twitter:card\" content=\"summary_large_image\" \/>\n<script type=\"application\/ld+json\" class=\"yoast-schema-graph\">{\"@context\":\"https:\/\/schema.org\",\"@graph\":[{\"@type\":\"WebPage\",\"@id\":\"https:\/\/iodperformance.com\/en\/produkt\/handbrake-cable-mount-patrol-y61\/\",\"url\":\"https:\/\/iodperformance.com\/en\/produkt\/handbrake-cable-mount-patrol-y61\/\",\"name\":\"Handbrake cable mount - Nissan Patrol Y61\",\"isPartOf\":{\"@id\":\"https:\/\/iodperformance.com\/#website\"},\"primaryImageOfPage\":{\"@id\":\"https:\/\/iodperformance.com\/en\/produkt\/handbrake-cable-mount-patrol-y61\/#primaryimage\"},\"image\":{\"@id\":\"https:\/\/iodperformance.com\/en\/produkt\/handbrake-cable-mount-patrol-y61\/#primaryimage\"},\"thumbnailUrl\":\"https:\/\/iodperformance.com\/wp-content\/uploads\/2026\/02\/handbrake-cable-mount-patrol-y61-001.webp\",\"datePublished\":\"2025-03-04T12:28:30+00:00\",\"dateModified\":\"2026-02-26T07:05:15+00:00\",\"breadcrumb\":{\"@id\":\"https:\/\/iodperformance.com\/en\/produkt\/handbrake-cable-mount-patrol-y61\/#breadcrumb\"},\"inLanguage\":\"en-US\",\"potentialAction\":[{\"@type\":\"ReadAction\",\"target\":[\"https:\/\/iodperformance.com\/en\/produkt\/handbrake-cable-mount-patrol-y61\/\"]}]},{\"@type\":\"ImageObject\",\"inLanguage\":\"en-US\",\"@id\":\"https:\/\/iodperformance.com\/en\/produkt\/handbrake-cable-mount-patrol-y61\/#primaryimage\",\"url\":\"https:\/\/iodperformance.com\/wp-content\/uploads\/2026\/02\/handbrake-cable-mount-patrol-y61-001.webp\",\"contentUrl\":\"https:\/\/iodperformance.com\/wp-content\/uploads\/2026\/02\/handbrake-cable-mount-patrol-y61-001.webp\",\"width\":1000,\"height\":1000},{\"@type\":\"BreadcrumbList\",\"@id\":\"https:\/\/iodperformance.com\/en\/produkt\/handbrake-cable-mount-patrol-y61\/#breadcrumb\",\"itemListElement\":[{\"@type\":\"ListItem\",\"position\":1,\"name\":\"Strona g\u0142\u00f3wna\",\"item\":\"https:\/\/iodperformance.com\/en\/\"},{\"@type\":\"ListItem\",\"position\":2,\"name\":\"Shop\",\"item\":\"https:\/\/iodperformance.com\/en\/shop\/\"},{\"@type\":\"ListItem\",\"position\":3,\"name\":\"Handbrake cable mount - Nissan Patrol Y61\"}]},{\"@type\":\"WebSite\",\"@id\":\"https:\/\/iodperformance.com\/#website\",\"url\":\"https:\/\/iodperformance.com\/\",\"name\":\"IOD Performance\",\"description\":\"Producent cz\u0119\u015bci i akcesori\u00f3w samochodowych\",\"publisher\":{\"@id\":\"https:\/\/iodperformance.com\/#organization\"},\"potentialAction\":[{\"@type\":\"SearchAction\",\"target\":{\"@type\":\"EntryPoint\",\"urlTemplate\":\"https:\/\/iodperformance.com\/?s={search_term_string}\"},\"query-input\":{\"@type\":\"PropertyValueSpecification\",\"valueRequired\":true,\"valueName\":\"search_term_string\"}}],\"inLanguage\":\"en-US\"},{\"@type\":\"Organization\",\"@id\":\"https:\/\/iodperformance.com\/#organization\",\"name\":\"IOD Performance\",\"url\":\"https:\/\/iodperformance.com\/\",\"logo\":{\"@type\":\"ImageObject\",\"inLanguage\":\"en-US\",\"@id\":\"https:\/\/iodperformance.com\/#\/schema\/logo\/image\/\",\"url\":\"https:\/\/iodperformance.com\/wp-content\/uploads\/2025\/02\/logo_V2.png\",\"contentUrl\":\"https:\/\/iodperformance.com\/wp-content\/uploads\/2025\/02\/logo_V2.png\",\"width\":2560,\"height\":1076,\"caption\":\"IOD Performance\"},\"image\":{\"@id\":\"https:\/\/iodperformance.com\/#\/schema\/logo\/image\/\"},\"sameAs\":[\"https:\/\/www.facebook.com\/IODshopPL\/\",\"https:\/\/www.instagram.com\/iodperformance\/\",\"https:\/\/www.youtube.com\/@iodperformance\"]}]}<\/script>\n<!-- \/ Yoast SEO plugin. -->","yoast_head_json":{"title":"Handbrake cable mount - Nissan Patrol Y61","robots":{"index":"index","follow":"follow","max-snippet":"max-snippet:-1","max-image-preview":"max-image-preview:large","max-video-preview":"max-video-preview:-1"},"canonical":"https:\/\/iodperformance.com\/en\/produkt\/handbrake-cable-mount-patrol-y61\/","og_locale":"en_US","og_type":"article","og_title":"Handbrake cable mount - Nissan Patrol Y61","og_description":"Handbrake cable mount - Nissan Patrol Y61 Handbrake cable attachment is an essential design element that ensures stable cable seating and correct tension, eliminating problems associated with insufficient handbrake efficiency.","og_url":"https:\/\/iodperformance.com\/en\/produkt\/handbrake-cable-mount-patrol-y61\/","og_site_name":"IOD Performance","article_publisher":"https:\/\/www.facebook.com\/IODshopPL\/","article_modified_time":"2026-02-26T07:05:15+00:00","og_image":[{"width":1000,"height":1000,"url":"https:\/\/iodperformance.com\/wp-content\/uploads\/2026\/02\/handbrake-cable-mount-patrol-y61-001.webp","type":"image\/webp"}],"twitter_card":"summary_large_image","schema":{"@context":"https:\/\/schema.org","@graph":[{"@type":"WebPage","@id":"https:\/\/iodperformance.com\/en\/produkt\/handbrake-cable-mount-patrol-y61\/","url":"https:\/\/iodperformance.com\/en\/produkt\/handbrake-cable-mount-patrol-y61\/","name":"Handbrake cable mount - Nissan Patrol Y61","isPartOf":{"@id":"https:\/\/iodperformance.com\/#website"},"primaryImageOfPage":{"@id":"https:\/\/iodperformance.com\/en\/produkt\/handbrake-cable-mount-patrol-y61\/#primaryimage"},"image":{"@id":"https:\/\/iodperformance.com\/en\/produkt\/handbrake-cable-mount-patrol-y61\/#primaryimage"},"thumbnailUrl":"https:\/\/iodperformance.com\/wp-content\/uploads\/2026\/02\/handbrake-cable-mount-patrol-y61-001.webp","datePublished":"2025-03-04T12:28:30+00:00","dateModified":"2026-02-26T07:05:15+00:00","breadcrumb":{"@id":"https:\/\/iodperformance.com\/en\/produkt\/handbrake-cable-mount-patrol-y61\/#breadcrumb"},"inLanguage":"en-US","potentialAction":[{"@type":"ReadAction","target":["https:\/\/iodperformance.com\/en\/produkt\/handbrake-cable-mount-patrol-y61\/"]}]},{"@type":"ImageObject","inLanguage":"en-US","@id":"https:\/\/iodperformance.com\/en\/produkt\/handbrake-cable-mount-patrol-y61\/#primaryimage","url":"https:\/\/iodperformance.com\/wp-content\/uploads\/2026\/02\/handbrake-cable-mount-patrol-y61-001.webp","contentUrl":"https:\/\/iodperformance.com\/wp-content\/uploads\/2026\/02\/handbrake-cable-mount-patrol-y61-001.webp","width":1000,"height":1000},{"@type":"BreadcrumbList","@id":"https:\/\/iodperformance.com\/en\/produkt\/handbrake-cable-mount-patrol-y61\/#breadcrumb","itemListElement":[{"@type":"ListItem","position":1,"name":"Strona g\u0142\u00f3wna","item":"https:\/\/iodperformance.com\/en\/"},{"@type":"ListItem","position":2,"name":"Shop","item":"https:\/\/iodperformance.com\/en\/shop\/"},{"@type":"ListItem","position":3,"name":"Handbrake cable mount - Nissan Patrol Y61"}]},{"@type":"WebSite","@id":"https:\/\/iodperformance.com\/#website","url":"https:\/\/iodperformance.com\/","name":"IOD Performance","description":"Producent cz\u0119\u015bci i akcesori\u00f3w samochodowych","publisher":{"@id":"https:\/\/iodperformance.com\/#organization"},"potentialAction":[{"@type":"SearchAction","target":{"@type":"EntryPoint","urlTemplate":"https:\/\/iodperformance.com\/?s={search_term_string}"},"query-input":{"@type":"PropertyValueSpecification","valueRequired":true,"valueName":"search_term_string"}}],"inLanguage":"en-US"},{"@type":"Organization","@id":"https:\/\/iodperformance.com\/#organization","name":"IOD Performance","url":"https:\/\/iodperformance.com\/","logo":{"@type":"ImageObject","inLanguage":"en-US","@id":"https:\/\/iodperformance.com\/#\/schema\/logo\/image\/","url":"https:\/\/iodperformance.com\/wp-content\/uploads\/2025\/02\/logo_V2.png","contentUrl":"https:\/\/iodperformance.com\/wp-content\/uploads\/2025\/02\/logo_V2.png","width":2560,"height":1076,"caption":"IOD Performance"},"image":{"@id":"https:\/\/iodperformance.com\/#\/schema\/logo\/image\/"},"sameAs":["https:\/\/www.facebook.com\/IODshopPL\/","https:\/\/www.instagram.com\/iodperformance\/","https:\/\/www.youtube.com\/@iodperformance"]}]}},"_links":{"self":[{"href":"https:\/\/iodperformance.com\/en\/wp-json\/wp\/v2\/product\/6935","targetHints":{"allow":["GET"]}}],"collection":[{"href":"https:\/\/iodperformance.com\/en\/wp-json\/wp\/v2\/product"}],"about":[{"href":"https:\/\/iodperformance.com\/en\/wp-json\/wp\/v2\/types\/product"}],"version-history":[{"count":0,"href":"https:\/\/iodperformance.com\/en\/wp-json\/wp\/v2\/product\/6935\/revisions"}],"wp:featuredmedia":[{"embeddable":true,"href":"https:\/\/iodperformance.com\/en\/wp-json\/wp\/v2\/media\/36453"}],"wp:attachment":[{"href":"https:\/\/iodperformance.com\/en\/wp-json\/wp\/v2\/media?parent=6935"}],"wp:term":[{"taxonomy":"product_brand","embeddable":true,"href":"https:\/\/iodperformance.com\/en\/wp-json\/wp\/v2\/product_brand?post=6935"},{"taxonomy":"product_cat","embeddable":true,"href":"https:\/\/iodperformance.com\/en\/wp-json\/wp\/v2\/product_cat?post=6935"},{"taxonomy":"product_tag","embeddable":true,"href":"https:\/\/iodperformance.com\/en\/wp-json\/wp\/v2\/product_tag?post=6935"}],"curies":[{"name":"wp","href":"https:\/\/api.w.org\/{rel}","templated":true}]}}