{"id":6934,"date":"2025-03-05T12:55:26","date_gmt":"2025-03-05T11:55:26","guid":{"rendered":"https:\/\/iodperformance.com\/produkt\/tough-dog-front-shock-absorber-with-100-125mm-adjustment\/"},"modified":"2026-02-26T08:06:09","modified_gmt":"2026-02-26T07:06:09","slug":"tough-dog-front-shock-absorber-with-100-125mm-adjustment","status":"publish","type":"product","link":"https:\/\/iodperformance.com\/en\/produkt\/tough-dog-front-shock-absorber-with-100-125mm-adjustment\/","title":{"rendered":"Front shock absorber Tough Dog adjustable +100\/125 mm Nissan Patrol"},"content":{"rendered":"<p>The Tough Dog front shock absorber with 9-stage adjustable damping is an advanced suspension component designed specifically for off-road vehicles with a suspension lift between +100 and +125 mm. The ability to adjust firmness makes this shock ideal for both off-road expeditions and everyday driving with additional modifications.<\/p>\n<p><strong>Technical Specifications:<\/strong><\/p>\n<ul>\n<li>Operating range: +100 to +125 mm (4\u20135&#8243;) suspension lift<\/li>\n<li>Damping: 9-stage manual adjustment (on the shock absorber body)<\/li>\n<li>Piston diameter: 35 mm<\/li>\n<li>Outer body diameter: 60 mm<\/li>\n<li>Type: gas shock absorber (nitrogas), monotube design<\/li>\n<li>Body: steel with powder coating \u2013 resistant to weather conditions and mechanical damage<\/li>\n<li>Mounting: standard, compatible with Nissan Patrol Y60\/Y61<\/li>\n<li>Application: off-road driving, expeditions with heavy front load (winch, steel bumper, skid plate)<\/li>\n<\/ul>\n<p>The Tough Dog shock absorber allows you to tailor suspension performance to terrain conditions, driving style, and front axle load. When combined with a pair of rear Tough Dog adjustable shocks, it forms a complete and fully tunable suspension system for demanding off-road use.<\/p>\n","protected":false},"excerpt":{"rendered":"<p>Tough Dog front shock with hardness adjustment, dedicated to suspension with lift +100-125 mm. Provides precise damping and increased control off-road and on asphalt. <\/p>\n","protected":false},"featured_media":19098,"template":"","meta":[],"product_brand":[345],"product_cat":[289],"product_tag":[],"class_list":{"0":"post-6934","1":"product","2":"type-product","3":"status-publish","4":"has-post-thumbnail","6":"product_brand-tough-dog-en","7":"product_cat-shock-absorbers","9":"first","10":"instock","11":"taxable","12":"shipping-taxable","13":"purchasable","14":"product-type-simple"},"bundled_by":["19956"],"bundle_stock_status":"instock","bundle_stock_quantity":null,"bundle_virtual":false,"bundle_layout":"","bundle_add_to_cart_form_location":"","bundle_editable_in_cart":false,"bundle_sold_individually_context":"","bundle_item_grouping":"","bundle_min_size":"","bundle_max_size":"","bundle_price":[],"bundled_items":[],"bundle_sell_ids":[],"yoast_head":"<!-- This site is optimized with the Yoast SEO plugin v27.2 - https:\/\/yoast.com\/product\/yoast-seo-wordpress\/ -->\n<title>Front shock absorber Tough Dog adjustable +100\/125 mm Nissan Patrol<\/title>\n<meta name=\"robots\" content=\"index, follow, max-snippet:-1, max-image-preview:large, max-video-preview:-1\" \/>\n<link rel=\"canonical\" href=\"https:\/\/iodperformance.com\/en\/produkt\/tough-dog-front-shock-absorber-with-100-125mm-adjustment\/\" \/>\n<meta property=\"og:locale\" content=\"en_US\" \/>\n<meta property=\"og:type\" content=\"article\" \/>\n<meta property=\"og:title\" content=\"Front shock absorber Tough Dog adjustable +100\/125 mm Nissan Patrol\" \/>\n<meta property=\"og:description\" content=\"Tough Dog front shock with hardness adjustment, dedicated to suspension with lift +100-125 mm. Provides precise damping and increased control off-road and on asphalt.\" \/>\n<meta property=\"og:url\" content=\"https:\/\/iodperformance.com\/en\/produkt\/tough-dog-front-shock-absorber-with-100-125mm-adjustment\/\" \/>\n<meta property=\"og:site_name\" content=\"IOD Performance\" \/>\n<meta property=\"article:publisher\" content=\"https:\/\/www.facebook.com\/IODshopPL\/\" \/>\n<meta property=\"article:modified_time\" content=\"2026-02-26T07:06:09+00:00\" \/>\n<meta property=\"og:image\" content=\"https:\/\/iodperformance.com\/wp-content\/uploads\/2025\/03\/miniatury-42.png\" \/>\n\t<meta property=\"og:image:width\" content=\"1069\" \/>\n\t<meta property=\"og:image:height\" content=\"1500\" \/>\n\t<meta property=\"og:image:type\" content=\"image\/png\" \/>\n<meta name=\"twitter:card\" content=\"summary_large_image\" \/>\n<meta name=\"twitter:label1\" content=\"Est. reading time\" \/>\n\t<meta name=\"twitter:data1\" content=\"1 minute\" \/>\n<script type=\"application\/ld+json\" class=\"yoast-schema-graph\">{\"@context\":\"https:\/\/schema.org\",\"@graph\":[{\"@type\":\"WebPage\",\"@id\":\"https:\/\/iodperformance.com\/en\/produkt\/tough-dog-front-shock-absorber-with-100-125mm-adjustment\/\",\"url\":\"https:\/\/iodperformance.com\/en\/produkt\/tough-dog-front-shock-absorber-with-100-125mm-adjustment\/\",\"name\":\"Front shock absorber Tough Dog adjustable +100\/125 mm Nissan Patrol\",\"isPartOf\":{\"@id\":\"https:\/\/iodperformance.com\/#website\"},\"primaryImageOfPage\":{\"@id\":\"https:\/\/iodperformance.com\/en\/produkt\/tough-dog-front-shock-absorber-with-100-125mm-adjustment\/#primaryimage\"},\"image\":{\"@id\":\"https:\/\/iodperformance.com\/en\/produkt\/tough-dog-front-shock-absorber-with-100-125mm-adjustment\/#primaryimage\"},\"thumbnailUrl\":\"https:\/\/iodperformance.com\/wp-content\/uploads\/2025\/03\/miniatury-42.png\",\"datePublished\":\"2025-03-05T11:55:26+00:00\",\"dateModified\":\"2026-02-26T07:06:09+00:00\",\"breadcrumb\":{\"@id\":\"https:\/\/iodperformance.com\/en\/produkt\/tough-dog-front-shock-absorber-with-100-125mm-adjustment\/#breadcrumb\"},\"inLanguage\":\"en-US\",\"potentialAction\":[{\"@type\":\"ReadAction\",\"target\":[\"https:\/\/iodperformance.com\/en\/produkt\/tough-dog-front-shock-absorber-with-100-125mm-adjustment\/\"]}]},{\"@type\":\"ImageObject\",\"inLanguage\":\"en-US\",\"@id\":\"https:\/\/iodperformance.com\/en\/produkt\/tough-dog-front-shock-absorber-with-100-125mm-adjustment\/#primaryimage\",\"url\":\"https:\/\/iodperformance.com\/wp-content\/uploads\/2025\/03\/miniatury-42.png\",\"contentUrl\":\"https:\/\/iodperformance.com\/wp-content\/uploads\/2025\/03\/miniatury-42.png\",\"width\":1069,\"height\":1500},{\"@type\":\"BreadcrumbList\",\"@id\":\"https:\/\/iodperformance.com\/en\/produkt\/tough-dog-front-shock-absorber-with-100-125mm-adjustment\/#breadcrumb\",\"itemListElement\":[{\"@type\":\"ListItem\",\"position\":1,\"name\":\"Strona g\u0142\u00f3wna\",\"item\":\"https:\/\/iodperformance.com\/en\/\"},{\"@type\":\"ListItem\",\"position\":2,\"name\":\"Shop\",\"item\":\"https:\/\/iodperformance.com\/en\/shop\/\"},{\"@type\":\"ListItem\",\"position\":3,\"name\":\"Front shock absorber Tough Dog adjustable +100\/125 mm Nissan Patrol\"}]},{\"@type\":\"WebSite\",\"@id\":\"https:\/\/iodperformance.com\/#website\",\"url\":\"https:\/\/iodperformance.com\/\",\"name\":\"IOD Performance\",\"description\":\"Producent cz\u0119\u015bci i akcesori\u00f3w samochodowych\",\"publisher\":{\"@id\":\"https:\/\/iodperformance.com\/#organization\"},\"potentialAction\":[{\"@type\":\"SearchAction\",\"target\":{\"@type\":\"EntryPoint\",\"urlTemplate\":\"https:\/\/iodperformance.com\/?s={search_term_string}\"},\"query-input\":{\"@type\":\"PropertyValueSpecification\",\"valueRequired\":true,\"valueName\":\"search_term_string\"}}],\"inLanguage\":\"en-US\"},{\"@type\":\"Organization\",\"@id\":\"https:\/\/iodperformance.com\/#organization\",\"name\":\"IOD Performance\",\"url\":\"https:\/\/iodperformance.com\/\",\"logo\":{\"@type\":\"ImageObject\",\"inLanguage\":\"en-US\",\"@id\":\"https:\/\/iodperformance.com\/#\/schema\/logo\/image\/\",\"url\":\"https:\/\/iodperformance.com\/wp-content\/uploads\/2025\/02\/logo_V2.png\",\"contentUrl\":\"https:\/\/iodperformance.com\/wp-content\/uploads\/2025\/02\/logo_V2.png\",\"width\":2560,\"height\":1076,\"caption\":\"IOD Performance\"},\"image\":{\"@id\":\"https:\/\/iodperformance.com\/#\/schema\/logo\/image\/\"},\"sameAs\":[\"https:\/\/www.facebook.com\/IODshopPL\/\",\"https:\/\/www.instagram.com\/iodperformance\/\",\"https:\/\/www.youtube.com\/@iodperformance\"]}]}<\/script>\n<!-- \/ Yoast SEO plugin. -->","yoast_head_json":{"title":"Front shock absorber Tough Dog adjustable +100\/125 mm Nissan Patrol","robots":{"index":"index","follow":"follow","max-snippet":"max-snippet:-1","max-image-preview":"max-image-preview:large","max-video-preview":"max-video-preview:-1"},"canonical":"https:\/\/iodperformance.com\/en\/produkt\/tough-dog-front-shock-absorber-with-100-125mm-adjustment\/","og_locale":"en_US","og_type":"article","og_title":"Front shock absorber Tough Dog adjustable +100\/125 mm Nissan Patrol","og_description":"Tough Dog front shock with hardness adjustment, dedicated to suspension with lift +100-125 mm. Provides precise damping and increased control off-road and on asphalt.","og_url":"https:\/\/iodperformance.com\/en\/produkt\/tough-dog-front-shock-absorber-with-100-125mm-adjustment\/","og_site_name":"IOD Performance","article_publisher":"https:\/\/www.facebook.com\/IODshopPL\/","article_modified_time":"2026-02-26T07:06:09+00:00","og_image":[{"width":1069,"height":1500,"url":"https:\/\/iodperformance.com\/wp-content\/uploads\/2025\/03\/miniatury-42.png","type":"image\/png"}],"twitter_card":"summary_large_image","twitter_misc":{"Est. reading time":"1 minute"},"schema":{"@context":"https:\/\/schema.org","@graph":[{"@type":"WebPage","@id":"https:\/\/iodperformance.com\/en\/produkt\/tough-dog-front-shock-absorber-with-100-125mm-adjustment\/","url":"https:\/\/iodperformance.com\/en\/produkt\/tough-dog-front-shock-absorber-with-100-125mm-adjustment\/","name":"Front shock absorber Tough Dog adjustable +100\/125 mm Nissan Patrol","isPartOf":{"@id":"https:\/\/iodperformance.com\/#website"},"primaryImageOfPage":{"@id":"https:\/\/iodperformance.com\/en\/produkt\/tough-dog-front-shock-absorber-with-100-125mm-adjustment\/#primaryimage"},"image":{"@id":"https:\/\/iodperformance.com\/en\/produkt\/tough-dog-front-shock-absorber-with-100-125mm-adjustment\/#primaryimage"},"thumbnailUrl":"https:\/\/iodperformance.com\/wp-content\/uploads\/2025\/03\/miniatury-42.png","datePublished":"2025-03-05T11:55:26+00:00","dateModified":"2026-02-26T07:06:09+00:00","breadcrumb":{"@id":"https:\/\/iodperformance.com\/en\/produkt\/tough-dog-front-shock-absorber-with-100-125mm-adjustment\/#breadcrumb"},"inLanguage":"en-US","potentialAction":[{"@type":"ReadAction","target":["https:\/\/iodperformance.com\/en\/produkt\/tough-dog-front-shock-absorber-with-100-125mm-adjustment\/"]}]},{"@type":"ImageObject","inLanguage":"en-US","@id":"https:\/\/iodperformance.com\/en\/produkt\/tough-dog-front-shock-absorber-with-100-125mm-adjustment\/#primaryimage","url":"https:\/\/iodperformance.com\/wp-content\/uploads\/2025\/03\/miniatury-42.png","contentUrl":"https:\/\/iodperformance.com\/wp-content\/uploads\/2025\/03\/miniatury-42.png","width":1069,"height":1500},{"@type":"BreadcrumbList","@id":"https:\/\/iodperformance.com\/en\/produkt\/tough-dog-front-shock-absorber-with-100-125mm-adjustment\/#breadcrumb","itemListElement":[{"@type":"ListItem","position":1,"name":"Strona g\u0142\u00f3wna","item":"https:\/\/iodperformance.com\/en\/"},{"@type":"ListItem","position":2,"name":"Shop","item":"https:\/\/iodperformance.com\/en\/shop\/"},{"@type":"ListItem","position":3,"name":"Front shock absorber Tough Dog adjustable +100\/125 mm Nissan Patrol"}]},{"@type":"WebSite","@id":"https:\/\/iodperformance.com\/#website","url":"https:\/\/iodperformance.com\/","name":"IOD Performance","description":"Producent cz\u0119\u015bci i akcesori\u00f3w samochodowych","publisher":{"@id":"https:\/\/iodperformance.com\/#organization"},"potentialAction":[{"@type":"SearchAction","target":{"@type":"EntryPoint","urlTemplate":"https:\/\/iodperformance.com\/?s={search_term_string}"},"query-input":{"@type":"PropertyValueSpecification","valueRequired":true,"valueName":"search_term_string"}}],"inLanguage":"en-US"},{"@type":"Organization","@id":"https:\/\/iodperformance.com\/#organization","name":"IOD Performance","url":"https:\/\/iodperformance.com\/","logo":{"@type":"ImageObject","inLanguage":"en-US","@id":"https:\/\/iodperformance.com\/#\/schema\/logo\/image\/","url":"https:\/\/iodperformance.com\/wp-content\/uploads\/2025\/02\/logo_V2.png","contentUrl":"https:\/\/iodperformance.com\/wp-content\/uploads\/2025\/02\/logo_V2.png","width":2560,"height":1076,"caption":"IOD Performance"},"image":{"@id":"https:\/\/iodperformance.com\/#\/schema\/logo\/image\/"},"sameAs":["https:\/\/www.facebook.com\/IODshopPL\/","https:\/\/www.instagram.com\/iodperformance\/","https:\/\/www.youtube.com\/@iodperformance"]}]}},"_links":{"self":[{"href":"https:\/\/iodperformance.com\/en\/wp-json\/wp\/v2\/product\/6934","targetHints":{"allow":["GET"]}}],"collection":[{"href":"https:\/\/iodperformance.com\/en\/wp-json\/wp\/v2\/product"}],"about":[{"href":"https:\/\/iodperformance.com\/en\/wp-json\/wp\/v2\/types\/product"}],"version-history":[{"count":0,"href":"https:\/\/iodperformance.com\/en\/wp-json\/wp\/v2\/product\/6934\/revisions"}],"wp:featuredmedia":[{"embeddable":true,"href":"https:\/\/iodperformance.com\/en\/wp-json\/wp\/v2\/media\/19098"}],"wp:attachment":[{"href":"https:\/\/iodperformance.com\/en\/wp-json\/wp\/v2\/media?parent=6934"}],"wp:term":[{"taxonomy":"product_brand","embeddable":true,"href":"https:\/\/iodperformance.com\/en\/wp-json\/wp\/v2\/product_brand?post=6934"},{"taxonomy":"product_cat","embeddable":true,"href":"https:\/\/iodperformance.com\/en\/wp-json\/wp\/v2\/product_cat?post=6934"},{"taxonomy":"product_tag","embeddable":true,"href":"https:\/\/iodperformance.com\/en\/wp-json\/wp\/v2\/product_tag?post=6934"}],"curies":[{"name":"wp","href":"https:\/\/api.w.org\/{rel}","templated":true}]}}