{"id":6931,"date":"2025-03-05T12:54:50","date_gmt":"2025-03-05T11:54:50","guid":{"rendered":"https:\/\/iodperformance.com\/produkt\/steel-rim-adv-15x8-6x139-7-et-25\/"},"modified":"2026-02-26T08:06:06","modified_gmt":"2026-02-26T07:06:06","slug":"steel-rim-adv-15x8-6x139-7-et-25","status":"publish","type":"product","link":"https:\/\/iodperformance.com\/en\/produkt\/steel-rim-adv-15x8-6x139-7-et-25\/","title":{"rendered":"Steel rim ADV Components 15&#215;8 6&#215;139,7 ET-25"},"content":{"rendered":"<p><strong>Key Features:<\/strong><\/p>\n<p>\u2022 Material: High-strength steel<br \/>\n\u2022 Application: Off-road, 4\u00d74 expeditions, utility, off-road and military vehicles<br \/>\n\u2022 Impact and mechanical damage resistance<br \/>\n\u2022 Repairable (welding, straightening)<br \/>\n\u2022 Simple, functional design<br \/>\n\u2022 Compatibility with most off-road vehicles<br \/>\n\u2022 ET providing increased stability on-road and off-road<\/p>\n<p><strong>Technical Specifications:<\/strong><\/p>\n<p>\u2022 Diameter: 15 inches<br \/>\n\u2022 Width: 8 inches<br \/>\n\u2022 Offset (ET): -25<br \/>\n\u2022 Bolt pattern: 6\u00d7139.7<br \/>\n\u2022 Center bore (CB): 110 mm<br \/>\n\u2022 Type: thickest available 4mm steel<br \/>\n\u2022 Fits: Nissan, Toyota, Mitsubishi<\/p>\n<p><strong>Set includes:<\/strong><\/p>\n<p>\u2022 ADV Components steel wheel 15&#215;8 6&#215;139.7 ET-25<\/p>\n","protected":false},"excerpt":{"rendered":"<p>Off-Road Steel Wheel is a classic and proven solution for enthusiasts of driving beyond paved roads. Designed for the toughest off-road conditions, it offers maximum durability, simple construction, and easy servicing \u2013 everything you need during off-road adventures, expeditions, and 4&#215;4 rallies.<\/p>\n<p>Made from solid 4mm structural steel, resistant to impacts and overloads. Unlike alloy wheels, steel wheels can be easily straightened or repaired even in the field \u2013 making them the perfect choice for true off-road vehicles.<\/p>\n","protected":false},"featured_media":38221,"template":"","meta":[],"product_brand":[342],"product_cat":[292],"product_tag":[],"class_list":{"0":"post-6931","1":"product","2":"type-product","3":"status-publish","4":"has-post-thumbnail","6":"product_brand-adv-components-en","7":"product_cat-steel-wheels","8":"pa_marka-samochodu-nissan","9":"pa_model-samochodu-patrol-y60-en","10":"pa_model-samochodu-patrol-y61-en","12":"first","13":"instock","14":"taxable","15":"shipping-taxable","16":"purchasable","17":"product-type-simple"},"bundled_by":[],"bundle_stock_status":"instock","bundle_stock_quantity":null,"bundle_virtual":false,"bundle_layout":"","bundle_add_to_cart_form_location":"","bundle_editable_in_cart":false,"bundle_sold_individually_context":"","bundle_item_grouping":"","bundle_min_size":"","bundle_max_size":"","bundle_price":[],"bundled_items":[],"bundle_sell_ids":[],"yoast_head":"<!-- This site is optimized with the Yoast SEO plugin v27.2 - https:\/\/yoast.com\/product\/yoast-seo-wordpress\/ -->\n<title>Steel rim ADV Components 15x8 6x139,7 ET-25<\/title>\n<meta name=\"robots\" content=\"index, follow, max-snippet:-1, max-image-preview:large, max-video-preview:-1\" \/>\n<link rel=\"canonical\" href=\"https:\/\/iodperformance.com\/en\/produkt\/steel-rim-adv-15x8-6x139-7-et-25\/\" \/>\n<meta property=\"og:locale\" content=\"en_US\" \/>\n<meta property=\"og:type\" content=\"article\" \/>\n<meta property=\"og:title\" content=\"Steel rim ADV Components 15x8 6x139,7 ET-25\" \/>\n<meta property=\"og:description\" content=\"Off-Road Steel Wheel is a classic and proven solution for enthusiasts of driving beyond paved roads. Designed for the toughest off-road conditions, it offers maximum durability, simple construction, and easy servicing \u2013 everything you need during off-road adventures, expeditions, and 4x4 rallies. Made from solid 4mm structural steel, resistant to impacts and overloads. Unlike alloy wheels, steel wheels can be easily straightened or repaired even in the field \u2013 making them the perfect choice for true off-road vehicles.\" \/>\n<meta property=\"og:url\" content=\"https:\/\/iodperformance.com\/en\/produkt\/steel-rim-adv-15x8-6x139-7-et-25\/\" \/>\n<meta property=\"og:site_name\" content=\"IOD Performance\" \/>\n<meta property=\"article:publisher\" content=\"https:\/\/www.facebook.com\/IODshopPL\/\" \/>\n<meta property=\"article:modified_time\" content=\"2026-02-26T07:06:06+00:00\" \/>\n<meta property=\"og:image\" content=\"https:\/\/iodperformance.com\/wp-content\/uploads\/2025\/07\/dsc09369-photoroom.jpg\" \/>\n\t<meta property=\"og:image:width\" content=\"2000\" \/>\n\t<meta property=\"og:image:height\" content=\"1333\" \/>\n\t<meta property=\"og:image:type\" content=\"image\/jpeg\" \/>\n<meta name=\"twitter:card\" content=\"summary_large_image\" \/>\n<script type=\"application\/ld+json\" class=\"yoast-schema-graph\">{\"@context\":\"https:\/\/schema.org\",\"@graph\":[{\"@type\":\"WebPage\",\"@id\":\"https:\/\/iodperformance.com\/en\/produkt\/steel-rim-adv-15x8-6x139-7-et-25\/\",\"url\":\"https:\/\/iodperformance.com\/en\/produkt\/steel-rim-adv-15x8-6x139-7-et-25\/\",\"name\":\"Steel rim ADV Components 15x8 6x139,7 ET-25\",\"isPartOf\":{\"@id\":\"https:\/\/iodperformance.com\/#website\"},\"primaryImageOfPage\":{\"@id\":\"https:\/\/iodperformance.com\/en\/produkt\/steel-rim-adv-15x8-6x139-7-et-25\/#primaryimage\"},\"image\":{\"@id\":\"https:\/\/iodperformance.com\/en\/produkt\/steel-rim-adv-15x8-6x139-7-et-25\/#primaryimage\"},\"thumbnailUrl\":\"https:\/\/iodperformance.com\/wp-content\/uploads\/2025\/03\/felga-stalowa-adv-components-15x8-et-25-02.webp\",\"datePublished\":\"2025-03-05T11:54:50+00:00\",\"dateModified\":\"2026-02-26T07:06:06+00:00\",\"breadcrumb\":{\"@id\":\"https:\/\/iodperformance.com\/en\/produkt\/steel-rim-adv-15x8-6x139-7-et-25\/#breadcrumb\"},\"inLanguage\":\"en-US\",\"potentialAction\":[{\"@type\":\"ReadAction\",\"target\":[\"https:\/\/iodperformance.com\/en\/produkt\/steel-rim-adv-15x8-6x139-7-et-25\/\"]}]},{\"@type\":\"ImageObject\",\"inLanguage\":\"en-US\",\"@id\":\"https:\/\/iodperformance.com\/en\/produkt\/steel-rim-adv-15x8-6x139-7-et-25\/#primaryimage\",\"url\":\"https:\/\/iodperformance.com\/wp-content\/uploads\/2025\/03\/felga-stalowa-adv-components-15x8-et-25-02.webp\",\"contentUrl\":\"https:\/\/iodperformance.com\/wp-content\/uploads\/2025\/03\/felga-stalowa-adv-components-15x8-et-25-02.webp\",\"width\":1000,\"height\":1000},{\"@type\":\"BreadcrumbList\",\"@id\":\"https:\/\/iodperformance.com\/en\/produkt\/steel-rim-adv-15x8-6x139-7-et-25\/#breadcrumb\",\"itemListElement\":[{\"@type\":\"ListItem\",\"position\":1,\"name\":\"Strona g\u0142\u00f3wna\",\"item\":\"https:\/\/iodperformance.com\/en\/\"},{\"@type\":\"ListItem\",\"position\":2,\"name\":\"Shop\",\"item\":\"https:\/\/iodperformance.com\/en\/shop\/\"},{\"@type\":\"ListItem\",\"position\":3,\"name\":\"Steel rim ADV Components 15&#215;8 6&#215;139,7 ET-25\"}]},{\"@type\":\"WebSite\",\"@id\":\"https:\/\/iodperformance.com\/#website\",\"url\":\"https:\/\/iodperformance.com\/\",\"name\":\"IOD Performance\",\"description\":\"Producent cz\u0119\u015bci i akcesori\u00f3w samochodowych\",\"publisher\":{\"@id\":\"https:\/\/iodperformance.com\/#organization\"},\"potentialAction\":[{\"@type\":\"SearchAction\",\"target\":{\"@type\":\"EntryPoint\",\"urlTemplate\":\"https:\/\/iodperformance.com\/?s={search_term_string}\"},\"query-input\":{\"@type\":\"PropertyValueSpecification\",\"valueRequired\":true,\"valueName\":\"search_term_string\"}}],\"inLanguage\":\"en-US\"},{\"@type\":\"Organization\",\"@id\":\"https:\/\/iodperformance.com\/#organization\",\"name\":\"IOD Performance\",\"url\":\"https:\/\/iodperformance.com\/\",\"logo\":{\"@type\":\"ImageObject\",\"inLanguage\":\"en-US\",\"@id\":\"https:\/\/iodperformance.com\/#\/schema\/logo\/image\/\",\"url\":\"https:\/\/iodperformance.com\/wp-content\/uploads\/2025\/02\/logo_V2.png\",\"contentUrl\":\"https:\/\/iodperformance.com\/wp-content\/uploads\/2025\/02\/logo_V2.png\",\"width\":2560,\"height\":1076,\"caption\":\"IOD Performance\"},\"image\":{\"@id\":\"https:\/\/iodperformance.com\/#\/schema\/logo\/image\/\"},\"sameAs\":[\"https:\/\/www.facebook.com\/IODshopPL\/\",\"https:\/\/www.instagram.com\/iodperformance\/\",\"https:\/\/www.youtube.com\/@iodperformance\"]}]}<\/script>\n<!-- \/ Yoast SEO plugin. -->","yoast_head_json":{"title":"Steel rim ADV Components 15x8 6x139,7 ET-25","robots":{"index":"index","follow":"follow","max-snippet":"max-snippet:-1","max-image-preview":"max-image-preview:large","max-video-preview":"max-video-preview:-1"},"canonical":"https:\/\/iodperformance.com\/en\/produkt\/steel-rim-adv-15x8-6x139-7-et-25\/","og_locale":"en_US","og_type":"article","og_title":"Steel rim ADV Components 15x8 6x139,7 ET-25","og_description":"Off-Road Steel Wheel is a classic and proven solution for enthusiasts of driving beyond paved roads. Designed for the toughest off-road conditions, it offers maximum durability, simple construction, and easy servicing \u2013 everything you need during off-road adventures, expeditions, and 4x4 rallies. Made from solid 4mm structural steel, resistant to impacts and overloads. Unlike alloy wheels, steel wheels can be easily straightened or repaired even in the field \u2013 making them the perfect choice for true off-road vehicles.","og_url":"https:\/\/iodperformance.com\/en\/produkt\/steel-rim-adv-15x8-6x139-7-et-25\/","og_site_name":"IOD Performance","article_publisher":"https:\/\/www.facebook.com\/IODshopPL\/","article_modified_time":"2026-02-26T07:06:06+00:00","og_image":[{"width":2000,"height":1333,"url":"https:\/\/iodperformance.com\/wp-content\/uploads\/2025\/07\/dsc09369-photoroom.jpg","type":"image\/jpeg"}],"twitter_card":"summary_large_image","schema":{"@context":"https:\/\/schema.org","@graph":[{"@type":"WebPage","@id":"https:\/\/iodperformance.com\/en\/produkt\/steel-rim-adv-15x8-6x139-7-et-25\/","url":"https:\/\/iodperformance.com\/en\/produkt\/steel-rim-adv-15x8-6x139-7-et-25\/","name":"Steel rim ADV Components 15x8 6x139,7 ET-25","isPartOf":{"@id":"https:\/\/iodperformance.com\/#website"},"primaryImageOfPage":{"@id":"https:\/\/iodperformance.com\/en\/produkt\/steel-rim-adv-15x8-6x139-7-et-25\/#primaryimage"},"image":{"@id":"https:\/\/iodperformance.com\/en\/produkt\/steel-rim-adv-15x8-6x139-7-et-25\/#primaryimage"},"thumbnailUrl":"https:\/\/iodperformance.com\/wp-content\/uploads\/2025\/03\/felga-stalowa-adv-components-15x8-et-25-02.webp","datePublished":"2025-03-05T11:54:50+00:00","dateModified":"2026-02-26T07:06:06+00:00","breadcrumb":{"@id":"https:\/\/iodperformance.com\/en\/produkt\/steel-rim-adv-15x8-6x139-7-et-25\/#breadcrumb"},"inLanguage":"en-US","potentialAction":[{"@type":"ReadAction","target":["https:\/\/iodperformance.com\/en\/produkt\/steel-rim-adv-15x8-6x139-7-et-25\/"]}]},{"@type":"ImageObject","inLanguage":"en-US","@id":"https:\/\/iodperformance.com\/en\/produkt\/steel-rim-adv-15x8-6x139-7-et-25\/#primaryimage","url":"https:\/\/iodperformance.com\/wp-content\/uploads\/2025\/03\/felga-stalowa-adv-components-15x8-et-25-02.webp","contentUrl":"https:\/\/iodperformance.com\/wp-content\/uploads\/2025\/03\/felga-stalowa-adv-components-15x8-et-25-02.webp","width":1000,"height":1000},{"@type":"BreadcrumbList","@id":"https:\/\/iodperformance.com\/en\/produkt\/steel-rim-adv-15x8-6x139-7-et-25\/#breadcrumb","itemListElement":[{"@type":"ListItem","position":1,"name":"Strona g\u0142\u00f3wna","item":"https:\/\/iodperformance.com\/en\/"},{"@type":"ListItem","position":2,"name":"Shop","item":"https:\/\/iodperformance.com\/en\/shop\/"},{"@type":"ListItem","position":3,"name":"Steel rim ADV Components 15&#215;8 6&#215;139,7 ET-25"}]},{"@type":"WebSite","@id":"https:\/\/iodperformance.com\/#website","url":"https:\/\/iodperformance.com\/","name":"IOD Performance","description":"Producent cz\u0119\u015bci i akcesori\u00f3w samochodowych","publisher":{"@id":"https:\/\/iodperformance.com\/#organization"},"potentialAction":[{"@type":"SearchAction","target":{"@type":"EntryPoint","urlTemplate":"https:\/\/iodperformance.com\/?s={search_term_string}"},"query-input":{"@type":"PropertyValueSpecification","valueRequired":true,"valueName":"search_term_string"}}],"inLanguage":"en-US"},{"@type":"Organization","@id":"https:\/\/iodperformance.com\/#organization","name":"IOD Performance","url":"https:\/\/iodperformance.com\/","logo":{"@type":"ImageObject","inLanguage":"en-US","@id":"https:\/\/iodperformance.com\/#\/schema\/logo\/image\/","url":"https:\/\/iodperformance.com\/wp-content\/uploads\/2025\/02\/logo_V2.png","contentUrl":"https:\/\/iodperformance.com\/wp-content\/uploads\/2025\/02\/logo_V2.png","width":2560,"height":1076,"caption":"IOD Performance"},"image":{"@id":"https:\/\/iodperformance.com\/#\/schema\/logo\/image\/"},"sameAs":["https:\/\/www.facebook.com\/IODshopPL\/","https:\/\/www.instagram.com\/iodperformance\/","https:\/\/www.youtube.com\/@iodperformance"]}]}},"_links":{"self":[{"href":"https:\/\/iodperformance.com\/en\/wp-json\/wp\/v2\/product\/6931","targetHints":{"allow":["GET"]}}],"collection":[{"href":"https:\/\/iodperformance.com\/en\/wp-json\/wp\/v2\/product"}],"about":[{"href":"https:\/\/iodperformance.com\/en\/wp-json\/wp\/v2\/types\/product"}],"version-history":[{"count":0,"href":"https:\/\/iodperformance.com\/en\/wp-json\/wp\/v2\/product\/6931\/revisions"}],"wp:featuredmedia":[{"embeddable":true,"href":"https:\/\/iodperformance.com\/en\/wp-json\/wp\/v2\/media\/38221"}],"wp:attachment":[{"href":"https:\/\/iodperformance.com\/en\/wp-json\/wp\/v2\/media?parent=6931"}],"wp:term":[{"taxonomy":"product_brand","embeddable":true,"href":"https:\/\/iodperformance.com\/en\/wp-json\/wp\/v2\/product_brand?post=6931"},{"taxonomy":"product_cat","embeddable":true,"href":"https:\/\/iodperformance.com\/en\/wp-json\/wp\/v2\/product_cat?post=6931"},{"taxonomy":"product_tag","embeddable":true,"href":"https:\/\/iodperformance.com\/en\/wp-json\/wp\/v2\/product_tag?post=6931"}],"curies":[{"name":"wp","href":"https:\/\/api.w.org\/{rel}","templated":true}]}}