{"id":6753,"date":"2025-03-05T12:52:43","date_gmt":"2025-03-05T11:52:43","guid":{"rendered":"https:\/\/iodperformance.com\/produkt\/hf-y60-y61-pneumatic-front-axle-lock\/"},"modified":"2026-02-26T08:05:36","modified_gmt":"2026-02-26T07:05:36","slug":"hf-y60-y61-pneumatic-front-axle-lock","status":"publish","type":"product","link":"https:\/\/iodperformance.com\/en\/produkt\/hf-y60-y61-pneumatic-front-axle-lock\/","title":{"rendered":"HF Air Locker Front Nissan Patrol Y60\/Y61"},"content":{"rendered":"<p><strong>Main Benefits of Using Differential Lockers:<\/strong><\/p>\n<ul>\n<li><strong>Increased Traction:<\/strong> Differential lockers allow for better use of engine power by evenly distributing torque to the wheels, improving traction in challenging terrain.<\/li>\n<li><strong>Improved Control:<\/strong> The ability to lock the differential gives the driver greater control over the vehicle, which is especially important in extreme off-road conditions and enhances safety.<\/li>\n<li><strong>Component Protection:<\/strong> By enhancing traction and control, lockers can help reduce wear on other drivetrain components, leading to increased durability and long-term cost savings.<\/li>\n<\/ul>\n<p>Regardless of the off-road vehicle model, our differential lockers are engineered for maximum efficiency and durability. They are proven in rally conditions where reliability is crucial. We provide our customers with products that perform even in the toughest environments. Our company places a strong focus on research and development to ensure our products meet the highest technological and quality standards.<\/p>\n<p><strong>RD136 100% Pneumatic Differential Locker<\/strong><\/p>\n<p><strong>Compatible with:<\/strong><\/p>\n<ul>\n<li>Nissan Patrol Y60 \/ Y61 \u2013 front axle, all models<\/li>\n<li>Nissan Terrano II \u2013 rear axle (vehicles up to 2002, 31-spline axle)<\/li>\n<\/ul>\n<p><strong>Axle shaft diameter:<\/strong> 32 mm<br \/>\n<strong>Spline count:<\/strong> 31<\/p>\n<p>An air compressor is required for proper operation.<\/p>\n","protected":false},"excerpt":{"rendered":"<p>ORE4x4 differential lockers are essential drivetrain components that enable vehicles to perform reliably in demanding off-road environments. Their main function is to enhance traction by optimizing the transfer of engine power to the wheels.<\/p>\n","protected":false},"featured_media":4293,"template":"","meta":[],"product_brand":[347],"product_cat":[281],"product_tag":[],"class_list":{"0":"post-6753","1":"product","2":"type-product","3":"status-publish","4":"has-post-thumbnail","6":"product_brand-hf-en","7":"product_cat-diff-lockers","8":"pa_marka-samochodu-nissan","9":"pa_model-samochodu-patrol-y60-en","10":"pa_model-samochodu-patrol-y61-en","12":"first","13":"instock","14":"taxable","15":"shipping-taxable","16":"purchasable","17":"product-type-simple"},"bundled_by":[],"bundle_stock_status":"instock","bundle_stock_quantity":null,"bundle_virtual":false,"bundle_layout":"","bundle_add_to_cart_form_location":"","bundle_editable_in_cart":false,"bundle_sold_individually_context":"","bundle_item_grouping":"","bundle_min_size":"","bundle_max_size":"","bundle_price":[],"bundled_items":[],"bundle_sell_ids":[],"yoast_head":"<!-- This site is optimized with the Yoast SEO plugin v27.2 - https:\/\/yoast.com\/product\/yoast-seo-wordpress\/ -->\n<title>HF Air Locker Front Nissan Patrol Y60\/Y61<\/title>\n<meta name=\"robots\" content=\"index, follow, max-snippet:-1, max-image-preview:large, max-video-preview:-1\" \/>\n<link rel=\"canonical\" href=\"https:\/\/iodperformance.com\/en\/produkt\/hf-y60-y61-pneumatic-front-axle-lock\/\" \/>\n<meta property=\"og:locale\" content=\"en_US\" \/>\n<meta property=\"og:type\" content=\"article\" \/>\n<meta property=\"og:title\" content=\"HF Air Locker Front Nissan Patrol Y60\/Y61\" \/>\n<meta property=\"og:description\" content=\"ORE4x4 differential lockers are essential drivetrain components that enable vehicles to perform reliably in demanding off-road environments. Their main function is to enhance traction by optimizing the transfer of engine power to the wheels.\" \/>\n<meta property=\"og:url\" content=\"https:\/\/iodperformance.com\/en\/produkt\/hf-y60-y61-pneumatic-front-axle-lock\/\" \/>\n<meta property=\"og:site_name\" content=\"IOD Performance\" \/>\n<meta property=\"article:publisher\" content=\"https:\/\/www.facebook.com\/IODshopPL\/\" \/>\n<meta property=\"article:modified_time\" content=\"2026-02-26T07:05:36+00:00\" \/>\n<meta property=\"og:image\" content=\"https:\/\/iodperformance.com\/wp-content\/uploads\/2025\/02\/hf-pneumatyczna-blokada-mostu-przod-nissan-patrol.jpg\" \/>\n\t<meta property=\"og:image:width\" content=\"650\" \/>\n\t<meta property=\"og:image:height\" content=\"734\" \/>\n\t<meta property=\"og:image:type\" content=\"image\/jpeg\" \/>\n<meta name=\"twitter:card\" content=\"summary_large_image\" \/>\n<meta name=\"twitter:label1\" content=\"Est. reading time\" \/>\n\t<meta name=\"twitter:data1\" content=\"1 minute\" \/>\n<script type=\"application\/ld+json\" class=\"yoast-schema-graph\">{\"@context\":\"https:\/\/schema.org\",\"@graph\":[{\"@type\":\"WebPage\",\"@id\":\"https:\/\/iodperformance.com\/en\/produkt\/hf-y60-y61-pneumatic-front-axle-lock\/\",\"url\":\"https:\/\/iodperformance.com\/en\/produkt\/hf-y60-y61-pneumatic-front-axle-lock\/\",\"name\":\"HF Air Locker Front Nissan Patrol Y60\/Y61\",\"isPartOf\":{\"@id\":\"https:\/\/iodperformance.com\/#website\"},\"primaryImageOfPage\":{\"@id\":\"https:\/\/iodperformance.com\/en\/produkt\/hf-y60-y61-pneumatic-front-axle-lock\/#primaryimage\"},\"image\":{\"@id\":\"https:\/\/iodperformance.com\/en\/produkt\/hf-y60-y61-pneumatic-front-axle-lock\/#primaryimage\"},\"thumbnailUrl\":\"https:\/\/iodperformance.com\/wp-content\/uploads\/2025\/02\/hf-pneumatyczna-blokada-mostu-przod-nissan-patrol.jpg\",\"datePublished\":\"2025-03-05T11:52:43+00:00\",\"dateModified\":\"2026-02-26T07:05:36+00:00\",\"breadcrumb\":{\"@id\":\"https:\/\/iodperformance.com\/en\/produkt\/hf-y60-y61-pneumatic-front-axle-lock\/#breadcrumb\"},\"inLanguage\":\"en-US\",\"potentialAction\":[{\"@type\":\"ReadAction\",\"target\":[\"https:\/\/iodperformance.com\/en\/produkt\/hf-y60-y61-pneumatic-front-axle-lock\/\"]}]},{\"@type\":\"ImageObject\",\"inLanguage\":\"en-US\",\"@id\":\"https:\/\/iodperformance.com\/en\/produkt\/hf-y60-y61-pneumatic-front-axle-lock\/#primaryimage\",\"url\":\"https:\/\/iodperformance.com\/wp-content\/uploads\/2025\/02\/hf-pneumatyczna-blokada-mostu-przod-nissan-patrol.jpg\",\"contentUrl\":\"https:\/\/iodperformance.com\/wp-content\/uploads\/2025\/02\/hf-pneumatyczna-blokada-mostu-przod-nissan-patrol.jpg\",\"width\":650,\"height\":734},{\"@type\":\"BreadcrumbList\",\"@id\":\"https:\/\/iodperformance.com\/en\/produkt\/hf-y60-y61-pneumatic-front-axle-lock\/#breadcrumb\",\"itemListElement\":[{\"@type\":\"ListItem\",\"position\":1,\"name\":\"Strona g\u0142\u00f3wna\",\"item\":\"https:\/\/iodperformance.com\/en\/\"},{\"@type\":\"ListItem\",\"position\":2,\"name\":\"Shop\",\"item\":\"https:\/\/iodperformance.com\/en\/shop\/\"},{\"@type\":\"ListItem\",\"position\":3,\"name\":\"HF Air Locker Front Nissan Patrol Y60\/Y61\"}]},{\"@type\":\"WebSite\",\"@id\":\"https:\/\/iodperformance.com\/#website\",\"url\":\"https:\/\/iodperformance.com\/\",\"name\":\"IOD Performance\",\"description\":\"Producent cz\u0119\u015bci i akcesori\u00f3w samochodowych\",\"publisher\":{\"@id\":\"https:\/\/iodperformance.com\/#organization\"},\"potentialAction\":[{\"@type\":\"SearchAction\",\"target\":{\"@type\":\"EntryPoint\",\"urlTemplate\":\"https:\/\/iodperformance.com\/?s={search_term_string}\"},\"query-input\":{\"@type\":\"PropertyValueSpecification\",\"valueRequired\":true,\"valueName\":\"search_term_string\"}}],\"inLanguage\":\"en-US\"},{\"@type\":\"Organization\",\"@id\":\"https:\/\/iodperformance.com\/#organization\",\"name\":\"IOD Performance\",\"url\":\"https:\/\/iodperformance.com\/\",\"logo\":{\"@type\":\"ImageObject\",\"inLanguage\":\"en-US\",\"@id\":\"https:\/\/iodperformance.com\/#\/schema\/logo\/image\/\",\"url\":\"https:\/\/iodperformance.com\/wp-content\/uploads\/2025\/02\/logo_V2.png\",\"contentUrl\":\"https:\/\/iodperformance.com\/wp-content\/uploads\/2025\/02\/logo_V2.png\",\"width\":2560,\"height\":1076,\"caption\":\"IOD Performance\"},\"image\":{\"@id\":\"https:\/\/iodperformance.com\/#\/schema\/logo\/image\/\"},\"sameAs\":[\"https:\/\/www.facebook.com\/IODshopPL\/\",\"https:\/\/www.instagram.com\/iodperformance\/\",\"https:\/\/www.youtube.com\/@iodperformance\"]}]}<\/script>\n<!-- \/ Yoast SEO plugin. -->","yoast_head_json":{"title":"HF Air Locker Front Nissan Patrol Y60\/Y61","robots":{"index":"index","follow":"follow","max-snippet":"max-snippet:-1","max-image-preview":"max-image-preview:large","max-video-preview":"max-video-preview:-1"},"canonical":"https:\/\/iodperformance.com\/en\/produkt\/hf-y60-y61-pneumatic-front-axle-lock\/","og_locale":"en_US","og_type":"article","og_title":"HF Air Locker Front Nissan Patrol Y60\/Y61","og_description":"ORE4x4 differential lockers are essential drivetrain components that enable vehicles to perform reliably in demanding off-road environments. Their main function is to enhance traction by optimizing the transfer of engine power to the wheels.","og_url":"https:\/\/iodperformance.com\/en\/produkt\/hf-y60-y61-pneumatic-front-axle-lock\/","og_site_name":"IOD Performance","article_publisher":"https:\/\/www.facebook.com\/IODshopPL\/","article_modified_time":"2026-02-26T07:05:36+00:00","og_image":[{"width":650,"height":734,"url":"https:\/\/iodperformance.com\/wp-content\/uploads\/2025\/02\/hf-pneumatyczna-blokada-mostu-przod-nissan-patrol.jpg","type":"image\/jpeg"}],"twitter_card":"summary_large_image","twitter_misc":{"Est. reading time":"1 minute"},"schema":{"@context":"https:\/\/schema.org","@graph":[{"@type":"WebPage","@id":"https:\/\/iodperformance.com\/en\/produkt\/hf-y60-y61-pneumatic-front-axle-lock\/","url":"https:\/\/iodperformance.com\/en\/produkt\/hf-y60-y61-pneumatic-front-axle-lock\/","name":"HF Air Locker Front Nissan Patrol Y60\/Y61","isPartOf":{"@id":"https:\/\/iodperformance.com\/#website"},"primaryImageOfPage":{"@id":"https:\/\/iodperformance.com\/en\/produkt\/hf-y60-y61-pneumatic-front-axle-lock\/#primaryimage"},"image":{"@id":"https:\/\/iodperformance.com\/en\/produkt\/hf-y60-y61-pneumatic-front-axle-lock\/#primaryimage"},"thumbnailUrl":"https:\/\/iodperformance.com\/wp-content\/uploads\/2025\/02\/hf-pneumatyczna-blokada-mostu-przod-nissan-patrol.jpg","datePublished":"2025-03-05T11:52:43+00:00","dateModified":"2026-02-26T07:05:36+00:00","breadcrumb":{"@id":"https:\/\/iodperformance.com\/en\/produkt\/hf-y60-y61-pneumatic-front-axle-lock\/#breadcrumb"},"inLanguage":"en-US","potentialAction":[{"@type":"ReadAction","target":["https:\/\/iodperformance.com\/en\/produkt\/hf-y60-y61-pneumatic-front-axle-lock\/"]}]},{"@type":"ImageObject","inLanguage":"en-US","@id":"https:\/\/iodperformance.com\/en\/produkt\/hf-y60-y61-pneumatic-front-axle-lock\/#primaryimage","url":"https:\/\/iodperformance.com\/wp-content\/uploads\/2025\/02\/hf-pneumatyczna-blokada-mostu-przod-nissan-patrol.jpg","contentUrl":"https:\/\/iodperformance.com\/wp-content\/uploads\/2025\/02\/hf-pneumatyczna-blokada-mostu-przod-nissan-patrol.jpg","width":650,"height":734},{"@type":"BreadcrumbList","@id":"https:\/\/iodperformance.com\/en\/produkt\/hf-y60-y61-pneumatic-front-axle-lock\/#breadcrumb","itemListElement":[{"@type":"ListItem","position":1,"name":"Strona g\u0142\u00f3wna","item":"https:\/\/iodperformance.com\/en\/"},{"@type":"ListItem","position":2,"name":"Shop","item":"https:\/\/iodperformance.com\/en\/shop\/"},{"@type":"ListItem","position":3,"name":"HF Air Locker Front Nissan Patrol Y60\/Y61"}]},{"@type":"WebSite","@id":"https:\/\/iodperformance.com\/#website","url":"https:\/\/iodperformance.com\/","name":"IOD Performance","description":"Producent cz\u0119\u015bci i akcesori\u00f3w samochodowych","publisher":{"@id":"https:\/\/iodperformance.com\/#organization"},"potentialAction":[{"@type":"SearchAction","target":{"@type":"EntryPoint","urlTemplate":"https:\/\/iodperformance.com\/?s={search_term_string}"},"query-input":{"@type":"PropertyValueSpecification","valueRequired":true,"valueName":"search_term_string"}}],"inLanguage":"en-US"},{"@type":"Organization","@id":"https:\/\/iodperformance.com\/#organization","name":"IOD Performance","url":"https:\/\/iodperformance.com\/","logo":{"@type":"ImageObject","inLanguage":"en-US","@id":"https:\/\/iodperformance.com\/#\/schema\/logo\/image\/","url":"https:\/\/iodperformance.com\/wp-content\/uploads\/2025\/02\/logo_V2.png","contentUrl":"https:\/\/iodperformance.com\/wp-content\/uploads\/2025\/02\/logo_V2.png","width":2560,"height":1076,"caption":"IOD Performance"},"image":{"@id":"https:\/\/iodperformance.com\/#\/schema\/logo\/image\/"},"sameAs":["https:\/\/www.facebook.com\/IODshopPL\/","https:\/\/www.instagram.com\/iodperformance\/","https:\/\/www.youtube.com\/@iodperformance"]}]}},"_links":{"self":[{"href":"https:\/\/iodperformance.com\/en\/wp-json\/wp\/v2\/product\/6753","targetHints":{"allow":["GET"]}}],"collection":[{"href":"https:\/\/iodperformance.com\/en\/wp-json\/wp\/v2\/product"}],"about":[{"href":"https:\/\/iodperformance.com\/en\/wp-json\/wp\/v2\/types\/product"}],"version-history":[{"count":1,"href":"https:\/\/iodperformance.com\/en\/wp-json\/wp\/v2\/product\/6753\/revisions"}],"predecessor-version":[{"id":15629,"href":"https:\/\/iodperformance.com\/en\/wp-json\/wp\/v2\/product\/6753\/revisions\/15629"}],"wp:featuredmedia":[{"embeddable":true,"href":"https:\/\/iodperformance.com\/en\/wp-json\/wp\/v2\/media\/4293"}],"wp:attachment":[{"href":"https:\/\/iodperformance.com\/en\/wp-json\/wp\/v2\/media?parent=6753"}],"wp:term":[{"taxonomy":"product_brand","embeddable":true,"href":"https:\/\/iodperformance.com\/en\/wp-json\/wp\/v2\/product_brand?post=6753"},{"taxonomy":"product_cat","embeddable":true,"href":"https:\/\/iodperformance.com\/en\/wp-json\/wp\/v2\/product_cat?post=6753"},{"taxonomy":"product_tag","embeddable":true,"href":"https:\/\/iodperformance.com\/en\/wp-json\/wp\/v2\/product_tag?post=6753"}],"curies":[{"name":"wp","href":"https:\/\/api.w.org\/{rel}","templated":true}]}}