{"id":6752,"date":"2025-03-05T12:52:29","date_gmt":"2025-03-05T11:52:29","guid":{"rendered":"https:\/\/iodperformance.com\/produkt\/y60-y61-steel-braided-bridge-rear-cables\/"},"modified":"2026-02-26T08:05:32","modified_gmt":"2026-02-26T07:05:32","slug":"stainless-steel-brake-hoses-nissan-patrol-y60-y61-axle-caliper-rear","status":"publish","type":"product","link":"https:\/\/iodperformance.com\/en\/produkt\/stainless-steel-brake-hoses-nissan-patrol-y60-y61-axle-caliper-rear\/","title":{"rendered":"Stainless Steel Brake Hoses Nissan Patrol Y60\/Y61 axle-caliper rear"},"content":{"rendered":"<p><strong>Main advantages of the brake hose:<\/strong><\/p>\n<p>\u2022 Dedicated for Patrol Y60 \/ Y61 models<\/p>\n<p>\u2022 Resistant to pressure, temperature, and mechanical damage<\/p>\n<p>\u2022 More reliable brake system performance in extreme conditions<\/p>\n<p>\u2022 Set includes 2 hoses for left and right calipers, as well as copper washers.<\/p>\n","protected":false},"excerpt":{"rendered":"<p>High-quality steel braided brake hoses designed for rear brake calipers.<\/p>\n","protected":false},"featured_media":37573,"template":"","meta":[],"product_brand":[343],"product_cat":[303],"product_tag":[],"class_list":{"0":"post-6752","1":"product","2":"type-product","3":"status-publish","4":"has-post-thumbnail","6":"product_brand-inne-en","7":"product_cat-brake-lines","8":"pa_marka-samochodu-nissan","9":"pa_model-samochodu-patrol-y60-en","10":"pa_model-samochodu-patrol-y61-en","12":"first","13":"instock","14":"taxable","15":"shipping-taxable","16":"purchasable","17":"product-type-simple"},"bundled_by":[],"bundle_stock_status":"instock","bundle_stock_quantity":12,"bundle_virtual":false,"bundle_layout":"","bundle_add_to_cart_form_location":"","bundle_editable_in_cart":false,"bundle_sold_individually_context":"","bundle_item_grouping":"","bundle_min_size":"","bundle_max_size":"","bundle_price":[],"bundled_items":[],"bundle_sell_ids":[],"yoast_head":"<!-- This site is optimized with the Yoast SEO plugin v27.2 - https:\/\/yoast.com\/product\/yoast-seo-wordpress\/ -->\n<title>Stainless Steel Brake Hoses Nissan Patrol Y60\/Y61 axle-caliper rear<\/title>\n<meta name=\"robots\" content=\"index, follow, max-snippet:-1, max-image-preview:large, max-video-preview:-1\" \/>\n<link rel=\"canonical\" href=\"https:\/\/iodperformance.com\/en\/produkt\/stainless-steel-brake-hoses-nissan-patrol-y60-y61-axle-caliper-rear\/\" \/>\n<meta property=\"og:locale\" content=\"en_US\" \/>\n<meta property=\"og:type\" content=\"article\" \/>\n<meta property=\"og:title\" content=\"Stainless Steel Brake Hoses Nissan Patrol Y60\/Y61 axle-caliper rear\" \/>\n<meta property=\"og:description\" content=\"High-quality steel braided brake hoses designed for rear brake calipers.\" \/>\n<meta property=\"og:url\" content=\"https:\/\/iodperformance.com\/en\/produkt\/stainless-steel-brake-hoses-nissan-patrol-y60-y61-axle-caliper-rear\/\" \/>\n<meta property=\"og:site_name\" content=\"IOD Performance\" \/>\n<meta property=\"article:publisher\" content=\"https:\/\/www.facebook.com\/IODshopPL\/\" \/>\n<meta property=\"article:modified_time\" content=\"2026-02-26T07:05:32+00:00\" \/>\n<meta property=\"og:image\" content=\"https:\/\/iodperformance.com\/wp-content\/uploads\/2025\/03\/z_34.webp\" \/>\n\t<meta property=\"og:image:width\" content=\"1069\" \/>\n\t<meta property=\"og:image:height\" content=\"1500\" \/>\n\t<meta property=\"og:image:type\" content=\"image\/webp\" \/>\n<meta name=\"twitter:card\" content=\"summary_large_image\" \/>\n<script type=\"application\/ld+json\" class=\"yoast-schema-graph\">{\"@context\":\"https:\/\/schema.org\",\"@graph\":[{\"@type\":\"WebPage\",\"@id\":\"https:\/\/iodperformance.com\/en\/produkt\/stainless-steel-brake-hoses-nissan-patrol-y60-y61-axle-caliper-rear\/\",\"url\":\"https:\/\/iodperformance.com\/en\/produkt\/stainless-steel-brake-hoses-nissan-patrol-y60-y61-axle-caliper-rear\/\",\"name\":\"Stainless Steel Brake Hoses Nissan Patrol Y60\/Y61 axle-caliper rear\",\"isPartOf\":{\"@id\":\"https:\/\/iodperformance.com\/#website\"},\"primaryImageOfPage\":{\"@id\":\"https:\/\/iodperformance.com\/en\/produkt\/stainless-steel-brake-hoses-nissan-patrol-y60-y61-axle-caliper-rear\/#primaryimage\"},\"image\":{\"@id\":\"https:\/\/iodperformance.com\/en\/produkt\/stainless-steel-brake-hoses-nissan-patrol-y60-y61-axle-caliper-rear\/#primaryimage\"},\"thumbnailUrl\":\"https:\/\/iodperformance.com\/wp-content\/uploads\/2026\/03\/przewody-w-stalowym-oplocie-nissan-patrol-y60-y61-most-zacisk20tyl-1.webp\",\"datePublished\":\"2025-03-05T11:52:29+00:00\",\"dateModified\":\"2026-02-26T07:05:32+00:00\",\"breadcrumb\":{\"@id\":\"https:\/\/iodperformance.com\/en\/produkt\/stainless-steel-brake-hoses-nissan-patrol-y60-y61-axle-caliper-rear\/#breadcrumb\"},\"inLanguage\":\"en-US\",\"potentialAction\":[{\"@type\":\"ReadAction\",\"target\":[\"https:\/\/iodperformance.com\/en\/produkt\/stainless-steel-brake-hoses-nissan-patrol-y60-y61-axle-caliper-rear\/\"]}]},{\"@type\":\"ImageObject\",\"inLanguage\":\"en-US\",\"@id\":\"https:\/\/iodperformance.com\/en\/produkt\/stainless-steel-brake-hoses-nissan-patrol-y60-y61-axle-caliper-rear\/#primaryimage\",\"url\":\"https:\/\/iodperformance.com\/wp-content\/uploads\/2026\/03\/przewody-w-stalowym-oplocie-nissan-patrol-y60-y61-most-zacisk20tyl-1.webp\",\"contentUrl\":\"https:\/\/iodperformance.com\/wp-content\/uploads\/2026\/03\/przewody-w-stalowym-oplocie-nissan-patrol-y60-y61-most-zacisk20tyl-1.webp\",\"width\":1000,\"height\":1000},{\"@type\":\"BreadcrumbList\",\"@id\":\"https:\/\/iodperformance.com\/en\/produkt\/stainless-steel-brake-hoses-nissan-patrol-y60-y61-axle-caliper-rear\/#breadcrumb\",\"itemListElement\":[{\"@type\":\"ListItem\",\"position\":1,\"name\":\"Strona g\u0142\u00f3wna\",\"item\":\"https:\/\/iodperformance.com\/en\/\"},{\"@type\":\"ListItem\",\"position\":2,\"name\":\"Shop\",\"item\":\"https:\/\/iodperformance.com\/en\/shop\/\"},{\"@type\":\"ListItem\",\"position\":3,\"name\":\"Stainless Steel Brake Hoses Nissan Patrol Y60\/Y61 axle-caliper rear\"}]},{\"@type\":\"WebSite\",\"@id\":\"https:\/\/iodperformance.com\/#website\",\"url\":\"https:\/\/iodperformance.com\/\",\"name\":\"IOD Performance\",\"description\":\"Producent cz\u0119\u015bci i akcesori\u00f3w samochodowych\",\"publisher\":{\"@id\":\"https:\/\/iodperformance.com\/#organization\"},\"potentialAction\":[{\"@type\":\"SearchAction\",\"target\":{\"@type\":\"EntryPoint\",\"urlTemplate\":\"https:\/\/iodperformance.com\/?s={search_term_string}\"},\"query-input\":{\"@type\":\"PropertyValueSpecification\",\"valueRequired\":true,\"valueName\":\"search_term_string\"}}],\"inLanguage\":\"en-US\"},{\"@type\":\"Organization\",\"@id\":\"https:\/\/iodperformance.com\/#organization\",\"name\":\"IOD Performance\",\"url\":\"https:\/\/iodperformance.com\/\",\"logo\":{\"@type\":\"ImageObject\",\"inLanguage\":\"en-US\",\"@id\":\"https:\/\/iodperformance.com\/#\/schema\/logo\/image\/\",\"url\":\"https:\/\/iodperformance.com\/wp-content\/uploads\/2025\/02\/logo_V2.png\",\"contentUrl\":\"https:\/\/iodperformance.com\/wp-content\/uploads\/2025\/02\/logo_V2.png\",\"width\":2560,\"height\":1076,\"caption\":\"IOD Performance\"},\"image\":{\"@id\":\"https:\/\/iodperformance.com\/#\/schema\/logo\/image\/\"},\"sameAs\":[\"https:\/\/www.facebook.com\/IODshopPL\/\",\"https:\/\/www.instagram.com\/iodperformance\/\",\"https:\/\/www.youtube.com\/@iodperformance\"]}]}<\/script>\n<!-- \/ Yoast SEO plugin. -->","yoast_head_json":{"title":"Stainless Steel Brake Hoses Nissan Patrol Y60\/Y61 axle-caliper rear","robots":{"index":"index","follow":"follow","max-snippet":"max-snippet:-1","max-image-preview":"max-image-preview:large","max-video-preview":"max-video-preview:-1"},"canonical":"https:\/\/iodperformance.com\/en\/produkt\/stainless-steel-brake-hoses-nissan-patrol-y60-y61-axle-caliper-rear\/","og_locale":"en_US","og_type":"article","og_title":"Stainless Steel Brake Hoses Nissan Patrol Y60\/Y61 axle-caliper rear","og_description":"High-quality steel braided brake hoses designed for rear brake calipers.","og_url":"https:\/\/iodperformance.com\/en\/produkt\/stainless-steel-brake-hoses-nissan-patrol-y60-y61-axle-caliper-rear\/","og_site_name":"IOD Performance","article_publisher":"https:\/\/www.facebook.com\/IODshopPL\/","article_modified_time":"2026-02-26T07:05:32+00:00","og_image":[{"width":1069,"height":1500,"url":"https:\/\/iodperformance.com\/wp-content\/uploads\/2025\/03\/z_34.webp","type":"image\/webp"}],"twitter_card":"summary_large_image","schema":{"@context":"https:\/\/schema.org","@graph":[{"@type":"WebPage","@id":"https:\/\/iodperformance.com\/en\/produkt\/stainless-steel-brake-hoses-nissan-patrol-y60-y61-axle-caliper-rear\/","url":"https:\/\/iodperformance.com\/en\/produkt\/stainless-steel-brake-hoses-nissan-patrol-y60-y61-axle-caliper-rear\/","name":"Stainless Steel Brake Hoses Nissan Patrol Y60\/Y61 axle-caliper rear","isPartOf":{"@id":"https:\/\/iodperformance.com\/#website"},"primaryImageOfPage":{"@id":"https:\/\/iodperformance.com\/en\/produkt\/stainless-steel-brake-hoses-nissan-patrol-y60-y61-axle-caliper-rear\/#primaryimage"},"image":{"@id":"https:\/\/iodperformance.com\/en\/produkt\/stainless-steel-brake-hoses-nissan-patrol-y60-y61-axle-caliper-rear\/#primaryimage"},"thumbnailUrl":"https:\/\/iodperformance.com\/wp-content\/uploads\/2026\/03\/przewody-w-stalowym-oplocie-nissan-patrol-y60-y61-most-zacisk20tyl-1.webp","datePublished":"2025-03-05T11:52:29+00:00","dateModified":"2026-02-26T07:05:32+00:00","breadcrumb":{"@id":"https:\/\/iodperformance.com\/en\/produkt\/stainless-steel-brake-hoses-nissan-patrol-y60-y61-axle-caliper-rear\/#breadcrumb"},"inLanguage":"en-US","potentialAction":[{"@type":"ReadAction","target":["https:\/\/iodperformance.com\/en\/produkt\/stainless-steel-brake-hoses-nissan-patrol-y60-y61-axle-caliper-rear\/"]}]},{"@type":"ImageObject","inLanguage":"en-US","@id":"https:\/\/iodperformance.com\/en\/produkt\/stainless-steel-brake-hoses-nissan-patrol-y60-y61-axle-caliper-rear\/#primaryimage","url":"https:\/\/iodperformance.com\/wp-content\/uploads\/2026\/03\/przewody-w-stalowym-oplocie-nissan-patrol-y60-y61-most-zacisk20tyl-1.webp","contentUrl":"https:\/\/iodperformance.com\/wp-content\/uploads\/2026\/03\/przewody-w-stalowym-oplocie-nissan-patrol-y60-y61-most-zacisk20tyl-1.webp","width":1000,"height":1000},{"@type":"BreadcrumbList","@id":"https:\/\/iodperformance.com\/en\/produkt\/stainless-steel-brake-hoses-nissan-patrol-y60-y61-axle-caliper-rear\/#breadcrumb","itemListElement":[{"@type":"ListItem","position":1,"name":"Strona g\u0142\u00f3wna","item":"https:\/\/iodperformance.com\/en\/"},{"@type":"ListItem","position":2,"name":"Shop","item":"https:\/\/iodperformance.com\/en\/shop\/"},{"@type":"ListItem","position":3,"name":"Stainless Steel Brake Hoses Nissan Patrol Y60\/Y61 axle-caliper rear"}]},{"@type":"WebSite","@id":"https:\/\/iodperformance.com\/#website","url":"https:\/\/iodperformance.com\/","name":"IOD Performance","description":"Producent cz\u0119\u015bci i akcesori\u00f3w samochodowych","publisher":{"@id":"https:\/\/iodperformance.com\/#organization"},"potentialAction":[{"@type":"SearchAction","target":{"@type":"EntryPoint","urlTemplate":"https:\/\/iodperformance.com\/?s={search_term_string}"},"query-input":{"@type":"PropertyValueSpecification","valueRequired":true,"valueName":"search_term_string"}}],"inLanguage":"en-US"},{"@type":"Organization","@id":"https:\/\/iodperformance.com\/#organization","name":"IOD Performance","url":"https:\/\/iodperformance.com\/","logo":{"@type":"ImageObject","inLanguage":"en-US","@id":"https:\/\/iodperformance.com\/#\/schema\/logo\/image\/","url":"https:\/\/iodperformance.com\/wp-content\/uploads\/2025\/02\/logo_V2.png","contentUrl":"https:\/\/iodperformance.com\/wp-content\/uploads\/2025\/02\/logo_V2.png","width":2560,"height":1076,"caption":"IOD Performance"},"image":{"@id":"https:\/\/iodperformance.com\/#\/schema\/logo\/image\/"},"sameAs":["https:\/\/www.facebook.com\/IODshopPL\/","https:\/\/www.instagram.com\/iodperformance\/","https:\/\/www.youtube.com\/@iodperformance"]}]}},"_links":{"self":[{"href":"https:\/\/iodperformance.com\/en\/wp-json\/wp\/v2\/product\/6752","targetHints":{"allow":["GET"]}}],"collection":[{"href":"https:\/\/iodperformance.com\/en\/wp-json\/wp\/v2\/product"}],"about":[{"href":"https:\/\/iodperformance.com\/en\/wp-json\/wp\/v2\/types\/product"}],"version-history":[{"count":0,"href":"https:\/\/iodperformance.com\/en\/wp-json\/wp\/v2\/product\/6752\/revisions"}],"wp:featuredmedia":[{"embeddable":true,"href":"https:\/\/iodperformance.com\/en\/wp-json\/wp\/v2\/media\/37573"}],"wp:attachment":[{"href":"https:\/\/iodperformance.com\/en\/wp-json\/wp\/v2\/media?parent=6752"}],"wp:term":[{"taxonomy":"product_brand","embeddable":true,"href":"https:\/\/iodperformance.com\/en\/wp-json\/wp\/v2\/product_brand?post=6752"},{"taxonomy":"product_cat","embeddable":true,"href":"https:\/\/iodperformance.com\/en\/wp-json\/wp\/v2\/product_cat?post=6752"},{"taxonomy":"product_tag","embeddable":true,"href":"https:\/\/iodperformance.com\/en\/wp-json\/wp\/v2\/product_tag?post=6752"}],"curies":[{"name":"wp","href":"https:\/\/api.w.org\/{rel}","templated":true}]}}