{"id":6730,"date":"2025-03-05T12:53:26","date_gmt":"2025-03-05T11:53:26","guid":{"rendered":"https:\/\/iodperformance.com\/produkt\/clutch-kit-xtreme-outback-heavy-duty-organic-440nm-900kg-30-inc\/"},"modified":"2026-02-26T08:05:42","modified_gmt":"2026-02-26T07:05:42","slug":"clutch-kit-xtreme-outback-heavy-duty-organic-440nm-900kg-30-inc","status":"publish","type":"product","link":"https:\/\/iodperformance.com\/en\/produkt\/clutch-kit-xtreme-outback-heavy-duty-organic-440nm-900kg-30-inc\/","title":{"rendered":"Clutch Kit &#8211; Xtreme Outback Heavy Duty Organic 440Nm 900Kg (30% inc.)"},"content":{"rendered":"<p><strong>Technical specifications:<\/strong><\/p>\n<ul>\n<li><strong>Compatibility:<\/strong>\n<ul>\n<li>Nissan Patrol Y60 (1987\u20131997)<\/li>\n<li>Nissan Patrol Y61 (1997\u20132010)<\/li>\n<li>Engines: TD42, ZD30, RD28, TB42, TB45 and others<\/li>\n<\/ul>\n<\/li>\n<li><strong>Clutch type:<\/strong> Heavy Duty Organic<\/li>\n<li><strong>Torque capacity:<\/strong> up to 440 Nm<\/li>\n<li><strong>Clamping force:<\/strong> 900 kg (+30% compared to OEM)<\/li>\n<li><strong>Clutch disc:<\/strong> Spring type, with organic friction material \u2013 comfortable, wear resistant<\/li>\n<li><strong>Flywheel:<\/strong> Not included (can be used with OEM or dedicated replacement)<\/li>\n<li><strong>Application:<\/strong> daily driving, tourism, light off-road, trailers, vehicles with minor mechanical modifications<\/li>\n<\/ul>\n<p><strong>Set includes:<\/strong><\/p>\n<ul>\n<li>Clutch pressure plate (Heavy Duty)<\/li>\n<li>Organic clutch disc<\/li>\n<li>Release bearing<\/li>\n<li>Pilot bearing<\/li>\n<li>Centering tool<\/li>\n<\/ul>\n<p><strong>Advantages of the set for Patrol Y60\/Y61:<\/strong><\/p>\n<ul>\n<li>Comfortable operation with significantly better durability than OEM<\/li>\n<li>Smooth operation, no jerks, quiet work<\/li>\n<li>Suitable for daily and expedition vehicles<\/li>\n<li>Longer lifespan \u2013 especially when driving with load or off-road<\/li>\n<li>Ideal balance between performance and comfort<\/li>\n<\/ul>\n","protected":false},"excerpt":{"rendered":"<p>Reinforced clutch with organic disc and increased pressure by 30%. Ideal for Y60 and Y61 Patrols used for daily use, light off-road and trailer driving. The comfort of a factory clutch, but with higher durability and wear resistance.  <\/p>\n","protected":false},"featured_media":4432,"template":"","meta":[],"product_brand":[349],"product_cat":[301],"product_tag":[],"class_list":{"0":"post-6730","1":"product","2":"type-product","3":"status-publish","4":"has-post-thumbnail","6":"product_brand-xtreme-outback-en","7":"product_cat-clutches","9":"first","10":"instock","11":"taxable","12":"shipping-taxable","13":"purchasable","14":"product-type-simple"},"bundled_by":[],"bundle_stock_status":"instock","bundle_stock_quantity":null,"bundle_virtual":false,"bundle_layout":"","bundle_add_to_cart_form_location":"","bundle_editable_in_cart":false,"bundle_sold_individually_context":"","bundle_item_grouping":"","bundle_min_size":"","bundle_max_size":"","bundle_price":[],"bundled_items":[],"bundle_sell_ids":[],"yoast_head":"<!-- This site is optimized with the Yoast SEO plugin v27.2 - https:\/\/yoast.com\/product\/yoast-seo-wordpress\/ -->\n<title>Clutch Kit - Xtreme Outback Heavy Duty Organic 440Nm 900Kg (30% inc.)<\/title>\n<meta name=\"robots\" content=\"index, follow, max-snippet:-1, max-image-preview:large, max-video-preview:-1\" \/>\n<link rel=\"canonical\" href=\"https:\/\/iodperformance.com\/en\/produkt\/clutch-kit-xtreme-outback-heavy-duty-organic-440nm-900kg-30-inc\/\" \/>\n<meta property=\"og:locale\" content=\"en_US\" \/>\n<meta property=\"og:type\" content=\"article\" \/>\n<meta property=\"og:title\" content=\"Clutch Kit - Xtreme Outback Heavy Duty Organic 440Nm 900Kg (30% inc.)\" \/>\n<meta property=\"og:description\" content=\"Reinforced clutch with organic disc and increased pressure by 30%. Ideal for Y60 and Y61 Patrols used for daily use, light off-road and trailer driving. The comfort of a factory clutch, but with higher durability and wear resistance.\" \/>\n<meta property=\"og:url\" content=\"https:\/\/iodperformance.com\/en\/produkt\/clutch-kit-xtreme-outback-heavy-duty-organic-440nm-900kg-30-inc\/\" \/>\n<meta property=\"og:site_name\" content=\"IOD Performance\" \/>\n<meta property=\"article:publisher\" content=\"https:\/\/www.facebook.com\/IODshopPL\/\" \/>\n<meta property=\"article:modified_time\" content=\"2026-02-26T07:05:42+00:00\" \/>\n<meta property=\"og:image\" content=\"https:\/\/iodperformance.com\/wp-content\/uploads\/2025\/02\/wzmocnione-sprzeglo-organiczne-xtreme-outback-440-nm-42-y60.jpg\" \/>\n\t<meta property=\"og:image:width\" content=\"344\" \/>\n\t<meta property=\"og:image:height\" content=\"230\" \/>\n\t<meta property=\"og:image:type\" content=\"image\/jpeg\" \/>\n<meta name=\"twitter:card\" content=\"summary_large_image\" \/>\n<meta name=\"twitter:label1\" content=\"Est. reading time\" \/>\n\t<meta name=\"twitter:data1\" content=\"1 minute\" \/>\n<script type=\"application\/ld+json\" class=\"yoast-schema-graph\">{\"@context\":\"https:\/\/schema.org\",\"@graph\":[{\"@type\":\"WebPage\",\"@id\":\"https:\/\/iodperformance.com\/en\/produkt\/clutch-kit-xtreme-outback-heavy-duty-organic-440nm-900kg-30-inc\/\",\"url\":\"https:\/\/iodperformance.com\/en\/produkt\/clutch-kit-xtreme-outback-heavy-duty-organic-440nm-900kg-30-inc\/\",\"name\":\"Clutch Kit - Xtreme Outback Heavy Duty Organic 440Nm 900Kg (30% inc.)\",\"isPartOf\":{\"@id\":\"https:\/\/iodperformance.com\/#website\"},\"primaryImageOfPage\":{\"@id\":\"https:\/\/iodperformance.com\/en\/produkt\/clutch-kit-xtreme-outback-heavy-duty-organic-440nm-900kg-30-inc\/#primaryimage\"},\"image\":{\"@id\":\"https:\/\/iodperformance.com\/en\/produkt\/clutch-kit-xtreme-outback-heavy-duty-organic-440nm-900kg-30-inc\/#primaryimage\"},\"thumbnailUrl\":\"https:\/\/iodperformance.com\/wp-content\/uploads\/2025\/02\/wzmocnione-sprzeglo-organiczne-xtreme-outback-440-nm-42-y60.jpg\",\"datePublished\":\"2025-03-05T11:53:26+00:00\",\"dateModified\":\"2026-02-26T07:05:42+00:00\",\"breadcrumb\":{\"@id\":\"https:\/\/iodperformance.com\/en\/produkt\/clutch-kit-xtreme-outback-heavy-duty-organic-440nm-900kg-30-inc\/#breadcrumb\"},\"inLanguage\":\"en-US\",\"potentialAction\":[{\"@type\":\"ReadAction\",\"target\":[\"https:\/\/iodperformance.com\/en\/produkt\/clutch-kit-xtreme-outback-heavy-duty-organic-440nm-900kg-30-inc\/\"]}]},{\"@type\":\"ImageObject\",\"inLanguage\":\"en-US\",\"@id\":\"https:\/\/iodperformance.com\/en\/produkt\/clutch-kit-xtreme-outback-heavy-duty-organic-440nm-900kg-30-inc\/#primaryimage\",\"url\":\"https:\/\/iodperformance.com\/wp-content\/uploads\/2025\/02\/wzmocnione-sprzeglo-organiczne-xtreme-outback-440-nm-42-y60.jpg\",\"contentUrl\":\"https:\/\/iodperformance.com\/wp-content\/uploads\/2025\/02\/wzmocnione-sprzeglo-organiczne-xtreme-outback-440-nm-42-y60.jpg\",\"width\":344,\"height\":230},{\"@type\":\"BreadcrumbList\",\"@id\":\"https:\/\/iodperformance.com\/en\/produkt\/clutch-kit-xtreme-outback-heavy-duty-organic-440nm-900kg-30-inc\/#breadcrumb\",\"itemListElement\":[{\"@type\":\"ListItem\",\"position\":1,\"name\":\"Strona g\u0142\u00f3wna\",\"item\":\"https:\/\/iodperformance.com\/en\/\"},{\"@type\":\"ListItem\",\"position\":2,\"name\":\"Shop\",\"item\":\"https:\/\/iodperformance.com\/en\/shop\/\"},{\"@type\":\"ListItem\",\"position\":3,\"name\":\"Clutch Kit - Xtreme Outback Heavy Duty Organic 440Nm 900Kg (30% inc.)\"}]},{\"@type\":\"WebSite\",\"@id\":\"https:\/\/iodperformance.com\/#website\",\"url\":\"https:\/\/iodperformance.com\/\",\"name\":\"IOD Performance\",\"description\":\"Producent cz\u0119\u015bci i akcesori\u00f3w samochodowych\",\"publisher\":{\"@id\":\"https:\/\/iodperformance.com\/#organization\"},\"potentialAction\":[{\"@type\":\"SearchAction\",\"target\":{\"@type\":\"EntryPoint\",\"urlTemplate\":\"https:\/\/iodperformance.com\/?s={search_term_string}\"},\"query-input\":{\"@type\":\"PropertyValueSpecification\",\"valueRequired\":true,\"valueName\":\"search_term_string\"}}],\"inLanguage\":\"en-US\"},{\"@type\":\"Organization\",\"@id\":\"https:\/\/iodperformance.com\/#organization\",\"name\":\"IOD Performance\",\"url\":\"https:\/\/iodperformance.com\/\",\"logo\":{\"@type\":\"ImageObject\",\"inLanguage\":\"en-US\",\"@id\":\"https:\/\/iodperformance.com\/#\/schema\/logo\/image\/\",\"url\":\"https:\/\/iodperformance.com\/wp-content\/uploads\/2025\/02\/logo_V2.png\",\"contentUrl\":\"https:\/\/iodperformance.com\/wp-content\/uploads\/2025\/02\/logo_V2.png\",\"width\":2560,\"height\":1076,\"caption\":\"IOD Performance\"},\"image\":{\"@id\":\"https:\/\/iodperformance.com\/#\/schema\/logo\/image\/\"},\"sameAs\":[\"https:\/\/www.facebook.com\/IODshopPL\/\",\"https:\/\/www.instagram.com\/iodperformance\/\",\"https:\/\/www.youtube.com\/@iodperformance\"]}]}<\/script>\n<!-- \/ Yoast SEO plugin. -->","yoast_head_json":{"title":"Clutch Kit - Xtreme Outback Heavy Duty Organic 440Nm 900Kg (30% inc.)","robots":{"index":"index","follow":"follow","max-snippet":"max-snippet:-1","max-image-preview":"max-image-preview:large","max-video-preview":"max-video-preview:-1"},"canonical":"https:\/\/iodperformance.com\/en\/produkt\/clutch-kit-xtreme-outback-heavy-duty-organic-440nm-900kg-30-inc\/","og_locale":"en_US","og_type":"article","og_title":"Clutch Kit - Xtreme Outback Heavy Duty Organic 440Nm 900Kg (30% inc.)","og_description":"Reinforced clutch with organic disc and increased pressure by 30%. Ideal for Y60 and Y61 Patrols used for daily use, light off-road and trailer driving. The comfort of a factory clutch, but with higher durability and wear resistance.","og_url":"https:\/\/iodperformance.com\/en\/produkt\/clutch-kit-xtreme-outback-heavy-duty-organic-440nm-900kg-30-inc\/","og_site_name":"IOD Performance","article_publisher":"https:\/\/www.facebook.com\/IODshopPL\/","article_modified_time":"2026-02-26T07:05:42+00:00","og_image":[{"width":344,"height":230,"url":"https:\/\/iodperformance.com\/wp-content\/uploads\/2025\/02\/wzmocnione-sprzeglo-organiczne-xtreme-outback-440-nm-42-y60.jpg","type":"image\/jpeg"}],"twitter_card":"summary_large_image","twitter_misc":{"Est. reading time":"1 minute"},"schema":{"@context":"https:\/\/schema.org","@graph":[{"@type":"WebPage","@id":"https:\/\/iodperformance.com\/en\/produkt\/clutch-kit-xtreme-outback-heavy-duty-organic-440nm-900kg-30-inc\/","url":"https:\/\/iodperformance.com\/en\/produkt\/clutch-kit-xtreme-outback-heavy-duty-organic-440nm-900kg-30-inc\/","name":"Clutch Kit - Xtreme Outback Heavy Duty Organic 440Nm 900Kg (30% inc.)","isPartOf":{"@id":"https:\/\/iodperformance.com\/#website"},"primaryImageOfPage":{"@id":"https:\/\/iodperformance.com\/en\/produkt\/clutch-kit-xtreme-outback-heavy-duty-organic-440nm-900kg-30-inc\/#primaryimage"},"image":{"@id":"https:\/\/iodperformance.com\/en\/produkt\/clutch-kit-xtreme-outback-heavy-duty-organic-440nm-900kg-30-inc\/#primaryimage"},"thumbnailUrl":"https:\/\/iodperformance.com\/wp-content\/uploads\/2025\/02\/wzmocnione-sprzeglo-organiczne-xtreme-outback-440-nm-42-y60.jpg","datePublished":"2025-03-05T11:53:26+00:00","dateModified":"2026-02-26T07:05:42+00:00","breadcrumb":{"@id":"https:\/\/iodperformance.com\/en\/produkt\/clutch-kit-xtreme-outback-heavy-duty-organic-440nm-900kg-30-inc\/#breadcrumb"},"inLanguage":"en-US","potentialAction":[{"@type":"ReadAction","target":["https:\/\/iodperformance.com\/en\/produkt\/clutch-kit-xtreme-outback-heavy-duty-organic-440nm-900kg-30-inc\/"]}]},{"@type":"ImageObject","inLanguage":"en-US","@id":"https:\/\/iodperformance.com\/en\/produkt\/clutch-kit-xtreme-outback-heavy-duty-organic-440nm-900kg-30-inc\/#primaryimage","url":"https:\/\/iodperformance.com\/wp-content\/uploads\/2025\/02\/wzmocnione-sprzeglo-organiczne-xtreme-outback-440-nm-42-y60.jpg","contentUrl":"https:\/\/iodperformance.com\/wp-content\/uploads\/2025\/02\/wzmocnione-sprzeglo-organiczne-xtreme-outback-440-nm-42-y60.jpg","width":344,"height":230},{"@type":"BreadcrumbList","@id":"https:\/\/iodperformance.com\/en\/produkt\/clutch-kit-xtreme-outback-heavy-duty-organic-440nm-900kg-30-inc\/#breadcrumb","itemListElement":[{"@type":"ListItem","position":1,"name":"Strona g\u0142\u00f3wna","item":"https:\/\/iodperformance.com\/en\/"},{"@type":"ListItem","position":2,"name":"Shop","item":"https:\/\/iodperformance.com\/en\/shop\/"},{"@type":"ListItem","position":3,"name":"Clutch Kit - Xtreme Outback Heavy Duty Organic 440Nm 900Kg (30% inc.)"}]},{"@type":"WebSite","@id":"https:\/\/iodperformance.com\/#website","url":"https:\/\/iodperformance.com\/","name":"IOD Performance","description":"Producent cz\u0119\u015bci i akcesori\u00f3w samochodowych","publisher":{"@id":"https:\/\/iodperformance.com\/#organization"},"potentialAction":[{"@type":"SearchAction","target":{"@type":"EntryPoint","urlTemplate":"https:\/\/iodperformance.com\/?s={search_term_string}"},"query-input":{"@type":"PropertyValueSpecification","valueRequired":true,"valueName":"search_term_string"}}],"inLanguage":"en-US"},{"@type":"Organization","@id":"https:\/\/iodperformance.com\/#organization","name":"IOD Performance","url":"https:\/\/iodperformance.com\/","logo":{"@type":"ImageObject","inLanguage":"en-US","@id":"https:\/\/iodperformance.com\/#\/schema\/logo\/image\/","url":"https:\/\/iodperformance.com\/wp-content\/uploads\/2025\/02\/logo_V2.png","contentUrl":"https:\/\/iodperformance.com\/wp-content\/uploads\/2025\/02\/logo_V2.png","width":2560,"height":1076,"caption":"IOD Performance"},"image":{"@id":"https:\/\/iodperformance.com\/#\/schema\/logo\/image\/"},"sameAs":["https:\/\/www.facebook.com\/IODshopPL\/","https:\/\/www.instagram.com\/iodperformance\/","https:\/\/www.youtube.com\/@iodperformance"]}]}},"_links":{"self":[{"href":"https:\/\/iodperformance.com\/en\/wp-json\/wp\/v2\/product\/6730","targetHints":{"allow":["GET"]}}],"collection":[{"href":"https:\/\/iodperformance.com\/en\/wp-json\/wp\/v2\/product"}],"about":[{"href":"https:\/\/iodperformance.com\/en\/wp-json\/wp\/v2\/types\/product"}],"version-history":[{"count":0,"href":"https:\/\/iodperformance.com\/en\/wp-json\/wp\/v2\/product\/6730\/revisions"}],"wp:featuredmedia":[{"embeddable":true,"href":"https:\/\/iodperformance.com\/en\/wp-json\/wp\/v2\/media\/4432"}],"wp:attachment":[{"href":"https:\/\/iodperformance.com\/en\/wp-json\/wp\/v2\/media?parent=6730"}],"wp:term":[{"taxonomy":"product_brand","embeddable":true,"href":"https:\/\/iodperformance.com\/en\/wp-json\/wp\/v2\/product_brand?post=6730"},{"taxonomy":"product_cat","embeddable":true,"href":"https:\/\/iodperformance.com\/en\/wp-json\/wp\/v2\/product_cat?post=6730"},{"taxonomy":"product_tag","embeddable":true,"href":"https:\/\/iodperformance.com\/en\/wp-json\/wp\/v2\/product_tag?post=6730"}],"curies":[{"name":"wp","href":"https:\/\/api.w.org\/{rel}","templated":true}]}}