{"id":6663,"date":"2025-03-05T12:55:48","date_gmt":"2025-03-05T11:55:48","guid":{"rendered":"https:\/\/iodperformance.com\/produkt\/ome-bp-51-75-100mm-rear-shock-absorber\/"},"modified":"2026-02-26T08:06:12","modified_gmt":"2026-02-26T07:06:12","slug":"ome-bp-51-75-100mm-rear-shock-absorber","status":"publish","type":"product","link":"https:\/\/iodperformance.com\/en\/produkt\/ome-bp-51-75-100mm-rear-shock-absorber\/","title":{"rendered":"Rear shock Old Man Emu BP-51 +100mm Nissan Patrol Y60\/Y61"},"content":{"rendered":"<p>Old Man Emu BP-51 shock absorbers utilize an internal flow system with shim-controlled damping and position-sensitive technology, providing comfort at standard ride height and progressive damping force in the final stages of suspension travel. Featuring a 51 mm diameter cylinder and large bypass ports, they offer increased oil capacity, better heat dissipation, and a wider range of damping adjustment.<\/p>\n<p><strong>Technical Specifications:<\/strong><\/p>\n<p>\u2022 Lift: +100 mm<br \/>\n\u2022 Fully extended length: 711 mm<br \/>\n\u2022 Fully compressed length: 435 mm<br \/>\n\u2022 Rear axle mounting<br \/>\n\u2022 Manufacturer:<br \/>\n&#8211; Old Man Emu<br \/>\n\u2022 Compatibility:<br \/>\n&#8211; Nissan Patrol Y60<br \/>\n&#8211; Nissan Patrol Y61<\/p>\n<p><strong>Included in the set:<\/strong><br \/>\n\u2022 Old Man Emu BP-51 rear shock absorber +100 mm<\/p>\n","protected":false},"excerpt":{"rendered":"<p>The BP-51 series from Old Man Emu has long been trusted by off-road enthusiasts and demanding drivers alike, delivering the highest level of control and ride comfort in all conditions. With adjustable rebound and compression damping, users can precisely tailor the shock absorber\u2019s performance to their driving style and vehicle load.<\/p>\n<p>Superior craftsmanship, advanced bypass technology, and proven durability make the BP-51 the perfect choice for both everyday driving and extreme off-road adventures.<\/p>\n","protected":false},"featured_media":19795,"template":"","meta":[],"product_brand":[340],"product_cat":[289],"product_tag":[597],"class_list":{"0":"post-6663","1":"product","2":"type-product","3":"status-publish","4":"has-post-thumbnail","6":"product_brand-old-man-emu-en","7":"product_cat-shock-absorbers","8":"product_tag-ome","10":"first","11":"instock","12":"taxable","13":"shipping-taxable","14":"purchasable","15":"product-type-simple"},"bundled_by":[],"bundle_stock_status":"instock","bundle_stock_quantity":null,"bundle_virtual":false,"bundle_layout":"","bundle_add_to_cart_form_location":"","bundle_editable_in_cart":false,"bundle_sold_individually_context":"","bundle_item_grouping":"","bundle_min_size":"","bundle_max_size":"","bundle_price":[],"bundled_items":[],"bundle_sell_ids":[],"yoast_head":"<!-- This site is optimized with the Yoast SEO plugin v27.2 - https:\/\/yoast.com\/product\/yoast-seo-wordpress\/ -->\n<title>Rear shock Old Man Emu BP-51 +100mm Nissan Patrol Y60\/Y61<\/title>\n<meta name=\"robots\" content=\"index, follow, max-snippet:-1, max-image-preview:large, max-video-preview:-1\" \/>\n<link rel=\"canonical\" href=\"https:\/\/iodperformance.com\/en\/produkt\/ome-bp-51-75-100mm-rear-shock-absorber\/\" \/>\n<meta property=\"og:locale\" content=\"en_US\" \/>\n<meta property=\"og:type\" content=\"article\" \/>\n<meta property=\"og:title\" content=\"Rear shock Old Man Emu BP-51 +100mm Nissan Patrol Y60\/Y61\" \/>\n<meta property=\"og:description\" content=\"The BP-51 series from Old Man Emu has long been trusted by off-road enthusiasts and demanding drivers alike, delivering the highest level of control and ride comfort in all conditions. With adjustable rebound and compression damping, users can precisely tailor the shock absorber\u2019s performance to their driving style and vehicle load. Superior craftsmanship, advanced bypass technology, and proven durability make the BP-51 the perfect choice for both everyday driving and extreme off-road adventures.\" \/>\n<meta property=\"og:url\" content=\"https:\/\/iodperformance.com\/en\/produkt\/ome-bp-51-75-100mm-rear-shock-absorber\/\" \/>\n<meta property=\"og:site_name\" content=\"IOD Performance\" \/>\n<meta property=\"article:publisher\" content=\"https:\/\/www.facebook.com\/IODshopPL\/\" \/>\n<meta property=\"article:modified_time\" content=\"2026-02-26T07:06:12+00:00\" \/>\n<meta property=\"og:image\" content=\"https:\/\/iodperformance.com\/wp-content\/uploads\/2025\/03\/amortyzator-tyl-ome-bp-51-50mm.png\" \/>\n\t<meta property=\"og:image:width\" content=\"1069\" \/>\n\t<meta property=\"og:image:height\" content=\"1500\" \/>\n\t<meta property=\"og:image:type\" content=\"image\/png\" \/>\n<meta name=\"twitter:card\" content=\"summary_large_image\" \/>\n<script type=\"application\/ld+json\" class=\"yoast-schema-graph\">{\"@context\":\"https:\/\/schema.org\",\"@graph\":[{\"@type\":\"WebPage\",\"@id\":\"https:\/\/iodperformance.com\/en\/produkt\/ome-bp-51-75-100mm-rear-shock-absorber\/\",\"url\":\"https:\/\/iodperformance.com\/en\/produkt\/ome-bp-51-75-100mm-rear-shock-absorber\/\",\"name\":\"Rear shock Old Man Emu BP-51 +100mm Nissan Patrol Y60\/Y61\",\"isPartOf\":{\"@id\":\"https:\/\/iodperformance.com\/#website\"},\"primaryImageOfPage\":{\"@id\":\"https:\/\/iodperformance.com\/en\/produkt\/ome-bp-51-75-100mm-rear-shock-absorber\/#primaryimage\"},\"image\":{\"@id\":\"https:\/\/iodperformance.com\/en\/produkt\/ome-bp-51-75-100mm-rear-shock-absorber\/#primaryimage\"},\"thumbnailUrl\":\"https:\/\/iodperformance.com\/wp-content\/uploads\/2025\/03\/amortyzator-tyl-ome-bp-51-50mm.png\",\"datePublished\":\"2025-03-05T11:55:48+00:00\",\"dateModified\":\"2026-02-26T07:06:12+00:00\",\"breadcrumb\":{\"@id\":\"https:\/\/iodperformance.com\/en\/produkt\/ome-bp-51-75-100mm-rear-shock-absorber\/#breadcrumb\"},\"inLanguage\":\"en-US\",\"potentialAction\":[{\"@type\":\"ReadAction\",\"target\":[\"https:\/\/iodperformance.com\/en\/produkt\/ome-bp-51-75-100mm-rear-shock-absorber\/\"]}]},{\"@type\":\"ImageObject\",\"inLanguage\":\"en-US\",\"@id\":\"https:\/\/iodperformance.com\/en\/produkt\/ome-bp-51-75-100mm-rear-shock-absorber\/#primaryimage\",\"url\":\"https:\/\/iodperformance.com\/wp-content\/uploads\/2025\/03\/amortyzator-tyl-ome-bp-51-50mm.png\",\"contentUrl\":\"https:\/\/iodperformance.com\/wp-content\/uploads\/2025\/03\/amortyzator-tyl-ome-bp-51-50mm.png\",\"width\":1069,\"height\":1500},{\"@type\":\"BreadcrumbList\",\"@id\":\"https:\/\/iodperformance.com\/en\/produkt\/ome-bp-51-75-100mm-rear-shock-absorber\/#breadcrumb\",\"itemListElement\":[{\"@type\":\"ListItem\",\"position\":1,\"name\":\"Strona g\u0142\u00f3wna\",\"item\":\"https:\/\/iodperformance.com\/en\/\"},{\"@type\":\"ListItem\",\"position\":2,\"name\":\"Shop\",\"item\":\"https:\/\/iodperformance.com\/en\/shop\/\"},{\"@type\":\"ListItem\",\"position\":3,\"name\":\"Rear shock Old Man Emu BP-51 +100mm Nissan Patrol Y60\/Y61\"}]},{\"@type\":\"WebSite\",\"@id\":\"https:\/\/iodperformance.com\/#website\",\"url\":\"https:\/\/iodperformance.com\/\",\"name\":\"IOD Performance\",\"description\":\"Producent cz\u0119\u015bci i akcesori\u00f3w samochodowych\",\"publisher\":{\"@id\":\"https:\/\/iodperformance.com\/#organization\"},\"potentialAction\":[{\"@type\":\"SearchAction\",\"target\":{\"@type\":\"EntryPoint\",\"urlTemplate\":\"https:\/\/iodperformance.com\/?s={search_term_string}\"},\"query-input\":{\"@type\":\"PropertyValueSpecification\",\"valueRequired\":true,\"valueName\":\"search_term_string\"}}],\"inLanguage\":\"en-US\"},{\"@type\":\"Organization\",\"@id\":\"https:\/\/iodperformance.com\/#organization\",\"name\":\"IOD Performance\",\"url\":\"https:\/\/iodperformance.com\/\",\"logo\":{\"@type\":\"ImageObject\",\"inLanguage\":\"en-US\",\"@id\":\"https:\/\/iodperformance.com\/#\/schema\/logo\/image\/\",\"url\":\"https:\/\/iodperformance.com\/wp-content\/uploads\/2025\/02\/logo_V2.png\",\"contentUrl\":\"https:\/\/iodperformance.com\/wp-content\/uploads\/2025\/02\/logo_V2.png\",\"width\":2560,\"height\":1076,\"caption\":\"IOD Performance\"},\"image\":{\"@id\":\"https:\/\/iodperformance.com\/#\/schema\/logo\/image\/\"},\"sameAs\":[\"https:\/\/www.facebook.com\/IODshopPL\/\",\"https:\/\/www.instagram.com\/iodperformance\/\",\"https:\/\/www.youtube.com\/@iodperformance\"]}]}<\/script>\n<!-- \/ Yoast SEO plugin. -->","yoast_head_json":{"title":"Rear shock Old Man Emu BP-51 +100mm Nissan Patrol Y60\/Y61","robots":{"index":"index","follow":"follow","max-snippet":"max-snippet:-1","max-image-preview":"max-image-preview:large","max-video-preview":"max-video-preview:-1"},"canonical":"https:\/\/iodperformance.com\/en\/produkt\/ome-bp-51-75-100mm-rear-shock-absorber\/","og_locale":"en_US","og_type":"article","og_title":"Rear shock Old Man Emu BP-51 +100mm Nissan Patrol Y60\/Y61","og_description":"The BP-51 series from Old Man Emu has long been trusted by off-road enthusiasts and demanding drivers alike, delivering the highest level of control and ride comfort in all conditions. With adjustable rebound and compression damping, users can precisely tailor the shock absorber\u2019s performance to their driving style and vehicle load. Superior craftsmanship, advanced bypass technology, and proven durability make the BP-51 the perfect choice for both everyday driving and extreme off-road adventures.","og_url":"https:\/\/iodperformance.com\/en\/produkt\/ome-bp-51-75-100mm-rear-shock-absorber\/","og_site_name":"IOD Performance","article_publisher":"https:\/\/www.facebook.com\/IODshopPL\/","article_modified_time":"2026-02-26T07:06:12+00:00","og_image":[{"width":1069,"height":1500,"url":"https:\/\/iodperformance.com\/wp-content\/uploads\/2025\/03\/amortyzator-tyl-ome-bp-51-50mm.png","type":"image\/png"}],"twitter_card":"summary_large_image","schema":{"@context":"https:\/\/schema.org","@graph":[{"@type":"WebPage","@id":"https:\/\/iodperformance.com\/en\/produkt\/ome-bp-51-75-100mm-rear-shock-absorber\/","url":"https:\/\/iodperformance.com\/en\/produkt\/ome-bp-51-75-100mm-rear-shock-absorber\/","name":"Rear shock Old Man Emu BP-51 +100mm Nissan Patrol Y60\/Y61","isPartOf":{"@id":"https:\/\/iodperformance.com\/#website"},"primaryImageOfPage":{"@id":"https:\/\/iodperformance.com\/en\/produkt\/ome-bp-51-75-100mm-rear-shock-absorber\/#primaryimage"},"image":{"@id":"https:\/\/iodperformance.com\/en\/produkt\/ome-bp-51-75-100mm-rear-shock-absorber\/#primaryimage"},"thumbnailUrl":"https:\/\/iodperformance.com\/wp-content\/uploads\/2025\/03\/amortyzator-tyl-ome-bp-51-50mm.png","datePublished":"2025-03-05T11:55:48+00:00","dateModified":"2026-02-26T07:06:12+00:00","breadcrumb":{"@id":"https:\/\/iodperformance.com\/en\/produkt\/ome-bp-51-75-100mm-rear-shock-absorber\/#breadcrumb"},"inLanguage":"en-US","potentialAction":[{"@type":"ReadAction","target":["https:\/\/iodperformance.com\/en\/produkt\/ome-bp-51-75-100mm-rear-shock-absorber\/"]}]},{"@type":"ImageObject","inLanguage":"en-US","@id":"https:\/\/iodperformance.com\/en\/produkt\/ome-bp-51-75-100mm-rear-shock-absorber\/#primaryimage","url":"https:\/\/iodperformance.com\/wp-content\/uploads\/2025\/03\/amortyzator-tyl-ome-bp-51-50mm.png","contentUrl":"https:\/\/iodperformance.com\/wp-content\/uploads\/2025\/03\/amortyzator-tyl-ome-bp-51-50mm.png","width":1069,"height":1500},{"@type":"BreadcrumbList","@id":"https:\/\/iodperformance.com\/en\/produkt\/ome-bp-51-75-100mm-rear-shock-absorber\/#breadcrumb","itemListElement":[{"@type":"ListItem","position":1,"name":"Strona g\u0142\u00f3wna","item":"https:\/\/iodperformance.com\/en\/"},{"@type":"ListItem","position":2,"name":"Shop","item":"https:\/\/iodperformance.com\/en\/shop\/"},{"@type":"ListItem","position":3,"name":"Rear shock Old Man Emu BP-51 +100mm Nissan Patrol Y60\/Y61"}]},{"@type":"WebSite","@id":"https:\/\/iodperformance.com\/#website","url":"https:\/\/iodperformance.com\/","name":"IOD Performance","description":"Producent cz\u0119\u015bci i akcesori\u00f3w samochodowych","publisher":{"@id":"https:\/\/iodperformance.com\/#organization"},"potentialAction":[{"@type":"SearchAction","target":{"@type":"EntryPoint","urlTemplate":"https:\/\/iodperformance.com\/?s={search_term_string}"},"query-input":{"@type":"PropertyValueSpecification","valueRequired":true,"valueName":"search_term_string"}}],"inLanguage":"en-US"},{"@type":"Organization","@id":"https:\/\/iodperformance.com\/#organization","name":"IOD Performance","url":"https:\/\/iodperformance.com\/","logo":{"@type":"ImageObject","inLanguage":"en-US","@id":"https:\/\/iodperformance.com\/#\/schema\/logo\/image\/","url":"https:\/\/iodperformance.com\/wp-content\/uploads\/2025\/02\/logo_V2.png","contentUrl":"https:\/\/iodperformance.com\/wp-content\/uploads\/2025\/02\/logo_V2.png","width":2560,"height":1076,"caption":"IOD Performance"},"image":{"@id":"https:\/\/iodperformance.com\/#\/schema\/logo\/image\/"},"sameAs":["https:\/\/www.facebook.com\/IODshopPL\/","https:\/\/www.instagram.com\/iodperformance\/","https:\/\/www.youtube.com\/@iodperformance"]}]}},"_links":{"self":[{"href":"https:\/\/iodperformance.com\/en\/wp-json\/wp\/v2\/product\/6663","targetHints":{"allow":["GET"]}}],"collection":[{"href":"https:\/\/iodperformance.com\/en\/wp-json\/wp\/v2\/product"}],"about":[{"href":"https:\/\/iodperformance.com\/en\/wp-json\/wp\/v2\/types\/product"}],"version-history":[{"count":0,"href":"https:\/\/iodperformance.com\/en\/wp-json\/wp\/v2\/product\/6663\/revisions"}],"wp:featuredmedia":[{"embeddable":true,"href":"https:\/\/iodperformance.com\/en\/wp-json\/wp\/v2\/media\/19795"}],"wp:attachment":[{"href":"https:\/\/iodperformance.com\/en\/wp-json\/wp\/v2\/media?parent=6663"}],"wp:term":[{"taxonomy":"product_brand","embeddable":true,"href":"https:\/\/iodperformance.com\/en\/wp-json\/wp\/v2\/product_brand?post=6663"},{"taxonomy":"product_cat","embeddable":true,"href":"https:\/\/iodperformance.com\/en\/wp-json\/wp\/v2\/product_cat?post=6663"},{"taxonomy":"product_tag","embeddable":true,"href":"https:\/\/iodperformance.com\/en\/wp-json\/wp\/v2\/product_tag?post=6663"}],"curies":[{"name":"wp","href":"https:\/\/api.w.org\/{rel}","templated":true}]}}