{"id":6642,"date":"2025-07-24T09:43:06","date_gmt":"2025-07-24T07:43:06","guid":{"rendered":"https:\/\/iodperformance.com\/produkt\/rear-springs-2-y61-swb-dobinsons\/"},"modified":"2026-02-26T08:20:01","modified_gmt":"2026-02-26T07:20:01","slug":"rear-springs-2-y61-swb-dobinsons","status":"publish","type":"product","link":"https:\/\/iodperformance.com\/en\/produkt\/rear-springs-2-y61-swb-dobinsons\/","title":{"rendered":"Dobinsons +6&#8243; front springs Nissan Patrol Y60\/Y61 LWB"},"content":{"rendered":"<p>Dobinsons +150mm front springs designed for Nissan Patrol Y60\/Y61 LWB car.<\/p>\n<p><strong>Technical specifications:<\/strong><\/p>\n<p>&#8211; Left spring height: 540 mm<br \/>\n&#8211; Right spring height: 520 mm<br \/>\n&#8211; Deflection coefficient: 56 N\/mm<br \/>\n&#8211; Manufacturer:<br \/>\n&#8211; Dobinsons<br \/>\n&#8211; Compatibility:<br \/>\n&#8211; Nissan Patrol Y60 LWB<br \/>\n&#8211; Nissan Patrol Y61 LWB<\/p>\n<p><strong>Kit includes:<\/strong><br \/>\n&#8211; A set of two springs for the front axle.  <\/p>\n","protected":false},"excerpt":{"rendered":"<p>Dobinsons coil springs are premium-grade suspension components, made from heat-treated SUP9 spring steel. They ensure perfect fitment, durability, and increased load-carrying capacity in demanding off-road conditions. Manufactured using hot coiling and precision CNC mandrel forming, each spring undergoes scragging and fatigue testing to maintain consistent performance. Finished with a corrosion-resistant powder coat and fully compatible with OEM 4&#215;4 mounting points.<\/p>\n","protected":false},"featured_media":20961,"template":"","meta":[],"product_brand":[341],"product_cat":[291],"product_tag":[],"class_list":{"0":"post-6642","1":"product","2":"type-product","3":"status-publish","4":"has-post-thumbnail","6":"product_brand-dobinsons-en","7":"product_cat-springs","9":"first","10":"instock","11":"taxable","12":"shipping-taxable","13":"purchasable","14":"product-type-simple"},"bundled_by":[],"bundle_stock_status":"instock","bundle_stock_quantity":null,"bundle_virtual":false,"bundle_layout":"","bundle_add_to_cart_form_location":"","bundle_editable_in_cart":false,"bundle_sold_individually_context":"","bundle_item_grouping":"","bundle_min_size":"","bundle_max_size":"","bundle_price":[],"bundled_items":[],"bundle_sell_ids":[],"yoast_head":"<!-- This site is optimized with the Yoast SEO plugin v27.2 - https:\/\/yoast.com\/product\/yoast-seo-wordpress\/ -->\n<title>Dobinsons +6&quot; front springs Nissan Patrol Y60\/Y61 LWB<\/title>\n<meta name=\"robots\" content=\"index, follow, max-snippet:-1, max-image-preview:large, max-video-preview:-1\" \/>\n<link rel=\"canonical\" href=\"https:\/\/iodperformance.com\/en\/produkt\/rear-springs-2-y61-swb-dobinsons\/\" \/>\n<meta property=\"og:locale\" content=\"en_US\" \/>\n<meta property=\"og:type\" content=\"article\" \/>\n<meta property=\"og:title\" content=\"Dobinsons +6&quot; front springs Nissan Patrol Y60\/Y61 LWB\" \/>\n<meta property=\"og:description\" content=\"Dobinsons coil springs are premium-grade suspension components, made from heat-treated SUP9 spring steel. They ensure perfect fitment, durability, and increased load-carrying capacity in demanding off-road conditions. Manufactured using hot coiling and precision CNC mandrel forming, each spring undergoes scragging and fatigue testing to maintain consistent performance. Finished with a corrosion-resistant powder coat and fully compatible with OEM 4x4 mounting points.\" \/>\n<meta property=\"og:url\" content=\"https:\/\/iodperformance.com\/en\/produkt\/rear-springs-2-y61-swb-dobinsons\/\" \/>\n<meta property=\"og:site_name\" content=\"IOD Performance\" \/>\n<meta property=\"article:publisher\" content=\"https:\/\/www.facebook.com\/IODshopPL\/\" \/>\n<meta property=\"article:modified_time\" content=\"2026-02-26T07:20:01+00:00\" \/>\n<meta property=\"og:image\" content=\"https:\/\/iodperformance.com\/wp-content\/uploads\/2025\/07\/c45-128_1-37c2cdb7.webp\" \/>\n\t<meta property=\"og:image:width\" content=\"680\" \/>\n\t<meta property=\"og:image:height\" content=\"680\" \/>\n\t<meta property=\"og:image:type\" content=\"image\/webp\" \/>\n<meta name=\"twitter:card\" content=\"summary_large_image\" \/>\n<meta name=\"twitter:label1\" content=\"Est. reading time\" \/>\n\t<meta name=\"twitter:data1\" content=\"1 minute\" \/>\n<script type=\"application\/ld+json\" class=\"yoast-schema-graph\">{\"@context\":\"https:\/\/schema.org\",\"@graph\":[{\"@type\":\"WebPage\",\"@id\":\"https:\/\/iodperformance.com\/en\/produkt\/rear-springs-2-y61-swb-dobinsons\/\",\"url\":\"https:\/\/iodperformance.com\/en\/produkt\/rear-springs-2-y61-swb-dobinsons\/\",\"name\":\"Dobinsons +6\\\" front springs Nissan Patrol Y60\/Y61 LWB\",\"isPartOf\":{\"@id\":\"https:\/\/iodperformance.com\/#website\"},\"primaryImageOfPage\":{\"@id\":\"https:\/\/iodperformance.com\/en\/produkt\/rear-springs-2-y61-swb-dobinsons\/#primaryimage\"},\"image\":{\"@id\":\"https:\/\/iodperformance.com\/en\/produkt\/rear-springs-2-y61-swb-dobinsons\/#primaryimage\"},\"thumbnailUrl\":\"https:\/\/iodperformance.com\/wp-content\/uploads\/2025\/07\/c45-128_1-37c2cdb7.webp\",\"datePublished\":\"2025-07-24T07:43:06+00:00\",\"dateModified\":\"2026-02-26T07:20:01+00:00\",\"breadcrumb\":{\"@id\":\"https:\/\/iodperformance.com\/en\/produkt\/rear-springs-2-y61-swb-dobinsons\/#breadcrumb\"},\"inLanguage\":\"en-US\",\"potentialAction\":[{\"@type\":\"ReadAction\",\"target\":[\"https:\/\/iodperformance.com\/en\/produkt\/rear-springs-2-y61-swb-dobinsons\/\"]}]},{\"@type\":\"ImageObject\",\"inLanguage\":\"en-US\",\"@id\":\"https:\/\/iodperformance.com\/en\/produkt\/rear-springs-2-y61-swb-dobinsons\/#primaryimage\",\"url\":\"https:\/\/iodperformance.com\/wp-content\/uploads\/2025\/07\/c45-128_1-37c2cdb7.webp\",\"contentUrl\":\"https:\/\/iodperformance.com\/wp-content\/uploads\/2025\/07\/c45-128_1-37c2cdb7.webp\",\"width\":680,\"height\":680},{\"@type\":\"BreadcrumbList\",\"@id\":\"https:\/\/iodperformance.com\/en\/produkt\/rear-springs-2-y61-swb-dobinsons\/#breadcrumb\",\"itemListElement\":[{\"@type\":\"ListItem\",\"position\":1,\"name\":\"Strona g\u0142\u00f3wna\",\"item\":\"https:\/\/iodperformance.com\/en\/\"},{\"@type\":\"ListItem\",\"position\":2,\"name\":\"Shop\",\"item\":\"https:\/\/iodperformance.com\/en\/shop\/\"},{\"@type\":\"ListItem\",\"position\":3,\"name\":\"Dobinsons +6&#8243; front springs Nissan Patrol Y60\/Y61 LWB\"}]},{\"@type\":\"WebSite\",\"@id\":\"https:\/\/iodperformance.com\/#website\",\"url\":\"https:\/\/iodperformance.com\/\",\"name\":\"IOD Performance\",\"description\":\"Producent cz\u0119\u015bci i akcesori\u00f3w samochodowych\",\"publisher\":{\"@id\":\"https:\/\/iodperformance.com\/#organization\"},\"potentialAction\":[{\"@type\":\"SearchAction\",\"target\":{\"@type\":\"EntryPoint\",\"urlTemplate\":\"https:\/\/iodperformance.com\/?s={search_term_string}\"},\"query-input\":{\"@type\":\"PropertyValueSpecification\",\"valueRequired\":true,\"valueName\":\"search_term_string\"}}],\"inLanguage\":\"en-US\"},{\"@type\":\"Organization\",\"@id\":\"https:\/\/iodperformance.com\/#organization\",\"name\":\"IOD Performance\",\"url\":\"https:\/\/iodperformance.com\/\",\"logo\":{\"@type\":\"ImageObject\",\"inLanguage\":\"en-US\",\"@id\":\"https:\/\/iodperformance.com\/#\/schema\/logo\/image\/\",\"url\":\"https:\/\/iodperformance.com\/wp-content\/uploads\/2025\/02\/logo_V2.png\",\"contentUrl\":\"https:\/\/iodperformance.com\/wp-content\/uploads\/2025\/02\/logo_V2.png\",\"width\":2560,\"height\":1076,\"caption\":\"IOD Performance\"},\"image\":{\"@id\":\"https:\/\/iodperformance.com\/#\/schema\/logo\/image\/\"},\"sameAs\":[\"https:\/\/www.facebook.com\/IODshopPL\/\",\"https:\/\/www.instagram.com\/iodperformance\/\",\"https:\/\/www.youtube.com\/@iodperformance\"]}]}<\/script>\n<!-- \/ Yoast SEO plugin. -->","yoast_head_json":{"title":"Dobinsons +6\" front springs Nissan Patrol Y60\/Y61 LWB","robots":{"index":"index","follow":"follow","max-snippet":"max-snippet:-1","max-image-preview":"max-image-preview:large","max-video-preview":"max-video-preview:-1"},"canonical":"https:\/\/iodperformance.com\/en\/produkt\/rear-springs-2-y61-swb-dobinsons\/","og_locale":"en_US","og_type":"article","og_title":"Dobinsons +6\" front springs Nissan Patrol Y60\/Y61 LWB","og_description":"Dobinsons coil springs are premium-grade suspension components, made from heat-treated SUP9 spring steel. They ensure perfect fitment, durability, and increased load-carrying capacity in demanding off-road conditions. Manufactured using hot coiling and precision CNC mandrel forming, each spring undergoes scragging and fatigue testing to maintain consistent performance. Finished with a corrosion-resistant powder coat and fully compatible with OEM 4x4 mounting points.","og_url":"https:\/\/iodperformance.com\/en\/produkt\/rear-springs-2-y61-swb-dobinsons\/","og_site_name":"IOD Performance","article_publisher":"https:\/\/www.facebook.com\/IODshopPL\/","article_modified_time":"2026-02-26T07:20:01+00:00","og_image":[{"width":680,"height":680,"url":"https:\/\/iodperformance.com\/wp-content\/uploads\/2025\/07\/c45-128_1-37c2cdb7.webp","type":"image\/webp"}],"twitter_card":"summary_large_image","twitter_misc":{"Est. reading time":"1 minute"},"schema":{"@context":"https:\/\/schema.org","@graph":[{"@type":"WebPage","@id":"https:\/\/iodperformance.com\/en\/produkt\/rear-springs-2-y61-swb-dobinsons\/","url":"https:\/\/iodperformance.com\/en\/produkt\/rear-springs-2-y61-swb-dobinsons\/","name":"Dobinsons +6\" front springs Nissan Patrol Y60\/Y61 LWB","isPartOf":{"@id":"https:\/\/iodperformance.com\/#website"},"primaryImageOfPage":{"@id":"https:\/\/iodperformance.com\/en\/produkt\/rear-springs-2-y61-swb-dobinsons\/#primaryimage"},"image":{"@id":"https:\/\/iodperformance.com\/en\/produkt\/rear-springs-2-y61-swb-dobinsons\/#primaryimage"},"thumbnailUrl":"https:\/\/iodperformance.com\/wp-content\/uploads\/2025\/07\/c45-128_1-37c2cdb7.webp","datePublished":"2025-07-24T07:43:06+00:00","dateModified":"2026-02-26T07:20:01+00:00","breadcrumb":{"@id":"https:\/\/iodperformance.com\/en\/produkt\/rear-springs-2-y61-swb-dobinsons\/#breadcrumb"},"inLanguage":"en-US","potentialAction":[{"@type":"ReadAction","target":["https:\/\/iodperformance.com\/en\/produkt\/rear-springs-2-y61-swb-dobinsons\/"]}]},{"@type":"ImageObject","inLanguage":"en-US","@id":"https:\/\/iodperformance.com\/en\/produkt\/rear-springs-2-y61-swb-dobinsons\/#primaryimage","url":"https:\/\/iodperformance.com\/wp-content\/uploads\/2025\/07\/c45-128_1-37c2cdb7.webp","contentUrl":"https:\/\/iodperformance.com\/wp-content\/uploads\/2025\/07\/c45-128_1-37c2cdb7.webp","width":680,"height":680},{"@type":"BreadcrumbList","@id":"https:\/\/iodperformance.com\/en\/produkt\/rear-springs-2-y61-swb-dobinsons\/#breadcrumb","itemListElement":[{"@type":"ListItem","position":1,"name":"Strona g\u0142\u00f3wna","item":"https:\/\/iodperformance.com\/en\/"},{"@type":"ListItem","position":2,"name":"Shop","item":"https:\/\/iodperformance.com\/en\/shop\/"},{"@type":"ListItem","position":3,"name":"Dobinsons +6&#8243; front springs Nissan Patrol Y60\/Y61 LWB"}]},{"@type":"WebSite","@id":"https:\/\/iodperformance.com\/#website","url":"https:\/\/iodperformance.com\/","name":"IOD Performance","description":"Producent cz\u0119\u015bci i akcesori\u00f3w samochodowych","publisher":{"@id":"https:\/\/iodperformance.com\/#organization"},"potentialAction":[{"@type":"SearchAction","target":{"@type":"EntryPoint","urlTemplate":"https:\/\/iodperformance.com\/?s={search_term_string}"},"query-input":{"@type":"PropertyValueSpecification","valueRequired":true,"valueName":"search_term_string"}}],"inLanguage":"en-US"},{"@type":"Organization","@id":"https:\/\/iodperformance.com\/#organization","name":"IOD Performance","url":"https:\/\/iodperformance.com\/","logo":{"@type":"ImageObject","inLanguage":"en-US","@id":"https:\/\/iodperformance.com\/#\/schema\/logo\/image\/","url":"https:\/\/iodperformance.com\/wp-content\/uploads\/2025\/02\/logo_V2.png","contentUrl":"https:\/\/iodperformance.com\/wp-content\/uploads\/2025\/02\/logo_V2.png","width":2560,"height":1076,"caption":"IOD Performance"},"image":{"@id":"https:\/\/iodperformance.com\/#\/schema\/logo\/image\/"},"sameAs":["https:\/\/www.facebook.com\/IODshopPL\/","https:\/\/www.instagram.com\/iodperformance\/","https:\/\/www.youtube.com\/@iodperformance"]}]}},"_links":{"self":[{"href":"https:\/\/iodperformance.com\/en\/wp-json\/wp\/v2\/product\/6642","targetHints":{"allow":["GET"]}}],"collection":[{"href":"https:\/\/iodperformance.com\/en\/wp-json\/wp\/v2\/product"}],"about":[{"href":"https:\/\/iodperformance.com\/en\/wp-json\/wp\/v2\/types\/product"}],"version-history":[{"count":3,"href":"https:\/\/iodperformance.com\/en\/wp-json\/wp\/v2\/product\/6642\/revisions"}],"predecessor-version":[{"id":26521,"href":"https:\/\/iodperformance.com\/en\/wp-json\/wp\/v2\/product\/6642\/revisions\/26521"}],"wp:featuredmedia":[{"embeddable":true,"href":"https:\/\/iodperformance.com\/en\/wp-json\/wp\/v2\/media\/20961"}],"wp:attachment":[{"href":"https:\/\/iodperformance.com\/en\/wp-json\/wp\/v2\/media?parent=6642"}],"wp:term":[{"taxonomy":"product_brand","embeddable":true,"href":"https:\/\/iodperformance.com\/en\/wp-json\/wp\/v2\/product_brand?post=6642"},{"taxonomy":"product_cat","embeddable":true,"href":"https:\/\/iodperformance.com\/en\/wp-json\/wp\/v2\/product_cat?post=6642"},{"taxonomy":"product_tag","embeddable":true,"href":"https:\/\/iodperformance.com\/en\/wp-json\/wp\/v2\/product_tag?post=6642"}],"curies":[{"name":"wp","href":"https:\/\/api.w.org\/{rel}","templated":true}]}}