{"id":6626,"date":"2025-06-18T08:21:41","date_gmt":"2025-06-18T06:21:41","guid":{"rendered":"https:\/\/iodperformance.com\/produkt\/rear-shock-absorber-4-dobinsons-gs\/"},"modified":"2026-02-26T08:12:34","modified_gmt":"2026-02-26T07:12:34","slug":"rear-shock-absorber-4-dobinsons-gs","status":"publish","type":"product","link":"https:\/\/iodperformance.com\/en\/produkt\/rear-shock-absorber-4-dobinsons-gs\/","title":{"rendered":"Rear shock Dobinsons GS +6&#8243; Nissan Patrol Y60\/Y61"},"content":{"rendered":"<p>Dobinsons GS shock absorbers are a proven gas-oil solution for everyday driving and light off-road use. They provide comfort, stability, and durability at an affordable price. Designed for suspension lifts of +150mm.<\/p>\n<p><strong>Technical specifications:<\/strong><\/p>\n<p>\u2022 Gas-oil type<\/p>\n<p>\u2022 Outer diameter: 60 mm<\/p>\n<p>\u2022 Chromed rod with a diameter of 18 mm<\/p>\n<p>\u2022 Piston diameter: 35 mm<\/p>\n<p>\u2022 Oil from the German company Fuchs<\/p>\n<p>\u2022 High-quality NOK seals<\/p>\n<p>\u2022 Manufacturer:<\/p>\n<p>&#8211; Dobinsons<\/p>\n<p>\u2022 Compatibility:<\/p>\n<p>&#8211; Nissan Patrol Y60<\/p>\n<p>&#8211; Nissan Patrol Y61<\/p>\n<p><strong>Set includes:<\/strong><\/p>\n<p>\u2022 Dobinsons GS rear shock absorber +6&#8243;<\/p>\n","protected":false},"excerpt":{"rendered":"<p>Dobinsons GS series shock absorbers feature a twin-tube design with a significantly thicker body and larger working cylinder diameter. The compression and rebound valve settings (valving) are optimized to maximize ride quality and steering precision. Compared to standard shocks, they contain an increased oil volume, which enhances heat capacity, while nitrogen stabilizes the oil during operation, effectively reducing cavitation.<\/p>\n","protected":false},"featured_media":20655,"template":"","meta":[],"product_brand":[341],"product_cat":[289],"product_tag":[],"class_list":{"0":"post-6626","1":"product","2":"type-product","3":"status-publish","4":"has-post-thumbnail","6":"product_brand-dobinsons-en","7":"product_cat-shock-absorbers","9":"first","10":"instock","11":"taxable","12":"shipping-taxable","13":"purchasable","14":"product-type-simple"},"bundled_by":["20615"],"bundle_stock_status":"instock","bundle_stock_quantity":null,"bundle_virtual":false,"bundle_layout":"","bundle_add_to_cart_form_location":"","bundle_editable_in_cart":false,"bundle_sold_individually_context":"","bundle_item_grouping":"","bundle_min_size":"","bundle_max_size":"","bundle_price":[],"bundled_items":[],"bundle_sell_ids":[],"yoast_head":"<!-- This site is optimized with the Yoast SEO plugin v27.2 - https:\/\/yoast.com\/product\/yoast-seo-wordpress\/ -->\n<title>Rear shock Dobinsons GS +6&quot; Nissan Patrol Y60\/Y61<\/title>\n<meta name=\"robots\" content=\"index, follow, max-snippet:-1, max-image-preview:large, max-video-preview:-1\" \/>\n<link rel=\"canonical\" href=\"https:\/\/iodperformance.com\/en\/produkt\/rear-shock-absorber-4-dobinsons-gs\/\" \/>\n<meta property=\"og:locale\" content=\"en_US\" \/>\n<meta property=\"og:type\" content=\"article\" \/>\n<meta property=\"og:title\" content=\"Rear shock Dobinsons GS +6&quot; Nissan Patrol Y60\/Y61\" \/>\n<meta property=\"og:description\" content=\"Dobinsons GS series shock absorbers feature a twin-tube design with a significantly thicker body and larger working cylinder diameter. The compression and rebound valve settings (valving) are optimized to maximize ride quality and steering precision. Compared to standard shocks, they contain an increased oil volume, which enhances heat capacity, while nitrogen stabilizes the oil during operation, effectively reducing cavitation.\" \/>\n<meta property=\"og:url\" content=\"https:\/\/iodperformance.com\/en\/produkt\/rear-shock-absorber-4-dobinsons-gs\/\" \/>\n<meta property=\"og:site_name\" content=\"IOD Performance\" \/>\n<meta property=\"article:publisher\" content=\"https:\/\/www.facebook.com\/IODshopPL\/\" \/>\n<meta property=\"article:modified_time\" content=\"2026-02-26T07:12:34+00:00\" \/>\n<meta property=\"og:image\" content=\"https:\/\/iodperformance.com\/wp-content\/uploads\/2025\/06\/dobinsons-amortyzator-tyl-nissan-patrol-lift-6.webp\" \/>\n\t<meta property=\"og:image:width\" content=\"1069\" \/>\n\t<meta property=\"og:image:height\" content=\"1500\" \/>\n\t<meta property=\"og:image:type\" content=\"image\/webp\" \/>\n<meta name=\"twitter:card\" content=\"summary_large_image\" \/>\n<meta name=\"twitter:label1\" content=\"Est. reading time\" \/>\n\t<meta name=\"twitter:data1\" content=\"1 minute\" \/>\n<script type=\"application\/ld+json\" class=\"yoast-schema-graph\">{\"@context\":\"https:\/\/schema.org\",\"@graph\":[{\"@type\":\"WebPage\",\"@id\":\"https:\/\/iodperformance.com\/en\/produkt\/rear-shock-absorber-4-dobinsons-gs\/\",\"url\":\"https:\/\/iodperformance.com\/en\/produkt\/rear-shock-absorber-4-dobinsons-gs\/\",\"name\":\"Rear shock Dobinsons GS +6\\\" Nissan Patrol Y60\/Y61\",\"isPartOf\":{\"@id\":\"https:\/\/iodperformance.com\/#website\"},\"primaryImageOfPage\":{\"@id\":\"https:\/\/iodperformance.com\/en\/produkt\/rear-shock-absorber-4-dobinsons-gs\/#primaryimage\"},\"image\":{\"@id\":\"https:\/\/iodperformance.com\/en\/produkt\/rear-shock-absorber-4-dobinsons-gs\/#primaryimage\"},\"thumbnailUrl\":\"https:\/\/iodperformance.com\/wp-content\/uploads\/2025\/06\/dobinsons-amortyzator-tyl-nissan-patrol-lift-6.webp\",\"datePublished\":\"2025-06-18T06:21:41+00:00\",\"dateModified\":\"2026-02-26T07:12:34+00:00\",\"breadcrumb\":{\"@id\":\"https:\/\/iodperformance.com\/en\/produkt\/rear-shock-absorber-4-dobinsons-gs\/#breadcrumb\"},\"inLanguage\":\"en-US\",\"potentialAction\":[{\"@type\":\"ReadAction\",\"target\":[\"https:\/\/iodperformance.com\/en\/produkt\/rear-shock-absorber-4-dobinsons-gs\/\"]}]},{\"@type\":\"ImageObject\",\"inLanguage\":\"en-US\",\"@id\":\"https:\/\/iodperformance.com\/en\/produkt\/rear-shock-absorber-4-dobinsons-gs\/#primaryimage\",\"url\":\"https:\/\/iodperformance.com\/wp-content\/uploads\/2025\/06\/dobinsons-amortyzator-tyl-nissan-patrol-lift-6.webp\",\"contentUrl\":\"https:\/\/iodperformance.com\/wp-content\/uploads\/2025\/06\/dobinsons-amortyzator-tyl-nissan-patrol-lift-6.webp\",\"width\":1069,\"height\":1500},{\"@type\":\"BreadcrumbList\",\"@id\":\"https:\/\/iodperformance.com\/en\/produkt\/rear-shock-absorber-4-dobinsons-gs\/#breadcrumb\",\"itemListElement\":[{\"@type\":\"ListItem\",\"position\":1,\"name\":\"Strona g\u0142\u00f3wna\",\"item\":\"https:\/\/iodperformance.com\/en\/\"},{\"@type\":\"ListItem\",\"position\":2,\"name\":\"Shop\",\"item\":\"https:\/\/iodperformance.com\/en\/shop\/\"},{\"@type\":\"ListItem\",\"position\":3,\"name\":\"Rear shock Dobinsons GS +6&#8243; Nissan Patrol Y60\/Y61\"}]},{\"@type\":\"WebSite\",\"@id\":\"https:\/\/iodperformance.com\/#website\",\"url\":\"https:\/\/iodperformance.com\/\",\"name\":\"IOD Performance\",\"description\":\"Producent cz\u0119\u015bci i akcesori\u00f3w samochodowych\",\"publisher\":{\"@id\":\"https:\/\/iodperformance.com\/#organization\"},\"potentialAction\":[{\"@type\":\"SearchAction\",\"target\":{\"@type\":\"EntryPoint\",\"urlTemplate\":\"https:\/\/iodperformance.com\/?s={search_term_string}\"},\"query-input\":{\"@type\":\"PropertyValueSpecification\",\"valueRequired\":true,\"valueName\":\"search_term_string\"}}],\"inLanguage\":\"en-US\"},{\"@type\":\"Organization\",\"@id\":\"https:\/\/iodperformance.com\/#organization\",\"name\":\"IOD Performance\",\"url\":\"https:\/\/iodperformance.com\/\",\"logo\":{\"@type\":\"ImageObject\",\"inLanguage\":\"en-US\",\"@id\":\"https:\/\/iodperformance.com\/#\/schema\/logo\/image\/\",\"url\":\"https:\/\/iodperformance.com\/wp-content\/uploads\/2025\/02\/logo_V2.png\",\"contentUrl\":\"https:\/\/iodperformance.com\/wp-content\/uploads\/2025\/02\/logo_V2.png\",\"width\":2560,\"height\":1076,\"caption\":\"IOD Performance\"},\"image\":{\"@id\":\"https:\/\/iodperformance.com\/#\/schema\/logo\/image\/\"},\"sameAs\":[\"https:\/\/www.facebook.com\/IODshopPL\/\",\"https:\/\/www.instagram.com\/iodperformance\/\",\"https:\/\/www.youtube.com\/@iodperformance\"]}]}<\/script>\n<!-- \/ Yoast SEO plugin. -->","yoast_head_json":{"title":"Rear shock Dobinsons GS +6\" Nissan Patrol Y60\/Y61","robots":{"index":"index","follow":"follow","max-snippet":"max-snippet:-1","max-image-preview":"max-image-preview:large","max-video-preview":"max-video-preview:-1"},"canonical":"https:\/\/iodperformance.com\/en\/produkt\/rear-shock-absorber-4-dobinsons-gs\/","og_locale":"en_US","og_type":"article","og_title":"Rear shock Dobinsons GS +6\" Nissan Patrol Y60\/Y61","og_description":"Dobinsons GS series shock absorbers feature a twin-tube design with a significantly thicker body and larger working cylinder diameter. The compression and rebound valve settings (valving) are optimized to maximize ride quality and steering precision. Compared to standard shocks, they contain an increased oil volume, which enhances heat capacity, while nitrogen stabilizes the oil during operation, effectively reducing cavitation.","og_url":"https:\/\/iodperformance.com\/en\/produkt\/rear-shock-absorber-4-dobinsons-gs\/","og_site_name":"IOD Performance","article_publisher":"https:\/\/www.facebook.com\/IODshopPL\/","article_modified_time":"2026-02-26T07:12:34+00:00","og_image":[{"width":1069,"height":1500,"url":"https:\/\/iodperformance.com\/wp-content\/uploads\/2025\/06\/dobinsons-amortyzator-tyl-nissan-patrol-lift-6.webp","type":"image\/webp"}],"twitter_card":"summary_large_image","twitter_misc":{"Est. reading time":"1 minute"},"schema":{"@context":"https:\/\/schema.org","@graph":[{"@type":"WebPage","@id":"https:\/\/iodperformance.com\/en\/produkt\/rear-shock-absorber-4-dobinsons-gs\/","url":"https:\/\/iodperformance.com\/en\/produkt\/rear-shock-absorber-4-dobinsons-gs\/","name":"Rear shock Dobinsons GS +6\" Nissan Patrol Y60\/Y61","isPartOf":{"@id":"https:\/\/iodperformance.com\/#website"},"primaryImageOfPage":{"@id":"https:\/\/iodperformance.com\/en\/produkt\/rear-shock-absorber-4-dobinsons-gs\/#primaryimage"},"image":{"@id":"https:\/\/iodperformance.com\/en\/produkt\/rear-shock-absorber-4-dobinsons-gs\/#primaryimage"},"thumbnailUrl":"https:\/\/iodperformance.com\/wp-content\/uploads\/2025\/06\/dobinsons-amortyzator-tyl-nissan-patrol-lift-6.webp","datePublished":"2025-06-18T06:21:41+00:00","dateModified":"2026-02-26T07:12:34+00:00","breadcrumb":{"@id":"https:\/\/iodperformance.com\/en\/produkt\/rear-shock-absorber-4-dobinsons-gs\/#breadcrumb"},"inLanguage":"en-US","potentialAction":[{"@type":"ReadAction","target":["https:\/\/iodperformance.com\/en\/produkt\/rear-shock-absorber-4-dobinsons-gs\/"]}]},{"@type":"ImageObject","inLanguage":"en-US","@id":"https:\/\/iodperformance.com\/en\/produkt\/rear-shock-absorber-4-dobinsons-gs\/#primaryimage","url":"https:\/\/iodperformance.com\/wp-content\/uploads\/2025\/06\/dobinsons-amortyzator-tyl-nissan-patrol-lift-6.webp","contentUrl":"https:\/\/iodperformance.com\/wp-content\/uploads\/2025\/06\/dobinsons-amortyzator-tyl-nissan-patrol-lift-6.webp","width":1069,"height":1500},{"@type":"BreadcrumbList","@id":"https:\/\/iodperformance.com\/en\/produkt\/rear-shock-absorber-4-dobinsons-gs\/#breadcrumb","itemListElement":[{"@type":"ListItem","position":1,"name":"Strona g\u0142\u00f3wna","item":"https:\/\/iodperformance.com\/en\/"},{"@type":"ListItem","position":2,"name":"Shop","item":"https:\/\/iodperformance.com\/en\/shop\/"},{"@type":"ListItem","position":3,"name":"Rear shock Dobinsons GS +6&#8243; Nissan Patrol Y60\/Y61"}]},{"@type":"WebSite","@id":"https:\/\/iodperformance.com\/#website","url":"https:\/\/iodperformance.com\/","name":"IOD Performance","description":"Producent cz\u0119\u015bci i akcesori\u00f3w samochodowych","publisher":{"@id":"https:\/\/iodperformance.com\/#organization"},"potentialAction":[{"@type":"SearchAction","target":{"@type":"EntryPoint","urlTemplate":"https:\/\/iodperformance.com\/?s={search_term_string}"},"query-input":{"@type":"PropertyValueSpecification","valueRequired":true,"valueName":"search_term_string"}}],"inLanguage":"en-US"},{"@type":"Organization","@id":"https:\/\/iodperformance.com\/#organization","name":"IOD Performance","url":"https:\/\/iodperformance.com\/","logo":{"@type":"ImageObject","inLanguage":"en-US","@id":"https:\/\/iodperformance.com\/#\/schema\/logo\/image\/","url":"https:\/\/iodperformance.com\/wp-content\/uploads\/2025\/02\/logo_V2.png","contentUrl":"https:\/\/iodperformance.com\/wp-content\/uploads\/2025\/02\/logo_V2.png","width":2560,"height":1076,"caption":"IOD Performance"},"image":{"@id":"https:\/\/iodperformance.com\/#\/schema\/logo\/image\/"},"sameAs":["https:\/\/www.facebook.com\/IODshopPL\/","https:\/\/www.instagram.com\/iodperformance\/","https:\/\/www.youtube.com\/@iodperformance"]}]}},"_links":{"self":[{"href":"https:\/\/iodperformance.com\/en\/wp-json\/wp\/v2\/product\/6626","targetHints":{"allow":["GET"]}}],"collection":[{"href":"https:\/\/iodperformance.com\/en\/wp-json\/wp\/v2\/product"}],"about":[{"href":"https:\/\/iodperformance.com\/en\/wp-json\/wp\/v2\/types\/product"}],"version-history":[{"count":2,"href":"https:\/\/iodperformance.com\/en\/wp-json\/wp\/v2\/product\/6626\/revisions"}],"predecessor-version":[{"id":25305,"href":"https:\/\/iodperformance.com\/en\/wp-json\/wp\/v2\/product\/6626\/revisions\/25305"}],"wp:featuredmedia":[{"embeddable":true,"href":"https:\/\/iodperformance.com\/en\/wp-json\/wp\/v2\/media\/20655"}],"wp:attachment":[{"href":"https:\/\/iodperformance.com\/en\/wp-json\/wp\/v2\/media?parent=6626"}],"wp:term":[{"taxonomy":"product_brand","embeddable":true,"href":"https:\/\/iodperformance.com\/en\/wp-json\/wp\/v2\/product_brand?post=6626"},{"taxonomy":"product_cat","embeddable":true,"href":"https:\/\/iodperformance.com\/en\/wp-json\/wp\/v2\/product_cat?post=6626"},{"taxonomy":"product_tag","embeddable":true,"href":"https:\/\/iodperformance.com\/en\/wp-json\/wp\/v2\/product_tag?post=6626"}],"curies":[{"name":"wp","href":"https:\/\/api.w.org\/{rel}","templated":true}]}}