{"id":6612,"date":"2025-03-05T12:56:59","date_gmt":"2025-03-05T11:56:59","guid":{"rendered":"https:\/\/iodperformance.com\/produkt\/rear-shock-absorber-4-dobinsons-ims\/"},"modified":"2026-02-26T08:06:20","modified_gmt":"2026-02-26T07:06:20","slug":"rear-shock-absorber-4-dobinsons-ims","status":"publish","type":"product","link":"https:\/\/iodperformance.com\/en\/produkt\/rear-shock-absorber-4-dobinsons-ims\/","title":{"rendered":"Front shock Dobinsons IMS +3&#8243;\/+4&#8243; Nissan Patrol Y60\/Y61"},"content":{"rendered":"<p>Dobinsons IMS are monotube integrated shock absorbers designed for increased durability and improved handling in all off-road conditions. An ideal choice for 4&#215;4 drivers seeking reliability and better control. Suitable for suspension lifts of +75-100mm.<\/p>\n<p><strong>Technical specifications:<\/strong><\/p>\n<p>\u2022 Outer diameter: 66 mm<\/p>\n<p>\u2022 Piston diameter: 60 mm<\/p>\n<p>\u2022 Special valves<\/p>\n<p>\u2022 Manufacturer:<\/p>\n<p>&#8211; Dobinsons<\/p>\n<p>\u2022 Compatibility:<\/p>\n<p>&#8211; Nissan Patrol Y60<\/p>\n<p>&#8211; Nissan Patrol Y61<\/p>\n<p><strong>Set includes:<\/strong><\/p>\n<p>\u2022 Dobinsons IMS front shock absorber +3-4&#8243;<\/p>\n<p><iframe title=\"IMS Shock Absorbers - Nissan GQ &amp; GU\" width=\"800\" height=\"450\" src=\"https:\/\/www.youtube.com\/embed\/fb2V5Ks0m7I?feature=oembed\" frameborder=\"0\" allow=\"accelerometer; autoplay; clipboard-write; encrypted-media; gyroscope; picture-in-picture; web-share\" referrerpolicy=\"strict-origin-when-cross-origin\" allowfullscreen><\/iframe><\/p>\n","protected":false},"excerpt":{"rendered":"<p>Dobinsons MRR are monotube shock absorbers with a remote oil reservoir, designed for intense off-road use and harsh terrain conditions. They are an excellent choice for those seeking high performance without the need for adjustability.<\/p>\n","protected":false},"featured_media":4339,"template":"","meta":[],"product_brand":[341],"product_cat":[289],"product_tag":[],"class_list":{"0":"post-6612","1":"product","2":"type-product","3":"status-publish","4":"has-post-thumbnail","6":"product_brand-dobinsons-en","7":"product_cat-shock-absorbers","9":"first","10":"instock","11":"taxable","12":"shipping-taxable","13":"purchasable","14":"product-type-simple"},"bundled_by":["18312"],"bundle_stock_status":"instock","bundle_stock_quantity":null,"bundle_virtual":false,"bundle_layout":"","bundle_add_to_cart_form_location":"","bundle_editable_in_cart":false,"bundle_sold_individually_context":"","bundle_item_grouping":"","bundle_min_size":"","bundle_max_size":"","bundle_price":[],"bundled_items":[],"bundle_sell_ids":[],"yoast_head":"<!-- This site is optimized with the Yoast SEO plugin v27.2 - https:\/\/yoast.com\/product\/yoast-seo-wordpress\/ -->\n<title>Front shock Dobinsons IMS +3&quot;\/+4&quot; Nissan Patrol Y60\/Y61<\/title>\n<meta name=\"robots\" content=\"index, follow, max-snippet:-1, max-image-preview:large, max-video-preview:-1\" \/>\n<link rel=\"canonical\" href=\"https:\/\/iodperformance.com\/en\/produkt\/rear-shock-absorber-4-dobinsons-ims\/\" \/>\n<meta property=\"og:locale\" content=\"en_US\" \/>\n<meta property=\"og:type\" content=\"article\" \/>\n<meta property=\"og:title\" content=\"Front shock Dobinsons IMS +3&quot;\/+4&quot; Nissan Patrol Y60\/Y61\" \/>\n<meta property=\"og:description\" content=\"Dobinsons MRR are monotube shock absorbers with a remote oil reservoir, designed for intense off-road use and harsh terrain conditions. They are an excellent choice for those seeking high performance without the need for adjustability.\" \/>\n<meta property=\"og:url\" content=\"https:\/\/iodperformance.com\/en\/produkt\/rear-shock-absorber-4-dobinsons-ims\/\" \/>\n<meta property=\"og:site_name\" content=\"IOD Performance\" \/>\n<meta property=\"article:publisher\" content=\"https:\/\/www.facebook.com\/IODshopPL\/\" \/>\n<meta property=\"article:modified_time\" content=\"2026-02-26T07:06:20+00:00\" \/>\n<meta property=\"og:image\" content=\"https:\/\/iodperformance.com\/wp-content\/uploads\/2025\/02\/dobinsons-amortyzatory-ims-4-nissan-patrol-zestaw.jpg\" \/>\n\t<meta property=\"og:image:width\" content=\"600\" \/>\n\t<meta property=\"og:image:height\" content=\"600\" \/>\n\t<meta property=\"og:image:type\" content=\"image\/jpeg\" \/>\n<meta name=\"twitter:card\" content=\"summary_large_image\" \/>\n<meta name=\"twitter:label1\" content=\"Est. reading time\" \/>\n\t<meta name=\"twitter:data1\" content=\"1 minute\" \/>\n<script type=\"application\/ld+json\" class=\"yoast-schema-graph\">{\"@context\":\"https:\/\/schema.org\",\"@graph\":[{\"@type\":\"WebPage\",\"@id\":\"https:\/\/iodperformance.com\/en\/produkt\/rear-shock-absorber-4-dobinsons-ims\/\",\"url\":\"https:\/\/iodperformance.com\/en\/produkt\/rear-shock-absorber-4-dobinsons-ims\/\",\"name\":\"Front shock Dobinsons IMS +3\\\"\/+4\\\" Nissan Patrol Y60\/Y61\",\"isPartOf\":{\"@id\":\"https:\/\/iodperformance.com\/#website\"},\"primaryImageOfPage\":{\"@id\":\"https:\/\/iodperformance.com\/en\/produkt\/rear-shock-absorber-4-dobinsons-ims\/#primaryimage\"},\"image\":{\"@id\":\"https:\/\/iodperformance.com\/en\/produkt\/rear-shock-absorber-4-dobinsons-ims\/#primaryimage\"},\"thumbnailUrl\":\"https:\/\/iodperformance.com\/wp-content\/uploads\/2025\/02\/dobinsons-amortyzatory-ims-4-nissan-patrol-zestaw.jpg\",\"datePublished\":\"2025-03-05T11:56:59+00:00\",\"dateModified\":\"2026-02-26T07:06:20+00:00\",\"breadcrumb\":{\"@id\":\"https:\/\/iodperformance.com\/en\/produkt\/rear-shock-absorber-4-dobinsons-ims\/#breadcrumb\"},\"inLanguage\":\"en-US\",\"potentialAction\":[{\"@type\":\"ReadAction\",\"target\":[\"https:\/\/iodperformance.com\/en\/produkt\/rear-shock-absorber-4-dobinsons-ims\/\"]}]},{\"@type\":\"ImageObject\",\"inLanguage\":\"en-US\",\"@id\":\"https:\/\/iodperformance.com\/en\/produkt\/rear-shock-absorber-4-dobinsons-ims\/#primaryimage\",\"url\":\"https:\/\/iodperformance.com\/wp-content\/uploads\/2025\/02\/dobinsons-amortyzatory-ims-4-nissan-patrol-zestaw.jpg\",\"contentUrl\":\"https:\/\/iodperformance.com\/wp-content\/uploads\/2025\/02\/dobinsons-amortyzatory-ims-4-nissan-patrol-zestaw.jpg\",\"width\":600,\"height\":600},{\"@type\":\"BreadcrumbList\",\"@id\":\"https:\/\/iodperformance.com\/en\/produkt\/rear-shock-absorber-4-dobinsons-ims\/#breadcrumb\",\"itemListElement\":[{\"@type\":\"ListItem\",\"position\":1,\"name\":\"Strona g\u0142\u00f3wna\",\"item\":\"https:\/\/iodperformance.com\/en\/\"},{\"@type\":\"ListItem\",\"position\":2,\"name\":\"Shop\",\"item\":\"https:\/\/iodperformance.com\/en\/shop\/\"},{\"@type\":\"ListItem\",\"position\":3,\"name\":\"Front shock Dobinsons IMS +3&#8243;\/+4&#8243; Nissan Patrol Y60\/Y61\"}]},{\"@type\":\"WebSite\",\"@id\":\"https:\/\/iodperformance.com\/#website\",\"url\":\"https:\/\/iodperformance.com\/\",\"name\":\"IOD Performance\",\"description\":\"Producent cz\u0119\u015bci i akcesori\u00f3w samochodowych\",\"publisher\":{\"@id\":\"https:\/\/iodperformance.com\/#organization\"},\"potentialAction\":[{\"@type\":\"SearchAction\",\"target\":{\"@type\":\"EntryPoint\",\"urlTemplate\":\"https:\/\/iodperformance.com\/?s={search_term_string}\"},\"query-input\":{\"@type\":\"PropertyValueSpecification\",\"valueRequired\":true,\"valueName\":\"search_term_string\"}}],\"inLanguage\":\"en-US\"},{\"@type\":\"Organization\",\"@id\":\"https:\/\/iodperformance.com\/#organization\",\"name\":\"IOD Performance\",\"url\":\"https:\/\/iodperformance.com\/\",\"logo\":{\"@type\":\"ImageObject\",\"inLanguage\":\"en-US\",\"@id\":\"https:\/\/iodperformance.com\/#\/schema\/logo\/image\/\",\"url\":\"https:\/\/iodperformance.com\/wp-content\/uploads\/2025\/02\/logo_V2.png\",\"contentUrl\":\"https:\/\/iodperformance.com\/wp-content\/uploads\/2025\/02\/logo_V2.png\",\"width\":2560,\"height\":1076,\"caption\":\"IOD Performance\"},\"image\":{\"@id\":\"https:\/\/iodperformance.com\/#\/schema\/logo\/image\/\"},\"sameAs\":[\"https:\/\/www.facebook.com\/IODshopPL\/\",\"https:\/\/www.instagram.com\/iodperformance\/\",\"https:\/\/www.youtube.com\/@iodperformance\"]}]}<\/script>\n<!-- \/ Yoast SEO plugin. -->","yoast_head_json":{"title":"Front shock Dobinsons IMS +3\"\/+4\" Nissan Patrol Y60\/Y61","robots":{"index":"index","follow":"follow","max-snippet":"max-snippet:-1","max-image-preview":"max-image-preview:large","max-video-preview":"max-video-preview:-1"},"canonical":"https:\/\/iodperformance.com\/en\/produkt\/rear-shock-absorber-4-dobinsons-ims\/","og_locale":"en_US","og_type":"article","og_title":"Front shock Dobinsons IMS +3\"\/+4\" Nissan Patrol Y60\/Y61","og_description":"Dobinsons MRR are monotube shock absorbers with a remote oil reservoir, designed for intense off-road use and harsh terrain conditions. They are an excellent choice for those seeking high performance without the need for adjustability.","og_url":"https:\/\/iodperformance.com\/en\/produkt\/rear-shock-absorber-4-dobinsons-ims\/","og_site_name":"IOD Performance","article_publisher":"https:\/\/www.facebook.com\/IODshopPL\/","article_modified_time":"2026-02-26T07:06:20+00:00","og_image":[{"width":600,"height":600,"url":"https:\/\/iodperformance.com\/wp-content\/uploads\/2025\/02\/dobinsons-amortyzatory-ims-4-nissan-patrol-zestaw.jpg","type":"image\/jpeg"}],"twitter_card":"summary_large_image","twitter_misc":{"Est. reading time":"1 minute"},"schema":{"@context":"https:\/\/schema.org","@graph":[{"@type":"WebPage","@id":"https:\/\/iodperformance.com\/en\/produkt\/rear-shock-absorber-4-dobinsons-ims\/","url":"https:\/\/iodperformance.com\/en\/produkt\/rear-shock-absorber-4-dobinsons-ims\/","name":"Front shock Dobinsons IMS +3\"\/+4\" Nissan Patrol Y60\/Y61","isPartOf":{"@id":"https:\/\/iodperformance.com\/#website"},"primaryImageOfPage":{"@id":"https:\/\/iodperformance.com\/en\/produkt\/rear-shock-absorber-4-dobinsons-ims\/#primaryimage"},"image":{"@id":"https:\/\/iodperformance.com\/en\/produkt\/rear-shock-absorber-4-dobinsons-ims\/#primaryimage"},"thumbnailUrl":"https:\/\/iodperformance.com\/wp-content\/uploads\/2025\/02\/dobinsons-amortyzatory-ims-4-nissan-patrol-zestaw.jpg","datePublished":"2025-03-05T11:56:59+00:00","dateModified":"2026-02-26T07:06:20+00:00","breadcrumb":{"@id":"https:\/\/iodperformance.com\/en\/produkt\/rear-shock-absorber-4-dobinsons-ims\/#breadcrumb"},"inLanguage":"en-US","potentialAction":[{"@type":"ReadAction","target":["https:\/\/iodperformance.com\/en\/produkt\/rear-shock-absorber-4-dobinsons-ims\/"]}]},{"@type":"ImageObject","inLanguage":"en-US","@id":"https:\/\/iodperformance.com\/en\/produkt\/rear-shock-absorber-4-dobinsons-ims\/#primaryimage","url":"https:\/\/iodperformance.com\/wp-content\/uploads\/2025\/02\/dobinsons-amortyzatory-ims-4-nissan-patrol-zestaw.jpg","contentUrl":"https:\/\/iodperformance.com\/wp-content\/uploads\/2025\/02\/dobinsons-amortyzatory-ims-4-nissan-patrol-zestaw.jpg","width":600,"height":600},{"@type":"BreadcrumbList","@id":"https:\/\/iodperformance.com\/en\/produkt\/rear-shock-absorber-4-dobinsons-ims\/#breadcrumb","itemListElement":[{"@type":"ListItem","position":1,"name":"Strona g\u0142\u00f3wna","item":"https:\/\/iodperformance.com\/en\/"},{"@type":"ListItem","position":2,"name":"Shop","item":"https:\/\/iodperformance.com\/en\/shop\/"},{"@type":"ListItem","position":3,"name":"Front shock Dobinsons IMS +3&#8243;\/+4&#8243; Nissan Patrol Y60\/Y61"}]},{"@type":"WebSite","@id":"https:\/\/iodperformance.com\/#website","url":"https:\/\/iodperformance.com\/","name":"IOD Performance","description":"Producent cz\u0119\u015bci i akcesori\u00f3w samochodowych","publisher":{"@id":"https:\/\/iodperformance.com\/#organization"},"potentialAction":[{"@type":"SearchAction","target":{"@type":"EntryPoint","urlTemplate":"https:\/\/iodperformance.com\/?s={search_term_string}"},"query-input":{"@type":"PropertyValueSpecification","valueRequired":true,"valueName":"search_term_string"}}],"inLanguage":"en-US"},{"@type":"Organization","@id":"https:\/\/iodperformance.com\/#organization","name":"IOD Performance","url":"https:\/\/iodperformance.com\/","logo":{"@type":"ImageObject","inLanguage":"en-US","@id":"https:\/\/iodperformance.com\/#\/schema\/logo\/image\/","url":"https:\/\/iodperformance.com\/wp-content\/uploads\/2025\/02\/logo_V2.png","contentUrl":"https:\/\/iodperformance.com\/wp-content\/uploads\/2025\/02\/logo_V2.png","width":2560,"height":1076,"caption":"IOD Performance"},"image":{"@id":"https:\/\/iodperformance.com\/#\/schema\/logo\/image\/"},"sameAs":["https:\/\/www.facebook.com\/IODshopPL\/","https:\/\/www.instagram.com\/iodperformance\/","https:\/\/www.youtube.com\/@iodperformance"]}]}},"_links":{"self":[{"href":"https:\/\/iodperformance.com\/en\/wp-json\/wp\/v2\/product\/6612","targetHints":{"allow":["GET"]}}],"collection":[{"href":"https:\/\/iodperformance.com\/en\/wp-json\/wp\/v2\/product"}],"about":[{"href":"https:\/\/iodperformance.com\/en\/wp-json\/wp\/v2\/types\/product"}],"version-history":[{"count":2,"href":"https:\/\/iodperformance.com\/en\/wp-json\/wp\/v2\/product\/6612\/revisions"}],"predecessor-version":[{"id":26530,"href":"https:\/\/iodperformance.com\/en\/wp-json\/wp\/v2\/product\/6612\/revisions\/26530"}],"wp:featuredmedia":[{"embeddable":true,"href":"https:\/\/iodperformance.com\/en\/wp-json\/wp\/v2\/media\/4339"}],"wp:attachment":[{"href":"https:\/\/iodperformance.com\/en\/wp-json\/wp\/v2\/media?parent=6612"}],"wp:term":[{"taxonomy":"product_brand","embeddable":true,"href":"https:\/\/iodperformance.com\/en\/wp-json\/wp\/v2\/product_brand?post=6612"},{"taxonomy":"product_cat","embeddable":true,"href":"https:\/\/iodperformance.com\/en\/wp-json\/wp\/v2\/product_cat?post=6612"},{"taxonomy":"product_tag","embeddable":true,"href":"https:\/\/iodperformance.com\/en\/wp-json\/wp\/v2\/product_tag?post=6612"}],"curies":[{"name":"wp","href":"https:\/\/api.w.org\/{rel}","templated":true}]}}