{"id":6562,"date":"2025-03-04T13:24:30","date_gmt":"2025-03-04T12:24:30","guid":{"rendered":"https:\/\/iodperformance.com\/produkt\/y61-front-belt\/"},"modified":"2026-03-27T20:30:00","modified_gmt":"2026-03-27T19:30:00","slug":"y61-front-belt","status":"publish","type":"product","link":"https:\/\/iodperformance.com\/en\/produkt\/y61-front-belt\/","title":{"rendered":"Radiator Support Nissan Patrol Y61"},"content":{"rendered":"<p><strong>Key features of the Nissan Patrol Y61 radiator support (lower beam):<\/strong><\/p>\n<p>\u2022 Tailored to the Nissan Patrol Y61<br \/>\n\u2022 Solid steel construction<br \/>\n\u2022 Improves the rigidity of the front part of the body<br \/>\n\u2022 Is the main mounting point for the engine radiator and air conditioning radiator<br \/>\n\u2022 Equipped with the necessary threaded sleeves\/rivet nuts<\/p>\n<p><strong>Technical specifications:<\/strong><\/p>\n<p>\u2022 Material: Steel<br \/>\n\u2022 Compatibility: Nissan Patrol Y61<br \/>\n\u2022 Product in raw state, for self-welding and preservation<br \/>\n\u2022 In the case of wide radiator rubbers, rubbers with the number: 21508-4P00A must be used<\/p>\n<p>The price is for a complete front fascia ready for assembly.<\/p>\n","protected":false},"excerpt":{"rendered":"<p>Nissan Patrol Y61 Radiator Support (Lower Beam)<\/p>\n<p>This is one of the key structural elements, responsible for the rigidity and safety of the front of the vehicle.<\/p>\n<p>It provides mounting points for the most important elements in the vehicle, such as the engine radiator.<\/p>\n<p>It is an ideal solution for vehicle repair and regeneration, especially in the case of off-road vehicles exposed to corrosion and structural damage. It is recommended for both post-accident repairs and the renovation of cars prepared for off-road driving.<\/p>\n","protected":false},"featured_media":35735,"template":"","meta":[],"product_brand":[336],"product_cat":[279,335],"product_tag":[510],"class_list":{"0":"post-6562","1":"product","2":"type-product","3":"status-publish","4":"has-post-thumbnail","6":"product_brand-iod-performance-en","7":"product_cat-body-shells","8":"product_cat-frames-repair-panels","9":"product_tag-iod-news","10":"pa_marka-samochodu-nissan","11":"pa_model-samochodu-patrol-y61-en","13":"first","14":"instock","15":"taxable","16":"shipping-taxable","17":"purchasable","18":"product-type-simple"},"bundled_by":[],"bundle_stock_status":"instock","bundle_stock_quantity":18,"bundle_virtual":false,"bundle_layout":"","bundle_add_to_cart_form_location":"","bundle_editable_in_cart":false,"bundle_sold_individually_context":"","bundle_item_grouping":"","bundle_min_size":"","bundle_max_size":"","bundle_price":[],"bundled_items":[],"bundle_sell_ids":[],"yoast_head":"<!-- This site is optimized with the Yoast SEO plugin v27.2 - https:\/\/yoast.com\/product\/yoast-seo-wordpress\/ -->\n<title>Radiator Support Nissan Patrol Y61<\/title>\n<meta name=\"robots\" content=\"index, follow, max-snippet:-1, max-image-preview:large, max-video-preview:-1\" \/>\n<link rel=\"canonical\" href=\"https:\/\/iodperformance.com\/en\/produkt\/y61-front-belt\/\" \/>\n<meta property=\"og:locale\" content=\"en_US\" \/>\n<meta property=\"og:type\" content=\"article\" \/>\n<meta property=\"og:title\" content=\"Radiator Support Nissan Patrol Y61\" \/>\n<meta property=\"og:description\" content=\"Nissan Patrol Y61 Radiator Support (Lower Beam) This is one of the key structural elements, responsible for the rigidity and safety of the front of the vehicle. It provides mounting points for the most important elements in the vehicle, such as the engine radiator. It is an ideal solution for vehicle repair and regeneration, especially in the case of off-road vehicles exposed to corrosion and structural damage. It is recommended for both post-accident repairs and the renovation of cars prepared for off-road driving.\" \/>\n<meta property=\"og:url\" content=\"https:\/\/iodperformance.com\/en\/produkt\/y61-front-belt\/\" \/>\n<meta property=\"og:site_name\" content=\"IOD Performance\" \/>\n<meta property=\"article:publisher\" content=\"https:\/\/www.facebook.com\/IODshopPL\/\" \/>\n<meta property=\"article:modified_time\" content=\"2026-03-27T19:30:00+00:00\" \/>\n<meta property=\"og:image\" content=\"https:\/\/iodperformance.com\/wp-content\/uploads\/2026\/02\/radiator-support-nissan-patrol-y61_001.webp\" \/>\n\t<meta property=\"og:image:width\" content=\"1000\" \/>\n\t<meta property=\"og:image:height\" content=\"1000\" \/>\n\t<meta property=\"og:image:type\" content=\"image\/webp\" \/>\n<meta name=\"twitter:card\" content=\"summary_large_image\" \/>\n<script type=\"application\/ld+json\" class=\"yoast-schema-graph\">{\"@context\":\"https:\/\/schema.org\",\"@graph\":[{\"@type\":\"WebPage\",\"@id\":\"https:\/\/iodperformance.com\/en\/produkt\/y61-front-belt\/\",\"url\":\"https:\/\/iodperformance.com\/en\/produkt\/y61-front-belt\/\",\"name\":\"Radiator Support Nissan Patrol Y61\",\"isPartOf\":{\"@id\":\"https:\/\/iodperformance.com\/#website\"},\"primaryImageOfPage\":{\"@id\":\"https:\/\/iodperformance.com\/en\/produkt\/y61-front-belt\/#primaryimage\"},\"image\":{\"@id\":\"https:\/\/iodperformance.com\/en\/produkt\/y61-front-belt\/#primaryimage\"},\"thumbnailUrl\":\"https:\/\/iodperformance.com\/wp-content\/uploads\/2026\/02\/radiator-support-nissan-patrol-y61_001.webp\",\"datePublished\":\"2025-03-04T12:24:30+00:00\",\"dateModified\":\"2026-03-27T19:30:00+00:00\",\"breadcrumb\":{\"@id\":\"https:\/\/iodperformance.com\/en\/produkt\/y61-front-belt\/#breadcrumb\"},\"inLanguage\":\"en-US\",\"potentialAction\":[{\"@type\":\"ReadAction\",\"target\":[\"https:\/\/iodperformance.com\/en\/produkt\/y61-front-belt\/\"]}]},{\"@type\":\"ImageObject\",\"inLanguage\":\"en-US\",\"@id\":\"https:\/\/iodperformance.com\/en\/produkt\/y61-front-belt\/#primaryimage\",\"url\":\"https:\/\/iodperformance.com\/wp-content\/uploads\/2026\/02\/radiator-support-nissan-patrol-y61_001.webp\",\"contentUrl\":\"https:\/\/iodperformance.com\/wp-content\/uploads\/2026\/02\/radiator-support-nissan-patrol-y61_001.webp\",\"width\":1000,\"height\":1000},{\"@type\":\"BreadcrumbList\",\"@id\":\"https:\/\/iodperformance.com\/en\/produkt\/y61-front-belt\/#breadcrumb\",\"itemListElement\":[{\"@type\":\"ListItem\",\"position\":1,\"name\":\"Strona g\u0142\u00f3wna\",\"item\":\"https:\/\/iodperformance.com\/en\/\"},{\"@type\":\"ListItem\",\"position\":2,\"name\":\"Shop\",\"item\":\"https:\/\/iodperformance.com\/en\/shop\/\"},{\"@type\":\"ListItem\",\"position\":3,\"name\":\"Radiator Support Nissan Patrol Y61\"}]},{\"@type\":\"WebSite\",\"@id\":\"https:\/\/iodperformance.com\/#website\",\"url\":\"https:\/\/iodperformance.com\/\",\"name\":\"IOD Performance\",\"description\":\"Producent cz\u0119\u015bci i akcesori\u00f3w samochodowych\",\"publisher\":{\"@id\":\"https:\/\/iodperformance.com\/#organization\"},\"potentialAction\":[{\"@type\":\"SearchAction\",\"target\":{\"@type\":\"EntryPoint\",\"urlTemplate\":\"https:\/\/iodperformance.com\/?s={search_term_string}\"},\"query-input\":{\"@type\":\"PropertyValueSpecification\",\"valueRequired\":true,\"valueName\":\"search_term_string\"}}],\"inLanguage\":\"en-US\"},{\"@type\":\"Organization\",\"@id\":\"https:\/\/iodperformance.com\/#organization\",\"name\":\"IOD Performance\",\"url\":\"https:\/\/iodperformance.com\/\",\"logo\":{\"@type\":\"ImageObject\",\"inLanguage\":\"en-US\",\"@id\":\"https:\/\/iodperformance.com\/#\/schema\/logo\/image\/\",\"url\":\"https:\/\/iodperformance.com\/wp-content\/uploads\/2025\/02\/logo_V2.png\",\"contentUrl\":\"https:\/\/iodperformance.com\/wp-content\/uploads\/2025\/02\/logo_V2.png\",\"width\":2560,\"height\":1076,\"caption\":\"IOD Performance\"},\"image\":{\"@id\":\"https:\/\/iodperformance.com\/#\/schema\/logo\/image\/\"},\"sameAs\":[\"https:\/\/www.facebook.com\/IODshopPL\/\",\"https:\/\/www.instagram.com\/iodperformance\/\",\"https:\/\/www.youtube.com\/@iodperformance\"]}]}<\/script>\n<!-- \/ Yoast SEO plugin. -->","yoast_head_json":{"title":"Radiator Support Nissan Patrol Y61","robots":{"index":"index","follow":"follow","max-snippet":"max-snippet:-1","max-image-preview":"max-image-preview:large","max-video-preview":"max-video-preview:-1"},"canonical":"https:\/\/iodperformance.com\/en\/produkt\/y61-front-belt\/","og_locale":"en_US","og_type":"article","og_title":"Radiator Support Nissan Patrol Y61","og_description":"Nissan Patrol Y61 Radiator Support (Lower Beam) This is one of the key structural elements, responsible for the rigidity and safety of the front of the vehicle. It provides mounting points for the most important elements in the vehicle, such as the engine radiator. It is an ideal solution for vehicle repair and regeneration, especially in the case of off-road vehicles exposed to corrosion and structural damage. It is recommended for both post-accident repairs and the renovation of cars prepared for off-road driving.","og_url":"https:\/\/iodperformance.com\/en\/produkt\/y61-front-belt\/","og_site_name":"IOD Performance","article_publisher":"https:\/\/www.facebook.com\/IODshopPL\/","article_modified_time":"2026-03-27T19:30:00+00:00","og_image":[{"width":1000,"height":1000,"url":"https:\/\/iodperformance.com\/wp-content\/uploads\/2026\/02\/radiator-support-nissan-patrol-y61_001.webp","type":"image\/webp"}],"twitter_card":"summary_large_image","schema":{"@context":"https:\/\/schema.org","@graph":[{"@type":"WebPage","@id":"https:\/\/iodperformance.com\/en\/produkt\/y61-front-belt\/","url":"https:\/\/iodperformance.com\/en\/produkt\/y61-front-belt\/","name":"Radiator Support Nissan Patrol Y61","isPartOf":{"@id":"https:\/\/iodperformance.com\/#website"},"primaryImageOfPage":{"@id":"https:\/\/iodperformance.com\/en\/produkt\/y61-front-belt\/#primaryimage"},"image":{"@id":"https:\/\/iodperformance.com\/en\/produkt\/y61-front-belt\/#primaryimage"},"thumbnailUrl":"https:\/\/iodperformance.com\/wp-content\/uploads\/2026\/02\/radiator-support-nissan-patrol-y61_001.webp","datePublished":"2025-03-04T12:24:30+00:00","dateModified":"2026-03-27T19:30:00+00:00","breadcrumb":{"@id":"https:\/\/iodperformance.com\/en\/produkt\/y61-front-belt\/#breadcrumb"},"inLanguage":"en-US","potentialAction":[{"@type":"ReadAction","target":["https:\/\/iodperformance.com\/en\/produkt\/y61-front-belt\/"]}]},{"@type":"ImageObject","inLanguage":"en-US","@id":"https:\/\/iodperformance.com\/en\/produkt\/y61-front-belt\/#primaryimage","url":"https:\/\/iodperformance.com\/wp-content\/uploads\/2026\/02\/radiator-support-nissan-patrol-y61_001.webp","contentUrl":"https:\/\/iodperformance.com\/wp-content\/uploads\/2026\/02\/radiator-support-nissan-patrol-y61_001.webp","width":1000,"height":1000},{"@type":"BreadcrumbList","@id":"https:\/\/iodperformance.com\/en\/produkt\/y61-front-belt\/#breadcrumb","itemListElement":[{"@type":"ListItem","position":1,"name":"Strona g\u0142\u00f3wna","item":"https:\/\/iodperformance.com\/en\/"},{"@type":"ListItem","position":2,"name":"Shop","item":"https:\/\/iodperformance.com\/en\/shop\/"},{"@type":"ListItem","position":3,"name":"Radiator Support Nissan Patrol Y61"}]},{"@type":"WebSite","@id":"https:\/\/iodperformance.com\/#website","url":"https:\/\/iodperformance.com\/","name":"IOD Performance","description":"Producent cz\u0119\u015bci i akcesori\u00f3w samochodowych","publisher":{"@id":"https:\/\/iodperformance.com\/#organization"},"potentialAction":[{"@type":"SearchAction","target":{"@type":"EntryPoint","urlTemplate":"https:\/\/iodperformance.com\/?s={search_term_string}"},"query-input":{"@type":"PropertyValueSpecification","valueRequired":true,"valueName":"search_term_string"}}],"inLanguage":"en-US"},{"@type":"Organization","@id":"https:\/\/iodperformance.com\/#organization","name":"IOD Performance","url":"https:\/\/iodperformance.com\/","logo":{"@type":"ImageObject","inLanguage":"en-US","@id":"https:\/\/iodperformance.com\/#\/schema\/logo\/image\/","url":"https:\/\/iodperformance.com\/wp-content\/uploads\/2025\/02\/logo_V2.png","contentUrl":"https:\/\/iodperformance.com\/wp-content\/uploads\/2025\/02\/logo_V2.png","width":2560,"height":1076,"caption":"IOD Performance"},"image":{"@id":"https:\/\/iodperformance.com\/#\/schema\/logo\/image\/"},"sameAs":["https:\/\/www.facebook.com\/IODshopPL\/","https:\/\/www.instagram.com\/iodperformance\/","https:\/\/www.youtube.com\/@iodperformance"]}]}},"_links":{"self":[{"href":"https:\/\/iodperformance.com\/en\/wp-json\/wp\/v2\/product\/6562","targetHints":{"allow":["GET"]}}],"collection":[{"href":"https:\/\/iodperformance.com\/en\/wp-json\/wp\/v2\/product"}],"about":[{"href":"https:\/\/iodperformance.com\/en\/wp-json\/wp\/v2\/types\/product"}],"version-history":[{"count":0,"href":"https:\/\/iodperformance.com\/en\/wp-json\/wp\/v2\/product\/6562\/revisions"}],"wp:featuredmedia":[{"embeddable":true,"href":"https:\/\/iodperformance.com\/en\/wp-json\/wp\/v2\/media\/35735"}],"wp:attachment":[{"href":"https:\/\/iodperformance.com\/en\/wp-json\/wp\/v2\/media?parent=6562"}],"wp:term":[{"taxonomy":"product_brand","embeddable":true,"href":"https:\/\/iodperformance.com\/en\/wp-json\/wp\/v2\/product_brand?post=6562"},{"taxonomy":"product_cat","embeddable":true,"href":"https:\/\/iodperformance.com\/en\/wp-json\/wp\/v2\/product_cat?post=6562"},{"taxonomy":"product_tag","embeddable":true,"href":"https:\/\/iodperformance.com\/en\/wp-json\/wp\/v2\/product_tag?post=6562"}],"curies":[{"name":"wp","href":"https:\/\/api.w.org\/{rel}","templated":true}]}}