{"id":6534,"date":"2025-03-04T13:23:40","date_gmt":"2025-03-04T12:23:40","guid":{"rendered":"https:\/\/iodperformance.com\/produkt\/y60-front-steering-rod\/"},"modified":"2026-03-03T08:13:02","modified_gmt":"2026-03-03T07:13:02","slug":"y60-front-steering-rod","status":"publish","type":"product","link":"https:\/\/iodperformance.com\/en\/produkt\/y60-front-steering-rod\/","title":{"rendered":"Drag Link Nissan Patrol Y60"},"content":{"rendered":"<p><strong>The most important advantages of the Y60 drag link:<\/strong><\/p>\n<p>\u2022 Dedicated to Nissan Patrol Y60<br \/>\n\u2022 Interchangeable steering rod ends<br \/>\n\u2022 Adjustable &#8211; an essential function for suspension lift<br \/>\n\u2022 Reinforced structure &#8211; resistant to heavy loads and intensive use<br \/>\n\u2022 Made of steel rod<br \/>\n\u2022 Resistance to corrosion, mud and difficult terrain conditions<br \/>\n\u2022 Easy assembly<\/p>\n<p><strong>Technical specifications:<\/strong><\/p>\n<p>\u2022 Compatibility: Nissan Patrol Y60<br \/>\n\u2022 Resistance: To corrosion, extreme terrain conditions and heavy loads<br \/>\n\u2022 Compatible with M22x1.5 ends<br \/>\n\u2022 The front steering rod connects the steering gear with the steering knuckle.<\/p>\n<p>The price is for the steering rod without steering rod ends and steering damper mounting.<\/p>\n","protected":false},"excerpt":{"rendered":"<p>Drag Link Nissan Patrol Y60 <\/p>\n<p>This is a reinforced steering element that provides stability, precise handling and greater resistance to extreme terrain conditions. Thanks to its solid construction, it is an ideal solution for vehicles with suspension lift and intensively used off-road.<\/p>\n","protected":false},"featured_media":35575,"template":"","meta":[],"product_brand":[336],"product_cat":[268,328],"product_tag":[510],"class_list":{"0":"post-6534","1":"product","2":"type-product","3":"status-publish","4":"has-post-thumbnail","6":"product_brand-iod-performance-en","7":"product_cat-steering-rods","8":"product_cat-steering-system","9":"product_tag-iod-news","10":"pa_marka-samochodu-nissan","11":"pa_model-samochodu-patrol-y60-en","13":"first","14":"instock","15":"taxable","16":"shipping-taxable","17":"purchasable","18":"product-type-simple"},"bundled_by":["22741"],"bundle_stock_status":"instock","bundle_stock_quantity":64,"bundle_virtual":false,"bundle_layout":"","bundle_add_to_cart_form_location":"","bundle_editable_in_cart":false,"bundle_sold_individually_context":"","bundle_item_grouping":"","bundle_min_size":"","bundle_max_size":"","bundle_price":[],"bundled_items":[],"bundle_sell_ids":[],"yoast_head":"<!-- This site is optimized with the Yoast SEO plugin v27.2 - https:\/\/yoast.com\/product\/yoast-seo-wordpress\/ -->\n<title>Drag Link Nissan Patrol Y60<\/title>\n<meta name=\"robots\" content=\"index, follow, max-snippet:-1, max-image-preview:large, max-video-preview:-1\" \/>\n<link rel=\"canonical\" href=\"https:\/\/iodperformance.com\/en\/produkt\/y60-front-steering-rod\/\" \/>\n<meta property=\"og:locale\" content=\"en_US\" \/>\n<meta property=\"og:type\" content=\"article\" \/>\n<meta property=\"og:title\" content=\"Drag Link Nissan Patrol Y60\" \/>\n<meta property=\"og:description\" content=\"Drag Link Nissan Patrol Y60   This is a reinforced steering element that provides stability, precise handling and greater resistance to extreme terrain conditions. Thanks to its solid construction, it is an ideal solution for vehicles with suspension lift and intensively used off-road.\" \/>\n<meta property=\"og:url\" content=\"https:\/\/iodperformance.com\/en\/produkt\/y60-front-steering-rod\/\" \/>\n<meta property=\"og:site_name\" content=\"IOD Performance\" \/>\n<meta property=\"article:publisher\" content=\"https:\/\/www.facebook.com\/IODshopPL\/\" \/>\n<meta property=\"article:modified_time\" content=\"2026-03-03T07:13:02+00:00\" \/>\n<meta property=\"og:image\" content=\"https:\/\/iodperformance.com\/wp-content\/uploads\/2026\/02\/drag-link-nissan-patrol-y60.webp\" \/>\n\t<meta property=\"og:image:width\" content=\"1000\" \/>\n\t<meta property=\"og:image:height\" content=\"1000\" \/>\n\t<meta property=\"og:image:type\" content=\"image\/webp\" \/>\n<meta name=\"twitter:card\" content=\"summary_large_image\" \/>\n<script type=\"application\/ld+json\" class=\"yoast-schema-graph\">{\"@context\":\"https:\/\/schema.org\",\"@graph\":[{\"@type\":\"WebPage\",\"@id\":\"https:\/\/iodperformance.com\/en\/produkt\/y60-front-steering-rod\/\",\"url\":\"https:\/\/iodperformance.com\/en\/produkt\/y60-front-steering-rod\/\",\"name\":\"Drag Link Nissan Patrol Y60\",\"isPartOf\":{\"@id\":\"https:\/\/iodperformance.com\/#website\"},\"primaryImageOfPage\":{\"@id\":\"https:\/\/iodperformance.com\/en\/produkt\/y60-front-steering-rod\/#primaryimage\"},\"image\":{\"@id\":\"https:\/\/iodperformance.com\/en\/produkt\/y60-front-steering-rod\/#primaryimage\"},\"thumbnailUrl\":\"https:\/\/iodperformance.com\/wp-content\/uploads\/2026\/02\/drag-link-nissan-patrol-y60.webp\",\"datePublished\":\"2025-03-04T12:23:40+00:00\",\"dateModified\":\"2026-03-03T07:13:02+00:00\",\"breadcrumb\":{\"@id\":\"https:\/\/iodperformance.com\/en\/produkt\/y60-front-steering-rod\/#breadcrumb\"},\"inLanguage\":\"en-US\",\"potentialAction\":[{\"@type\":\"ReadAction\",\"target\":[\"https:\/\/iodperformance.com\/en\/produkt\/y60-front-steering-rod\/\"]}]},{\"@type\":\"ImageObject\",\"inLanguage\":\"en-US\",\"@id\":\"https:\/\/iodperformance.com\/en\/produkt\/y60-front-steering-rod\/#primaryimage\",\"url\":\"https:\/\/iodperformance.com\/wp-content\/uploads\/2026\/02\/drag-link-nissan-patrol-y60.webp\",\"contentUrl\":\"https:\/\/iodperformance.com\/wp-content\/uploads\/2026\/02\/drag-link-nissan-patrol-y60.webp\",\"width\":1000,\"height\":1000},{\"@type\":\"BreadcrumbList\",\"@id\":\"https:\/\/iodperformance.com\/en\/produkt\/y60-front-steering-rod\/#breadcrumb\",\"itemListElement\":[{\"@type\":\"ListItem\",\"position\":1,\"name\":\"Strona g\u0142\u00f3wna\",\"item\":\"https:\/\/iodperformance.com\/en\/\"},{\"@type\":\"ListItem\",\"position\":2,\"name\":\"Shop\",\"item\":\"https:\/\/iodperformance.com\/en\/shop\/\"},{\"@type\":\"ListItem\",\"position\":3,\"name\":\"Drag Link Nissan Patrol Y60\"}]},{\"@type\":\"WebSite\",\"@id\":\"https:\/\/iodperformance.com\/#website\",\"url\":\"https:\/\/iodperformance.com\/\",\"name\":\"IOD Performance\",\"description\":\"Producent cz\u0119\u015bci i akcesori\u00f3w samochodowych\",\"publisher\":{\"@id\":\"https:\/\/iodperformance.com\/#organization\"},\"potentialAction\":[{\"@type\":\"SearchAction\",\"target\":{\"@type\":\"EntryPoint\",\"urlTemplate\":\"https:\/\/iodperformance.com\/?s={search_term_string}\"},\"query-input\":{\"@type\":\"PropertyValueSpecification\",\"valueRequired\":true,\"valueName\":\"search_term_string\"}}],\"inLanguage\":\"en-US\"},{\"@type\":\"Organization\",\"@id\":\"https:\/\/iodperformance.com\/#organization\",\"name\":\"IOD Performance\",\"url\":\"https:\/\/iodperformance.com\/\",\"logo\":{\"@type\":\"ImageObject\",\"inLanguage\":\"en-US\",\"@id\":\"https:\/\/iodperformance.com\/#\/schema\/logo\/image\/\",\"url\":\"https:\/\/iodperformance.com\/wp-content\/uploads\/2025\/02\/logo_V2.png\",\"contentUrl\":\"https:\/\/iodperformance.com\/wp-content\/uploads\/2025\/02\/logo_V2.png\",\"width\":2560,\"height\":1076,\"caption\":\"IOD Performance\"},\"image\":{\"@id\":\"https:\/\/iodperformance.com\/#\/schema\/logo\/image\/\"},\"sameAs\":[\"https:\/\/www.facebook.com\/IODshopPL\/\",\"https:\/\/www.instagram.com\/iodperformance\/\",\"https:\/\/www.youtube.com\/@iodperformance\"]}]}<\/script>\n<!-- \/ Yoast SEO plugin. -->","yoast_head_json":{"title":"Drag Link Nissan Patrol Y60","robots":{"index":"index","follow":"follow","max-snippet":"max-snippet:-1","max-image-preview":"max-image-preview:large","max-video-preview":"max-video-preview:-1"},"canonical":"https:\/\/iodperformance.com\/en\/produkt\/y60-front-steering-rod\/","og_locale":"en_US","og_type":"article","og_title":"Drag Link Nissan Patrol Y60","og_description":"Drag Link Nissan Patrol Y60   This is a reinforced steering element that provides stability, precise handling and greater resistance to extreme terrain conditions. Thanks to its solid construction, it is an ideal solution for vehicles with suspension lift and intensively used off-road.","og_url":"https:\/\/iodperformance.com\/en\/produkt\/y60-front-steering-rod\/","og_site_name":"IOD Performance","article_publisher":"https:\/\/www.facebook.com\/IODshopPL\/","article_modified_time":"2026-03-03T07:13:02+00:00","og_image":[{"width":1000,"height":1000,"url":"https:\/\/iodperformance.com\/wp-content\/uploads\/2026\/02\/drag-link-nissan-patrol-y60.webp","type":"image\/webp"}],"twitter_card":"summary_large_image","schema":{"@context":"https:\/\/schema.org","@graph":[{"@type":"WebPage","@id":"https:\/\/iodperformance.com\/en\/produkt\/y60-front-steering-rod\/","url":"https:\/\/iodperformance.com\/en\/produkt\/y60-front-steering-rod\/","name":"Drag Link Nissan Patrol Y60","isPartOf":{"@id":"https:\/\/iodperformance.com\/#website"},"primaryImageOfPage":{"@id":"https:\/\/iodperformance.com\/en\/produkt\/y60-front-steering-rod\/#primaryimage"},"image":{"@id":"https:\/\/iodperformance.com\/en\/produkt\/y60-front-steering-rod\/#primaryimage"},"thumbnailUrl":"https:\/\/iodperformance.com\/wp-content\/uploads\/2026\/02\/drag-link-nissan-patrol-y60.webp","datePublished":"2025-03-04T12:23:40+00:00","dateModified":"2026-03-03T07:13:02+00:00","breadcrumb":{"@id":"https:\/\/iodperformance.com\/en\/produkt\/y60-front-steering-rod\/#breadcrumb"},"inLanguage":"en-US","potentialAction":[{"@type":"ReadAction","target":["https:\/\/iodperformance.com\/en\/produkt\/y60-front-steering-rod\/"]}]},{"@type":"ImageObject","inLanguage":"en-US","@id":"https:\/\/iodperformance.com\/en\/produkt\/y60-front-steering-rod\/#primaryimage","url":"https:\/\/iodperformance.com\/wp-content\/uploads\/2026\/02\/drag-link-nissan-patrol-y60.webp","contentUrl":"https:\/\/iodperformance.com\/wp-content\/uploads\/2026\/02\/drag-link-nissan-patrol-y60.webp","width":1000,"height":1000},{"@type":"BreadcrumbList","@id":"https:\/\/iodperformance.com\/en\/produkt\/y60-front-steering-rod\/#breadcrumb","itemListElement":[{"@type":"ListItem","position":1,"name":"Strona g\u0142\u00f3wna","item":"https:\/\/iodperformance.com\/en\/"},{"@type":"ListItem","position":2,"name":"Shop","item":"https:\/\/iodperformance.com\/en\/shop\/"},{"@type":"ListItem","position":3,"name":"Drag Link Nissan Patrol Y60"}]},{"@type":"WebSite","@id":"https:\/\/iodperformance.com\/#website","url":"https:\/\/iodperformance.com\/","name":"IOD Performance","description":"Producent cz\u0119\u015bci i akcesori\u00f3w samochodowych","publisher":{"@id":"https:\/\/iodperformance.com\/#organization"},"potentialAction":[{"@type":"SearchAction","target":{"@type":"EntryPoint","urlTemplate":"https:\/\/iodperformance.com\/?s={search_term_string}"},"query-input":{"@type":"PropertyValueSpecification","valueRequired":true,"valueName":"search_term_string"}}],"inLanguage":"en-US"},{"@type":"Organization","@id":"https:\/\/iodperformance.com\/#organization","name":"IOD Performance","url":"https:\/\/iodperformance.com\/","logo":{"@type":"ImageObject","inLanguage":"en-US","@id":"https:\/\/iodperformance.com\/#\/schema\/logo\/image\/","url":"https:\/\/iodperformance.com\/wp-content\/uploads\/2025\/02\/logo_V2.png","contentUrl":"https:\/\/iodperformance.com\/wp-content\/uploads\/2025\/02\/logo_V2.png","width":2560,"height":1076,"caption":"IOD Performance"},"image":{"@id":"https:\/\/iodperformance.com\/#\/schema\/logo\/image\/"},"sameAs":["https:\/\/www.facebook.com\/IODshopPL\/","https:\/\/www.instagram.com\/iodperformance\/","https:\/\/www.youtube.com\/@iodperformance"]}]}},"_links":{"self":[{"href":"https:\/\/iodperformance.com\/en\/wp-json\/wp\/v2\/product\/6534","targetHints":{"allow":["GET"]}}],"collection":[{"href":"https:\/\/iodperformance.com\/en\/wp-json\/wp\/v2\/product"}],"about":[{"href":"https:\/\/iodperformance.com\/en\/wp-json\/wp\/v2\/types\/product"}],"version-history":[{"count":0,"href":"https:\/\/iodperformance.com\/en\/wp-json\/wp\/v2\/product\/6534\/revisions"}],"wp:featuredmedia":[{"embeddable":true,"href":"https:\/\/iodperformance.com\/en\/wp-json\/wp\/v2\/media\/35575"}],"wp:attachment":[{"href":"https:\/\/iodperformance.com\/en\/wp-json\/wp\/v2\/media?parent=6534"}],"wp:term":[{"taxonomy":"product_brand","embeddable":true,"href":"https:\/\/iodperformance.com\/en\/wp-json\/wp\/v2\/product_brand?post=6534"},{"taxonomy":"product_cat","embeddable":true,"href":"https:\/\/iodperformance.com\/en\/wp-json\/wp\/v2\/product_cat?post=6534"},{"taxonomy":"product_tag","embeddable":true,"href":"https:\/\/iodperformance.com\/en\/wp-json\/wp\/v2\/product_tag?post=6534"}],"curies":[{"name":"wp","href":"https:\/\/api.w.org\/{rel}","templated":true}]}}