{"id":33366,"date":"2026-01-12T09:51:49","date_gmt":"2026-01-12T08:51:49","guid":{"rendered":"https:\/\/iodperformance.com\/?post_type=product&#038;p=33366"},"modified":"2026-02-26T08:32:53","modified_gmt":"2026-02-26T07:32:53","slug":"bushing-press-in-service-for-control-arms-and-panhard-rods-kopia-2","status":"publish","type":"product","link":"https:\/\/iodperformance.com\/en\/produkt\/bushing-press-in-service-for-control-arms-and-panhard-rods-kopia-2\/","title":{"rendered":"Service installing bushings for arms and panhard rods &#8211; 1 pcs."},"content":{"rendered":"<p><strong>For one control arm or one Panhard rod, you need to add this service to the cart twice!<\/strong><\/p>\n<p><strong>Important information:<\/strong><\/p>\n<p>\u2714 This service is provided <strong>only for parts purchased from us<\/strong><br \/>\n\u2714 Professional press-fitting using proper tools and equipment<br \/>\n\u274c We do not perform this service for parts supplied from outside our store<br \/>\n\u274c The service does not include installation of the part in the vehicle<\/p>\n<p><strong>How to order?<\/strong><\/p>\n<ul>\n<li>Add the control arm or Panhard rod from our store to your cart<\/li>\n<li>Add the appropriate bushings to your cart<\/li>\n<li>Add the bushing press-fit service (the correct quantity)<\/li>\n<li>We\u2019ll take care of the rest and deliver your control arm or Panhard rod with the bushings installed, ready for installation<\/li>\n<\/ul>\n","protected":false},"excerpt":{"rendered":"<p>We offer a press-in service for bushings for control arms and Panhard rods purchased in our store.<\/p>\n<p><strong>This service is only available as an add-on to the parts we sell.<\/strong><\/p>\n<p>The price is for pressing <strong>one bushing<\/strong> into a control arm or Panhard rod purchased from us, along with the bushings.<\/p>\n","protected":false},"featured_media":33380,"template":"","meta":[],"product_brand":[],"product_cat":[265,263,280],"product_tag":[],"class_list":{"0":"post-33366","1":"product","2":"type-product","3":"status-publish","4":"has-post-thumbnail","6":"product_cat-control-arms","7":"product_cat-panhardy-en","8":"product_cat-suspension-bushings","10":"first","11":"instock","12":"virtual","13":"taxable","14":"purchasable","15":"product-type-simple"},"bundled_by":[],"bundle_stock_status":"instock","bundle_stock_quantity":0,"bundle_virtual":false,"bundle_layout":"","bundle_add_to_cart_form_location":"","bundle_editable_in_cart":false,"bundle_sold_individually_context":"","bundle_item_grouping":"","bundle_min_size":"","bundle_max_size":"","bundle_price":[],"bundled_items":[],"bundle_sell_ids":[],"yoast_head":"<!-- This site is optimized with the Yoast SEO plugin v27.2 - https:\/\/yoast.com\/product\/yoast-seo-wordpress\/ -->\n<title>Service installing bushings for arms and panhard rods - 1 pcs.<\/title>\n<meta name=\"robots\" content=\"index, follow, max-snippet:-1, max-image-preview:large, max-video-preview:-1\" \/>\n<link rel=\"canonical\" href=\"https:\/\/iodperformance.com\/en\/produkt\/bushing-press-in-service-for-control-arms-and-panhard-rods-kopia-2\/\" \/>\n<meta property=\"og:locale\" content=\"en_US\" \/>\n<meta property=\"og:type\" content=\"article\" \/>\n<meta property=\"og:title\" content=\"Service installing bushings for arms and panhard rods - 1 pcs.\" \/>\n<meta property=\"og:description\" content=\"We offer a press-in service for bushings for control arms and Panhard rods purchased in our store.  This service is only available as an add-on to the parts we sell.  The price is for pressing one bushing into a control arm or Panhard rod purchased from us, along with the bushings.\" \/>\n<meta property=\"og:url\" content=\"https:\/\/iodperformance.com\/en\/produkt\/bushing-press-in-service-for-control-arms-and-panhard-rods-kopia-2\/\" \/>\n<meta property=\"og:site_name\" content=\"IOD Performance\" \/>\n<meta property=\"article:publisher\" content=\"https:\/\/www.facebook.com\/IODshopPL\/\" \/>\n<meta property=\"article:modified_time\" content=\"2026-02-26T07:32:53+00:00\" \/>\n<meta property=\"og:image\" content=\"https:\/\/iodperformance.com\/wp-content\/uploads\/2026\/01\/x2.webp\" \/>\n\t<meta property=\"og:image:width\" content=\"1000\" \/>\n\t<meta property=\"og:image:height\" content=\"1000\" \/>\n\t<meta property=\"og:image:type\" content=\"image\/webp\" \/>\n<meta name=\"twitter:card\" content=\"summary_large_image\" \/>\n<meta name=\"twitter:label1\" content=\"Est. reading time\" \/>\n\t<meta name=\"twitter:data1\" content=\"1 minute\" \/>\n<script type=\"application\/ld+json\" class=\"yoast-schema-graph\">{\"@context\":\"https:\/\/schema.org\",\"@graph\":[{\"@type\":\"WebPage\",\"@id\":\"https:\/\/iodperformance.com\/en\/produkt\/bushing-press-in-service-for-control-arms-and-panhard-rods-kopia-2\/\",\"url\":\"https:\/\/iodperformance.com\/en\/produkt\/bushing-press-in-service-for-control-arms-and-panhard-rods-kopia-2\/\",\"name\":\"Service installing bushings for arms and panhard rods - 1 pcs.\",\"isPartOf\":{\"@id\":\"https:\/\/iodperformance.com\/#website\"},\"primaryImageOfPage\":{\"@id\":\"https:\/\/iodperformance.com\/en\/produkt\/bushing-press-in-service-for-control-arms-and-panhard-rods-kopia-2\/#primaryimage\"},\"image\":{\"@id\":\"https:\/\/iodperformance.com\/en\/produkt\/bushing-press-in-service-for-control-arms-and-panhard-rods-kopia-2\/#primaryimage\"},\"thumbnailUrl\":\"https:\/\/iodperformance.com\/wp-content\/uploads\/2026\/01\/x2.webp\",\"datePublished\":\"2026-01-12T08:51:49+00:00\",\"dateModified\":\"2026-02-26T07:32:53+00:00\",\"breadcrumb\":{\"@id\":\"https:\/\/iodperformance.com\/en\/produkt\/bushing-press-in-service-for-control-arms-and-panhard-rods-kopia-2\/#breadcrumb\"},\"inLanguage\":\"en-US\",\"potentialAction\":[{\"@type\":\"ReadAction\",\"target\":[\"https:\/\/iodperformance.com\/en\/produkt\/bushing-press-in-service-for-control-arms-and-panhard-rods-kopia-2\/\"]}]},{\"@type\":\"ImageObject\",\"inLanguage\":\"en-US\",\"@id\":\"https:\/\/iodperformance.com\/en\/produkt\/bushing-press-in-service-for-control-arms-and-panhard-rods-kopia-2\/#primaryimage\",\"url\":\"https:\/\/iodperformance.com\/wp-content\/uploads\/2026\/01\/x2.webp\",\"contentUrl\":\"https:\/\/iodperformance.com\/wp-content\/uploads\/2026\/01\/x2.webp\",\"width\":1000,\"height\":1000},{\"@type\":\"BreadcrumbList\",\"@id\":\"https:\/\/iodperformance.com\/en\/produkt\/bushing-press-in-service-for-control-arms-and-panhard-rods-kopia-2\/#breadcrumb\",\"itemListElement\":[{\"@type\":\"ListItem\",\"position\":1,\"name\":\"Strona g\u0142\u00f3wna\",\"item\":\"https:\/\/iodperformance.com\/en\/\"},{\"@type\":\"ListItem\",\"position\":2,\"name\":\"Shop\",\"item\":\"https:\/\/iodperformance.com\/en\/shop\/\"},{\"@type\":\"ListItem\",\"position\":3,\"name\":\"Service installing bushings for arms and panhard rods - 1 pcs.\"}]},{\"@type\":\"WebSite\",\"@id\":\"https:\/\/iodperformance.com\/#website\",\"url\":\"https:\/\/iodperformance.com\/\",\"name\":\"IOD Performance\",\"description\":\"Producent cz\u0119\u015bci i akcesori\u00f3w samochodowych\",\"publisher\":{\"@id\":\"https:\/\/iodperformance.com\/#organization\"},\"potentialAction\":[{\"@type\":\"SearchAction\",\"target\":{\"@type\":\"EntryPoint\",\"urlTemplate\":\"https:\/\/iodperformance.com\/?s={search_term_string}\"},\"query-input\":{\"@type\":\"PropertyValueSpecification\",\"valueRequired\":true,\"valueName\":\"search_term_string\"}}],\"inLanguage\":\"en-US\"},{\"@type\":\"Organization\",\"@id\":\"https:\/\/iodperformance.com\/#organization\",\"name\":\"IOD Performance\",\"url\":\"https:\/\/iodperformance.com\/\",\"logo\":{\"@type\":\"ImageObject\",\"inLanguage\":\"en-US\",\"@id\":\"https:\/\/iodperformance.com\/#\/schema\/logo\/image\/\",\"url\":\"https:\/\/iodperformance.com\/wp-content\/uploads\/2025\/02\/logo_V2.png\",\"contentUrl\":\"https:\/\/iodperformance.com\/wp-content\/uploads\/2025\/02\/logo_V2.png\",\"width\":2560,\"height\":1076,\"caption\":\"IOD Performance\"},\"image\":{\"@id\":\"https:\/\/iodperformance.com\/#\/schema\/logo\/image\/\"},\"sameAs\":[\"https:\/\/www.facebook.com\/IODshopPL\/\",\"https:\/\/www.instagram.com\/iodperformance\/\",\"https:\/\/www.youtube.com\/@iodperformance\"]}]}<\/script>\n<!-- \/ Yoast SEO plugin. -->","yoast_head_json":{"title":"Service installing bushings for arms and panhard rods - 1 pcs.","robots":{"index":"index","follow":"follow","max-snippet":"max-snippet:-1","max-image-preview":"max-image-preview:large","max-video-preview":"max-video-preview:-1"},"canonical":"https:\/\/iodperformance.com\/en\/produkt\/bushing-press-in-service-for-control-arms-and-panhard-rods-kopia-2\/","og_locale":"en_US","og_type":"article","og_title":"Service installing bushings for arms and panhard rods - 1 pcs.","og_description":"We offer a press-in service for bushings for control arms and Panhard rods purchased in our store.  This service is only available as an add-on to the parts we sell.  The price is for pressing one bushing into a control arm or Panhard rod purchased from us, along with the bushings.","og_url":"https:\/\/iodperformance.com\/en\/produkt\/bushing-press-in-service-for-control-arms-and-panhard-rods-kopia-2\/","og_site_name":"IOD Performance","article_publisher":"https:\/\/www.facebook.com\/IODshopPL\/","article_modified_time":"2026-02-26T07:32:53+00:00","og_image":[{"width":1000,"height":1000,"url":"https:\/\/iodperformance.com\/wp-content\/uploads\/2026\/01\/x2.webp","type":"image\/webp"}],"twitter_card":"summary_large_image","twitter_misc":{"Est. reading time":"1 minute"},"schema":{"@context":"https:\/\/schema.org","@graph":[{"@type":"WebPage","@id":"https:\/\/iodperformance.com\/en\/produkt\/bushing-press-in-service-for-control-arms-and-panhard-rods-kopia-2\/","url":"https:\/\/iodperformance.com\/en\/produkt\/bushing-press-in-service-for-control-arms-and-panhard-rods-kopia-2\/","name":"Service installing bushings for arms and panhard rods - 1 pcs.","isPartOf":{"@id":"https:\/\/iodperformance.com\/#website"},"primaryImageOfPage":{"@id":"https:\/\/iodperformance.com\/en\/produkt\/bushing-press-in-service-for-control-arms-and-panhard-rods-kopia-2\/#primaryimage"},"image":{"@id":"https:\/\/iodperformance.com\/en\/produkt\/bushing-press-in-service-for-control-arms-and-panhard-rods-kopia-2\/#primaryimage"},"thumbnailUrl":"https:\/\/iodperformance.com\/wp-content\/uploads\/2026\/01\/x2.webp","datePublished":"2026-01-12T08:51:49+00:00","dateModified":"2026-02-26T07:32:53+00:00","breadcrumb":{"@id":"https:\/\/iodperformance.com\/en\/produkt\/bushing-press-in-service-for-control-arms-and-panhard-rods-kopia-2\/#breadcrumb"},"inLanguage":"en-US","potentialAction":[{"@type":"ReadAction","target":["https:\/\/iodperformance.com\/en\/produkt\/bushing-press-in-service-for-control-arms-and-panhard-rods-kopia-2\/"]}]},{"@type":"ImageObject","inLanguage":"en-US","@id":"https:\/\/iodperformance.com\/en\/produkt\/bushing-press-in-service-for-control-arms-and-panhard-rods-kopia-2\/#primaryimage","url":"https:\/\/iodperformance.com\/wp-content\/uploads\/2026\/01\/x2.webp","contentUrl":"https:\/\/iodperformance.com\/wp-content\/uploads\/2026\/01\/x2.webp","width":1000,"height":1000},{"@type":"BreadcrumbList","@id":"https:\/\/iodperformance.com\/en\/produkt\/bushing-press-in-service-for-control-arms-and-panhard-rods-kopia-2\/#breadcrumb","itemListElement":[{"@type":"ListItem","position":1,"name":"Strona g\u0142\u00f3wna","item":"https:\/\/iodperformance.com\/en\/"},{"@type":"ListItem","position":2,"name":"Shop","item":"https:\/\/iodperformance.com\/en\/shop\/"},{"@type":"ListItem","position":3,"name":"Service installing bushings for arms and panhard rods - 1 pcs."}]},{"@type":"WebSite","@id":"https:\/\/iodperformance.com\/#website","url":"https:\/\/iodperformance.com\/","name":"IOD Performance","description":"Producent cz\u0119\u015bci i akcesori\u00f3w samochodowych","publisher":{"@id":"https:\/\/iodperformance.com\/#organization"},"potentialAction":[{"@type":"SearchAction","target":{"@type":"EntryPoint","urlTemplate":"https:\/\/iodperformance.com\/?s={search_term_string}"},"query-input":{"@type":"PropertyValueSpecification","valueRequired":true,"valueName":"search_term_string"}}],"inLanguage":"en-US"},{"@type":"Organization","@id":"https:\/\/iodperformance.com\/#organization","name":"IOD Performance","url":"https:\/\/iodperformance.com\/","logo":{"@type":"ImageObject","inLanguage":"en-US","@id":"https:\/\/iodperformance.com\/#\/schema\/logo\/image\/","url":"https:\/\/iodperformance.com\/wp-content\/uploads\/2025\/02\/logo_V2.png","contentUrl":"https:\/\/iodperformance.com\/wp-content\/uploads\/2025\/02\/logo_V2.png","width":2560,"height":1076,"caption":"IOD Performance"},"image":{"@id":"https:\/\/iodperformance.com\/#\/schema\/logo\/image\/"},"sameAs":["https:\/\/www.facebook.com\/IODshopPL\/","https:\/\/www.instagram.com\/iodperformance\/","https:\/\/www.youtube.com\/@iodperformance"]}]}},"_links":{"self":[{"href":"https:\/\/iodperformance.com\/en\/wp-json\/wp\/v2\/product\/33366","targetHints":{"allow":["GET"]}}],"collection":[{"href":"https:\/\/iodperformance.com\/en\/wp-json\/wp\/v2\/product"}],"about":[{"href":"https:\/\/iodperformance.com\/en\/wp-json\/wp\/v2\/types\/product"}],"version-history":[{"count":4,"href":"https:\/\/iodperformance.com\/en\/wp-json\/wp\/v2\/product\/33366\/revisions"}],"predecessor-version":[{"id":34853,"href":"https:\/\/iodperformance.com\/en\/wp-json\/wp\/v2\/product\/33366\/revisions\/34853"}],"wp:featuredmedia":[{"embeddable":true,"href":"https:\/\/iodperformance.com\/en\/wp-json\/wp\/v2\/media\/33380"}],"wp:attachment":[{"href":"https:\/\/iodperformance.com\/en\/wp-json\/wp\/v2\/media?parent=33366"}],"wp:term":[{"taxonomy":"product_brand","embeddable":true,"href":"https:\/\/iodperformance.com\/en\/wp-json\/wp\/v2\/product_brand?post=33366"},{"taxonomy":"product_cat","embeddable":true,"href":"https:\/\/iodperformance.com\/en\/wp-json\/wp\/v2\/product_cat?post=33366"},{"taxonomy":"product_tag","embeddable":true,"href":"https:\/\/iodperformance.com\/en\/wp-json\/wp\/v2\/product_tag?post=33366"}],"curies":[{"name":"wp","href":"https:\/\/api.w.org\/{rel}","templated":true}]}}