{"id":30642,"date":"2025-12-22T07:26:28","date_gmt":"2025-12-22T06:26:28","guid":{"rendered":"https:\/\/iodperformance.com\/produkt\/soft-saber-hdx-technora-bound-7000-kg-shackle\/"},"modified":"2026-02-26T08:20:56","modified_gmt":"2026-02-26T07:20:56","slug":"soft-saber-hdx-technora-bound-7000-kg-shackle","status":"publish","type":"product","link":"https:\/\/iodperformance.com\/en\/produkt\/soft-saber-hdx-technora-bound-7000-kg-shackle\/","title":{"rendered":"Saber 7000KG HDX Technora Bound Soft Shackle"},"content":{"rendered":"<p>Whilst these will often not immediately cause soft shackles to fail, over time issues can be caused. The binding on this shackle offers additional peace of mind. <\/p>\n<p><b>Key Features<\/b><\/p>\n<ul>\n<li>7,000KG breaking strength<\/li>\n<li>Technora Cut Resistant Binding<\/li>\n<li>Constructed from SaberPro Fibre<\/li>\n<li>Can be used in a wide range of applications<\/li>\n<li>Tested in accordance with Australian requirements<\/li>\n<\/ul>\n<p> <iframe width=\"560\" height=\"315\" src=\"https:\/\/www. youtube. com\/embed\/Nuvfp2CaTXY\" title=\"YouTube video player\" frameborder=\"0\" allow=\"accelerometer; autoplay; clipboard-write; encrypted-media; gyroscope; picture-in-picture\" allowfullscreen><\/iframe>.<\/p>\n","protected":false},"excerpt":{"rendered":"<p>Whilst Saber Offroad have released heavy duty soft shackles in the past, nothing compares to the strength and durability of our 7,000KG HDX Technora Bound Soft Shackle. As with the other products in the Saber Offroad shackle range, this product is designed to be a safer, stronger, lighter and easier to use alternative to other shackles (both soft and metal). <\/p>\n<p>Having tested the shackles in a NATA accredited facility in Melbourne, Saber Offroad shackles perform at a superior level compared to many other tested competitor products. Having the unique Technora binding over the Saber Pro soft shackle itself, gives those recovering their vehicle confidence that this product can not be easily damaged even during more extreme impacts or abrasions. Many recovery points sold in the market were not designed with soft shackles in mind, so unrounded edges are common.<\/p>\n","protected":false},"featured_media":30930,"template":"","meta":[],"product_brand":[582],"product_cat":[561],"product_tag":[583],"class_list":{"0":"post-30642","1":"product","2":"type-product","3":"status-publish","4":"has-post-thumbnail","6":"product_brand-saber-en","7":"product_cat-shackles-and-pulleys","8":"product_tag-saber","10":"first","11":"instock","12":"taxable","13":"shipping-taxable","14":"purchasable","15":"product-type-simple"},"bundled_by":[],"bundle_stock_status":"instock","bundle_stock_quantity":null,"bundle_virtual":false,"bundle_layout":"","bundle_add_to_cart_form_location":"","bundle_editable_in_cart":false,"bundle_sold_individually_context":"","bundle_item_grouping":"","bundle_min_size":"","bundle_max_size":"","bundle_price":[],"bundled_items":[],"bundle_sell_ids":[],"yoast_head":"<!-- This site is optimized with the Yoast SEO plugin v27.2 - https:\/\/yoast.com\/product\/yoast-seo-wordpress\/ -->\n<title>Saber 7000KG HDX Technora Bound Soft Shackle<\/title>\n<meta name=\"robots\" content=\"index, follow, max-snippet:-1, max-image-preview:large, max-video-preview:-1\" \/>\n<link rel=\"canonical\" href=\"https:\/\/iodperformance.com\/en\/produkt\/soft-saber-hdx-technora-bound-7000-kg-shackle\/\" \/>\n<meta property=\"og:locale\" content=\"en_US\" \/>\n<meta property=\"og:type\" content=\"article\" \/>\n<meta property=\"og:title\" content=\"Saber 7000KG HDX Technora Bound Soft Shackle\" \/>\n<meta property=\"og:description\" content=\"Whilst Saber Offroad have released heavy duty soft shackles in the past, nothing compares to the strength and durability of our 7,000KG HDX Technora Bound Soft Shackle. As with the other products in the Saber Offroad shackle range, this product is designed to be a safer, stronger, lighter and easier to use alternative to other shackles (both soft and metal). Having tested the shackles in a NATA accredited facility in Melbourne, Saber Offroad shackles perform at a superior level compared to many other tested competitor products. Having the unique Technora binding over the Saber Pro soft shackle itself, gives those recovering their vehicle confidence that this product can not be easily damaged even during more extreme impacts or abrasions. Many recovery points sold in the market were not designed with soft shackles in mind, so unrounded edges are common.\" \/>\n<meta property=\"og:url\" content=\"https:\/\/iodperformance.com\/en\/produkt\/soft-saber-hdx-technora-bound-7000-kg-shackle\/\" \/>\n<meta property=\"og:site_name\" content=\"IOD Performance\" \/>\n<meta property=\"article:publisher\" content=\"https:\/\/www.facebook.com\/IODshopPL\/\" \/>\n<meta property=\"article:modified_time\" content=\"2026-02-26T07:20:56+00:00\" \/>\n<meta property=\"og:image\" content=\"https:\/\/iodperformance.com\/wp-content\/uploads\/2025\/12\/1.-7000kg-hdx-saberpro-technora-bound-soft-shackle_sbr-7ktbssb.jpg\" \/>\n\t<meta property=\"og:image:width\" content=\"2000\" \/>\n\t<meta property=\"og:image:height\" content=\"2000\" \/>\n\t<meta property=\"og:image:type\" content=\"image\/jpeg\" \/>\n<meta name=\"twitter:card\" content=\"summary_large_image\" \/>\n<script type=\"application\/ld+json\" class=\"yoast-schema-graph\">{\"@context\":\"https:\/\/schema.org\",\"@graph\":[{\"@type\":\"WebPage\",\"@id\":\"https:\/\/iodperformance.com\/en\/produkt\/soft-saber-hdx-technora-bound-7000-kg-shackle\/\",\"url\":\"https:\/\/iodperformance.com\/en\/produkt\/soft-saber-hdx-technora-bound-7000-kg-shackle\/\",\"name\":\"Saber 7000KG HDX Technora Bound Soft Shackle\",\"isPartOf\":{\"@id\":\"https:\/\/iodperformance.com\/#website\"},\"primaryImageOfPage\":{\"@id\":\"https:\/\/iodperformance.com\/en\/produkt\/soft-saber-hdx-technora-bound-7000-kg-shackle\/#primaryimage\"},\"image\":{\"@id\":\"https:\/\/iodperformance.com\/en\/produkt\/soft-saber-hdx-technora-bound-7000-kg-shackle\/#primaryimage\"},\"thumbnailUrl\":\"https:\/\/iodperformance.com\/wp-content\/uploads\/2025\/12\/1.-7000kg-hdx-saberpro-technora-bound-soft-shackle_sbr-7ktbssb.jpg\",\"datePublished\":\"2025-12-22T06:26:28+00:00\",\"dateModified\":\"2026-02-26T07:20:56+00:00\",\"breadcrumb\":{\"@id\":\"https:\/\/iodperformance.com\/en\/produkt\/soft-saber-hdx-technora-bound-7000-kg-shackle\/#breadcrumb\"},\"inLanguage\":\"en-US\",\"potentialAction\":[{\"@type\":\"ReadAction\",\"target\":[\"https:\/\/iodperformance.com\/en\/produkt\/soft-saber-hdx-technora-bound-7000-kg-shackle\/\"]}]},{\"@type\":\"ImageObject\",\"inLanguage\":\"en-US\",\"@id\":\"https:\/\/iodperformance.com\/en\/produkt\/soft-saber-hdx-technora-bound-7000-kg-shackle\/#primaryimage\",\"url\":\"https:\/\/iodperformance.com\/wp-content\/uploads\/2025\/12\/1.-7000kg-hdx-saberpro-technora-bound-soft-shackle_sbr-7ktbssb.jpg\",\"contentUrl\":\"https:\/\/iodperformance.com\/wp-content\/uploads\/2025\/12\/1.-7000kg-hdx-saberpro-technora-bound-soft-shackle_sbr-7ktbssb.jpg\",\"width\":2000,\"height\":2000},{\"@type\":\"BreadcrumbList\",\"@id\":\"https:\/\/iodperformance.com\/en\/produkt\/soft-saber-hdx-technora-bound-7000-kg-shackle\/#breadcrumb\",\"itemListElement\":[{\"@type\":\"ListItem\",\"position\":1,\"name\":\"Strona g\u0142\u00f3wna\",\"item\":\"https:\/\/iodperformance.com\/en\/\"},{\"@type\":\"ListItem\",\"position\":2,\"name\":\"Shop\",\"item\":\"https:\/\/iodperformance.com\/en\/shop\/\"},{\"@type\":\"ListItem\",\"position\":3,\"name\":\"Saber 7000KG HDX Technora Bound Soft Shackle\"}]},{\"@type\":\"WebSite\",\"@id\":\"https:\/\/iodperformance.com\/#website\",\"url\":\"https:\/\/iodperformance.com\/\",\"name\":\"IOD Performance\",\"description\":\"Producent cz\u0119\u015bci i akcesori\u00f3w samochodowych\",\"publisher\":{\"@id\":\"https:\/\/iodperformance.com\/#organization\"},\"potentialAction\":[{\"@type\":\"SearchAction\",\"target\":{\"@type\":\"EntryPoint\",\"urlTemplate\":\"https:\/\/iodperformance.com\/?s={search_term_string}\"},\"query-input\":{\"@type\":\"PropertyValueSpecification\",\"valueRequired\":true,\"valueName\":\"search_term_string\"}}],\"inLanguage\":\"en-US\"},{\"@type\":\"Organization\",\"@id\":\"https:\/\/iodperformance.com\/#organization\",\"name\":\"IOD Performance\",\"url\":\"https:\/\/iodperformance.com\/\",\"logo\":{\"@type\":\"ImageObject\",\"inLanguage\":\"en-US\",\"@id\":\"https:\/\/iodperformance.com\/#\/schema\/logo\/image\/\",\"url\":\"https:\/\/iodperformance.com\/wp-content\/uploads\/2025\/02\/logo_V2.png\",\"contentUrl\":\"https:\/\/iodperformance.com\/wp-content\/uploads\/2025\/02\/logo_V2.png\",\"width\":2560,\"height\":1076,\"caption\":\"IOD Performance\"},\"image\":{\"@id\":\"https:\/\/iodperformance.com\/#\/schema\/logo\/image\/\"},\"sameAs\":[\"https:\/\/www.facebook.com\/IODshopPL\/\",\"https:\/\/www.instagram.com\/iodperformance\/\",\"https:\/\/www.youtube.com\/@iodperformance\"]}]}<\/script>\n<!-- \/ Yoast SEO plugin. -->","yoast_head_json":{"title":"Saber 7000KG HDX Technora Bound Soft Shackle","robots":{"index":"index","follow":"follow","max-snippet":"max-snippet:-1","max-image-preview":"max-image-preview:large","max-video-preview":"max-video-preview:-1"},"canonical":"https:\/\/iodperformance.com\/en\/produkt\/soft-saber-hdx-technora-bound-7000-kg-shackle\/","og_locale":"en_US","og_type":"article","og_title":"Saber 7000KG HDX Technora Bound Soft Shackle","og_description":"Whilst Saber Offroad have released heavy duty soft shackles in the past, nothing compares to the strength and durability of our 7,000KG HDX Technora Bound Soft Shackle. As with the other products in the Saber Offroad shackle range, this product is designed to be a safer, stronger, lighter and easier to use alternative to other shackles (both soft and metal). Having tested the shackles in a NATA accredited facility in Melbourne, Saber Offroad shackles perform at a superior level compared to many other tested competitor products. Having the unique Technora binding over the Saber Pro soft shackle itself, gives those recovering their vehicle confidence that this product can not be easily damaged even during more extreme impacts or abrasions. Many recovery points sold in the market were not designed with soft shackles in mind, so unrounded edges are common.","og_url":"https:\/\/iodperformance.com\/en\/produkt\/soft-saber-hdx-technora-bound-7000-kg-shackle\/","og_site_name":"IOD Performance","article_publisher":"https:\/\/www.facebook.com\/IODshopPL\/","article_modified_time":"2026-02-26T07:20:56+00:00","og_image":[{"width":2000,"height":2000,"url":"https:\/\/iodperformance.com\/wp-content\/uploads\/2025\/12\/1.-7000kg-hdx-saberpro-technora-bound-soft-shackle_sbr-7ktbssb.jpg","type":"image\/jpeg"}],"twitter_card":"summary_large_image","schema":{"@context":"https:\/\/schema.org","@graph":[{"@type":"WebPage","@id":"https:\/\/iodperformance.com\/en\/produkt\/soft-saber-hdx-technora-bound-7000-kg-shackle\/","url":"https:\/\/iodperformance.com\/en\/produkt\/soft-saber-hdx-technora-bound-7000-kg-shackle\/","name":"Saber 7000KG HDX Technora Bound Soft Shackle","isPartOf":{"@id":"https:\/\/iodperformance.com\/#website"},"primaryImageOfPage":{"@id":"https:\/\/iodperformance.com\/en\/produkt\/soft-saber-hdx-technora-bound-7000-kg-shackle\/#primaryimage"},"image":{"@id":"https:\/\/iodperformance.com\/en\/produkt\/soft-saber-hdx-technora-bound-7000-kg-shackle\/#primaryimage"},"thumbnailUrl":"https:\/\/iodperformance.com\/wp-content\/uploads\/2025\/12\/1.-7000kg-hdx-saberpro-technora-bound-soft-shackle_sbr-7ktbssb.jpg","datePublished":"2025-12-22T06:26:28+00:00","dateModified":"2026-02-26T07:20:56+00:00","breadcrumb":{"@id":"https:\/\/iodperformance.com\/en\/produkt\/soft-saber-hdx-technora-bound-7000-kg-shackle\/#breadcrumb"},"inLanguage":"en-US","potentialAction":[{"@type":"ReadAction","target":["https:\/\/iodperformance.com\/en\/produkt\/soft-saber-hdx-technora-bound-7000-kg-shackle\/"]}]},{"@type":"ImageObject","inLanguage":"en-US","@id":"https:\/\/iodperformance.com\/en\/produkt\/soft-saber-hdx-technora-bound-7000-kg-shackle\/#primaryimage","url":"https:\/\/iodperformance.com\/wp-content\/uploads\/2025\/12\/1.-7000kg-hdx-saberpro-technora-bound-soft-shackle_sbr-7ktbssb.jpg","contentUrl":"https:\/\/iodperformance.com\/wp-content\/uploads\/2025\/12\/1.-7000kg-hdx-saberpro-technora-bound-soft-shackle_sbr-7ktbssb.jpg","width":2000,"height":2000},{"@type":"BreadcrumbList","@id":"https:\/\/iodperformance.com\/en\/produkt\/soft-saber-hdx-technora-bound-7000-kg-shackle\/#breadcrumb","itemListElement":[{"@type":"ListItem","position":1,"name":"Strona g\u0142\u00f3wna","item":"https:\/\/iodperformance.com\/en\/"},{"@type":"ListItem","position":2,"name":"Shop","item":"https:\/\/iodperformance.com\/en\/shop\/"},{"@type":"ListItem","position":3,"name":"Saber 7000KG HDX Technora Bound Soft Shackle"}]},{"@type":"WebSite","@id":"https:\/\/iodperformance.com\/#website","url":"https:\/\/iodperformance.com\/","name":"IOD Performance","description":"Producent cz\u0119\u015bci i akcesori\u00f3w samochodowych","publisher":{"@id":"https:\/\/iodperformance.com\/#organization"},"potentialAction":[{"@type":"SearchAction","target":{"@type":"EntryPoint","urlTemplate":"https:\/\/iodperformance.com\/?s={search_term_string}"},"query-input":{"@type":"PropertyValueSpecification","valueRequired":true,"valueName":"search_term_string"}}],"inLanguage":"en-US"},{"@type":"Organization","@id":"https:\/\/iodperformance.com\/#organization","name":"IOD Performance","url":"https:\/\/iodperformance.com\/","logo":{"@type":"ImageObject","inLanguage":"en-US","@id":"https:\/\/iodperformance.com\/#\/schema\/logo\/image\/","url":"https:\/\/iodperformance.com\/wp-content\/uploads\/2025\/02\/logo_V2.png","contentUrl":"https:\/\/iodperformance.com\/wp-content\/uploads\/2025\/02\/logo_V2.png","width":2560,"height":1076,"caption":"IOD Performance"},"image":{"@id":"https:\/\/iodperformance.com\/#\/schema\/logo\/image\/"},"sameAs":["https:\/\/www.facebook.com\/IODshopPL\/","https:\/\/www.instagram.com\/iodperformance\/","https:\/\/www.youtube.com\/@iodperformance"]}]}},"_links":{"self":[{"href":"https:\/\/iodperformance.com\/en\/wp-json\/wp\/v2\/product\/30642","targetHints":{"allow":["GET"]}}],"collection":[{"href":"https:\/\/iodperformance.com\/en\/wp-json\/wp\/v2\/product"}],"about":[{"href":"https:\/\/iodperformance.com\/en\/wp-json\/wp\/v2\/types\/product"}],"version-history":[{"count":1,"href":"https:\/\/iodperformance.com\/en\/wp-json\/wp\/v2\/product\/30642\/revisions"}],"predecessor-version":[{"id":30852,"href":"https:\/\/iodperformance.com\/en\/wp-json\/wp\/v2\/product\/30642\/revisions\/30852"}],"wp:featuredmedia":[{"embeddable":true,"href":"https:\/\/iodperformance.com\/en\/wp-json\/wp\/v2\/media\/30930"}],"wp:attachment":[{"href":"https:\/\/iodperformance.com\/en\/wp-json\/wp\/v2\/media?parent=30642"}],"wp:term":[{"taxonomy":"product_brand","embeddable":true,"href":"https:\/\/iodperformance.com\/en\/wp-json\/wp\/v2\/product_brand?post=30642"},{"taxonomy":"product_cat","embeddable":true,"href":"https:\/\/iodperformance.com\/en\/wp-json\/wp\/v2\/product_cat?post=30642"},{"taxonomy":"product_tag","embeddable":true,"href":"https:\/\/iodperformance.com\/en\/wp-json\/wp\/v2\/product_tag?post=30642"}],"curies":[{"name":"wp","href":"https:\/\/api.w.org\/{rel}","templated":true}]}}