{"id":30636,"date":"2025-12-22T07:26:32","date_gmt":"2025-12-22T06:26:32","guid":{"rendered":"https:\/\/iodperformance.com\/produkt\/saber-hdx-technora-60000-kg-soft-shackle\/"},"modified":"2026-02-26T08:20:57","modified_gmt":"2026-02-26T07:20:57","slug":"saber-hdx-technora-60000-kg-soft-shackle","status":"publish","type":"product","link":"https:\/\/iodperformance.com\/en\/produkt\/saber-hdx-technora-60000-kg-soft-shackle\/","title":{"rendered":"Saber 60,000KG HDX Technora Bound Soft Shackle"},"content":{"rendered":"<p>Every product is meticulously labeled with the essential rating and information, ensuring you have the utmost confidence in its strength and reliability. Elevate your recovery capabilities with the 60,0000KG Long HDX SaberPro Technora Bound Soft Shackle &amp;ndash; a strong and durable ally for every demanding situation. <\/p>\n<p><strong>Product Features<\/strong><\/p>\n<ul>\n<li>60,0000KG breaking strength<\/li>\n<li>Technora Cut Resistant Binding<\/li>\n<li>Constructed from SaberPro Fibre<\/li>\n<li>Can be used in a wide range of applications<\/li>\n<li>Tested in accordance with Australian requirements<\/li>\n<\/ul>\n<p>Saber Offroad soft shackles are the new-age solution to maximise safety and reliability, while reducing the amount of metal involved in a recovery situation. It&amp;rsquo;s gear to get you home and performs when you need it most. <\/p>\n<p><strong>Additional Information<\/strong><\/p>\n<ul>\n<li>Weight: 2. 51 kg<\/li>\n<li>Packaged Dimensions: 60 cm (L) x 30 cm (W) x 16 cm (H)<\/li>\n<\/ul>\n<p>.<\/p>\n","protected":false},"excerpt":{"rendered":"<p>The 60,000 KG HDX SaberPro Technora Bound Soft Shackle is expertly designed to confront the challenges posed by the heavy metal shackles and square edged recovery points. <\/p>\n<p>Built with Saber Offroad&amp;rsquo;s proprietary SaberPro. Fibre and enveloped in a cut-resistant Technora binding, this ultra heavy-duty soft shackle is a key element in our commerical range of products suiting rigorous search and rescue, agriculture, military, and mining conditions. With a remarkable minimum breaking strain of 60,000 kg and open length of 170cm, it&amp;rsquo;s ready for whatever will be thrown at it. <\/p>\n<p>At Saber Offroad, our commitment to excellence is reflected in real-world testing, simulating the environments where you&amp;rsquo;ll rely on this shackle.<\/p>\n","protected":false},"featured_media":30331,"template":"","meta":[],"product_brand":[582],"product_cat":[561],"product_tag":[583],"class_list":{"0":"post-30636","1":"product","2":"type-product","3":"status-publish","4":"has-post-thumbnail","6":"product_brand-saber-en","7":"product_cat-shackles-and-pulleys","8":"product_tag-saber","10":"first","11":"instock","12":"taxable","13":"shipping-taxable","14":"purchasable","15":"product-type-simple"},"bundled_by":[],"bundle_stock_status":"instock","bundle_stock_quantity":null,"bundle_virtual":false,"bundle_layout":"","bundle_add_to_cart_form_location":"","bundle_editable_in_cart":false,"bundle_sold_individually_context":"","bundle_item_grouping":"","bundle_min_size":"","bundle_max_size":"","bundle_price":[],"bundled_items":[],"bundle_sell_ids":[],"yoast_head":"<!-- This site is optimized with the Yoast SEO plugin v27.2 - https:\/\/yoast.com\/product\/yoast-seo-wordpress\/ -->\n<title>Saber 60,000KG HDX Technora Bound Soft Shackle<\/title>\n<meta name=\"robots\" content=\"index, follow, max-snippet:-1, max-image-preview:large, max-video-preview:-1\" \/>\n<link rel=\"canonical\" href=\"https:\/\/iodperformance.com\/en\/produkt\/saber-hdx-technora-60000-kg-soft-shackle\/\" \/>\n<meta property=\"og:locale\" content=\"en_US\" \/>\n<meta property=\"og:type\" content=\"article\" \/>\n<meta property=\"og:title\" content=\"Saber 60,000KG HDX Technora Bound Soft Shackle\" \/>\n<meta property=\"og:description\" content=\"The 60,000 KG HDX SaberPro Technora Bound Soft Shackle is expertly designed to confront the challenges posed by the heavy metal shackles and square edged recovery points. Built with Saber Offroad&amp;rsquo;s proprietary SaberPro. Fibre and enveloped in a cut-resistant Technora binding, this ultra heavy-duty soft shackle is a key element in our commerical range of products suiting rigorous search and rescue, agriculture, military, and mining conditions. With a remarkable minimum breaking strain of 60,000 kg and open length of 170cm, it&amp;rsquo;s ready for whatever will be thrown at it. At Saber Offroad, our commitment to excellence is reflected in real-world testing, simulating the environments where you&amp;rsquo;ll rely on this shackle.\" \/>\n<meta property=\"og:url\" content=\"https:\/\/iodperformance.com\/en\/produkt\/saber-hdx-technora-60000-kg-soft-shackle\/\" \/>\n<meta property=\"og:site_name\" content=\"IOD Performance\" \/>\n<meta property=\"article:publisher\" content=\"https:\/\/www.facebook.com\/IODshopPL\/\" \/>\n<meta property=\"article:modified_time\" content=\"2026-02-26T07:20:57+00:00\" \/>\n<meta property=\"og:image\" content=\"https:\/\/iodperformance.com\/wp-content\/uploads\/2025\/12\/sbr-60ktbssbl.jpg\" \/>\n\t<meta property=\"og:image:width\" content=\"2000\" \/>\n\t<meta property=\"og:image:height\" content=\"2000\" \/>\n\t<meta property=\"og:image:type\" content=\"image\/jpeg\" \/>\n<meta name=\"twitter:card\" content=\"summary_large_image\" \/>\n<meta name=\"twitter:label1\" content=\"Est. reading time\" \/>\n\t<meta name=\"twitter:data1\" content=\"1 minute\" \/>\n<script type=\"application\/ld+json\" class=\"yoast-schema-graph\">{\"@context\":\"https:\/\/schema.org\",\"@graph\":[{\"@type\":\"WebPage\",\"@id\":\"https:\/\/iodperformance.com\/en\/produkt\/saber-hdx-technora-60000-kg-soft-shackle\/\",\"url\":\"https:\/\/iodperformance.com\/en\/produkt\/saber-hdx-technora-60000-kg-soft-shackle\/\",\"name\":\"Saber 60,000KG HDX Technora Bound Soft Shackle\",\"isPartOf\":{\"@id\":\"https:\/\/iodperformance.com\/#website\"},\"primaryImageOfPage\":{\"@id\":\"https:\/\/iodperformance.com\/en\/produkt\/saber-hdx-technora-60000-kg-soft-shackle\/#primaryimage\"},\"image\":{\"@id\":\"https:\/\/iodperformance.com\/en\/produkt\/saber-hdx-technora-60000-kg-soft-shackle\/#primaryimage\"},\"thumbnailUrl\":\"https:\/\/iodperformance.com\/wp-content\/uploads\/2025\/12\/sbr-60ktbssbl.jpg\",\"datePublished\":\"2025-12-22T06:26:32+00:00\",\"dateModified\":\"2026-02-26T07:20:57+00:00\",\"breadcrumb\":{\"@id\":\"https:\/\/iodperformance.com\/en\/produkt\/saber-hdx-technora-60000-kg-soft-shackle\/#breadcrumb\"},\"inLanguage\":\"en-US\",\"potentialAction\":[{\"@type\":\"ReadAction\",\"target\":[\"https:\/\/iodperformance.com\/en\/produkt\/saber-hdx-technora-60000-kg-soft-shackle\/\"]}]},{\"@type\":\"ImageObject\",\"inLanguage\":\"en-US\",\"@id\":\"https:\/\/iodperformance.com\/en\/produkt\/saber-hdx-technora-60000-kg-soft-shackle\/#primaryimage\",\"url\":\"https:\/\/iodperformance.com\/wp-content\/uploads\/2025\/12\/sbr-60ktbssbl.jpg\",\"contentUrl\":\"https:\/\/iodperformance.com\/wp-content\/uploads\/2025\/12\/sbr-60ktbssbl.jpg\",\"width\":2000,\"height\":2000},{\"@type\":\"BreadcrumbList\",\"@id\":\"https:\/\/iodperformance.com\/en\/produkt\/saber-hdx-technora-60000-kg-soft-shackle\/#breadcrumb\",\"itemListElement\":[{\"@type\":\"ListItem\",\"position\":1,\"name\":\"Strona g\u0142\u00f3wna\",\"item\":\"https:\/\/iodperformance.com\/en\/\"},{\"@type\":\"ListItem\",\"position\":2,\"name\":\"Shop\",\"item\":\"https:\/\/iodperformance.com\/en\/shop\/\"},{\"@type\":\"ListItem\",\"position\":3,\"name\":\"Saber 60,000KG HDX Technora Bound Soft Shackle\"}]},{\"@type\":\"WebSite\",\"@id\":\"https:\/\/iodperformance.com\/#website\",\"url\":\"https:\/\/iodperformance.com\/\",\"name\":\"IOD Performance\",\"description\":\"Producent cz\u0119\u015bci i akcesori\u00f3w samochodowych\",\"publisher\":{\"@id\":\"https:\/\/iodperformance.com\/#organization\"},\"potentialAction\":[{\"@type\":\"SearchAction\",\"target\":{\"@type\":\"EntryPoint\",\"urlTemplate\":\"https:\/\/iodperformance.com\/?s={search_term_string}\"},\"query-input\":{\"@type\":\"PropertyValueSpecification\",\"valueRequired\":true,\"valueName\":\"search_term_string\"}}],\"inLanguage\":\"en-US\"},{\"@type\":\"Organization\",\"@id\":\"https:\/\/iodperformance.com\/#organization\",\"name\":\"IOD Performance\",\"url\":\"https:\/\/iodperformance.com\/\",\"logo\":{\"@type\":\"ImageObject\",\"inLanguage\":\"en-US\",\"@id\":\"https:\/\/iodperformance.com\/#\/schema\/logo\/image\/\",\"url\":\"https:\/\/iodperformance.com\/wp-content\/uploads\/2025\/02\/logo_V2.png\",\"contentUrl\":\"https:\/\/iodperformance.com\/wp-content\/uploads\/2025\/02\/logo_V2.png\",\"width\":2560,\"height\":1076,\"caption\":\"IOD Performance\"},\"image\":{\"@id\":\"https:\/\/iodperformance.com\/#\/schema\/logo\/image\/\"},\"sameAs\":[\"https:\/\/www.facebook.com\/IODshopPL\/\",\"https:\/\/www.instagram.com\/iodperformance\/\",\"https:\/\/www.youtube.com\/@iodperformance\"]}]}<\/script>\n<!-- \/ Yoast SEO plugin. -->","yoast_head_json":{"title":"Saber 60,000KG HDX Technora Bound Soft Shackle","robots":{"index":"index","follow":"follow","max-snippet":"max-snippet:-1","max-image-preview":"max-image-preview:large","max-video-preview":"max-video-preview:-1"},"canonical":"https:\/\/iodperformance.com\/en\/produkt\/saber-hdx-technora-60000-kg-soft-shackle\/","og_locale":"en_US","og_type":"article","og_title":"Saber 60,000KG HDX Technora Bound Soft Shackle","og_description":"The 60,000 KG HDX SaberPro Technora Bound Soft Shackle is expertly designed to confront the challenges posed by the heavy metal shackles and square edged recovery points. Built with Saber Offroad&amp;rsquo;s proprietary SaberPro. Fibre and enveloped in a cut-resistant Technora binding, this ultra heavy-duty soft shackle is a key element in our commerical range of products suiting rigorous search and rescue, agriculture, military, and mining conditions. With a remarkable minimum breaking strain of 60,000 kg and open length of 170cm, it&amp;rsquo;s ready for whatever will be thrown at it. At Saber Offroad, our commitment to excellence is reflected in real-world testing, simulating the environments where you&amp;rsquo;ll rely on this shackle.","og_url":"https:\/\/iodperformance.com\/en\/produkt\/saber-hdx-technora-60000-kg-soft-shackle\/","og_site_name":"IOD Performance","article_publisher":"https:\/\/www.facebook.com\/IODshopPL\/","article_modified_time":"2026-02-26T07:20:57+00:00","og_image":[{"width":2000,"height":2000,"url":"https:\/\/iodperformance.com\/wp-content\/uploads\/2025\/12\/sbr-60ktbssbl.jpg","type":"image\/jpeg"}],"twitter_card":"summary_large_image","twitter_misc":{"Est. reading time":"1 minute"},"schema":{"@context":"https:\/\/schema.org","@graph":[{"@type":"WebPage","@id":"https:\/\/iodperformance.com\/en\/produkt\/saber-hdx-technora-60000-kg-soft-shackle\/","url":"https:\/\/iodperformance.com\/en\/produkt\/saber-hdx-technora-60000-kg-soft-shackle\/","name":"Saber 60,000KG HDX Technora Bound Soft Shackle","isPartOf":{"@id":"https:\/\/iodperformance.com\/#website"},"primaryImageOfPage":{"@id":"https:\/\/iodperformance.com\/en\/produkt\/saber-hdx-technora-60000-kg-soft-shackle\/#primaryimage"},"image":{"@id":"https:\/\/iodperformance.com\/en\/produkt\/saber-hdx-technora-60000-kg-soft-shackle\/#primaryimage"},"thumbnailUrl":"https:\/\/iodperformance.com\/wp-content\/uploads\/2025\/12\/sbr-60ktbssbl.jpg","datePublished":"2025-12-22T06:26:32+00:00","dateModified":"2026-02-26T07:20:57+00:00","breadcrumb":{"@id":"https:\/\/iodperformance.com\/en\/produkt\/saber-hdx-technora-60000-kg-soft-shackle\/#breadcrumb"},"inLanguage":"en-US","potentialAction":[{"@type":"ReadAction","target":["https:\/\/iodperformance.com\/en\/produkt\/saber-hdx-technora-60000-kg-soft-shackle\/"]}]},{"@type":"ImageObject","inLanguage":"en-US","@id":"https:\/\/iodperformance.com\/en\/produkt\/saber-hdx-technora-60000-kg-soft-shackle\/#primaryimage","url":"https:\/\/iodperformance.com\/wp-content\/uploads\/2025\/12\/sbr-60ktbssbl.jpg","contentUrl":"https:\/\/iodperformance.com\/wp-content\/uploads\/2025\/12\/sbr-60ktbssbl.jpg","width":2000,"height":2000},{"@type":"BreadcrumbList","@id":"https:\/\/iodperformance.com\/en\/produkt\/saber-hdx-technora-60000-kg-soft-shackle\/#breadcrumb","itemListElement":[{"@type":"ListItem","position":1,"name":"Strona g\u0142\u00f3wna","item":"https:\/\/iodperformance.com\/en\/"},{"@type":"ListItem","position":2,"name":"Shop","item":"https:\/\/iodperformance.com\/en\/shop\/"},{"@type":"ListItem","position":3,"name":"Saber 60,000KG HDX Technora Bound Soft Shackle"}]},{"@type":"WebSite","@id":"https:\/\/iodperformance.com\/#website","url":"https:\/\/iodperformance.com\/","name":"IOD Performance","description":"Producent cz\u0119\u015bci i akcesori\u00f3w samochodowych","publisher":{"@id":"https:\/\/iodperformance.com\/#organization"},"potentialAction":[{"@type":"SearchAction","target":{"@type":"EntryPoint","urlTemplate":"https:\/\/iodperformance.com\/?s={search_term_string}"},"query-input":{"@type":"PropertyValueSpecification","valueRequired":true,"valueName":"search_term_string"}}],"inLanguage":"en-US"},{"@type":"Organization","@id":"https:\/\/iodperformance.com\/#organization","name":"IOD Performance","url":"https:\/\/iodperformance.com\/","logo":{"@type":"ImageObject","inLanguage":"en-US","@id":"https:\/\/iodperformance.com\/#\/schema\/logo\/image\/","url":"https:\/\/iodperformance.com\/wp-content\/uploads\/2025\/02\/logo_V2.png","contentUrl":"https:\/\/iodperformance.com\/wp-content\/uploads\/2025\/02\/logo_V2.png","width":2560,"height":1076,"caption":"IOD Performance"},"image":{"@id":"https:\/\/iodperformance.com\/#\/schema\/logo\/image\/"},"sameAs":["https:\/\/www.facebook.com\/IODshopPL\/","https:\/\/www.instagram.com\/iodperformance\/","https:\/\/www.youtube.com\/@iodperformance"]}]}},"_links":{"self":[{"href":"https:\/\/iodperformance.com\/en\/wp-json\/wp\/v2\/product\/30636","targetHints":{"allow":["GET"]}}],"collection":[{"href":"https:\/\/iodperformance.com\/en\/wp-json\/wp\/v2\/product"}],"about":[{"href":"https:\/\/iodperformance.com\/en\/wp-json\/wp\/v2\/types\/product"}],"version-history":[{"count":1,"href":"https:\/\/iodperformance.com\/en\/wp-json\/wp\/v2\/product\/30636\/revisions"}],"predecessor-version":[{"id":30855,"href":"https:\/\/iodperformance.com\/en\/wp-json\/wp\/v2\/product\/30636\/revisions\/30855"}],"wp:featuredmedia":[{"embeddable":true,"href":"https:\/\/iodperformance.com\/en\/wp-json\/wp\/v2\/media\/30331"}],"wp:attachment":[{"href":"https:\/\/iodperformance.com\/en\/wp-json\/wp\/v2\/media?parent=30636"}],"wp:term":[{"taxonomy":"product_brand","embeddable":true,"href":"https:\/\/iodperformance.com\/en\/wp-json\/wp\/v2\/product_brand?post=30636"},{"taxonomy":"product_cat","embeddable":true,"href":"https:\/\/iodperformance.com\/en\/wp-json\/wp\/v2\/product_cat?post=30636"},{"taxonomy":"product_tag","embeddable":true,"href":"https:\/\/iodperformance.com\/en\/wp-json\/wp\/v2\/product_tag?post=30636"}],"curies":[{"name":"wp","href":"https:\/\/api.w.org\/{rel}","templated":true}]}}