{"id":30632,"date":"2025-12-22T07:26:54","date_gmt":"2025-12-22T06:26:54","guid":{"rendered":"https:\/\/iodperformance.com\/produkt\/saberpro-winch-rope-single-braided-30-m-black\/"},"modified":"2026-02-26T08:20:59","modified_gmt":"2026-02-26T07:20:59","slug":"saberpro-winch-rope-single-braided-30-m-black","status":"publish","type":"product","link":"https:\/\/iodperformance.com\/en\/produkt\/saberpro-winch-rope-single-braided-30-m-black\/","title":{"rendered":"SaberPro Single Braided 30M Winch Rope (black)"},"content":{"rendered":"<p><strong>Winch Rope Key Features<\/strong><\/p>\n<ul>\n<li>9,500KG (21,000lbs) breaking strength<\/li>\n<li>30M (100ft) Length<\/li>\n<li>10mm Diameter<\/li>\n<li>12mm Black Stainless Steel Thimble<\/li>\n<li>2m Black polyester sheath<\/li>\n<li>Constructed from our exclusive SaberPro&trade; fibre<\/li>\n<li>The perfect compliment for any low mount winch<\/li>\n<\/ul>\n","protected":false},"excerpt":{"rendered":"<p><b>SaberPro\u00ae Single Braided Winch Rope \u2013 9,500KG \u2013 30M<\/b><br \/>Built tough, this 10mm winch rope is designed to suit those with low mount winches, looking to upgrade the performance of their winch. With 30M (100ft) of length, it\u2019s versatile and ready for when you need it most! The final 5 meters of the rope is red in colour to warn you that you\u2019re getting low on rope on the drum. We also include a 2-meter polyester sleeve for added protection anywhere you need it on the rope. <\/p>\n<p>This synthetic winch rope is manufactured from our proprietary fiber, <b>SaberPro<\/b>, a stronger and more durable fiber developed for exactly these needs. <\/p>\n","protected":false},"featured_media":30373,"template":"","meta":[],"product_brand":[582],"product_cat":[418],"product_tag":[583],"class_list":{"0":"post-30632","1":"product","2":"type-product","3":"status-publish","4":"has-post-thumbnail","6":"product_brand-saber-en","7":"product_cat-winch-accessories","8":"product_tag-saber","10":"first","11":"instock","12":"taxable","13":"shipping-taxable","14":"purchasable","15":"product-type-simple"},"bundled_by":[],"bundle_stock_status":"instock","bundle_stock_quantity":null,"bundle_virtual":false,"bundle_layout":"","bundle_add_to_cart_form_location":"","bundle_editable_in_cart":false,"bundle_sold_individually_context":"","bundle_item_grouping":"","bundle_min_size":"","bundle_max_size":"","bundle_price":[],"bundled_items":[],"bundle_sell_ids":[],"yoast_head":"<!-- This site is optimized with the Yoast SEO plugin v27.2 - https:\/\/yoast.com\/product\/yoast-seo-wordpress\/ -->\n<title>SaberPro Single Braided 30M Winch Rope (black)<\/title>\n<meta name=\"robots\" content=\"index, follow, max-snippet:-1, max-image-preview:large, max-video-preview:-1\" \/>\n<link rel=\"canonical\" href=\"https:\/\/iodperformance.com\/en\/produkt\/saberpro-winch-rope-single-braided-30-m-black\/\" \/>\n<meta property=\"og:locale\" content=\"en_US\" \/>\n<meta property=\"og:type\" content=\"article\" \/>\n<meta property=\"og:title\" content=\"SaberPro Single Braided 30M Winch Rope (black)\" \/>\n<meta property=\"og:description\" content=\"SaberPro\u00ae Single Braided Winch Rope \u2013 9,500KG \u2013 30MBuilt tough, this 10mm winch rope is designed to suit those with low mount winches, looking to upgrade the performance of their winch. With 30M (100ft) of length, it\u2019s versatile and ready for when you need it most! The final 5 meters of the rope is red in colour to warn you that you\u2019re getting low on rope on the drum. We also include a 2-meter polyester sleeve for added protection anywhere you need it on the rope. This synthetic winch rope is manufactured from our proprietary fiber, SaberPro, a stronger and more durable fiber developed for exactly these needs.\" \/>\n<meta property=\"og:url\" content=\"https:\/\/iodperformance.com\/en\/produkt\/saberpro-winch-rope-single-braided-30-m-black\/\" \/>\n<meta property=\"og:site_name\" content=\"IOD Performance\" \/>\n<meta property=\"article:publisher\" content=\"https:\/\/www.facebook.com\/IODshopPL\/\" \/>\n<meta property=\"article:modified_time\" content=\"2026-02-26T07:20:59+00:00\" \/>\n<meta property=\"og:image\" content=\"https:\/\/iodperformance.com\/wp-content\/uploads\/2025\/12\/saber-10k-single-braid-winch-rope-black-fsa10141-2000px.jpg\" \/>\n\t<meta property=\"og:image:width\" content=\"2000\" \/>\n\t<meta property=\"og:image:height\" content=\"2000\" \/>\n\t<meta property=\"og:image:type\" content=\"image\/jpeg\" \/>\n<meta name=\"twitter:card\" content=\"summary_large_image\" \/>\n<script type=\"application\/ld+json\" class=\"yoast-schema-graph\">{\"@context\":\"https:\/\/schema.org\",\"@graph\":[{\"@type\":\"WebPage\",\"@id\":\"https:\/\/iodperformance.com\/en\/produkt\/saberpro-winch-rope-single-braided-30-m-black\/\",\"url\":\"https:\/\/iodperformance.com\/en\/produkt\/saberpro-winch-rope-single-braided-30-m-black\/\",\"name\":\"SaberPro Single Braided 30M Winch Rope (black)\",\"isPartOf\":{\"@id\":\"https:\/\/iodperformance.com\/#website\"},\"primaryImageOfPage\":{\"@id\":\"https:\/\/iodperformance.com\/en\/produkt\/saberpro-winch-rope-single-braided-30-m-black\/#primaryimage\"},\"image\":{\"@id\":\"https:\/\/iodperformance.com\/en\/produkt\/saberpro-winch-rope-single-braided-30-m-black\/#primaryimage\"},\"thumbnailUrl\":\"https:\/\/iodperformance.com\/wp-content\/uploads\/2025\/12\/saber-10k-single-braid-winch-rope-black-fsa10141-2000px.jpg\",\"datePublished\":\"2025-12-22T06:26:54+00:00\",\"dateModified\":\"2026-02-26T07:20:59+00:00\",\"breadcrumb\":{\"@id\":\"https:\/\/iodperformance.com\/en\/produkt\/saberpro-winch-rope-single-braided-30-m-black\/#breadcrumb\"},\"inLanguage\":\"en-US\",\"potentialAction\":[{\"@type\":\"ReadAction\",\"target\":[\"https:\/\/iodperformance.com\/en\/produkt\/saberpro-winch-rope-single-braided-30-m-black\/\"]}]},{\"@type\":\"ImageObject\",\"inLanguage\":\"en-US\",\"@id\":\"https:\/\/iodperformance.com\/en\/produkt\/saberpro-winch-rope-single-braided-30-m-black\/#primaryimage\",\"url\":\"https:\/\/iodperformance.com\/wp-content\/uploads\/2025\/12\/saber-10k-single-braid-winch-rope-black-fsa10141-2000px.jpg\",\"contentUrl\":\"https:\/\/iodperformance.com\/wp-content\/uploads\/2025\/12\/saber-10k-single-braid-winch-rope-black-fsa10141-2000px.jpg\",\"width\":2000,\"height\":2000},{\"@type\":\"BreadcrumbList\",\"@id\":\"https:\/\/iodperformance.com\/en\/produkt\/saberpro-winch-rope-single-braided-30-m-black\/#breadcrumb\",\"itemListElement\":[{\"@type\":\"ListItem\",\"position\":1,\"name\":\"Strona g\u0142\u00f3wna\",\"item\":\"https:\/\/iodperformance.com\/en\/\"},{\"@type\":\"ListItem\",\"position\":2,\"name\":\"Shop\",\"item\":\"https:\/\/iodperformance.com\/en\/shop\/\"},{\"@type\":\"ListItem\",\"position\":3,\"name\":\"SaberPro Single Braided 30M Winch Rope (black)\"}]},{\"@type\":\"WebSite\",\"@id\":\"https:\/\/iodperformance.com\/#website\",\"url\":\"https:\/\/iodperformance.com\/\",\"name\":\"IOD Performance\",\"description\":\"Producent cz\u0119\u015bci i akcesori\u00f3w samochodowych\",\"publisher\":{\"@id\":\"https:\/\/iodperformance.com\/#organization\"},\"potentialAction\":[{\"@type\":\"SearchAction\",\"target\":{\"@type\":\"EntryPoint\",\"urlTemplate\":\"https:\/\/iodperformance.com\/?s={search_term_string}\"},\"query-input\":{\"@type\":\"PropertyValueSpecification\",\"valueRequired\":true,\"valueName\":\"search_term_string\"}}],\"inLanguage\":\"en-US\"},{\"@type\":\"Organization\",\"@id\":\"https:\/\/iodperformance.com\/#organization\",\"name\":\"IOD Performance\",\"url\":\"https:\/\/iodperformance.com\/\",\"logo\":{\"@type\":\"ImageObject\",\"inLanguage\":\"en-US\",\"@id\":\"https:\/\/iodperformance.com\/#\/schema\/logo\/image\/\",\"url\":\"https:\/\/iodperformance.com\/wp-content\/uploads\/2025\/02\/logo_V2.png\",\"contentUrl\":\"https:\/\/iodperformance.com\/wp-content\/uploads\/2025\/02\/logo_V2.png\",\"width\":2560,\"height\":1076,\"caption\":\"IOD Performance\"},\"image\":{\"@id\":\"https:\/\/iodperformance.com\/#\/schema\/logo\/image\/\"},\"sameAs\":[\"https:\/\/www.facebook.com\/IODshopPL\/\",\"https:\/\/www.instagram.com\/iodperformance\/\",\"https:\/\/www.youtube.com\/@iodperformance\"]}]}<\/script>\n<!-- \/ Yoast SEO plugin. -->","yoast_head_json":{"title":"SaberPro Single Braided 30M Winch Rope (black)","robots":{"index":"index","follow":"follow","max-snippet":"max-snippet:-1","max-image-preview":"max-image-preview:large","max-video-preview":"max-video-preview:-1"},"canonical":"https:\/\/iodperformance.com\/en\/produkt\/saberpro-winch-rope-single-braided-30-m-black\/","og_locale":"en_US","og_type":"article","og_title":"SaberPro Single Braided 30M Winch Rope (black)","og_description":"SaberPro\u00ae Single Braided Winch Rope \u2013 9,500KG \u2013 30MBuilt tough, this 10mm winch rope is designed to suit those with low mount winches, looking to upgrade the performance of their winch. With 30M (100ft) of length, it\u2019s versatile and ready for when you need it most! The final 5 meters of the rope is red in colour to warn you that you\u2019re getting low on rope on the drum. We also include a 2-meter polyester sleeve for added protection anywhere you need it on the rope. This synthetic winch rope is manufactured from our proprietary fiber, SaberPro, a stronger and more durable fiber developed for exactly these needs.","og_url":"https:\/\/iodperformance.com\/en\/produkt\/saberpro-winch-rope-single-braided-30-m-black\/","og_site_name":"IOD Performance","article_publisher":"https:\/\/www.facebook.com\/IODshopPL\/","article_modified_time":"2026-02-26T07:20:59+00:00","og_image":[{"width":2000,"height":2000,"url":"https:\/\/iodperformance.com\/wp-content\/uploads\/2025\/12\/saber-10k-single-braid-winch-rope-black-fsa10141-2000px.jpg","type":"image\/jpeg"}],"twitter_card":"summary_large_image","schema":{"@context":"https:\/\/schema.org","@graph":[{"@type":"WebPage","@id":"https:\/\/iodperformance.com\/en\/produkt\/saberpro-winch-rope-single-braided-30-m-black\/","url":"https:\/\/iodperformance.com\/en\/produkt\/saberpro-winch-rope-single-braided-30-m-black\/","name":"SaberPro Single Braided 30M Winch Rope (black)","isPartOf":{"@id":"https:\/\/iodperformance.com\/#website"},"primaryImageOfPage":{"@id":"https:\/\/iodperformance.com\/en\/produkt\/saberpro-winch-rope-single-braided-30-m-black\/#primaryimage"},"image":{"@id":"https:\/\/iodperformance.com\/en\/produkt\/saberpro-winch-rope-single-braided-30-m-black\/#primaryimage"},"thumbnailUrl":"https:\/\/iodperformance.com\/wp-content\/uploads\/2025\/12\/saber-10k-single-braid-winch-rope-black-fsa10141-2000px.jpg","datePublished":"2025-12-22T06:26:54+00:00","dateModified":"2026-02-26T07:20:59+00:00","breadcrumb":{"@id":"https:\/\/iodperformance.com\/en\/produkt\/saberpro-winch-rope-single-braided-30-m-black\/#breadcrumb"},"inLanguage":"en-US","potentialAction":[{"@type":"ReadAction","target":["https:\/\/iodperformance.com\/en\/produkt\/saberpro-winch-rope-single-braided-30-m-black\/"]}]},{"@type":"ImageObject","inLanguage":"en-US","@id":"https:\/\/iodperformance.com\/en\/produkt\/saberpro-winch-rope-single-braided-30-m-black\/#primaryimage","url":"https:\/\/iodperformance.com\/wp-content\/uploads\/2025\/12\/saber-10k-single-braid-winch-rope-black-fsa10141-2000px.jpg","contentUrl":"https:\/\/iodperformance.com\/wp-content\/uploads\/2025\/12\/saber-10k-single-braid-winch-rope-black-fsa10141-2000px.jpg","width":2000,"height":2000},{"@type":"BreadcrumbList","@id":"https:\/\/iodperformance.com\/en\/produkt\/saberpro-winch-rope-single-braided-30-m-black\/#breadcrumb","itemListElement":[{"@type":"ListItem","position":1,"name":"Strona g\u0142\u00f3wna","item":"https:\/\/iodperformance.com\/en\/"},{"@type":"ListItem","position":2,"name":"Shop","item":"https:\/\/iodperformance.com\/en\/shop\/"},{"@type":"ListItem","position":3,"name":"SaberPro Single Braided 30M Winch Rope (black)"}]},{"@type":"WebSite","@id":"https:\/\/iodperformance.com\/#website","url":"https:\/\/iodperformance.com\/","name":"IOD Performance","description":"Producent cz\u0119\u015bci i akcesori\u00f3w samochodowych","publisher":{"@id":"https:\/\/iodperformance.com\/#organization"},"potentialAction":[{"@type":"SearchAction","target":{"@type":"EntryPoint","urlTemplate":"https:\/\/iodperformance.com\/?s={search_term_string}"},"query-input":{"@type":"PropertyValueSpecification","valueRequired":true,"valueName":"search_term_string"}}],"inLanguage":"en-US"},{"@type":"Organization","@id":"https:\/\/iodperformance.com\/#organization","name":"IOD Performance","url":"https:\/\/iodperformance.com\/","logo":{"@type":"ImageObject","inLanguage":"en-US","@id":"https:\/\/iodperformance.com\/#\/schema\/logo\/image\/","url":"https:\/\/iodperformance.com\/wp-content\/uploads\/2025\/02\/logo_V2.png","contentUrl":"https:\/\/iodperformance.com\/wp-content\/uploads\/2025\/02\/logo_V2.png","width":2560,"height":1076,"caption":"IOD Performance"},"image":{"@id":"https:\/\/iodperformance.com\/#\/schema\/logo\/image\/"},"sameAs":["https:\/\/www.facebook.com\/IODshopPL\/","https:\/\/www.instagram.com\/iodperformance\/","https:\/\/www.youtube.com\/@iodperformance"]}]}},"_links":{"self":[{"href":"https:\/\/iodperformance.com\/en\/wp-json\/wp\/v2\/product\/30632","targetHints":{"allow":["GET"]}}],"collection":[{"href":"https:\/\/iodperformance.com\/en\/wp-json\/wp\/v2\/product"}],"about":[{"href":"https:\/\/iodperformance.com\/en\/wp-json\/wp\/v2\/types\/product"}],"version-history":[{"count":1,"href":"https:\/\/iodperformance.com\/en\/wp-json\/wp\/v2\/product\/30632\/revisions"}],"predecessor-version":[{"id":30862,"href":"https:\/\/iodperformance.com\/en\/wp-json\/wp\/v2\/product\/30632\/revisions\/30862"}],"wp:featuredmedia":[{"embeddable":true,"href":"https:\/\/iodperformance.com\/en\/wp-json\/wp\/v2\/media\/30373"}],"wp:attachment":[{"href":"https:\/\/iodperformance.com\/en\/wp-json\/wp\/v2\/media?parent=30632"}],"wp:term":[{"taxonomy":"product_brand","embeddable":true,"href":"https:\/\/iodperformance.com\/en\/wp-json\/wp\/v2\/product_brand?post=30632"},{"taxonomy":"product_cat","embeddable":true,"href":"https:\/\/iodperformance.com\/en\/wp-json\/wp\/v2\/product_cat?post=30632"},{"taxonomy":"product_tag","embeddable":true,"href":"https:\/\/iodperformance.com\/en\/wp-json\/wp\/v2\/product_tag?post=30632"}],"curies":[{"name":"wp","href":"https:\/\/api.w.org\/{rel}","templated":true}]}}