{"id":30599,"date":"2025-12-22T07:28:23","date_gmt":"2025-12-22T06:28:23","guid":{"rendered":"https:\/\/iodperformance.com\/produkt\/saber-rescue-ring-ezy-glide-soft-shackle-18k-with-guard\/"},"modified":"2026-02-26T08:32:39","modified_gmt":"2026-02-26T07:32:39","slug":"saber-rescue-ring-ezy-glide-soft-shackle-18k-with-guard","status":"publish","type":"product","link":"https:\/\/iodperformance.com\/en\/produkt\/saber-rescue-ring-ezy-glide-soft-shackle-18k-with-guard\/","title":{"rendered":"Saber Ezy-Glide Recovery Ring + 18K Sheath Soft Shackle Kit"},"content":{"rendered":"<p>The Ezy-Glide Recovery ring must <b>ONLY<\/b> be used with soft shackles and synthetic winch ropes. <\/p>\n<p>What makes the Saber Offroad Ezy-Glide Recovery Ring a true market leader?  Here are the key advantages:<br \/><b>Engineered to Maximise Capacity &amp; Minimise Rope Wear<\/b><br \/>When we looked at the design of the ring, we wanted to not only make sure it works well, it is light, small, but it must also protect the winch rope from fatigue leading to damage. We know that any tight bend in a rope under load decreases its strength and can cause damage, potentially leading to premature failure. In discussions with our winch line fiber manufacturers, we were advised that an 8:1 ratio for internal channel diameter (not outer diameter) is recommended. With our internal channel of 96mm (outer 143mm), we have a product ideal for winch ropes up to 12mm (1\/2\u2033). <\/p>\n<table style=\"width: 100%\">\n<thead>\n<tr style=\"text-align: center\">\n<th>Rope Diameter<\/th>\n<th>Recorvery Ring Internal Minimum Suggested Diameter<\/th>\n<\/tr>\n<\/thead>\n<tbody>\n<tr style=\"text-align: center\">\n<td style=\"padding: 10px 0; border-bottom: 1px solid #CCC\">6mm<\/td>\n<td style=\"padding: 10px 0; border-bottom: 1px solid #CCC\">48mm<\/td>\n<\/tr>\n<tr style=\"text-align: center\">\n<td style=\"padding: 10px 0; border-bottom: 1px solid #CCC\">8mm<\/td>\n<td style=\"padding: 10px 0; border-bottom: 1px solid #CCC\">64mm<\/td>\n<\/tr>\n<tr style=\"text-align: center\">\n<td style=\"padding: 10px 0; border-bottom: 1px solid #CCC\">10mm<\/td>\n<td style=\"padding: 10px 0; border-bottom: 1px solid #CCC\">80mm<\/td>\n<\/tr>\n<tr style=\"text-align: center\">\n<td style=\"padding: 10px 0; border-bottom: 1px solid #CCC\">12mm<\/td>\n<td style=\"padding: 10px 0; border-bottom: 1px solid #CCC\">96mm<\/td>\n<\/tr>\n<\/tbody>\n<\/table>\n<p>This ring is one of only a few on the market with an internal channel design suitable for synthetic winch ropes of 10mm or above. <\/p>\n<p>The channel profile is specifically designed to support the rope and reduce the flattening of the fibres under load. <\/p>\n<p><b>Free Form Central Core<\/b><br \/>Unlike the majority of rings on the market, we have designed a free form central core to better support soft shackles and reduce friction in the system. <\/p>\n<p><b>Heavy-Duty Design<\/b><br \/>Designed with T6 Billet Aluminium, this ring will withstand forces in excess of the listed Working Load Limit (W. L. L) of 12,500KG. <\/p>\n<p><b>Australian Designed &amp; Tested<\/b><br \/>This ring has been extensively tested both mechanically (in only Australian NATA accredited facilities) and in the real-world to make sure it will perform when you need it most. <\/p>\n<p><b>High-Grade Custom Bag<\/b><br \/>Our custom-designed padded bag also includes a convenient clip to attach to existing recovery kits. <\/p>\n<p> <iframe width=\"560\" height=\"315\" src=\"https:\/\/www. youtube. com\/embed\/t1KSa5YpTeA\" title=\"YouTube video player\" frameborder=\"0\" allow=\"accelerometer; autoplay; clipboard-write; encrypted-media; gyroscope; picture-in-picture\" allowfullscreen><\/iframe>.<\/p>\n","protected":false},"excerpt":{"rendered":"<p><b>Welcome to the NEW Saber Offroad Ezy-Glide Recovery Ring. <\/b><\/p>\n<p>When size and weight are serious factors in recovery kits, we are proud to offer this heavy-duty, small and lightweight alternative to a snatch block. This recovery ring weighs less than 1kg (2. 2lbs), and has a total diameter of only 143mm, with an internal diameter of 96mm. Based on this size, it is almost a 1\/4 of the weight of a similar rated snatch block. We suggest you combine the ring with either our Bound Soft Shackle or Sheath Soft Shackle, as both have been extensively tested and show the best results to minimise frictional load. <\/p>\n<p>We deliberately are not the smallest ring on the market, but as we outline below, this ring was specially designed in consultation with winch rope fibre manufacturers to reduce wear and fatigue on the ropes being used in conjunction with the ring.<\/p>\n","protected":false},"featured_media":30576,"template":"","meta":[],"product_brand":[582],"product_cat":[561],"product_tag":[583],"class_list":{"0":"post-30599","1":"product","2":"type-product","3":"status-publish","4":"has-post-thumbnail","6":"product_brand-saber-en","7":"product_cat-shackles-and-pulleys","8":"product_tag-saber","10":"first","11":"instock","12":"taxable","13":"shipping-taxable","14":"purchasable","15":"product-type-simple"},"bundled_by":[],"bundle_stock_status":"instock","bundle_stock_quantity":null,"bundle_virtual":false,"bundle_layout":"","bundle_add_to_cart_form_location":"","bundle_editable_in_cart":false,"bundle_sold_individually_context":"","bundle_item_grouping":"","bundle_min_size":"","bundle_max_size":"","bundle_price":[],"bundled_items":[],"bundle_sell_ids":[],"yoast_head":"<!-- This site is optimized with the Yoast SEO plugin v27.2 - https:\/\/yoast.com\/product\/yoast-seo-wordpress\/ -->\n<title>Saber Ezy-Glide Recovery Ring + 18K Sheath Soft Shackle Kit<\/title>\n<meta name=\"robots\" content=\"index, follow, max-snippet:-1, max-image-preview:large, max-video-preview:-1\" \/>\n<link rel=\"canonical\" href=\"https:\/\/iodperformance.com\/en\/produkt\/saber-rescue-ring-ezy-glide-soft-shackle-18k-with-guard\/\" \/>\n<meta property=\"og:locale\" content=\"en_US\" \/>\n<meta property=\"og:type\" content=\"article\" \/>\n<meta property=\"og:title\" content=\"Saber Ezy-Glide Recovery Ring + 18K Sheath Soft Shackle Kit\" \/>\n<meta property=\"og:description\" content=\"Welcome to the NEW Saber Offroad Ezy-Glide Recovery Ring. When size and weight are serious factors in recovery kits, we are proud to offer this heavy-duty, small and lightweight alternative to a snatch block. This recovery ring weighs less than 1kg (2. 2lbs), and has a total diameter of only 143mm, with an internal diameter of 96mm. Based on this size, it is almost a 1\/4 of the weight of a similar rated snatch block. We suggest you combine the ring with either our Bound Soft Shackle or Sheath Soft Shackle, as both have been extensively tested and show the best results to minimise frictional load. We deliberately are not the smallest ring on the market, but as we outline below, this ring was specially designed in consultation with winch rope fibre manufacturers to reduce wear and fatigue on the ropes being used in conjunction with the ring.\" \/>\n<meta property=\"og:url\" content=\"https:\/\/iodperformance.com\/en\/produkt\/saber-rescue-ring-ezy-glide-soft-shackle-18k-with-guard\/\" \/>\n<meta property=\"og:site_name\" content=\"IOD Performance\" \/>\n<meta property=\"article:publisher\" content=\"https:\/\/www.facebook.com\/IODshopPL\/\" \/>\n<meta property=\"article:modified_time\" content=\"2026-02-26T07:32:39+00:00\" \/>\n<meta property=\"og:image\" content=\"https:\/\/iodperformance.com\/wp-content\/uploads\/2025\/12\/ct-485za.jpeg\" \/>\n\t<meta property=\"og:image:width\" content=\"2000\" \/>\n\t<meta property=\"og:image:height\" content=\"2000\" \/>\n\t<meta property=\"og:image:type\" content=\"image\/jpeg\" \/>\n<meta name=\"twitter:card\" content=\"summary_large_image\" \/>\n<meta name=\"twitter:label1\" content=\"Est. reading time\" \/>\n\t<meta name=\"twitter:data1\" content=\"2 minutes\" \/>\n<script type=\"application\/ld+json\" class=\"yoast-schema-graph\">{\"@context\":\"https:\/\/schema.org\",\"@graph\":[{\"@type\":\"WebPage\",\"@id\":\"https:\/\/iodperformance.com\/en\/produkt\/saber-rescue-ring-ezy-glide-soft-shackle-18k-with-guard\/\",\"url\":\"https:\/\/iodperformance.com\/en\/produkt\/saber-rescue-ring-ezy-glide-soft-shackle-18k-with-guard\/\",\"name\":\"Saber Ezy-Glide Recovery Ring + 18K Sheath Soft Shackle Kit\",\"isPartOf\":{\"@id\":\"https:\/\/iodperformance.com\/#website\"},\"primaryImageOfPage\":{\"@id\":\"https:\/\/iodperformance.com\/en\/produkt\/saber-rescue-ring-ezy-glide-soft-shackle-18k-with-guard\/#primaryimage\"},\"image\":{\"@id\":\"https:\/\/iodperformance.com\/en\/produkt\/saber-rescue-ring-ezy-glide-soft-shackle-18k-with-guard\/#primaryimage\"},\"thumbnailUrl\":\"https:\/\/iodperformance.com\/wp-content\/uploads\/2025\/12\/ct-485za.jpeg\",\"datePublished\":\"2025-12-22T06:28:23+00:00\",\"dateModified\":\"2026-02-26T07:32:39+00:00\",\"breadcrumb\":{\"@id\":\"https:\/\/iodperformance.com\/en\/produkt\/saber-rescue-ring-ezy-glide-soft-shackle-18k-with-guard\/#breadcrumb\"},\"inLanguage\":\"en-US\",\"potentialAction\":[{\"@type\":\"ReadAction\",\"target\":[\"https:\/\/iodperformance.com\/en\/produkt\/saber-rescue-ring-ezy-glide-soft-shackle-18k-with-guard\/\"]}]},{\"@type\":\"ImageObject\",\"inLanguage\":\"en-US\",\"@id\":\"https:\/\/iodperformance.com\/en\/produkt\/saber-rescue-ring-ezy-glide-soft-shackle-18k-with-guard\/#primaryimage\",\"url\":\"https:\/\/iodperformance.com\/wp-content\/uploads\/2025\/12\/ct-485za.jpeg\",\"contentUrl\":\"https:\/\/iodperformance.com\/wp-content\/uploads\/2025\/12\/ct-485za.jpeg\",\"width\":2000,\"height\":2000},{\"@type\":\"BreadcrumbList\",\"@id\":\"https:\/\/iodperformance.com\/en\/produkt\/saber-rescue-ring-ezy-glide-soft-shackle-18k-with-guard\/#breadcrumb\",\"itemListElement\":[{\"@type\":\"ListItem\",\"position\":1,\"name\":\"Strona g\u0142\u00f3wna\",\"item\":\"https:\/\/iodperformance.com\/en\/\"},{\"@type\":\"ListItem\",\"position\":2,\"name\":\"Shop\",\"item\":\"https:\/\/iodperformance.com\/en\/shop\/\"},{\"@type\":\"ListItem\",\"position\":3,\"name\":\"Saber Ezy-Glide Recovery Ring + 18K Sheath Soft Shackle Kit\"}]},{\"@type\":\"WebSite\",\"@id\":\"https:\/\/iodperformance.com\/#website\",\"url\":\"https:\/\/iodperformance.com\/\",\"name\":\"IOD Performance\",\"description\":\"Producent cz\u0119\u015bci i akcesori\u00f3w samochodowych\",\"publisher\":{\"@id\":\"https:\/\/iodperformance.com\/#organization\"},\"potentialAction\":[{\"@type\":\"SearchAction\",\"target\":{\"@type\":\"EntryPoint\",\"urlTemplate\":\"https:\/\/iodperformance.com\/?s={search_term_string}\"},\"query-input\":{\"@type\":\"PropertyValueSpecification\",\"valueRequired\":true,\"valueName\":\"search_term_string\"}}],\"inLanguage\":\"en-US\"},{\"@type\":\"Organization\",\"@id\":\"https:\/\/iodperformance.com\/#organization\",\"name\":\"IOD Performance\",\"url\":\"https:\/\/iodperformance.com\/\",\"logo\":{\"@type\":\"ImageObject\",\"inLanguage\":\"en-US\",\"@id\":\"https:\/\/iodperformance.com\/#\/schema\/logo\/image\/\",\"url\":\"https:\/\/iodperformance.com\/wp-content\/uploads\/2025\/02\/logo_V2.png\",\"contentUrl\":\"https:\/\/iodperformance.com\/wp-content\/uploads\/2025\/02\/logo_V2.png\",\"width\":2560,\"height\":1076,\"caption\":\"IOD Performance\"},\"image\":{\"@id\":\"https:\/\/iodperformance.com\/#\/schema\/logo\/image\/\"},\"sameAs\":[\"https:\/\/www.facebook.com\/IODshopPL\/\",\"https:\/\/www.instagram.com\/iodperformance\/\",\"https:\/\/www.youtube.com\/@iodperformance\"]}]}<\/script>\n<!-- \/ Yoast SEO plugin. -->","yoast_head_json":{"title":"Saber Ezy-Glide Recovery Ring + 18K Sheath Soft Shackle Kit","robots":{"index":"index","follow":"follow","max-snippet":"max-snippet:-1","max-image-preview":"max-image-preview:large","max-video-preview":"max-video-preview:-1"},"canonical":"https:\/\/iodperformance.com\/en\/produkt\/saber-rescue-ring-ezy-glide-soft-shackle-18k-with-guard\/","og_locale":"en_US","og_type":"article","og_title":"Saber Ezy-Glide Recovery Ring + 18K Sheath Soft Shackle Kit","og_description":"Welcome to the NEW Saber Offroad Ezy-Glide Recovery Ring. When size and weight are serious factors in recovery kits, we are proud to offer this heavy-duty, small and lightweight alternative to a snatch block. This recovery ring weighs less than 1kg (2. 2lbs), and has a total diameter of only 143mm, with an internal diameter of 96mm. Based on this size, it is almost a 1\/4 of the weight of a similar rated snatch block. We suggest you combine the ring with either our Bound Soft Shackle or Sheath Soft Shackle, as both have been extensively tested and show the best results to minimise frictional load. We deliberately are not the smallest ring on the market, but as we outline below, this ring was specially designed in consultation with winch rope fibre manufacturers to reduce wear and fatigue on the ropes being used in conjunction with the ring.","og_url":"https:\/\/iodperformance.com\/en\/produkt\/saber-rescue-ring-ezy-glide-soft-shackle-18k-with-guard\/","og_site_name":"IOD Performance","article_publisher":"https:\/\/www.facebook.com\/IODshopPL\/","article_modified_time":"2026-02-26T07:32:39+00:00","og_image":[{"width":2000,"height":2000,"url":"https:\/\/iodperformance.com\/wp-content\/uploads\/2025\/12\/ct-485za.jpeg","type":"image\/jpeg"}],"twitter_card":"summary_large_image","twitter_misc":{"Est. reading time":"2 minutes"},"schema":{"@context":"https:\/\/schema.org","@graph":[{"@type":"WebPage","@id":"https:\/\/iodperformance.com\/en\/produkt\/saber-rescue-ring-ezy-glide-soft-shackle-18k-with-guard\/","url":"https:\/\/iodperformance.com\/en\/produkt\/saber-rescue-ring-ezy-glide-soft-shackle-18k-with-guard\/","name":"Saber Ezy-Glide Recovery Ring + 18K Sheath Soft Shackle Kit","isPartOf":{"@id":"https:\/\/iodperformance.com\/#website"},"primaryImageOfPage":{"@id":"https:\/\/iodperformance.com\/en\/produkt\/saber-rescue-ring-ezy-glide-soft-shackle-18k-with-guard\/#primaryimage"},"image":{"@id":"https:\/\/iodperformance.com\/en\/produkt\/saber-rescue-ring-ezy-glide-soft-shackle-18k-with-guard\/#primaryimage"},"thumbnailUrl":"https:\/\/iodperformance.com\/wp-content\/uploads\/2025\/12\/ct-485za.jpeg","datePublished":"2025-12-22T06:28:23+00:00","dateModified":"2026-02-26T07:32:39+00:00","breadcrumb":{"@id":"https:\/\/iodperformance.com\/en\/produkt\/saber-rescue-ring-ezy-glide-soft-shackle-18k-with-guard\/#breadcrumb"},"inLanguage":"en-US","potentialAction":[{"@type":"ReadAction","target":["https:\/\/iodperformance.com\/en\/produkt\/saber-rescue-ring-ezy-glide-soft-shackle-18k-with-guard\/"]}]},{"@type":"ImageObject","inLanguage":"en-US","@id":"https:\/\/iodperformance.com\/en\/produkt\/saber-rescue-ring-ezy-glide-soft-shackle-18k-with-guard\/#primaryimage","url":"https:\/\/iodperformance.com\/wp-content\/uploads\/2025\/12\/ct-485za.jpeg","contentUrl":"https:\/\/iodperformance.com\/wp-content\/uploads\/2025\/12\/ct-485za.jpeg","width":2000,"height":2000},{"@type":"BreadcrumbList","@id":"https:\/\/iodperformance.com\/en\/produkt\/saber-rescue-ring-ezy-glide-soft-shackle-18k-with-guard\/#breadcrumb","itemListElement":[{"@type":"ListItem","position":1,"name":"Strona g\u0142\u00f3wna","item":"https:\/\/iodperformance.com\/en\/"},{"@type":"ListItem","position":2,"name":"Shop","item":"https:\/\/iodperformance.com\/en\/shop\/"},{"@type":"ListItem","position":3,"name":"Saber Ezy-Glide Recovery Ring + 18K Sheath Soft Shackle Kit"}]},{"@type":"WebSite","@id":"https:\/\/iodperformance.com\/#website","url":"https:\/\/iodperformance.com\/","name":"IOD Performance","description":"Producent cz\u0119\u015bci i akcesori\u00f3w samochodowych","publisher":{"@id":"https:\/\/iodperformance.com\/#organization"},"potentialAction":[{"@type":"SearchAction","target":{"@type":"EntryPoint","urlTemplate":"https:\/\/iodperformance.com\/?s={search_term_string}"},"query-input":{"@type":"PropertyValueSpecification","valueRequired":true,"valueName":"search_term_string"}}],"inLanguage":"en-US"},{"@type":"Organization","@id":"https:\/\/iodperformance.com\/#organization","name":"IOD Performance","url":"https:\/\/iodperformance.com\/","logo":{"@type":"ImageObject","inLanguage":"en-US","@id":"https:\/\/iodperformance.com\/#\/schema\/logo\/image\/","url":"https:\/\/iodperformance.com\/wp-content\/uploads\/2025\/02\/logo_V2.png","contentUrl":"https:\/\/iodperformance.com\/wp-content\/uploads\/2025\/02\/logo_V2.png","width":2560,"height":1076,"caption":"IOD Performance"},"image":{"@id":"https:\/\/iodperformance.com\/#\/schema\/logo\/image\/"},"sameAs":["https:\/\/www.facebook.com\/IODshopPL\/","https:\/\/www.instagram.com\/iodperformance\/","https:\/\/www.youtube.com\/@iodperformance"]}]}},"_links":{"self":[{"href":"https:\/\/iodperformance.com\/en\/wp-json\/wp\/v2\/product\/30599","targetHints":{"allow":["GET"]}}],"collection":[{"href":"https:\/\/iodperformance.com\/en\/wp-json\/wp\/v2\/product"}],"about":[{"href":"https:\/\/iodperformance.com\/en\/wp-json\/wp\/v2\/types\/product"}],"version-history":[{"count":1,"href":"https:\/\/iodperformance.com\/en\/wp-json\/wp\/v2\/product\/30599\/revisions"}],"predecessor-version":[{"id":30892,"href":"https:\/\/iodperformance.com\/en\/wp-json\/wp\/v2\/product\/30599\/revisions\/30892"}],"wp:featuredmedia":[{"embeddable":true,"href":"https:\/\/iodperformance.com\/en\/wp-json\/wp\/v2\/media\/30576"}],"wp:attachment":[{"href":"https:\/\/iodperformance.com\/en\/wp-json\/wp\/v2\/media?parent=30599"}],"wp:term":[{"taxonomy":"product_brand","embeddable":true,"href":"https:\/\/iodperformance.com\/en\/wp-json\/wp\/v2\/product_brand?post=30599"},{"taxonomy":"product_cat","embeddable":true,"href":"https:\/\/iodperformance.com\/en\/wp-json\/wp\/v2\/product_cat?post=30599"},{"taxonomy":"product_tag","embeddable":true,"href":"https:\/\/iodperformance.com\/en\/wp-json\/wp\/v2\/product_tag?post=30599"}],"curies":[{"name":"wp","href":"https:\/\/api.w.org\/{rel}","templated":true}]}}