{"id":29519,"date":"2025-12-18T10:35:56","date_gmt":"2025-12-18T09:35:56","guid":{"rendered":"https:\/\/iodperformance.com\/produkt\/khaki-rotopax-water-canister-2-gallons-7-8l-1\/"},"modified":"2026-02-26T08:20:35","modified_gmt":"2026-02-26T07:20:35","slug":"khaki-rotopax-water-canister-2-gallons-7-8l-1","status":"publish","type":"product","link":"https:\/\/iodperformance.com\/en\/produkt\/khaki-rotopax-water-canister-2-gallons-7-8l-1\/","title":{"rendered":"Khaki Rotopax Water Canister 2 Gallons\/7.8L. (1)"},"content":{"rendered":"<ul>\n<li>Capacity: 7.8 l<\/li>\n<li>Intended use: water<\/li>\n<li>Material: high-quality plastic<\/li>\n<li>Color: khaki<\/li>\n<li>Dimensions: 45 \u00d7 34 \u00d7 8 cm<\/li>\n<li>Ergonomic shape for easy transport<\/li>\n<li>Leak-proof closure<\/li>\n<li>Two canisters can be connected at the bottom<\/li>\n<\/ul>\n<p>\nThe RX-2OD canister is a durable and functional solution for people<br \/>\nwho need a reliable supply of water outdoors and during<br \/>\nlong trips.<\/p>\n","protected":false},"excerpt":{"rendered":"<p>The super-durable RX-2OD canister in khaki has been designed for the most demanding conditions. It&#8217;s perfect for trips in off-road vehicles, expedition vehicles, adventure vans, expedition motorcycles, and quads.<\/p>\n<p>The robust construction ensures high resistance to mechanical damage, weather conditions, and intensive use. The ergonomic shape makes it easy to carry and store, and the tight closure effectively protects the contents from leaks and contamination.<\/p>\n<p>The canister is designed for safe water transport and is a practical accessory for any long trip.<\/p>\n","protected":false},"featured_media":29486,"template":"","meta":[],"product_brand":[576],"product_cat":[577],"product_tag":[],"class_list":{"0":"post-29519","1":"product","2":"type-product","3":"status-publish","4":"has-post-thumbnail","6":"product_brand-rotopax-en","7":"product_cat-canisters","9":"first","10":"instock","11":"taxable","12":"shipping-taxable","13":"purchasable","14":"product-type-simple"},"bundled_by":[],"bundle_stock_status":"instock","bundle_stock_quantity":null,"bundle_virtual":false,"bundle_layout":"","bundle_add_to_cart_form_location":"","bundle_editable_in_cart":false,"bundle_sold_individually_context":"","bundle_item_grouping":"","bundle_min_size":"","bundle_max_size":"","bundle_price":[],"bundled_items":[],"bundle_sell_ids":[],"yoast_head":"<!-- This site is optimized with the Yoast SEO plugin v27.2 - https:\/\/yoast.com\/product\/yoast-seo-wordpress\/ -->\n<title>Khaki Rotopax Water Canister 2 Gallons\/7.8L. (1)<\/title>\n<meta name=\"robots\" content=\"index, follow, max-snippet:-1, max-image-preview:large, max-video-preview:-1\" \/>\n<link rel=\"canonical\" href=\"https:\/\/iodperformance.com\/en\/produkt\/khaki-rotopax-water-canister-2-gallons-7-8l-1\/\" \/>\n<meta property=\"og:locale\" content=\"en_US\" \/>\n<meta property=\"og:type\" content=\"article\" \/>\n<meta property=\"og:title\" content=\"Khaki Rotopax Water Canister 2 Gallons\/7.8L. (1)\" \/>\n<meta property=\"og:description\" content=\"The super-durable RX-2OD canister in khaki has been designed for the most demanding conditions. It&#039;s perfect for trips in off-road vehicles, expedition vehicles, adventure vans, expedition motorcycles, and quads.The robust construction ensures high resistance to mechanical damage, weather conditions, and intensive use. The ergonomic shape makes it easy to carry and store, and the tight closure effectively protects the contents from leaks and contamination.The canister is designed for safe water transport and is a practical accessory for any long trip.\" \/>\n<meta property=\"og:url\" content=\"https:\/\/iodperformance.com\/en\/produkt\/khaki-rotopax-water-canister-2-gallons-7-8l-1\/\" \/>\n<meta property=\"og:site_name\" content=\"IOD Performance\" \/>\n<meta property=\"article:publisher\" content=\"https:\/\/www.facebook.com\/IODshopPL\/\" \/>\n<meta property=\"article:modified_time\" content=\"2026-02-26T07:20:35+00:00\" \/>\n<meta property=\"og:image\" content=\"https:\/\/iodperformance.com\/wp-content\/uploads\/2025\/12\/858.jpg\" \/>\n\t<meta property=\"og:image:width\" content=\"655\" \/>\n\t<meta property=\"og:image:height\" content=\"655\" \/>\n\t<meta property=\"og:image:type\" content=\"image\/jpeg\" \/>\n<meta name=\"twitter:card\" content=\"summary_large_image\" \/>\n<script type=\"application\/ld+json\" class=\"yoast-schema-graph\">{\"@context\":\"https:\/\/schema.org\",\"@graph\":[{\"@type\":\"WebPage\",\"@id\":\"https:\/\/iodperformance.com\/en\/produkt\/khaki-rotopax-water-canister-2-gallons-7-8l-1\/\",\"url\":\"https:\/\/iodperformance.com\/en\/produkt\/khaki-rotopax-water-canister-2-gallons-7-8l-1\/\",\"name\":\"Khaki Rotopax Water Canister 2 Gallons\/7.8L. (1)\",\"isPartOf\":{\"@id\":\"https:\/\/iodperformance.com\/#website\"},\"primaryImageOfPage\":{\"@id\":\"https:\/\/iodperformance.com\/en\/produkt\/khaki-rotopax-water-canister-2-gallons-7-8l-1\/#primaryimage\"},\"image\":{\"@id\":\"https:\/\/iodperformance.com\/en\/produkt\/khaki-rotopax-water-canister-2-gallons-7-8l-1\/#primaryimage\"},\"thumbnailUrl\":\"https:\/\/iodperformance.com\/wp-content\/uploads\/2025\/12\/858.jpg\",\"datePublished\":\"2025-12-18T09:35:56+00:00\",\"dateModified\":\"2026-02-26T07:20:35+00:00\",\"breadcrumb\":{\"@id\":\"https:\/\/iodperformance.com\/en\/produkt\/khaki-rotopax-water-canister-2-gallons-7-8l-1\/#breadcrumb\"},\"inLanguage\":\"en-US\",\"potentialAction\":[{\"@type\":\"ReadAction\",\"target\":[\"https:\/\/iodperformance.com\/en\/produkt\/khaki-rotopax-water-canister-2-gallons-7-8l-1\/\"]}]},{\"@type\":\"ImageObject\",\"inLanguage\":\"en-US\",\"@id\":\"https:\/\/iodperformance.com\/en\/produkt\/khaki-rotopax-water-canister-2-gallons-7-8l-1\/#primaryimage\",\"url\":\"https:\/\/iodperformance.com\/wp-content\/uploads\/2025\/12\/858.jpg\",\"contentUrl\":\"https:\/\/iodperformance.com\/wp-content\/uploads\/2025\/12\/858.jpg\",\"width\":655,\"height\":655},{\"@type\":\"BreadcrumbList\",\"@id\":\"https:\/\/iodperformance.com\/en\/produkt\/khaki-rotopax-water-canister-2-gallons-7-8l-1\/#breadcrumb\",\"itemListElement\":[{\"@type\":\"ListItem\",\"position\":1,\"name\":\"Strona g\u0142\u00f3wna\",\"item\":\"https:\/\/iodperformance.com\/en\/\"},{\"@type\":\"ListItem\",\"position\":2,\"name\":\"Shop\",\"item\":\"https:\/\/iodperformance.com\/en\/shop\/\"},{\"@type\":\"ListItem\",\"position\":3,\"name\":\"Khaki Rotopax Water Canister 2 Gallons\/7.8L. (1)\"}]},{\"@type\":\"WebSite\",\"@id\":\"https:\/\/iodperformance.com\/#website\",\"url\":\"https:\/\/iodperformance.com\/\",\"name\":\"IOD Performance\",\"description\":\"Producent cz\u0119\u015bci i akcesori\u00f3w samochodowych\",\"publisher\":{\"@id\":\"https:\/\/iodperformance.com\/#organization\"},\"potentialAction\":[{\"@type\":\"SearchAction\",\"target\":{\"@type\":\"EntryPoint\",\"urlTemplate\":\"https:\/\/iodperformance.com\/?s={search_term_string}\"},\"query-input\":{\"@type\":\"PropertyValueSpecification\",\"valueRequired\":true,\"valueName\":\"search_term_string\"}}],\"inLanguage\":\"en-US\"},{\"@type\":\"Organization\",\"@id\":\"https:\/\/iodperformance.com\/#organization\",\"name\":\"IOD Performance\",\"url\":\"https:\/\/iodperformance.com\/\",\"logo\":{\"@type\":\"ImageObject\",\"inLanguage\":\"en-US\",\"@id\":\"https:\/\/iodperformance.com\/#\/schema\/logo\/image\/\",\"url\":\"https:\/\/iodperformance.com\/wp-content\/uploads\/2025\/02\/logo_V2.png\",\"contentUrl\":\"https:\/\/iodperformance.com\/wp-content\/uploads\/2025\/02\/logo_V2.png\",\"width\":2560,\"height\":1076,\"caption\":\"IOD Performance\"},\"image\":{\"@id\":\"https:\/\/iodperformance.com\/#\/schema\/logo\/image\/\"},\"sameAs\":[\"https:\/\/www.facebook.com\/IODshopPL\/\",\"https:\/\/www.instagram.com\/iodperformance\/\",\"https:\/\/www.youtube.com\/@iodperformance\"]}]}<\/script>\n<!-- \/ Yoast SEO plugin. -->","yoast_head_json":{"title":"Khaki Rotopax Water Canister 2 Gallons\/7.8L. (1)","robots":{"index":"index","follow":"follow","max-snippet":"max-snippet:-1","max-image-preview":"max-image-preview:large","max-video-preview":"max-video-preview:-1"},"canonical":"https:\/\/iodperformance.com\/en\/produkt\/khaki-rotopax-water-canister-2-gallons-7-8l-1\/","og_locale":"en_US","og_type":"article","og_title":"Khaki Rotopax Water Canister 2 Gallons\/7.8L. (1)","og_description":"The super-durable RX-2OD canister in khaki has been designed for the most demanding conditions. It's perfect for trips in off-road vehicles, expedition vehicles, adventure vans, expedition motorcycles, and quads.The robust construction ensures high resistance to mechanical damage, weather conditions, and intensive use. The ergonomic shape makes it easy to carry and store, and the tight closure effectively protects the contents from leaks and contamination.The canister is designed for safe water transport and is a practical accessory for any long trip.","og_url":"https:\/\/iodperformance.com\/en\/produkt\/khaki-rotopax-water-canister-2-gallons-7-8l-1\/","og_site_name":"IOD Performance","article_publisher":"https:\/\/www.facebook.com\/IODshopPL\/","article_modified_time":"2026-02-26T07:20:35+00:00","og_image":[{"width":655,"height":655,"url":"https:\/\/iodperformance.com\/wp-content\/uploads\/2025\/12\/858.jpg","type":"image\/jpeg"}],"twitter_card":"summary_large_image","schema":{"@context":"https:\/\/schema.org","@graph":[{"@type":"WebPage","@id":"https:\/\/iodperformance.com\/en\/produkt\/khaki-rotopax-water-canister-2-gallons-7-8l-1\/","url":"https:\/\/iodperformance.com\/en\/produkt\/khaki-rotopax-water-canister-2-gallons-7-8l-1\/","name":"Khaki Rotopax Water Canister 2 Gallons\/7.8L. (1)","isPartOf":{"@id":"https:\/\/iodperformance.com\/#website"},"primaryImageOfPage":{"@id":"https:\/\/iodperformance.com\/en\/produkt\/khaki-rotopax-water-canister-2-gallons-7-8l-1\/#primaryimage"},"image":{"@id":"https:\/\/iodperformance.com\/en\/produkt\/khaki-rotopax-water-canister-2-gallons-7-8l-1\/#primaryimage"},"thumbnailUrl":"https:\/\/iodperformance.com\/wp-content\/uploads\/2025\/12\/858.jpg","datePublished":"2025-12-18T09:35:56+00:00","dateModified":"2026-02-26T07:20:35+00:00","breadcrumb":{"@id":"https:\/\/iodperformance.com\/en\/produkt\/khaki-rotopax-water-canister-2-gallons-7-8l-1\/#breadcrumb"},"inLanguage":"en-US","potentialAction":[{"@type":"ReadAction","target":["https:\/\/iodperformance.com\/en\/produkt\/khaki-rotopax-water-canister-2-gallons-7-8l-1\/"]}]},{"@type":"ImageObject","inLanguage":"en-US","@id":"https:\/\/iodperformance.com\/en\/produkt\/khaki-rotopax-water-canister-2-gallons-7-8l-1\/#primaryimage","url":"https:\/\/iodperformance.com\/wp-content\/uploads\/2025\/12\/858.jpg","contentUrl":"https:\/\/iodperformance.com\/wp-content\/uploads\/2025\/12\/858.jpg","width":655,"height":655},{"@type":"BreadcrumbList","@id":"https:\/\/iodperformance.com\/en\/produkt\/khaki-rotopax-water-canister-2-gallons-7-8l-1\/#breadcrumb","itemListElement":[{"@type":"ListItem","position":1,"name":"Strona g\u0142\u00f3wna","item":"https:\/\/iodperformance.com\/en\/"},{"@type":"ListItem","position":2,"name":"Shop","item":"https:\/\/iodperformance.com\/en\/shop\/"},{"@type":"ListItem","position":3,"name":"Khaki Rotopax Water Canister 2 Gallons\/7.8L. (1)"}]},{"@type":"WebSite","@id":"https:\/\/iodperformance.com\/#website","url":"https:\/\/iodperformance.com\/","name":"IOD Performance","description":"Producent cz\u0119\u015bci i akcesori\u00f3w samochodowych","publisher":{"@id":"https:\/\/iodperformance.com\/#organization"},"potentialAction":[{"@type":"SearchAction","target":{"@type":"EntryPoint","urlTemplate":"https:\/\/iodperformance.com\/?s={search_term_string}"},"query-input":{"@type":"PropertyValueSpecification","valueRequired":true,"valueName":"search_term_string"}}],"inLanguage":"en-US"},{"@type":"Organization","@id":"https:\/\/iodperformance.com\/#organization","name":"IOD Performance","url":"https:\/\/iodperformance.com\/","logo":{"@type":"ImageObject","inLanguage":"en-US","@id":"https:\/\/iodperformance.com\/#\/schema\/logo\/image\/","url":"https:\/\/iodperformance.com\/wp-content\/uploads\/2025\/02\/logo_V2.png","contentUrl":"https:\/\/iodperformance.com\/wp-content\/uploads\/2025\/02\/logo_V2.png","width":2560,"height":1076,"caption":"IOD Performance"},"image":{"@id":"https:\/\/iodperformance.com\/#\/schema\/logo\/image\/"},"sameAs":["https:\/\/www.facebook.com\/IODshopPL\/","https:\/\/www.instagram.com\/iodperformance\/","https:\/\/www.youtube.com\/@iodperformance"]}]}},"_links":{"self":[{"href":"https:\/\/iodperformance.com\/en\/wp-json\/wp\/v2\/product\/29519","targetHints":{"allow":["GET"]}}],"collection":[{"href":"https:\/\/iodperformance.com\/en\/wp-json\/wp\/v2\/product"}],"about":[{"href":"https:\/\/iodperformance.com\/en\/wp-json\/wp\/v2\/types\/product"}],"version-history":[{"count":2,"href":"https:\/\/iodperformance.com\/en\/wp-json\/wp\/v2\/product\/29519\/revisions"}],"predecessor-version":[{"id":29630,"href":"https:\/\/iodperformance.com\/en\/wp-json\/wp\/v2\/product\/29519\/revisions\/29630"}],"wp:featuredmedia":[{"embeddable":true,"href":"https:\/\/iodperformance.com\/en\/wp-json\/wp\/v2\/media\/29486"}],"wp:attachment":[{"href":"https:\/\/iodperformance.com\/en\/wp-json\/wp\/v2\/media?parent=29519"}],"wp:term":[{"taxonomy":"product_brand","embeddable":true,"href":"https:\/\/iodperformance.com\/en\/wp-json\/wp\/v2\/product_brand?post=29519"},{"taxonomy":"product_cat","embeddable":true,"href":"https:\/\/iodperformance.com\/en\/wp-json\/wp\/v2\/product_cat?post=29519"},{"taxonomy":"product_tag","embeddable":true,"href":"https:\/\/iodperformance.com\/en\/wp-json\/wp\/v2\/product_tag?post=29519"}],"curies":[{"name":"wp","href":"https:\/\/api.w.org\/{rel}","templated":true}]}}