{"id":29479,"date":"2025-12-18T10:35:04","date_gmt":"2025-12-18T09:35:04","guid":{"rendered":"https:\/\/iodperformance.com\/produkt\/rototrax\/"},"modified":"2026-02-26T08:20:32","modified_gmt":"2026-02-26T07:20:32","slug":"rototrax","status":"publish","type":"product","link":"https:\/\/iodperformance.com\/en\/produkt\/rototrax\/","title":{"rendered":"RotoTRAX"},"content":{"rendered":"<ul>\n<li>Capacity: 1 gallon<\/li>\n<li>Intended use: fuel<\/li>\n<li>Material: durable plastic<\/li>\n<li>Three-layer rotational molding technology<\/li>\n<li>100% leak-proof thanks to the sealed cap<\/li>\n<li>Compatible with Mount Pack mounting systems<\/li>\n<li>10-year manufacturer&#8217;s warranty<\/li>\n<\/ul>\n<p>\n<strong>Dimensions:<\/strong><br \/>\n24 \u00d7 34 \u00d7 8 cm\n<\/p>\n<p>\n<strong><br \/>\nIf you plan to use the Rotopax canister for purposes other than transporting fuel and refueling vehicles, you do so at your own risk. Before first use, the canister should be<\/p>\n<p>rinsed and dried thoroughly.<\/p>\n<p><\/strong><\/p>\n","protected":false},"excerpt":{"rendered":"<p>RotoTRAX are off-road ramps manufactured by the renowned off-road accessories manufacturer RotoPAX.<\/p>\n<p>They are made of the same highly durable plastic as RotoPAX canisters and using the same production technology, which ensures exceptional durability and resistance to damage.<\/p>\n<p>RotoTRAX ramps are fully compatible with RotoPAX 2- and 4-gallon canisters, as well as with mounting plates and RotoPAX mounts.<\/p>\n<p>Unlike ramps from other manufacturers, which often pose problems during transport and installation, the RotoPAX system offers a complete and proven mounting solution.<\/p>\n<p>RotoTRAX can be attached to a roof rack or body using standard RotoPAX Pack Mount mounts.<\/p>\n<p>Using two extensions, it is possible to mount the gangways on top of a 4-gallon canister or on two 2-gallon canisters.<\/p>\n","protected":false},"featured_media":31939,"template":"","meta":[],"product_brand":[576],"product_cat":[556],"product_tag":[],"class_list":{"0":"post-29479","1":"product","2":"type-product","3":"status-publish","4":"has-post-thumbnail","6":"product_brand-rotopax-en","7":"product_cat-recovery-tracks","9":"first","10":"instock","11":"taxable","12":"shipping-taxable","13":"purchasable","14":"product-type-simple"},"bundled_by":[],"bundle_stock_status":"instock","bundle_stock_quantity":null,"bundle_virtual":false,"bundle_layout":"","bundle_add_to_cart_form_location":"","bundle_editable_in_cart":false,"bundle_sold_individually_context":"","bundle_item_grouping":"","bundle_min_size":"","bundle_max_size":"","bundle_price":[],"bundled_items":[],"bundle_sell_ids":[],"yoast_head":"<!-- This site is optimized with the Yoast SEO plugin v27.2 - https:\/\/yoast.com\/product\/yoast-seo-wordpress\/ -->\n<title>RotoTRAX<\/title>\n<meta name=\"robots\" content=\"index, follow, max-snippet:-1, max-image-preview:large, max-video-preview:-1\" \/>\n<link rel=\"canonical\" href=\"https:\/\/iodperformance.com\/en\/produkt\/rototrax\/\" \/>\n<meta property=\"og:locale\" content=\"en_US\" \/>\n<meta property=\"og:type\" content=\"article\" \/>\n<meta property=\"og:title\" content=\"RotoTRAX\" \/>\n<meta property=\"og:description\" content=\"RotoTRAX are off-road ramps manufactured by the renowned off-road accessories manufacturer RotoPAX.They are made of the same highly durable plastic as RotoPAX canisters and using the same production technology, which ensures exceptional durability and resistance to damage.RotoTRAX ramps are fully compatible with RotoPAX 2- and 4-gallon canisters, as well as with mounting plates and RotoPAX mounts.Unlike ramps from other manufacturers, which often pose problems during transport and installation, the RotoPAX system offers a complete and proven mounting solution.RotoTRAX can be attached to a roof rack or body using standard RotoPAX Pack Mount mounts.Using two extensions, it is possible to mount the gangways on top of a 4-gallon canister or on two 2-gallon canisters.\" \/>\n<meta property=\"og:url\" content=\"https:\/\/iodperformance.com\/en\/produkt\/rototrax\/\" \/>\n<meta property=\"og:site_name\" content=\"IOD Performance\" \/>\n<meta property=\"article:publisher\" content=\"https:\/\/www.facebook.com\/IODshopPL\/\" \/>\n<meta property=\"article:modified_time\" content=\"2026-02-26T07:20:32+00:00\" \/>\n<meta property=\"og:image\" content=\"https:\/\/iodperformance.com\/wp-content\/uploads\/2025\/12\/1-7.webp\" \/>\n\t<meta property=\"og:image:width\" content=\"1000\" \/>\n\t<meta property=\"og:image:height\" content=\"1000\" \/>\n\t<meta property=\"og:image:type\" content=\"image\/webp\" \/>\n<meta name=\"twitter:card\" content=\"summary_large_image\" \/>\n<script type=\"application\/ld+json\" class=\"yoast-schema-graph\">{\"@context\":\"https:\/\/schema.org\",\"@graph\":[{\"@type\":\"WebPage\",\"@id\":\"https:\/\/iodperformance.com\/en\/produkt\/rototrax\/\",\"url\":\"https:\/\/iodperformance.com\/en\/produkt\/rototrax\/\",\"name\":\"RotoTRAX\",\"isPartOf\":{\"@id\":\"https:\/\/iodperformance.com\/#website\"},\"primaryImageOfPage\":{\"@id\":\"https:\/\/iodperformance.com\/en\/produkt\/rototrax\/#primaryimage\"},\"image\":{\"@id\":\"https:\/\/iodperformance.com\/en\/produkt\/rototrax\/#primaryimage\"},\"thumbnailUrl\":\"https:\/\/iodperformance.com\/wp-content\/uploads\/2025\/12\/1-7.webp\",\"datePublished\":\"2025-12-18T09:35:04+00:00\",\"dateModified\":\"2026-02-26T07:20:32+00:00\",\"breadcrumb\":{\"@id\":\"https:\/\/iodperformance.com\/en\/produkt\/rototrax\/#breadcrumb\"},\"inLanguage\":\"en-US\",\"potentialAction\":[{\"@type\":\"ReadAction\",\"target\":[\"https:\/\/iodperformance.com\/en\/produkt\/rototrax\/\"]}]},{\"@type\":\"ImageObject\",\"inLanguage\":\"en-US\",\"@id\":\"https:\/\/iodperformance.com\/en\/produkt\/rototrax\/#primaryimage\",\"url\":\"https:\/\/iodperformance.com\/wp-content\/uploads\/2025\/12\/1-7.webp\",\"contentUrl\":\"https:\/\/iodperformance.com\/wp-content\/uploads\/2025\/12\/1-7.webp\",\"width\":1000,\"height\":1000},{\"@type\":\"BreadcrumbList\",\"@id\":\"https:\/\/iodperformance.com\/en\/produkt\/rototrax\/#breadcrumb\",\"itemListElement\":[{\"@type\":\"ListItem\",\"position\":1,\"name\":\"Strona g\u0142\u00f3wna\",\"item\":\"https:\/\/iodperformance.com\/en\/\"},{\"@type\":\"ListItem\",\"position\":2,\"name\":\"Shop\",\"item\":\"https:\/\/iodperformance.com\/en\/shop\/\"},{\"@type\":\"ListItem\",\"position\":3,\"name\":\"RotoTRAX\"}]},{\"@type\":\"WebSite\",\"@id\":\"https:\/\/iodperformance.com\/#website\",\"url\":\"https:\/\/iodperformance.com\/\",\"name\":\"IOD Performance\",\"description\":\"Producent cz\u0119\u015bci i akcesori\u00f3w samochodowych\",\"publisher\":{\"@id\":\"https:\/\/iodperformance.com\/#organization\"},\"potentialAction\":[{\"@type\":\"SearchAction\",\"target\":{\"@type\":\"EntryPoint\",\"urlTemplate\":\"https:\/\/iodperformance.com\/?s={search_term_string}\"},\"query-input\":{\"@type\":\"PropertyValueSpecification\",\"valueRequired\":true,\"valueName\":\"search_term_string\"}}],\"inLanguage\":\"en-US\"},{\"@type\":\"Organization\",\"@id\":\"https:\/\/iodperformance.com\/#organization\",\"name\":\"IOD Performance\",\"url\":\"https:\/\/iodperformance.com\/\",\"logo\":{\"@type\":\"ImageObject\",\"inLanguage\":\"en-US\",\"@id\":\"https:\/\/iodperformance.com\/#\/schema\/logo\/image\/\",\"url\":\"https:\/\/iodperformance.com\/wp-content\/uploads\/2025\/02\/logo_V2.png\",\"contentUrl\":\"https:\/\/iodperformance.com\/wp-content\/uploads\/2025\/02\/logo_V2.png\",\"width\":2560,\"height\":1076,\"caption\":\"IOD Performance\"},\"image\":{\"@id\":\"https:\/\/iodperformance.com\/#\/schema\/logo\/image\/\"},\"sameAs\":[\"https:\/\/www.facebook.com\/IODshopPL\/\",\"https:\/\/www.instagram.com\/iodperformance\/\",\"https:\/\/www.youtube.com\/@iodperformance\"]}]}<\/script>\n<!-- \/ Yoast SEO plugin. -->","yoast_head_json":{"title":"RotoTRAX","robots":{"index":"index","follow":"follow","max-snippet":"max-snippet:-1","max-image-preview":"max-image-preview:large","max-video-preview":"max-video-preview:-1"},"canonical":"https:\/\/iodperformance.com\/en\/produkt\/rototrax\/","og_locale":"en_US","og_type":"article","og_title":"RotoTRAX","og_description":"RotoTRAX are off-road ramps manufactured by the renowned off-road accessories manufacturer RotoPAX.They are made of the same highly durable plastic as RotoPAX canisters and using the same production technology, which ensures exceptional durability and resistance to damage.RotoTRAX ramps are fully compatible with RotoPAX 2- and 4-gallon canisters, as well as with mounting plates and RotoPAX mounts.Unlike ramps from other manufacturers, which often pose problems during transport and installation, the RotoPAX system offers a complete and proven mounting solution.RotoTRAX can be attached to a roof rack or body using standard RotoPAX Pack Mount mounts.Using two extensions, it is possible to mount the gangways on top of a 4-gallon canister or on two 2-gallon canisters.","og_url":"https:\/\/iodperformance.com\/en\/produkt\/rototrax\/","og_site_name":"IOD Performance","article_publisher":"https:\/\/www.facebook.com\/IODshopPL\/","article_modified_time":"2026-02-26T07:20:32+00:00","og_image":[{"width":1000,"height":1000,"url":"https:\/\/iodperformance.com\/wp-content\/uploads\/2025\/12\/1-7.webp","type":"image\/webp"}],"twitter_card":"summary_large_image","schema":{"@context":"https:\/\/schema.org","@graph":[{"@type":"WebPage","@id":"https:\/\/iodperformance.com\/en\/produkt\/rototrax\/","url":"https:\/\/iodperformance.com\/en\/produkt\/rototrax\/","name":"RotoTRAX","isPartOf":{"@id":"https:\/\/iodperformance.com\/#website"},"primaryImageOfPage":{"@id":"https:\/\/iodperformance.com\/en\/produkt\/rototrax\/#primaryimage"},"image":{"@id":"https:\/\/iodperformance.com\/en\/produkt\/rototrax\/#primaryimage"},"thumbnailUrl":"https:\/\/iodperformance.com\/wp-content\/uploads\/2025\/12\/1-7.webp","datePublished":"2025-12-18T09:35:04+00:00","dateModified":"2026-02-26T07:20:32+00:00","breadcrumb":{"@id":"https:\/\/iodperformance.com\/en\/produkt\/rototrax\/#breadcrumb"},"inLanguage":"en-US","potentialAction":[{"@type":"ReadAction","target":["https:\/\/iodperformance.com\/en\/produkt\/rototrax\/"]}]},{"@type":"ImageObject","inLanguage":"en-US","@id":"https:\/\/iodperformance.com\/en\/produkt\/rototrax\/#primaryimage","url":"https:\/\/iodperformance.com\/wp-content\/uploads\/2025\/12\/1-7.webp","contentUrl":"https:\/\/iodperformance.com\/wp-content\/uploads\/2025\/12\/1-7.webp","width":1000,"height":1000},{"@type":"BreadcrumbList","@id":"https:\/\/iodperformance.com\/en\/produkt\/rototrax\/#breadcrumb","itemListElement":[{"@type":"ListItem","position":1,"name":"Strona g\u0142\u00f3wna","item":"https:\/\/iodperformance.com\/en\/"},{"@type":"ListItem","position":2,"name":"Shop","item":"https:\/\/iodperformance.com\/en\/shop\/"},{"@type":"ListItem","position":3,"name":"RotoTRAX"}]},{"@type":"WebSite","@id":"https:\/\/iodperformance.com\/#website","url":"https:\/\/iodperformance.com\/","name":"IOD Performance","description":"Producent cz\u0119\u015bci i akcesori\u00f3w samochodowych","publisher":{"@id":"https:\/\/iodperformance.com\/#organization"},"potentialAction":[{"@type":"SearchAction","target":{"@type":"EntryPoint","urlTemplate":"https:\/\/iodperformance.com\/?s={search_term_string}"},"query-input":{"@type":"PropertyValueSpecification","valueRequired":true,"valueName":"search_term_string"}}],"inLanguage":"en-US"},{"@type":"Organization","@id":"https:\/\/iodperformance.com\/#organization","name":"IOD Performance","url":"https:\/\/iodperformance.com\/","logo":{"@type":"ImageObject","inLanguage":"en-US","@id":"https:\/\/iodperformance.com\/#\/schema\/logo\/image\/","url":"https:\/\/iodperformance.com\/wp-content\/uploads\/2025\/02\/logo_V2.png","contentUrl":"https:\/\/iodperformance.com\/wp-content\/uploads\/2025\/02\/logo_V2.png","width":2560,"height":1076,"caption":"IOD Performance"},"image":{"@id":"https:\/\/iodperformance.com\/#\/schema\/logo\/image\/"},"sameAs":["https:\/\/www.facebook.com\/IODshopPL\/","https:\/\/www.instagram.com\/iodperformance\/","https:\/\/www.youtube.com\/@iodperformance"]}]}},"_links":{"self":[{"href":"https:\/\/iodperformance.com\/en\/wp-json\/wp\/v2\/product\/29479","targetHints":{"allow":["GET"]}}],"collection":[{"href":"https:\/\/iodperformance.com\/en\/wp-json\/wp\/v2\/product"}],"about":[{"href":"https:\/\/iodperformance.com\/en\/wp-json\/wp\/v2\/types\/product"}],"version-history":[{"count":2,"href":"https:\/\/iodperformance.com\/en\/wp-json\/wp\/v2\/product\/29479\/revisions"}],"predecessor-version":[{"id":29623,"href":"https:\/\/iodperformance.com\/en\/wp-json\/wp\/v2\/product\/29479\/revisions\/29623"}],"wp:featuredmedia":[{"embeddable":true,"href":"https:\/\/iodperformance.com\/en\/wp-json\/wp\/v2\/media\/31939"}],"wp:attachment":[{"href":"https:\/\/iodperformance.com\/en\/wp-json\/wp\/v2\/media?parent=29479"}],"wp:term":[{"taxonomy":"product_brand","embeddable":true,"href":"https:\/\/iodperformance.com\/en\/wp-json\/wp\/v2\/product_brand?post=29479"},{"taxonomy":"product_cat","embeddable":true,"href":"https:\/\/iodperformance.com\/en\/wp-json\/wp\/v2\/product_cat?post=29479"},{"taxonomy":"product_tag","embeddable":true,"href":"https:\/\/iodperformance.com\/en\/wp-json\/wp\/v2\/product_tag?post=29479"}],"curies":[{"name":"wp","href":"https:\/\/api.w.org\/{rel}","templated":true}]}}