{"id":29417,"date":"2025-12-18T10:34:42","date_gmt":"2025-12-18T09:34:42","guid":{"rendered":"https:\/\/iodperformance.com\/produkt\/rotopax-2-0-gallon-7-8-liter-canister-nextgen\/"},"modified":"2026-02-26T08:20:30","modified_gmt":"2026-02-26T07:20:30","slug":"rotopax-2-0-gallon-7-8-liter-canister-nextgen","status":"publish","type":"product","link":"https:\/\/iodperformance.com\/en\/produkt\/rotopax-2-0-gallon-7-8-liter-canister-nextgen\/","title":{"rendered":"Rotopax 2.0-Gallon\/7.8-L Canister NEXTGEN"},"content":{"rendered":"<ul>\n<li>Capacity: 7.6 l<\/li>\n<li>Purpose: fuel<\/li>\n<li>Material: high-quality plastic<\/li>\n<li>Color: red<\/li>\n<li>Dimensions: 45 \u00d7 34 \u00d7 8 cm<\/li>\n<li>Ergonomic shape for easy transport<\/li>\n<li>Leak-proof closure<\/li>\n<\/ul>\n<p>\nThe Rotopax RXX-2G canister is a practical and safe solution<br \/>\nfor long off-road trips and anywhere where<br \/>\ndurability, capacity, and reliability are important.<\/p>\n","protected":false},"excerpt":{"rendered":"<p>Rotopax fuel canisters are considered among the best canisters in the world. They are designed for safe transport of fuel in difficult terrain.<\/p>\n<p>Each canister is equipped with a cap with a special latch to prevent it from loosening spontaneously. The cap has a seal that ensures 100% tightness &#8211; the canister does not leak, sweat, or emit fuel odor.<\/p>\n<p>Rotopax canisters are manufactured using patented three-layer rotational molding technology, which gives them exceptional strength and resistance to mechanical damage and weather conditions.<\/p>\n<p>Mount Pack mounting systems enable quick assembly and disassembly of the canisters. The attached canister remains stable even on a single holder (two are recommended for 4-gallon canisters), without the need for straps or additional security.<\/p>\n","protected":false},"featured_media":31960,"template":"","meta":[],"product_brand":[576],"product_cat":[577],"product_tag":[],"class_list":{"0":"post-29417","1":"product","2":"type-product","3":"status-publish","4":"has-post-thumbnail","6":"product_brand-rotopax-en","7":"product_cat-canisters","9":"first","10":"instock","11":"taxable","12":"shipping-taxable","13":"purchasable","14":"product-type-simple"},"bundled_by":[],"bundle_stock_status":"instock","bundle_stock_quantity":null,"bundle_virtual":false,"bundle_layout":"","bundle_add_to_cart_form_location":"","bundle_editable_in_cart":false,"bundle_sold_individually_context":"","bundle_item_grouping":"","bundle_min_size":"","bundle_max_size":"","bundle_price":[],"bundled_items":[],"bundle_sell_ids":[],"yoast_head":"<!-- This site is optimized with the Yoast SEO plugin v27.2 - https:\/\/yoast.com\/product\/yoast-seo-wordpress\/ -->\n<title>Rotopax 2.0-Gallon\/7.8-L Canister NEXTGEN<\/title>\n<meta name=\"robots\" content=\"index, follow, max-snippet:-1, max-image-preview:large, max-video-preview:-1\" \/>\n<link rel=\"canonical\" href=\"https:\/\/iodperformance.com\/en\/produkt\/rotopax-2-0-gallon-7-8-liter-canister-nextgen\/\" \/>\n<meta property=\"og:locale\" content=\"en_US\" \/>\n<meta property=\"og:type\" content=\"article\" \/>\n<meta property=\"og:title\" content=\"Rotopax 2.0-Gallon\/7.8-L Canister NEXTGEN\" \/>\n<meta property=\"og:description\" content=\"Rotopax fuel canisters are considered among the best canisters in the world. They are designed for safe transport of fuel in difficult terrain.Each canister is equipped with a cap with a special latch to prevent it from loosening spontaneously. The cap has a seal that ensures 100% tightness - the canister does not leak, sweat, or emit fuel odor.Rotopax canisters are manufactured using patented three-layer rotational molding technology, which gives them exceptional strength and resistance to mechanical damage and weather conditions.Mount Pack mounting systems enable quick assembly and disassembly of the canisters. The attached canister remains stable even on a single holder (two are recommended for 4-gallon canisters), without the need for straps or additional security.\" \/>\n<meta property=\"og:url\" content=\"https:\/\/iodperformance.com\/en\/produkt\/rotopax-2-0-gallon-7-8-liter-canister-nextgen\/\" \/>\n<meta property=\"og:site_name\" content=\"IOD Performance\" \/>\n<meta property=\"article:publisher\" content=\"https:\/\/www.facebook.com\/IODshopPL\/\" \/>\n<meta property=\"article:modified_time\" content=\"2026-02-26T07:20:30+00:00\" \/>\n<meta property=\"og:image\" content=\"https:\/\/iodperformance.com\/wp-content\/uploads\/2025\/12\/1-10.webp\" \/>\n\t<meta property=\"og:image:width\" content=\"1000\" \/>\n\t<meta property=\"og:image:height\" content=\"1000\" \/>\n\t<meta property=\"og:image:type\" content=\"image\/webp\" \/>\n<meta name=\"twitter:card\" content=\"summary_large_image\" \/>\n<script type=\"application\/ld+json\" class=\"yoast-schema-graph\">{\"@context\":\"https:\/\/schema.org\",\"@graph\":[{\"@type\":\"WebPage\",\"@id\":\"https:\/\/iodperformance.com\/en\/produkt\/rotopax-2-0-gallon-7-8-liter-canister-nextgen\/\",\"url\":\"https:\/\/iodperformance.com\/en\/produkt\/rotopax-2-0-gallon-7-8-liter-canister-nextgen\/\",\"name\":\"Rotopax 2.0-Gallon\/7.8-L Canister NEXTGEN\",\"isPartOf\":{\"@id\":\"https:\/\/iodperformance.com\/#website\"},\"primaryImageOfPage\":{\"@id\":\"https:\/\/iodperformance.com\/en\/produkt\/rotopax-2-0-gallon-7-8-liter-canister-nextgen\/#primaryimage\"},\"image\":{\"@id\":\"https:\/\/iodperformance.com\/en\/produkt\/rotopax-2-0-gallon-7-8-liter-canister-nextgen\/#primaryimage\"},\"thumbnailUrl\":\"https:\/\/iodperformance.com\/wp-content\/uploads\/2025\/12\/1-10.webp\",\"datePublished\":\"2025-12-18T09:34:42+00:00\",\"dateModified\":\"2026-02-26T07:20:30+00:00\",\"breadcrumb\":{\"@id\":\"https:\/\/iodperformance.com\/en\/produkt\/rotopax-2-0-gallon-7-8-liter-canister-nextgen\/#breadcrumb\"},\"inLanguage\":\"en-US\",\"potentialAction\":[{\"@type\":\"ReadAction\",\"target\":[\"https:\/\/iodperformance.com\/en\/produkt\/rotopax-2-0-gallon-7-8-liter-canister-nextgen\/\"]}]},{\"@type\":\"ImageObject\",\"inLanguage\":\"en-US\",\"@id\":\"https:\/\/iodperformance.com\/en\/produkt\/rotopax-2-0-gallon-7-8-liter-canister-nextgen\/#primaryimage\",\"url\":\"https:\/\/iodperformance.com\/wp-content\/uploads\/2025\/12\/1-10.webp\",\"contentUrl\":\"https:\/\/iodperformance.com\/wp-content\/uploads\/2025\/12\/1-10.webp\",\"width\":1000,\"height\":1000},{\"@type\":\"BreadcrumbList\",\"@id\":\"https:\/\/iodperformance.com\/en\/produkt\/rotopax-2-0-gallon-7-8-liter-canister-nextgen\/#breadcrumb\",\"itemListElement\":[{\"@type\":\"ListItem\",\"position\":1,\"name\":\"Strona g\u0142\u00f3wna\",\"item\":\"https:\/\/iodperformance.com\/en\/\"},{\"@type\":\"ListItem\",\"position\":2,\"name\":\"Shop\",\"item\":\"https:\/\/iodperformance.com\/en\/shop\/\"},{\"@type\":\"ListItem\",\"position\":3,\"name\":\"Rotopax 2.0-Gallon\/7.8-L Canister NEXTGEN\"}]},{\"@type\":\"WebSite\",\"@id\":\"https:\/\/iodperformance.com\/#website\",\"url\":\"https:\/\/iodperformance.com\/\",\"name\":\"IOD Performance\",\"description\":\"Producent cz\u0119\u015bci i akcesori\u00f3w samochodowych\",\"publisher\":{\"@id\":\"https:\/\/iodperformance.com\/#organization\"},\"potentialAction\":[{\"@type\":\"SearchAction\",\"target\":{\"@type\":\"EntryPoint\",\"urlTemplate\":\"https:\/\/iodperformance.com\/?s={search_term_string}\"},\"query-input\":{\"@type\":\"PropertyValueSpecification\",\"valueRequired\":true,\"valueName\":\"search_term_string\"}}],\"inLanguage\":\"en-US\"},{\"@type\":\"Organization\",\"@id\":\"https:\/\/iodperformance.com\/#organization\",\"name\":\"IOD Performance\",\"url\":\"https:\/\/iodperformance.com\/\",\"logo\":{\"@type\":\"ImageObject\",\"inLanguage\":\"en-US\",\"@id\":\"https:\/\/iodperformance.com\/#\/schema\/logo\/image\/\",\"url\":\"https:\/\/iodperformance.com\/wp-content\/uploads\/2025\/02\/logo_V2.png\",\"contentUrl\":\"https:\/\/iodperformance.com\/wp-content\/uploads\/2025\/02\/logo_V2.png\",\"width\":2560,\"height\":1076,\"caption\":\"IOD Performance\"},\"image\":{\"@id\":\"https:\/\/iodperformance.com\/#\/schema\/logo\/image\/\"},\"sameAs\":[\"https:\/\/www.facebook.com\/IODshopPL\/\",\"https:\/\/www.instagram.com\/iodperformance\/\",\"https:\/\/www.youtube.com\/@iodperformance\"]}]}<\/script>\n<!-- \/ Yoast SEO plugin. -->","yoast_head_json":{"title":"Rotopax 2.0-Gallon\/7.8-L Canister NEXTGEN","robots":{"index":"index","follow":"follow","max-snippet":"max-snippet:-1","max-image-preview":"max-image-preview:large","max-video-preview":"max-video-preview:-1"},"canonical":"https:\/\/iodperformance.com\/en\/produkt\/rotopax-2-0-gallon-7-8-liter-canister-nextgen\/","og_locale":"en_US","og_type":"article","og_title":"Rotopax 2.0-Gallon\/7.8-L Canister NEXTGEN","og_description":"Rotopax fuel canisters are considered among the best canisters in the world. They are designed for safe transport of fuel in difficult terrain.Each canister is equipped with a cap with a special latch to prevent it from loosening spontaneously. The cap has a seal that ensures 100% tightness - the canister does not leak, sweat, or emit fuel odor.Rotopax canisters are manufactured using patented three-layer rotational molding technology, which gives them exceptional strength and resistance to mechanical damage and weather conditions.Mount Pack mounting systems enable quick assembly and disassembly of the canisters. The attached canister remains stable even on a single holder (two are recommended for 4-gallon canisters), without the need for straps or additional security.","og_url":"https:\/\/iodperformance.com\/en\/produkt\/rotopax-2-0-gallon-7-8-liter-canister-nextgen\/","og_site_name":"IOD Performance","article_publisher":"https:\/\/www.facebook.com\/IODshopPL\/","article_modified_time":"2026-02-26T07:20:30+00:00","og_image":[{"width":1000,"height":1000,"url":"https:\/\/iodperformance.com\/wp-content\/uploads\/2025\/12\/1-10.webp","type":"image\/webp"}],"twitter_card":"summary_large_image","schema":{"@context":"https:\/\/schema.org","@graph":[{"@type":"WebPage","@id":"https:\/\/iodperformance.com\/en\/produkt\/rotopax-2-0-gallon-7-8-liter-canister-nextgen\/","url":"https:\/\/iodperformance.com\/en\/produkt\/rotopax-2-0-gallon-7-8-liter-canister-nextgen\/","name":"Rotopax 2.0-Gallon\/7.8-L Canister NEXTGEN","isPartOf":{"@id":"https:\/\/iodperformance.com\/#website"},"primaryImageOfPage":{"@id":"https:\/\/iodperformance.com\/en\/produkt\/rotopax-2-0-gallon-7-8-liter-canister-nextgen\/#primaryimage"},"image":{"@id":"https:\/\/iodperformance.com\/en\/produkt\/rotopax-2-0-gallon-7-8-liter-canister-nextgen\/#primaryimage"},"thumbnailUrl":"https:\/\/iodperformance.com\/wp-content\/uploads\/2025\/12\/1-10.webp","datePublished":"2025-12-18T09:34:42+00:00","dateModified":"2026-02-26T07:20:30+00:00","breadcrumb":{"@id":"https:\/\/iodperformance.com\/en\/produkt\/rotopax-2-0-gallon-7-8-liter-canister-nextgen\/#breadcrumb"},"inLanguage":"en-US","potentialAction":[{"@type":"ReadAction","target":["https:\/\/iodperformance.com\/en\/produkt\/rotopax-2-0-gallon-7-8-liter-canister-nextgen\/"]}]},{"@type":"ImageObject","inLanguage":"en-US","@id":"https:\/\/iodperformance.com\/en\/produkt\/rotopax-2-0-gallon-7-8-liter-canister-nextgen\/#primaryimage","url":"https:\/\/iodperformance.com\/wp-content\/uploads\/2025\/12\/1-10.webp","contentUrl":"https:\/\/iodperformance.com\/wp-content\/uploads\/2025\/12\/1-10.webp","width":1000,"height":1000},{"@type":"BreadcrumbList","@id":"https:\/\/iodperformance.com\/en\/produkt\/rotopax-2-0-gallon-7-8-liter-canister-nextgen\/#breadcrumb","itemListElement":[{"@type":"ListItem","position":1,"name":"Strona g\u0142\u00f3wna","item":"https:\/\/iodperformance.com\/en\/"},{"@type":"ListItem","position":2,"name":"Shop","item":"https:\/\/iodperformance.com\/en\/shop\/"},{"@type":"ListItem","position":3,"name":"Rotopax 2.0-Gallon\/7.8-L Canister NEXTGEN"}]},{"@type":"WebSite","@id":"https:\/\/iodperformance.com\/#website","url":"https:\/\/iodperformance.com\/","name":"IOD Performance","description":"Producent cz\u0119\u015bci i akcesori\u00f3w samochodowych","publisher":{"@id":"https:\/\/iodperformance.com\/#organization"},"potentialAction":[{"@type":"SearchAction","target":{"@type":"EntryPoint","urlTemplate":"https:\/\/iodperformance.com\/?s={search_term_string}"},"query-input":{"@type":"PropertyValueSpecification","valueRequired":true,"valueName":"search_term_string"}}],"inLanguage":"en-US"},{"@type":"Organization","@id":"https:\/\/iodperformance.com\/#organization","name":"IOD Performance","url":"https:\/\/iodperformance.com\/","logo":{"@type":"ImageObject","inLanguage":"en-US","@id":"https:\/\/iodperformance.com\/#\/schema\/logo\/image\/","url":"https:\/\/iodperformance.com\/wp-content\/uploads\/2025\/02\/logo_V2.png","contentUrl":"https:\/\/iodperformance.com\/wp-content\/uploads\/2025\/02\/logo_V2.png","width":2560,"height":1076,"caption":"IOD Performance"},"image":{"@id":"https:\/\/iodperformance.com\/#\/schema\/logo\/image\/"},"sameAs":["https:\/\/www.facebook.com\/IODshopPL\/","https:\/\/www.instagram.com\/iodperformance\/","https:\/\/www.youtube.com\/@iodperformance"]}]}},"_links":{"self":[{"href":"https:\/\/iodperformance.com\/en\/wp-json\/wp\/v2\/product\/29417","targetHints":{"allow":["GET"]}}],"collection":[{"href":"https:\/\/iodperformance.com\/en\/wp-json\/wp\/v2\/product"}],"about":[{"href":"https:\/\/iodperformance.com\/en\/wp-json\/wp\/v2\/types\/product"}],"version-history":[{"count":2,"href":"https:\/\/iodperformance.com\/en\/wp-json\/wp\/v2\/product\/29417\/revisions"}],"predecessor-version":[{"id":29617,"href":"https:\/\/iodperformance.com\/en\/wp-json\/wp\/v2\/product\/29417\/revisions\/29617"}],"wp:featuredmedia":[{"embeddable":true,"href":"https:\/\/iodperformance.com\/en\/wp-json\/wp\/v2\/media\/31960"}],"wp:attachment":[{"href":"https:\/\/iodperformance.com\/en\/wp-json\/wp\/v2\/media?parent=29417"}],"wp:term":[{"taxonomy":"product_brand","embeddable":true,"href":"https:\/\/iodperformance.com\/en\/wp-json\/wp\/v2\/product_brand?post=29417"},{"taxonomy":"product_cat","embeddable":true,"href":"https:\/\/iodperformance.com\/en\/wp-json\/wp\/v2\/product_cat?post=29417"},{"taxonomy":"product_tag","embeddable":true,"href":"https:\/\/iodperformance.com\/en\/wp-json\/wp\/v2\/product_tag?post=29417"}],"curies":[{"name":"wp","href":"https:\/\/api.w.org\/{rel}","templated":true}]}}