{"id":29222,"date":"2025-12-18T10:34:11","date_gmt":"2025-12-18T09:34:11","guid":{"rendered":"https:\/\/iodperformance.com\/produkt\/rotopax-mount-with-extradock-and-lock-lox-pack-mount\/"},"modified":"2026-02-26T08:20:28","modified_gmt":"2026-02-26T07:20:28","slug":"rotopax-mount-with-extradock-and-lock-lox-pack-mount","status":"publish","type":"product","link":"https:\/\/iodperformance.com\/en\/produkt\/rotopax-mount-with-extradock-and-lock-lox-pack-mount\/","title":{"rendered":"Rotopax Extra-Tightening Mount with Lock (LOX Pack Mount)"},"content":{"rendered":"<ul>\n<li>Mounting with additional pressure and lock<\/li>\n<li>Double wing system stabilizes the canister<\/li>\n<li>Protects canister lugs from abrasion<\/li>\n<li>Easy lock removal<\/li>\n<li>Compatible with all Rotopax canisters<\/li>\n<li>Quick and secure installation without straps or additional security<\/li>\n<\/ul>\n<p>\nMount Pack mounting systems allow for quick installation and removal of canisters. In most cases, one handle is sufficient (two are recommended for 4-gallon canisters).<\/p>\n<p>\nEach Rotopax canister has a latch cap to prevent unscrewing and a seal that guarantees 100% tightness \u2013 no leaks or fuel odor. <\/p>\n<p>\nThe fuel filler tube is equipped with a vent, preventing fuel from splashing during filling.<\/p>\n","protected":false},"excerpt":{"rendered":"<p>The Rotopax Lox Pack Mount is a mount for Rotopax canisters with additional pressure and a lock, ensuring maximum stability and safety during transport \u2013 no play.<\/p>\n<p>The double-wing clamp system protects the canister&#8217;s protrusions from abrasion and allows for very strong pressure on the canister to the mounting surface.<\/p>\n<p>The mount is equipped with a lock to protect the canister from unauthorized access. The lock can be easily removed, which is especially useful when driving in difficult terrain where sand or mud could get into the mechanism.<\/p>\n<p>The mount fits all Rotopax canisters and containers.<\/p>\n<p>Rotopax canisters are manufactured using patented three-layer rotational molding technology. They are made as one integral piece, without joints or seams, eliminating structural weaknesses and ensuring exceptional durability.<\/p>\n<p>This is the only plastic canister officially approved for sale in the USA.<\/p>\n","protected":false},"featured_media":29121,"template":"","meta":[],"product_brand":[576],"product_cat":[577],"product_tag":[],"class_list":{"0":"post-29222","1":"product","2":"type-product","3":"status-publish","4":"has-post-thumbnail","6":"product_brand-rotopax-en","7":"product_cat-canisters","9":"first","10":"instock","11":"taxable","12":"shipping-taxable","13":"purchasable","14":"product-type-simple"},"bundled_by":[],"bundle_stock_status":"instock","bundle_stock_quantity":null,"bundle_virtual":false,"bundle_layout":"","bundle_add_to_cart_form_location":"","bundle_editable_in_cart":false,"bundle_sold_individually_context":"","bundle_item_grouping":"","bundle_min_size":"","bundle_max_size":"","bundle_price":[],"bundled_items":[],"bundle_sell_ids":[],"yoast_head":"<!-- This site is optimized with the Yoast SEO plugin v27.2 - https:\/\/yoast.com\/product\/yoast-seo-wordpress\/ -->\n<title>Rotopax Extra-Tightening Mount with Lock (LOX Pack Mount)<\/title>\n<meta name=\"robots\" content=\"index, follow, max-snippet:-1, max-image-preview:large, max-video-preview:-1\" \/>\n<link rel=\"canonical\" href=\"https:\/\/iodperformance.com\/en\/produkt\/rotopax-mount-with-extradock-and-lock-lox-pack-mount\/\" \/>\n<meta property=\"og:locale\" content=\"en_US\" \/>\n<meta property=\"og:type\" content=\"article\" \/>\n<meta property=\"og:title\" content=\"Rotopax Extra-Tightening Mount with Lock (LOX Pack Mount)\" \/>\n<meta property=\"og:description\" content=\"The Rotopax Lox Pack Mount is a mount for Rotopax canisters with additional pressure and a lock, ensuring maximum stability and safety during transport \u2013 no play.The double-wing clamp system protects the canister&#039;s protrusions from abrasion and allows for very strong pressure on the canister to the mounting surface.The mount is equipped with a lock to protect the canister from unauthorized access. The lock can be easily removed, which is especially useful when driving in difficult terrain where sand or mud could get into the mechanism.The mount fits all Rotopax canisters and containers.Rotopax canisters are manufactured using patented three-layer rotational molding technology. They are made as one integral piece, without joints or seams, eliminating structural weaknesses and ensuring exceptional durability.This is the only plastic canister officially approved for sale in the USA.\" \/>\n<meta property=\"og:url\" content=\"https:\/\/iodperformance.com\/en\/produkt\/rotopax-mount-with-extradock-and-lock-lox-pack-mount\/\" \/>\n<meta property=\"og:site_name\" content=\"IOD Performance\" \/>\n<meta property=\"article:publisher\" content=\"https:\/\/www.facebook.com\/IODshopPL\/\" \/>\n<meta property=\"article:modified_time\" content=\"2026-02-26T07:20:28+00:00\" \/>\n<meta property=\"og:image\" content=\"https:\/\/iodperformance.com\/wp-content\/uploads\/2025\/12\/108bca7c05aaa9e17bd3af026daa9cb6.jpg\" \/>\n\t<meta property=\"og:image:width\" content=\"480\" \/>\n\t<meta property=\"og:image:height\" content=\"600\" \/>\n\t<meta property=\"og:image:type\" content=\"image\/jpeg\" \/>\n<meta name=\"twitter:card\" content=\"summary_large_image\" \/>\n<script type=\"application\/ld+json\" class=\"yoast-schema-graph\">{\"@context\":\"https:\/\/schema.org\",\"@graph\":[{\"@type\":\"WebPage\",\"@id\":\"https:\/\/iodperformance.com\/en\/produkt\/rotopax-mount-with-extradock-and-lock-lox-pack-mount\/\",\"url\":\"https:\/\/iodperformance.com\/en\/produkt\/rotopax-mount-with-extradock-and-lock-lox-pack-mount\/\",\"name\":\"Rotopax Extra-Tightening Mount with Lock (LOX Pack Mount)\",\"isPartOf\":{\"@id\":\"https:\/\/iodperformance.com\/#website\"},\"primaryImageOfPage\":{\"@id\":\"https:\/\/iodperformance.com\/en\/produkt\/rotopax-mount-with-extradock-and-lock-lox-pack-mount\/#primaryimage\"},\"image\":{\"@id\":\"https:\/\/iodperformance.com\/en\/produkt\/rotopax-mount-with-extradock-and-lock-lox-pack-mount\/#primaryimage\"},\"thumbnailUrl\":\"https:\/\/iodperformance.com\/wp-content\/uploads\/2025\/12\/108bca7c05aaa9e17bd3af026daa9cb6.jpg\",\"datePublished\":\"2025-12-18T09:34:11+00:00\",\"dateModified\":\"2026-02-26T07:20:28+00:00\",\"breadcrumb\":{\"@id\":\"https:\/\/iodperformance.com\/en\/produkt\/rotopax-mount-with-extradock-and-lock-lox-pack-mount\/#breadcrumb\"},\"inLanguage\":\"en-US\",\"potentialAction\":[{\"@type\":\"ReadAction\",\"target\":[\"https:\/\/iodperformance.com\/en\/produkt\/rotopax-mount-with-extradock-and-lock-lox-pack-mount\/\"]}]},{\"@type\":\"ImageObject\",\"inLanguage\":\"en-US\",\"@id\":\"https:\/\/iodperformance.com\/en\/produkt\/rotopax-mount-with-extradock-and-lock-lox-pack-mount\/#primaryimage\",\"url\":\"https:\/\/iodperformance.com\/wp-content\/uploads\/2025\/12\/108bca7c05aaa9e17bd3af026daa9cb6.jpg\",\"contentUrl\":\"https:\/\/iodperformance.com\/wp-content\/uploads\/2025\/12\/108bca7c05aaa9e17bd3af026daa9cb6.jpg\",\"width\":480,\"height\":600},{\"@type\":\"BreadcrumbList\",\"@id\":\"https:\/\/iodperformance.com\/en\/produkt\/rotopax-mount-with-extradock-and-lock-lox-pack-mount\/#breadcrumb\",\"itemListElement\":[{\"@type\":\"ListItem\",\"position\":1,\"name\":\"Strona g\u0142\u00f3wna\",\"item\":\"https:\/\/iodperformance.com\/en\/\"},{\"@type\":\"ListItem\",\"position\":2,\"name\":\"Shop\",\"item\":\"https:\/\/iodperformance.com\/en\/shop\/\"},{\"@type\":\"ListItem\",\"position\":3,\"name\":\"Rotopax Extra-Tightening Mount with Lock (LOX Pack Mount)\"}]},{\"@type\":\"WebSite\",\"@id\":\"https:\/\/iodperformance.com\/#website\",\"url\":\"https:\/\/iodperformance.com\/\",\"name\":\"IOD Performance\",\"description\":\"Producent cz\u0119\u015bci i akcesori\u00f3w samochodowych\",\"publisher\":{\"@id\":\"https:\/\/iodperformance.com\/#organization\"},\"potentialAction\":[{\"@type\":\"SearchAction\",\"target\":{\"@type\":\"EntryPoint\",\"urlTemplate\":\"https:\/\/iodperformance.com\/?s={search_term_string}\"},\"query-input\":{\"@type\":\"PropertyValueSpecification\",\"valueRequired\":true,\"valueName\":\"search_term_string\"}}],\"inLanguage\":\"en-US\"},{\"@type\":\"Organization\",\"@id\":\"https:\/\/iodperformance.com\/#organization\",\"name\":\"IOD Performance\",\"url\":\"https:\/\/iodperformance.com\/\",\"logo\":{\"@type\":\"ImageObject\",\"inLanguage\":\"en-US\",\"@id\":\"https:\/\/iodperformance.com\/#\/schema\/logo\/image\/\",\"url\":\"https:\/\/iodperformance.com\/wp-content\/uploads\/2025\/02\/logo_V2.png\",\"contentUrl\":\"https:\/\/iodperformance.com\/wp-content\/uploads\/2025\/02\/logo_V2.png\",\"width\":2560,\"height\":1076,\"caption\":\"IOD Performance\"},\"image\":{\"@id\":\"https:\/\/iodperformance.com\/#\/schema\/logo\/image\/\"},\"sameAs\":[\"https:\/\/www.facebook.com\/IODshopPL\/\",\"https:\/\/www.instagram.com\/iodperformance\/\",\"https:\/\/www.youtube.com\/@iodperformance\"]}]}<\/script>\n<!-- \/ Yoast SEO plugin. -->","yoast_head_json":{"title":"Rotopax Extra-Tightening Mount with Lock (LOX Pack Mount)","robots":{"index":"index","follow":"follow","max-snippet":"max-snippet:-1","max-image-preview":"max-image-preview:large","max-video-preview":"max-video-preview:-1"},"canonical":"https:\/\/iodperformance.com\/en\/produkt\/rotopax-mount-with-extradock-and-lock-lox-pack-mount\/","og_locale":"en_US","og_type":"article","og_title":"Rotopax Extra-Tightening Mount with Lock (LOX Pack Mount)","og_description":"The Rotopax Lox Pack Mount is a mount for Rotopax canisters with additional pressure and a lock, ensuring maximum stability and safety during transport \u2013 no play.The double-wing clamp system protects the canister's protrusions from abrasion and allows for very strong pressure on the canister to the mounting surface.The mount is equipped with a lock to protect the canister from unauthorized access. The lock can be easily removed, which is especially useful when driving in difficult terrain where sand or mud could get into the mechanism.The mount fits all Rotopax canisters and containers.Rotopax canisters are manufactured using patented three-layer rotational molding technology. They are made as one integral piece, without joints or seams, eliminating structural weaknesses and ensuring exceptional durability.This is the only plastic canister officially approved for sale in the USA.","og_url":"https:\/\/iodperformance.com\/en\/produkt\/rotopax-mount-with-extradock-and-lock-lox-pack-mount\/","og_site_name":"IOD Performance","article_publisher":"https:\/\/www.facebook.com\/IODshopPL\/","article_modified_time":"2026-02-26T07:20:28+00:00","og_image":[{"width":480,"height":600,"url":"https:\/\/iodperformance.com\/wp-content\/uploads\/2025\/12\/108bca7c05aaa9e17bd3af026daa9cb6.jpg","type":"image\/jpeg"}],"twitter_card":"summary_large_image","schema":{"@context":"https:\/\/schema.org","@graph":[{"@type":"WebPage","@id":"https:\/\/iodperformance.com\/en\/produkt\/rotopax-mount-with-extradock-and-lock-lox-pack-mount\/","url":"https:\/\/iodperformance.com\/en\/produkt\/rotopax-mount-with-extradock-and-lock-lox-pack-mount\/","name":"Rotopax Extra-Tightening Mount with Lock (LOX Pack Mount)","isPartOf":{"@id":"https:\/\/iodperformance.com\/#website"},"primaryImageOfPage":{"@id":"https:\/\/iodperformance.com\/en\/produkt\/rotopax-mount-with-extradock-and-lock-lox-pack-mount\/#primaryimage"},"image":{"@id":"https:\/\/iodperformance.com\/en\/produkt\/rotopax-mount-with-extradock-and-lock-lox-pack-mount\/#primaryimage"},"thumbnailUrl":"https:\/\/iodperformance.com\/wp-content\/uploads\/2025\/12\/108bca7c05aaa9e17bd3af026daa9cb6.jpg","datePublished":"2025-12-18T09:34:11+00:00","dateModified":"2026-02-26T07:20:28+00:00","breadcrumb":{"@id":"https:\/\/iodperformance.com\/en\/produkt\/rotopax-mount-with-extradock-and-lock-lox-pack-mount\/#breadcrumb"},"inLanguage":"en-US","potentialAction":[{"@type":"ReadAction","target":["https:\/\/iodperformance.com\/en\/produkt\/rotopax-mount-with-extradock-and-lock-lox-pack-mount\/"]}]},{"@type":"ImageObject","inLanguage":"en-US","@id":"https:\/\/iodperformance.com\/en\/produkt\/rotopax-mount-with-extradock-and-lock-lox-pack-mount\/#primaryimage","url":"https:\/\/iodperformance.com\/wp-content\/uploads\/2025\/12\/108bca7c05aaa9e17bd3af026daa9cb6.jpg","contentUrl":"https:\/\/iodperformance.com\/wp-content\/uploads\/2025\/12\/108bca7c05aaa9e17bd3af026daa9cb6.jpg","width":480,"height":600},{"@type":"BreadcrumbList","@id":"https:\/\/iodperformance.com\/en\/produkt\/rotopax-mount-with-extradock-and-lock-lox-pack-mount\/#breadcrumb","itemListElement":[{"@type":"ListItem","position":1,"name":"Strona g\u0142\u00f3wna","item":"https:\/\/iodperformance.com\/en\/"},{"@type":"ListItem","position":2,"name":"Shop","item":"https:\/\/iodperformance.com\/en\/shop\/"},{"@type":"ListItem","position":3,"name":"Rotopax Extra-Tightening Mount with Lock (LOX Pack Mount)"}]},{"@type":"WebSite","@id":"https:\/\/iodperformance.com\/#website","url":"https:\/\/iodperformance.com\/","name":"IOD Performance","description":"Producent cz\u0119\u015bci i akcesori\u00f3w samochodowych","publisher":{"@id":"https:\/\/iodperformance.com\/#organization"},"potentialAction":[{"@type":"SearchAction","target":{"@type":"EntryPoint","urlTemplate":"https:\/\/iodperformance.com\/?s={search_term_string}"},"query-input":{"@type":"PropertyValueSpecification","valueRequired":true,"valueName":"search_term_string"}}],"inLanguage":"en-US"},{"@type":"Organization","@id":"https:\/\/iodperformance.com\/#organization","name":"IOD Performance","url":"https:\/\/iodperformance.com\/","logo":{"@type":"ImageObject","inLanguage":"en-US","@id":"https:\/\/iodperformance.com\/#\/schema\/logo\/image\/","url":"https:\/\/iodperformance.com\/wp-content\/uploads\/2025\/02\/logo_V2.png","contentUrl":"https:\/\/iodperformance.com\/wp-content\/uploads\/2025\/02\/logo_V2.png","width":2560,"height":1076,"caption":"IOD Performance"},"image":{"@id":"https:\/\/iodperformance.com\/#\/schema\/logo\/image\/"},"sameAs":["https:\/\/www.facebook.com\/IODshopPL\/","https:\/\/www.instagram.com\/iodperformance\/","https:\/\/www.youtube.com\/@iodperformance"]}]}},"_links":{"self":[{"href":"https:\/\/iodperformance.com\/en\/wp-json\/wp\/v2\/product\/29222","targetHints":{"allow":["GET"]}}],"collection":[{"href":"https:\/\/iodperformance.com\/en\/wp-json\/wp\/v2\/product"}],"about":[{"href":"https:\/\/iodperformance.com\/en\/wp-json\/wp\/v2\/types\/product"}],"version-history":[{"count":2,"href":"https:\/\/iodperformance.com\/en\/wp-json\/wp\/v2\/product\/29222\/revisions"}],"predecessor-version":[{"id":29613,"href":"https:\/\/iodperformance.com\/en\/wp-json\/wp\/v2\/product\/29222\/revisions\/29613"}],"wp:featuredmedia":[{"embeddable":true,"href":"https:\/\/iodperformance.com\/en\/wp-json\/wp\/v2\/media\/29121"}],"wp:attachment":[{"href":"https:\/\/iodperformance.com\/en\/wp-json\/wp\/v2\/media?parent=29222"}],"wp:term":[{"taxonomy":"product_brand","embeddable":true,"href":"https:\/\/iodperformance.com\/en\/wp-json\/wp\/v2\/product_brand?post=29222"},{"taxonomy":"product_cat","embeddable":true,"href":"https:\/\/iodperformance.com\/en\/wp-json\/wp\/v2\/product_cat?post=29222"},{"taxonomy":"product_tag","embeddable":true,"href":"https:\/\/iodperformance.com\/en\/wp-json\/wp\/v2\/product_tag?post=29222"}],"curies":[{"name":"wp","href":"https:\/\/api.w.org\/{rel}","templated":true}]}}