{"id":29221,"date":"2025-12-18T10:34:05","date_gmt":"2025-12-18T09:34:05","guid":{"rendered":"https:\/\/iodperformance.com\/produkt\/rotopax-water-canister-2-gallons-7-8l\/"},"modified":"2026-02-26T08:20:27","modified_gmt":"2026-02-26T07:20:27","slug":"rotopax-water-canister-2-gallons-7-8l","status":"publish","type":"product","link":"https:\/\/iodperformance.com\/en\/produkt\/rotopax-water-canister-2-gallons-7-8l\/","title":{"rendered":"Rotopax Water Canister 2 gallons\/7.8 l."},"content":{"rendered":"<ul>\n<li>Capacity: 7.8 l<\/li>\n<li>Material: high-quality plastic<\/li>\n<li>Color: white<\/li>\n<li>Dimensions: 48 \u00d7 34 \u00d7 8 cm<\/li>\n<li>Leak-proof closure<\/li>\n<li>Ergonomic shape for easy transport<\/li>\n<li>Possibility to connect two canisters back-to-back<\/li>\n<li>Designed for storing water<\/li>\n<\/ul>\n<p>\nThe RX-2W canister is a reliable solution for long off-road trips<br \/>\nand anywhere where large capacity, durability<br \/>\nand safety of use are important.<\/p>\n","protected":false},"excerpt":{"rendered":"<p>The super-durable RX-2W white canister was designed for the most demanding conditions. It&#8217;s the perfect solution for enthusiasts of off-road vehicles, expedition vehicles, adventure vehicles, adventure vans, expedition motorcycles, and quad bikes.<\/p>\n<p>The robust construction ensures resistance to mechanical damage, weather conditions, and intensive use. The ergonomic shape makes it easy to carry and store, and the tight closure protects the contents from leaks and contamination.<\/p>\n","protected":false},"featured_media":29085,"template":"","meta":[],"product_brand":[576],"product_cat":[577],"product_tag":[],"class_list":{"0":"post-29221","1":"product","2":"type-product","3":"status-publish","4":"has-post-thumbnail","6":"product_brand-rotopax-en","7":"product_cat-canisters","9":"first","10":"instock","11":"taxable","12":"shipping-taxable","13":"purchasable","14":"product-type-simple"},"bundled_by":[],"bundle_stock_status":"instock","bundle_stock_quantity":null,"bundle_virtual":false,"bundle_layout":"","bundle_add_to_cart_form_location":"","bundle_editable_in_cart":false,"bundle_sold_individually_context":"","bundle_item_grouping":"","bundle_min_size":"","bundle_max_size":"","bundle_price":[],"bundled_items":[],"bundle_sell_ids":[],"yoast_head":"<!-- This site is optimized with the Yoast SEO plugin v27.2 - https:\/\/yoast.com\/product\/yoast-seo-wordpress\/ -->\n<title>Rotopax Water Canister 2 gallons\/7.8 l.<\/title>\n<meta name=\"robots\" content=\"index, follow, max-snippet:-1, max-image-preview:large, max-video-preview:-1\" \/>\n<link rel=\"canonical\" href=\"https:\/\/iodperformance.com\/en\/produkt\/rotopax-water-canister-2-gallons-7-8l\/\" \/>\n<meta property=\"og:locale\" content=\"en_US\" \/>\n<meta property=\"og:type\" content=\"article\" \/>\n<meta property=\"og:title\" content=\"Rotopax Water Canister 2 gallons\/7.8 l.\" \/>\n<meta property=\"og:description\" content=\"The super-durable RX-2W white canister was designed for the most demanding conditions. It&#039;s the perfect solution for enthusiasts of off-road vehicles, expedition vehicles, adventure vehicles, adventure vans, expedition motorcycles, and quad bikes.The robust construction ensures resistance to mechanical damage, weather conditions, and intensive use. The ergonomic shape makes it easy to carry and store, and the tight closure protects the contents from leaks and contamination.\" \/>\n<meta property=\"og:url\" content=\"https:\/\/iodperformance.com\/en\/produkt\/rotopax-water-canister-2-gallons-7-8l\/\" \/>\n<meta property=\"og:site_name\" content=\"IOD Performance\" \/>\n<meta property=\"article:publisher\" content=\"https:\/\/www.facebook.com\/IODshopPL\/\" \/>\n<meta property=\"article:modified_time\" content=\"2026-02-26T07:20:27+00:00\" \/>\n<meta property=\"og:image\" content=\"https:\/\/iodperformance.com\/wp-content\/uploads\/2025\/12\/f323b51f41840ed1fe8fdf8045b5b788.jpg\" \/>\n\t<meta property=\"og:image:width\" content=\"600\" \/>\n\t<meta property=\"og:image:height\" content=\"600\" \/>\n\t<meta property=\"og:image:type\" content=\"image\/jpeg\" \/>\n<meta name=\"twitter:card\" content=\"summary_large_image\" \/>\n<script type=\"application\/ld+json\" class=\"yoast-schema-graph\">{\"@context\":\"https:\/\/schema.org\",\"@graph\":[{\"@type\":\"WebPage\",\"@id\":\"https:\/\/iodperformance.com\/en\/produkt\/rotopax-water-canister-2-gallons-7-8l\/\",\"url\":\"https:\/\/iodperformance.com\/en\/produkt\/rotopax-water-canister-2-gallons-7-8l\/\",\"name\":\"Rotopax Water Canister 2 gallons\/7.8 l.\",\"isPartOf\":{\"@id\":\"https:\/\/iodperformance.com\/#website\"},\"primaryImageOfPage\":{\"@id\":\"https:\/\/iodperformance.com\/en\/produkt\/rotopax-water-canister-2-gallons-7-8l\/#primaryimage\"},\"image\":{\"@id\":\"https:\/\/iodperformance.com\/en\/produkt\/rotopax-water-canister-2-gallons-7-8l\/#primaryimage\"},\"thumbnailUrl\":\"https:\/\/iodperformance.com\/wp-content\/uploads\/2025\/12\/f323b51f41840ed1fe8fdf8045b5b788.jpg\",\"datePublished\":\"2025-12-18T09:34:05+00:00\",\"dateModified\":\"2026-02-26T07:20:27+00:00\",\"breadcrumb\":{\"@id\":\"https:\/\/iodperformance.com\/en\/produkt\/rotopax-water-canister-2-gallons-7-8l\/#breadcrumb\"},\"inLanguage\":\"en-US\",\"potentialAction\":[{\"@type\":\"ReadAction\",\"target\":[\"https:\/\/iodperformance.com\/en\/produkt\/rotopax-water-canister-2-gallons-7-8l\/\"]}]},{\"@type\":\"ImageObject\",\"inLanguage\":\"en-US\",\"@id\":\"https:\/\/iodperformance.com\/en\/produkt\/rotopax-water-canister-2-gallons-7-8l\/#primaryimage\",\"url\":\"https:\/\/iodperformance.com\/wp-content\/uploads\/2025\/12\/f323b51f41840ed1fe8fdf8045b5b788.jpg\",\"contentUrl\":\"https:\/\/iodperformance.com\/wp-content\/uploads\/2025\/12\/f323b51f41840ed1fe8fdf8045b5b788.jpg\",\"width\":600,\"height\":600},{\"@type\":\"BreadcrumbList\",\"@id\":\"https:\/\/iodperformance.com\/en\/produkt\/rotopax-water-canister-2-gallons-7-8l\/#breadcrumb\",\"itemListElement\":[{\"@type\":\"ListItem\",\"position\":1,\"name\":\"Strona g\u0142\u00f3wna\",\"item\":\"https:\/\/iodperformance.com\/en\/\"},{\"@type\":\"ListItem\",\"position\":2,\"name\":\"Shop\",\"item\":\"https:\/\/iodperformance.com\/en\/shop\/\"},{\"@type\":\"ListItem\",\"position\":3,\"name\":\"Rotopax Water Canister 2 gallons\/7.8 l.\"}]},{\"@type\":\"WebSite\",\"@id\":\"https:\/\/iodperformance.com\/#website\",\"url\":\"https:\/\/iodperformance.com\/\",\"name\":\"IOD Performance\",\"description\":\"Producent cz\u0119\u015bci i akcesori\u00f3w samochodowych\",\"publisher\":{\"@id\":\"https:\/\/iodperformance.com\/#organization\"},\"potentialAction\":[{\"@type\":\"SearchAction\",\"target\":{\"@type\":\"EntryPoint\",\"urlTemplate\":\"https:\/\/iodperformance.com\/?s={search_term_string}\"},\"query-input\":{\"@type\":\"PropertyValueSpecification\",\"valueRequired\":true,\"valueName\":\"search_term_string\"}}],\"inLanguage\":\"en-US\"},{\"@type\":\"Organization\",\"@id\":\"https:\/\/iodperformance.com\/#organization\",\"name\":\"IOD Performance\",\"url\":\"https:\/\/iodperformance.com\/\",\"logo\":{\"@type\":\"ImageObject\",\"inLanguage\":\"en-US\",\"@id\":\"https:\/\/iodperformance.com\/#\/schema\/logo\/image\/\",\"url\":\"https:\/\/iodperformance.com\/wp-content\/uploads\/2025\/02\/logo_V2.png\",\"contentUrl\":\"https:\/\/iodperformance.com\/wp-content\/uploads\/2025\/02\/logo_V2.png\",\"width\":2560,\"height\":1076,\"caption\":\"IOD Performance\"},\"image\":{\"@id\":\"https:\/\/iodperformance.com\/#\/schema\/logo\/image\/\"},\"sameAs\":[\"https:\/\/www.facebook.com\/IODshopPL\/\",\"https:\/\/www.instagram.com\/iodperformance\/\",\"https:\/\/www.youtube.com\/@iodperformance\"]}]}<\/script>\n<!-- \/ Yoast SEO plugin. -->","yoast_head_json":{"title":"Rotopax Water Canister 2 gallons\/7.8 l.","robots":{"index":"index","follow":"follow","max-snippet":"max-snippet:-1","max-image-preview":"max-image-preview:large","max-video-preview":"max-video-preview:-1"},"canonical":"https:\/\/iodperformance.com\/en\/produkt\/rotopax-water-canister-2-gallons-7-8l\/","og_locale":"en_US","og_type":"article","og_title":"Rotopax Water Canister 2 gallons\/7.8 l.","og_description":"The super-durable RX-2W white canister was designed for the most demanding conditions. It's the perfect solution for enthusiasts of off-road vehicles, expedition vehicles, adventure vehicles, adventure vans, expedition motorcycles, and quad bikes.The robust construction ensures resistance to mechanical damage, weather conditions, and intensive use. The ergonomic shape makes it easy to carry and store, and the tight closure protects the contents from leaks and contamination.","og_url":"https:\/\/iodperformance.com\/en\/produkt\/rotopax-water-canister-2-gallons-7-8l\/","og_site_name":"IOD Performance","article_publisher":"https:\/\/www.facebook.com\/IODshopPL\/","article_modified_time":"2026-02-26T07:20:27+00:00","og_image":[{"width":600,"height":600,"url":"https:\/\/iodperformance.com\/wp-content\/uploads\/2025\/12\/f323b51f41840ed1fe8fdf8045b5b788.jpg","type":"image\/jpeg"}],"twitter_card":"summary_large_image","schema":{"@context":"https:\/\/schema.org","@graph":[{"@type":"WebPage","@id":"https:\/\/iodperformance.com\/en\/produkt\/rotopax-water-canister-2-gallons-7-8l\/","url":"https:\/\/iodperformance.com\/en\/produkt\/rotopax-water-canister-2-gallons-7-8l\/","name":"Rotopax Water Canister 2 gallons\/7.8 l.","isPartOf":{"@id":"https:\/\/iodperformance.com\/#website"},"primaryImageOfPage":{"@id":"https:\/\/iodperformance.com\/en\/produkt\/rotopax-water-canister-2-gallons-7-8l\/#primaryimage"},"image":{"@id":"https:\/\/iodperformance.com\/en\/produkt\/rotopax-water-canister-2-gallons-7-8l\/#primaryimage"},"thumbnailUrl":"https:\/\/iodperformance.com\/wp-content\/uploads\/2025\/12\/f323b51f41840ed1fe8fdf8045b5b788.jpg","datePublished":"2025-12-18T09:34:05+00:00","dateModified":"2026-02-26T07:20:27+00:00","breadcrumb":{"@id":"https:\/\/iodperformance.com\/en\/produkt\/rotopax-water-canister-2-gallons-7-8l\/#breadcrumb"},"inLanguage":"en-US","potentialAction":[{"@type":"ReadAction","target":["https:\/\/iodperformance.com\/en\/produkt\/rotopax-water-canister-2-gallons-7-8l\/"]}]},{"@type":"ImageObject","inLanguage":"en-US","@id":"https:\/\/iodperformance.com\/en\/produkt\/rotopax-water-canister-2-gallons-7-8l\/#primaryimage","url":"https:\/\/iodperformance.com\/wp-content\/uploads\/2025\/12\/f323b51f41840ed1fe8fdf8045b5b788.jpg","contentUrl":"https:\/\/iodperformance.com\/wp-content\/uploads\/2025\/12\/f323b51f41840ed1fe8fdf8045b5b788.jpg","width":600,"height":600},{"@type":"BreadcrumbList","@id":"https:\/\/iodperformance.com\/en\/produkt\/rotopax-water-canister-2-gallons-7-8l\/#breadcrumb","itemListElement":[{"@type":"ListItem","position":1,"name":"Strona g\u0142\u00f3wna","item":"https:\/\/iodperformance.com\/en\/"},{"@type":"ListItem","position":2,"name":"Shop","item":"https:\/\/iodperformance.com\/en\/shop\/"},{"@type":"ListItem","position":3,"name":"Rotopax Water Canister 2 gallons\/7.8 l."}]},{"@type":"WebSite","@id":"https:\/\/iodperformance.com\/#website","url":"https:\/\/iodperformance.com\/","name":"IOD Performance","description":"Producent cz\u0119\u015bci i akcesori\u00f3w samochodowych","publisher":{"@id":"https:\/\/iodperformance.com\/#organization"},"potentialAction":[{"@type":"SearchAction","target":{"@type":"EntryPoint","urlTemplate":"https:\/\/iodperformance.com\/?s={search_term_string}"},"query-input":{"@type":"PropertyValueSpecification","valueRequired":true,"valueName":"search_term_string"}}],"inLanguage":"en-US"},{"@type":"Organization","@id":"https:\/\/iodperformance.com\/#organization","name":"IOD Performance","url":"https:\/\/iodperformance.com\/","logo":{"@type":"ImageObject","inLanguage":"en-US","@id":"https:\/\/iodperformance.com\/#\/schema\/logo\/image\/","url":"https:\/\/iodperformance.com\/wp-content\/uploads\/2025\/02\/logo_V2.png","contentUrl":"https:\/\/iodperformance.com\/wp-content\/uploads\/2025\/02\/logo_V2.png","width":2560,"height":1076,"caption":"IOD Performance"},"image":{"@id":"https:\/\/iodperformance.com\/#\/schema\/logo\/image\/"},"sameAs":["https:\/\/www.facebook.com\/IODshopPL\/","https:\/\/www.instagram.com\/iodperformance\/","https:\/\/www.youtube.com\/@iodperformance"]}]}},"_links":{"self":[{"href":"https:\/\/iodperformance.com\/en\/wp-json\/wp\/v2\/product\/29221","targetHints":{"allow":["GET"]}}],"collection":[{"href":"https:\/\/iodperformance.com\/en\/wp-json\/wp\/v2\/product"}],"about":[{"href":"https:\/\/iodperformance.com\/en\/wp-json\/wp\/v2\/types\/product"}],"version-history":[{"count":2,"href":"https:\/\/iodperformance.com\/en\/wp-json\/wp\/v2\/product\/29221\/revisions"}],"predecessor-version":[{"id":29611,"href":"https:\/\/iodperformance.com\/en\/wp-json\/wp\/v2\/product\/29221\/revisions\/29611"}],"wp:featuredmedia":[{"embeddable":true,"href":"https:\/\/iodperformance.com\/en\/wp-json\/wp\/v2\/media\/29085"}],"wp:attachment":[{"href":"https:\/\/iodperformance.com\/en\/wp-json\/wp\/v2\/media?parent=29221"}],"wp:term":[{"taxonomy":"product_brand","embeddable":true,"href":"https:\/\/iodperformance.com\/en\/wp-json\/wp\/v2\/product_brand?post=29221"},{"taxonomy":"product_cat","embeddable":true,"href":"https:\/\/iodperformance.com\/en\/wp-json\/wp\/v2\/product_cat?post=29221"},{"taxonomy":"product_tag","embeddable":true,"href":"https:\/\/iodperformance.com\/en\/wp-json\/wp\/v2\/product_tag?post=29221"}],"curies":[{"name":"wp","href":"https:\/\/api.w.org\/{rel}","templated":true}]}}