{"id":28941,"date":"2025-12-16T12:52:36","date_gmt":"2025-12-16T11:52:36","guid":{"rendered":"https:\/\/iodperformance.com\/produkt\/mudkiller-combo-53cm-radiator-cleaning-lance\/"},"modified":"2026-02-26T08:20:26","modified_gmt":"2026-02-26T07:20:26","slug":"mudkiller-combo-53cm-radiator-cleaning-lance","status":"publish","type":"product","link":"https:\/\/iodperformance.com\/en\/produkt\/mudkiller-combo-53cm-radiator-cleaning-lance\/","title":{"rendered":"MudKiller COMBO Radiator Cleaning Lance 53 cm"},"content":{"rendered":"","protected":false},"excerpt":{"rendered":"<p><strong>MudKiller COMBO<\/strong> is a 2-in-1 product that combines the functionality of <strong>MudKiller PRO<\/strong> and <strong>MudKiller AIR<\/strong> in one device.<\/p>\n<p>This solution is dedicated to the most demanding users.<\/p>\n<p>Discover the capabilities of MudKiller PRO and MudKiller AIR and gain the functionality of two products in one tool.<\/p>\n","protected":false},"featured_media":32840,"template":"","meta":[],"product_brand":[572],"product_cat":[573],"product_tag":[],"class_list":{"0":"post-28941","1":"product","2":"type-product","3":"status-publish","4":"has-post-thumbnail","6":"product_brand-mudkiller-en","7":"product_cat-to-wash","9":"first","10":"instock","11":"taxable","12":"shipping-taxable","13":"purchasable","14":"product-type-simple"},"bundled_by":[],"bundle_stock_status":"instock","bundle_stock_quantity":null,"bundle_virtual":false,"bundle_layout":"","bundle_add_to_cart_form_location":"","bundle_editable_in_cart":false,"bundle_sold_individually_context":"","bundle_item_grouping":"","bundle_min_size":"","bundle_max_size":"","bundle_price":[],"bundled_items":[],"bundle_sell_ids":[],"yoast_head":"<!-- This site is optimized with the Yoast SEO plugin v27.2 - https:\/\/yoast.com\/product\/yoast-seo-wordpress\/ -->\n<title>MudKiller COMBO Radiator Cleaning Lance 53 cm<\/title>\n<meta name=\"robots\" content=\"index, follow, max-snippet:-1, max-image-preview:large, max-video-preview:-1\" \/>\n<link rel=\"canonical\" href=\"https:\/\/iodperformance.com\/en\/produkt\/mudkiller-combo-53cm-radiator-cleaning-lance\/\" \/>\n<meta property=\"og:locale\" content=\"en_US\" \/>\n<meta property=\"og:type\" content=\"article\" \/>\n<meta property=\"og:title\" content=\"MudKiller COMBO Radiator Cleaning Lance 53 cm\" \/>\n<meta property=\"og:description\" content=\"MudKiller COMBO is a 2-in-1 product that combines the functionality of MudKiller PRO and MudKiller AIR in one device.  This solution is dedicated to the most demanding users.  Discover the capabilities of MudKiller PRO and MudKiller AIR and gain the functionality of two products in one tool.\" \/>\n<meta property=\"og:url\" content=\"https:\/\/iodperformance.com\/en\/produkt\/mudkiller-combo-53cm-radiator-cleaning-lance\/\" \/>\n<meta property=\"og:site_name\" content=\"IOD Performance\" \/>\n<meta property=\"article:publisher\" content=\"https:\/\/www.facebook.com\/IODshopPL\/\" \/>\n<meta property=\"article:modified_time\" content=\"2026-02-26T07:20:26+00:00\" \/>\n<meta property=\"og:image\" content=\"https:\/\/iodperformance.com\/wp-content\/uploads\/2026\/01\/mudkiller20combo20radiator20cleaning20lance205320cm.webp\" \/>\n\t<meta property=\"og:image:width\" content=\"1000\" \/>\n\t<meta property=\"og:image:height\" content=\"1000\" \/>\n\t<meta property=\"og:image:type\" content=\"image\/webp\" \/>\n<meta name=\"twitter:card\" content=\"summary_large_image\" \/>\n<meta name=\"twitter:label1\" content=\"Est. reading time\" \/>\n\t<meta name=\"twitter:data1\" content=\"1 minute\" \/>\n<script type=\"application\/ld+json\" class=\"yoast-schema-graph\">{\"@context\":\"https:\/\/schema.org\",\"@graph\":[{\"@type\":\"WebPage\",\"@id\":\"https:\/\/iodperformance.com\/en\/produkt\/mudkiller-combo-53cm-radiator-cleaning-lance\/\",\"url\":\"https:\/\/iodperformance.com\/en\/produkt\/mudkiller-combo-53cm-radiator-cleaning-lance\/\",\"name\":\"MudKiller COMBO Radiator Cleaning Lance 53 cm\",\"isPartOf\":{\"@id\":\"https:\/\/iodperformance.com\/#website\"},\"primaryImageOfPage\":{\"@id\":\"https:\/\/iodperformance.com\/en\/produkt\/mudkiller-combo-53cm-radiator-cleaning-lance\/#primaryimage\"},\"image\":{\"@id\":\"https:\/\/iodperformance.com\/en\/produkt\/mudkiller-combo-53cm-radiator-cleaning-lance\/#primaryimage\"},\"thumbnailUrl\":\"https:\/\/iodperformance.com\/wp-content\/uploads\/2026\/01\/mudkiller20combo20radiator20cleaning20lance205320cm.webp\",\"datePublished\":\"2025-12-16T11:52:36+00:00\",\"dateModified\":\"2026-02-26T07:20:26+00:00\",\"breadcrumb\":{\"@id\":\"https:\/\/iodperformance.com\/en\/produkt\/mudkiller-combo-53cm-radiator-cleaning-lance\/#breadcrumb\"},\"inLanguage\":\"en-US\",\"potentialAction\":[{\"@type\":\"ReadAction\",\"target\":[\"https:\/\/iodperformance.com\/en\/produkt\/mudkiller-combo-53cm-radiator-cleaning-lance\/\"]}]},{\"@type\":\"ImageObject\",\"inLanguage\":\"en-US\",\"@id\":\"https:\/\/iodperformance.com\/en\/produkt\/mudkiller-combo-53cm-radiator-cleaning-lance\/#primaryimage\",\"url\":\"https:\/\/iodperformance.com\/wp-content\/uploads\/2026\/01\/mudkiller20combo20radiator20cleaning20lance205320cm.webp\",\"contentUrl\":\"https:\/\/iodperformance.com\/wp-content\/uploads\/2026\/01\/mudkiller20combo20radiator20cleaning20lance205320cm.webp\",\"width\":1000,\"height\":1000},{\"@type\":\"BreadcrumbList\",\"@id\":\"https:\/\/iodperformance.com\/en\/produkt\/mudkiller-combo-53cm-radiator-cleaning-lance\/#breadcrumb\",\"itemListElement\":[{\"@type\":\"ListItem\",\"position\":1,\"name\":\"Strona g\u0142\u00f3wna\",\"item\":\"https:\/\/iodperformance.com\/en\/\"},{\"@type\":\"ListItem\",\"position\":2,\"name\":\"Shop\",\"item\":\"https:\/\/iodperformance.com\/en\/shop\/\"},{\"@type\":\"ListItem\",\"position\":3,\"name\":\"MudKiller COMBO Radiator Cleaning Lance 53 cm\"}]},{\"@type\":\"WebSite\",\"@id\":\"https:\/\/iodperformance.com\/#website\",\"url\":\"https:\/\/iodperformance.com\/\",\"name\":\"IOD Performance\",\"description\":\"Producent cz\u0119\u015bci i akcesori\u00f3w samochodowych\",\"publisher\":{\"@id\":\"https:\/\/iodperformance.com\/#organization\"},\"potentialAction\":[{\"@type\":\"SearchAction\",\"target\":{\"@type\":\"EntryPoint\",\"urlTemplate\":\"https:\/\/iodperformance.com\/?s={search_term_string}\"},\"query-input\":{\"@type\":\"PropertyValueSpecification\",\"valueRequired\":true,\"valueName\":\"search_term_string\"}}],\"inLanguage\":\"en-US\"},{\"@type\":\"Organization\",\"@id\":\"https:\/\/iodperformance.com\/#organization\",\"name\":\"IOD Performance\",\"url\":\"https:\/\/iodperformance.com\/\",\"logo\":{\"@type\":\"ImageObject\",\"inLanguage\":\"en-US\",\"@id\":\"https:\/\/iodperformance.com\/#\/schema\/logo\/image\/\",\"url\":\"https:\/\/iodperformance.com\/wp-content\/uploads\/2025\/02\/logo_V2.png\",\"contentUrl\":\"https:\/\/iodperformance.com\/wp-content\/uploads\/2025\/02\/logo_V2.png\",\"width\":2560,\"height\":1076,\"caption\":\"IOD Performance\"},\"image\":{\"@id\":\"https:\/\/iodperformance.com\/#\/schema\/logo\/image\/\"},\"sameAs\":[\"https:\/\/www.facebook.com\/IODshopPL\/\",\"https:\/\/www.instagram.com\/iodperformance\/\",\"https:\/\/www.youtube.com\/@iodperformance\"]}]}<\/script>\n<!-- \/ Yoast SEO plugin. -->","yoast_head_json":{"title":"MudKiller COMBO Radiator Cleaning Lance 53 cm","robots":{"index":"index","follow":"follow","max-snippet":"max-snippet:-1","max-image-preview":"max-image-preview:large","max-video-preview":"max-video-preview:-1"},"canonical":"https:\/\/iodperformance.com\/en\/produkt\/mudkiller-combo-53cm-radiator-cleaning-lance\/","og_locale":"en_US","og_type":"article","og_title":"MudKiller COMBO Radiator Cleaning Lance 53 cm","og_description":"MudKiller COMBO is a 2-in-1 product that combines the functionality of MudKiller PRO and MudKiller AIR in one device.  This solution is dedicated to the most demanding users.  Discover the capabilities of MudKiller PRO and MudKiller AIR and gain the functionality of two products in one tool.","og_url":"https:\/\/iodperformance.com\/en\/produkt\/mudkiller-combo-53cm-radiator-cleaning-lance\/","og_site_name":"IOD Performance","article_publisher":"https:\/\/www.facebook.com\/IODshopPL\/","article_modified_time":"2026-02-26T07:20:26+00:00","og_image":[{"width":1000,"height":1000,"url":"https:\/\/iodperformance.com\/wp-content\/uploads\/2026\/01\/mudkiller20combo20radiator20cleaning20lance205320cm.webp","type":"image\/webp"}],"twitter_card":"summary_large_image","twitter_misc":{"Est. reading time":"1 minute"},"schema":{"@context":"https:\/\/schema.org","@graph":[{"@type":"WebPage","@id":"https:\/\/iodperformance.com\/en\/produkt\/mudkiller-combo-53cm-radiator-cleaning-lance\/","url":"https:\/\/iodperformance.com\/en\/produkt\/mudkiller-combo-53cm-radiator-cleaning-lance\/","name":"MudKiller COMBO Radiator Cleaning Lance 53 cm","isPartOf":{"@id":"https:\/\/iodperformance.com\/#website"},"primaryImageOfPage":{"@id":"https:\/\/iodperformance.com\/en\/produkt\/mudkiller-combo-53cm-radiator-cleaning-lance\/#primaryimage"},"image":{"@id":"https:\/\/iodperformance.com\/en\/produkt\/mudkiller-combo-53cm-radiator-cleaning-lance\/#primaryimage"},"thumbnailUrl":"https:\/\/iodperformance.com\/wp-content\/uploads\/2026\/01\/mudkiller20combo20radiator20cleaning20lance205320cm.webp","datePublished":"2025-12-16T11:52:36+00:00","dateModified":"2026-02-26T07:20:26+00:00","breadcrumb":{"@id":"https:\/\/iodperformance.com\/en\/produkt\/mudkiller-combo-53cm-radiator-cleaning-lance\/#breadcrumb"},"inLanguage":"en-US","potentialAction":[{"@type":"ReadAction","target":["https:\/\/iodperformance.com\/en\/produkt\/mudkiller-combo-53cm-radiator-cleaning-lance\/"]}]},{"@type":"ImageObject","inLanguage":"en-US","@id":"https:\/\/iodperformance.com\/en\/produkt\/mudkiller-combo-53cm-radiator-cleaning-lance\/#primaryimage","url":"https:\/\/iodperformance.com\/wp-content\/uploads\/2026\/01\/mudkiller20combo20radiator20cleaning20lance205320cm.webp","contentUrl":"https:\/\/iodperformance.com\/wp-content\/uploads\/2026\/01\/mudkiller20combo20radiator20cleaning20lance205320cm.webp","width":1000,"height":1000},{"@type":"BreadcrumbList","@id":"https:\/\/iodperformance.com\/en\/produkt\/mudkiller-combo-53cm-radiator-cleaning-lance\/#breadcrumb","itemListElement":[{"@type":"ListItem","position":1,"name":"Strona g\u0142\u00f3wna","item":"https:\/\/iodperformance.com\/en\/"},{"@type":"ListItem","position":2,"name":"Shop","item":"https:\/\/iodperformance.com\/en\/shop\/"},{"@type":"ListItem","position":3,"name":"MudKiller COMBO Radiator Cleaning Lance 53 cm"}]},{"@type":"WebSite","@id":"https:\/\/iodperformance.com\/#website","url":"https:\/\/iodperformance.com\/","name":"IOD Performance","description":"Producent cz\u0119\u015bci i akcesori\u00f3w samochodowych","publisher":{"@id":"https:\/\/iodperformance.com\/#organization"},"potentialAction":[{"@type":"SearchAction","target":{"@type":"EntryPoint","urlTemplate":"https:\/\/iodperformance.com\/?s={search_term_string}"},"query-input":{"@type":"PropertyValueSpecification","valueRequired":true,"valueName":"search_term_string"}}],"inLanguage":"en-US"},{"@type":"Organization","@id":"https:\/\/iodperformance.com\/#organization","name":"IOD Performance","url":"https:\/\/iodperformance.com\/","logo":{"@type":"ImageObject","inLanguage":"en-US","@id":"https:\/\/iodperformance.com\/#\/schema\/logo\/image\/","url":"https:\/\/iodperformance.com\/wp-content\/uploads\/2025\/02\/logo_V2.png","contentUrl":"https:\/\/iodperformance.com\/wp-content\/uploads\/2025\/02\/logo_V2.png","width":2560,"height":1076,"caption":"IOD Performance"},"image":{"@id":"https:\/\/iodperformance.com\/#\/schema\/logo\/image\/"},"sameAs":["https:\/\/www.facebook.com\/IODshopPL\/","https:\/\/www.instagram.com\/iodperformance\/","https:\/\/www.youtube.com\/@iodperformance"]}]}},"_links":{"self":[{"href":"https:\/\/iodperformance.com\/en\/wp-json\/wp\/v2\/product\/28941","targetHints":{"allow":["GET"]}}],"collection":[{"href":"https:\/\/iodperformance.com\/en\/wp-json\/wp\/v2\/product"}],"about":[{"href":"https:\/\/iodperformance.com\/en\/wp-json\/wp\/v2\/types\/product"}],"version-history":[{"count":3,"href":"https:\/\/iodperformance.com\/en\/wp-json\/wp\/v2\/product\/28941\/revisions"}],"predecessor-version":[{"id":29004,"href":"https:\/\/iodperformance.com\/en\/wp-json\/wp\/v2\/product\/28941\/revisions\/29004"}],"wp:featuredmedia":[{"embeddable":true,"href":"https:\/\/iodperformance.com\/en\/wp-json\/wp\/v2\/media\/32840"}],"wp:attachment":[{"href":"https:\/\/iodperformance.com\/en\/wp-json\/wp\/v2\/media?parent=28941"}],"wp:term":[{"taxonomy":"product_brand","embeddable":true,"href":"https:\/\/iodperformance.com\/en\/wp-json\/wp\/v2\/product_brand?post=28941"},{"taxonomy":"product_cat","embeddable":true,"href":"https:\/\/iodperformance.com\/en\/wp-json\/wp\/v2\/product_cat?post=28941"},{"taxonomy":"product_tag","embeddable":true,"href":"https:\/\/iodperformance.com\/en\/wp-json\/wp\/v2\/product_tag?post=28941"}],"curies":[{"name":"wp","href":"https:\/\/api.w.org\/{rel}","templated":true}]}}