{"id":28940,"date":"2025-12-16T12:52:35","date_gmt":"2025-12-16T11:52:35","guid":{"rendered":"https:\/\/iodperformance.com\/produkt\/mudkiller-air-53cm-radiator-cleaning-lance\/"},"modified":"2026-02-26T08:20:25","modified_gmt":"2026-02-26T07:20:25","slug":"mudkiller-air-53cm-radiator-cleaning-lance","status":"publish","type":"product","link":"https:\/\/iodperformance.com\/en\/produkt\/mudkiller-air-53cm-radiator-cleaning-lance\/","title":{"rendered":"MudKiller AIR Radiator Cleaning Lance 53 cm"},"content":{"rendered":"<ul>\n<li><strong>Total length:<\/strong> 72 cm<\/li>\n<li><strong>Working length:<\/strong> 50 cm<\/li>\n<\/ul>\n<p><strong>Polish product.<\/strong><br \/>\nRegistered design.<\/p>\n<p><strong>Package Contents<\/strong><\/p>\n<ul>\n<li>Copper lance,<\/li>\n<li>Quick connector for connecting the most popular garden hoses,<\/li>\n<li>Instruction manual,<\/li>\n<li>Sticker.<\/li>\n<\/ul>\n","protected":false},"excerpt":{"rendered":"<p><strong>MudKiller AIR<\/strong> is a device that allows <strong>blowing out most radiators without having to disassemble them <\/strong>and without draining the coolant. The device also allows for blowing out <strong>dusty air filters<\/strong> and <strong>hard-to-reach places<\/strong> that require thorough cleaning.<\/p>\n<p>MudKiller AIR is equipped with <strong>a ball valve for pressure regulation<\/strong>. Select the appropriate operating pressure so as not to damage the components being cleaned. We recommend wearing personal protective equipment, such as protective gloves and safety glasses.<\/p>\n","protected":false},"featured_media":28919,"template":"","meta":[],"product_brand":[572],"product_cat":[573],"product_tag":[],"class_list":{"0":"post-28940","1":"product","2":"type-product","3":"status-publish","4":"has-post-thumbnail","6":"product_brand-mudkiller-en","7":"product_cat-to-wash","9":"first","10":"instock","11":"taxable","12":"shipping-taxable","13":"purchasable","14":"product-type-simple"},"bundled_by":[],"bundle_stock_status":"instock","bundle_stock_quantity":null,"bundle_virtual":false,"bundle_layout":"","bundle_add_to_cart_form_location":"","bundle_editable_in_cart":false,"bundle_sold_individually_context":"","bundle_item_grouping":"","bundle_min_size":"","bundle_max_size":"","bundle_price":[],"bundled_items":[],"bundle_sell_ids":[],"yoast_head":"<!-- This site is optimized with the Yoast SEO plugin v27.2 - https:\/\/yoast.com\/product\/yoast-seo-wordpress\/ -->\n<title>MudKiller AIR Radiator Cleaning Lance 53 cm<\/title>\n<meta name=\"robots\" content=\"index, follow, max-snippet:-1, max-image-preview:large, max-video-preview:-1\" \/>\n<link rel=\"canonical\" href=\"https:\/\/iodperformance.com\/en\/produkt\/mudkiller-air-53cm-radiator-cleaning-lance\/\" \/>\n<meta property=\"og:locale\" content=\"en_US\" \/>\n<meta property=\"og:type\" content=\"article\" \/>\n<meta property=\"og:title\" content=\"MudKiller AIR Radiator Cleaning Lance 53 cm\" \/>\n<meta property=\"og:description\" content=\"MudKiller AIR is a device that allows blowing out most radiators without having to disassemble them and without draining the coolant. The device also allows for blowing out dusty air filters and hard-to-reach places that require thorough cleaning.  MudKiller AIR is equipped with a ball valve for pressure regulation. Select the appropriate operating pressure so as not to damage the components being cleaned. We recommend wearing personal protective equipment, such as protective gloves and safety glasses.\" \/>\n<meta property=\"og:url\" content=\"https:\/\/iodperformance.com\/en\/produkt\/mudkiller-air-53cm-radiator-cleaning-lance\/\" \/>\n<meta property=\"og:site_name\" content=\"IOD Performance\" \/>\n<meta property=\"article:publisher\" content=\"https:\/\/www.facebook.com\/IODshopPL\/\" \/>\n<meta property=\"article:modified_time\" content=\"2026-02-26T07:20:25+00:00\" \/>\n<meta property=\"og:image\" content=\"https:\/\/iodperformance.com\/wp-content\/uploads\/2025\/12\/air-53cm-main.png\" \/>\n\t<meta property=\"og:image:width\" content=\"1000\" \/>\n\t<meta property=\"og:image:height\" content=\"1000\" \/>\n\t<meta property=\"og:image:type\" content=\"image\/png\" \/>\n<meta name=\"twitter:card\" content=\"summary_large_image\" \/>\n<meta name=\"twitter:label1\" content=\"Est. reading time\" \/>\n\t<meta name=\"twitter:data1\" content=\"1 minute\" \/>\n<script type=\"application\/ld+json\" class=\"yoast-schema-graph\">{\"@context\":\"https:\/\/schema.org\",\"@graph\":[{\"@type\":\"WebPage\",\"@id\":\"https:\/\/iodperformance.com\/en\/produkt\/mudkiller-air-53cm-radiator-cleaning-lance\/\",\"url\":\"https:\/\/iodperformance.com\/en\/produkt\/mudkiller-air-53cm-radiator-cleaning-lance\/\",\"name\":\"MudKiller AIR Radiator Cleaning Lance 53 cm\",\"isPartOf\":{\"@id\":\"https:\/\/iodperformance.com\/#website\"},\"primaryImageOfPage\":{\"@id\":\"https:\/\/iodperformance.com\/en\/produkt\/mudkiller-air-53cm-radiator-cleaning-lance\/#primaryimage\"},\"image\":{\"@id\":\"https:\/\/iodperformance.com\/en\/produkt\/mudkiller-air-53cm-radiator-cleaning-lance\/#primaryimage\"},\"thumbnailUrl\":\"https:\/\/iodperformance.com\/wp-content\/uploads\/2025\/12\/air-53cm-main.png\",\"datePublished\":\"2025-12-16T11:52:35+00:00\",\"dateModified\":\"2026-02-26T07:20:25+00:00\",\"breadcrumb\":{\"@id\":\"https:\/\/iodperformance.com\/en\/produkt\/mudkiller-air-53cm-radiator-cleaning-lance\/#breadcrumb\"},\"inLanguage\":\"en-US\",\"potentialAction\":[{\"@type\":\"ReadAction\",\"target\":[\"https:\/\/iodperformance.com\/en\/produkt\/mudkiller-air-53cm-radiator-cleaning-lance\/\"]}]},{\"@type\":\"ImageObject\",\"inLanguage\":\"en-US\",\"@id\":\"https:\/\/iodperformance.com\/en\/produkt\/mudkiller-air-53cm-radiator-cleaning-lance\/#primaryimage\",\"url\":\"https:\/\/iodperformance.com\/wp-content\/uploads\/2025\/12\/air-53cm-main.png\",\"contentUrl\":\"https:\/\/iodperformance.com\/wp-content\/uploads\/2025\/12\/air-53cm-main.png\",\"width\":1000,\"height\":1000},{\"@type\":\"BreadcrumbList\",\"@id\":\"https:\/\/iodperformance.com\/en\/produkt\/mudkiller-air-53cm-radiator-cleaning-lance\/#breadcrumb\",\"itemListElement\":[{\"@type\":\"ListItem\",\"position\":1,\"name\":\"Strona g\u0142\u00f3wna\",\"item\":\"https:\/\/iodperformance.com\/en\/\"},{\"@type\":\"ListItem\",\"position\":2,\"name\":\"Shop\",\"item\":\"https:\/\/iodperformance.com\/en\/shop\/\"},{\"@type\":\"ListItem\",\"position\":3,\"name\":\"MudKiller AIR Radiator Cleaning Lance 53 cm\"}]},{\"@type\":\"WebSite\",\"@id\":\"https:\/\/iodperformance.com\/#website\",\"url\":\"https:\/\/iodperformance.com\/\",\"name\":\"IOD Performance\",\"description\":\"Producent cz\u0119\u015bci i akcesori\u00f3w samochodowych\",\"publisher\":{\"@id\":\"https:\/\/iodperformance.com\/#organization\"},\"potentialAction\":[{\"@type\":\"SearchAction\",\"target\":{\"@type\":\"EntryPoint\",\"urlTemplate\":\"https:\/\/iodperformance.com\/?s={search_term_string}\"},\"query-input\":{\"@type\":\"PropertyValueSpecification\",\"valueRequired\":true,\"valueName\":\"search_term_string\"}}],\"inLanguage\":\"en-US\"},{\"@type\":\"Organization\",\"@id\":\"https:\/\/iodperformance.com\/#organization\",\"name\":\"IOD Performance\",\"url\":\"https:\/\/iodperformance.com\/\",\"logo\":{\"@type\":\"ImageObject\",\"inLanguage\":\"en-US\",\"@id\":\"https:\/\/iodperformance.com\/#\/schema\/logo\/image\/\",\"url\":\"https:\/\/iodperformance.com\/wp-content\/uploads\/2025\/02\/logo_V2.png\",\"contentUrl\":\"https:\/\/iodperformance.com\/wp-content\/uploads\/2025\/02\/logo_V2.png\",\"width\":2560,\"height\":1076,\"caption\":\"IOD Performance\"},\"image\":{\"@id\":\"https:\/\/iodperformance.com\/#\/schema\/logo\/image\/\"},\"sameAs\":[\"https:\/\/www.facebook.com\/IODshopPL\/\",\"https:\/\/www.instagram.com\/iodperformance\/\",\"https:\/\/www.youtube.com\/@iodperformance\"]}]}<\/script>\n<!-- \/ Yoast SEO plugin. -->","yoast_head_json":{"title":"MudKiller AIR Radiator Cleaning Lance 53 cm","robots":{"index":"index","follow":"follow","max-snippet":"max-snippet:-1","max-image-preview":"max-image-preview:large","max-video-preview":"max-video-preview:-1"},"canonical":"https:\/\/iodperformance.com\/en\/produkt\/mudkiller-air-53cm-radiator-cleaning-lance\/","og_locale":"en_US","og_type":"article","og_title":"MudKiller AIR Radiator Cleaning Lance 53 cm","og_description":"MudKiller AIR is a device that allows blowing out most radiators without having to disassemble them and without draining the coolant. The device also allows for blowing out dusty air filters and hard-to-reach places that require thorough cleaning.  MudKiller AIR is equipped with a ball valve for pressure regulation. Select the appropriate operating pressure so as not to damage the components being cleaned. We recommend wearing personal protective equipment, such as protective gloves and safety glasses.","og_url":"https:\/\/iodperformance.com\/en\/produkt\/mudkiller-air-53cm-radiator-cleaning-lance\/","og_site_name":"IOD Performance","article_publisher":"https:\/\/www.facebook.com\/IODshopPL\/","article_modified_time":"2026-02-26T07:20:25+00:00","og_image":[{"width":1000,"height":1000,"url":"https:\/\/iodperformance.com\/wp-content\/uploads\/2025\/12\/air-53cm-main.png","type":"image\/png"}],"twitter_card":"summary_large_image","twitter_misc":{"Est. reading time":"1 minute"},"schema":{"@context":"https:\/\/schema.org","@graph":[{"@type":"WebPage","@id":"https:\/\/iodperformance.com\/en\/produkt\/mudkiller-air-53cm-radiator-cleaning-lance\/","url":"https:\/\/iodperformance.com\/en\/produkt\/mudkiller-air-53cm-radiator-cleaning-lance\/","name":"MudKiller AIR Radiator Cleaning Lance 53 cm","isPartOf":{"@id":"https:\/\/iodperformance.com\/#website"},"primaryImageOfPage":{"@id":"https:\/\/iodperformance.com\/en\/produkt\/mudkiller-air-53cm-radiator-cleaning-lance\/#primaryimage"},"image":{"@id":"https:\/\/iodperformance.com\/en\/produkt\/mudkiller-air-53cm-radiator-cleaning-lance\/#primaryimage"},"thumbnailUrl":"https:\/\/iodperformance.com\/wp-content\/uploads\/2025\/12\/air-53cm-main.png","datePublished":"2025-12-16T11:52:35+00:00","dateModified":"2026-02-26T07:20:25+00:00","breadcrumb":{"@id":"https:\/\/iodperformance.com\/en\/produkt\/mudkiller-air-53cm-radiator-cleaning-lance\/#breadcrumb"},"inLanguage":"en-US","potentialAction":[{"@type":"ReadAction","target":["https:\/\/iodperformance.com\/en\/produkt\/mudkiller-air-53cm-radiator-cleaning-lance\/"]}]},{"@type":"ImageObject","inLanguage":"en-US","@id":"https:\/\/iodperformance.com\/en\/produkt\/mudkiller-air-53cm-radiator-cleaning-lance\/#primaryimage","url":"https:\/\/iodperformance.com\/wp-content\/uploads\/2025\/12\/air-53cm-main.png","contentUrl":"https:\/\/iodperformance.com\/wp-content\/uploads\/2025\/12\/air-53cm-main.png","width":1000,"height":1000},{"@type":"BreadcrumbList","@id":"https:\/\/iodperformance.com\/en\/produkt\/mudkiller-air-53cm-radiator-cleaning-lance\/#breadcrumb","itemListElement":[{"@type":"ListItem","position":1,"name":"Strona g\u0142\u00f3wna","item":"https:\/\/iodperformance.com\/en\/"},{"@type":"ListItem","position":2,"name":"Shop","item":"https:\/\/iodperformance.com\/en\/shop\/"},{"@type":"ListItem","position":3,"name":"MudKiller AIR Radiator Cleaning Lance 53 cm"}]},{"@type":"WebSite","@id":"https:\/\/iodperformance.com\/#website","url":"https:\/\/iodperformance.com\/","name":"IOD Performance","description":"Producent cz\u0119\u015bci i akcesori\u00f3w samochodowych","publisher":{"@id":"https:\/\/iodperformance.com\/#organization"},"potentialAction":[{"@type":"SearchAction","target":{"@type":"EntryPoint","urlTemplate":"https:\/\/iodperformance.com\/?s={search_term_string}"},"query-input":{"@type":"PropertyValueSpecification","valueRequired":true,"valueName":"search_term_string"}}],"inLanguage":"en-US"},{"@type":"Organization","@id":"https:\/\/iodperformance.com\/#organization","name":"IOD Performance","url":"https:\/\/iodperformance.com\/","logo":{"@type":"ImageObject","inLanguage":"en-US","@id":"https:\/\/iodperformance.com\/#\/schema\/logo\/image\/","url":"https:\/\/iodperformance.com\/wp-content\/uploads\/2025\/02\/logo_V2.png","contentUrl":"https:\/\/iodperformance.com\/wp-content\/uploads\/2025\/02\/logo_V2.png","width":2560,"height":1076,"caption":"IOD Performance"},"image":{"@id":"https:\/\/iodperformance.com\/#\/schema\/logo\/image\/"},"sameAs":["https:\/\/www.facebook.com\/IODshopPL\/","https:\/\/www.instagram.com\/iodperformance\/","https:\/\/www.youtube.com\/@iodperformance"]}]}},"_links":{"self":[{"href":"https:\/\/iodperformance.com\/en\/wp-json\/wp\/v2\/product\/28940","targetHints":{"allow":["GET"]}}],"collection":[{"href":"https:\/\/iodperformance.com\/en\/wp-json\/wp\/v2\/product"}],"about":[{"href":"https:\/\/iodperformance.com\/en\/wp-json\/wp\/v2\/types\/product"}],"version-history":[{"count":3,"href":"https:\/\/iodperformance.com\/en\/wp-json\/wp\/v2\/product\/28940\/revisions"}],"predecessor-version":[{"id":29003,"href":"https:\/\/iodperformance.com\/en\/wp-json\/wp\/v2\/product\/28940\/revisions\/29003"}],"wp:featuredmedia":[{"embeddable":true,"href":"https:\/\/iodperformance.com\/en\/wp-json\/wp\/v2\/media\/28919"}],"wp:attachment":[{"href":"https:\/\/iodperformance.com\/en\/wp-json\/wp\/v2\/media?parent=28940"}],"wp:term":[{"taxonomy":"product_brand","embeddable":true,"href":"https:\/\/iodperformance.com\/en\/wp-json\/wp\/v2\/product_brand?post=28940"},{"taxonomy":"product_cat","embeddable":true,"href":"https:\/\/iodperformance.com\/en\/wp-json\/wp\/v2\/product_cat?post=28940"},{"taxonomy":"product_tag","embeddable":true,"href":"https:\/\/iodperformance.com\/en\/wp-json\/wp\/v2\/product_tag?post=28940"}],"curies":[{"name":"wp","href":"https:\/\/api.w.org\/{rel}","templated":true}]}}