{"id":27039,"date":"2025-11-20T14:40:15","date_gmt":"2025-11-20T13:40:15","guid":{"rendered":"https:\/\/iodperformance.com\/produkt\/kinetic-rope-32-mm-x-10-m-mbl-22t-with-reinforced-loops-on-both-sides\/"},"modified":"2026-02-26T08:20:19","modified_gmt":"2026-02-26T07:20:19","slug":"kinetic-rope-32-mm-x-10-m-mbl-22t-with-reinforced-loops-on-both-sides","status":"publish","type":"product","link":"https:\/\/iodperformance.com\/en\/produkt\/kinetic-rope-32-mm-x-10-m-mbl-22t-with-reinforced-loops-on-both-sides\/","title":{"rendered":"Kinetic rope 32mm x 10m with reinforced loops"},"content":{"rendered":"<p><strong>Specification:<\/strong><br \/>\nMaterial: 100% polyamide fiber<br \/>\nLength: 10 meters<br \/>\nElongation: excellent<br \/>\nHigh strength and better shock absorption property<br \/>\nSpecific Gravity: 1.14 (not floating)<br \/>\nWorking Tem perature: 100 \u00b0C<br \/>\nMelting Point: 215 \u00b0C<br \/>\nElongation at Breaking: 25-30%<br \/>\nUV Resistance: Excellent<\/p>\n<p><strong>Chemical Resistance:\u00a0<\/strong><br \/>\n\u2013 Stretches up to 30%<br \/>\n\u2013 Reduced stress to com ponents of the vehicle<br \/>\n\u2013 Allows you to even pull during recoveries<br \/>\n\u2013 Very useful for flat towing in tight trails com pared to static tow straps<br \/>\n\u2013 Professionally hand spliced<\/p>\n","protected":false},"excerpt":{"rendered":"<p><strong>Kinetic<\/strong><br \/>\nThe Powerline is the ultimate kinetic recovery rope. During vehicle extraction, it stretches and absorbs tremendous energy coming from the pulling. This energy is transferred to the stuck vehicle, resulting in an extremely effective and efficient vehicle recovery.<\/p>\n<p><strong>Even Pull<\/strong><br \/>\nRigging Powerline kinetic rope in this manner reduces stress to the single recovery points on the vehicle and decreases the chance of tweaking the frame during difficult recoveries.<\/p>\n<p><strong>Shock absorbing<\/strong><br \/>\nUnder m axim um load, a kinetic rope will stretch up to 30%. This stretch helps to relieve the jerking com m only felt during vehicle recovery, effectively reducing the stress put through a vehicle and its users.<\/p>\n","protected":false},"featured_media":27010,"template":"","meta":[],"product_brand":[348],"product_cat":[558],"product_tag":[],"class_list":{"0":"post-27039","1":"product","2":"type-product","3":"status-publish","4":"has-post-thumbnail","6":"product_brand-kangaroo-winch-en","7":"product_cat-ropes","9":"first","10":"instock","11":"taxable","12":"shipping-taxable","13":"purchasable","14":"product-type-simple"},"bundled_by":[],"bundle_stock_status":"instock","bundle_stock_quantity":null,"bundle_virtual":false,"bundle_layout":"","bundle_add_to_cart_form_location":"","bundle_editable_in_cart":false,"bundle_sold_individually_context":"","bundle_item_grouping":"","bundle_min_size":"","bundle_max_size":"","bundle_price":[],"bundled_items":[],"bundle_sell_ids":[],"yoast_head":"<!-- This site is optimized with the Yoast SEO plugin v27.2 - https:\/\/yoast.com\/product\/yoast-seo-wordpress\/ -->\n<title>Kinetic rope 32mm x 10m with reinforced loops<\/title>\n<meta name=\"robots\" content=\"index, follow, max-snippet:-1, max-image-preview:large, max-video-preview:-1\" \/>\n<link rel=\"canonical\" href=\"https:\/\/iodperformance.com\/en\/produkt\/kinetic-rope-32-mm-x-10-m-mbl-22t-with-reinforced-loops-on-both-sides\/\" \/>\n<meta property=\"og:locale\" content=\"en_US\" \/>\n<meta property=\"og:type\" content=\"article\" \/>\n<meta property=\"og:title\" content=\"Kinetic rope 32mm x 10m with reinforced loops\" \/>\n<meta property=\"og:description\" content=\"Kinetic The Powerline is the ultimate kinetic recovery rope. During vehicle extraction, it stretches and absorbs tremendous energy coming from the pulling. This energy is transferred to the stuck vehicle, resulting in an extremely effective and efficient vehicle recovery.  Even Pull Rigging Powerline kinetic rope in this manner reduces stress to the single recovery points on the vehicle and decreases the chance of tweaking the frame during difficult recoveries.  Shock absorbing Under m axim um load, a kinetic rope will stretch up to 30%. This stretch helps to relieve the jerking com m only felt during vehicle recovery, effectively reducing the stress put through a vehicle and its users.\" \/>\n<meta property=\"og:url\" content=\"https:\/\/iodperformance.com\/en\/produkt\/kinetic-rope-32-mm-x-10-m-mbl-22t-with-reinforced-loops-on-both-sides\/\" \/>\n<meta property=\"og:site_name\" content=\"IOD Performance\" \/>\n<meta property=\"article:publisher\" content=\"https:\/\/www.facebook.com\/IODshopPL\/\" \/>\n<meta property=\"article:modified_time\" content=\"2026-02-26T07:20:19+00:00\" \/>\n<meta property=\"og:image\" content=\"https:\/\/iodperformance.com\/wp-content\/uploads\/2025\/11\/kinetic-rope-32-mm-x-10-m-mbl-22t.jpg\" \/>\n\t<meta property=\"og:image:width\" content=\"900\" \/>\n\t<meta property=\"og:image:height\" content=\"900\" \/>\n\t<meta property=\"og:image:type\" content=\"image\/jpeg\" \/>\n<meta name=\"twitter:card\" content=\"summary_large_image\" \/>\n<meta name=\"twitter:label1\" content=\"Est. reading time\" \/>\n\t<meta name=\"twitter:data1\" content=\"1 minute\" \/>\n<script type=\"application\/ld+json\" class=\"yoast-schema-graph\">{\"@context\":\"https:\/\/schema.org\",\"@graph\":[{\"@type\":\"WebPage\",\"@id\":\"https:\/\/iodperformance.com\/en\/produkt\/kinetic-rope-32-mm-x-10-m-mbl-22t-with-reinforced-loops-on-both-sides\/\",\"url\":\"https:\/\/iodperformance.com\/en\/produkt\/kinetic-rope-32-mm-x-10-m-mbl-22t-with-reinforced-loops-on-both-sides\/\",\"name\":\"Kinetic rope 32mm x 10m with reinforced loops\",\"isPartOf\":{\"@id\":\"https:\/\/iodperformance.com\/#website\"},\"primaryImageOfPage\":{\"@id\":\"https:\/\/iodperformance.com\/en\/produkt\/kinetic-rope-32-mm-x-10-m-mbl-22t-with-reinforced-loops-on-both-sides\/#primaryimage\"},\"image\":{\"@id\":\"https:\/\/iodperformance.com\/en\/produkt\/kinetic-rope-32-mm-x-10-m-mbl-22t-with-reinforced-loops-on-both-sides\/#primaryimage\"},\"thumbnailUrl\":\"https:\/\/iodperformance.com\/wp-content\/uploads\/2025\/11\/kinetic-rope-32-mm-x-10-m-mbl-22t.jpg\",\"datePublished\":\"2025-11-20T13:40:15+00:00\",\"dateModified\":\"2026-02-26T07:20:19+00:00\",\"breadcrumb\":{\"@id\":\"https:\/\/iodperformance.com\/en\/produkt\/kinetic-rope-32-mm-x-10-m-mbl-22t-with-reinforced-loops-on-both-sides\/#breadcrumb\"},\"inLanguage\":\"en-US\",\"potentialAction\":[{\"@type\":\"ReadAction\",\"target\":[\"https:\/\/iodperformance.com\/en\/produkt\/kinetic-rope-32-mm-x-10-m-mbl-22t-with-reinforced-loops-on-both-sides\/\"]}]},{\"@type\":\"ImageObject\",\"inLanguage\":\"en-US\",\"@id\":\"https:\/\/iodperformance.com\/en\/produkt\/kinetic-rope-32-mm-x-10-m-mbl-22t-with-reinforced-loops-on-both-sides\/#primaryimage\",\"url\":\"https:\/\/iodperformance.com\/wp-content\/uploads\/2025\/11\/kinetic-rope-32-mm-x-10-m-mbl-22t.jpg\",\"contentUrl\":\"https:\/\/iodperformance.com\/wp-content\/uploads\/2025\/11\/kinetic-rope-32-mm-x-10-m-mbl-22t.jpg\",\"width\":900,\"height\":900},{\"@type\":\"BreadcrumbList\",\"@id\":\"https:\/\/iodperformance.com\/en\/produkt\/kinetic-rope-32-mm-x-10-m-mbl-22t-with-reinforced-loops-on-both-sides\/#breadcrumb\",\"itemListElement\":[{\"@type\":\"ListItem\",\"position\":1,\"name\":\"Strona g\u0142\u00f3wna\",\"item\":\"https:\/\/iodperformance.com\/en\/\"},{\"@type\":\"ListItem\",\"position\":2,\"name\":\"Shop\",\"item\":\"https:\/\/iodperformance.com\/en\/shop\/\"},{\"@type\":\"ListItem\",\"position\":3,\"name\":\"Kinetic rope 32mm x 10m with reinforced loops\"}]},{\"@type\":\"WebSite\",\"@id\":\"https:\/\/iodperformance.com\/#website\",\"url\":\"https:\/\/iodperformance.com\/\",\"name\":\"IOD Performance\",\"description\":\"Producent cz\u0119\u015bci i akcesori\u00f3w samochodowych\",\"publisher\":{\"@id\":\"https:\/\/iodperformance.com\/#organization\"},\"potentialAction\":[{\"@type\":\"SearchAction\",\"target\":{\"@type\":\"EntryPoint\",\"urlTemplate\":\"https:\/\/iodperformance.com\/?s={search_term_string}\"},\"query-input\":{\"@type\":\"PropertyValueSpecification\",\"valueRequired\":true,\"valueName\":\"search_term_string\"}}],\"inLanguage\":\"en-US\"},{\"@type\":\"Organization\",\"@id\":\"https:\/\/iodperformance.com\/#organization\",\"name\":\"IOD Performance\",\"url\":\"https:\/\/iodperformance.com\/\",\"logo\":{\"@type\":\"ImageObject\",\"inLanguage\":\"en-US\",\"@id\":\"https:\/\/iodperformance.com\/#\/schema\/logo\/image\/\",\"url\":\"https:\/\/iodperformance.com\/wp-content\/uploads\/2025\/02\/logo_V2.png\",\"contentUrl\":\"https:\/\/iodperformance.com\/wp-content\/uploads\/2025\/02\/logo_V2.png\",\"width\":2560,\"height\":1076,\"caption\":\"IOD Performance\"},\"image\":{\"@id\":\"https:\/\/iodperformance.com\/#\/schema\/logo\/image\/\"},\"sameAs\":[\"https:\/\/www.facebook.com\/IODshopPL\/\",\"https:\/\/www.instagram.com\/iodperformance\/\",\"https:\/\/www.youtube.com\/@iodperformance\"]}]}<\/script>\n<!-- \/ Yoast SEO plugin. -->","yoast_head_json":{"title":"Kinetic rope 32mm x 10m with reinforced loops","robots":{"index":"index","follow":"follow","max-snippet":"max-snippet:-1","max-image-preview":"max-image-preview:large","max-video-preview":"max-video-preview:-1"},"canonical":"https:\/\/iodperformance.com\/en\/produkt\/kinetic-rope-32-mm-x-10-m-mbl-22t-with-reinforced-loops-on-both-sides\/","og_locale":"en_US","og_type":"article","og_title":"Kinetic rope 32mm x 10m with reinforced loops","og_description":"Kinetic The Powerline is the ultimate kinetic recovery rope. During vehicle extraction, it stretches and absorbs tremendous energy coming from the pulling. This energy is transferred to the stuck vehicle, resulting in an extremely effective and efficient vehicle recovery.  Even Pull Rigging Powerline kinetic rope in this manner reduces stress to the single recovery points on the vehicle and decreases the chance of tweaking the frame during difficult recoveries.  Shock absorbing Under m axim um load, a kinetic rope will stretch up to 30%. This stretch helps to relieve the jerking com m only felt during vehicle recovery, effectively reducing the stress put through a vehicle and its users.","og_url":"https:\/\/iodperformance.com\/en\/produkt\/kinetic-rope-32-mm-x-10-m-mbl-22t-with-reinforced-loops-on-both-sides\/","og_site_name":"IOD Performance","article_publisher":"https:\/\/www.facebook.com\/IODshopPL\/","article_modified_time":"2026-02-26T07:20:19+00:00","og_image":[{"width":900,"height":900,"url":"https:\/\/iodperformance.com\/wp-content\/uploads\/2025\/11\/kinetic-rope-32-mm-x-10-m-mbl-22t.jpg","type":"image\/jpeg"}],"twitter_card":"summary_large_image","twitter_misc":{"Est. reading time":"1 minute"},"schema":{"@context":"https:\/\/schema.org","@graph":[{"@type":"WebPage","@id":"https:\/\/iodperformance.com\/en\/produkt\/kinetic-rope-32-mm-x-10-m-mbl-22t-with-reinforced-loops-on-both-sides\/","url":"https:\/\/iodperformance.com\/en\/produkt\/kinetic-rope-32-mm-x-10-m-mbl-22t-with-reinforced-loops-on-both-sides\/","name":"Kinetic rope 32mm x 10m with reinforced loops","isPartOf":{"@id":"https:\/\/iodperformance.com\/#website"},"primaryImageOfPage":{"@id":"https:\/\/iodperformance.com\/en\/produkt\/kinetic-rope-32-mm-x-10-m-mbl-22t-with-reinforced-loops-on-both-sides\/#primaryimage"},"image":{"@id":"https:\/\/iodperformance.com\/en\/produkt\/kinetic-rope-32-mm-x-10-m-mbl-22t-with-reinforced-loops-on-both-sides\/#primaryimage"},"thumbnailUrl":"https:\/\/iodperformance.com\/wp-content\/uploads\/2025\/11\/kinetic-rope-32-mm-x-10-m-mbl-22t.jpg","datePublished":"2025-11-20T13:40:15+00:00","dateModified":"2026-02-26T07:20:19+00:00","breadcrumb":{"@id":"https:\/\/iodperformance.com\/en\/produkt\/kinetic-rope-32-mm-x-10-m-mbl-22t-with-reinforced-loops-on-both-sides\/#breadcrumb"},"inLanguage":"en-US","potentialAction":[{"@type":"ReadAction","target":["https:\/\/iodperformance.com\/en\/produkt\/kinetic-rope-32-mm-x-10-m-mbl-22t-with-reinforced-loops-on-both-sides\/"]}]},{"@type":"ImageObject","inLanguage":"en-US","@id":"https:\/\/iodperformance.com\/en\/produkt\/kinetic-rope-32-mm-x-10-m-mbl-22t-with-reinforced-loops-on-both-sides\/#primaryimage","url":"https:\/\/iodperformance.com\/wp-content\/uploads\/2025\/11\/kinetic-rope-32-mm-x-10-m-mbl-22t.jpg","contentUrl":"https:\/\/iodperformance.com\/wp-content\/uploads\/2025\/11\/kinetic-rope-32-mm-x-10-m-mbl-22t.jpg","width":900,"height":900},{"@type":"BreadcrumbList","@id":"https:\/\/iodperformance.com\/en\/produkt\/kinetic-rope-32-mm-x-10-m-mbl-22t-with-reinforced-loops-on-both-sides\/#breadcrumb","itemListElement":[{"@type":"ListItem","position":1,"name":"Strona g\u0142\u00f3wna","item":"https:\/\/iodperformance.com\/en\/"},{"@type":"ListItem","position":2,"name":"Shop","item":"https:\/\/iodperformance.com\/en\/shop\/"},{"@type":"ListItem","position":3,"name":"Kinetic rope 32mm x 10m with reinforced loops"}]},{"@type":"WebSite","@id":"https:\/\/iodperformance.com\/#website","url":"https:\/\/iodperformance.com\/","name":"IOD Performance","description":"Producent cz\u0119\u015bci i akcesori\u00f3w samochodowych","publisher":{"@id":"https:\/\/iodperformance.com\/#organization"},"potentialAction":[{"@type":"SearchAction","target":{"@type":"EntryPoint","urlTemplate":"https:\/\/iodperformance.com\/?s={search_term_string}"},"query-input":{"@type":"PropertyValueSpecification","valueRequired":true,"valueName":"search_term_string"}}],"inLanguage":"en-US"},{"@type":"Organization","@id":"https:\/\/iodperformance.com\/#organization","name":"IOD Performance","url":"https:\/\/iodperformance.com\/","logo":{"@type":"ImageObject","inLanguage":"en-US","@id":"https:\/\/iodperformance.com\/#\/schema\/logo\/image\/","url":"https:\/\/iodperformance.com\/wp-content\/uploads\/2025\/02\/logo_V2.png","contentUrl":"https:\/\/iodperformance.com\/wp-content\/uploads\/2025\/02\/logo_V2.png","width":2560,"height":1076,"caption":"IOD Performance"},"image":{"@id":"https:\/\/iodperformance.com\/#\/schema\/logo\/image\/"},"sameAs":["https:\/\/www.facebook.com\/IODshopPL\/","https:\/\/www.instagram.com\/iodperformance\/","https:\/\/www.youtube.com\/@iodperformance"]}]}},"_links":{"self":[{"href":"https:\/\/iodperformance.com\/en\/wp-json\/wp\/v2\/product\/27039","targetHints":{"allow":["GET"]}}],"collection":[{"href":"https:\/\/iodperformance.com\/en\/wp-json\/wp\/v2\/product"}],"about":[{"href":"https:\/\/iodperformance.com\/en\/wp-json\/wp\/v2\/types\/product"}],"version-history":[{"count":2,"href":"https:\/\/iodperformance.com\/en\/wp-json\/wp\/v2\/product\/27039\/revisions"}],"predecessor-version":[{"id":27062,"href":"https:\/\/iodperformance.com\/en\/wp-json\/wp\/v2\/product\/27039\/revisions\/27062"}],"wp:featuredmedia":[{"embeddable":true,"href":"https:\/\/iodperformance.com\/en\/wp-json\/wp\/v2\/media\/27010"}],"wp:attachment":[{"href":"https:\/\/iodperformance.com\/en\/wp-json\/wp\/v2\/media?parent=27039"}],"wp:term":[{"taxonomy":"product_brand","embeddable":true,"href":"https:\/\/iodperformance.com\/en\/wp-json\/wp\/v2\/product_brand?post=27039"},{"taxonomy":"product_cat","embeddable":true,"href":"https:\/\/iodperformance.com\/en\/wp-json\/wp\/v2\/product_cat?post=27039"},{"taxonomy":"product_tag","embeddable":true,"href":"https:\/\/iodperformance.com\/en\/wp-json\/wp\/v2\/product_tag?post=27039"}],"curies":[{"name":"wp","href":"https:\/\/api.w.org\/{rel}","templated":true}]}}