{"id":25169,"date":"2025-10-16T11:32:42","date_gmt":"2025-10-16T09:32:42","guid":{"rendered":"https:\/\/iodperformance.com\/produkt\/bmw-gs6-53dz-adapter-nissan-patrol-y60-4-2-reducer\/"},"modified":"2026-02-26T08:20:11","modified_gmt":"2026-02-26T07:20:11","slug":"bmw-gs6-53dz-adapter-nissan-patrol-y60-4-2-reducer","status":"publish","type":"product","link":"https:\/\/iodperformance.com\/en\/produkt\/bmw-gs6-53dz-adapter-nissan-patrol-y60-4-2-reducer\/","title":{"rendered":"Adapter BMW ZF GS6-53DZ &#8211; Nissan Patrol Y60 4.2 Transfer Case"},"content":{"rendered":"<p><strong>The most important advantages of the transfer case adapter:<\/strong><\/p>\n<p>\u2022 Allows you to connect the BMW GS6-53DZ gearbox with the Nissan Patrol Y60 4.2 transfer case<br \/>\n\u2022 Increases the efficiency of the drive system &#8211; better control and smooth operation<br \/>\n\u2022 High-quality aluminum casting &#8211; durability and resistance to loads<br \/>\n\u2022 Ideal for tuning and sports\/off-road driving<br \/>\n\u2022 Precise workmanship<br \/>\n\u2022 Installation using the original Nissan Patrol gearbox crossmember and bushings<br \/>\n\u2022 Connecting shaft made of high-quality heat-treated chrome-molybdenum steel<br \/>\n\u2022 Wide selection of easily available clutch kits:<br \/>\n\u2022 Possibility of mounting the engine in a higher position, without interfering with the vehicle&#8217;s bulkhead &#8211; smaller diameter of the gearbox bell, compared to the ZD30 gearbox<br \/>\n\u2022 Low weight of the complete set: BMW gearbox + adapter + NISSAN transfer case<br \/>\n\u2022 Precise gear selector<br \/>\n\u2022 Possibility of constructing an exhaust system that fits within the frame outline<br \/>\n\u2022 Easy assembly and disassembly due to the size and low weight of the gearbox gears<\/p>\n<p><strong>Technical specification:<\/strong><\/p>\n<p>\u2022 Compatibility: Nissan Patrol Y60 4.2 transfer case \/ BMW GS6-53DZ gearbox<br \/>\n\u2022 Material: High quality steel and aluminum<br \/>\n\u2022 Adapter thickness is 181mm<br \/>\n\u2022 Depending on the car version, it is possible to change the length of the drive shafts.<\/p>\n<p><strong>The price is for the complete adapter:<\/strong><\/p>\n<p>\u2022 Adapter<br \/>\n\u2022 Connecting shaft<br \/>\n\u2022 Gear shift lever with rubber covers<br \/>\n\u2022 Lever rod with protections<br \/>\n\u2022 Connecting shaft seal<br \/>\n\u2022 Set of mounting screws<\/p>\n","protected":false},"excerpt":{"rendered":"<p>Adapter BMW GS6-53DZ &#8211; Nissan Patrol Y60 4.2 Transfer Case<\/p>\n<p>This is a great solution for drivers who modify their vehicles for sports, off-road and extreme off-road expeditions. Thanks to its use, it is possible to combine the legendary Patrol durability with the precise BMW gearbox, which gives new possibilities for tuning and improving driving characteristics.<\/p>\n<p>Thanks to this solution, it is possible to connect the 6-speed BMW GS6-53DZ gearbox with the Nissan Patrol Y60 4.2 transfer case, which allows for better torque control, gear ratio optimization and increased drive durability in difficult terrain.<\/p>\n","protected":false},"featured_media":36425,"template":"","meta":[],"product_brand":[336],"product_cat":[312,276],"product_tag":[510],"class_list":{"0":"post-25169","1":"product","2":"type-product","3":"status-publish","4":"has-post-thumbnail","6":"product_brand-iod-performance-en","7":"product_cat-gs6-en","8":"product_cat-m57-en","9":"product_tag-iod-news","10":"pa_marka-samochodu-bmw","11":"pa_marka-samochodu-nissan","12":"pa_model-samochodu-m57","13":"pa_model-samochodu-patrol-y60-en","15":"first","16":"instock","17":"taxable","18":"shipping-taxable","19":"purchasable","20":"product-type-simple"},"bundled_by":[],"bundle_stock_status":"instock","bundle_stock_quantity":1,"bundle_virtual":false,"bundle_layout":"","bundle_add_to_cart_form_location":"","bundle_editable_in_cart":false,"bundle_sold_individually_context":"","bundle_item_grouping":"","bundle_min_size":"","bundle_max_size":"","bundle_price":[],"bundled_items":[],"bundle_sell_ids":[],"yoast_head":"<!-- This site is optimized with the Yoast SEO plugin v27.2 - https:\/\/yoast.com\/product\/yoast-seo-wordpress\/ -->\n<title>Adapter BMW ZF GS6-53DZ - Nissan Patrol Y60 4.2 Transfer Case<\/title>\n<meta name=\"robots\" content=\"index, follow, max-snippet:-1, max-image-preview:large, max-video-preview:-1\" \/>\n<link rel=\"canonical\" href=\"https:\/\/iodperformance.com\/en\/produkt\/bmw-gs6-53dz-adapter-nissan-patrol-y60-4-2-reducer\/\" \/>\n<meta property=\"og:locale\" content=\"en_US\" \/>\n<meta property=\"og:type\" content=\"article\" \/>\n<meta property=\"og:title\" content=\"Adapter BMW ZF GS6-53DZ - Nissan Patrol Y60 4.2 Transfer Case\" \/>\n<meta property=\"og:description\" content=\"Adapter BMW GS6-53DZ - Nissan Patrol Y60 4.2 Transfer Case  This is a great solution for drivers who modify their vehicles for sports, off-road and extreme off-road expeditions. Thanks to its use, it is possible to combine the legendary Patrol durability with the precise BMW gearbox, which gives new possibilities for tuning and improving driving characteristics.  Thanks to this solution, it is possible to connect the 6-speed BMW GS6-53DZ gearbox with the Nissan Patrol Y60 4.2 transfer case, which allows for better torque control, gear ratio optimization and increased drive durability in difficult terrain.\" \/>\n<meta property=\"og:url\" content=\"https:\/\/iodperformance.com\/en\/produkt\/bmw-gs6-53dz-adapter-nissan-patrol-y60-4-2-reducer\/\" \/>\n<meta property=\"og:site_name\" content=\"IOD Performance\" \/>\n<meta property=\"article:publisher\" content=\"https:\/\/www.facebook.com\/IODshopPL\/\" \/>\n<meta property=\"article:modified_time\" content=\"2026-02-26T07:20:11+00:00\" \/>\n<meta property=\"og:image\" content=\"https:\/\/iodperformance.com\/wp-content\/uploads\/2026\/02\/adapter-bmw-gs6-53dz-reduktor-nissan-patrol-y60.webp\" \/>\n\t<meta property=\"og:image:width\" content=\"768\" \/>\n\t<meta property=\"og:image:height\" content=\"768\" \/>\n\t<meta property=\"og:image:type\" content=\"image\/webp\" \/>\n<meta name=\"twitter:card\" content=\"summary_large_image\" \/>\n<meta name=\"twitter:label1\" content=\"Est. reading time\" \/>\n\t<meta name=\"twitter:data1\" content=\"2 minutes\" \/>\n<script type=\"application\/ld+json\" class=\"yoast-schema-graph\">{\"@context\":\"https:\/\/schema.org\",\"@graph\":[{\"@type\":\"WebPage\",\"@id\":\"https:\/\/iodperformance.com\/en\/produkt\/bmw-gs6-53dz-adapter-nissan-patrol-y60-4-2-reducer\/\",\"url\":\"https:\/\/iodperformance.com\/en\/produkt\/bmw-gs6-53dz-adapter-nissan-patrol-y60-4-2-reducer\/\",\"name\":\"Adapter BMW ZF GS6-53DZ - Nissan Patrol Y60 4.2 Transfer Case\",\"isPartOf\":{\"@id\":\"https:\/\/iodperformance.com\/#website\"},\"primaryImageOfPage\":{\"@id\":\"https:\/\/iodperformance.com\/en\/produkt\/bmw-gs6-53dz-adapter-nissan-patrol-y60-4-2-reducer\/#primaryimage\"},\"image\":{\"@id\":\"https:\/\/iodperformance.com\/en\/produkt\/bmw-gs6-53dz-adapter-nissan-patrol-y60-4-2-reducer\/#primaryimage\"},\"thumbnailUrl\":\"https:\/\/iodperformance.com\/wp-content\/uploads\/2026\/02\/adapter-bmw-gs6-53dz-reduktor-nissan-patrol-y60.webp\",\"datePublished\":\"2025-10-16T09:32:42+00:00\",\"dateModified\":\"2026-02-26T07:20:11+00:00\",\"breadcrumb\":{\"@id\":\"https:\/\/iodperformance.com\/en\/produkt\/bmw-gs6-53dz-adapter-nissan-patrol-y60-4-2-reducer\/#breadcrumb\"},\"inLanguage\":\"en-US\",\"potentialAction\":[{\"@type\":\"ReadAction\",\"target\":[\"https:\/\/iodperformance.com\/en\/produkt\/bmw-gs6-53dz-adapter-nissan-patrol-y60-4-2-reducer\/\"]}]},{\"@type\":\"ImageObject\",\"inLanguage\":\"en-US\",\"@id\":\"https:\/\/iodperformance.com\/en\/produkt\/bmw-gs6-53dz-adapter-nissan-patrol-y60-4-2-reducer\/#primaryimage\",\"url\":\"https:\/\/iodperformance.com\/wp-content\/uploads\/2026\/02\/adapter-bmw-gs6-53dz-reduktor-nissan-patrol-y60.webp\",\"contentUrl\":\"https:\/\/iodperformance.com\/wp-content\/uploads\/2026\/02\/adapter-bmw-gs6-53dz-reduktor-nissan-patrol-y60.webp\",\"width\":768,\"height\":768},{\"@type\":\"BreadcrumbList\",\"@id\":\"https:\/\/iodperformance.com\/en\/produkt\/bmw-gs6-53dz-adapter-nissan-patrol-y60-4-2-reducer\/#breadcrumb\",\"itemListElement\":[{\"@type\":\"ListItem\",\"position\":1,\"name\":\"Strona g\u0142\u00f3wna\",\"item\":\"https:\/\/iodperformance.com\/en\/\"},{\"@type\":\"ListItem\",\"position\":2,\"name\":\"Shop\",\"item\":\"https:\/\/iodperformance.com\/en\/shop\/\"},{\"@type\":\"ListItem\",\"position\":3,\"name\":\"Adapter BMW ZF GS6-53DZ - Nissan Patrol Y60 4.2 Transfer Case\"}]},{\"@type\":\"WebSite\",\"@id\":\"https:\/\/iodperformance.com\/#website\",\"url\":\"https:\/\/iodperformance.com\/\",\"name\":\"IOD Performance\",\"description\":\"Producent cz\u0119\u015bci i akcesori\u00f3w samochodowych\",\"publisher\":{\"@id\":\"https:\/\/iodperformance.com\/#organization\"},\"potentialAction\":[{\"@type\":\"SearchAction\",\"target\":{\"@type\":\"EntryPoint\",\"urlTemplate\":\"https:\/\/iodperformance.com\/?s={search_term_string}\"},\"query-input\":{\"@type\":\"PropertyValueSpecification\",\"valueRequired\":true,\"valueName\":\"search_term_string\"}}],\"inLanguage\":\"en-US\"},{\"@type\":\"Organization\",\"@id\":\"https:\/\/iodperformance.com\/#organization\",\"name\":\"IOD Performance\",\"url\":\"https:\/\/iodperformance.com\/\",\"logo\":{\"@type\":\"ImageObject\",\"inLanguage\":\"en-US\",\"@id\":\"https:\/\/iodperformance.com\/#\/schema\/logo\/image\/\",\"url\":\"https:\/\/iodperformance.com\/wp-content\/uploads\/2025\/02\/logo_V2.png\",\"contentUrl\":\"https:\/\/iodperformance.com\/wp-content\/uploads\/2025\/02\/logo_V2.png\",\"width\":2560,\"height\":1076,\"caption\":\"IOD Performance\"},\"image\":{\"@id\":\"https:\/\/iodperformance.com\/#\/schema\/logo\/image\/\"},\"sameAs\":[\"https:\/\/www.facebook.com\/IODshopPL\/\",\"https:\/\/www.instagram.com\/iodperformance\/\",\"https:\/\/www.youtube.com\/@iodperformance\"]}]}<\/script>\n<!-- \/ Yoast SEO plugin. -->","yoast_head_json":{"title":"Adapter BMW ZF GS6-53DZ - Nissan Patrol Y60 4.2 Transfer Case","robots":{"index":"index","follow":"follow","max-snippet":"max-snippet:-1","max-image-preview":"max-image-preview:large","max-video-preview":"max-video-preview:-1"},"canonical":"https:\/\/iodperformance.com\/en\/produkt\/bmw-gs6-53dz-adapter-nissan-patrol-y60-4-2-reducer\/","og_locale":"en_US","og_type":"article","og_title":"Adapter BMW ZF GS6-53DZ - Nissan Patrol Y60 4.2 Transfer Case","og_description":"Adapter BMW GS6-53DZ - Nissan Patrol Y60 4.2 Transfer Case  This is a great solution for drivers who modify their vehicles for sports, off-road and extreme off-road expeditions. Thanks to its use, it is possible to combine the legendary Patrol durability with the precise BMW gearbox, which gives new possibilities for tuning and improving driving characteristics.  Thanks to this solution, it is possible to connect the 6-speed BMW GS6-53DZ gearbox with the Nissan Patrol Y60 4.2 transfer case, which allows for better torque control, gear ratio optimization and increased drive durability in difficult terrain.","og_url":"https:\/\/iodperformance.com\/en\/produkt\/bmw-gs6-53dz-adapter-nissan-patrol-y60-4-2-reducer\/","og_site_name":"IOD Performance","article_publisher":"https:\/\/www.facebook.com\/IODshopPL\/","article_modified_time":"2026-02-26T07:20:11+00:00","og_image":[{"width":768,"height":768,"url":"https:\/\/iodperformance.com\/wp-content\/uploads\/2026\/02\/adapter-bmw-gs6-53dz-reduktor-nissan-patrol-y60.webp","type":"image\/webp"}],"twitter_card":"summary_large_image","twitter_misc":{"Est. reading time":"2 minutes"},"schema":{"@context":"https:\/\/schema.org","@graph":[{"@type":"WebPage","@id":"https:\/\/iodperformance.com\/en\/produkt\/bmw-gs6-53dz-adapter-nissan-patrol-y60-4-2-reducer\/","url":"https:\/\/iodperformance.com\/en\/produkt\/bmw-gs6-53dz-adapter-nissan-patrol-y60-4-2-reducer\/","name":"Adapter BMW ZF GS6-53DZ - Nissan Patrol Y60 4.2 Transfer Case","isPartOf":{"@id":"https:\/\/iodperformance.com\/#website"},"primaryImageOfPage":{"@id":"https:\/\/iodperformance.com\/en\/produkt\/bmw-gs6-53dz-adapter-nissan-patrol-y60-4-2-reducer\/#primaryimage"},"image":{"@id":"https:\/\/iodperformance.com\/en\/produkt\/bmw-gs6-53dz-adapter-nissan-patrol-y60-4-2-reducer\/#primaryimage"},"thumbnailUrl":"https:\/\/iodperformance.com\/wp-content\/uploads\/2026\/02\/adapter-bmw-gs6-53dz-reduktor-nissan-patrol-y60.webp","datePublished":"2025-10-16T09:32:42+00:00","dateModified":"2026-02-26T07:20:11+00:00","breadcrumb":{"@id":"https:\/\/iodperformance.com\/en\/produkt\/bmw-gs6-53dz-adapter-nissan-patrol-y60-4-2-reducer\/#breadcrumb"},"inLanguage":"en-US","potentialAction":[{"@type":"ReadAction","target":["https:\/\/iodperformance.com\/en\/produkt\/bmw-gs6-53dz-adapter-nissan-patrol-y60-4-2-reducer\/"]}]},{"@type":"ImageObject","inLanguage":"en-US","@id":"https:\/\/iodperformance.com\/en\/produkt\/bmw-gs6-53dz-adapter-nissan-patrol-y60-4-2-reducer\/#primaryimage","url":"https:\/\/iodperformance.com\/wp-content\/uploads\/2026\/02\/adapter-bmw-gs6-53dz-reduktor-nissan-patrol-y60.webp","contentUrl":"https:\/\/iodperformance.com\/wp-content\/uploads\/2026\/02\/adapter-bmw-gs6-53dz-reduktor-nissan-patrol-y60.webp","width":768,"height":768},{"@type":"BreadcrumbList","@id":"https:\/\/iodperformance.com\/en\/produkt\/bmw-gs6-53dz-adapter-nissan-patrol-y60-4-2-reducer\/#breadcrumb","itemListElement":[{"@type":"ListItem","position":1,"name":"Strona g\u0142\u00f3wna","item":"https:\/\/iodperformance.com\/en\/"},{"@type":"ListItem","position":2,"name":"Shop","item":"https:\/\/iodperformance.com\/en\/shop\/"},{"@type":"ListItem","position":3,"name":"Adapter BMW ZF GS6-53DZ - Nissan Patrol Y60 4.2 Transfer Case"}]},{"@type":"WebSite","@id":"https:\/\/iodperformance.com\/#website","url":"https:\/\/iodperformance.com\/","name":"IOD Performance","description":"Producent cz\u0119\u015bci i akcesori\u00f3w samochodowych","publisher":{"@id":"https:\/\/iodperformance.com\/#organization"},"potentialAction":[{"@type":"SearchAction","target":{"@type":"EntryPoint","urlTemplate":"https:\/\/iodperformance.com\/?s={search_term_string}"},"query-input":{"@type":"PropertyValueSpecification","valueRequired":true,"valueName":"search_term_string"}}],"inLanguage":"en-US"},{"@type":"Organization","@id":"https:\/\/iodperformance.com\/#organization","name":"IOD Performance","url":"https:\/\/iodperformance.com\/","logo":{"@type":"ImageObject","inLanguage":"en-US","@id":"https:\/\/iodperformance.com\/#\/schema\/logo\/image\/","url":"https:\/\/iodperformance.com\/wp-content\/uploads\/2025\/02\/logo_V2.png","contentUrl":"https:\/\/iodperformance.com\/wp-content\/uploads\/2025\/02\/logo_V2.png","width":2560,"height":1076,"caption":"IOD Performance"},"image":{"@id":"https:\/\/iodperformance.com\/#\/schema\/logo\/image\/"},"sameAs":["https:\/\/www.facebook.com\/IODshopPL\/","https:\/\/www.instagram.com\/iodperformance\/","https:\/\/www.youtube.com\/@iodperformance"]}]}},"_links":{"self":[{"href":"https:\/\/iodperformance.com\/en\/wp-json\/wp\/v2\/product\/25169","targetHints":{"allow":["GET"]}}],"collection":[{"href":"https:\/\/iodperformance.com\/en\/wp-json\/wp\/v2\/product"}],"about":[{"href":"https:\/\/iodperformance.com\/en\/wp-json\/wp\/v2\/types\/product"}],"version-history":[{"count":3,"href":"https:\/\/iodperformance.com\/en\/wp-json\/wp\/v2\/product\/25169\/revisions"}],"predecessor-version":[{"id":25194,"href":"https:\/\/iodperformance.com\/en\/wp-json\/wp\/v2\/product\/25169\/revisions\/25194"}],"wp:featuredmedia":[{"embeddable":true,"href":"https:\/\/iodperformance.com\/en\/wp-json\/wp\/v2\/media\/36425"}],"wp:attachment":[{"href":"https:\/\/iodperformance.com\/en\/wp-json\/wp\/v2\/media?parent=25169"}],"wp:term":[{"taxonomy":"product_brand","embeddable":true,"href":"https:\/\/iodperformance.com\/en\/wp-json\/wp\/v2\/product_brand?post=25169"},{"taxonomy":"product_cat","embeddable":true,"href":"https:\/\/iodperformance.com\/en\/wp-json\/wp\/v2\/product_cat?post=25169"},{"taxonomy":"product_tag","embeddable":true,"href":"https:\/\/iodperformance.com\/en\/wp-json\/wp\/v2\/product_tag?post=25169"}],"curies":[{"name":"wp","href":"https:\/\/api.w.org\/{rel}","templated":true}]}}