{"id":19949,"date":"2025-07-01T08:45:38","date_gmt":"2025-07-01T06:45:38","guid":{"rendered":"https:\/\/iodperformance.com\/produkt\/alu-cab-270-batwing-type-canopy-for-the-left-side-200-cm\/"},"modified":"2026-02-26T08:19:59","modified_gmt":"2026-02-26T07:19:59","slug":"alu-cab-270-batwing-type-canopy-for-the-left-side-200-cm","status":"publish","type":"product","link":"https:\/\/iodperformance.com\/en\/produkt\/alu-cab-270-batwing-type-canopy-for-the-left-side-200-cm\/","title":{"rendered":"Alu-Cab 270\u00b0 batwing canopy for the right side &#8211; 200 cm"},"content":{"rendered":"<p><strong>Key features<\/strong><\/p>\n<p>The 2m 270\u00ba Shadow Awning is made of reflective ripstop material that helps provide a pleasant shade. Without a doubt, the Alu-Cab 2m 270\u00ba Shadow Awning is one of our finest products, which is fully #DesertProof and tested in Africa. <\/p>\n<p>Material:<\/p>\n<p>The material is impregnated with acrylic, with a heat-reflective coating on one side.<br \/>\nIt has an additional hydrophobic coating on the top side, which allows water to run off the surface of the material.<br \/>\nIts weight is 315 g\/m2 and its water column is 600 mm, and it is made of 100% polyester impregnated with acrylic resin.<br \/>\nIt also has a built-in anti-fungal agent to prevent mold.<br \/>\nThe waterproofness \/ water column of the awning canvas is greater than 1000 mm\/1m.<\/p>\n","protected":false},"excerpt":{"rendered":"<p>Introducing the 2m 270\u00b0 Shadow Awning, which is slightly shorter than our standard 270\u00b0 Shadow Awning, allowing it to be used in areas where you need a smaller awning that will also provide shade during expeditions. It is so easy to use that one person can handle it. <\/p>\n<p>For experienced travelers, an awning is very often the first accessory bolted to their vehicles, as they know that being able to cast as much shade as possible (in as little time as possible) is crucial for a comfortable trip. Thanks to the wrap-around effect, you can enjoy 6.1 square meters of shelter around the entire working area of the vehicle, especially where you need it most &#8211; at the rear, where the drawer system, refrigerator and supplies are located. <\/p>\n","protected":false},"featured_media":19923,"template":"","meta":[],"product_brand":[458],"product_cat":[405],"product_tag":[],"class_list":{"0":"post-19949","1":"product","2":"type-product","3":"status-publish","4":"has-post-thumbnail","6":"product_brand-alu-cab-en","7":"product_cat-awnings","9":"first","10":"instock","11":"taxable","12":"shipping-taxable","13":"purchasable","14":"product-type-simple"},"bundled_by":[],"bundle_stock_status":"instock","bundle_stock_quantity":null,"bundle_virtual":false,"bundle_layout":"","bundle_add_to_cart_form_location":"","bundle_editable_in_cart":false,"bundle_sold_individually_context":"","bundle_item_grouping":"","bundle_min_size":"","bundle_max_size":"","bundle_price":[],"bundled_items":[],"bundle_sell_ids":[],"yoast_head":"<!-- This site is optimized with the Yoast SEO plugin v27.2 - https:\/\/yoast.com\/product\/yoast-seo-wordpress\/ -->\n<title>Alu-Cab 270\u00b0 batwing canopy for the right side - 200 cm<\/title>\n<meta name=\"robots\" content=\"index, follow, max-snippet:-1, max-image-preview:large, max-video-preview:-1\" \/>\n<link rel=\"canonical\" href=\"https:\/\/iodperformance.com\/en\/produkt\/alu-cab-270-batwing-type-canopy-for-the-left-side-200-cm\/\" \/>\n<meta property=\"og:locale\" content=\"en_US\" \/>\n<meta property=\"og:type\" content=\"article\" \/>\n<meta property=\"og:title\" content=\"Alu-Cab 270\u00b0 batwing canopy for the right side - 200 cm\" \/>\n<meta property=\"og:description\" content=\"Introducing the 2m 270\u00b0 Shadow Awning, which is slightly shorter than our standard 270\u00b0 Shadow Awning, allowing it to be used in areas where you need a smaller awning that will also provide shade during expeditions. It is so easy to use that one person can handle it.  For experienced travelers, an awning is very often the first accessory bolted to their vehicles, as they know that being able to cast as much shade as possible (in as little time as possible) is crucial for a comfortable trip. Thanks to the wrap-around effect, you can enjoy 6.1 square meters of shelter around the entire working area of the vehicle, especially where you need it most - at the rear, where the drawer system, refrigerator and supplies are located.\" \/>\n<meta property=\"og:url\" content=\"https:\/\/iodperformance.com\/en\/produkt\/alu-cab-270-batwing-type-canopy-for-the-left-side-200-cm\/\" \/>\n<meta property=\"og:site_name\" content=\"IOD Performance\" \/>\n<meta property=\"article:publisher\" content=\"https:\/\/www.facebook.com\/IODshopPL\/\" \/>\n<meta property=\"article:modified_time\" content=\"2026-02-26T07:19:59+00:00\" \/>\n<meta property=\"og:image\" content=\"https:\/\/iodperformance.com\/wp-content\/uploads\/2025\/07\/pol_pl_zadaszenie-alu-cab-270-typu-batwing-na-prawa-strone-200-cm-14349_5.webp\" \/>\n\t<meta property=\"og:image:width\" content=\"750\" \/>\n\t<meta property=\"og:image:height\" content=\"439\" \/>\n\t<meta property=\"og:image:type\" content=\"image\/webp\" \/>\n<meta name=\"twitter:card\" content=\"summary_large_image\" \/>\n<meta name=\"twitter:label1\" content=\"Est. reading time\" \/>\n\t<meta name=\"twitter:data1\" content=\"1 minute\" \/>\n<script type=\"application\/ld+json\" class=\"yoast-schema-graph\">{\"@context\":\"https:\/\/schema.org\",\"@graph\":[{\"@type\":\"WebPage\",\"@id\":\"https:\/\/iodperformance.com\/en\/produkt\/alu-cab-270-batwing-type-canopy-for-the-left-side-200-cm\/\",\"url\":\"https:\/\/iodperformance.com\/en\/produkt\/alu-cab-270-batwing-type-canopy-for-the-left-side-200-cm\/\",\"name\":\"Alu-Cab 270\u00b0 batwing canopy for the right side - 200 cm\",\"isPartOf\":{\"@id\":\"https:\/\/iodperformance.com\/#website\"},\"primaryImageOfPage\":{\"@id\":\"https:\/\/iodperformance.com\/en\/produkt\/alu-cab-270-batwing-type-canopy-for-the-left-side-200-cm\/#primaryimage\"},\"image\":{\"@id\":\"https:\/\/iodperformance.com\/en\/produkt\/alu-cab-270-batwing-type-canopy-for-the-left-side-200-cm\/#primaryimage\"},\"thumbnailUrl\":\"https:\/\/iodperformance.com\/wp-content\/uploads\/2025\/07\/pol_pl_zadaszenie-alu-cab-270-typu-batwing-na-prawa-strone-200-cm-14349_5.webp\",\"datePublished\":\"2025-07-01T06:45:38+00:00\",\"dateModified\":\"2026-02-26T07:19:59+00:00\",\"breadcrumb\":{\"@id\":\"https:\/\/iodperformance.com\/en\/produkt\/alu-cab-270-batwing-type-canopy-for-the-left-side-200-cm\/#breadcrumb\"},\"inLanguage\":\"en-US\",\"potentialAction\":[{\"@type\":\"ReadAction\",\"target\":[\"https:\/\/iodperformance.com\/en\/produkt\/alu-cab-270-batwing-type-canopy-for-the-left-side-200-cm\/\"]}]},{\"@type\":\"ImageObject\",\"inLanguage\":\"en-US\",\"@id\":\"https:\/\/iodperformance.com\/en\/produkt\/alu-cab-270-batwing-type-canopy-for-the-left-side-200-cm\/#primaryimage\",\"url\":\"https:\/\/iodperformance.com\/wp-content\/uploads\/2025\/07\/pol_pl_zadaszenie-alu-cab-270-typu-batwing-na-prawa-strone-200-cm-14349_5.webp\",\"contentUrl\":\"https:\/\/iodperformance.com\/wp-content\/uploads\/2025\/07\/pol_pl_zadaszenie-alu-cab-270-typu-batwing-na-prawa-strone-200-cm-14349_5.webp\",\"width\":750,\"height\":439},{\"@type\":\"BreadcrumbList\",\"@id\":\"https:\/\/iodperformance.com\/en\/produkt\/alu-cab-270-batwing-type-canopy-for-the-left-side-200-cm\/#breadcrumb\",\"itemListElement\":[{\"@type\":\"ListItem\",\"position\":1,\"name\":\"Strona g\u0142\u00f3wna\",\"item\":\"https:\/\/iodperformance.com\/en\/\"},{\"@type\":\"ListItem\",\"position\":2,\"name\":\"Shop\",\"item\":\"https:\/\/iodperformance.com\/en\/shop\/\"},{\"@type\":\"ListItem\",\"position\":3,\"name\":\"Alu-Cab 270\u00b0 batwing canopy for the right side - 200 cm\"}]},{\"@type\":\"WebSite\",\"@id\":\"https:\/\/iodperformance.com\/#website\",\"url\":\"https:\/\/iodperformance.com\/\",\"name\":\"IOD Performance\",\"description\":\"Producent cz\u0119\u015bci i akcesori\u00f3w samochodowych\",\"publisher\":{\"@id\":\"https:\/\/iodperformance.com\/#organization\"},\"potentialAction\":[{\"@type\":\"SearchAction\",\"target\":{\"@type\":\"EntryPoint\",\"urlTemplate\":\"https:\/\/iodperformance.com\/?s={search_term_string}\"},\"query-input\":{\"@type\":\"PropertyValueSpecification\",\"valueRequired\":true,\"valueName\":\"search_term_string\"}}],\"inLanguage\":\"en-US\"},{\"@type\":\"Organization\",\"@id\":\"https:\/\/iodperformance.com\/#organization\",\"name\":\"IOD Performance\",\"url\":\"https:\/\/iodperformance.com\/\",\"logo\":{\"@type\":\"ImageObject\",\"inLanguage\":\"en-US\",\"@id\":\"https:\/\/iodperformance.com\/#\/schema\/logo\/image\/\",\"url\":\"https:\/\/iodperformance.com\/wp-content\/uploads\/2025\/02\/logo_V2.png\",\"contentUrl\":\"https:\/\/iodperformance.com\/wp-content\/uploads\/2025\/02\/logo_V2.png\",\"width\":2560,\"height\":1076,\"caption\":\"IOD Performance\"},\"image\":{\"@id\":\"https:\/\/iodperformance.com\/#\/schema\/logo\/image\/\"},\"sameAs\":[\"https:\/\/www.facebook.com\/IODshopPL\/\",\"https:\/\/www.instagram.com\/iodperformance\/\",\"https:\/\/www.youtube.com\/@iodperformance\"]}]}<\/script>\n<!-- \/ Yoast SEO plugin. -->","yoast_head_json":{"title":"Alu-Cab 270\u00b0 batwing canopy for the right side - 200 cm","robots":{"index":"index","follow":"follow","max-snippet":"max-snippet:-1","max-image-preview":"max-image-preview:large","max-video-preview":"max-video-preview:-1"},"canonical":"https:\/\/iodperformance.com\/en\/produkt\/alu-cab-270-batwing-type-canopy-for-the-left-side-200-cm\/","og_locale":"en_US","og_type":"article","og_title":"Alu-Cab 270\u00b0 batwing canopy for the right side - 200 cm","og_description":"Introducing the 2m 270\u00b0 Shadow Awning, which is slightly shorter than our standard 270\u00b0 Shadow Awning, allowing it to be used in areas where you need a smaller awning that will also provide shade during expeditions. It is so easy to use that one person can handle it.  For experienced travelers, an awning is very often the first accessory bolted to their vehicles, as they know that being able to cast as much shade as possible (in as little time as possible) is crucial for a comfortable trip. Thanks to the wrap-around effect, you can enjoy 6.1 square meters of shelter around the entire working area of the vehicle, especially where you need it most - at the rear, where the drawer system, refrigerator and supplies are located.","og_url":"https:\/\/iodperformance.com\/en\/produkt\/alu-cab-270-batwing-type-canopy-for-the-left-side-200-cm\/","og_site_name":"IOD Performance","article_publisher":"https:\/\/www.facebook.com\/IODshopPL\/","article_modified_time":"2026-02-26T07:19:59+00:00","og_image":[{"width":750,"height":439,"url":"https:\/\/iodperformance.com\/wp-content\/uploads\/2025\/07\/pol_pl_zadaszenie-alu-cab-270-typu-batwing-na-prawa-strone-200-cm-14349_5.webp","type":"image\/webp"}],"twitter_card":"summary_large_image","twitter_misc":{"Est. reading time":"1 minute"},"schema":{"@context":"https:\/\/schema.org","@graph":[{"@type":"WebPage","@id":"https:\/\/iodperformance.com\/en\/produkt\/alu-cab-270-batwing-type-canopy-for-the-left-side-200-cm\/","url":"https:\/\/iodperformance.com\/en\/produkt\/alu-cab-270-batwing-type-canopy-for-the-left-side-200-cm\/","name":"Alu-Cab 270\u00b0 batwing canopy for the right side - 200 cm","isPartOf":{"@id":"https:\/\/iodperformance.com\/#website"},"primaryImageOfPage":{"@id":"https:\/\/iodperformance.com\/en\/produkt\/alu-cab-270-batwing-type-canopy-for-the-left-side-200-cm\/#primaryimage"},"image":{"@id":"https:\/\/iodperformance.com\/en\/produkt\/alu-cab-270-batwing-type-canopy-for-the-left-side-200-cm\/#primaryimage"},"thumbnailUrl":"https:\/\/iodperformance.com\/wp-content\/uploads\/2025\/07\/pol_pl_zadaszenie-alu-cab-270-typu-batwing-na-prawa-strone-200-cm-14349_5.webp","datePublished":"2025-07-01T06:45:38+00:00","dateModified":"2026-02-26T07:19:59+00:00","breadcrumb":{"@id":"https:\/\/iodperformance.com\/en\/produkt\/alu-cab-270-batwing-type-canopy-for-the-left-side-200-cm\/#breadcrumb"},"inLanguage":"en-US","potentialAction":[{"@type":"ReadAction","target":["https:\/\/iodperformance.com\/en\/produkt\/alu-cab-270-batwing-type-canopy-for-the-left-side-200-cm\/"]}]},{"@type":"ImageObject","inLanguage":"en-US","@id":"https:\/\/iodperformance.com\/en\/produkt\/alu-cab-270-batwing-type-canopy-for-the-left-side-200-cm\/#primaryimage","url":"https:\/\/iodperformance.com\/wp-content\/uploads\/2025\/07\/pol_pl_zadaszenie-alu-cab-270-typu-batwing-na-prawa-strone-200-cm-14349_5.webp","contentUrl":"https:\/\/iodperformance.com\/wp-content\/uploads\/2025\/07\/pol_pl_zadaszenie-alu-cab-270-typu-batwing-na-prawa-strone-200-cm-14349_5.webp","width":750,"height":439},{"@type":"BreadcrumbList","@id":"https:\/\/iodperformance.com\/en\/produkt\/alu-cab-270-batwing-type-canopy-for-the-left-side-200-cm\/#breadcrumb","itemListElement":[{"@type":"ListItem","position":1,"name":"Strona g\u0142\u00f3wna","item":"https:\/\/iodperformance.com\/en\/"},{"@type":"ListItem","position":2,"name":"Shop","item":"https:\/\/iodperformance.com\/en\/shop\/"},{"@type":"ListItem","position":3,"name":"Alu-Cab 270\u00b0 batwing canopy for the right side - 200 cm"}]},{"@type":"WebSite","@id":"https:\/\/iodperformance.com\/#website","url":"https:\/\/iodperformance.com\/","name":"IOD Performance","description":"Producent cz\u0119\u015bci i akcesori\u00f3w samochodowych","publisher":{"@id":"https:\/\/iodperformance.com\/#organization"},"potentialAction":[{"@type":"SearchAction","target":{"@type":"EntryPoint","urlTemplate":"https:\/\/iodperformance.com\/?s={search_term_string}"},"query-input":{"@type":"PropertyValueSpecification","valueRequired":true,"valueName":"search_term_string"}}],"inLanguage":"en-US"},{"@type":"Organization","@id":"https:\/\/iodperformance.com\/#organization","name":"IOD Performance","url":"https:\/\/iodperformance.com\/","logo":{"@type":"ImageObject","inLanguage":"en-US","@id":"https:\/\/iodperformance.com\/#\/schema\/logo\/image\/","url":"https:\/\/iodperformance.com\/wp-content\/uploads\/2025\/02\/logo_V2.png","contentUrl":"https:\/\/iodperformance.com\/wp-content\/uploads\/2025\/02\/logo_V2.png","width":2560,"height":1076,"caption":"IOD Performance"},"image":{"@id":"https:\/\/iodperformance.com\/#\/schema\/logo\/image\/"},"sameAs":["https:\/\/www.facebook.com\/IODshopPL\/","https:\/\/www.instagram.com\/iodperformance\/","https:\/\/www.youtube.com\/@iodperformance"]}]}},"_links":{"self":[{"href":"https:\/\/iodperformance.com\/en\/wp-json\/wp\/v2\/product\/19949","targetHints":{"allow":["GET"]}}],"collection":[{"href":"https:\/\/iodperformance.com\/en\/wp-json\/wp\/v2\/product"}],"about":[{"href":"https:\/\/iodperformance.com\/en\/wp-json\/wp\/v2\/types\/product"}],"version-history":[{"count":0,"href":"https:\/\/iodperformance.com\/en\/wp-json\/wp\/v2\/product\/19949\/revisions"}],"wp:featuredmedia":[{"embeddable":true,"href":"https:\/\/iodperformance.com\/en\/wp-json\/wp\/v2\/media\/19923"}],"wp:attachment":[{"href":"https:\/\/iodperformance.com\/en\/wp-json\/wp\/v2\/media?parent=19949"}],"wp:term":[{"taxonomy":"product_brand","embeddable":true,"href":"https:\/\/iodperformance.com\/en\/wp-json\/wp\/v2\/product_brand?post=19949"},{"taxonomy":"product_cat","embeddable":true,"href":"https:\/\/iodperformance.com\/en\/wp-json\/wp\/v2\/product_cat?post=19949"},{"taxonomy":"product_tag","embeddable":true,"href":"https:\/\/iodperformance.com\/en\/wp-json\/wp\/v2\/product_tag?post=19949"}],"curies":[{"name":"wp","href":"https:\/\/api.w.org\/{rel}","templated":true}]}}