{"id":19918,"date":"2025-07-01T08:45:21","date_gmt":"2025-07-01T06:45:21","guid":{"rendered":"https:\/\/iodperformance.com\/produkt\/alu-cab-mud-bag\/"},"modified":"2026-02-26T08:19:56","modified_gmt":"2026-02-26T07:19:56","slug":"alu-cab-mud-bag","status":"publish","type":"product","link":"https:\/\/iodperformance.com\/en\/produkt\/alu-cab-mud-bag\/","title":{"rendered":"Alu-Cab Mud Bag"},"content":{"rendered":"<p><strong>Key features &#8220;product name:<\/strong><\/p>\n<p>Mounted with the included cargo rail mounts or adjustable straps compatible with MOLLE panels, the bag can be easily attached to various locations on the vehicle. Its dimensions (38.5 cm wide and 50 cm high) allow for storage of one pair of large trekking boots or two pairs of lighter footwear.<\/p>\n<p>The Alu-Cab Mud Bag is an indispensable accessory for any off-road travel enthusiast concerned about cleanliness and organization of the space around the vehicle.<\/p>\n","protected":false},"excerpt":{"rendered":"<p>The Alu-Cab Mud Bag is a functional bag designed for rooftop tent and off-road expedition users. It allows you to store dirty boots or wet gear outside your vehicle while still providing easy access.<\/p>\n<p>The bag is made of waterproof tent material, which guarantees its durability and resistance to adverse weather conditions. Thanks to the drainage hole on the bottom, moisture and mud do not accumulate inside, making it easy to keep clean.<\/p>\n","protected":false},"featured_media":19842,"template":"","meta":[],"product_brand":[458],"product_cat":[407],"product_tag":[],"class_list":{"0":"post-19918","1":"product","2":"type-product","3":"status-publish","4":"has-post-thumbnail","6":"product_brand-alu-cab-en","7":"product_cat-roof-tents","9":"first","10":"instock","11":"taxable","12":"shipping-taxable","13":"purchasable","14":"product-type-simple"},"bundled_by":[],"bundle_stock_status":"instock","bundle_stock_quantity":null,"bundle_virtual":false,"bundle_layout":"","bundle_add_to_cart_form_location":"","bundle_editable_in_cart":false,"bundle_sold_individually_context":"","bundle_item_grouping":"","bundle_min_size":"","bundle_max_size":"","bundle_price":[],"bundled_items":[],"bundle_sell_ids":[],"yoast_head":"<!-- This site is optimized with the Yoast SEO plugin v27.2 - https:\/\/yoast.com\/product\/yoast-seo-wordpress\/ -->\n<title>Alu-Cab Mud Bag<\/title>\n<meta name=\"robots\" content=\"index, follow, max-snippet:-1, max-image-preview:large, max-video-preview:-1\" \/>\n<link rel=\"canonical\" href=\"https:\/\/iodperformance.com\/en\/produkt\/alu-cab-mud-bag\/\" \/>\n<meta property=\"og:locale\" content=\"en_US\" \/>\n<meta property=\"og:type\" content=\"article\" \/>\n<meta property=\"og:title\" content=\"Alu-Cab Mud Bag\" \/>\n<meta property=\"og:description\" content=\"The Alu-Cab Mud Bag is a functional bag designed for rooftop tent and off-road expedition users. It allows you to store dirty boots or wet gear outside your vehicle while still providing easy access.  The bag is made of waterproof tent material, which guarantees its durability and resistance to adverse weather conditions. Thanks to the drainage hole on the bottom, moisture and mud do not accumulate inside, making it easy to keep clean.\" \/>\n<meta property=\"og:url\" content=\"https:\/\/iodperformance.com\/en\/produkt\/alu-cab-mud-bag\/\" \/>\n<meta property=\"og:site_name\" content=\"IOD Performance\" \/>\n<meta property=\"article:publisher\" content=\"https:\/\/www.facebook.com\/IODshopPL\/\" \/>\n<meta property=\"article:modified_time\" content=\"2026-02-26T07:19:56+00:00\" \/>\n<meta property=\"og:image\" content=\"https:\/\/iodperformance.com\/wp-content\/uploads\/2025\/07\/pol_pl_torba-na-buty-alu-cab-mud-bag-15520_1.webp\" \/>\n\t<meta property=\"og:image:width\" content=\"750\" \/>\n\t<meta property=\"og:image:height\" content=\"598\" \/>\n\t<meta property=\"og:image:type\" content=\"image\/webp\" \/>\n<meta name=\"twitter:card\" content=\"summary_large_image\" \/>\n<script type=\"application\/ld+json\" class=\"yoast-schema-graph\">{\"@context\":\"https:\/\/schema.org\",\"@graph\":[{\"@type\":\"WebPage\",\"@id\":\"https:\/\/iodperformance.com\/en\/produkt\/alu-cab-mud-bag\/\",\"url\":\"https:\/\/iodperformance.com\/en\/produkt\/alu-cab-mud-bag\/\",\"name\":\"Alu-Cab Mud Bag\",\"isPartOf\":{\"@id\":\"https:\/\/iodperformance.com\/#website\"},\"primaryImageOfPage\":{\"@id\":\"https:\/\/iodperformance.com\/en\/produkt\/alu-cab-mud-bag\/#primaryimage\"},\"image\":{\"@id\":\"https:\/\/iodperformance.com\/en\/produkt\/alu-cab-mud-bag\/#primaryimage\"},\"thumbnailUrl\":\"https:\/\/iodperformance.com\/wp-content\/uploads\/2025\/07\/pol_pl_torba-na-buty-alu-cab-mud-bag-15520_1.webp\",\"datePublished\":\"2025-07-01T06:45:21+00:00\",\"dateModified\":\"2026-02-26T07:19:56+00:00\",\"breadcrumb\":{\"@id\":\"https:\/\/iodperformance.com\/en\/produkt\/alu-cab-mud-bag\/#breadcrumb\"},\"inLanguage\":\"en-US\",\"potentialAction\":[{\"@type\":\"ReadAction\",\"target\":[\"https:\/\/iodperformance.com\/en\/produkt\/alu-cab-mud-bag\/\"]}]},{\"@type\":\"ImageObject\",\"inLanguage\":\"en-US\",\"@id\":\"https:\/\/iodperformance.com\/en\/produkt\/alu-cab-mud-bag\/#primaryimage\",\"url\":\"https:\/\/iodperformance.com\/wp-content\/uploads\/2025\/07\/pol_pl_torba-na-buty-alu-cab-mud-bag-15520_1.webp\",\"contentUrl\":\"https:\/\/iodperformance.com\/wp-content\/uploads\/2025\/07\/pol_pl_torba-na-buty-alu-cab-mud-bag-15520_1.webp\",\"width\":750,\"height\":598},{\"@type\":\"BreadcrumbList\",\"@id\":\"https:\/\/iodperformance.com\/en\/produkt\/alu-cab-mud-bag\/#breadcrumb\",\"itemListElement\":[{\"@type\":\"ListItem\",\"position\":1,\"name\":\"Strona g\u0142\u00f3wna\",\"item\":\"https:\/\/iodperformance.com\/en\/\"},{\"@type\":\"ListItem\",\"position\":2,\"name\":\"Shop\",\"item\":\"https:\/\/iodperformance.com\/en\/shop\/\"},{\"@type\":\"ListItem\",\"position\":3,\"name\":\"Alu-Cab Mud Bag\"}]},{\"@type\":\"WebSite\",\"@id\":\"https:\/\/iodperformance.com\/#website\",\"url\":\"https:\/\/iodperformance.com\/\",\"name\":\"IOD Performance\",\"description\":\"Producent cz\u0119\u015bci i akcesori\u00f3w samochodowych\",\"publisher\":{\"@id\":\"https:\/\/iodperformance.com\/#organization\"},\"potentialAction\":[{\"@type\":\"SearchAction\",\"target\":{\"@type\":\"EntryPoint\",\"urlTemplate\":\"https:\/\/iodperformance.com\/?s={search_term_string}\"},\"query-input\":{\"@type\":\"PropertyValueSpecification\",\"valueRequired\":true,\"valueName\":\"search_term_string\"}}],\"inLanguage\":\"en-US\"},{\"@type\":\"Organization\",\"@id\":\"https:\/\/iodperformance.com\/#organization\",\"name\":\"IOD Performance\",\"url\":\"https:\/\/iodperformance.com\/\",\"logo\":{\"@type\":\"ImageObject\",\"inLanguage\":\"en-US\",\"@id\":\"https:\/\/iodperformance.com\/#\/schema\/logo\/image\/\",\"url\":\"https:\/\/iodperformance.com\/wp-content\/uploads\/2025\/02\/logo_V2.png\",\"contentUrl\":\"https:\/\/iodperformance.com\/wp-content\/uploads\/2025\/02\/logo_V2.png\",\"width\":2560,\"height\":1076,\"caption\":\"IOD Performance\"},\"image\":{\"@id\":\"https:\/\/iodperformance.com\/#\/schema\/logo\/image\/\"},\"sameAs\":[\"https:\/\/www.facebook.com\/IODshopPL\/\",\"https:\/\/www.instagram.com\/iodperformance\/\",\"https:\/\/www.youtube.com\/@iodperformance\"]}]}<\/script>\n<!-- \/ Yoast SEO plugin. -->","yoast_head_json":{"title":"Alu-Cab Mud Bag","robots":{"index":"index","follow":"follow","max-snippet":"max-snippet:-1","max-image-preview":"max-image-preview:large","max-video-preview":"max-video-preview:-1"},"canonical":"https:\/\/iodperformance.com\/en\/produkt\/alu-cab-mud-bag\/","og_locale":"en_US","og_type":"article","og_title":"Alu-Cab Mud Bag","og_description":"The Alu-Cab Mud Bag is a functional bag designed for rooftop tent and off-road expedition users. It allows you to store dirty boots or wet gear outside your vehicle while still providing easy access.  The bag is made of waterproof tent material, which guarantees its durability and resistance to adverse weather conditions. Thanks to the drainage hole on the bottom, moisture and mud do not accumulate inside, making it easy to keep clean.","og_url":"https:\/\/iodperformance.com\/en\/produkt\/alu-cab-mud-bag\/","og_site_name":"IOD Performance","article_publisher":"https:\/\/www.facebook.com\/IODshopPL\/","article_modified_time":"2026-02-26T07:19:56+00:00","og_image":[{"width":750,"height":598,"url":"https:\/\/iodperformance.com\/wp-content\/uploads\/2025\/07\/pol_pl_torba-na-buty-alu-cab-mud-bag-15520_1.webp","type":"image\/webp"}],"twitter_card":"summary_large_image","schema":{"@context":"https:\/\/schema.org","@graph":[{"@type":"WebPage","@id":"https:\/\/iodperformance.com\/en\/produkt\/alu-cab-mud-bag\/","url":"https:\/\/iodperformance.com\/en\/produkt\/alu-cab-mud-bag\/","name":"Alu-Cab Mud Bag","isPartOf":{"@id":"https:\/\/iodperformance.com\/#website"},"primaryImageOfPage":{"@id":"https:\/\/iodperformance.com\/en\/produkt\/alu-cab-mud-bag\/#primaryimage"},"image":{"@id":"https:\/\/iodperformance.com\/en\/produkt\/alu-cab-mud-bag\/#primaryimage"},"thumbnailUrl":"https:\/\/iodperformance.com\/wp-content\/uploads\/2025\/07\/pol_pl_torba-na-buty-alu-cab-mud-bag-15520_1.webp","datePublished":"2025-07-01T06:45:21+00:00","dateModified":"2026-02-26T07:19:56+00:00","breadcrumb":{"@id":"https:\/\/iodperformance.com\/en\/produkt\/alu-cab-mud-bag\/#breadcrumb"},"inLanguage":"en-US","potentialAction":[{"@type":"ReadAction","target":["https:\/\/iodperformance.com\/en\/produkt\/alu-cab-mud-bag\/"]}]},{"@type":"ImageObject","inLanguage":"en-US","@id":"https:\/\/iodperformance.com\/en\/produkt\/alu-cab-mud-bag\/#primaryimage","url":"https:\/\/iodperformance.com\/wp-content\/uploads\/2025\/07\/pol_pl_torba-na-buty-alu-cab-mud-bag-15520_1.webp","contentUrl":"https:\/\/iodperformance.com\/wp-content\/uploads\/2025\/07\/pol_pl_torba-na-buty-alu-cab-mud-bag-15520_1.webp","width":750,"height":598},{"@type":"BreadcrumbList","@id":"https:\/\/iodperformance.com\/en\/produkt\/alu-cab-mud-bag\/#breadcrumb","itemListElement":[{"@type":"ListItem","position":1,"name":"Strona g\u0142\u00f3wna","item":"https:\/\/iodperformance.com\/en\/"},{"@type":"ListItem","position":2,"name":"Shop","item":"https:\/\/iodperformance.com\/en\/shop\/"},{"@type":"ListItem","position":3,"name":"Alu-Cab Mud Bag"}]},{"@type":"WebSite","@id":"https:\/\/iodperformance.com\/#website","url":"https:\/\/iodperformance.com\/","name":"IOD Performance","description":"Producent cz\u0119\u015bci i akcesori\u00f3w samochodowych","publisher":{"@id":"https:\/\/iodperformance.com\/#organization"},"potentialAction":[{"@type":"SearchAction","target":{"@type":"EntryPoint","urlTemplate":"https:\/\/iodperformance.com\/?s={search_term_string}"},"query-input":{"@type":"PropertyValueSpecification","valueRequired":true,"valueName":"search_term_string"}}],"inLanguage":"en-US"},{"@type":"Organization","@id":"https:\/\/iodperformance.com\/#organization","name":"IOD Performance","url":"https:\/\/iodperformance.com\/","logo":{"@type":"ImageObject","inLanguage":"en-US","@id":"https:\/\/iodperformance.com\/#\/schema\/logo\/image\/","url":"https:\/\/iodperformance.com\/wp-content\/uploads\/2025\/02\/logo_V2.png","contentUrl":"https:\/\/iodperformance.com\/wp-content\/uploads\/2025\/02\/logo_V2.png","width":2560,"height":1076,"caption":"IOD Performance"},"image":{"@id":"https:\/\/iodperformance.com\/#\/schema\/logo\/image\/"},"sameAs":["https:\/\/www.facebook.com\/IODshopPL\/","https:\/\/www.instagram.com\/iodperformance\/","https:\/\/www.youtube.com\/@iodperformance"]}]}},"_links":{"self":[{"href":"https:\/\/iodperformance.com\/en\/wp-json\/wp\/v2\/product\/19918","targetHints":{"allow":["GET"]}}],"collection":[{"href":"https:\/\/iodperformance.com\/en\/wp-json\/wp\/v2\/product"}],"about":[{"href":"https:\/\/iodperformance.com\/en\/wp-json\/wp\/v2\/types\/product"}],"version-history":[{"count":0,"href":"https:\/\/iodperformance.com\/en\/wp-json\/wp\/v2\/product\/19918\/revisions"}],"wp:featuredmedia":[{"embeddable":true,"href":"https:\/\/iodperformance.com\/en\/wp-json\/wp\/v2\/media\/19842"}],"wp:attachment":[{"href":"https:\/\/iodperformance.com\/en\/wp-json\/wp\/v2\/media?parent=19918"}],"wp:term":[{"taxonomy":"product_brand","embeddable":true,"href":"https:\/\/iodperformance.com\/en\/wp-json\/wp\/v2\/product_brand?post=19918"},{"taxonomy":"product_cat","embeddable":true,"href":"https:\/\/iodperformance.com\/en\/wp-json\/wp\/v2\/product_cat?post=19918"},{"taxonomy":"product_tag","embeddable":true,"href":"https:\/\/iodperformance.com\/en\/wp-json\/wp\/v2\/product_tag?post=19918"}],"curies":[{"name":"wp","href":"https:\/\/api.w.org\/{rel}","templated":true}]}}