{"id":19352,"date":"2025-06-30T07:47:49","date_gmt":"2025-06-30T05:47:49","guid":{"rendered":"https:\/\/iodperformance.com\/produkt\/front-and-rear-stabilizer-link-nissan-patrol-y60-4-4pcs\/"},"modified":"2026-02-26T08:19:56","modified_gmt":"2026-02-26T07:19:56","slug":"front-and-rear-stabilizer-link-nissan-patrol-y60-4-4pcs","status":"publish","type":"product","link":"https:\/\/iodperformance.com\/en\/produkt\/front-and-rear-stabilizer-link-nissan-patrol-y60-4-4pcs\/","title":{"rendered":"Front and Rear stabilizer link Nissan Patrol Y60 +4&#8243; 4pcs."},"content":{"rendered":"<p><strong>Fits:<\/strong><\/p>\n<ul>\n<li>Nissan Patrol Y60<\/li>\n<li>Suspension lift: +4\u201d<\/li>\n<li>Front and rear axles<\/li>\n<\/ul>\n<p>&nbsp;<\/p>\n<p><strong>Benefits:<\/strong><\/p>\n<ul>\n<li>Improved vehicle handling<\/li>\n<li>More durable than OEM links<\/li>\n<li>Perfect fit for +4&#8243; lifted suspension<\/li>\n<\/ul>\n","protected":false},"excerpt":{"rendered":"<p>Complete set of four stabilizer links (front and rear) for Nissan Patrol Y60 with +4&#8243; suspension lift. This kit improves vehicle stability both on-road and off-road by eliminating excessive body roll and slack. High-quality materials ensure durability even in extreme off-road conditions.<\/p>\n","protected":false},"featured_media":37856,"template":"","meta":[],"product_brand":[],"product_cat":[251,308],"product_tag":[],"class_list":{"0":"post-19352","1":"product","2":"type-product","3":"status-publish","4":"has-post-thumbnail","6":"product_cat-sets","7":"product_cat-stabilizer-connectors","9":"first","10":"instock","11":"virtual","12":"taxable","13":"purchasable","14":"product-type-bundle"},"bundled_by":[],"bundle_stock_status":"instock","bundle_stock_quantity":1,"bundle_virtual":false,"bundle_layout":"tabular","bundle_add_to_cart_form_location":"default","bundle_editable_in_cart":false,"bundle_sold_individually_context":"product","bundle_item_grouping":"none","bundle_min_size":"","bundle_max_size":"","bundle_price":{"price":{"min":{"incl_tax":"100","excl_tax":"81.3"},"max":{"incl_tax":"100","excl_tax":"81.3"}},"regular_price":{"min":{"incl_tax":"100","excl_tax":"81.3"},"max":{"incl_tax":"100","excl_tax":"81.3"}}},"bundled_items":[{"bundled_item_id":392,"product_id":6906,"menu_order":0,"quantity_min":4,"quantity_max":4,"quantity_default":4,"priced_individually":true,"shipped_individually":false,"override_title":false,"title":"Front\/Rear sway bar link Nissan Patrol Y60 +4&#8243;","override_description":false,"description":"Front\/Rear sway bar link Nissan Patrol Y60 +4&#8243;","optional":false,"hide_thumbnail":false,"discount":"","override_variations":false,"allowed_variations":[""],"override_default_variation_attributes":false,"default_variation_attributes":[],"single_product_visibility":"visible","cart_visibility":"visible","order_visibility":"visible","single_product_price_visibility":"visible","cart_price_visibility":"visible","order_price_visibility":"visible","stock_status":"in_stock"}],"bundle_sell_ids":[],"yoast_head":"<!-- This site is optimized with the Yoast SEO plugin v27.2 - https:\/\/yoast.com\/product\/yoast-seo-wordpress\/ -->\n<title>Front and Rear stabilizer link Nissan Patrol Y60 +4&quot; 4pcs.<\/title>\n<meta name=\"robots\" content=\"index, follow, max-snippet:-1, max-image-preview:large, max-video-preview:-1\" \/>\n<link rel=\"canonical\" href=\"https:\/\/iodperformance.com\/en\/produkt\/front-and-rear-stabilizer-link-nissan-patrol-y60-4-4pcs\/\" \/>\n<meta property=\"og:locale\" content=\"en_US\" \/>\n<meta property=\"og:type\" content=\"article\" \/>\n<meta property=\"og:title\" content=\"Front and Rear stabilizer link Nissan Patrol Y60 +4&quot; 4pcs.\" \/>\n<meta property=\"og:description\" content=\"Complete set of four stabilizer links (front and rear) for Nissan Patrol Y60 with +4&quot; suspension lift. This kit improves vehicle stability both on-road and off-road by eliminating excessive body roll and slack. High-quality materials ensure durability even in extreme off-road conditions.\" \/>\n<meta property=\"og:url\" content=\"https:\/\/iodperformance.com\/en\/produkt\/front-and-rear-stabilizer-link-nissan-patrol-y60-4-4pcs\/\" \/>\n<meta property=\"og:site_name\" content=\"IOD Performance\" \/>\n<meta property=\"article:publisher\" content=\"https:\/\/www.facebook.com\/IODshopPL\/\" \/>\n<meta property=\"article:modified_time\" content=\"2026-02-26T07:19:56+00:00\" \/>\n<meta property=\"og:image\" content=\"https:\/\/iodperformance.com\/wp-content\/uploads\/2025\/06\/przedni-i-tylni-lacznik-stabilizatora-nissan-patrol-y60-4-4szt.webp\" \/>\n\t<meta property=\"og:image:width\" content=\"1069\" \/>\n\t<meta property=\"og:image:height\" content=\"1500\" \/>\n\t<meta property=\"og:image:type\" content=\"image\/webp\" \/>\n<meta name=\"twitter:card\" content=\"summary_large_image\" \/>\n<script type=\"application\/ld+json\" class=\"yoast-schema-graph\">{\"@context\":\"https:\/\/schema.org\",\"@graph\":[{\"@type\":\"WebPage\",\"@id\":\"https:\/\/iodperformance.com\/en\/produkt\/front-and-rear-stabilizer-link-nissan-patrol-y60-4-4pcs\/\",\"url\":\"https:\/\/iodperformance.com\/en\/produkt\/front-and-rear-stabilizer-link-nissan-patrol-y60-4-4pcs\/\",\"name\":\"Front and Rear stabilizer link Nissan Patrol Y60 +4\\\" 4pcs.\",\"isPartOf\":{\"@id\":\"https:\/\/iodperformance.com\/#website\"},\"primaryImageOfPage\":{\"@id\":\"https:\/\/iodperformance.com\/en\/produkt\/front-and-rear-stabilizer-link-nissan-patrol-y60-4-4pcs\/#primaryimage\"},\"image\":{\"@id\":\"https:\/\/iodperformance.com\/en\/produkt\/front-and-rear-stabilizer-link-nissan-patrol-y60-4-4pcs\/#primaryimage\"},\"thumbnailUrl\":\"https:\/\/iodperformance.com\/wp-content\/uploads\/2025\/06\/przedni-i-tylni-lacznik-stabilizatora-nissan-patrol-y60-001.webp\",\"datePublished\":\"2025-06-30T05:47:49+00:00\",\"dateModified\":\"2026-02-26T07:19:56+00:00\",\"breadcrumb\":{\"@id\":\"https:\/\/iodperformance.com\/en\/produkt\/front-and-rear-stabilizer-link-nissan-patrol-y60-4-4pcs\/#breadcrumb\"},\"inLanguage\":\"en-US\",\"potentialAction\":[{\"@type\":\"ReadAction\",\"target\":[\"https:\/\/iodperformance.com\/en\/produkt\/front-and-rear-stabilizer-link-nissan-patrol-y60-4-4pcs\/\"]}]},{\"@type\":\"ImageObject\",\"inLanguage\":\"en-US\",\"@id\":\"https:\/\/iodperformance.com\/en\/produkt\/front-and-rear-stabilizer-link-nissan-patrol-y60-4-4pcs\/#primaryimage\",\"url\":\"https:\/\/iodperformance.com\/wp-content\/uploads\/2025\/06\/przedni-i-tylni-lacznik-stabilizatora-nissan-patrol-y60-001.webp\",\"contentUrl\":\"https:\/\/iodperformance.com\/wp-content\/uploads\/2025\/06\/przedni-i-tylni-lacznik-stabilizatora-nissan-patrol-y60-001.webp\",\"width\":1000,\"height\":1000},{\"@type\":\"BreadcrumbList\",\"@id\":\"https:\/\/iodperformance.com\/en\/produkt\/front-and-rear-stabilizer-link-nissan-patrol-y60-4-4pcs\/#breadcrumb\",\"itemListElement\":[{\"@type\":\"ListItem\",\"position\":1,\"name\":\"Strona g\u0142\u00f3wna\",\"item\":\"https:\/\/iodperformance.com\/en\/\"},{\"@type\":\"ListItem\",\"position\":2,\"name\":\"Shop\",\"item\":\"https:\/\/iodperformance.com\/en\/shop\/\"},{\"@type\":\"ListItem\",\"position\":3,\"name\":\"Front and Rear stabilizer link Nissan Patrol Y60 +4&#8243; 4pcs.\"}]},{\"@type\":\"WebSite\",\"@id\":\"https:\/\/iodperformance.com\/#website\",\"url\":\"https:\/\/iodperformance.com\/\",\"name\":\"IOD Performance\",\"description\":\"Producent cz\u0119\u015bci i akcesori\u00f3w samochodowych\",\"publisher\":{\"@id\":\"https:\/\/iodperformance.com\/#organization\"},\"potentialAction\":[{\"@type\":\"SearchAction\",\"target\":{\"@type\":\"EntryPoint\",\"urlTemplate\":\"https:\/\/iodperformance.com\/?s={search_term_string}\"},\"query-input\":{\"@type\":\"PropertyValueSpecification\",\"valueRequired\":true,\"valueName\":\"search_term_string\"}}],\"inLanguage\":\"en-US\"},{\"@type\":\"Organization\",\"@id\":\"https:\/\/iodperformance.com\/#organization\",\"name\":\"IOD Performance\",\"url\":\"https:\/\/iodperformance.com\/\",\"logo\":{\"@type\":\"ImageObject\",\"inLanguage\":\"en-US\",\"@id\":\"https:\/\/iodperformance.com\/#\/schema\/logo\/image\/\",\"url\":\"https:\/\/iodperformance.com\/wp-content\/uploads\/2025\/02\/logo_V2.png\",\"contentUrl\":\"https:\/\/iodperformance.com\/wp-content\/uploads\/2025\/02\/logo_V2.png\",\"width\":2560,\"height\":1076,\"caption\":\"IOD Performance\"},\"image\":{\"@id\":\"https:\/\/iodperformance.com\/#\/schema\/logo\/image\/\"},\"sameAs\":[\"https:\/\/www.facebook.com\/IODshopPL\/\",\"https:\/\/www.instagram.com\/iodperformance\/\",\"https:\/\/www.youtube.com\/@iodperformance\"]}]}<\/script>\n<!-- \/ Yoast SEO plugin. -->","yoast_head_json":{"title":"Front and Rear stabilizer link Nissan Patrol Y60 +4\" 4pcs.","robots":{"index":"index","follow":"follow","max-snippet":"max-snippet:-1","max-image-preview":"max-image-preview:large","max-video-preview":"max-video-preview:-1"},"canonical":"https:\/\/iodperformance.com\/en\/produkt\/front-and-rear-stabilizer-link-nissan-patrol-y60-4-4pcs\/","og_locale":"en_US","og_type":"article","og_title":"Front and Rear stabilizer link Nissan Patrol Y60 +4\" 4pcs.","og_description":"Complete set of four stabilizer links (front and rear) for Nissan Patrol Y60 with +4\" suspension lift. This kit improves vehicle stability both on-road and off-road by eliminating excessive body roll and slack. High-quality materials ensure durability even in extreme off-road conditions.","og_url":"https:\/\/iodperformance.com\/en\/produkt\/front-and-rear-stabilizer-link-nissan-patrol-y60-4-4pcs\/","og_site_name":"IOD Performance","article_publisher":"https:\/\/www.facebook.com\/IODshopPL\/","article_modified_time":"2026-02-26T07:19:56+00:00","og_image":[{"width":1069,"height":1500,"url":"https:\/\/iodperformance.com\/wp-content\/uploads\/2025\/06\/przedni-i-tylni-lacznik-stabilizatora-nissan-patrol-y60-4-4szt.webp","type":"image\/webp"}],"twitter_card":"summary_large_image","schema":{"@context":"https:\/\/schema.org","@graph":[{"@type":"WebPage","@id":"https:\/\/iodperformance.com\/en\/produkt\/front-and-rear-stabilizer-link-nissan-patrol-y60-4-4pcs\/","url":"https:\/\/iodperformance.com\/en\/produkt\/front-and-rear-stabilizer-link-nissan-patrol-y60-4-4pcs\/","name":"Front and Rear stabilizer link Nissan Patrol Y60 +4\" 4pcs.","isPartOf":{"@id":"https:\/\/iodperformance.com\/#website"},"primaryImageOfPage":{"@id":"https:\/\/iodperformance.com\/en\/produkt\/front-and-rear-stabilizer-link-nissan-patrol-y60-4-4pcs\/#primaryimage"},"image":{"@id":"https:\/\/iodperformance.com\/en\/produkt\/front-and-rear-stabilizer-link-nissan-patrol-y60-4-4pcs\/#primaryimage"},"thumbnailUrl":"https:\/\/iodperformance.com\/wp-content\/uploads\/2025\/06\/przedni-i-tylni-lacznik-stabilizatora-nissan-patrol-y60-001.webp","datePublished":"2025-06-30T05:47:49+00:00","dateModified":"2026-02-26T07:19:56+00:00","breadcrumb":{"@id":"https:\/\/iodperformance.com\/en\/produkt\/front-and-rear-stabilizer-link-nissan-patrol-y60-4-4pcs\/#breadcrumb"},"inLanguage":"en-US","potentialAction":[{"@type":"ReadAction","target":["https:\/\/iodperformance.com\/en\/produkt\/front-and-rear-stabilizer-link-nissan-patrol-y60-4-4pcs\/"]}]},{"@type":"ImageObject","inLanguage":"en-US","@id":"https:\/\/iodperformance.com\/en\/produkt\/front-and-rear-stabilizer-link-nissan-patrol-y60-4-4pcs\/#primaryimage","url":"https:\/\/iodperformance.com\/wp-content\/uploads\/2025\/06\/przedni-i-tylni-lacznik-stabilizatora-nissan-patrol-y60-001.webp","contentUrl":"https:\/\/iodperformance.com\/wp-content\/uploads\/2025\/06\/przedni-i-tylni-lacznik-stabilizatora-nissan-patrol-y60-001.webp","width":1000,"height":1000},{"@type":"BreadcrumbList","@id":"https:\/\/iodperformance.com\/en\/produkt\/front-and-rear-stabilizer-link-nissan-patrol-y60-4-4pcs\/#breadcrumb","itemListElement":[{"@type":"ListItem","position":1,"name":"Strona g\u0142\u00f3wna","item":"https:\/\/iodperformance.com\/en\/"},{"@type":"ListItem","position":2,"name":"Shop","item":"https:\/\/iodperformance.com\/en\/shop\/"},{"@type":"ListItem","position":3,"name":"Front and Rear stabilizer link Nissan Patrol Y60 +4&#8243; 4pcs."}]},{"@type":"WebSite","@id":"https:\/\/iodperformance.com\/#website","url":"https:\/\/iodperformance.com\/","name":"IOD Performance","description":"Producent cz\u0119\u015bci i akcesori\u00f3w samochodowych","publisher":{"@id":"https:\/\/iodperformance.com\/#organization"},"potentialAction":[{"@type":"SearchAction","target":{"@type":"EntryPoint","urlTemplate":"https:\/\/iodperformance.com\/?s={search_term_string}"},"query-input":{"@type":"PropertyValueSpecification","valueRequired":true,"valueName":"search_term_string"}}],"inLanguage":"en-US"},{"@type":"Organization","@id":"https:\/\/iodperformance.com\/#organization","name":"IOD Performance","url":"https:\/\/iodperformance.com\/","logo":{"@type":"ImageObject","inLanguage":"en-US","@id":"https:\/\/iodperformance.com\/#\/schema\/logo\/image\/","url":"https:\/\/iodperformance.com\/wp-content\/uploads\/2025\/02\/logo_V2.png","contentUrl":"https:\/\/iodperformance.com\/wp-content\/uploads\/2025\/02\/logo_V2.png","width":2560,"height":1076,"caption":"IOD Performance"},"image":{"@id":"https:\/\/iodperformance.com\/#\/schema\/logo\/image\/"},"sameAs":["https:\/\/www.facebook.com\/IODshopPL\/","https:\/\/www.instagram.com\/iodperformance\/","https:\/\/www.youtube.com\/@iodperformance"]}]}},"_links":{"self":[{"href":"https:\/\/iodperformance.com\/en\/wp-json\/wp\/v2\/product\/19352","targetHints":{"allow":["GET"]}}],"collection":[{"href":"https:\/\/iodperformance.com\/en\/wp-json\/wp\/v2\/product"}],"about":[{"href":"https:\/\/iodperformance.com\/en\/wp-json\/wp\/v2\/types\/product"}],"version-history":[{"count":0,"href":"https:\/\/iodperformance.com\/en\/wp-json\/wp\/v2\/product\/19352\/revisions"}],"wp:featuredmedia":[{"embeddable":true,"href":"https:\/\/iodperformance.com\/en\/wp-json\/wp\/v2\/media\/37856"}],"wp:attachment":[{"href":"https:\/\/iodperformance.com\/en\/wp-json\/wp\/v2\/media?parent=19352"}],"wp:term":[{"taxonomy":"product_brand","embeddable":true,"href":"https:\/\/iodperformance.com\/en\/wp-json\/wp\/v2\/product_brand?post=19352"},{"taxonomy":"product_cat","embeddable":true,"href":"https:\/\/iodperformance.com\/en\/wp-json\/wp\/v2\/product_cat?post=19352"},{"taxonomy":"product_tag","embeddable":true,"href":"https:\/\/iodperformance.com\/en\/wp-json\/wp\/v2\/product_tag?post=19352"}],"curies":[{"name":"wp","href":"https:\/\/api.w.org\/{rel}","templated":true}]}}