{"id":16139,"date":"2025-06-18T08:21:56","date_gmt":"2025-06-18T06:21:56","guid":{"rendered":"https:\/\/iodperformance.com\/produkt\/bmw-m57-3-0d-adapter-nissan-patrol-y61-y61zd30-re4r03a-automatic\/"},"modified":"2026-02-26T08:12:35","modified_gmt":"2026-02-26T07:12:35","slug":"bmw-m57-3-0d-adapter-nissan-patrol-y61-y61zd30-re4r03a-automatic","status":"publish","type":"product","link":"https:\/\/iodperformance.com\/en\/produkt\/bmw-m57-3-0d-adapter-nissan-patrol-y61-y61zd30-re4r03a-automatic\/","title":{"rendered":"Transmission Adapter BMW M57 3.0D \u2013 Nissan Patrol Y61 ZD30 \/ RE4R03A Automatic"},"content":{"rendered":"<p><strong>BMW Engine Model:<\/strong> BMW M57N \/ M57N2 (3.0 Diesel, large bellhousing)<\/p>\n<p><strong>BMW M57N<\/strong><\/p>\n<ul>\n<li>BMW M57n 204HP 306D2-EU3, 306D2-EU4<\/li>\n<li>BMW E46 M57TUD30 150 kW (204 HP) 410Nm<\/li>\n<\/ul>\n<p><strong>BMW M57N2<\/strong><\/p>\n<ul>\n<li>BMW E60\/E61 M57TUD30 173 kW (235 HP) 520Nm<\/li>\n<li>BMW E70 X5 M57N2 210 kW (286 HP) 580Nm<\/li>\n<\/ul>\n<p><strong>Transmission:<\/strong> Nissan Patrol Y61 ZD30 \/ TD42 (manual)<\/p>\n<hr>\n<p><strong>CLUTCH<\/strong><\/p>\n<ul>\n<li><strong>Clutch kit included:<\/strong> No<\/li>\n<li><strong>Required starter motor (not included):<\/strong>\n<ul>\n<li>BMW M57 OE 12 41 2 179 676 \/ 12 41 2179676<\/li>\n<li>BMW M57 OE 12 41 2 344 240 \/ 12 41 2344240<\/li>\n<li>BMW M57 OE 12 41 2 247 391 \/ 12 41 2247391<\/li>\n<li>BMW M57 OE 12 41 2 247 492 \/ 12 41 2247492<\/li>\n<\/ul>\n<\/li>\n<li><strong>Required automatic flywheel \/ starter ring gear (not included):<\/strong><br \/>\n      BMW OE 11 22 8 506 670 \/ 11 22 8506670\n  <\/li>\n<\/ul>\n<hr>\n<p><strong>ADDITIONAL INFORMATION<\/strong><\/p>\n<ul>\n<li><strong>Conversion type:<\/strong> Off-road \/ Daily \/ Motorsport<\/li>\n<li><strong>Adapter thickness:<\/strong> 25 mm \/ 0.98&#8243;<\/li>\n<li><strong>Kit includes:<\/strong>\n<ul>\n<li>Aluminium gearbox adapter (PMC Motorsport)<\/li>\n<li>Mounting bolts for adapter<\/li>\n<li>Positioning sleeves<\/li>\n<\/ul>\n<\/li>\n<\/ul>\n","protected":false},"excerpt":{"rendered":"<p>Aluminium Adapter for BMW M57 \/ M57N (6-cylinder) to Nissan Patrol Y61 ZD30 RE4R03A Automatic Transmission<\/p>\n<p>An aluminium adapter enabling the connection (swap\/conversion) of a 6-cylinder BMW M57 or M57N engine with the RE4R03A 4-speed automatic transmission from the Nissan Patrol Y61 ZD30.<\/p>\n","protected":false},"featured_media":16121,"template":"","meta":[],"product_brand":[351],"product_cat":[304,276],"product_tag":[],"class_list":{"0":"post-16139","1":"product","2":"type-product","3":"status-publish","4":"has-post-thumbnail","6":"product_brand-pmc-en","7":"product_cat-adapters-engine-transmission","8":"product_cat-m57-en","9":"pa_marka-samochodu-bmw","10":"pa_marka-samochodu-nissan","11":"pa_model-samochodu-m57","12":"pa_model-samochodu-patrol-y60-en","13":"pa_model-samochodu-patrol-y61-en","15":"first","16":"outofstock","17":"taxable","18":"shipping-taxable","19":"purchasable","20":"product-type-simple"},"bundled_by":[],"bundle_stock_status":"outofstock","bundle_stock_quantity":0,"bundle_virtual":false,"bundle_layout":"","bundle_add_to_cart_form_location":"","bundle_editable_in_cart":false,"bundle_sold_individually_context":"","bundle_item_grouping":"","bundle_min_size":"","bundle_max_size":"","bundle_price":[],"bundled_items":[],"bundle_sell_ids":[],"yoast_head":"<!-- This site is optimized with the Yoast SEO plugin v27.2 - https:\/\/yoast.com\/product\/yoast-seo-wordpress\/ -->\n<title>Transmission Adapter BMW M57 3.0D \u2013 Nissan Patrol Y61 ZD30 \/ RE4R03A Automatic<\/title>\n<meta name=\"robots\" content=\"index, follow, max-snippet:-1, max-image-preview:large, max-video-preview:-1\" \/>\n<link rel=\"canonical\" href=\"https:\/\/iodperformance.com\/en\/produkt\/bmw-m57-3-0d-adapter-nissan-patrol-y61-y61zd30-re4r03a-automatic\/\" \/>\n<meta property=\"og:locale\" content=\"en_US\" \/>\n<meta property=\"og:type\" content=\"article\" \/>\n<meta property=\"og:title\" content=\"Transmission Adapter BMW M57 3.0D \u2013 Nissan Patrol Y61 ZD30 \/ RE4R03A Automatic\" \/>\n<meta property=\"og:description\" content=\"Aluminium Adapter for BMW M57 \/ M57N (6-cylinder) to Nissan Patrol Y61 ZD30 RE4R03A Automatic Transmission An aluminium adapter enabling the connection (swap\/conversion) of a 6-cylinder BMW M57 or M57N engine with the RE4R03A 4-speed automatic transmission from the Nissan Patrol Y61 ZD30.\" \/>\n<meta property=\"og:url\" content=\"https:\/\/iodperformance.com\/en\/produkt\/bmw-m57-3-0d-adapter-nissan-patrol-y61-y61zd30-re4r03a-automatic\/\" \/>\n<meta property=\"og:site_name\" content=\"IOD Performance\" \/>\n<meta property=\"article:publisher\" content=\"https:\/\/www.facebook.com\/IODshopPL\/\" \/>\n<meta property=\"article:modified_time\" content=\"2026-02-26T07:12:35+00:00\" \/>\n<meta property=\"og:image\" content=\"https:\/\/iodperformance.com\/wp-content\/uploads\/2025\/06\/pol_pl_adapter-skrzyni-biegow-bmw-m57-3-0d-nissan-patrol-y61-zd30-y61-td42-4733_1.webp\" \/>\n\t<meta property=\"og:image:width\" content=\"600\" \/>\n\t<meta property=\"og:image:height\" content=\"600\" \/>\n\t<meta property=\"og:image:type\" content=\"image\/webp\" \/>\n<meta name=\"twitter:card\" content=\"summary_large_image\" \/>\n<meta name=\"twitter:label1\" content=\"Est. reading time\" \/>\n\t<meta name=\"twitter:data1\" content=\"1 minute\" \/>\n<script type=\"application\/ld+json\" class=\"yoast-schema-graph\">{\"@context\":\"https:\/\/schema.org\",\"@graph\":[{\"@type\":\"WebPage\",\"@id\":\"https:\/\/iodperformance.com\/en\/produkt\/bmw-m57-3-0d-adapter-nissan-patrol-y61-y61zd30-re4r03a-automatic\/\",\"url\":\"https:\/\/iodperformance.com\/en\/produkt\/bmw-m57-3-0d-adapter-nissan-patrol-y61-y61zd30-re4r03a-automatic\/\",\"name\":\"Transmission Adapter BMW M57 3.0D \u2013 Nissan Patrol Y61 ZD30 \/ RE4R03A Automatic\",\"isPartOf\":{\"@id\":\"https:\/\/iodperformance.com\/#website\"},\"primaryImageOfPage\":{\"@id\":\"https:\/\/iodperformance.com\/en\/produkt\/bmw-m57-3-0d-adapter-nissan-patrol-y61-y61zd30-re4r03a-automatic\/#primaryimage\"},\"image\":{\"@id\":\"https:\/\/iodperformance.com\/en\/produkt\/bmw-m57-3-0d-adapter-nissan-patrol-y61-y61zd30-re4r03a-automatic\/#primaryimage\"},\"thumbnailUrl\":\"https:\/\/iodperformance.com\/wp-content\/uploads\/2025\/06\/pol_pl_adapter-skrzyni-biegow-bmw-m57-3-0d-nissan-patrol-y61-zd30-y61-td42-4733_1.webp\",\"datePublished\":\"2025-06-18T06:21:56+00:00\",\"dateModified\":\"2026-02-26T07:12:35+00:00\",\"breadcrumb\":{\"@id\":\"https:\/\/iodperformance.com\/en\/produkt\/bmw-m57-3-0d-adapter-nissan-patrol-y61-y61zd30-re4r03a-automatic\/#breadcrumb\"},\"inLanguage\":\"en-US\",\"potentialAction\":[{\"@type\":\"ReadAction\",\"target\":[\"https:\/\/iodperformance.com\/en\/produkt\/bmw-m57-3-0d-adapter-nissan-patrol-y61-y61zd30-re4r03a-automatic\/\"]}]},{\"@type\":\"ImageObject\",\"inLanguage\":\"en-US\",\"@id\":\"https:\/\/iodperformance.com\/en\/produkt\/bmw-m57-3-0d-adapter-nissan-patrol-y61-y61zd30-re4r03a-automatic\/#primaryimage\",\"url\":\"https:\/\/iodperformance.com\/wp-content\/uploads\/2025\/06\/pol_pl_adapter-skrzyni-biegow-bmw-m57-3-0d-nissan-patrol-y61-zd30-y61-td42-4733_1.webp\",\"contentUrl\":\"https:\/\/iodperformance.com\/wp-content\/uploads\/2025\/06\/pol_pl_adapter-skrzyni-biegow-bmw-m57-3-0d-nissan-patrol-y61-zd30-y61-td42-4733_1.webp\",\"width\":600,\"height\":600},{\"@type\":\"BreadcrumbList\",\"@id\":\"https:\/\/iodperformance.com\/en\/produkt\/bmw-m57-3-0d-adapter-nissan-patrol-y61-y61zd30-re4r03a-automatic\/#breadcrumb\",\"itemListElement\":[{\"@type\":\"ListItem\",\"position\":1,\"name\":\"Strona g\u0142\u00f3wna\",\"item\":\"https:\/\/iodperformance.com\/en\/\"},{\"@type\":\"ListItem\",\"position\":2,\"name\":\"Shop\",\"item\":\"https:\/\/iodperformance.com\/en\/shop\/\"},{\"@type\":\"ListItem\",\"position\":3,\"name\":\"Transmission Adapter BMW M57 3.0D \u2013 Nissan Patrol Y61 ZD30 \/ RE4R03A Automatic\"}]},{\"@type\":\"WebSite\",\"@id\":\"https:\/\/iodperformance.com\/#website\",\"url\":\"https:\/\/iodperformance.com\/\",\"name\":\"IOD Performance\",\"description\":\"Producent cz\u0119\u015bci i akcesori\u00f3w samochodowych\",\"publisher\":{\"@id\":\"https:\/\/iodperformance.com\/#organization\"},\"potentialAction\":[{\"@type\":\"SearchAction\",\"target\":{\"@type\":\"EntryPoint\",\"urlTemplate\":\"https:\/\/iodperformance.com\/?s={search_term_string}\"},\"query-input\":{\"@type\":\"PropertyValueSpecification\",\"valueRequired\":true,\"valueName\":\"search_term_string\"}}],\"inLanguage\":\"en-US\"},{\"@type\":\"Organization\",\"@id\":\"https:\/\/iodperformance.com\/#organization\",\"name\":\"IOD Performance\",\"url\":\"https:\/\/iodperformance.com\/\",\"logo\":{\"@type\":\"ImageObject\",\"inLanguage\":\"en-US\",\"@id\":\"https:\/\/iodperformance.com\/#\/schema\/logo\/image\/\",\"url\":\"https:\/\/iodperformance.com\/wp-content\/uploads\/2025\/02\/logo_V2.png\",\"contentUrl\":\"https:\/\/iodperformance.com\/wp-content\/uploads\/2025\/02\/logo_V2.png\",\"width\":2560,\"height\":1076,\"caption\":\"IOD Performance\"},\"image\":{\"@id\":\"https:\/\/iodperformance.com\/#\/schema\/logo\/image\/\"},\"sameAs\":[\"https:\/\/www.facebook.com\/IODshopPL\/\",\"https:\/\/www.instagram.com\/iodperformance\/\",\"https:\/\/www.youtube.com\/@iodperformance\"]}]}<\/script>\n<!-- \/ Yoast SEO plugin. -->","yoast_head_json":{"title":"Transmission Adapter BMW M57 3.0D \u2013 Nissan Patrol Y61 ZD30 \/ RE4R03A Automatic","robots":{"index":"index","follow":"follow","max-snippet":"max-snippet:-1","max-image-preview":"max-image-preview:large","max-video-preview":"max-video-preview:-1"},"canonical":"https:\/\/iodperformance.com\/en\/produkt\/bmw-m57-3-0d-adapter-nissan-patrol-y61-y61zd30-re4r03a-automatic\/","og_locale":"en_US","og_type":"article","og_title":"Transmission Adapter BMW M57 3.0D \u2013 Nissan Patrol Y61 ZD30 \/ RE4R03A Automatic","og_description":"Aluminium Adapter for BMW M57 \/ M57N (6-cylinder) to Nissan Patrol Y61 ZD30 RE4R03A Automatic Transmission An aluminium adapter enabling the connection (swap\/conversion) of a 6-cylinder BMW M57 or M57N engine with the RE4R03A 4-speed automatic transmission from the Nissan Patrol Y61 ZD30.","og_url":"https:\/\/iodperformance.com\/en\/produkt\/bmw-m57-3-0d-adapter-nissan-patrol-y61-y61zd30-re4r03a-automatic\/","og_site_name":"IOD Performance","article_publisher":"https:\/\/www.facebook.com\/IODshopPL\/","article_modified_time":"2026-02-26T07:12:35+00:00","og_image":[{"width":600,"height":600,"url":"https:\/\/iodperformance.com\/wp-content\/uploads\/2025\/06\/pol_pl_adapter-skrzyni-biegow-bmw-m57-3-0d-nissan-patrol-y61-zd30-y61-td42-4733_1.webp","type":"image\/webp"}],"twitter_card":"summary_large_image","twitter_misc":{"Est. reading time":"1 minute"},"schema":{"@context":"https:\/\/schema.org","@graph":[{"@type":"WebPage","@id":"https:\/\/iodperformance.com\/en\/produkt\/bmw-m57-3-0d-adapter-nissan-patrol-y61-y61zd30-re4r03a-automatic\/","url":"https:\/\/iodperformance.com\/en\/produkt\/bmw-m57-3-0d-adapter-nissan-patrol-y61-y61zd30-re4r03a-automatic\/","name":"Transmission Adapter BMW M57 3.0D \u2013 Nissan Patrol Y61 ZD30 \/ RE4R03A Automatic","isPartOf":{"@id":"https:\/\/iodperformance.com\/#website"},"primaryImageOfPage":{"@id":"https:\/\/iodperformance.com\/en\/produkt\/bmw-m57-3-0d-adapter-nissan-patrol-y61-y61zd30-re4r03a-automatic\/#primaryimage"},"image":{"@id":"https:\/\/iodperformance.com\/en\/produkt\/bmw-m57-3-0d-adapter-nissan-patrol-y61-y61zd30-re4r03a-automatic\/#primaryimage"},"thumbnailUrl":"https:\/\/iodperformance.com\/wp-content\/uploads\/2025\/06\/pol_pl_adapter-skrzyni-biegow-bmw-m57-3-0d-nissan-patrol-y61-zd30-y61-td42-4733_1.webp","datePublished":"2025-06-18T06:21:56+00:00","dateModified":"2026-02-26T07:12:35+00:00","breadcrumb":{"@id":"https:\/\/iodperformance.com\/en\/produkt\/bmw-m57-3-0d-adapter-nissan-patrol-y61-y61zd30-re4r03a-automatic\/#breadcrumb"},"inLanguage":"en-US","potentialAction":[{"@type":"ReadAction","target":["https:\/\/iodperformance.com\/en\/produkt\/bmw-m57-3-0d-adapter-nissan-patrol-y61-y61zd30-re4r03a-automatic\/"]}]},{"@type":"ImageObject","inLanguage":"en-US","@id":"https:\/\/iodperformance.com\/en\/produkt\/bmw-m57-3-0d-adapter-nissan-patrol-y61-y61zd30-re4r03a-automatic\/#primaryimage","url":"https:\/\/iodperformance.com\/wp-content\/uploads\/2025\/06\/pol_pl_adapter-skrzyni-biegow-bmw-m57-3-0d-nissan-patrol-y61-zd30-y61-td42-4733_1.webp","contentUrl":"https:\/\/iodperformance.com\/wp-content\/uploads\/2025\/06\/pol_pl_adapter-skrzyni-biegow-bmw-m57-3-0d-nissan-patrol-y61-zd30-y61-td42-4733_1.webp","width":600,"height":600},{"@type":"BreadcrumbList","@id":"https:\/\/iodperformance.com\/en\/produkt\/bmw-m57-3-0d-adapter-nissan-patrol-y61-y61zd30-re4r03a-automatic\/#breadcrumb","itemListElement":[{"@type":"ListItem","position":1,"name":"Strona g\u0142\u00f3wna","item":"https:\/\/iodperformance.com\/en\/"},{"@type":"ListItem","position":2,"name":"Shop","item":"https:\/\/iodperformance.com\/en\/shop\/"},{"@type":"ListItem","position":3,"name":"Transmission Adapter BMW M57 3.0D \u2013 Nissan Patrol Y61 ZD30 \/ RE4R03A Automatic"}]},{"@type":"WebSite","@id":"https:\/\/iodperformance.com\/#website","url":"https:\/\/iodperformance.com\/","name":"IOD Performance","description":"Producent cz\u0119\u015bci i akcesori\u00f3w samochodowych","publisher":{"@id":"https:\/\/iodperformance.com\/#organization"},"potentialAction":[{"@type":"SearchAction","target":{"@type":"EntryPoint","urlTemplate":"https:\/\/iodperformance.com\/?s={search_term_string}"},"query-input":{"@type":"PropertyValueSpecification","valueRequired":true,"valueName":"search_term_string"}}],"inLanguage":"en-US"},{"@type":"Organization","@id":"https:\/\/iodperformance.com\/#organization","name":"IOD Performance","url":"https:\/\/iodperformance.com\/","logo":{"@type":"ImageObject","inLanguage":"en-US","@id":"https:\/\/iodperformance.com\/#\/schema\/logo\/image\/","url":"https:\/\/iodperformance.com\/wp-content\/uploads\/2025\/02\/logo_V2.png","contentUrl":"https:\/\/iodperformance.com\/wp-content\/uploads\/2025\/02\/logo_V2.png","width":2560,"height":1076,"caption":"IOD Performance"},"image":{"@id":"https:\/\/iodperformance.com\/#\/schema\/logo\/image\/"},"sameAs":["https:\/\/www.facebook.com\/IODshopPL\/","https:\/\/www.instagram.com\/iodperformance\/","https:\/\/www.youtube.com\/@iodperformance"]}]}},"_links":{"self":[{"href":"https:\/\/iodperformance.com\/en\/wp-json\/wp\/v2\/product\/16139","targetHints":{"allow":["GET"]}}],"collection":[{"href":"https:\/\/iodperformance.com\/en\/wp-json\/wp\/v2\/product"}],"about":[{"href":"https:\/\/iodperformance.com\/en\/wp-json\/wp\/v2\/types\/product"}],"version-history":[{"count":0,"href":"https:\/\/iodperformance.com\/en\/wp-json\/wp\/v2\/product\/16139\/revisions"}],"wp:featuredmedia":[{"embeddable":true,"href":"https:\/\/iodperformance.com\/en\/wp-json\/wp\/v2\/media\/16121"}],"wp:attachment":[{"href":"https:\/\/iodperformance.com\/en\/wp-json\/wp\/v2\/media?parent=16139"}],"wp:term":[{"taxonomy":"product_brand","embeddable":true,"href":"https:\/\/iodperformance.com\/en\/wp-json\/wp\/v2\/product_brand?post=16139"},{"taxonomy":"product_cat","embeddable":true,"href":"https:\/\/iodperformance.com\/en\/wp-json\/wp\/v2\/product_cat?post=16139"},{"taxonomy":"product_tag","embeddable":true,"href":"https:\/\/iodperformance.com\/en\/wp-json\/wp\/v2\/product_tag?post=16139"}],"curies":[{"name":"wp","href":"https:\/\/api.w.org\/{rel}","templated":true}]}}