{"id":15659,"date":"2025-06-13T14:54:07","date_gmt":"2025-06-13T12:54:07","guid":{"rendered":"https:\/\/iodperformance.com\/produkt\/rear-springs-6-y60-y61-lwb-dobinsons-600-kg\/"},"modified":"2026-02-26T08:12:28","modified_gmt":"2026-02-26T07:12:28","slug":"rear-springs-6-y60-y61-lwb-dobinsons-600-kg","status":"publish","type":"product","link":"https:\/\/iodperformance.com\/en\/produkt\/rear-springs-6-y60-y61-lwb-dobinsons-600-kg\/","title":{"rendered":"Dobinsons Rear Coil Springs +2&#8243; +800 kg Nissan Patrol Y60\/Y61 LWB"},"content":{"rendered":"<p>Rear coil springs Dobinsons +50mm designed for Nissan Patrol Y60\/Y61 LWB with additional load of +800kg.<\/p>\n<p><strong>Technical specifications:<\/strong><\/p>\n<p>\u2022 Left spring height: 480 mm<br \/>\n\u2022 Right spring height: 480 mm<br \/>\n\u2022 Spring rate: 83 N\/mm<br \/>\n\u2022 Manufacturer:<br \/>\n&#8211; Dobinsons<br \/>\n\u2022 Compatibility:<br \/>\n&#8211; Nissan Patrol Y60 LWB<br \/>\n&#8211; Nissan Patrol Y61 LWB<\/p>\n<p><strong>Kit includes:<\/strong><br \/>\n\u2022 Set of two coil springs for the rear axle.<\/p>\n","protected":false},"excerpt":{"rendered":"<p>Dobinsons GS series shock absorbers feature a twin-tube design with a significantly thicker body and larger working cylinder diameter. The compression and rebound valve settings (valving) are optimized to maximize ride quality and steering precision. Compared to standard shocks, they contain an increased oil volume, which enhances heat capacity, while nitrogen stabilizes the oil during operation, effectively reducing cavitation.<\/p>\n","protected":false},"featured_media":4326,"template":"","meta":[],"product_brand":[341],"product_cat":[291],"product_tag":[],"class_list":{"0":"post-15659","1":"product","2":"type-product","3":"status-publish","4":"has-post-thumbnail","6":"product_brand-dobinsons-en","7":"product_cat-springs","9":"first","10":"instock","11":"taxable","12":"shipping-taxable","13":"purchasable","14":"product-type-simple"},"bundled_by":[],"bundle_stock_status":"instock","bundle_stock_quantity":null,"bundle_virtual":false,"bundle_layout":"","bundle_add_to_cart_form_location":"","bundle_editable_in_cart":false,"bundle_sold_individually_context":"","bundle_item_grouping":"","bundle_min_size":"","bundle_max_size":"","bundle_price":[],"bundled_items":[],"bundle_sell_ids":[],"yoast_head":"<!-- This site is optimized with the Yoast SEO plugin v27.2 - https:\/\/yoast.com\/product\/yoast-seo-wordpress\/ -->\n<title>Dobinsons Rear Coil Springs +2&quot; +800 kg Nissan Patrol Y60\/Y61 LWB<\/title>\n<meta name=\"robots\" content=\"index, follow, max-snippet:-1, max-image-preview:large, max-video-preview:-1\" \/>\n<link rel=\"canonical\" href=\"https:\/\/iodperformance.com\/en\/produkt\/rear-springs-6-y60-y61-lwb-dobinsons-600-kg\/\" \/>\n<meta property=\"og:locale\" content=\"en_US\" \/>\n<meta property=\"og:type\" content=\"article\" \/>\n<meta property=\"og:title\" content=\"Dobinsons Rear Coil Springs +2&quot; +800 kg Nissan Patrol Y60\/Y61 LWB\" \/>\n<meta property=\"og:description\" content=\"Dobinsons GS series shock absorbers feature a twin-tube design with a significantly thicker body and larger working cylinder diameter. The compression and rebound valve settings (valving) are optimized to maximize ride quality and steering precision. Compared to standard shocks, they contain an increased oil volume, which enhances heat capacity, while nitrogen stabilizes the oil during operation, effectively reducing cavitation.\" \/>\n<meta property=\"og:url\" content=\"https:\/\/iodperformance.com\/en\/produkt\/rear-springs-6-y60-y61-lwb-dobinsons-600-kg\/\" \/>\n<meta property=\"og:site_name\" content=\"IOD Performance\" \/>\n<meta property=\"article:publisher\" content=\"https:\/\/www.facebook.com\/IODshopPL\/\" \/>\n<meta property=\"article:modified_time\" content=\"2026-02-26T07:12:28+00:00\" \/>\n<meta property=\"og:image\" content=\"https:\/\/iodperformance.com\/wp-content\/uploads\/2025\/02\/dobinsons-sprezyny-przednie-2-nissan-patrol-lwb-y60y61-28-30.jpg\" \/>\n\t<meta property=\"og:image:width\" content=\"2400\" \/>\n\t<meta property=\"og:image:height\" content=\"2000\" \/>\n\t<meta property=\"og:image:type\" content=\"image\/jpeg\" \/>\n<meta name=\"twitter:card\" content=\"summary_large_image\" \/>\n<meta name=\"twitter:label1\" content=\"Est. reading time\" \/>\n\t<meta name=\"twitter:data1\" content=\"1 minute\" \/>\n<script type=\"application\/ld+json\" class=\"yoast-schema-graph\">{\"@context\":\"https:\/\/schema.org\",\"@graph\":[{\"@type\":\"WebPage\",\"@id\":\"https:\/\/iodperformance.com\/en\/produkt\/rear-springs-6-y60-y61-lwb-dobinsons-600-kg\/\",\"url\":\"https:\/\/iodperformance.com\/en\/produkt\/rear-springs-6-y60-y61-lwb-dobinsons-600-kg\/\",\"name\":\"Dobinsons Rear Coil Springs +2\\\" +800 kg Nissan Patrol Y60\/Y61 LWB\",\"isPartOf\":{\"@id\":\"https:\/\/iodperformance.com\/#website\"},\"primaryImageOfPage\":{\"@id\":\"https:\/\/iodperformance.com\/en\/produkt\/rear-springs-6-y60-y61-lwb-dobinsons-600-kg\/#primaryimage\"},\"image\":{\"@id\":\"https:\/\/iodperformance.com\/en\/produkt\/rear-springs-6-y60-y61-lwb-dobinsons-600-kg\/#primaryimage\"},\"thumbnailUrl\":\"https:\/\/iodperformance.com\/wp-content\/uploads\/2025\/02\/dobinsons-sprezyny-przednie-2-nissan-patrol-lwb-y60y61-28-30.jpg\",\"datePublished\":\"2025-06-13T12:54:07+00:00\",\"dateModified\":\"2026-02-26T07:12:28+00:00\",\"breadcrumb\":{\"@id\":\"https:\/\/iodperformance.com\/en\/produkt\/rear-springs-6-y60-y61-lwb-dobinsons-600-kg\/#breadcrumb\"},\"inLanguage\":\"en-US\",\"potentialAction\":[{\"@type\":\"ReadAction\",\"target\":[\"https:\/\/iodperformance.com\/en\/produkt\/rear-springs-6-y60-y61-lwb-dobinsons-600-kg\/\"]}]},{\"@type\":\"ImageObject\",\"inLanguage\":\"en-US\",\"@id\":\"https:\/\/iodperformance.com\/en\/produkt\/rear-springs-6-y60-y61-lwb-dobinsons-600-kg\/#primaryimage\",\"url\":\"https:\/\/iodperformance.com\/wp-content\/uploads\/2025\/02\/dobinsons-sprezyny-przednie-2-nissan-patrol-lwb-y60y61-28-30.jpg\",\"contentUrl\":\"https:\/\/iodperformance.com\/wp-content\/uploads\/2025\/02\/dobinsons-sprezyny-przednie-2-nissan-patrol-lwb-y60y61-28-30.jpg\",\"width\":2400,\"height\":2000},{\"@type\":\"BreadcrumbList\",\"@id\":\"https:\/\/iodperformance.com\/en\/produkt\/rear-springs-6-y60-y61-lwb-dobinsons-600-kg\/#breadcrumb\",\"itemListElement\":[{\"@type\":\"ListItem\",\"position\":1,\"name\":\"Strona g\u0142\u00f3wna\",\"item\":\"https:\/\/iodperformance.com\/en\/\"},{\"@type\":\"ListItem\",\"position\":2,\"name\":\"Shop\",\"item\":\"https:\/\/iodperformance.com\/en\/shop\/\"},{\"@type\":\"ListItem\",\"position\":3,\"name\":\"Dobinsons Rear Coil Springs +2&#8243; +800 kg Nissan Patrol Y60\/Y61 LWB\"}]},{\"@type\":\"WebSite\",\"@id\":\"https:\/\/iodperformance.com\/#website\",\"url\":\"https:\/\/iodperformance.com\/\",\"name\":\"IOD Performance\",\"description\":\"Producent cz\u0119\u015bci i akcesori\u00f3w samochodowych\",\"publisher\":{\"@id\":\"https:\/\/iodperformance.com\/#organization\"},\"potentialAction\":[{\"@type\":\"SearchAction\",\"target\":{\"@type\":\"EntryPoint\",\"urlTemplate\":\"https:\/\/iodperformance.com\/?s={search_term_string}\"},\"query-input\":{\"@type\":\"PropertyValueSpecification\",\"valueRequired\":true,\"valueName\":\"search_term_string\"}}],\"inLanguage\":\"en-US\"},{\"@type\":\"Organization\",\"@id\":\"https:\/\/iodperformance.com\/#organization\",\"name\":\"IOD Performance\",\"url\":\"https:\/\/iodperformance.com\/\",\"logo\":{\"@type\":\"ImageObject\",\"inLanguage\":\"en-US\",\"@id\":\"https:\/\/iodperformance.com\/#\/schema\/logo\/image\/\",\"url\":\"https:\/\/iodperformance.com\/wp-content\/uploads\/2025\/02\/logo_V2.png\",\"contentUrl\":\"https:\/\/iodperformance.com\/wp-content\/uploads\/2025\/02\/logo_V2.png\",\"width\":2560,\"height\":1076,\"caption\":\"IOD Performance\"},\"image\":{\"@id\":\"https:\/\/iodperformance.com\/#\/schema\/logo\/image\/\"},\"sameAs\":[\"https:\/\/www.facebook.com\/IODshopPL\/\",\"https:\/\/www.instagram.com\/iodperformance\/\",\"https:\/\/www.youtube.com\/@iodperformance\"]}]}<\/script>\n<!-- \/ Yoast SEO plugin. -->","yoast_head_json":{"title":"Dobinsons Rear Coil Springs +2\" +800 kg Nissan Patrol Y60\/Y61 LWB","robots":{"index":"index","follow":"follow","max-snippet":"max-snippet:-1","max-image-preview":"max-image-preview:large","max-video-preview":"max-video-preview:-1"},"canonical":"https:\/\/iodperformance.com\/en\/produkt\/rear-springs-6-y60-y61-lwb-dobinsons-600-kg\/","og_locale":"en_US","og_type":"article","og_title":"Dobinsons Rear Coil Springs +2\" +800 kg Nissan Patrol Y60\/Y61 LWB","og_description":"Dobinsons GS series shock absorbers feature a twin-tube design with a significantly thicker body and larger working cylinder diameter. The compression and rebound valve settings (valving) are optimized to maximize ride quality and steering precision. Compared to standard shocks, they contain an increased oil volume, which enhances heat capacity, while nitrogen stabilizes the oil during operation, effectively reducing cavitation.","og_url":"https:\/\/iodperformance.com\/en\/produkt\/rear-springs-6-y60-y61-lwb-dobinsons-600-kg\/","og_site_name":"IOD Performance","article_publisher":"https:\/\/www.facebook.com\/IODshopPL\/","article_modified_time":"2026-02-26T07:12:28+00:00","og_image":[{"width":2400,"height":2000,"url":"https:\/\/iodperformance.com\/wp-content\/uploads\/2025\/02\/dobinsons-sprezyny-przednie-2-nissan-patrol-lwb-y60y61-28-30.jpg","type":"image\/jpeg"}],"twitter_card":"summary_large_image","twitter_misc":{"Est. reading time":"1 minute"},"schema":{"@context":"https:\/\/schema.org","@graph":[{"@type":"WebPage","@id":"https:\/\/iodperformance.com\/en\/produkt\/rear-springs-6-y60-y61-lwb-dobinsons-600-kg\/","url":"https:\/\/iodperformance.com\/en\/produkt\/rear-springs-6-y60-y61-lwb-dobinsons-600-kg\/","name":"Dobinsons Rear Coil Springs +2\" +800 kg Nissan Patrol Y60\/Y61 LWB","isPartOf":{"@id":"https:\/\/iodperformance.com\/#website"},"primaryImageOfPage":{"@id":"https:\/\/iodperformance.com\/en\/produkt\/rear-springs-6-y60-y61-lwb-dobinsons-600-kg\/#primaryimage"},"image":{"@id":"https:\/\/iodperformance.com\/en\/produkt\/rear-springs-6-y60-y61-lwb-dobinsons-600-kg\/#primaryimage"},"thumbnailUrl":"https:\/\/iodperformance.com\/wp-content\/uploads\/2025\/02\/dobinsons-sprezyny-przednie-2-nissan-patrol-lwb-y60y61-28-30.jpg","datePublished":"2025-06-13T12:54:07+00:00","dateModified":"2026-02-26T07:12:28+00:00","breadcrumb":{"@id":"https:\/\/iodperformance.com\/en\/produkt\/rear-springs-6-y60-y61-lwb-dobinsons-600-kg\/#breadcrumb"},"inLanguage":"en-US","potentialAction":[{"@type":"ReadAction","target":["https:\/\/iodperformance.com\/en\/produkt\/rear-springs-6-y60-y61-lwb-dobinsons-600-kg\/"]}]},{"@type":"ImageObject","inLanguage":"en-US","@id":"https:\/\/iodperformance.com\/en\/produkt\/rear-springs-6-y60-y61-lwb-dobinsons-600-kg\/#primaryimage","url":"https:\/\/iodperformance.com\/wp-content\/uploads\/2025\/02\/dobinsons-sprezyny-przednie-2-nissan-patrol-lwb-y60y61-28-30.jpg","contentUrl":"https:\/\/iodperformance.com\/wp-content\/uploads\/2025\/02\/dobinsons-sprezyny-przednie-2-nissan-patrol-lwb-y60y61-28-30.jpg","width":2400,"height":2000},{"@type":"BreadcrumbList","@id":"https:\/\/iodperformance.com\/en\/produkt\/rear-springs-6-y60-y61-lwb-dobinsons-600-kg\/#breadcrumb","itemListElement":[{"@type":"ListItem","position":1,"name":"Strona g\u0142\u00f3wna","item":"https:\/\/iodperformance.com\/en\/"},{"@type":"ListItem","position":2,"name":"Shop","item":"https:\/\/iodperformance.com\/en\/shop\/"},{"@type":"ListItem","position":3,"name":"Dobinsons Rear Coil Springs +2&#8243; +800 kg Nissan Patrol Y60\/Y61 LWB"}]},{"@type":"WebSite","@id":"https:\/\/iodperformance.com\/#website","url":"https:\/\/iodperformance.com\/","name":"IOD Performance","description":"Producent cz\u0119\u015bci i akcesori\u00f3w samochodowych","publisher":{"@id":"https:\/\/iodperformance.com\/#organization"},"potentialAction":[{"@type":"SearchAction","target":{"@type":"EntryPoint","urlTemplate":"https:\/\/iodperformance.com\/?s={search_term_string}"},"query-input":{"@type":"PropertyValueSpecification","valueRequired":true,"valueName":"search_term_string"}}],"inLanguage":"en-US"},{"@type":"Organization","@id":"https:\/\/iodperformance.com\/#organization","name":"IOD Performance","url":"https:\/\/iodperformance.com\/","logo":{"@type":"ImageObject","inLanguage":"en-US","@id":"https:\/\/iodperformance.com\/#\/schema\/logo\/image\/","url":"https:\/\/iodperformance.com\/wp-content\/uploads\/2025\/02\/logo_V2.png","contentUrl":"https:\/\/iodperformance.com\/wp-content\/uploads\/2025\/02\/logo_V2.png","width":2560,"height":1076,"caption":"IOD Performance"},"image":{"@id":"https:\/\/iodperformance.com\/#\/schema\/logo\/image\/"},"sameAs":["https:\/\/www.facebook.com\/IODshopPL\/","https:\/\/www.instagram.com\/iodperformance\/","https:\/\/www.youtube.com\/@iodperformance"]}]}},"_links":{"self":[{"href":"https:\/\/iodperformance.com\/en\/wp-json\/wp\/v2\/product\/15659","targetHints":{"allow":["GET"]}}],"collection":[{"href":"https:\/\/iodperformance.com\/en\/wp-json\/wp\/v2\/product"}],"about":[{"href":"https:\/\/iodperformance.com\/en\/wp-json\/wp\/v2\/types\/product"}],"version-history":[{"count":2,"href":"https:\/\/iodperformance.com\/en\/wp-json\/wp\/v2\/product\/15659\/revisions"}],"predecessor-version":[{"id":26526,"href":"https:\/\/iodperformance.com\/en\/wp-json\/wp\/v2\/product\/15659\/revisions\/26526"}],"wp:featuredmedia":[{"embeddable":true,"href":"https:\/\/iodperformance.com\/en\/wp-json\/wp\/v2\/media\/4326"}],"wp:attachment":[{"href":"https:\/\/iodperformance.com\/en\/wp-json\/wp\/v2\/media?parent=15659"}],"wp:term":[{"taxonomy":"product_brand","embeddable":true,"href":"https:\/\/iodperformance.com\/en\/wp-json\/wp\/v2\/product_brand?post=15659"},{"taxonomy":"product_cat","embeddable":true,"href":"https:\/\/iodperformance.com\/en\/wp-json\/wp\/v2\/product_cat?post=15659"},{"taxonomy":"product_tag","embeddable":true,"href":"https:\/\/iodperformance.com\/en\/wp-json\/wp\/v2\/product_tag?post=15659"}],"curies":[{"name":"wp","href":"https:\/\/api.w.org\/{rel}","templated":true}]}}