{"id":15261,"date":"2025-03-04T13:37:22","date_gmt":"2025-03-04T12:37:22","guid":{"rendered":"https:\/\/iodperformance.com\/produkt\/nissan-patrol-y61-frame-swb-lwb-rhd-long-arm\/"},"modified":"2026-03-30T13:30:44","modified_gmt":"2026-03-30T11:30:44","slug":"nissan-patrol-y61-frame-lwb-swb","status":"publish","type":"product","link":"https:\/\/iodperformance.com\/en\/produkt\/nissan-patrol-y61-frame-lwb-swb\/","title":{"rendered":"Nissan Patrol Y61 frame &#8211; LWB LA"},"content":{"rendered":"<p><span data-sheets-root=\"1\"><strong>Key advantages of the Nissan Patrol Y61 LWB Long Arm frame:<\/strong><\/span><\/p>\n<p>\u2013 Steering box mounting on the left side.<br \/>\n\u2013 Perfect fit of factory mounting points<br \/>\n\u2013 Durable galvanized steel construction<br \/>\n\u2013 Additional accessory mounting points under the chassis<br \/>\n\u2013 Design strengthened relative to series<br \/>\n\u2013 Reinforced stringers at the rear and front of the frame<br \/>\n\u2013 Reinforced rear spring cups<br \/>\n\u2013 Reinforced front spring mounts<br \/>\n\u2013 Reinforced panhard mounts<br \/>\n\u2013 Holes for easy cleaning of the inside of the frame<br \/>\n\u2013 Holes for bolting the thresholds<br \/>\n\u2013 Mounting of additional fuel tank<br \/>\n\u2013 Bolt-on engine mounts, allowing free replacement (SWAP M57\/M60\/LS\/JZ\/UZ\/OM606) without damaging the anti-corrosion coating<br \/>\n\u2013 Lowered beam position, allows large suspension lift<br \/>\n\u2013 LongArm control arm mount<br \/>\n\u2013 Reinforced front bumper mount<br \/>\n\u2013 Threads made in thick-walled bushings \u2013 can be reamed and re-threaded in case of thread damage.<br \/>\n\u2013 Ideal for off-road vehicle reconstruction and restoration<\/p>\n<p><strong>Technical specifications:<\/strong><\/p>\n<p>\u2013 Material: hot-dip galvanized steel<br \/>\n\u2013 Compatibility: Nissan Patrol Y61 LWB<br \/>\n\u2013 Installation: Precision fit to original vehicle mounts<\/p>\n<p><strong>The price is for a complete frame ready for installation.<\/strong><\/p>\n","protected":false},"excerpt":{"rendered":"<p><span data-sheets-root=\"1\">Frame Nissan Patrol Y61 LWB Long Arm. Is a precision-made structural component that allows you to completely replace, renovate or strengthen the structure of your vehicle. Made of high-quality, hot-dip galvanized steel, it provides corrosion resistance, resistance to extreme loads and longevity, even in the harshest off-road conditions.<\/span><\/p>\n<p><strong>For the frame it is necessary to purchase engine mounts:<\/strong><br \/>\n\u2022 <a href=\"https:\/\/iodperformance.com\/en\/produkt\/frame-engine-mounts-2-8-y60-y61\/\" target=\"_blank\" rel=\"noopener\">Engine RD28<\/a> (IOD-00026)<br \/>\n\u2022 <a href=\"https:\/\/iodperformance.com\/en\/produkt\/frame-engine-mounts-3-0-y61\/\" target=\"_blank\" rel=\"noopener\">Engine ZD30<\/a> (IOD-00027)<br \/>\n\u2022 <a href=\"https:\/\/iodperformance.com\/en\/produkt\/frame-engine-mount-nissan-patrol-y60-y61-4-2-2\/\" target=\"_blank\" rel=\"noopener\">Engine TD42<\/a> (IOD-00123)<br \/>\n\u2022 <a href=\"https:\/\/iodperformance.com\/en\/produkt\/universal-engine-foot-flanges\/\" target=\"_blank\" rel=\"noopener\">DIY Universal Engine Mounts<\/a> (IOD-00121)<\/p>\n<p><strong>Waiting time for the execution of the frame is about 3 months after<\/strong> the payment\/prepayment of min 30%. The cost of transportation is determined individually one week before the end of production.<\/p>\n","protected":false},"featured_media":35695,"template":"","meta":[],"product_brand":[336],"product_cat":[264],"product_tag":[429],"class_list":{"0":"post-15261","1":"product","2":"type-product","3":"status-publish","4":"has-post-thumbnail","6":"product_brand-iod-performance-en","7":"product_cat-frame","8":"product_tag-frames","9":"pa_marka-samochodu-nissan","10":"pa_model-samochodu-patrol-y61-en","12":"first","13":"onbackorder","14":"taxable","15":"shipping-taxable","16":"purchasable","17":"product-type-simple"},"bundled_by":[],"bundle_stock_status":"onbackorder","bundle_stock_quantity":0,"bundle_virtual":false,"bundle_layout":"","bundle_add_to_cart_form_location":"","bundle_editable_in_cart":false,"bundle_sold_individually_context":"","bundle_item_grouping":"","bundle_min_size":"","bundle_max_size":"","bundle_price":[],"bundled_items":[],"bundle_sell_ids":[],"yoast_head":"<!-- This site is optimized with the Yoast SEO plugin v27.2 - https:\/\/yoast.com\/product\/yoast-seo-wordpress\/ -->\n<title>Nissan Patrol Y61 frame - LWB LA<\/title>\n<meta name=\"robots\" content=\"index, follow, max-snippet:-1, max-image-preview:large, max-video-preview:-1\" \/>\n<link rel=\"canonical\" href=\"https:\/\/iodperformance.com\/en\/produkt\/nissan-patrol-y61-frame-lwb-swb\/\" \/>\n<meta property=\"og:locale\" content=\"en_US\" \/>\n<meta property=\"og:type\" content=\"article\" \/>\n<meta property=\"og:title\" content=\"Nissan Patrol Y61 frame - LWB LA\" \/>\n<meta property=\"og:description\" content=\"Frame Nissan Patrol Y61 LWB Long Arm. Is a precision-made structural component that allows you to completely replace, renovate or strengthen the structure of your vehicle. Made of high-quality, hot-dip galvanized steel, it provides corrosion resistance, resistance to extreme loads and longevity, even in the harshest off-road conditions.  For the frame it is necessary to purchase engine mounts: \u2022 Engine RD28 (IOD-00026) \u2022 Engine ZD30 (IOD-00027) \u2022 Engine TD42 (IOD-00123) \u2022 DIY Universal Engine Mounts (IOD-00121)  Waiting time for the execution of the frame is about 3 months after the payment\/prepayment of min 30%. The cost of transportation is determined individually one week before the end of production.\" \/>\n<meta property=\"og:url\" content=\"https:\/\/iodperformance.com\/en\/produkt\/nissan-patrol-y61-frame-lwb-swb\/\" \/>\n<meta property=\"og:site_name\" content=\"IOD Performance\" \/>\n<meta property=\"article:publisher\" content=\"https:\/\/www.facebook.com\/IODshopPL\/\" \/>\n<meta property=\"article:modified_time\" content=\"2026-03-30T11:30:44+00:00\" \/>\n<meta property=\"og:image\" content=\"https:\/\/iodperformance.com\/wp-content\/uploads\/2026\/02\/iod-00021-nissan-patrol-y61-frame-lwb-long-arm-001.webp\" \/>\n\t<meta property=\"og:image:width\" content=\"1000\" \/>\n\t<meta property=\"og:image:height\" content=\"1000\" \/>\n\t<meta property=\"og:image:type\" content=\"image\/webp\" \/>\n<meta name=\"twitter:card\" content=\"summary_large_image\" \/>\n<meta name=\"twitter:label1\" content=\"Est. reading time\" \/>\n\t<meta name=\"twitter:data1\" content=\"2 minutes\" \/>\n<script type=\"application\/ld+json\" class=\"yoast-schema-graph\">{\"@context\":\"https:\/\/schema.org\",\"@graph\":[{\"@type\":\"WebPage\",\"@id\":\"https:\/\/iodperformance.com\/en\/produkt\/nissan-patrol-y61-frame-lwb-swb\/\",\"url\":\"https:\/\/iodperformance.com\/en\/produkt\/nissan-patrol-y61-frame-lwb-swb\/\",\"name\":\"Nissan Patrol Y61 frame - LWB LA\",\"isPartOf\":{\"@id\":\"https:\/\/iodperformance.com\/#website\"},\"primaryImageOfPage\":{\"@id\":\"https:\/\/iodperformance.com\/en\/produkt\/nissan-patrol-y61-frame-lwb-swb\/#primaryimage\"},\"image\":{\"@id\":\"https:\/\/iodperformance.com\/en\/produkt\/nissan-patrol-y61-frame-lwb-swb\/#primaryimage\"},\"thumbnailUrl\":\"https:\/\/iodperformance.com\/wp-content\/uploads\/2026\/02\/iod-00021-nissan-patrol-y61-frame-lwb-long-arm-001.webp\",\"datePublished\":\"2025-03-04T12:37:22+00:00\",\"dateModified\":\"2026-03-30T11:30:44+00:00\",\"breadcrumb\":{\"@id\":\"https:\/\/iodperformance.com\/en\/produkt\/nissan-patrol-y61-frame-lwb-swb\/#breadcrumb\"},\"inLanguage\":\"en-US\",\"potentialAction\":[{\"@type\":\"ReadAction\",\"target\":[\"https:\/\/iodperformance.com\/en\/produkt\/nissan-patrol-y61-frame-lwb-swb\/\"]}]},{\"@type\":\"ImageObject\",\"inLanguage\":\"en-US\",\"@id\":\"https:\/\/iodperformance.com\/en\/produkt\/nissan-patrol-y61-frame-lwb-swb\/#primaryimage\",\"url\":\"https:\/\/iodperformance.com\/wp-content\/uploads\/2026\/02\/iod-00021-nissan-patrol-y61-frame-lwb-long-arm-001.webp\",\"contentUrl\":\"https:\/\/iodperformance.com\/wp-content\/uploads\/2026\/02\/iod-00021-nissan-patrol-y61-frame-lwb-long-arm-001.webp\",\"width\":1000,\"height\":1000},{\"@type\":\"BreadcrumbList\",\"@id\":\"https:\/\/iodperformance.com\/en\/produkt\/nissan-patrol-y61-frame-lwb-swb\/#breadcrumb\",\"itemListElement\":[{\"@type\":\"ListItem\",\"position\":1,\"name\":\"Strona g\u0142\u00f3wna\",\"item\":\"https:\/\/iodperformance.com\/en\/\"},{\"@type\":\"ListItem\",\"position\":2,\"name\":\"Shop\",\"item\":\"https:\/\/iodperformance.com\/en\/shop\/\"},{\"@type\":\"ListItem\",\"position\":3,\"name\":\"Nissan Patrol Y61 frame - LWB LA\"}]},{\"@type\":\"WebSite\",\"@id\":\"https:\/\/iodperformance.com\/#website\",\"url\":\"https:\/\/iodperformance.com\/\",\"name\":\"IOD Performance\",\"description\":\"Producent cz\u0119\u015bci i akcesori\u00f3w samochodowych\",\"publisher\":{\"@id\":\"https:\/\/iodperformance.com\/#organization\"},\"potentialAction\":[{\"@type\":\"SearchAction\",\"target\":{\"@type\":\"EntryPoint\",\"urlTemplate\":\"https:\/\/iodperformance.com\/?s={search_term_string}\"},\"query-input\":{\"@type\":\"PropertyValueSpecification\",\"valueRequired\":true,\"valueName\":\"search_term_string\"}}],\"inLanguage\":\"en-US\"},{\"@type\":\"Organization\",\"@id\":\"https:\/\/iodperformance.com\/#organization\",\"name\":\"IOD Performance\",\"url\":\"https:\/\/iodperformance.com\/\",\"logo\":{\"@type\":\"ImageObject\",\"inLanguage\":\"en-US\",\"@id\":\"https:\/\/iodperformance.com\/#\/schema\/logo\/image\/\",\"url\":\"https:\/\/iodperformance.com\/wp-content\/uploads\/2025\/02\/logo_V2.png\",\"contentUrl\":\"https:\/\/iodperformance.com\/wp-content\/uploads\/2025\/02\/logo_V2.png\",\"width\":2560,\"height\":1076,\"caption\":\"IOD Performance\"},\"image\":{\"@id\":\"https:\/\/iodperformance.com\/#\/schema\/logo\/image\/\"},\"sameAs\":[\"https:\/\/www.facebook.com\/IODshopPL\/\",\"https:\/\/www.instagram.com\/iodperformance\/\",\"https:\/\/www.youtube.com\/@iodperformance\"]}]}<\/script>\n<!-- \/ Yoast SEO plugin. -->","yoast_head_json":{"title":"Nissan Patrol Y61 frame - LWB LA","robots":{"index":"index","follow":"follow","max-snippet":"max-snippet:-1","max-image-preview":"max-image-preview:large","max-video-preview":"max-video-preview:-1"},"canonical":"https:\/\/iodperformance.com\/en\/produkt\/nissan-patrol-y61-frame-lwb-swb\/","og_locale":"en_US","og_type":"article","og_title":"Nissan Patrol Y61 frame - LWB LA","og_description":"Frame Nissan Patrol Y61 LWB Long Arm. Is a precision-made structural component that allows you to completely replace, renovate or strengthen the structure of your vehicle. Made of high-quality, hot-dip galvanized steel, it provides corrosion resistance, resistance to extreme loads and longevity, even in the harshest off-road conditions.  For the frame it is necessary to purchase engine mounts: \u2022 Engine RD28 (IOD-00026) \u2022 Engine ZD30 (IOD-00027) \u2022 Engine TD42 (IOD-00123) \u2022 DIY Universal Engine Mounts (IOD-00121)  Waiting time for the execution of the frame is about 3 months after the payment\/prepayment of min 30%. The cost of transportation is determined individually one week before the end of production.","og_url":"https:\/\/iodperformance.com\/en\/produkt\/nissan-patrol-y61-frame-lwb-swb\/","og_site_name":"IOD Performance","article_publisher":"https:\/\/www.facebook.com\/IODshopPL\/","article_modified_time":"2026-03-30T11:30:44+00:00","og_image":[{"width":1000,"height":1000,"url":"https:\/\/iodperformance.com\/wp-content\/uploads\/2026\/02\/iod-00021-nissan-patrol-y61-frame-lwb-long-arm-001.webp","type":"image\/webp"}],"twitter_card":"summary_large_image","twitter_misc":{"Est. reading time":"2 minutes"},"schema":{"@context":"https:\/\/schema.org","@graph":[{"@type":"WebPage","@id":"https:\/\/iodperformance.com\/en\/produkt\/nissan-patrol-y61-frame-lwb-swb\/","url":"https:\/\/iodperformance.com\/en\/produkt\/nissan-patrol-y61-frame-lwb-swb\/","name":"Nissan Patrol Y61 frame - LWB LA","isPartOf":{"@id":"https:\/\/iodperformance.com\/#website"},"primaryImageOfPage":{"@id":"https:\/\/iodperformance.com\/en\/produkt\/nissan-patrol-y61-frame-lwb-swb\/#primaryimage"},"image":{"@id":"https:\/\/iodperformance.com\/en\/produkt\/nissan-patrol-y61-frame-lwb-swb\/#primaryimage"},"thumbnailUrl":"https:\/\/iodperformance.com\/wp-content\/uploads\/2026\/02\/iod-00021-nissan-patrol-y61-frame-lwb-long-arm-001.webp","datePublished":"2025-03-04T12:37:22+00:00","dateModified":"2026-03-30T11:30:44+00:00","breadcrumb":{"@id":"https:\/\/iodperformance.com\/en\/produkt\/nissan-patrol-y61-frame-lwb-swb\/#breadcrumb"},"inLanguage":"en-US","potentialAction":[{"@type":"ReadAction","target":["https:\/\/iodperformance.com\/en\/produkt\/nissan-patrol-y61-frame-lwb-swb\/"]}]},{"@type":"ImageObject","inLanguage":"en-US","@id":"https:\/\/iodperformance.com\/en\/produkt\/nissan-patrol-y61-frame-lwb-swb\/#primaryimage","url":"https:\/\/iodperformance.com\/wp-content\/uploads\/2026\/02\/iod-00021-nissan-patrol-y61-frame-lwb-long-arm-001.webp","contentUrl":"https:\/\/iodperformance.com\/wp-content\/uploads\/2026\/02\/iod-00021-nissan-patrol-y61-frame-lwb-long-arm-001.webp","width":1000,"height":1000},{"@type":"BreadcrumbList","@id":"https:\/\/iodperformance.com\/en\/produkt\/nissan-patrol-y61-frame-lwb-swb\/#breadcrumb","itemListElement":[{"@type":"ListItem","position":1,"name":"Strona g\u0142\u00f3wna","item":"https:\/\/iodperformance.com\/en\/"},{"@type":"ListItem","position":2,"name":"Shop","item":"https:\/\/iodperformance.com\/en\/shop\/"},{"@type":"ListItem","position":3,"name":"Nissan Patrol Y61 frame - LWB LA"}]},{"@type":"WebSite","@id":"https:\/\/iodperformance.com\/#website","url":"https:\/\/iodperformance.com\/","name":"IOD Performance","description":"Producent cz\u0119\u015bci i akcesori\u00f3w samochodowych","publisher":{"@id":"https:\/\/iodperformance.com\/#organization"},"potentialAction":[{"@type":"SearchAction","target":{"@type":"EntryPoint","urlTemplate":"https:\/\/iodperformance.com\/?s={search_term_string}"},"query-input":{"@type":"PropertyValueSpecification","valueRequired":true,"valueName":"search_term_string"}}],"inLanguage":"en-US"},{"@type":"Organization","@id":"https:\/\/iodperformance.com\/#organization","name":"IOD Performance","url":"https:\/\/iodperformance.com\/","logo":{"@type":"ImageObject","inLanguage":"en-US","@id":"https:\/\/iodperformance.com\/#\/schema\/logo\/image\/","url":"https:\/\/iodperformance.com\/wp-content\/uploads\/2025\/02\/logo_V2.png","contentUrl":"https:\/\/iodperformance.com\/wp-content\/uploads\/2025\/02\/logo_V2.png","width":2560,"height":1076,"caption":"IOD Performance"},"image":{"@id":"https:\/\/iodperformance.com\/#\/schema\/logo\/image\/"},"sameAs":["https:\/\/www.facebook.com\/IODshopPL\/","https:\/\/www.instagram.com\/iodperformance\/","https:\/\/www.youtube.com\/@iodperformance"]}]}},"_links":{"self":[{"href":"https:\/\/iodperformance.com\/en\/wp-json\/wp\/v2\/product\/15261","targetHints":{"allow":["GET"]}}],"collection":[{"href":"https:\/\/iodperformance.com\/en\/wp-json\/wp\/v2\/product"}],"about":[{"href":"https:\/\/iodperformance.com\/en\/wp-json\/wp\/v2\/types\/product"}],"version-history":[{"count":6,"href":"https:\/\/iodperformance.com\/en\/wp-json\/wp\/v2\/product\/15261\/revisions"}],"predecessor-version":[{"id":38529,"href":"https:\/\/iodperformance.com\/en\/wp-json\/wp\/v2\/product\/15261\/revisions\/38529"}],"wp:featuredmedia":[{"embeddable":true,"href":"https:\/\/iodperformance.com\/en\/wp-json\/wp\/v2\/media\/35695"}],"wp:attachment":[{"href":"https:\/\/iodperformance.com\/en\/wp-json\/wp\/v2\/media?parent=15261"}],"wp:term":[{"taxonomy":"product_brand","embeddable":true,"href":"https:\/\/iodperformance.com\/en\/wp-json\/wp\/v2\/product_brand?post=15261"},{"taxonomy":"product_cat","embeddable":true,"href":"https:\/\/iodperformance.com\/en\/wp-json\/wp\/v2\/product_cat?post=15261"},{"taxonomy":"product_tag","embeddable":true,"href":"https:\/\/iodperformance.com\/en\/wp-json\/wp\/v2\/product_tag?post=15261"}],"curies":[{"name":"wp","href":"https:\/\/api.w.org\/{rel}","templated":true}]}}