{"id":14580,"date":"2025-05-30T08:48:58","date_gmt":"2025-05-30T06:48:58","guid":{"rendered":"https:\/\/iodperformance.com\/produkt\/purelux-black-boost-s200-gen3-led-panel-straight-20-cm-60w-ref-25-1-pc\/"},"modified":"2026-02-26T08:12:21","modified_gmt":"2026-02-26T07:12:21","slug":"purelux-black-boost-s200-gen3-led-panel-straight-20-cm-60w-ref-25-1-pc","status":"publish","type":"product","link":"https:\/\/iodperformance.com\/en\/produkt\/purelux-black-boost-s200-gen3-led-panel-straight-20-cm-60w-ref-25-1-pc\/","title":{"rendered":"Purelux Black Boost S200 Gen3 LED panel &#8211; straight \/ 20 cm \/ 60W \/ Ref. 25, 1 pc."},"content":{"rendered":"<p><strong>Specifications<\/strong><\/p>\n<ul>\n<li><strong>Brand and model:<\/strong> Purelux Black Boost S200 Gen3<\/li>\n<li><strong>Purpose:<\/strong> Additional light for cars \/ off-road vehicles \/ work machines<\/li>\n<li><strong>LED:<\/strong> Osram<\/li>\n<li><strong>Operating voltage:<\/strong> 9\u201332 V<\/li>\n<li><strong>Reference number:<\/strong> 25<\/li>\n<li><strong>Calculated power:<\/strong> 60 W<\/li>\n<\/ul>\n<p><strong>Power consumption (measured by manufacturer)<\/strong><\/p>\n<ul>\n<li>PowerBoost\u00ae: 4.01 A @ 12 V \/ 0.95 A @ 24 V<\/li>\n<li>Road mode: 1.9 A @ 12 V \/ 0.95 A @ 24 V<\/li>\n<\/ul>\n<p><strong>Measured power (manufacturer)<\/strong><\/p>\n<ul>\n<li>PowerBoost\u00ae: 48.2 W @ 24 V<\/li>\n<li>Road mode: 22.8 W @ 24 V<\/li>\n<\/ul>\n<p><strong>Luminous flux<\/strong><\/p>\n<ul>\n<li>Declared: 5040 lm (PowerBoost\u00ae)<\/li>\n<li>Measured: 3726 lm (PowerBoost\u00ae)<\/li>\n<li>Measured: 1747 lm (Traffic mode)<\/li>\n<\/ul>\n<p><strong>Light range (measured by manufacturer)<\/strong><\/p>\n<ul>\n<li>PowerBoost\u00ae: 403 m @ 1 lux \/ 806 m @ 0.25 lux<\/li>\n<li>Traffic mode: 288 m @ 1 lux \/ 576 m @ 0.25 lux<\/li>\n<\/ul>\n<p><strong>Color temperature<\/strong><\/p>\n<ul>\n<li>Declared: 5700 K<\/li>\n<li>Measured: 5818 K<\/li>\n<\/ul>\n<p><strong>Mounting and wiring<\/strong><\/p>\n<ul>\n<li>Fastening: End legs + adjustable lower legs<\/li>\n<li>Connector: DT-2<\/li>\n<li>Cable length: 50 cm<\/li>\n<\/ul>\n<p><strong>Dimensions and weight<\/strong><\/p>\n<ul>\n<li>Dimensions: 204 x 70 x 67 mm (W x H x D)<\/li>\n<li>Height with end legs: 86 mm<\/li>\n<li>Height with lower legs: 89 mm<\/li>\n<li>Weight: 880 g<\/li>\n<\/ul>\n<p><strong>Protection and approvals<\/strong><\/p>\n<ul>\n<li>IP rating: IP69K<\/li>\n<li>Approvals: ECE R10, R112*<\/li>\n<li>*PowerBoost\u00ae mode is not road approved<\/li>\n<\/ul>\n<p><strong>Other<\/strong><\/p>\n<ul>\n<li>Warranty: 24 months<\/li>\n<li>Importer: Handshake.fi<\/li>\n<\/ul>\n<p><strong>Installation guide \u2013 Power mode switching (UI technology)<\/strong><\/p>\n<ul>\n<li>Starts in E-approved mode by default<\/li>\n<li>To change: turn on for at least 2 seconds, then flash high beam twice<\/li>\n<li>Repeat to switch again<\/li>\n<\/ul>\n","protected":false},"excerpt":{"rendered":"<p>Stylish two-row auxiliary light panel with dark optics and profile that comes with, for example, two different power modes and a two-color parking light. Great performance at a great price! Measured light output 3726 lm, measured range 403 m @ 1 lux.  <\/p>\n<p>Purelux Black Boost S200 Gen3 is part of the manufacturer&#8217;s updated Black secondary light series, which offers top quality and solid performance at an affordable price. The S200 Gen3 has the two different power modes familiar from the previous version, a wide beam of light and, of course, a sharp look. A two-color (orange or white) parking light has been introduced as a novelty, and switching between power modes has become even easier. The Black Boost S200 is now even more stylish and at the same time more user-friendly! With two different power modes, the panel can be used with a selection integrated into the user interface (see below for more information) to activate either the more moderate road-approved power mode or the more powerful PowerBoost\u00ae mode designed for off-road use. In road-approved power mode, the S200 Gen3 offers a measured luminous flux of 1,747 lumens, and when the unlimited PowerBoost\u00ae function is enabled, the panel&#8217;s measured luminous flux increases to 3,726 lumens with a measured range of 403 meters at 1 lux, an impressive result for a panel of this size.     <\/p>\n<p>Attention! You can clearly see the difference between Purelux PowerBoost\u00ae and traffic mode &#8211; PowerBoost\u00ae mode is much more powerful and should not be used when driving in normal traffic, only off-road. <\/p>\n<p>The S200 Gen3 headlight combines traffic-optimized elements: there is a bright and clear long-range main spot in the center of the light pattern, with a wide beam opening directed laterally from the road side to the side &#8211; straight out from the bow. The light beam is flat by means of reflectors, so that the light is not unnecessarily directed in front of the bow or into the treetops. The color temperature of the panel is 5700 kelvin. The small size of the S200 Gen3 makes it an excellent choice, for example, for mask and shield installations where you want to place two small panels side by side.   <\/p>\n<p>The lamp has a black bezel and dark optics, which is already evident in the name, giving the panel a sleek and modern look. The dark optics are continued in the parking light as well, so that the parking light stripe running down the middle of the lens only stands out from the light when it&#8217;s on, so the light is stylish both on and off. The frames of the Black Series panels are made of powder-coated and durable aluminum alloy, while the lenses are made of virtually indestructible polycarbonate, and the lamps are also fully protected from water and dust in accordance with IP69K rating. The frameless front of the lamps prevents the accumulation of snow, ice and dirt in front of the lens, so the light beam is not as easily obscured as with additional lamps equipped with a frame.   <\/p>\n<p>Mounting is easy with the DT-2 connector on the lamp&#8217;s power cord, and the width-adjustable lower and end legs that are included provide multiple mounting options. The wide operating voltage (9-32 volts) allows mounting on 12-volt and 24-volt systems. The lamp is protected against radio interference in accordance with the ECE R10 standard. Two-year (24 months) warranty!  <\/p>\n","protected":false},"featured_media":13686,"template":"","meta":[],"product_brand":[359],"product_cat":[494],"product_tag":[420],"class_list":{"0":"post-14580","1":"product","2":"type-product","3":"status-publish","4":"has-post-thumbnail","6":"product_brand-purelux-en","7":"product_cat-led-bars","8":"product_tag-led-headlights","10":"first","11":"instock","12":"taxable","13":"shipping-taxable","14":"purchasable","15":"product-type-simple"},"bundled_by":[],"bundle_stock_status":"instock","bundle_stock_quantity":null,"bundle_virtual":false,"bundle_layout":"","bundle_add_to_cart_form_location":"","bundle_editable_in_cart":false,"bundle_sold_individually_context":"","bundle_item_grouping":"","bundle_min_size":"","bundle_max_size":"","bundle_price":[],"bundled_items":[],"bundle_sell_ids":[],"yoast_head":"<!-- This site is optimized with the Yoast SEO plugin v27.2 - https:\/\/yoast.com\/product\/yoast-seo-wordpress\/ -->\n<title>Purelux Black Boost S200 Gen3 LED panel - straight \/ 20 cm \/ 60W \/ Ref. 25, 1 pc.<\/title>\n<meta name=\"robots\" content=\"index, follow, max-snippet:-1, max-image-preview:large, max-video-preview:-1\" \/>\n<link rel=\"canonical\" href=\"https:\/\/iodperformance.com\/en\/produkt\/purelux-black-boost-s200-gen3-led-panel-straight-20-cm-60w-ref-25-1-pc\/\" \/>\n<meta property=\"og:locale\" content=\"en_US\" \/>\n<meta property=\"og:type\" content=\"article\" \/>\n<meta property=\"og:title\" content=\"Purelux Black Boost S200 Gen3 LED panel - straight \/ 20 cm \/ 60W \/ Ref. 25, 1 pc.\" \/>\n<meta property=\"og:description\" content=\"Stylish two-row auxiliary light panel with dark optics and profile that comes with, for example, two different power modes and a two-color parking light. Great performance at a great price! Measured light output 3726 lm, measured range 403 m @ 1 lux.  Purelux Black Boost S200 Gen3 is part of the manufacturer&#039;s updated Black secondary light series, which offers top quality and solid performance at an affordable price. The S200 Gen3 has the two different power modes familiar from the previous version, a wide beam of light and, of course, a sharp look. A two-color (orange or white) parking light has been introduced as a novelty, and switching between power modes has become even easier. The Black Boost S200 is now even more stylish and at the same time more user-friendly! With two different power modes, the panel can be used with a selection integrated into the user interface (see below for more information) to activate either the more moderate road-approved power mode or the more powerful PowerBoost\u00ae mode designed for off-road use. In road-approved power mode, the S200 Gen3 offers a measured luminous flux of 1,747 lumens, and when the unlimited PowerBoost\u00ae function is enabled, the panel&#039;s measured luminous flux increases to 3,726 lumens with a measured range of 403 meters at 1 lux, an impressive result for a panel of this size.    Attention! You can clearly see the difference between Purelux PowerBoost\u00ae and traffic mode - PowerBoost\u00ae mode is much more powerful and should not be used when driving in normal traffic, only off-road.  The S200 Gen3 headlight combines traffic-optimized elements: there is a bright and clear long-range main spot in the center of the light pattern, with a wide beam opening directed laterally from the road side to the side - straight out from the bow. The light beam is flat by means of reflectors, so that the light is not unnecessarily directed in front of the bow or into the treetops. The color temperature of the panel is 5700 kelvin. The small size of the S200 Gen3 makes it an excellent choice, for example, for mask and shield installations where you want to place two small panels side by side.   The lamp has a black bezel and dark optics, which is already evident in the name, giving the panel a sleek and modern look. The dark optics are continued in the parking light as well, so that the parking light stripe running down the middle of the lens only stands out from the light when it&#039;s on, so the light is stylish both on and off. The frames of the Black Series panels are made of powder-coated and durable aluminum alloy, while the lenses are made of virtually indestructible polycarbonate, and the lamps are also fully protected from water and dust in accordance with IP69K rating. The frameless front of the lamps prevents the accumulation of snow, ice and dirt in front of the lens, so the light beam is not as easily obscured as with additional lamps equipped with a frame.   Mounting is easy with the DT-2 connector on the lamp&#039;s power cord, and the width-adjustable lower and end legs that are included provide multiple mounting options. The wide operating voltage (9-32 volts) allows mounting on 12-volt and 24-volt systems. The lamp is protected against radio interference in accordance with the ECE R10 standard. Two-year (24 months) warranty!\" \/>\n<meta property=\"og:url\" content=\"https:\/\/iodperformance.com\/en\/produkt\/purelux-black-boost-s200-gen3-led-panel-straight-20-cm-60w-ref-25-1-pc\/\" \/>\n<meta property=\"og:site_name\" content=\"IOD Performance\" \/>\n<meta property=\"article:publisher\" content=\"https:\/\/www.facebook.com\/IODshopPL\/\" \/>\n<meta property=\"article:modified_time\" content=\"2026-02-26T07:12:21+00:00\" \/>\n<meta property=\"og:image\" content=\"https:\/\/iodperformance.com\/wp-content\/uploads\/2025\/05\/purelux_black_boost_s200_gen2_1_1.jpg\" \/>\n\t<meta property=\"og:image:width\" content=\"2048\" \/>\n\t<meta property=\"og:image:height\" content=\"2048\" \/>\n\t<meta property=\"og:image:type\" content=\"image\/jpeg\" \/>\n<meta name=\"twitter:card\" content=\"summary_large_image\" \/>\n<meta name=\"twitter:label1\" content=\"Est. reading time\" \/>\n\t<meta name=\"twitter:data1\" content=\"1 minute\" \/>\n<script type=\"application\/ld+json\" class=\"yoast-schema-graph\">{\"@context\":\"https:\/\/schema.org\",\"@graph\":[{\"@type\":\"WebPage\",\"@id\":\"https:\/\/iodperformance.com\/en\/produkt\/purelux-black-boost-s200-gen3-led-panel-straight-20-cm-60w-ref-25-1-pc\/\",\"url\":\"https:\/\/iodperformance.com\/en\/produkt\/purelux-black-boost-s200-gen3-led-panel-straight-20-cm-60w-ref-25-1-pc\/\",\"name\":\"Purelux Black Boost S200 Gen3 LED panel - straight \/ 20 cm \/ 60W \/ Ref. 25, 1 pc.\",\"isPartOf\":{\"@id\":\"https:\/\/iodperformance.com\/#website\"},\"primaryImageOfPage\":{\"@id\":\"https:\/\/iodperformance.com\/en\/produkt\/purelux-black-boost-s200-gen3-led-panel-straight-20-cm-60w-ref-25-1-pc\/#primaryimage\"},\"image\":{\"@id\":\"https:\/\/iodperformance.com\/en\/produkt\/purelux-black-boost-s200-gen3-led-panel-straight-20-cm-60w-ref-25-1-pc\/#primaryimage\"},\"thumbnailUrl\":\"https:\/\/iodperformance.com\/wp-content\/uploads\/2025\/05\/purelux_black_boost_s200_gen2_1_1.jpg\",\"datePublished\":\"2025-05-30T06:48:58+00:00\",\"dateModified\":\"2026-02-26T07:12:21+00:00\",\"breadcrumb\":{\"@id\":\"https:\/\/iodperformance.com\/en\/produkt\/purelux-black-boost-s200-gen3-led-panel-straight-20-cm-60w-ref-25-1-pc\/#breadcrumb\"},\"inLanguage\":\"en-US\",\"potentialAction\":[{\"@type\":\"ReadAction\",\"target\":[\"https:\/\/iodperformance.com\/en\/produkt\/purelux-black-boost-s200-gen3-led-panel-straight-20-cm-60w-ref-25-1-pc\/\"]}]},{\"@type\":\"ImageObject\",\"inLanguage\":\"en-US\",\"@id\":\"https:\/\/iodperformance.com\/en\/produkt\/purelux-black-boost-s200-gen3-led-panel-straight-20-cm-60w-ref-25-1-pc\/#primaryimage\",\"url\":\"https:\/\/iodperformance.com\/wp-content\/uploads\/2025\/05\/purelux_black_boost_s200_gen2_1_1.jpg\",\"contentUrl\":\"https:\/\/iodperformance.com\/wp-content\/uploads\/2025\/05\/purelux_black_boost_s200_gen2_1_1.jpg\",\"width\":2048,\"height\":2048},{\"@type\":\"BreadcrumbList\",\"@id\":\"https:\/\/iodperformance.com\/en\/produkt\/purelux-black-boost-s200-gen3-led-panel-straight-20-cm-60w-ref-25-1-pc\/#breadcrumb\",\"itemListElement\":[{\"@type\":\"ListItem\",\"position\":1,\"name\":\"Strona g\u0142\u00f3wna\",\"item\":\"https:\/\/iodperformance.com\/en\/\"},{\"@type\":\"ListItem\",\"position\":2,\"name\":\"Shop\",\"item\":\"https:\/\/iodperformance.com\/en\/shop\/\"},{\"@type\":\"ListItem\",\"position\":3,\"name\":\"Purelux Black Boost S200 Gen3 LED panel - straight \/ 20 cm \/ 60W \/ Ref. 25, 1 pc.\"}]},{\"@type\":\"WebSite\",\"@id\":\"https:\/\/iodperformance.com\/#website\",\"url\":\"https:\/\/iodperformance.com\/\",\"name\":\"IOD Performance\",\"description\":\"Producent cz\u0119\u015bci i akcesori\u00f3w samochodowych\",\"publisher\":{\"@id\":\"https:\/\/iodperformance.com\/#organization\"},\"potentialAction\":[{\"@type\":\"SearchAction\",\"target\":{\"@type\":\"EntryPoint\",\"urlTemplate\":\"https:\/\/iodperformance.com\/?s={search_term_string}\"},\"query-input\":{\"@type\":\"PropertyValueSpecification\",\"valueRequired\":true,\"valueName\":\"search_term_string\"}}],\"inLanguage\":\"en-US\"},{\"@type\":\"Organization\",\"@id\":\"https:\/\/iodperformance.com\/#organization\",\"name\":\"IOD Performance\",\"url\":\"https:\/\/iodperformance.com\/\",\"logo\":{\"@type\":\"ImageObject\",\"inLanguage\":\"en-US\",\"@id\":\"https:\/\/iodperformance.com\/#\/schema\/logo\/image\/\",\"url\":\"https:\/\/iodperformance.com\/wp-content\/uploads\/2025\/02\/logo_V2.png\",\"contentUrl\":\"https:\/\/iodperformance.com\/wp-content\/uploads\/2025\/02\/logo_V2.png\",\"width\":2560,\"height\":1076,\"caption\":\"IOD Performance\"},\"image\":{\"@id\":\"https:\/\/iodperformance.com\/#\/schema\/logo\/image\/\"},\"sameAs\":[\"https:\/\/www.facebook.com\/IODshopPL\/\",\"https:\/\/www.instagram.com\/iodperformance\/\",\"https:\/\/www.youtube.com\/@iodperformance\"]}]}<\/script>\n<!-- \/ Yoast SEO plugin. -->","yoast_head_json":{"title":"Purelux Black Boost S200 Gen3 LED panel - straight \/ 20 cm \/ 60W \/ Ref. 25, 1 pc.","robots":{"index":"index","follow":"follow","max-snippet":"max-snippet:-1","max-image-preview":"max-image-preview:large","max-video-preview":"max-video-preview:-1"},"canonical":"https:\/\/iodperformance.com\/en\/produkt\/purelux-black-boost-s200-gen3-led-panel-straight-20-cm-60w-ref-25-1-pc\/","og_locale":"en_US","og_type":"article","og_title":"Purelux Black Boost S200 Gen3 LED panel - straight \/ 20 cm \/ 60W \/ Ref. 25, 1 pc.","og_description":"Stylish two-row auxiliary light panel with dark optics and profile that comes with, for example, two different power modes and a two-color parking light. Great performance at a great price! Measured light output 3726 lm, measured range 403 m @ 1 lux.  Purelux Black Boost S200 Gen3 is part of the manufacturer's updated Black secondary light series, which offers top quality and solid performance at an affordable price. The S200 Gen3 has the two different power modes familiar from the previous version, a wide beam of light and, of course, a sharp look. A two-color (orange or white) parking light has been introduced as a novelty, and switching between power modes has become even easier. The Black Boost S200 is now even more stylish and at the same time more user-friendly! With two different power modes, the panel can be used with a selection integrated into the user interface (see below for more information) to activate either the more moderate road-approved power mode or the more powerful PowerBoost\u00ae mode designed for off-road use. In road-approved power mode, the S200 Gen3 offers a measured luminous flux of 1,747 lumens, and when the unlimited PowerBoost\u00ae function is enabled, the panel's measured luminous flux increases to 3,726 lumens with a measured range of 403 meters at 1 lux, an impressive result for a panel of this size.    Attention! You can clearly see the difference between Purelux PowerBoost\u00ae and traffic mode - PowerBoost\u00ae mode is much more powerful and should not be used when driving in normal traffic, only off-road.  The S200 Gen3 headlight combines traffic-optimized elements: there is a bright and clear long-range main spot in the center of the light pattern, with a wide beam opening directed laterally from the road side to the side - straight out from the bow. The light beam is flat by means of reflectors, so that the light is not unnecessarily directed in front of the bow or into the treetops. The color temperature of the panel is 5700 kelvin. The small size of the S200 Gen3 makes it an excellent choice, for example, for mask and shield installations where you want to place two small panels side by side.   The lamp has a black bezel and dark optics, which is already evident in the name, giving the panel a sleek and modern look. The dark optics are continued in the parking light as well, so that the parking light stripe running down the middle of the lens only stands out from the light when it's on, so the light is stylish both on and off. The frames of the Black Series panels are made of powder-coated and durable aluminum alloy, while the lenses are made of virtually indestructible polycarbonate, and the lamps are also fully protected from water and dust in accordance with IP69K rating. The frameless front of the lamps prevents the accumulation of snow, ice and dirt in front of the lens, so the light beam is not as easily obscured as with additional lamps equipped with a frame.   Mounting is easy with the DT-2 connector on the lamp's power cord, and the width-adjustable lower and end legs that are included provide multiple mounting options. The wide operating voltage (9-32 volts) allows mounting on 12-volt and 24-volt systems. The lamp is protected against radio interference in accordance with the ECE R10 standard. Two-year (24 months) warranty!","og_url":"https:\/\/iodperformance.com\/en\/produkt\/purelux-black-boost-s200-gen3-led-panel-straight-20-cm-60w-ref-25-1-pc\/","og_site_name":"IOD Performance","article_publisher":"https:\/\/www.facebook.com\/IODshopPL\/","article_modified_time":"2026-02-26T07:12:21+00:00","og_image":[{"width":2048,"height":2048,"url":"https:\/\/iodperformance.com\/wp-content\/uploads\/2025\/05\/purelux_black_boost_s200_gen2_1_1.jpg","type":"image\/jpeg"}],"twitter_card":"summary_large_image","twitter_misc":{"Est. reading time":"1 minute"},"schema":{"@context":"https:\/\/schema.org","@graph":[{"@type":"WebPage","@id":"https:\/\/iodperformance.com\/en\/produkt\/purelux-black-boost-s200-gen3-led-panel-straight-20-cm-60w-ref-25-1-pc\/","url":"https:\/\/iodperformance.com\/en\/produkt\/purelux-black-boost-s200-gen3-led-panel-straight-20-cm-60w-ref-25-1-pc\/","name":"Purelux Black Boost S200 Gen3 LED panel - straight \/ 20 cm \/ 60W \/ Ref. 25, 1 pc.","isPartOf":{"@id":"https:\/\/iodperformance.com\/#website"},"primaryImageOfPage":{"@id":"https:\/\/iodperformance.com\/en\/produkt\/purelux-black-boost-s200-gen3-led-panel-straight-20-cm-60w-ref-25-1-pc\/#primaryimage"},"image":{"@id":"https:\/\/iodperformance.com\/en\/produkt\/purelux-black-boost-s200-gen3-led-panel-straight-20-cm-60w-ref-25-1-pc\/#primaryimage"},"thumbnailUrl":"https:\/\/iodperformance.com\/wp-content\/uploads\/2025\/05\/purelux_black_boost_s200_gen2_1_1.jpg","datePublished":"2025-05-30T06:48:58+00:00","dateModified":"2026-02-26T07:12:21+00:00","breadcrumb":{"@id":"https:\/\/iodperformance.com\/en\/produkt\/purelux-black-boost-s200-gen3-led-panel-straight-20-cm-60w-ref-25-1-pc\/#breadcrumb"},"inLanguage":"en-US","potentialAction":[{"@type":"ReadAction","target":["https:\/\/iodperformance.com\/en\/produkt\/purelux-black-boost-s200-gen3-led-panel-straight-20-cm-60w-ref-25-1-pc\/"]}]},{"@type":"ImageObject","inLanguage":"en-US","@id":"https:\/\/iodperformance.com\/en\/produkt\/purelux-black-boost-s200-gen3-led-panel-straight-20-cm-60w-ref-25-1-pc\/#primaryimage","url":"https:\/\/iodperformance.com\/wp-content\/uploads\/2025\/05\/purelux_black_boost_s200_gen2_1_1.jpg","contentUrl":"https:\/\/iodperformance.com\/wp-content\/uploads\/2025\/05\/purelux_black_boost_s200_gen2_1_1.jpg","width":2048,"height":2048},{"@type":"BreadcrumbList","@id":"https:\/\/iodperformance.com\/en\/produkt\/purelux-black-boost-s200-gen3-led-panel-straight-20-cm-60w-ref-25-1-pc\/#breadcrumb","itemListElement":[{"@type":"ListItem","position":1,"name":"Strona g\u0142\u00f3wna","item":"https:\/\/iodperformance.com\/en\/"},{"@type":"ListItem","position":2,"name":"Shop","item":"https:\/\/iodperformance.com\/en\/shop\/"},{"@type":"ListItem","position":3,"name":"Purelux Black Boost S200 Gen3 LED panel - straight \/ 20 cm \/ 60W \/ Ref. 25, 1 pc."}]},{"@type":"WebSite","@id":"https:\/\/iodperformance.com\/#website","url":"https:\/\/iodperformance.com\/","name":"IOD Performance","description":"Producent cz\u0119\u015bci i akcesori\u00f3w samochodowych","publisher":{"@id":"https:\/\/iodperformance.com\/#organization"},"potentialAction":[{"@type":"SearchAction","target":{"@type":"EntryPoint","urlTemplate":"https:\/\/iodperformance.com\/?s={search_term_string}"},"query-input":{"@type":"PropertyValueSpecification","valueRequired":true,"valueName":"search_term_string"}}],"inLanguage":"en-US"},{"@type":"Organization","@id":"https:\/\/iodperformance.com\/#organization","name":"IOD Performance","url":"https:\/\/iodperformance.com\/","logo":{"@type":"ImageObject","inLanguage":"en-US","@id":"https:\/\/iodperformance.com\/#\/schema\/logo\/image\/","url":"https:\/\/iodperformance.com\/wp-content\/uploads\/2025\/02\/logo_V2.png","contentUrl":"https:\/\/iodperformance.com\/wp-content\/uploads\/2025\/02\/logo_V2.png","width":2560,"height":1076,"caption":"IOD Performance"},"image":{"@id":"https:\/\/iodperformance.com\/#\/schema\/logo\/image\/"},"sameAs":["https:\/\/www.facebook.com\/IODshopPL\/","https:\/\/www.instagram.com\/iodperformance\/","https:\/\/www.youtube.com\/@iodperformance"]}]}},"_links":{"self":[{"href":"https:\/\/iodperformance.com\/en\/wp-json\/wp\/v2\/product\/14580","targetHints":{"allow":["GET"]}}],"collection":[{"href":"https:\/\/iodperformance.com\/en\/wp-json\/wp\/v2\/product"}],"about":[{"href":"https:\/\/iodperformance.com\/en\/wp-json\/wp\/v2\/types\/product"}],"version-history":[{"count":0,"href":"https:\/\/iodperformance.com\/en\/wp-json\/wp\/v2\/product\/14580\/revisions"}],"wp:featuredmedia":[{"embeddable":true,"href":"https:\/\/iodperformance.com\/en\/wp-json\/wp\/v2\/media\/13686"}],"wp:attachment":[{"href":"https:\/\/iodperformance.com\/en\/wp-json\/wp\/v2\/media?parent=14580"}],"wp:term":[{"taxonomy":"product_brand","embeddable":true,"href":"https:\/\/iodperformance.com\/en\/wp-json\/wp\/v2\/product_brand?post=14580"},{"taxonomy":"product_cat","embeddable":true,"href":"https:\/\/iodperformance.com\/en\/wp-json\/wp\/v2\/product_cat?post=14580"},{"taxonomy":"product_tag","embeddable":true,"href":"https:\/\/iodperformance.com\/en\/wp-json\/wp\/v2\/product_tag?post=14580"}],"curies":[{"name":"wp","href":"https:\/\/api.w.org\/{rel}","templated":true}]}}