{"id":14571,"date":"2025-05-30T08:48:54","date_gmt":"2025-05-30T06:48:54","guid":{"rendered":"https:\/\/iodperformance.com\/produkt\/purelux-black-x-slim-s520-gen3-led-panel-straight-52-cm-105w-ref-50-1-pc\/"},"modified":"2026-02-26T08:12:19","modified_gmt":"2026-02-26T07:12:19","slug":"purelux-black-x-slim-s520-gen3-led-panel-straight-52-cm-105w-ref-50-1-pc","status":"publish","type":"product","link":"https:\/\/iodperformance.com\/en\/produkt\/purelux-black-x-slim-s520-gen3-led-panel-straight-52-cm-105w-ref-50-1-pc\/","title":{"rendered":"Purelux Black X-Slim S520 Gen3 LED panel &#8211; straight \/ 52 cm \/ 105W \/ Ref. 50, 1 pc."},"content":{"rendered":"<p><strong>Specifications<\/strong><\/p>\n<ul>\n<li><strong>Brand and model:<\/strong> Purelux Black X-Slim S520 Gen3<\/li>\n<li><strong>Purpose:<\/strong> Additional light for cars \/ off-road vehicles \/ work machines<\/li>\n<li><strong>LED:<\/strong> Osram<\/li>\n<li><strong>Operating voltage:<\/strong> 9\u201332 V<\/li>\n<li><strong>Reference number:<\/strong> 50<\/li>\n<li><strong>Calculated power:<\/strong> 105 W<\/li>\n<\/ul>\n<p><strong>Power consumption (measured by manufacturer)<\/strong><\/p>\n<ul>\n<li>PowerBoost\u00ae: 7.36 A @ 12 V \/ 3.68 A @ 24 V<\/li>\n<li>Road mode: 4.24 A @ 12 V \/ 2.12 A @ 24 V<\/li>\n<\/ul>\n<p><strong>Measured power (manufacturer)<\/strong><\/p>\n<ul>\n<li>PowerBoost\u00ae: 88.3 W @ 24 V<\/li>\n<li>Road mode: 50.9 W @ 24 V<\/li>\n<\/ul>\n<p><strong>Luminous flux<\/strong><\/p>\n<ul>\n<li>Declared: 8820 lm (PowerBoost\u00ae)<\/li>\n<li>Measured: 7075 lm (PowerBoost\u00ae)<\/li>\n<li>Measured: 4079 lm (Traffic mode)<\/li>\n<\/ul>\n<p><strong>Light range (measured by manufacturer)<\/strong><\/p>\n<ul>\n<li>PowerBoost\u00ae: 545 m @ 1 lux \/ 1090 m @ 0.25 lux<\/li>\n<li>Road mode: 410 m @ 1 lux \/ 820 m @ 0.25 lux<\/li>\n<\/ul>\n<p><strong>Color temperature<\/strong><\/p>\n<ul>\n<li>Declared: 5700 K<\/li>\n<li>Measured: 5713 K<\/li>\n<\/ul>\n<p><strong>Mounting and wiring<\/strong><\/p>\n<ul>\n<li>Fastening: End legs + adjustable lower legs<\/li>\n<li>Connector: Deutsch DT-2<\/li>\n<li>Parking light wires: Separate<\/li>\n<li>Cable length: 50 cm<\/li>\n<\/ul>\n<p><strong>Dimensions and weight<\/strong><\/p>\n<ul>\n<li>Dimensions: 522 x 40 x 54 mm (W x H x D)<\/li>\n<li>Height with end legs: 49 mm<\/li>\n<li>Height with lower legs: 51 mm<\/li>\n<li>Weight: 1360 g<\/li>\n<\/ul>\n<p><strong>Protection and approvals<\/strong><\/p>\n<ul>\n<li>IP rating: IP69K<\/li>\n<li>Approvals: ECE R10, R148, R149*<\/li>\n<li>*PowerBoost\u00ae mode is not road approved<\/li>\n<\/ul>\n<p><strong>Other<\/strong><\/p>\n<ul>\n<li>Warranty: 24 months<\/li>\n<li>Importer: Handshake.fi<\/li>\n<\/ul>\n<p><strong>Installation guide \u2013 Coupling<\/strong><\/p>\n<ul>\n<li>DT-2 connector: Additional light connection<\/li>\n<li>White: White parking light<\/li>\n<li>Yellow: Orange parking light<\/li>\n<li><strong>Power mode switching (UI technology):<\/strong> On first use, the lamp starts in road-legal mode. Turn it on for 2+ seconds and flash high beam twice to switch mode. Repeat to toggle.<\/li>\n<\/ul>\n","protected":false},"excerpt":{"rendered":"<p>Stylish auxiliary lighting panel with slim and low housing (40 mm high), two-color dynamic parking light and two different power modes. Measured light output of 7075 lm, measured range of 545 m at 1 lux. <\/p>\n<p>Purelux Black X-Slim S520 Gen3 is part of the manufacturer&#8217;s updated Black X-Slim series of auxiliary lights, which offers top quality at an affordable price. The S520 Gen3 has the two different power modes familiar from the previous version, a wide beam of light and, of course, a stylish design and slim housing. As a novelty, the two-color (orange or white) parking light has been updated to be dynamic, and switching between power modes has become even easier. The Black X-Slim S520 is now even more stylish and more user-friendly at the same time! With two different power modes, the panel can be used with a unique selection integrated into the user interface (see below for more information) to activate either the more moderate traffic-approved power mode or the more powerful PowerBoost\u00ae mode designed for off-road use. Already in road-approved power mode, the S520 Gen3 offers a measured luminous flux nearly double that of the previous model (4079 lm), and when PowerBoost\u00ae mode is activated, the panel&#8217;s measured luminous flux increases to 7075 lumens, with a measured range of 545 meters at 1 lux.     <\/p>\n<p>Attention! The difference between Purelux PowerBoost\u00ae and traffic mode is clearly visible &#8211; PowerBoost\u00ae mode is much more powerful and should not be used when driving in normal traffic, only off-road .<\/p>\n<p>The light beam of the S520 Gen3 headlight combines traffic-optimized elements: there is a clear, long-range so-called \u201cmain spot\u201d in the center of the light pattern, which is a bright, long-range main spot, and in addition, a wide spot extends laterally on both sides to illuminate the road from side to side, straight from the bow. The light beam is shaped flat with renewed reflectors, so the light is not wasted in front of the bow or on the treetops. The biggest difference between the curved-body and straight-body models is the width of the light beam: the curved body spreads the light beam horizontally wide, and the central main spot is twice as wide as the straight model. Correspondingly, in the direct version, the entire luminous flux of the main spotlight is directed straight forward, so that the range of light can be maximized. When comparing cones, it is therefore recommended to choose the curved version when looking for a wide cone and improved overall visibility. If the car&#8217;s own lights illuminate the first 50-100 meters or so and you want to invest more in range, the direct model is the right choice. The color temperature of the panel is 5700 Kelvin. Due to its size, the S520 Gen3 is an excellent choice, for example, for the front of a passenger car, for a traditional cowl mount or, for example, for incorporation into an air intake.         <\/p>\n<p>The lamp has a black bezel and dark optics, which are already evident in the name, giving the panel a sleek and modern look. The dark optics have also been introduced to the parking light, so that the parking light strip running along the lower edge of the lens only stands out from the light when it is on, making the light stylish both when it is on and off. The frames of the Black X-Slim series panels are made of powder-coated and durable aluminum alloy, while the lenses are made of virtually indestructible polycarbonate, and the lamps are completely protected from water and dust in accordance with the IP69K rating. The frameless front of the lamps prevents the accumulation of snow, ice and dirt in front of the lens, so the light beam is not as easily obscured as with additional lamps equipped with a frame.   <\/p>\n<p>Mounting is easy with the DT-2 connector on the lamp&#8217;s power cord, and the width-adjustable lower and end legs that are included provide multiple mounting options. The wide operating voltage (9-32 volts) allows mounting on 12-volt and 24-volt systems. The lamp is protected against radio interference in accordance with the ECE R10 standard. Two-year (24 months) warranty!  <\/p>\n","protected":false},"featured_media":13601,"template":"","meta":[],"product_brand":[359],"product_cat":[494],"product_tag":[420],"class_list":{"0":"post-14571","1":"product","2":"type-product","3":"status-publish","4":"has-post-thumbnail","6":"product_brand-purelux-en","7":"product_cat-led-bars","8":"product_tag-led-headlights","10":"first","11":"instock","12":"taxable","13":"shipping-taxable","14":"purchasable","15":"product-type-simple"},"bundled_by":[],"bundle_stock_status":"instock","bundle_stock_quantity":null,"bundle_virtual":false,"bundle_layout":"","bundle_add_to_cart_form_location":"","bundle_editable_in_cart":false,"bundle_sold_individually_context":"","bundle_item_grouping":"","bundle_min_size":"","bundle_max_size":"","bundle_price":[],"bundled_items":[],"bundle_sell_ids":[],"yoast_head":"<!-- This site is optimized with the Yoast SEO plugin v27.2 - https:\/\/yoast.com\/product\/yoast-seo-wordpress\/ -->\n<title>Purelux Black X-Slim S520 Gen3 LED panel - straight \/ 52 cm \/ 105W \/ Ref. 50, 1 pc.<\/title>\n<meta name=\"robots\" content=\"index, follow, max-snippet:-1, max-image-preview:large, max-video-preview:-1\" \/>\n<link rel=\"canonical\" href=\"https:\/\/iodperformance.com\/en\/produkt\/purelux-black-x-slim-s520-gen3-led-panel-straight-52-cm-105w-ref-50-1-pc\/\" \/>\n<meta property=\"og:locale\" content=\"en_US\" \/>\n<meta property=\"og:type\" content=\"article\" \/>\n<meta property=\"og:title\" content=\"Purelux Black X-Slim S520 Gen3 LED panel - straight \/ 52 cm \/ 105W \/ Ref. 50, 1 pc.\" \/>\n<meta property=\"og:description\" content=\"Stylish auxiliary lighting panel with slim and low housing (40 mm high), two-color dynamic parking light and two different power modes. Measured light output of 7075 lm, measured range of 545 m at 1 lux.  Purelux Black X-Slim S520 Gen3 is part of the manufacturer&#039;s updated Black X-Slim series of auxiliary lights, which offers top quality at an affordable price. The S520 Gen3 has the two different power modes familiar from the previous version, a wide beam of light and, of course, a stylish design and slim housing. As a novelty, the two-color (orange or white) parking light has been updated to be dynamic, and switching between power modes has become even easier. The Black X-Slim S520 is now even more stylish and more user-friendly at the same time! With two different power modes, the panel can be used with a unique selection integrated into the user interface (see below for more information) to activate either the more moderate traffic-approved power mode or the more powerful PowerBoost\u00ae mode designed for off-road use. Already in road-approved power mode, the S520 Gen3 offers a measured luminous flux nearly double that of the previous model (4079 lm), and when PowerBoost\u00ae mode is activated, the panel&#039;s measured luminous flux increases to 7075 lumens, with a measured range of 545 meters at 1 lux.    Attention! The difference between Purelux PowerBoost\u00ae and traffic mode is clearly visible - PowerBoost\u00ae mode is much more powerful and should not be used when driving in normal traffic, only off-road . The light beam of the S520 Gen3 headlight combines traffic-optimized elements: there is a clear, long-range so-called \u201cmain spot\u201d in the center of the light pattern, which is a bright, long-range main spot, and in addition, a wide spot extends laterally on both sides to illuminate the road from side to side, straight from the bow. The light beam is shaped flat with renewed reflectors, so the light is not wasted in front of the bow or on the treetops. The biggest difference between the curved-body and straight-body models is the width of the light beam: the curved body spreads the light beam horizontally wide, and the central main spot is twice as wide as the straight model. Correspondingly, in the direct version, the entire luminous flux of the main spotlight is directed straight forward, so that the range of light can be maximized. When comparing cones, it is therefore recommended to choose the curved version when looking for a wide cone and improved overall visibility. If the car&#039;s own lights illuminate the first 50-100 meters or so and you want to invest more in range, the direct model is the right choice. The color temperature of the panel is 5700 Kelvin. Due to its size, the S520 Gen3 is an excellent choice, for example, for the front of a passenger car, for a traditional cowl mount or, for example, for incorporation into an air intake.      The lamp has a black bezel and dark optics, which are already evident in the name, giving the panel a sleek and modern look. The dark optics have also been introduced to the parking light, so that the parking light strip running along the lower edge of the lens only stands out from the light when it is on, making the light stylish both when it is on and off. The frames of the Black X-Slim series panels are made of powder-coated and durable aluminum alloy, while the lenses are made of virtually indestructible polycarbonate, and the lamps are completely protected from water and dust in accordance with the IP69K rating. The frameless front of the lamps prevents the accumulation of snow, ice and dirt in front of the lens, so the light beam is not as easily obscured as with additional lamps equipped with a frame.   Mounting is easy with the DT-2 connector on the lamp&#039;s power cord, and the width-adjustable lower and end legs that are included provide multiple mounting options. The wide operating voltage (9-32 volts) allows mounting on 12-volt and 24-volt systems. The lamp is protected against radio interference in accordance with the ECE R10 standard. Two-year (24 months) warranty!\" \/>\n<meta property=\"og:url\" content=\"https:\/\/iodperformance.com\/en\/produkt\/purelux-black-x-slim-s520-gen3-led-panel-straight-52-cm-105w-ref-50-1-pc\/\" \/>\n<meta property=\"og:site_name\" content=\"IOD Performance\" \/>\n<meta property=\"article:publisher\" content=\"https:\/\/www.facebook.com\/IODshopPL\/\" \/>\n<meta property=\"article:modified_time\" content=\"2026-02-26T07:12:19+00:00\" \/>\n<meta property=\"og:image\" content=\"https:\/\/iodperformance.com\/wp-content\/uploads\/2025\/05\/purelux_xslim_s520_1.gif\" \/>\n\t<meta property=\"og:image:width\" content=\"2048\" \/>\n\t<meta property=\"og:image:height\" content=\"2048\" \/>\n\t<meta property=\"og:image:type\" content=\"image\/gif\" \/>\n<meta name=\"twitter:card\" content=\"summary_large_image\" \/>\n<meta name=\"twitter:label1\" content=\"Est. reading time\" \/>\n\t<meta name=\"twitter:data1\" content=\"1 minute\" \/>\n<script type=\"application\/ld+json\" class=\"yoast-schema-graph\">{\"@context\":\"https:\/\/schema.org\",\"@graph\":[{\"@type\":\"WebPage\",\"@id\":\"https:\/\/iodperformance.com\/en\/produkt\/purelux-black-x-slim-s520-gen3-led-panel-straight-52-cm-105w-ref-50-1-pc\/\",\"url\":\"https:\/\/iodperformance.com\/en\/produkt\/purelux-black-x-slim-s520-gen3-led-panel-straight-52-cm-105w-ref-50-1-pc\/\",\"name\":\"Purelux Black X-Slim S520 Gen3 LED panel - straight \/ 52 cm \/ 105W \/ Ref. 50, 1 pc.\",\"isPartOf\":{\"@id\":\"https:\/\/iodperformance.com\/#website\"},\"primaryImageOfPage\":{\"@id\":\"https:\/\/iodperformance.com\/en\/produkt\/purelux-black-x-slim-s520-gen3-led-panel-straight-52-cm-105w-ref-50-1-pc\/#primaryimage\"},\"image\":{\"@id\":\"https:\/\/iodperformance.com\/en\/produkt\/purelux-black-x-slim-s520-gen3-led-panel-straight-52-cm-105w-ref-50-1-pc\/#primaryimage\"},\"thumbnailUrl\":\"https:\/\/iodperformance.com\/wp-content\/uploads\/2025\/05\/purelux_xslim_s520_1.gif\",\"datePublished\":\"2025-05-30T06:48:54+00:00\",\"dateModified\":\"2026-02-26T07:12:19+00:00\",\"breadcrumb\":{\"@id\":\"https:\/\/iodperformance.com\/en\/produkt\/purelux-black-x-slim-s520-gen3-led-panel-straight-52-cm-105w-ref-50-1-pc\/#breadcrumb\"},\"inLanguage\":\"en-US\",\"potentialAction\":[{\"@type\":\"ReadAction\",\"target\":[\"https:\/\/iodperformance.com\/en\/produkt\/purelux-black-x-slim-s520-gen3-led-panel-straight-52-cm-105w-ref-50-1-pc\/\"]}]},{\"@type\":\"ImageObject\",\"inLanguage\":\"en-US\",\"@id\":\"https:\/\/iodperformance.com\/en\/produkt\/purelux-black-x-slim-s520-gen3-led-panel-straight-52-cm-105w-ref-50-1-pc\/#primaryimage\",\"url\":\"https:\/\/iodperformance.com\/wp-content\/uploads\/2025\/05\/purelux_xslim_s520_1.gif\",\"contentUrl\":\"https:\/\/iodperformance.com\/wp-content\/uploads\/2025\/05\/purelux_xslim_s520_1.gif\",\"width\":2048,\"height\":2048},{\"@type\":\"BreadcrumbList\",\"@id\":\"https:\/\/iodperformance.com\/en\/produkt\/purelux-black-x-slim-s520-gen3-led-panel-straight-52-cm-105w-ref-50-1-pc\/#breadcrumb\",\"itemListElement\":[{\"@type\":\"ListItem\",\"position\":1,\"name\":\"Strona g\u0142\u00f3wna\",\"item\":\"https:\/\/iodperformance.com\/en\/\"},{\"@type\":\"ListItem\",\"position\":2,\"name\":\"Shop\",\"item\":\"https:\/\/iodperformance.com\/en\/shop\/\"},{\"@type\":\"ListItem\",\"position\":3,\"name\":\"Purelux Black X-Slim S520 Gen3 LED panel - straight \/ 52 cm \/ 105W \/ Ref. 50, 1 pc.\"}]},{\"@type\":\"WebSite\",\"@id\":\"https:\/\/iodperformance.com\/#website\",\"url\":\"https:\/\/iodperformance.com\/\",\"name\":\"IOD Performance\",\"description\":\"Producent cz\u0119\u015bci i akcesori\u00f3w samochodowych\",\"publisher\":{\"@id\":\"https:\/\/iodperformance.com\/#organization\"},\"potentialAction\":[{\"@type\":\"SearchAction\",\"target\":{\"@type\":\"EntryPoint\",\"urlTemplate\":\"https:\/\/iodperformance.com\/?s={search_term_string}\"},\"query-input\":{\"@type\":\"PropertyValueSpecification\",\"valueRequired\":true,\"valueName\":\"search_term_string\"}}],\"inLanguage\":\"en-US\"},{\"@type\":\"Organization\",\"@id\":\"https:\/\/iodperformance.com\/#organization\",\"name\":\"IOD Performance\",\"url\":\"https:\/\/iodperformance.com\/\",\"logo\":{\"@type\":\"ImageObject\",\"inLanguage\":\"en-US\",\"@id\":\"https:\/\/iodperformance.com\/#\/schema\/logo\/image\/\",\"url\":\"https:\/\/iodperformance.com\/wp-content\/uploads\/2025\/02\/logo_V2.png\",\"contentUrl\":\"https:\/\/iodperformance.com\/wp-content\/uploads\/2025\/02\/logo_V2.png\",\"width\":2560,\"height\":1076,\"caption\":\"IOD Performance\"},\"image\":{\"@id\":\"https:\/\/iodperformance.com\/#\/schema\/logo\/image\/\"},\"sameAs\":[\"https:\/\/www.facebook.com\/IODshopPL\/\",\"https:\/\/www.instagram.com\/iodperformance\/\",\"https:\/\/www.youtube.com\/@iodperformance\"]}]}<\/script>\n<!-- \/ Yoast SEO plugin. -->","yoast_head_json":{"title":"Purelux Black X-Slim S520 Gen3 LED panel - straight \/ 52 cm \/ 105W \/ Ref. 50, 1 pc.","robots":{"index":"index","follow":"follow","max-snippet":"max-snippet:-1","max-image-preview":"max-image-preview:large","max-video-preview":"max-video-preview:-1"},"canonical":"https:\/\/iodperformance.com\/en\/produkt\/purelux-black-x-slim-s520-gen3-led-panel-straight-52-cm-105w-ref-50-1-pc\/","og_locale":"en_US","og_type":"article","og_title":"Purelux Black X-Slim S520 Gen3 LED panel - straight \/ 52 cm \/ 105W \/ Ref. 50, 1 pc.","og_description":"Stylish auxiliary lighting panel with slim and low housing (40 mm high), two-color dynamic parking light and two different power modes. Measured light output of 7075 lm, measured range of 545 m at 1 lux.  Purelux Black X-Slim S520 Gen3 is part of the manufacturer's updated Black X-Slim series of auxiliary lights, which offers top quality at an affordable price. The S520 Gen3 has the two different power modes familiar from the previous version, a wide beam of light and, of course, a stylish design and slim housing. As a novelty, the two-color (orange or white) parking light has been updated to be dynamic, and switching between power modes has become even easier. The Black X-Slim S520 is now even more stylish and more user-friendly at the same time! With two different power modes, the panel can be used with a unique selection integrated into the user interface (see below for more information) to activate either the more moderate traffic-approved power mode or the more powerful PowerBoost\u00ae mode designed for off-road use. Already in road-approved power mode, the S520 Gen3 offers a measured luminous flux nearly double that of the previous model (4079 lm), and when PowerBoost\u00ae mode is activated, the panel's measured luminous flux increases to 7075 lumens, with a measured range of 545 meters at 1 lux.    Attention! The difference between Purelux PowerBoost\u00ae and traffic mode is clearly visible - PowerBoost\u00ae mode is much more powerful and should not be used when driving in normal traffic, only off-road . The light beam of the S520 Gen3 headlight combines traffic-optimized elements: there is a clear, long-range so-called \u201cmain spot\u201d in the center of the light pattern, which is a bright, long-range main spot, and in addition, a wide spot extends laterally on both sides to illuminate the road from side to side, straight from the bow. The light beam is shaped flat with renewed reflectors, so the light is not wasted in front of the bow or on the treetops. The biggest difference between the curved-body and straight-body models is the width of the light beam: the curved body spreads the light beam horizontally wide, and the central main spot is twice as wide as the straight model. Correspondingly, in the direct version, the entire luminous flux of the main spotlight is directed straight forward, so that the range of light can be maximized. When comparing cones, it is therefore recommended to choose the curved version when looking for a wide cone and improved overall visibility. If the car's own lights illuminate the first 50-100 meters or so and you want to invest more in range, the direct model is the right choice. The color temperature of the panel is 5700 Kelvin. Due to its size, the S520 Gen3 is an excellent choice, for example, for the front of a passenger car, for a traditional cowl mount or, for example, for incorporation into an air intake.      The lamp has a black bezel and dark optics, which are already evident in the name, giving the panel a sleek and modern look. The dark optics have also been introduced to the parking light, so that the parking light strip running along the lower edge of the lens only stands out from the light when it is on, making the light stylish both when it is on and off. The frames of the Black X-Slim series panels are made of powder-coated and durable aluminum alloy, while the lenses are made of virtually indestructible polycarbonate, and the lamps are completely protected from water and dust in accordance with the IP69K rating. The frameless front of the lamps prevents the accumulation of snow, ice and dirt in front of the lens, so the light beam is not as easily obscured as with additional lamps equipped with a frame.   Mounting is easy with the DT-2 connector on the lamp's power cord, and the width-adjustable lower and end legs that are included provide multiple mounting options. The wide operating voltage (9-32 volts) allows mounting on 12-volt and 24-volt systems. The lamp is protected against radio interference in accordance with the ECE R10 standard. Two-year (24 months) warranty!","og_url":"https:\/\/iodperformance.com\/en\/produkt\/purelux-black-x-slim-s520-gen3-led-panel-straight-52-cm-105w-ref-50-1-pc\/","og_site_name":"IOD Performance","article_publisher":"https:\/\/www.facebook.com\/IODshopPL\/","article_modified_time":"2026-02-26T07:12:19+00:00","og_image":[{"width":2048,"height":2048,"url":"https:\/\/iodperformance.com\/wp-content\/uploads\/2025\/05\/purelux_xslim_s520_1.gif","type":"image\/gif"}],"twitter_card":"summary_large_image","twitter_misc":{"Est. reading time":"1 minute"},"schema":{"@context":"https:\/\/schema.org","@graph":[{"@type":"WebPage","@id":"https:\/\/iodperformance.com\/en\/produkt\/purelux-black-x-slim-s520-gen3-led-panel-straight-52-cm-105w-ref-50-1-pc\/","url":"https:\/\/iodperformance.com\/en\/produkt\/purelux-black-x-slim-s520-gen3-led-panel-straight-52-cm-105w-ref-50-1-pc\/","name":"Purelux Black X-Slim S520 Gen3 LED panel - straight \/ 52 cm \/ 105W \/ Ref. 50, 1 pc.","isPartOf":{"@id":"https:\/\/iodperformance.com\/#website"},"primaryImageOfPage":{"@id":"https:\/\/iodperformance.com\/en\/produkt\/purelux-black-x-slim-s520-gen3-led-panel-straight-52-cm-105w-ref-50-1-pc\/#primaryimage"},"image":{"@id":"https:\/\/iodperformance.com\/en\/produkt\/purelux-black-x-slim-s520-gen3-led-panel-straight-52-cm-105w-ref-50-1-pc\/#primaryimage"},"thumbnailUrl":"https:\/\/iodperformance.com\/wp-content\/uploads\/2025\/05\/purelux_xslim_s520_1.gif","datePublished":"2025-05-30T06:48:54+00:00","dateModified":"2026-02-26T07:12:19+00:00","breadcrumb":{"@id":"https:\/\/iodperformance.com\/en\/produkt\/purelux-black-x-slim-s520-gen3-led-panel-straight-52-cm-105w-ref-50-1-pc\/#breadcrumb"},"inLanguage":"en-US","potentialAction":[{"@type":"ReadAction","target":["https:\/\/iodperformance.com\/en\/produkt\/purelux-black-x-slim-s520-gen3-led-panel-straight-52-cm-105w-ref-50-1-pc\/"]}]},{"@type":"ImageObject","inLanguage":"en-US","@id":"https:\/\/iodperformance.com\/en\/produkt\/purelux-black-x-slim-s520-gen3-led-panel-straight-52-cm-105w-ref-50-1-pc\/#primaryimage","url":"https:\/\/iodperformance.com\/wp-content\/uploads\/2025\/05\/purelux_xslim_s520_1.gif","contentUrl":"https:\/\/iodperformance.com\/wp-content\/uploads\/2025\/05\/purelux_xslim_s520_1.gif","width":2048,"height":2048},{"@type":"BreadcrumbList","@id":"https:\/\/iodperformance.com\/en\/produkt\/purelux-black-x-slim-s520-gen3-led-panel-straight-52-cm-105w-ref-50-1-pc\/#breadcrumb","itemListElement":[{"@type":"ListItem","position":1,"name":"Strona g\u0142\u00f3wna","item":"https:\/\/iodperformance.com\/en\/"},{"@type":"ListItem","position":2,"name":"Shop","item":"https:\/\/iodperformance.com\/en\/shop\/"},{"@type":"ListItem","position":3,"name":"Purelux Black X-Slim S520 Gen3 LED panel - straight \/ 52 cm \/ 105W \/ Ref. 50, 1 pc."}]},{"@type":"WebSite","@id":"https:\/\/iodperformance.com\/#website","url":"https:\/\/iodperformance.com\/","name":"IOD Performance","description":"Producent cz\u0119\u015bci i akcesori\u00f3w samochodowych","publisher":{"@id":"https:\/\/iodperformance.com\/#organization"},"potentialAction":[{"@type":"SearchAction","target":{"@type":"EntryPoint","urlTemplate":"https:\/\/iodperformance.com\/?s={search_term_string}"},"query-input":{"@type":"PropertyValueSpecification","valueRequired":true,"valueName":"search_term_string"}}],"inLanguage":"en-US"},{"@type":"Organization","@id":"https:\/\/iodperformance.com\/#organization","name":"IOD Performance","url":"https:\/\/iodperformance.com\/","logo":{"@type":"ImageObject","inLanguage":"en-US","@id":"https:\/\/iodperformance.com\/#\/schema\/logo\/image\/","url":"https:\/\/iodperformance.com\/wp-content\/uploads\/2025\/02\/logo_V2.png","contentUrl":"https:\/\/iodperformance.com\/wp-content\/uploads\/2025\/02\/logo_V2.png","width":2560,"height":1076,"caption":"IOD Performance"},"image":{"@id":"https:\/\/iodperformance.com\/#\/schema\/logo\/image\/"},"sameAs":["https:\/\/www.facebook.com\/IODshopPL\/","https:\/\/www.instagram.com\/iodperformance\/","https:\/\/www.youtube.com\/@iodperformance"]}]}},"_links":{"self":[{"href":"https:\/\/iodperformance.com\/en\/wp-json\/wp\/v2\/product\/14571","targetHints":{"allow":["GET"]}}],"collection":[{"href":"https:\/\/iodperformance.com\/en\/wp-json\/wp\/v2\/product"}],"about":[{"href":"https:\/\/iodperformance.com\/en\/wp-json\/wp\/v2\/types\/product"}],"version-history":[{"count":0,"href":"https:\/\/iodperformance.com\/en\/wp-json\/wp\/v2\/product\/14571\/revisions"}],"wp:featuredmedia":[{"embeddable":true,"href":"https:\/\/iodperformance.com\/en\/wp-json\/wp\/v2\/media\/13601"}],"wp:attachment":[{"href":"https:\/\/iodperformance.com\/en\/wp-json\/wp\/v2\/media?parent=14571"}],"wp:term":[{"taxonomy":"product_brand","embeddable":true,"href":"https:\/\/iodperformance.com\/en\/wp-json\/wp\/v2\/product_brand?post=14571"},{"taxonomy":"product_cat","embeddable":true,"href":"https:\/\/iodperformance.com\/en\/wp-json\/wp\/v2\/product_cat?post=14571"},{"taxonomy":"product_tag","embeddable":true,"href":"https:\/\/iodperformance.com\/en\/wp-json\/wp\/v2\/product_tag?post=14571"}],"curies":[{"name":"wp","href":"https:\/\/api.w.org\/{rel}","templated":true}]}}