{"id":14554,"date":"2025-05-30T08:48:38","date_gmt":"2025-05-30T06:48:38","guid":{"rendered":"https:\/\/iodperformance.com\/produkt\/purelux-panther-5-auxiliary-light-round-15-cm-90w\/"},"modified":"2026-02-26T08:12:17","modified_gmt":"2026-02-26T07:12:17","slug":"purelux-panther-5-auxiliary-light-round-15-cm-90w","status":"publish","type":"product","link":"https:\/\/iodperformance.com\/en\/produkt\/purelux-panther-5-auxiliary-light-round-15-cm-90w\/","title":{"rendered":"Purelux Panther 5 auxiliary light &#8211; Round \/ 15 cm \/ 90W"},"content":{"rendered":"<p><strong>Specifications<\/strong><\/p>\n<ul>\n<li><strong>Brand and model:<\/strong> Purelux Panther 5<\/li>\n<li><strong>Purpose:<\/strong> As an additional light in cars \/ work machines<\/li>\n<li><strong>Operating voltage:<\/strong> 9\u201336 V (DC)<\/li>\n<li><strong>Reference number:<\/strong> 12.5<\/li>\n<li><strong>Calculated power:<\/strong> 90 W<\/li>\n<\/ul>\n<p><strong>Power consumption measured by manufacturer<\/strong><\/p>\n<ul>\n<li>Purelux PowerBoost\u00ae: 3.18 A @ 24 V<\/li>\n<li>Road mode: 1.125 A @ 24 V<\/li>\n<li>Parking lights: 0.26 A @ 24 V<\/li>\n<\/ul>\n<p><strong>Power measured by manufacturer<\/strong><\/p>\n<ul>\n<li>Purelux PowerBoost\u00ae: 76.4 W @ 24 V<\/li>\n<li>Road mode: 27 W @ 24 V<\/li>\n<li>Parking lights: 6.2 W @ 24 V<\/li>\n<\/ul>\n<p><strong>Light output and range<\/strong><\/p>\n<ul>\n<li>Measured light output: 6560 lm (Purelux PowerBoost\u00ae) \/ 2830 lm (Road mode)<\/li>\n<li>Range (PowerBoost\u00ae): 472 m @ 1 lux \/ 944 m @ 0.25 lux<\/li>\n<li>Range (Road mode): 311 m @ 1 lux \/ 622 m @ 0.25 lux<\/li>\n<\/ul>\n<p><strong>Range with more lights (@ 1 lux)<\/strong><\/p>\n<ul>\n<li>2 lights: 668 m \/ 440 m<\/li>\n<li>3 lights: 818 m \/ 539 m<\/li>\n<li>4 lights: 944 m \/ 622 m<\/li>\n<li>6 lights: 1156 m \/ 762 m<\/li>\n<\/ul>\n<p><strong>Additional specifications<\/strong><\/p>\n<ul>\n<li>Color temperature (manufacturer): 5000 K<\/li>\n<li>Measured by manufacturer: 4985 K<\/li>\n<li>Mounting: Mounting leg<\/li>\n<li>Connector: DT2-2<\/li>\n<li>Parking light wires: Separate<\/li>\n<li>Cable length: approx. 50 cm<\/li>\n<li>Dimensions: 147 x 104 x 97 mm (W x H x D)<\/li>\n<li>Height with mounting foot: 121 mm<\/li>\n<li>Weight: 1222 g<\/li>\n<li>IP rating: IP69K<\/li>\n<li>Approvals: ECE R10, R148, R149*, CISPR25 Class 3<\/li>\n<li>*Road approval does not apply to PowerBoost\u00ae mode<\/li>\n<li>Other: Ready-made support iron mounting point<\/li>\n<li>Warranty: 36 months<\/li>\n<li>Importer: Handshake.fi<\/li>\n<\/ul>\n<p><strong>Installation guide \u2013 Coupling<\/strong><\/p>\n<ul>\n<li>DT2 connector: Additional light (PowerBoost\u00ae)<\/li>\n<li>DT2 connector + Green wire: Road-approved mode<\/li>\n<li>Yellow wire: Orange parking light<\/li>\n<li>White wire: White parking li<br \/>\n","protected":false},"excerpt":{"rendered":"<p>A powerful auxiliary light with a unique design, a compact 5&#8243; housing and a wide beam that also has two different power modes and a two-color parking light. The low reference number (12.5) makes it possible to install several lights on the same vehicle! Measured light output 6560 lm, range 472 m @ 1 lux.  <\/p>\n<p>The Purelux Panther 5 is a powerful 5-inch auxiliary light representing a new generation of design that fills a gap in the market with style! Among other features, the high-performance Panther 5 is equipped with a wide combination beam, orange and white parking light, a completely unique design and an extremely low reference number (12.5). In addition, the light has two power modes, the more moderate of which is approved for on-road use, while the PowerBoost\u00ae mode, which unleashes full power, is designed for off-road use. , packaged in a frame less than 15 cm wide.   <\/p>\n<p>The Panther 5&#8217;s small size, low reference and unique frame also allow for more special installations. For example, depending on the width of the car, you can build a stylish light system with 6-10 lights on the roof of the SUV. The body of the Panther 5 is not coincidentally the same as the working light of the Panther Alpha 90 , but the solution also allows that when installing the light panel, the outermost lights can be replaced with a completely identical-looking but extra-wide porthole. This provides even more light in the immediate vicinity of the vehicle and on the sides for off-road use. With six lights, the range is 1156 meters, with eight lights 1335 meters, and with ten lights 1493 meters at 1 lux.    <\/p>\n<p>The light output of the Panther 5 consists of a rectangular wide main beam, where a wide spot in the center directs the light far forward, up to nearly half a kilometer. In the vertical direction, the light output is softly limited, as is usual with other Panther series lights, so the light does not sink into the sky and form a dazzling ball of light in front of the bow. However, the height of the light output is optimized to be sufficient even for hilly terrain and overhead installations.  <\/p>\n<p>In addition to the finely finished light output, a feature that greatly improves the driving experience is the neutral light color temperature of 5,000 kelvin. The neutral color temperature is optimal for traffic, as it makes it easier to see the shapes of terrain and obstacles and does not distort the color of an object. It also dazzles with less cool tones, such as from snow cover or in fog and rain, and reduces eye strain. The boldly customized look combined with the 5-inch size and fierce performance make the Panther 5 an excellent choice for ATVs, cars, SUVs and vans. The low light reference number (12.5) allows several lights to be installed on the same vehicle without having to remove the car&#8217;s own driving lights.    <\/p>\n<p>\u201cThe Purelux Panther series is made with uncompromising quality and superior performance. Every feature is finely tuned to fit every type of situation and vehicle. Don&#8217;t hesitate, drive with Panther!\u201d &#8211; Purelux<\/p>\n","protected":false},"featured_media":13458,"template":"","meta":[],"product_brand":[359],"product_cat":[491],"product_tag":[420],"class_list":{"0":"post-14554","1":"product","2":"type-product","3":"status-publish","4":"has-post-thumbnail","6":"product_brand-purelux-en","7":"product_cat-auxiliary-lamps","8":"product_tag-led-headlights","10":"first","11":"instock","12":"taxable","13":"shipping-taxable","14":"purchasable","15":"product-type-simple"},"bundled_by":[],"bundle_stock_status":"instock","bundle_stock_quantity":null,"bundle_virtual":false,"bundle_layout":"","bundle_add_to_cart_form_location":"","bundle_editable_in_cart":false,"bundle_sold_individually_context":"","bundle_item_grouping":"","bundle_min_size":"","bundle_max_size":"","bundle_price":[],"bundled_items":[],"bundle_sell_ids":[],"yoast_head":"<!-- This site is optimized with the Yoast SEO plugin v27.2 - https:\/\/yoast.com\/product\/yoast-seo-wordpress\/ -->\n<title>Purelux Panther 5 auxiliary light - Round \/ 15 cm \/ 90W<\/title>\n<meta name=\"robots\" content=\"index, follow, max-snippet:-1, max-image-preview:large, max-video-preview:-1\" \/>\n<link rel=\"canonical\" href=\"https:\/\/iodperformance.com\/en\/produkt\/purelux-panther-5-auxiliary-light-round-15-cm-90w\/\" \/>\n<meta property=\"og:locale\" content=\"en_US\" \/>\n<meta property=\"og:type\" content=\"article\" \/>\n<meta property=\"og:title\" content=\"Purelux Panther 5 auxiliary light - Round \/ 15 cm \/ 90W\" \/>\n<meta property=\"og:description\" content=\"A powerful auxiliary light with a unique design, a compact 5&quot; housing and a wide beam that also has two different power modes and a two-color parking light. The low reference number (12.5) makes it possible to install several lights on the same vehicle! Measured light output 6560 lm, range 472 m @ 1 lux.  The Purelux Panther 5 is a powerful 5-inch auxiliary light representing a new generation of design that fills a gap in the market with style! Among other features, the high-performance Panther 5 is equipped with a wide combination beam, orange and white parking light, a completely unique design and an extremely low reference number (12.5). In addition, the light has two power modes, the more moderate of which is approved for on-road use, while the PowerBoost\u00ae mode, which unleashes full power, is designed for off-road use. , packaged in a frame less than 15 cm wide.   The Panther 5&#039;s small size, low reference and unique frame also allow for more special installations. For example, depending on the width of the car, you can build a stylish light system with 6-10 lights on the roof of the SUV. The body of the Panther 5 is not coincidentally the same as the working light of the Panther Alpha 90 , but the solution also allows that when installing the light panel, the outermost lights can be replaced with a completely identical-looking but extra-wide porthole. This provides even more light in the immediate vicinity of the vehicle and on the sides for off-road use. With six lights, the range is 1156 meters, with eight lights 1335 meters, and with ten lights 1493 meters at 1 lux.   The light output of the Panther 5 consists of a rectangular wide main beam, where a wide spot in the center directs the light far forward, up to nearly half a kilometer. In the vertical direction, the light output is softly limited, as is usual with other Panther series lights, so the light does not sink into the sky and form a dazzling ball of light in front of the bow. However, the height of the light output is optimized to be sufficient even for hilly terrain and overhead installations.  In addition to the finely finished light output, a feature that greatly improves the driving experience is the neutral light color temperature of 5,000 kelvin. The neutral color temperature is optimal for traffic, as it makes it easier to see the shapes of terrain and obstacles and does not distort the color of an object. It also dazzles with less cool tones, such as from snow cover or in fog and rain, and reduces eye strain. The boldly customized look combined with the 5-inch size and fierce performance make the Panther 5 an excellent choice for ATVs, cars, SUVs and vans. The low light reference number (12.5) allows several lights to be installed on the same vehicle without having to remove the car&#039;s own driving lights.   \u201cThe Purelux Panther series is made with uncompromising quality and superior performance. Every feature is finely tuned to fit every type of situation and vehicle. Don&#039;t hesitate, drive with Panther!\u201d - Purelux\" \/>\n<meta property=\"og:url\" content=\"https:\/\/iodperformance.com\/en\/produkt\/purelux-panther-5-auxiliary-light-round-15-cm-90w\/\" \/>\n<meta property=\"og:site_name\" content=\"IOD Performance\" \/>\n<meta property=\"article:publisher\" content=\"https:\/\/www.facebook.com\/IODshopPL\/\" \/>\n<meta property=\"article:modified_time\" content=\"2026-02-26T07:12:17+00:00\" \/>\n<meta property=\"og:image\" content=\"https:\/\/iodperformance.com\/wp-content\/uploads\/2025\/05\/purelux_panther_5_1.jpg\" \/>\n\t<meta property=\"og:image:width\" content=\"2048\" \/>\n\t<meta property=\"og:image:height\" content=\"2048\" \/>\n\t<meta property=\"og:image:type\" content=\"image\/jpeg\" \/>\n<meta name=\"twitter:card\" content=\"summary_large_image\" \/>\n<meta name=\"twitter:label1\" content=\"Est. reading time\" \/>\n\t<meta name=\"twitter:data1\" content=\"1 minute\" \/>\n<script type=\"application\/ld+json\" class=\"yoast-schema-graph\">{\"@context\":\"https:\/\/schema.org\",\"@graph\":[{\"@type\":\"WebPage\",\"@id\":\"https:\/\/iodperformance.com\/en\/produkt\/purelux-panther-5-auxiliary-light-round-15-cm-90w\/\",\"url\":\"https:\/\/iodperformance.com\/en\/produkt\/purelux-panther-5-auxiliary-light-round-15-cm-90w\/\",\"name\":\"Purelux Panther 5 auxiliary light - Round \/ 15 cm \/ 90W\",\"isPartOf\":{\"@id\":\"https:\/\/iodperformance.com\/#website\"},\"primaryImageOfPage\":{\"@id\":\"https:\/\/iodperformance.com\/en\/produkt\/purelux-panther-5-auxiliary-light-round-15-cm-90w\/#primaryimage\"},\"image\":{\"@id\":\"https:\/\/iodperformance.com\/en\/produkt\/purelux-panther-5-auxiliary-light-round-15-cm-90w\/#primaryimage\"},\"thumbnailUrl\":\"https:\/\/iodperformance.com\/wp-content\/uploads\/2025\/05\/purelux_panther_5_1.jpg\",\"datePublished\":\"2025-05-30T06:48:38+00:00\",\"dateModified\":\"2026-02-26T07:12:17+00:00\",\"breadcrumb\":{\"@id\":\"https:\/\/iodperformance.com\/en\/produkt\/purelux-panther-5-auxiliary-light-round-15-cm-90w\/#breadcrumb\"},\"inLanguage\":\"en-US\",\"potentialAction\":[{\"@type\":\"ReadAction\",\"target\":[\"https:\/\/iodperformance.com\/en\/produkt\/purelux-panther-5-auxiliary-light-round-15-cm-90w\/\"]}]},{\"@type\":\"ImageObject\",\"inLanguage\":\"en-US\",\"@id\":\"https:\/\/iodperformance.com\/en\/produkt\/purelux-panther-5-auxiliary-light-round-15-cm-90w\/#primaryimage\",\"url\":\"https:\/\/iodperformance.com\/wp-content\/uploads\/2025\/05\/purelux_panther_5_1.jpg\",\"contentUrl\":\"https:\/\/iodperformance.com\/wp-content\/uploads\/2025\/05\/purelux_panther_5_1.jpg\",\"width\":2048,\"height\":2048},{\"@type\":\"BreadcrumbList\",\"@id\":\"https:\/\/iodperformance.com\/en\/produkt\/purelux-panther-5-auxiliary-light-round-15-cm-90w\/#breadcrumb\",\"itemListElement\":[{\"@type\":\"ListItem\",\"position\":1,\"name\":\"Strona g\u0142\u00f3wna\",\"item\":\"https:\/\/iodperformance.com\/en\/\"},{\"@type\":\"ListItem\",\"position\":2,\"name\":\"Shop\",\"item\":\"https:\/\/iodperformance.com\/en\/shop\/\"},{\"@type\":\"ListItem\",\"position\":3,\"name\":\"Purelux Panther 5 auxiliary light - Round \/ 15 cm \/ 90W\"}]},{\"@type\":\"WebSite\",\"@id\":\"https:\/\/iodperformance.com\/#website\",\"url\":\"https:\/\/iodperformance.com\/\",\"name\":\"IOD Performance\",\"description\":\"Producent cz\u0119\u015bci i akcesori\u00f3w samochodowych\",\"publisher\":{\"@id\":\"https:\/\/iodperformance.com\/#organization\"},\"potentialAction\":[{\"@type\":\"SearchAction\",\"target\":{\"@type\":\"EntryPoint\",\"urlTemplate\":\"https:\/\/iodperformance.com\/?s={search_term_string}\"},\"query-input\":{\"@type\":\"PropertyValueSpecification\",\"valueRequired\":true,\"valueName\":\"search_term_string\"}}],\"inLanguage\":\"en-US\"},{\"@type\":\"Organization\",\"@id\":\"https:\/\/iodperformance.com\/#organization\",\"name\":\"IOD Performance\",\"url\":\"https:\/\/iodperformance.com\/\",\"logo\":{\"@type\":\"ImageObject\",\"inLanguage\":\"en-US\",\"@id\":\"https:\/\/iodperformance.com\/#\/schema\/logo\/image\/\",\"url\":\"https:\/\/iodperformance.com\/wp-content\/uploads\/2025\/02\/logo_V2.png\",\"contentUrl\":\"https:\/\/iodperformance.com\/wp-content\/uploads\/2025\/02\/logo_V2.png\",\"width\":2560,\"height\":1076,\"caption\":\"IOD Performance\"},\"image\":{\"@id\":\"https:\/\/iodperformance.com\/#\/schema\/logo\/image\/\"},\"sameAs\":[\"https:\/\/www.facebook.com\/IODshopPL\/\",\"https:\/\/www.instagram.com\/iodperformance\/\",\"https:\/\/www.youtube.com\/@iodperformance\"]}]}<\/script>\n<!-- \/ Yoast SEO plugin. -->","yoast_head_json":{"title":"Purelux Panther 5 auxiliary light - Round \/ 15 cm \/ 90W","robots":{"index":"index","follow":"follow","max-snippet":"max-snippet:-1","max-image-preview":"max-image-preview:large","max-video-preview":"max-video-preview:-1"},"canonical":"https:\/\/iodperformance.com\/en\/produkt\/purelux-panther-5-auxiliary-light-round-15-cm-90w\/","og_locale":"en_US","og_type":"article","og_title":"Purelux Panther 5 auxiliary light - Round \/ 15 cm \/ 90W","og_description":"A powerful auxiliary light with a unique design, a compact 5\" housing and a wide beam that also has two different power modes and a two-color parking light. The low reference number (12.5) makes it possible to install several lights on the same vehicle! Measured light output 6560 lm, range 472 m @ 1 lux.  The Purelux Panther 5 is a powerful 5-inch auxiliary light representing a new generation of design that fills a gap in the market with style! Among other features, the high-performance Panther 5 is equipped with a wide combination beam, orange and white parking light, a completely unique design and an extremely low reference number (12.5). In addition, the light has two power modes, the more moderate of which is approved for on-road use, while the PowerBoost\u00ae mode, which unleashes full power, is designed for off-road use. , packaged in a frame less than 15 cm wide.   The Panther 5's small size, low reference and unique frame also allow for more special installations. For example, depending on the width of the car, you can build a stylish light system with 6-10 lights on the roof of the SUV. The body of the Panther 5 is not coincidentally the same as the working light of the Panther Alpha 90 , but the solution also allows that when installing the light panel, the outermost lights can be replaced with a completely identical-looking but extra-wide porthole. This provides even more light in the immediate vicinity of the vehicle and on the sides for off-road use. With six lights, the range is 1156 meters, with eight lights 1335 meters, and with ten lights 1493 meters at 1 lux.   The light output of the Panther 5 consists of a rectangular wide main beam, where a wide spot in the center directs the light far forward, up to nearly half a kilometer. In the vertical direction, the light output is softly limited, as is usual with other Panther series lights, so the light does not sink into the sky and form a dazzling ball of light in front of the bow. However, the height of the light output is optimized to be sufficient even for hilly terrain and overhead installations.  In addition to the finely finished light output, a feature that greatly improves the driving experience is the neutral light color temperature of 5,000 kelvin. The neutral color temperature is optimal for traffic, as it makes it easier to see the shapes of terrain and obstacles and does not distort the color of an object. It also dazzles with less cool tones, such as from snow cover or in fog and rain, and reduces eye strain. The boldly customized look combined with the 5-inch size and fierce performance make the Panther 5 an excellent choice for ATVs, cars, SUVs and vans. The low light reference number (12.5) allows several lights to be installed on the same vehicle without having to remove the car's own driving lights.   \u201cThe Purelux Panther series is made with uncompromising quality and superior performance. Every feature is finely tuned to fit every type of situation and vehicle. Don't hesitate, drive with Panther!\u201d - Purelux","og_url":"https:\/\/iodperformance.com\/en\/produkt\/purelux-panther-5-auxiliary-light-round-15-cm-90w\/","og_site_name":"IOD Performance","article_publisher":"https:\/\/www.facebook.com\/IODshopPL\/","article_modified_time":"2026-02-26T07:12:17+00:00","og_image":[{"width":2048,"height":2048,"url":"https:\/\/iodperformance.com\/wp-content\/uploads\/2025\/05\/purelux_panther_5_1.jpg","type":"image\/jpeg"}],"twitter_card":"summary_large_image","twitter_misc":{"Est. reading time":"1 minute"},"schema":{"@context":"https:\/\/schema.org","@graph":[{"@type":"WebPage","@id":"https:\/\/iodperformance.com\/en\/produkt\/purelux-panther-5-auxiliary-light-round-15-cm-90w\/","url":"https:\/\/iodperformance.com\/en\/produkt\/purelux-panther-5-auxiliary-light-round-15-cm-90w\/","name":"Purelux Panther 5 auxiliary light - Round \/ 15 cm \/ 90W","isPartOf":{"@id":"https:\/\/iodperformance.com\/#website"},"primaryImageOfPage":{"@id":"https:\/\/iodperformance.com\/en\/produkt\/purelux-panther-5-auxiliary-light-round-15-cm-90w\/#primaryimage"},"image":{"@id":"https:\/\/iodperformance.com\/en\/produkt\/purelux-panther-5-auxiliary-light-round-15-cm-90w\/#primaryimage"},"thumbnailUrl":"https:\/\/iodperformance.com\/wp-content\/uploads\/2025\/05\/purelux_panther_5_1.jpg","datePublished":"2025-05-30T06:48:38+00:00","dateModified":"2026-02-26T07:12:17+00:00","breadcrumb":{"@id":"https:\/\/iodperformance.com\/en\/produkt\/purelux-panther-5-auxiliary-light-round-15-cm-90w\/#breadcrumb"},"inLanguage":"en-US","potentialAction":[{"@type":"ReadAction","target":["https:\/\/iodperformance.com\/en\/produkt\/purelux-panther-5-auxiliary-light-round-15-cm-90w\/"]}]},{"@type":"ImageObject","inLanguage":"en-US","@id":"https:\/\/iodperformance.com\/en\/produkt\/purelux-panther-5-auxiliary-light-round-15-cm-90w\/#primaryimage","url":"https:\/\/iodperformance.com\/wp-content\/uploads\/2025\/05\/purelux_panther_5_1.jpg","contentUrl":"https:\/\/iodperformance.com\/wp-content\/uploads\/2025\/05\/purelux_panther_5_1.jpg","width":2048,"height":2048},{"@type":"BreadcrumbList","@id":"https:\/\/iodperformance.com\/en\/produkt\/purelux-panther-5-auxiliary-light-round-15-cm-90w\/#breadcrumb","itemListElement":[{"@type":"ListItem","position":1,"name":"Strona g\u0142\u00f3wna","item":"https:\/\/iodperformance.com\/en\/"},{"@type":"ListItem","position":2,"name":"Shop","item":"https:\/\/iodperformance.com\/en\/shop\/"},{"@type":"ListItem","position":3,"name":"Purelux Panther 5 auxiliary light - Round \/ 15 cm \/ 90W"}]},{"@type":"WebSite","@id":"https:\/\/iodperformance.com\/#website","url":"https:\/\/iodperformance.com\/","name":"IOD Performance","description":"Producent cz\u0119\u015bci i akcesori\u00f3w samochodowych","publisher":{"@id":"https:\/\/iodperformance.com\/#organization"},"potentialAction":[{"@type":"SearchAction","target":{"@type":"EntryPoint","urlTemplate":"https:\/\/iodperformance.com\/?s={search_term_string}"},"query-input":{"@type":"PropertyValueSpecification","valueRequired":true,"valueName":"search_term_string"}}],"inLanguage":"en-US"},{"@type":"Organization","@id":"https:\/\/iodperformance.com\/#organization","name":"IOD Performance","url":"https:\/\/iodperformance.com\/","logo":{"@type":"ImageObject","inLanguage":"en-US","@id":"https:\/\/iodperformance.com\/#\/schema\/logo\/image\/","url":"https:\/\/iodperformance.com\/wp-content\/uploads\/2025\/02\/logo_V2.png","contentUrl":"https:\/\/iodperformance.com\/wp-content\/uploads\/2025\/02\/logo_V2.png","width":2560,"height":1076,"caption":"IOD Performance"},"image":{"@id":"https:\/\/iodperformance.com\/#\/schema\/logo\/image\/"},"sameAs":["https:\/\/www.facebook.com\/IODshopPL\/","https:\/\/www.instagram.com\/iodperformance\/","https:\/\/www.youtube.com\/@iodperformance"]}]}},"_links":{"self":[{"href":"https:\/\/iodperformance.com\/en\/wp-json\/wp\/v2\/product\/14554","targetHints":{"allow":["GET"]}}],"collection":[{"href":"https:\/\/iodperformance.com\/en\/wp-json\/wp\/v2\/product"}],"about":[{"href":"https:\/\/iodperformance.com\/en\/wp-json\/wp\/v2\/types\/product"}],"version-history":[{"count":0,"href":"https:\/\/iodperformance.com\/en\/wp-json\/wp\/v2\/product\/14554\/revisions"}],"wp:featuredmedia":[{"embeddable":true,"href":"https:\/\/iodperformance.com\/en\/wp-json\/wp\/v2\/media\/13458"}],"wp:attachment":[{"href":"https:\/\/iodperformance.com\/en\/wp-json\/wp\/v2\/media?parent=14554"}],"wp:term":[{"taxonomy":"product_brand","embeddable":true,"href":"https:\/\/iodperformance.com\/en\/wp-json\/wp\/v2\/product_brand?post=14554"},{"taxonomy":"product_cat","embeddable":true,"href":"https:\/\/iodperformance.com\/en\/wp-json\/wp\/v2\/product_cat?post=14554"},{"taxonomy":"product_tag","embeddable":true,"href":"https:\/\/iodperformance.com\/en\/wp-json\/wp\/v2\/product_tag?post=14554"}],"curies":[{"name":"wp","href":"https:\/\/api.w.org\/{rel}","templated":true}]}}