{"id":14527,"date":"2025-05-30T08:48:20","date_gmt":"2025-05-30T06:48:20","guid":{"rendered":"https:\/\/iodperformance.com\/produkt\/purelux-rotatable-90-gen2-work-lamp-13-cm-90w-focused-1-pc\/"},"modified":"2026-02-26T08:12:12","modified_gmt":"2026-02-26T07:12:12","slug":"purelux-rotatable-90-gen2-work-lamp-13-cm-90w-focused-1-pc","status":"publish","type":"product","link":"https:\/\/iodperformance.com\/en\/produkt\/purelux-rotatable-90-gen2-work-lamp-13-cm-90w-focused-1-pc\/","title":{"rendered":"Purelux Rotatable 90 Gen2 Work Lamp &#8211; 13 cm \/ 90W \/ Focused, 1 pc."},"content":{"rendered":"<p><strong>Delivery content<\/strong><\/p>\n<ul>\n<li>Purelux Rotatable 90 Gen2<\/li>\n<li>Rotating mounting leg<\/li>\n<li>Connector counterpart<\/li>\n<li>Fixing bolt + nut (M8), 50 mm<\/li>\n<li>Fastening bolt + nut (M10), 25 mm<\/li>\n<li>Connection and installation instructions (EN, FI, SE, NO, DK)<\/li>\n<\/ul>\n<p><strong>Specifications<\/strong><\/p>\n<ul>\n<li><strong>Brand and model:<\/strong> Purelux Rotatable 90 Gen2<\/li>\n<li><strong>Purpose:<\/strong> Work light for machinery \/ vehicles<\/li>\n<li><strong>LED:<\/strong> 9 x Osram 10W<\/li>\n<li><strong>Operating voltage:<\/strong> 9\u201332 V (DC)<\/li>\n<li><strong>Current consumption measured by manufacturer:<\/strong> 1.91 A @ 24 V<\/li>\n<li><strong>Theoretical power (manufacturer):<\/strong> 90 W<\/li>\n<li><strong>Measured power (manufacturer):<\/strong> 65 W<\/li>\n<li><strong>Luminous flux (manufacturer):<\/strong> 7200 lm<\/li>\n<li><strong>Luminous flux (measured by manufacturer):<\/strong> 6807 lm<\/li>\n<li><strong>Range (measured by manufacturer):<\/strong> 264 m @ 1 lux \/ 528 m @ 0.25 lux<\/li>\n<li><strong>Color temperature (manufacturer):<\/strong> 5000 K<\/li>\n<li><strong>Color temperature (measured):<\/strong> 5050 K<\/li>\n<li><strong>Mounting:<\/strong> Mounting base<\/li>\n<li><strong>Connector:<\/strong> DT-2<\/li>\n<li><strong>Cable length:<\/strong> approx. 50 cm<\/li>\n<li><strong>Dimensions:<\/strong> 127 x 127 x 80 mm (W\/H\/D)<\/li>\n<li><strong>Height with foot:<\/strong> 158 mm<\/li>\n<li><strong>Weight:<\/strong> 1550 g<\/li>\n<li><strong>IP rating:<\/strong> IP68<\/li>\n<li><strong>Approvals:<\/strong> EMC: ECE: R10, CISPR25 Class 4<\/li>\n<li><strong>Operating temperature:<\/strong> -45\u00b0C to +85\u00b0C<\/li>\n<li><strong>Warranty:<\/strong> 24 months<\/li>\n<\/ul>\n","protected":false},"excerpt":{"rendered":"<p>Round work light designed for difficult installation sites, with excellent performance, narrow and far-reaching light pattern and 360\u00b0 swivel foot! Measured light output of 6807 lm, 264 m range at 1 lux. CISPR25 class 4 RF protection, IP68 rating.  <\/p>\n<p>The Purelux Rotatable 90 Gen2 is a high-performance work light with a 360\u00b0 laterally rotatable mounting foot that offers an extremely flexible solution for applications requiring excellent performance and a long-range light beam. The lamp produces a measured luminous flux of 6807 lumens and a narrow beam of light with a range of no less than 264 meters at 1 lux. In addition to its excellent size-to-power ratio, the Rotatable Series lights are equipped with a neutral color temperature of 5,000 kelvin, making it easier, for example, to observe the surroundings and terrain in the dark without straining the eyes even in the long term. Due to its size and power, the Rotatable 90 is an excellent choice for SUVs, work machines or as part of heavy equipment, for example, and thanks to its 360\u00b0 rotating leg, it can be installed even in difficult places where a work light equipped with a traditional leg simply cannot be installed.   <\/p>\n<p>The lenses of the Rotatable lights are made of virtually indestructible polycarbonate, the frames are made of durable aluminum, and the mounting legs are made of stainless steel. The frame and mounting leg are coated with a black powder coat to prevent corrosion, UV effects and dirt, which not only protects the lights, but also gives a dark and uniform appearance with no conspicuous parts of the grille.  The shock- and vibration-resistant design, IP68 rating, high-quality temperature control system and CISPR25 Class 4 RF interference protection make the Rotatable Series lights a reliable choice even for demanding professional applications. The DT-2 connector on the light&#8217;s power cord makes installation easy, and the wide operating voltage range (9-32 volts) allows installation on both 12-volt and 24-volt systems. Two-year (24 months) warranty! <\/p>\n","protected":false},"featured_media":13344,"template":"","meta":[],"product_brand":[359],"product_cat":[493],"product_tag":[420],"class_list":{"0":"post-14527","1":"product","2":"type-product","3":"status-publish","4":"has-post-thumbnail","6":"product_brand-purelux-en","7":"product_cat-led-work-lamps","8":"product_tag-led-headlights","10":"first","11":"instock","12":"taxable","13":"shipping-taxable","14":"purchasable","15":"product-type-simple"},"bundled_by":[],"bundle_stock_status":"instock","bundle_stock_quantity":null,"bundle_virtual":false,"bundle_layout":"","bundle_add_to_cart_form_location":"","bundle_editable_in_cart":false,"bundle_sold_individually_context":"","bundle_item_grouping":"","bundle_min_size":"","bundle_max_size":"","bundle_price":[],"bundled_items":[],"bundle_sell_ids":[],"yoast_head":"<!-- This site is optimized with the Yoast SEO plugin v27.2 - https:\/\/yoast.com\/product\/yoast-seo-wordpress\/ -->\n<title>Purelux Rotatable 90 Gen2 Work Lamp - 13 cm \/ 90W \/ Focused, 1 pc.<\/title>\n<meta name=\"robots\" content=\"index, follow, max-snippet:-1, max-image-preview:large, max-video-preview:-1\" \/>\n<link rel=\"canonical\" href=\"https:\/\/iodperformance.com\/en\/produkt\/purelux-rotatable-90-gen2-work-lamp-13-cm-90w-focused-1-pc\/\" \/>\n<meta property=\"og:locale\" content=\"en_US\" \/>\n<meta property=\"og:type\" content=\"article\" \/>\n<meta property=\"og:title\" content=\"Purelux Rotatable 90 Gen2 Work Lamp - 13 cm \/ 90W \/ Focused, 1 pc.\" \/>\n<meta property=\"og:description\" content=\"Round work light designed for difficult installation sites, with excellent performance, narrow and far-reaching light pattern and 360\u00b0 swivel foot! Measured light output of 6807 lm, 264 m range at 1 lux. CISPR25 class 4 RF protection, IP68 rating.  The Purelux Rotatable 90 Gen2 is a high-performance work light with a 360\u00b0 laterally rotatable mounting foot that offers an extremely flexible solution for applications requiring excellent performance and a long-range light beam. The lamp produces a measured luminous flux of 6807 lumens and a narrow beam of light with a range of no less than 264 meters at 1 lux. In addition to its excellent size-to-power ratio, the Rotatable Series lights are equipped with a neutral color temperature of 5,000 kelvin, making it easier, for example, to observe the surroundings and terrain in the dark without straining the eyes even in the long term. Due to its size and power, the Rotatable 90 is an excellent choice for SUVs, work machines or as part of heavy equipment, for example, and thanks to its 360\u00b0 rotating leg, it can be installed even in difficult places where a work light equipped with a traditional leg simply cannot be installed.   The lenses of the Rotatable lights are made of virtually indestructible polycarbonate, the frames are made of durable aluminum, and the mounting legs are made of stainless steel. The frame and mounting leg are coated with a black powder coat to prevent corrosion, UV effects and dirt, which not only protects the lights, but also gives a dark and uniform appearance with no conspicuous parts of the grille. The shock- and vibration-resistant design, IP68 rating, high-quality temperature control system and CISPR25 Class 4 RF interference protection make the Rotatable Series lights a reliable choice even for demanding professional applications. The DT-2 connector on the light&#039;s power cord makes installation easy, and the wide operating voltage range (9-32 volts) allows installation on both 12-volt and 24-volt systems. Two-year (24 months) warranty!\" \/>\n<meta property=\"og:url\" content=\"https:\/\/iodperformance.com\/en\/produkt\/purelux-rotatable-90-gen2-work-lamp-13-cm-90w-focused-1-pc\/\" \/>\n<meta property=\"og:site_name\" content=\"IOD Performance\" \/>\n<meta property=\"article:publisher\" content=\"https:\/\/www.facebook.com\/IODshopPL\/\" \/>\n<meta property=\"article:modified_time\" content=\"2026-02-26T07:12:12+00:00\" \/>\n<meta property=\"og:image\" content=\"https:\/\/iodperformance.com\/wp-content\/uploads\/2025\/05\/purelux_rotatable_spot_90_1.jpg\" \/>\n\t<meta property=\"og:image:width\" content=\"2048\" \/>\n\t<meta property=\"og:image:height\" content=\"2048\" \/>\n\t<meta property=\"og:image:type\" content=\"image\/jpeg\" \/>\n<meta name=\"twitter:card\" content=\"summary_large_image\" \/>\n<meta name=\"twitter:label1\" content=\"Est. reading time\" \/>\n\t<meta name=\"twitter:data1\" content=\"1 minute\" \/>\n<script type=\"application\/ld+json\" class=\"yoast-schema-graph\">{\"@context\":\"https:\/\/schema.org\",\"@graph\":[{\"@type\":\"WebPage\",\"@id\":\"https:\/\/iodperformance.com\/en\/produkt\/purelux-rotatable-90-gen2-work-lamp-13-cm-90w-focused-1-pc\/\",\"url\":\"https:\/\/iodperformance.com\/en\/produkt\/purelux-rotatable-90-gen2-work-lamp-13-cm-90w-focused-1-pc\/\",\"name\":\"Purelux Rotatable 90 Gen2 Work Lamp - 13 cm \/ 90W \/ Focused, 1 pc.\",\"isPartOf\":{\"@id\":\"https:\/\/iodperformance.com\/#website\"},\"primaryImageOfPage\":{\"@id\":\"https:\/\/iodperformance.com\/en\/produkt\/purelux-rotatable-90-gen2-work-lamp-13-cm-90w-focused-1-pc\/#primaryimage\"},\"image\":{\"@id\":\"https:\/\/iodperformance.com\/en\/produkt\/purelux-rotatable-90-gen2-work-lamp-13-cm-90w-focused-1-pc\/#primaryimage\"},\"thumbnailUrl\":\"https:\/\/iodperformance.com\/wp-content\/uploads\/2025\/05\/purelux_rotatable_spot_90_1.jpg\",\"datePublished\":\"2025-05-30T06:48:20+00:00\",\"dateModified\":\"2026-02-26T07:12:12+00:00\",\"breadcrumb\":{\"@id\":\"https:\/\/iodperformance.com\/en\/produkt\/purelux-rotatable-90-gen2-work-lamp-13-cm-90w-focused-1-pc\/#breadcrumb\"},\"inLanguage\":\"en-US\",\"potentialAction\":[{\"@type\":\"ReadAction\",\"target\":[\"https:\/\/iodperformance.com\/en\/produkt\/purelux-rotatable-90-gen2-work-lamp-13-cm-90w-focused-1-pc\/\"]}]},{\"@type\":\"ImageObject\",\"inLanguage\":\"en-US\",\"@id\":\"https:\/\/iodperformance.com\/en\/produkt\/purelux-rotatable-90-gen2-work-lamp-13-cm-90w-focused-1-pc\/#primaryimage\",\"url\":\"https:\/\/iodperformance.com\/wp-content\/uploads\/2025\/05\/purelux_rotatable_spot_90_1.jpg\",\"contentUrl\":\"https:\/\/iodperformance.com\/wp-content\/uploads\/2025\/05\/purelux_rotatable_spot_90_1.jpg\",\"width\":2048,\"height\":2048},{\"@type\":\"BreadcrumbList\",\"@id\":\"https:\/\/iodperformance.com\/en\/produkt\/purelux-rotatable-90-gen2-work-lamp-13-cm-90w-focused-1-pc\/#breadcrumb\",\"itemListElement\":[{\"@type\":\"ListItem\",\"position\":1,\"name\":\"Strona g\u0142\u00f3wna\",\"item\":\"https:\/\/iodperformance.com\/en\/\"},{\"@type\":\"ListItem\",\"position\":2,\"name\":\"Shop\",\"item\":\"https:\/\/iodperformance.com\/en\/shop\/\"},{\"@type\":\"ListItem\",\"position\":3,\"name\":\"Purelux Rotatable 90 Gen2 Work Lamp - 13 cm \/ 90W \/ Focused, 1 pc.\"}]},{\"@type\":\"WebSite\",\"@id\":\"https:\/\/iodperformance.com\/#website\",\"url\":\"https:\/\/iodperformance.com\/\",\"name\":\"IOD Performance\",\"description\":\"Producent cz\u0119\u015bci i akcesori\u00f3w samochodowych\",\"publisher\":{\"@id\":\"https:\/\/iodperformance.com\/#organization\"},\"potentialAction\":[{\"@type\":\"SearchAction\",\"target\":{\"@type\":\"EntryPoint\",\"urlTemplate\":\"https:\/\/iodperformance.com\/?s={search_term_string}\"},\"query-input\":{\"@type\":\"PropertyValueSpecification\",\"valueRequired\":true,\"valueName\":\"search_term_string\"}}],\"inLanguage\":\"en-US\"},{\"@type\":\"Organization\",\"@id\":\"https:\/\/iodperformance.com\/#organization\",\"name\":\"IOD Performance\",\"url\":\"https:\/\/iodperformance.com\/\",\"logo\":{\"@type\":\"ImageObject\",\"inLanguage\":\"en-US\",\"@id\":\"https:\/\/iodperformance.com\/#\/schema\/logo\/image\/\",\"url\":\"https:\/\/iodperformance.com\/wp-content\/uploads\/2025\/02\/logo_V2.png\",\"contentUrl\":\"https:\/\/iodperformance.com\/wp-content\/uploads\/2025\/02\/logo_V2.png\",\"width\":2560,\"height\":1076,\"caption\":\"IOD Performance\"},\"image\":{\"@id\":\"https:\/\/iodperformance.com\/#\/schema\/logo\/image\/\"},\"sameAs\":[\"https:\/\/www.facebook.com\/IODshopPL\/\",\"https:\/\/www.instagram.com\/iodperformance\/\",\"https:\/\/www.youtube.com\/@iodperformance\"]}]}<\/script>\n<!-- \/ Yoast SEO plugin. -->","yoast_head_json":{"title":"Purelux Rotatable 90 Gen2 Work Lamp - 13 cm \/ 90W \/ Focused, 1 pc.","robots":{"index":"index","follow":"follow","max-snippet":"max-snippet:-1","max-image-preview":"max-image-preview:large","max-video-preview":"max-video-preview:-1"},"canonical":"https:\/\/iodperformance.com\/en\/produkt\/purelux-rotatable-90-gen2-work-lamp-13-cm-90w-focused-1-pc\/","og_locale":"en_US","og_type":"article","og_title":"Purelux Rotatable 90 Gen2 Work Lamp - 13 cm \/ 90W \/ Focused, 1 pc.","og_description":"Round work light designed for difficult installation sites, with excellent performance, narrow and far-reaching light pattern and 360\u00b0 swivel foot! Measured light output of 6807 lm, 264 m range at 1 lux. CISPR25 class 4 RF protection, IP68 rating.  The Purelux Rotatable 90 Gen2 is a high-performance work light with a 360\u00b0 laterally rotatable mounting foot that offers an extremely flexible solution for applications requiring excellent performance and a long-range light beam. The lamp produces a measured luminous flux of 6807 lumens and a narrow beam of light with a range of no less than 264 meters at 1 lux. In addition to its excellent size-to-power ratio, the Rotatable Series lights are equipped with a neutral color temperature of 5,000 kelvin, making it easier, for example, to observe the surroundings and terrain in the dark without straining the eyes even in the long term. Due to its size and power, the Rotatable 90 is an excellent choice for SUVs, work machines or as part of heavy equipment, for example, and thanks to its 360\u00b0 rotating leg, it can be installed even in difficult places where a work light equipped with a traditional leg simply cannot be installed.   The lenses of the Rotatable lights are made of virtually indestructible polycarbonate, the frames are made of durable aluminum, and the mounting legs are made of stainless steel. The frame and mounting leg are coated with a black powder coat to prevent corrosion, UV effects and dirt, which not only protects the lights, but also gives a dark and uniform appearance with no conspicuous parts of the grille. The shock- and vibration-resistant design, IP68 rating, high-quality temperature control system and CISPR25 Class 4 RF interference protection make the Rotatable Series lights a reliable choice even for demanding professional applications. The DT-2 connector on the light's power cord makes installation easy, and the wide operating voltage range (9-32 volts) allows installation on both 12-volt and 24-volt systems. Two-year (24 months) warranty!","og_url":"https:\/\/iodperformance.com\/en\/produkt\/purelux-rotatable-90-gen2-work-lamp-13-cm-90w-focused-1-pc\/","og_site_name":"IOD Performance","article_publisher":"https:\/\/www.facebook.com\/IODshopPL\/","article_modified_time":"2026-02-26T07:12:12+00:00","og_image":[{"width":2048,"height":2048,"url":"https:\/\/iodperformance.com\/wp-content\/uploads\/2025\/05\/purelux_rotatable_spot_90_1.jpg","type":"image\/jpeg"}],"twitter_card":"summary_large_image","twitter_misc":{"Est. reading time":"1 minute"},"schema":{"@context":"https:\/\/schema.org","@graph":[{"@type":"WebPage","@id":"https:\/\/iodperformance.com\/en\/produkt\/purelux-rotatable-90-gen2-work-lamp-13-cm-90w-focused-1-pc\/","url":"https:\/\/iodperformance.com\/en\/produkt\/purelux-rotatable-90-gen2-work-lamp-13-cm-90w-focused-1-pc\/","name":"Purelux Rotatable 90 Gen2 Work Lamp - 13 cm \/ 90W \/ Focused, 1 pc.","isPartOf":{"@id":"https:\/\/iodperformance.com\/#website"},"primaryImageOfPage":{"@id":"https:\/\/iodperformance.com\/en\/produkt\/purelux-rotatable-90-gen2-work-lamp-13-cm-90w-focused-1-pc\/#primaryimage"},"image":{"@id":"https:\/\/iodperformance.com\/en\/produkt\/purelux-rotatable-90-gen2-work-lamp-13-cm-90w-focused-1-pc\/#primaryimage"},"thumbnailUrl":"https:\/\/iodperformance.com\/wp-content\/uploads\/2025\/05\/purelux_rotatable_spot_90_1.jpg","datePublished":"2025-05-30T06:48:20+00:00","dateModified":"2026-02-26T07:12:12+00:00","breadcrumb":{"@id":"https:\/\/iodperformance.com\/en\/produkt\/purelux-rotatable-90-gen2-work-lamp-13-cm-90w-focused-1-pc\/#breadcrumb"},"inLanguage":"en-US","potentialAction":[{"@type":"ReadAction","target":["https:\/\/iodperformance.com\/en\/produkt\/purelux-rotatable-90-gen2-work-lamp-13-cm-90w-focused-1-pc\/"]}]},{"@type":"ImageObject","inLanguage":"en-US","@id":"https:\/\/iodperformance.com\/en\/produkt\/purelux-rotatable-90-gen2-work-lamp-13-cm-90w-focused-1-pc\/#primaryimage","url":"https:\/\/iodperformance.com\/wp-content\/uploads\/2025\/05\/purelux_rotatable_spot_90_1.jpg","contentUrl":"https:\/\/iodperformance.com\/wp-content\/uploads\/2025\/05\/purelux_rotatable_spot_90_1.jpg","width":2048,"height":2048},{"@type":"BreadcrumbList","@id":"https:\/\/iodperformance.com\/en\/produkt\/purelux-rotatable-90-gen2-work-lamp-13-cm-90w-focused-1-pc\/#breadcrumb","itemListElement":[{"@type":"ListItem","position":1,"name":"Strona g\u0142\u00f3wna","item":"https:\/\/iodperformance.com\/en\/"},{"@type":"ListItem","position":2,"name":"Shop","item":"https:\/\/iodperformance.com\/en\/shop\/"},{"@type":"ListItem","position":3,"name":"Purelux Rotatable 90 Gen2 Work Lamp - 13 cm \/ 90W \/ Focused, 1 pc."}]},{"@type":"WebSite","@id":"https:\/\/iodperformance.com\/#website","url":"https:\/\/iodperformance.com\/","name":"IOD Performance","description":"Producent cz\u0119\u015bci i akcesori\u00f3w samochodowych","publisher":{"@id":"https:\/\/iodperformance.com\/#organization"},"potentialAction":[{"@type":"SearchAction","target":{"@type":"EntryPoint","urlTemplate":"https:\/\/iodperformance.com\/?s={search_term_string}"},"query-input":{"@type":"PropertyValueSpecification","valueRequired":true,"valueName":"search_term_string"}}],"inLanguage":"en-US"},{"@type":"Organization","@id":"https:\/\/iodperformance.com\/#organization","name":"IOD Performance","url":"https:\/\/iodperformance.com\/","logo":{"@type":"ImageObject","inLanguage":"en-US","@id":"https:\/\/iodperformance.com\/#\/schema\/logo\/image\/","url":"https:\/\/iodperformance.com\/wp-content\/uploads\/2025\/02\/logo_V2.png","contentUrl":"https:\/\/iodperformance.com\/wp-content\/uploads\/2025\/02\/logo_V2.png","width":2560,"height":1076,"caption":"IOD Performance"},"image":{"@id":"https:\/\/iodperformance.com\/#\/schema\/logo\/image\/"},"sameAs":["https:\/\/www.facebook.com\/IODshopPL\/","https:\/\/www.instagram.com\/iodperformance\/","https:\/\/www.youtube.com\/@iodperformance"]}]}},"_links":{"self":[{"href":"https:\/\/iodperformance.com\/en\/wp-json\/wp\/v2\/product\/14527","targetHints":{"allow":["GET"]}}],"collection":[{"href":"https:\/\/iodperformance.com\/en\/wp-json\/wp\/v2\/product"}],"about":[{"href":"https:\/\/iodperformance.com\/en\/wp-json\/wp\/v2\/types\/product"}],"version-history":[{"count":0,"href":"https:\/\/iodperformance.com\/en\/wp-json\/wp\/v2\/product\/14527\/revisions"}],"wp:featuredmedia":[{"embeddable":true,"href":"https:\/\/iodperformance.com\/en\/wp-json\/wp\/v2\/media\/13344"}],"wp:attachment":[{"href":"https:\/\/iodperformance.com\/en\/wp-json\/wp\/v2\/media?parent=14527"}],"wp:term":[{"taxonomy":"product_brand","embeddable":true,"href":"https:\/\/iodperformance.com\/en\/wp-json\/wp\/v2\/product_brand?post=14527"},{"taxonomy":"product_cat","embeddable":true,"href":"https:\/\/iodperformance.com\/en\/wp-json\/wp\/v2\/product_cat?post=14527"},{"taxonomy":"product_tag","embeddable":true,"href":"https:\/\/iodperformance.com\/en\/wp-json\/wp\/v2\/product_tag?post=14527"}],"curies":[{"name":"wp","href":"https:\/\/api.w.org\/{rel}","templated":true}]}}