{"id":14510,"date":"2025-05-30T08:48:04","date_gmt":"2025-05-30T06:48:04","guid":{"rendered":"https:\/\/iodperformance.com\/produkt\/purelux-multi-switch-dashboard-controller-10-30v\/"},"modified":"2026-02-26T08:12:09","modified_gmt":"2026-02-26T07:12:09","slug":"purelux-multi-switch-dashboard-controller-10-30v","status":"publish","type":"product","link":"https:\/\/iodperformance.com\/en\/produkt\/purelux-multi-switch-dashboard-controller-10-30v\/","title":{"rendered":"Purelux Multi-switch Dashboard Controller, 10-30V"},"content":{"rendered":"<p><strong>Technical information:<\/strong><\/p>\n<p>\u2022 What: Switch panel Purelux Multi-Switch Dashboard Controller, 10\u201330V<\/p>\n<p>\u2022 Purpose: Operating up to 8 electrical devices from the same switch panel<\/p>\n<p>\u2022 Applications: Enables operation of additional lights, side\/rear work lights, beacon panel etc.<\/p>\n<p>\u2022 Operating voltage: 10\u201330 V<\/p>\n<p>\u2022 Power rating: 600W @ 12V, 1200W @ 24V<\/p>\n<p>\u2022 Maximum current: 60 A<\/p>\n<p>\u2022 Includes 50 marking stickers<\/p>\n<p>\u2022 Switch panel size: 116 \u00d7 66 \u00d7 14 mm (Width \u00d7 Height \u00d7 Depth)<\/p>\n<p>\u2022 IP rating: IP65<\/p>\n<p>\u2022 Operating temperature: -40\u00b0C to +105\u00b0C<\/p>\n<p>\u2022 Approvals: CE marked<\/p>\n<p>\u2022 Feature: Memory function<\/p>\n<p>\u2022 Warranty: 12 months<\/p>\n<p><strong>Connection instructions:<\/strong><\/p>\n<p>\u2022 <u>Power:<\/u> Connect the red main power cable from the vehicle&#8217;s battery or other constant power source to the RCD (residual current device), and then from the RCD to the fuse box at the red-labeled terminal. Ground the black cable between the vehicle frame and the black-labeled terminal in the fuse box.<\/p>\n<p>\u2022 <u>Panel connection:<\/u> Use the included 4-pin cable to connect the switch panel to the plug marked in the fuse box.<\/p>\n<p>\u2022 <u>Excitation current:<\/u> If you want the connected devices to operate **only when the ignition is on**, connect the excitation cable to a switched circuit (e.g. cigarette lighter or ignition switch). If you want **continuous operation**, connect it directly to the battery&#8217;s positive pole.<\/p>\n<p>\u2022 <em>Note:<\/em> The red LED indicator next to each fuse shows if the fuse has blown.<\/p>\n","protected":false},"excerpt":{"rendered":"<p>A very versatile RGB backlit switch panel for controlling up to 8 different devices from the same location. Perfect, for example, for controlling the lights of a work machine, truck or SUV.<\/p>\n<p>The Purelux Multi-Switch Dashboard Controller is a very versatile and convenient switch panel for controlling up to eight different electrical devices (lights, warning lights, engine fan and even the seat heater). For example, you can use the switch panel to separately control the front, rear and side work lights and the warning light on the work machine, with the switches for all the lights conveniently located in the same place. Lights can be turned on and off individually, and with the switch in the center, all equipment installed behind the panel can be turned off at the same time. All lights connected to the switch panel (as well as other devices) can be turned on permanently (i.e., turning the button on and off with another click), momentarily (the light turns on when the button is pressed) or flashing.<\/p>\n<p>The switch panel has RGB backlighting that automatically adjusts to the brightness of the environment, and the color can be selected to please the eye. The backlight can also be turned off by pressing the \u201cMode\u201d switch once. A total of 45 different picture stickers and five black self-adhesive stickers for marking switches are included. This way you can mark the switch intended for any other device or light to avoid confusion. Thanks to the illumination, the symbol on the switch shines clearly even in the dark.<\/p>\n<p>From the switch panel, all lights connected behind it can shine either continuously, momentarily (by pressing the button at the bottom) or flashing. You can change the function by quickly pressing the Mode button in the center of the panel twice, after which the LED indicators above the switch will start flashing. Then press the switch whose function you want to change. This way, for example, you don&#8217;t need a separate flashing relay to make the lights flash! In addition, the panel is equipped with a convenient memory function, that is, it turns on the lights in the same mode that was used before the power was turned off.<\/p>\n<p>NOTE! The rated current of the switch panel is 600 W at 12 V and 1200 W at 24 V. The power of electrical devices switched on at the same time can therefore total 600 watts (or 1200 watts). Circuits 1 and 2 can withstand a maximum current of 30 A, circuits 3 and 4 a current of 20 A, circuits 5 and 6 a current of 10 A, and circuits 7 and 8 a current of 5 A. Each circuit has its own fuses in the control box.<\/p>\n","protected":false},"featured_media":13239,"template":"","meta":[],"product_brand":[359],"product_cat":[499],"product_tag":[420],"class_list":{"0":"post-14510","1":"product","2":"type-product","3":"status-publish","4":"has-post-thumbnail","6":"product_brand-purelux-en","7":"product_cat-12v-switch-panels","8":"product_tag-led-headlights","10":"first","11":"instock","12":"taxable","13":"shipping-taxable","14":"purchasable","15":"product-type-simple"},"bundled_by":[],"bundle_stock_status":"instock","bundle_stock_quantity":null,"bundle_virtual":false,"bundle_layout":"","bundle_add_to_cart_form_location":"","bundle_editable_in_cart":false,"bundle_sold_individually_context":"","bundle_item_grouping":"","bundle_min_size":"","bundle_max_size":"","bundle_price":[],"bundled_items":[],"bundle_sell_ids":[],"yoast_head":"<!-- This site is optimized with the Yoast SEO plugin v27.2 - https:\/\/yoast.com\/product\/yoast-seo-wordpress\/ -->\n<title>Purelux Multi-switch Dashboard Controller, 10-30V<\/title>\n<meta name=\"robots\" content=\"index, follow, max-snippet:-1, max-image-preview:large, max-video-preview:-1\" \/>\n<link rel=\"canonical\" href=\"https:\/\/iodperformance.com\/en\/produkt\/purelux-multi-switch-dashboard-controller-10-30v\/\" \/>\n<meta property=\"og:locale\" content=\"en_US\" \/>\n<meta property=\"og:type\" content=\"article\" \/>\n<meta property=\"og:title\" content=\"Purelux Multi-switch Dashboard Controller, 10-30V\" \/>\n<meta property=\"og:description\" content=\"A very versatile RGB backlit switch panel for controlling up to 8 different devices from the same location. Perfect, for example, for controlling the lights of a work machine, truck or SUV.  The Purelux Multi-Switch Dashboard Controller is a very versatile and convenient switch panel for controlling up to eight different electrical devices (lights, warning lights, engine fan and even the seat heater). For example, you can use the switch panel to separately control the front, rear and side work lights and the warning light on the work machine, with the switches for all the lights conveniently located in the same place. Lights can be turned on and off individually, and with the switch in the center, all equipment installed behind the panel can be turned off at the same time. All lights connected to the switch panel (as well as other devices) can be turned on permanently (i.e., turning the button on and off with another click), momentarily (the light turns on when the button is pressed) or flashing.  The switch panel has RGB backlighting that automatically adjusts to the brightness of the environment, and the color can be selected to please the eye. The backlight can also be turned off by pressing the \u201cMode\u201d switch once. A total of 45 different picture stickers and five black self-adhesive stickers for marking switches are included. This way you can mark the switch intended for any other device or light to avoid confusion. Thanks to the illumination, the symbol on the switch shines clearly even in the dark.  From the switch panel, all lights connected behind it can shine either continuously, momentarily (by pressing the button at the bottom) or flashing. You can change the function by quickly pressing the Mode button in the center of the panel twice, after which the LED indicators above the switch will start flashing. Then press the switch whose function you want to change. This way, for example, you don&#039;t need a separate flashing relay to make the lights flash! In addition, the panel is equipped with a convenient memory function, that is, it turns on the lights in the same mode that was used before the power was turned off.  NOTE! The rated current of the switch panel is 600 W at 12 V and 1200 W at 24 V. The power of electrical devices switched on at the same time can therefore total 600 watts (or 1200 watts). Circuits 1 and 2 can withstand a maximum current of 30 A, circuits 3 and 4 a current of 20 A, circuits 5 and 6 a current of 10 A, and circuits 7 and 8 a current of 5 A. Each circuit has its own fuses in the control box.\" \/>\n<meta property=\"og:url\" content=\"https:\/\/iodperformance.com\/en\/produkt\/purelux-multi-switch-dashboard-controller-10-30v\/\" \/>\n<meta property=\"og:site_name\" content=\"IOD Performance\" \/>\n<meta property=\"article:publisher\" content=\"https:\/\/www.facebook.com\/IODshopPL\/\" \/>\n<meta property=\"article:modified_time\" content=\"2026-02-26T07:12:09+00:00\" \/>\n<meta property=\"og:image\" content=\"https:\/\/iodperformance.com\/wp-content\/uploads\/2025\/05\/purelux_multi_switch_dashboard_controller_1.jpg\" \/>\n\t<meta property=\"og:image:width\" content=\"2048\" \/>\n\t<meta property=\"og:image:height\" content=\"2048\" \/>\n\t<meta property=\"og:image:type\" content=\"image\/jpeg\" \/>\n<meta name=\"twitter:card\" content=\"summary_large_image\" \/>\n<meta name=\"twitter:label1\" content=\"Est. reading time\" \/>\n\t<meta name=\"twitter:data1\" content=\"2 minutes\" \/>\n<script type=\"application\/ld+json\" class=\"yoast-schema-graph\">{\"@context\":\"https:\/\/schema.org\",\"@graph\":[{\"@type\":\"WebPage\",\"@id\":\"https:\/\/iodperformance.com\/en\/produkt\/purelux-multi-switch-dashboard-controller-10-30v\/\",\"url\":\"https:\/\/iodperformance.com\/en\/produkt\/purelux-multi-switch-dashboard-controller-10-30v\/\",\"name\":\"Purelux Multi-switch Dashboard Controller, 10-30V\",\"isPartOf\":{\"@id\":\"https:\/\/iodperformance.com\/#website\"},\"primaryImageOfPage\":{\"@id\":\"https:\/\/iodperformance.com\/en\/produkt\/purelux-multi-switch-dashboard-controller-10-30v\/#primaryimage\"},\"image\":{\"@id\":\"https:\/\/iodperformance.com\/en\/produkt\/purelux-multi-switch-dashboard-controller-10-30v\/#primaryimage\"},\"thumbnailUrl\":\"https:\/\/iodperformance.com\/wp-content\/uploads\/2025\/05\/purelux_multi_switch_dashboard_controller_1.jpg\",\"datePublished\":\"2025-05-30T06:48:04+00:00\",\"dateModified\":\"2026-02-26T07:12:09+00:00\",\"breadcrumb\":{\"@id\":\"https:\/\/iodperformance.com\/en\/produkt\/purelux-multi-switch-dashboard-controller-10-30v\/#breadcrumb\"},\"inLanguage\":\"en-US\",\"potentialAction\":[{\"@type\":\"ReadAction\",\"target\":[\"https:\/\/iodperformance.com\/en\/produkt\/purelux-multi-switch-dashboard-controller-10-30v\/\"]}]},{\"@type\":\"ImageObject\",\"inLanguage\":\"en-US\",\"@id\":\"https:\/\/iodperformance.com\/en\/produkt\/purelux-multi-switch-dashboard-controller-10-30v\/#primaryimage\",\"url\":\"https:\/\/iodperformance.com\/wp-content\/uploads\/2025\/05\/purelux_multi_switch_dashboard_controller_1.jpg\",\"contentUrl\":\"https:\/\/iodperformance.com\/wp-content\/uploads\/2025\/05\/purelux_multi_switch_dashboard_controller_1.jpg\",\"width\":2048,\"height\":2048},{\"@type\":\"BreadcrumbList\",\"@id\":\"https:\/\/iodperformance.com\/en\/produkt\/purelux-multi-switch-dashboard-controller-10-30v\/#breadcrumb\",\"itemListElement\":[{\"@type\":\"ListItem\",\"position\":1,\"name\":\"Strona g\u0142\u00f3wna\",\"item\":\"https:\/\/iodperformance.com\/en\/\"},{\"@type\":\"ListItem\",\"position\":2,\"name\":\"Shop\",\"item\":\"https:\/\/iodperformance.com\/en\/shop\/\"},{\"@type\":\"ListItem\",\"position\":3,\"name\":\"Purelux Multi-switch Dashboard Controller, 10-30V\"}]},{\"@type\":\"WebSite\",\"@id\":\"https:\/\/iodperformance.com\/#website\",\"url\":\"https:\/\/iodperformance.com\/\",\"name\":\"IOD Performance\",\"description\":\"Producent cz\u0119\u015bci i akcesori\u00f3w samochodowych\",\"publisher\":{\"@id\":\"https:\/\/iodperformance.com\/#organization\"},\"potentialAction\":[{\"@type\":\"SearchAction\",\"target\":{\"@type\":\"EntryPoint\",\"urlTemplate\":\"https:\/\/iodperformance.com\/?s={search_term_string}\"},\"query-input\":{\"@type\":\"PropertyValueSpecification\",\"valueRequired\":true,\"valueName\":\"search_term_string\"}}],\"inLanguage\":\"en-US\"},{\"@type\":\"Organization\",\"@id\":\"https:\/\/iodperformance.com\/#organization\",\"name\":\"IOD Performance\",\"url\":\"https:\/\/iodperformance.com\/\",\"logo\":{\"@type\":\"ImageObject\",\"inLanguage\":\"en-US\",\"@id\":\"https:\/\/iodperformance.com\/#\/schema\/logo\/image\/\",\"url\":\"https:\/\/iodperformance.com\/wp-content\/uploads\/2025\/02\/logo_V2.png\",\"contentUrl\":\"https:\/\/iodperformance.com\/wp-content\/uploads\/2025\/02\/logo_V2.png\",\"width\":2560,\"height\":1076,\"caption\":\"IOD Performance\"},\"image\":{\"@id\":\"https:\/\/iodperformance.com\/#\/schema\/logo\/image\/\"},\"sameAs\":[\"https:\/\/www.facebook.com\/IODshopPL\/\",\"https:\/\/www.instagram.com\/iodperformance\/\",\"https:\/\/www.youtube.com\/@iodperformance\"]}]}<\/script>\n<!-- \/ Yoast SEO plugin. -->","yoast_head_json":{"title":"Purelux Multi-switch Dashboard Controller, 10-30V","robots":{"index":"index","follow":"follow","max-snippet":"max-snippet:-1","max-image-preview":"max-image-preview:large","max-video-preview":"max-video-preview:-1"},"canonical":"https:\/\/iodperformance.com\/en\/produkt\/purelux-multi-switch-dashboard-controller-10-30v\/","og_locale":"en_US","og_type":"article","og_title":"Purelux Multi-switch Dashboard Controller, 10-30V","og_description":"A very versatile RGB backlit switch panel for controlling up to 8 different devices from the same location. Perfect, for example, for controlling the lights of a work machine, truck or SUV.  The Purelux Multi-Switch Dashboard Controller is a very versatile and convenient switch panel for controlling up to eight different electrical devices (lights, warning lights, engine fan and even the seat heater). For example, you can use the switch panel to separately control the front, rear and side work lights and the warning light on the work machine, with the switches for all the lights conveniently located in the same place. Lights can be turned on and off individually, and with the switch in the center, all equipment installed behind the panel can be turned off at the same time. All lights connected to the switch panel (as well as other devices) can be turned on permanently (i.e., turning the button on and off with another click), momentarily (the light turns on when the button is pressed) or flashing.  The switch panel has RGB backlighting that automatically adjusts to the brightness of the environment, and the color can be selected to please the eye. The backlight can also be turned off by pressing the \u201cMode\u201d switch once. A total of 45 different picture stickers and five black self-adhesive stickers for marking switches are included. This way you can mark the switch intended for any other device or light to avoid confusion. Thanks to the illumination, the symbol on the switch shines clearly even in the dark.  From the switch panel, all lights connected behind it can shine either continuously, momentarily (by pressing the button at the bottom) or flashing. You can change the function by quickly pressing the Mode button in the center of the panel twice, after which the LED indicators above the switch will start flashing. Then press the switch whose function you want to change. This way, for example, you don't need a separate flashing relay to make the lights flash! In addition, the panel is equipped with a convenient memory function, that is, it turns on the lights in the same mode that was used before the power was turned off.  NOTE! The rated current of the switch panel is 600 W at 12 V and 1200 W at 24 V. The power of electrical devices switched on at the same time can therefore total 600 watts (or 1200 watts). Circuits 1 and 2 can withstand a maximum current of 30 A, circuits 3 and 4 a current of 20 A, circuits 5 and 6 a current of 10 A, and circuits 7 and 8 a current of 5 A. Each circuit has its own fuses in the control box.","og_url":"https:\/\/iodperformance.com\/en\/produkt\/purelux-multi-switch-dashboard-controller-10-30v\/","og_site_name":"IOD Performance","article_publisher":"https:\/\/www.facebook.com\/IODshopPL\/","article_modified_time":"2026-02-26T07:12:09+00:00","og_image":[{"width":2048,"height":2048,"url":"https:\/\/iodperformance.com\/wp-content\/uploads\/2025\/05\/purelux_multi_switch_dashboard_controller_1.jpg","type":"image\/jpeg"}],"twitter_card":"summary_large_image","twitter_misc":{"Est. reading time":"2 minutes"},"schema":{"@context":"https:\/\/schema.org","@graph":[{"@type":"WebPage","@id":"https:\/\/iodperformance.com\/en\/produkt\/purelux-multi-switch-dashboard-controller-10-30v\/","url":"https:\/\/iodperformance.com\/en\/produkt\/purelux-multi-switch-dashboard-controller-10-30v\/","name":"Purelux Multi-switch Dashboard Controller, 10-30V","isPartOf":{"@id":"https:\/\/iodperformance.com\/#website"},"primaryImageOfPage":{"@id":"https:\/\/iodperformance.com\/en\/produkt\/purelux-multi-switch-dashboard-controller-10-30v\/#primaryimage"},"image":{"@id":"https:\/\/iodperformance.com\/en\/produkt\/purelux-multi-switch-dashboard-controller-10-30v\/#primaryimage"},"thumbnailUrl":"https:\/\/iodperformance.com\/wp-content\/uploads\/2025\/05\/purelux_multi_switch_dashboard_controller_1.jpg","datePublished":"2025-05-30T06:48:04+00:00","dateModified":"2026-02-26T07:12:09+00:00","breadcrumb":{"@id":"https:\/\/iodperformance.com\/en\/produkt\/purelux-multi-switch-dashboard-controller-10-30v\/#breadcrumb"},"inLanguage":"en-US","potentialAction":[{"@type":"ReadAction","target":["https:\/\/iodperformance.com\/en\/produkt\/purelux-multi-switch-dashboard-controller-10-30v\/"]}]},{"@type":"ImageObject","inLanguage":"en-US","@id":"https:\/\/iodperformance.com\/en\/produkt\/purelux-multi-switch-dashboard-controller-10-30v\/#primaryimage","url":"https:\/\/iodperformance.com\/wp-content\/uploads\/2025\/05\/purelux_multi_switch_dashboard_controller_1.jpg","contentUrl":"https:\/\/iodperformance.com\/wp-content\/uploads\/2025\/05\/purelux_multi_switch_dashboard_controller_1.jpg","width":2048,"height":2048},{"@type":"BreadcrumbList","@id":"https:\/\/iodperformance.com\/en\/produkt\/purelux-multi-switch-dashboard-controller-10-30v\/#breadcrumb","itemListElement":[{"@type":"ListItem","position":1,"name":"Strona g\u0142\u00f3wna","item":"https:\/\/iodperformance.com\/en\/"},{"@type":"ListItem","position":2,"name":"Shop","item":"https:\/\/iodperformance.com\/en\/shop\/"},{"@type":"ListItem","position":3,"name":"Purelux Multi-switch Dashboard Controller, 10-30V"}]},{"@type":"WebSite","@id":"https:\/\/iodperformance.com\/#website","url":"https:\/\/iodperformance.com\/","name":"IOD Performance","description":"Producent cz\u0119\u015bci i akcesori\u00f3w samochodowych","publisher":{"@id":"https:\/\/iodperformance.com\/#organization"},"potentialAction":[{"@type":"SearchAction","target":{"@type":"EntryPoint","urlTemplate":"https:\/\/iodperformance.com\/?s={search_term_string}"},"query-input":{"@type":"PropertyValueSpecification","valueRequired":true,"valueName":"search_term_string"}}],"inLanguage":"en-US"},{"@type":"Organization","@id":"https:\/\/iodperformance.com\/#organization","name":"IOD Performance","url":"https:\/\/iodperformance.com\/","logo":{"@type":"ImageObject","inLanguage":"en-US","@id":"https:\/\/iodperformance.com\/#\/schema\/logo\/image\/","url":"https:\/\/iodperformance.com\/wp-content\/uploads\/2025\/02\/logo_V2.png","contentUrl":"https:\/\/iodperformance.com\/wp-content\/uploads\/2025\/02\/logo_V2.png","width":2560,"height":1076,"caption":"IOD Performance"},"image":{"@id":"https:\/\/iodperformance.com\/#\/schema\/logo\/image\/"},"sameAs":["https:\/\/www.facebook.com\/IODshopPL\/","https:\/\/www.instagram.com\/iodperformance\/","https:\/\/www.youtube.com\/@iodperformance"]}]}},"_links":{"self":[{"href":"https:\/\/iodperformance.com\/en\/wp-json\/wp\/v2\/product\/14510","targetHints":{"allow":["GET"]}}],"collection":[{"href":"https:\/\/iodperformance.com\/en\/wp-json\/wp\/v2\/product"}],"about":[{"href":"https:\/\/iodperformance.com\/en\/wp-json\/wp\/v2\/types\/product"}],"version-history":[{"count":2,"href":"https:\/\/iodperformance.com\/en\/wp-json\/wp\/v2\/product\/14510\/revisions"}],"predecessor-version":[{"id":24584,"href":"https:\/\/iodperformance.com\/en\/wp-json\/wp\/v2\/product\/14510\/revisions\/24584"}],"wp:featuredmedia":[{"embeddable":true,"href":"https:\/\/iodperformance.com\/en\/wp-json\/wp\/v2\/media\/13239"}],"wp:attachment":[{"href":"https:\/\/iodperformance.com\/en\/wp-json\/wp\/v2\/media?parent=14510"}],"wp:term":[{"taxonomy":"product_brand","embeddable":true,"href":"https:\/\/iodperformance.com\/en\/wp-json\/wp\/v2\/product_brand?post=14510"},{"taxonomy":"product_cat","embeddable":true,"href":"https:\/\/iodperformance.com\/en\/wp-json\/wp\/v2\/product_cat?post=14510"},{"taxonomy":"product_tag","embeddable":true,"href":"https:\/\/iodperformance.com\/en\/wp-json\/wp\/v2\/product_tag?post=14510"}],"curies":[{"name":"wp","href":"https:\/\/api.w.org\/{rel}","templated":true}]}}