{"id":14441,"date":"2025-05-30T08:47:03","date_gmt":"2025-05-30T06:47:03","guid":{"rendered":"https:\/\/iodperformance.com\/produkt\/purelux-black-x-slim-s1300-gen2-led-panel-straight-128-cm-270w-ref-50-1-pc\/"},"modified":"2026-02-26T08:12:00","modified_gmt":"2026-02-26T07:12:00","slug":"purelux-black-x-slim-s1300-gen2-led-panel-straight-128-cm-270w-ref-50-1-pc","status":"publish","type":"product","link":"https:\/\/iodperformance.com\/en\/produkt\/purelux-black-x-slim-s1300-gen2-led-panel-straight-128-cm-270w-ref-50-1-pc\/","title":{"rendered":"Purelux Black X-Slim S1300 Gen2 LED Panel &#8211; Straight \/ 128 cm \/ 270W \/ Ref. 50, 1 pc."},"content":{"rendered":"<p><strong>Technical information:<\/strong><\/p>\n<p>\u2022 Brand and model: Purelux Black X-Slim S1300 Gen2<\/p>\n<p>\u2022 Purpose: As an auxiliary light in cars \/ Off-Road vehicles \/ work machines<\/p>\n<p>\u2022 LED: Osram<\/p>\n<p>\u2022 Operating voltage: 10\u201330V<\/p>\n<p>\u2022 Reference number: 50<\/p>\n<p>\u2022 Calculated power: 270 W<\/p>\n<p>\u2022 Power consumption measured by manufacturer:<\/p>\n<p>\u2013 Purelux PowerBoost\u00ae: 9.42A @ 24V<\/p>\n<p>\u2013 Road mode: 5.51A @ 24V<\/p>\n<p>\u2022 Power measured by manufacturer:<\/p>\n<p>\u2013 Purelux PowerBoost\u00ae: 226.1 W @ 24V<\/p>\n<p>\u2013 Road mode: 132.4 W @ 24V<\/p>\n<p>\u2022 Light output declared by the manufacturer: 22680 lm (Purelux PowerBoost\u00ae)<\/p>\n<p>\u2022 Measured by manufacturer:<\/p>\n<p>\u2013 16940 lm (Purelux PowerBoost\u00ae)<\/p>\n<p>\u2013 9785 lm (Road traffic mode)<\/p>\n<p>\u2022 Range measured by manufacturer:<\/p>\n<p>\u2013 Purelux PowerBoost\u00ae: 563 m @ 1 lux \/ 1126 m @ 0.25 lux<\/p>\n<p>\u2013 Road mode: 429 m @ 1 lux \/ 858 m @ 0.25 lux<\/p>\n<p>\u2022 Color temperature stated by the manufacturer: 5700 K<\/p>\n<p>\u2022 Measured by manufacturer: 5704 K<\/p>\n<p>\u2022 Fastening: End legs, width-adjustable lower legs<\/p>\n<p>\u2022 Connector: DTP-2<\/p>\n<p>\u2013 The parking lights + wires are separate<\/p>\n<p>\u2022 Cable length: 70 cm<\/p>\n<p>\u2022 Dimensions: 1281 \u00d7 40 \u00d7 54.4 mm (Width \u00d7 Height \u00d7 Depth)<\/p>\n<p>\u2022 Height with end legs: 49 mm<\/p>\n<p>\u2022 Height with lower legs: 51 mm<\/p>\n<p>\u2022 Weight: 3300 g<\/p>\n<p>\u2022 IP rating: IP69K<\/p>\n<p>\u2022 Approvals: ECE: R10, R148, R149*<\/p>\n<p><em>*Road traffic approval does not apply to PowerBoost\u00ae mode<\/em><\/p>\n<p>\u2022 Warranty: 24 months<\/p>\n<p>\u2022 Importer: Handshake.fi<\/p>\n<p><strong>Installation guide<\/strong><\/p>\n<p><strong>Coupling:<\/strong><\/p>\n<p>\u2022 DTP-2 connector: Ledbar light connection<\/p>\n<p>\u2022 White: White parking light<\/p>\n<p>\u2022 Yellow: Orange parking light<\/p>\n","protected":false},"excerpt":{"rendered":"<p>Purelux Black X-Slim S1300 Gen2 is part of the manufacturer&#8217;s Black X-Slim LED Bar series, which offers top quality at an affordable price. It is the largest and most powerful auxiliary LED light bar in its series, featuring, for example, a two-color parking light (orange and white), two different power modes, a wide beam combination and the quality standards demanded by harsh northern conditions, such as water- and dust-resistant construction and excellent corrosion resistance. The belt&#8217;s two different power modes allow use of both the more moderate traffic-approved power mode and the more powerful PowerBoost\u00ae mode for field and construction use, using a unique selection integrated into the user interface (more information below). Already in road-approved power mode, the S1300 offers a measured luminous flux of nearly 10,000 lumens, and when PowerBoost\u00ae mode is activated, the measured luminous flux of the LED strip increases to a staggering 16,940 lumens with a range of 563 meters at 1 lux.   <\/p>\n<p>Attention! The difference between Purelux PowerBoost\u00ae and traffic mode is clearly visible &#8211; PowerBoost\u00ae mode is much more powerful and should not be used when driving in normal traffic, only off-road .<\/p>\n<p>The S1300 Gen2 headlight combines exactly what you need on winding and dark roads: at the center of the light pattern is a clear, long-range so-called \u201cmain spot,\u201d or bright, long-range main beam, in addition to which a wide beam extends laterally from both sides to light the road from side to side right from the bow. The light beam is shaped flat with reflectors, so that light is not wasted in front of the bow or in the treetops. The biggest difference between the curved-body and straight-body models is the width of the light beam: the curved body spreads the light beam horizontally wide, and the main beam in the center is twice as wide as the straight model. Correspondingly, in the direct version, the entire light beam of the main spot is directed straight forward, so the range of light can be maximized. When comparing cones, it is therefore recommended to choose the curved version when you are looking for a wide cone and improved overall visibility. If your own car lights illuminate the first 50-100 meters or so and you want to invest more in range, the direct model is the right choice. The color temperature of the LED strip is 5700 kelvin. Due to its size, the S1300 Gen2 is best suited for rooftop installation or heavy equipment use.         <\/p>\n<p>The design of the rod alludes to the narrowness and slimness implied by the name, and in addition, the black frame and dark optics give it a stylish and modern look. The dark optics have also been transferred to the parking light, which completes the modern look of the light and gives the entire profile of the led rod a uniform look. With its all-dark optics, the S1300 is not only a stylish revelation when turned on, but also when turned off, in which case it blends in with the inconspicuous part of the vehicle. The frames of the Black X-Slim Series led bars are made of powder-coated and durable aluminum alloy, while the lenses are made of virtually indestructible polycarbonate, and the lights are completely protected from water and dust in accordance with IP69K classification. The frameless lens of the lights prevents snow, ice and dirt from accumulating in front of the lens, so the light beam is not as easily covered as with auxiliary lights equipped with a frame.    <\/p>\n<p>Mounting is easy with the DTP-2 connector on the lamp&#8217;s power cord, and the width-adjustable lower and end legs that are included provide multiple mounting options. The wide operating voltage (9-32 volts) allows mounting on 12-volt and 24-volt systems. The lamp is protected against radio interference in accordance with the ECE R10 standard. Two-year (24 months) warranty!  <\/p>\n","protected":false},"featured_media":12785,"template":"","meta":[],"product_brand":[359],"product_cat":[494],"product_tag":[420],"class_list":{"0":"post-14441","1":"product","2":"type-product","3":"status-publish","4":"has-post-thumbnail","6":"product_brand-purelux-en","7":"product_cat-led-bars","8":"product_tag-led-headlights","10":"first","11":"instock","12":"taxable","13":"shipping-taxable","14":"purchasable","15":"product-type-simple"},"bundled_by":[],"bundle_stock_status":"instock","bundle_stock_quantity":null,"bundle_virtual":false,"bundle_layout":"","bundle_add_to_cart_form_location":"","bundle_editable_in_cart":false,"bundle_sold_individually_context":"","bundle_item_grouping":"","bundle_min_size":"","bundle_max_size":"","bundle_price":[],"bundled_items":[],"bundle_sell_ids":[],"yoast_head":"<!-- This site is optimized with the Yoast SEO plugin v27.2 - https:\/\/yoast.com\/product\/yoast-seo-wordpress\/ -->\n<title>Purelux Black X-Slim S1300 Gen2 LED Panel - Straight \/ 128 cm \/ 270W \/ Ref. 50, 1 pc.<\/title>\n<meta name=\"robots\" content=\"index, follow, max-snippet:-1, max-image-preview:large, max-video-preview:-1\" \/>\n<link rel=\"canonical\" href=\"https:\/\/iodperformance.com\/en\/produkt\/purelux-black-x-slim-s1300-gen2-led-panel-straight-128-cm-270w-ref-50-1-pc\/\" \/>\n<meta property=\"og:locale\" content=\"en_US\" \/>\n<meta property=\"og:type\" content=\"article\" \/>\n<meta property=\"og:title\" content=\"Purelux Black X-Slim S1300 Gen2 LED Panel - Straight \/ 128 cm \/ 270W \/ Ref. 50, 1 pc.\" \/>\n<meta property=\"og:description\" content=\"Purelux Black X-Slim S1300 Gen2 is part of the manufacturer&#039;s Black X-Slim LED Bar series, which offers top quality at an affordable price. It is the largest and most powerful auxiliary LED light bar in its series, featuring, for example, a two-color parking light (orange and white), two different power modes, a wide beam combination and the quality standards demanded by harsh northern conditions, such as water- and dust-resistant construction and excellent corrosion resistance. The belt&#039;s two different power modes allow use of both the more moderate traffic-approved power mode and the more powerful PowerBoost\u00ae mode for field and construction use, using a unique selection integrated into the user interface (more information below). Already in road-approved power mode, the S1300 offers a measured luminous flux of nearly 10,000 lumens, and when PowerBoost\u00ae mode is activated, the measured luminous flux of the LED strip increases to a staggering 16,940 lumens with a range of 563 meters at 1 lux.   Attention! The difference between Purelux PowerBoost\u00ae and traffic mode is clearly visible - PowerBoost\u00ae mode is much more powerful and should not be used when driving in normal traffic, only off-road . The S1300 Gen2 headlight combines exactly what you need on winding and dark roads: at the center of the light pattern is a clear, long-range so-called \u201cmain spot,\u201d or bright, long-range main beam, in addition to which a wide beam extends laterally from both sides to light the road from side to side right from the bow. The light beam is shaped flat with reflectors, so that light is not wasted in front of the bow or in the treetops. The biggest difference between the curved-body and straight-body models is the width of the light beam: the curved body spreads the light beam horizontally wide, and the main beam in the center is twice as wide as the straight model. Correspondingly, in the direct version, the entire light beam of the main spot is directed straight forward, so the range of light can be maximized. When comparing cones, it is therefore recommended to choose the curved version when you are looking for a wide cone and improved overall visibility. If your own car lights illuminate the first 50-100 meters or so and you want to invest more in range, the direct model is the right choice. The color temperature of the LED strip is 5700 kelvin. Due to its size, the S1300 Gen2 is best suited for rooftop installation or heavy equipment use.      The design of the rod alludes to the narrowness and slimness implied by the name, and in addition, the black frame and dark optics give it a stylish and modern look. The dark optics have also been transferred to the parking light, which completes the modern look of the light and gives the entire profile of the led rod a uniform look. With its all-dark optics, the S1300 is not only a stylish revelation when turned on, but also when turned off, in which case it blends in with the inconspicuous part of the vehicle. The frames of the Black X-Slim Series led bars are made of powder-coated and durable aluminum alloy, while the lenses are made of virtually indestructible polycarbonate, and the lights are completely protected from water and dust in accordance with IP69K classification. The frameless lens of the lights prevents snow, ice and dirt from accumulating in front of the lens, so the light beam is not as easily covered as with auxiliary lights equipped with a frame.   Mounting is easy with the DTP-2 connector on the lamp&#039;s power cord, and the width-adjustable lower and end legs that are included provide multiple mounting options. The wide operating voltage (9-32 volts) allows mounting on 12-volt and 24-volt systems. The lamp is protected against radio interference in accordance with the ECE R10 standard. Two-year (24 months) warranty!\" \/>\n<meta property=\"og:url\" content=\"https:\/\/iodperformance.com\/en\/produkt\/purelux-black-x-slim-s1300-gen2-led-panel-straight-128-cm-270w-ref-50-1-pc\/\" \/>\n<meta property=\"og:site_name\" content=\"IOD Performance\" \/>\n<meta property=\"article:publisher\" content=\"https:\/\/www.facebook.com\/IODshopPL\/\" \/>\n<meta property=\"article:modified_time\" content=\"2026-02-26T07:12:00+00:00\" \/>\n<meta property=\"og:image\" content=\"https:\/\/iodperformance.com\/wp-content\/uploads\/2025\/05\/purelux_black_x_slim_s1300_1.jpg\" \/>\n\t<meta property=\"og:image:width\" content=\"2048\" \/>\n\t<meta property=\"og:image:height\" content=\"2048\" \/>\n\t<meta property=\"og:image:type\" content=\"image\/jpeg\" \/>\n<meta name=\"twitter:card\" content=\"summary_large_image\" \/>\n<meta name=\"twitter:label1\" content=\"Est. reading time\" \/>\n\t<meta name=\"twitter:data1\" content=\"1 minute\" \/>\n<script type=\"application\/ld+json\" class=\"yoast-schema-graph\">{\"@context\":\"https:\/\/schema.org\",\"@graph\":[{\"@type\":\"WebPage\",\"@id\":\"https:\/\/iodperformance.com\/en\/produkt\/purelux-black-x-slim-s1300-gen2-led-panel-straight-128-cm-270w-ref-50-1-pc\/\",\"url\":\"https:\/\/iodperformance.com\/en\/produkt\/purelux-black-x-slim-s1300-gen2-led-panel-straight-128-cm-270w-ref-50-1-pc\/\",\"name\":\"Purelux Black X-Slim S1300 Gen2 LED Panel - Straight \/ 128 cm \/ 270W \/ Ref. 50, 1 pc.\",\"isPartOf\":{\"@id\":\"https:\/\/iodperformance.com\/#website\"},\"primaryImageOfPage\":{\"@id\":\"https:\/\/iodperformance.com\/en\/produkt\/purelux-black-x-slim-s1300-gen2-led-panel-straight-128-cm-270w-ref-50-1-pc\/#primaryimage\"},\"image\":{\"@id\":\"https:\/\/iodperformance.com\/en\/produkt\/purelux-black-x-slim-s1300-gen2-led-panel-straight-128-cm-270w-ref-50-1-pc\/#primaryimage\"},\"thumbnailUrl\":\"https:\/\/iodperformance.com\/wp-content\/uploads\/2025\/05\/purelux_black_x_slim_s1300_1.jpg\",\"datePublished\":\"2025-05-30T06:47:03+00:00\",\"dateModified\":\"2026-02-26T07:12:00+00:00\",\"breadcrumb\":{\"@id\":\"https:\/\/iodperformance.com\/en\/produkt\/purelux-black-x-slim-s1300-gen2-led-panel-straight-128-cm-270w-ref-50-1-pc\/#breadcrumb\"},\"inLanguage\":\"en-US\",\"potentialAction\":[{\"@type\":\"ReadAction\",\"target\":[\"https:\/\/iodperformance.com\/en\/produkt\/purelux-black-x-slim-s1300-gen2-led-panel-straight-128-cm-270w-ref-50-1-pc\/\"]}]},{\"@type\":\"ImageObject\",\"inLanguage\":\"en-US\",\"@id\":\"https:\/\/iodperformance.com\/en\/produkt\/purelux-black-x-slim-s1300-gen2-led-panel-straight-128-cm-270w-ref-50-1-pc\/#primaryimage\",\"url\":\"https:\/\/iodperformance.com\/wp-content\/uploads\/2025\/05\/purelux_black_x_slim_s1300_1.jpg\",\"contentUrl\":\"https:\/\/iodperformance.com\/wp-content\/uploads\/2025\/05\/purelux_black_x_slim_s1300_1.jpg\",\"width\":2048,\"height\":2048},{\"@type\":\"BreadcrumbList\",\"@id\":\"https:\/\/iodperformance.com\/en\/produkt\/purelux-black-x-slim-s1300-gen2-led-panel-straight-128-cm-270w-ref-50-1-pc\/#breadcrumb\",\"itemListElement\":[{\"@type\":\"ListItem\",\"position\":1,\"name\":\"Strona g\u0142\u00f3wna\",\"item\":\"https:\/\/iodperformance.com\/en\/\"},{\"@type\":\"ListItem\",\"position\":2,\"name\":\"Shop\",\"item\":\"https:\/\/iodperformance.com\/en\/shop\/\"},{\"@type\":\"ListItem\",\"position\":3,\"name\":\"Purelux Black X-Slim S1300 Gen2 LED Panel - Straight \/ 128 cm \/ 270W \/ Ref. 50, 1 pc.\"}]},{\"@type\":\"WebSite\",\"@id\":\"https:\/\/iodperformance.com\/#website\",\"url\":\"https:\/\/iodperformance.com\/\",\"name\":\"IOD Performance\",\"description\":\"Producent cz\u0119\u015bci i akcesori\u00f3w samochodowych\",\"publisher\":{\"@id\":\"https:\/\/iodperformance.com\/#organization\"},\"potentialAction\":[{\"@type\":\"SearchAction\",\"target\":{\"@type\":\"EntryPoint\",\"urlTemplate\":\"https:\/\/iodperformance.com\/?s={search_term_string}\"},\"query-input\":{\"@type\":\"PropertyValueSpecification\",\"valueRequired\":true,\"valueName\":\"search_term_string\"}}],\"inLanguage\":\"en-US\"},{\"@type\":\"Organization\",\"@id\":\"https:\/\/iodperformance.com\/#organization\",\"name\":\"IOD Performance\",\"url\":\"https:\/\/iodperformance.com\/\",\"logo\":{\"@type\":\"ImageObject\",\"inLanguage\":\"en-US\",\"@id\":\"https:\/\/iodperformance.com\/#\/schema\/logo\/image\/\",\"url\":\"https:\/\/iodperformance.com\/wp-content\/uploads\/2025\/02\/logo_V2.png\",\"contentUrl\":\"https:\/\/iodperformance.com\/wp-content\/uploads\/2025\/02\/logo_V2.png\",\"width\":2560,\"height\":1076,\"caption\":\"IOD Performance\"},\"image\":{\"@id\":\"https:\/\/iodperformance.com\/#\/schema\/logo\/image\/\"},\"sameAs\":[\"https:\/\/www.facebook.com\/IODshopPL\/\",\"https:\/\/www.instagram.com\/iodperformance\/\",\"https:\/\/www.youtube.com\/@iodperformance\"]}]}<\/script>\n<!-- \/ Yoast SEO plugin. -->","yoast_head_json":{"title":"Purelux Black X-Slim S1300 Gen2 LED Panel - Straight \/ 128 cm \/ 270W \/ Ref. 50, 1 pc.","robots":{"index":"index","follow":"follow","max-snippet":"max-snippet:-1","max-image-preview":"max-image-preview:large","max-video-preview":"max-video-preview:-1"},"canonical":"https:\/\/iodperformance.com\/en\/produkt\/purelux-black-x-slim-s1300-gen2-led-panel-straight-128-cm-270w-ref-50-1-pc\/","og_locale":"en_US","og_type":"article","og_title":"Purelux Black X-Slim S1300 Gen2 LED Panel - Straight \/ 128 cm \/ 270W \/ Ref. 50, 1 pc.","og_description":"Purelux Black X-Slim S1300 Gen2 is part of the manufacturer's Black X-Slim LED Bar series, which offers top quality at an affordable price. It is the largest and most powerful auxiliary LED light bar in its series, featuring, for example, a two-color parking light (orange and white), two different power modes, a wide beam combination and the quality standards demanded by harsh northern conditions, such as water- and dust-resistant construction and excellent corrosion resistance. The belt's two different power modes allow use of both the more moderate traffic-approved power mode and the more powerful PowerBoost\u00ae mode for field and construction use, using a unique selection integrated into the user interface (more information below). Already in road-approved power mode, the S1300 offers a measured luminous flux of nearly 10,000 lumens, and when PowerBoost\u00ae mode is activated, the measured luminous flux of the LED strip increases to a staggering 16,940 lumens with a range of 563 meters at 1 lux.   Attention! The difference between Purelux PowerBoost\u00ae and traffic mode is clearly visible - PowerBoost\u00ae mode is much more powerful and should not be used when driving in normal traffic, only off-road . The S1300 Gen2 headlight combines exactly what you need on winding and dark roads: at the center of the light pattern is a clear, long-range so-called \u201cmain spot,\u201d or bright, long-range main beam, in addition to which a wide beam extends laterally from both sides to light the road from side to side right from the bow. The light beam is shaped flat with reflectors, so that light is not wasted in front of the bow or in the treetops. The biggest difference between the curved-body and straight-body models is the width of the light beam: the curved body spreads the light beam horizontally wide, and the main beam in the center is twice as wide as the straight model. Correspondingly, in the direct version, the entire light beam of the main spot is directed straight forward, so the range of light can be maximized. When comparing cones, it is therefore recommended to choose the curved version when you are looking for a wide cone and improved overall visibility. If your own car lights illuminate the first 50-100 meters or so and you want to invest more in range, the direct model is the right choice. The color temperature of the LED strip is 5700 kelvin. Due to its size, the S1300 Gen2 is best suited for rooftop installation or heavy equipment use.      The design of the rod alludes to the narrowness and slimness implied by the name, and in addition, the black frame and dark optics give it a stylish and modern look. The dark optics have also been transferred to the parking light, which completes the modern look of the light and gives the entire profile of the led rod a uniform look. With its all-dark optics, the S1300 is not only a stylish revelation when turned on, but also when turned off, in which case it blends in with the inconspicuous part of the vehicle. The frames of the Black X-Slim Series led bars are made of powder-coated and durable aluminum alloy, while the lenses are made of virtually indestructible polycarbonate, and the lights are completely protected from water and dust in accordance with IP69K classification. The frameless lens of the lights prevents snow, ice and dirt from accumulating in front of the lens, so the light beam is not as easily covered as with auxiliary lights equipped with a frame.   Mounting is easy with the DTP-2 connector on the lamp's power cord, and the width-adjustable lower and end legs that are included provide multiple mounting options. The wide operating voltage (9-32 volts) allows mounting on 12-volt and 24-volt systems. The lamp is protected against radio interference in accordance with the ECE R10 standard. Two-year (24 months) warranty!","og_url":"https:\/\/iodperformance.com\/en\/produkt\/purelux-black-x-slim-s1300-gen2-led-panel-straight-128-cm-270w-ref-50-1-pc\/","og_site_name":"IOD Performance","article_publisher":"https:\/\/www.facebook.com\/IODshopPL\/","article_modified_time":"2026-02-26T07:12:00+00:00","og_image":[{"width":2048,"height":2048,"url":"https:\/\/iodperformance.com\/wp-content\/uploads\/2025\/05\/purelux_black_x_slim_s1300_1.jpg","type":"image\/jpeg"}],"twitter_card":"summary_large_image","twitter_misc":{"Est. reading time":"1 minute"},"schema":{"@context":"https:\/\/schema.org","@graph":[{"@type":"WebPage","@id":"https:\/\/iodperformance.com\/en\/produkt\/purelux-black-x-slim-s1300-gen2-led-panel-straight-128-cm-270w-ref-50-1-pc\/","url":"https:\/\/iodperformance.com\/en\/produkt\/purelux-black-x-slim-s1300-gen2-led-panel-straight-128-cm-270w-ref-50-1-pc\/","name":"Purelux Black X-Slim S1300 Gen2 LED Panel - Straight \/ 128 cm \/ 270W \/ Ref. 50, 1 pc.","isPartOf":{"@id":"https:\/\/iodperformance.com\/#website"},"primaryImageOfPage":{"@id":"https:\/\/iodperformance.com\/en\/produkt\/purelux-black-x-slim-s1300-gen2-led-panel-straight-128-cm-270w-ref-50-1-pc\/#primaryimage"},"image":{"@id":"https:\/\/iodperformance.com\/en\/produkt\/purelux-black-x-slim-s1300-gen2-led-panel-straight-128-cm-270w-ref-50-1-pc\/#primaryimage"},"thumbnailUrl":"https:\/\/iodperformance.com\/wp-content\/uploads\/2025\/05\/purelux_black_x_slim_s1300_1.jpg","datePublished":"2025-05-30T06:47:03+00:00","dateModified":"2026-02-26T07:12:00+00:00","breadcrumb":{"@id":"https:\/\/iodperformance.com\/en\/produkt\/purelux-black-x-slim-s1300-gen2-led-panel-straight-128-cm-270w-ref-50-1-pc\/#breadcrumb"},"inLanguage":"en-US","potentialAction":[{"@type":"ReadAction","target":["https:\/\/iodperformance.com\/en\/produkt\/purelux-black-x-slim-s1300-gen2-led-panel-straight-128-cm-270w-ref-50-1-pc\/"]}]},{"@type":"ImageObject","inLanguage":"en-US","@id":"https:\/\/iodperformance.com\/en\/produkt\/purelux-black-x-slim-s1300-gen2-led-panel-straight-128-cm-270w-ref-50-1-pc\/#primaryimage","url":"https:\/\/iodperformance.com\/wp-content\/uploads\/2025\/05\/purelux_black_x_slim_s1300_1.jpg","contentUrl":"https:\/\/iodperformance.com\/wp-content\/uploads\/2025\/05\/purelux_black_x_slim_s1300_1.jpg","width":2048,"height":2048},{"@type":"BreadcrumbList","@id":"https:\/\/iodperformance.com\/en\/produkt\/purelux-black-x-slim-s1300-gen2-led-panel-straight-128-cm-270w-ref-50-1-pc\/#breadcrumb","itemListElement":[{"@type":"ListItem","position":1,"name":"Strona g\u0142\u00f3wna","item":"https:\/\/iodperformance.com\/en\/"},{"@type":"ListItem","position":2,"name":"Shop","item":"https:\/\/iodperformance.com\/en\/shop\/"},{"@type":"ListItem","position":3,"name":"Purelux Black X-Slim S1300 Gen2 LED Panel - Straight \/ 128 cm \/ 270W \/ Ref. 50, 1 pc."}]},{"@type":"WebSite","@id":"https:\/\/iodperformance.com\/#website","url":"https:\/\/iodperformance.com\/","name":"IOD Performance","description":"Producent cz\u0119\u015bci i akcesori\u00f3w samochodowych","publisher":{"@id":"https:\/\/iodperformance.com\/#organization"},"potentialAction":[{"@type":"SearchAction","target":{"@type":"EntryPoint","urlTemplate":"https:\/\/iodperformance.com\/?s={search_term_string}"},"query-input":{"@type":"PropertyValueSpecification","valueRequired":true,"valueName":"search_term_string"}}],"inLanguage":"en-US"},{"@type":"Organization","@id":"https:\/\/iodperformance.com\/#organization","name":"IOD Performance","url":"https:\/\/iodperformance.com\/","logo":{"@type":"ImageObject","inLanguage":"en-US","@id":"https:\/\/iodperformance.com\/#\/schema\/logo\/image\/","url":"https:\/\/iodperformance.com\/wp-content\/uploads\/2025\/02\/logo_V2.png","contentUrl":"https:\/\/iodperformance.com\/wp-content\/uploads\/2025\/02\/logo_V2.png","width":2560,"height":1076,"caption":"IOD Performance"},"image":{"@id":"https:\/\/iodperformance.com\/#\/schema\/logo\/image\/"},"sameAs":["https:\/\/www.facebook.com\/IODshopPL\/","https:\/\/www.instagram.com\/iodperformance\/","https:\/\/www.youtube.com\/@iodperformance"]}]}},"_links":{"self":[{"href":"https:\/\/iodperformance.com\/en\/wp-json\/wp\/v2\/product\/14441","targetHints":{"allow":["GET"]}}],"collection":[{"href":"https:\/\/iodperformance.com\/en\/wp-json\/wp\/v2\/product"}],"about":[{"href":"https:\/\/iodperformance.com\/en\/wp-json\/wp\/v2\/types\/product"}],"version-history":[{"count":0,"href":"https:\/\/iodperformance.com\/en\/wp-json\/wp\/v2\/product\/14441\/revisions"}],"wp:featuredmedia":[{"embeddable":true,"href":"https:\/\/iodperformance.com\/en\/wp-json\/wp\/v2\/media\/12785"}],"wp:attachment":[{"href":"https:\/\/iodperformance.com\/en\/wp-json\/wp\/v2\/media?parent=14441"}],"wp:term":[{"taxonomy":"product_brand","embeddable":true,"href":"https:\/\/iodperformance.com\/en\/wp-json\/wp\/v2\/product_brand?post=14441"},{"taxonomy":"product_cat","embeddable":true,"href":"https:\/\/iodperformance.com\/en\/wp-json\/wp\/v2\/product_cat?post=14441"},{"taxonomy":"product_tag","embeddable":true,"href":"https:\/\/iodperformance.com\/en\/wp-json\/wp\/v2\/product_tag?post=14441"}],"curies":[{"name":"wp","href":"https:\/\/api.w.org\/{rel}","templated":true}]}}