{"id":14437,"date":"2025-05-30T08:47:01","date_gmt":"2025-05-30T06:47:01","guid":{"rendered":"https:\/\/iodperformance.com\/produkt\/led-panel-purelux-black-x-slim-s250-gen2-straight-25-cm-45w-ref-20-1-pc\/"},"modified":"2026-02-26T08:11:59","modified_gmt":"2026-02-26T07:11:59","slug":"led-panel-purelux-black-x-slim-s250-gen2-straight-25-cm-45w-ref-20-1-pc","status":"publish","type":"product","link":"https:\/\/iodperformance.com\/en\/produkt\/led-panel-purelux-black-x-slim-s250-gen2-straight-25-cm-45w-ref-20-1-pc\/","title":{"rendered":"LED panel Purelux Black X-Slim S250 Gen2 &#8211; Straight \/ 25 cm \/ 45W \/ Ref. 20, 1 pc."},"content":{"rendered":"<p>Installation is easy by using the DT-2 connector on the power cord of the light, and the width-adjustable lower legs and end legs that come with the package provide plenty of mounting options. Wide operating voltage (9-32V) enables installation in both 12V and 24V systems. The lamp is protected against radio interference according to the ECE R10 standard. Two-year (24 months) warranty!<\/p>\n<p><strong>Technical information:<\/strong><\/p>\n<p>\u2022 Brand and model: Purelux Black X-Slim S250 Gen2<\/p>\n<p>\u2022 Purpose: As an additional light in cars \/ Off-Road vehicles \/ work machines<\/p>\n<p>\u2022 LED: Osram<\/p>\n<p>\u2022 Operating voltage: 9\u201332 V<\/p>\n<p>\u2022 Reference number: 20<\/p>\n<p>\u2022 Calculated power: 45 W<\/p>\n<p>\u2022 Power consumption measured by manufacturer:<\/p>\n<p>\u2013 Purelux PowerBoost\u00ae: 3.16A @ 12V \/ 0.91A @ 24V<\/p>\n<p>\u2013 Road mode: 1.83A @ 12V \/ 0.91A @ 24V<\/p>\n<p>\u2022 Power measured by manufacturer:<\/p>\n<p>\u2013 PowerBoost\u00ae: 37.9 W @ 24V<\/p>\n<p>\u2013 Road mode: 22W @ 24V<\/p>\n<p>\u2022 Light output declared by the manufacturer: 3780 lm (PowerBoost\u00ae)<\/p>\n<p>\u2013 Measured by manufacturer: 2906 lm (PowerBoost\u00ae)<\/p>\n<p>\u2013 Measured by manufacturer: 1708 lm (Traffic mode)<\/p>\n<p>\u2022 Range measured by manufacturer:<\/p>\n<p>\u2013 PowerBoost\u00ae: 370 m @ 1 lux \/ 740 m @ 0.25 lux<\/p>\n<p>\u2013 Road mode: 282 m @ 1 lux \/ 564 m @ 0.25 lux<\/p>\n<p>\u2022 Color temperature stated by the manufacturer: 5700 K<\/p>\n<p>\u2013 Measured by manufacturer: 5690 K<\/p>\n<p>\u2022 Fastening: End legs, width-adjustable lower legs<\/p>\n<p>\u2022 Connector: Deutsch DT-2<\/p>\n<p>\u2013 The parking lights + wires are separate<\/p>\n<p>\u2022 Cable length: 50 cm<\/p>\n<p>\u2022 Dimensions: 246 \u00d7 40 \u00d7 54 mm (Width \u00d7 Height \u00d7 Depth)<\/p>\n<p>\u2013 Height with end legs: 49 mm<\/p>\n<p>\u2013 Height with lower legs: 51 mm<\/p>\n<p>\u2022 Weight: 700 g<\/p>\n<p>\u2022 IP rating: IP69K<\/p>\n<p>\u2022 Approvals: ECE: R10, R148, R149*<\/p>\n<p><em>*Road traffic approval does not apply to PowerBoost\u00ae mode<\/em><\/p>\n<p>\u2022 Warranty: 24 months<\/p>\n<p>\u2022 Importer: Handshake.fi<\/p>\n<p><strong>Installation guide:<\/strong><\/p>\n<p><strong>Coupling:<\/strong><\/p>\n<p>\u2022 DT-2 connector: Additional light connection<\/p>\n<p>\u2022 White: White parking light<\/p>\n<p>\u2022 Yellow: Orange parking light<\/p>\n","protected":false},"excerpt":{"rendered":"<p>The Purelux Black X-Slim S250 Gen2 is part of the manufacturer&#8217;s updated Black X-Slim LED Bar series, which offers top quality at an affordable price. The LED bar has undergone both an exterior and interior facelift: the revamped S250 Gen2 introduces a two-color parking light (orange and white) and two different power modes, and updates the light pattern to make it even better. With two different power modes, the LED strip can be used with a unique selection integrated into the user interface (see below for more information) to activate either the more moderate traffic-approved power mode or the more powerful PowerBoost\u00ae mode designed for off-road use. Already in road-approved power mode, the S250 Gen2 offers significantly more light output than the previous model, and when PowerBoost\u00ae mode is activated, the light output measured from the strip increases to 2906 lumens, with a measured range of an impressive 370 meters at 1 lux for an LED strip of this size.   <\/p>\n<p>Attention! The difference between Purelux PowerBoost\u00ae and traffic mode is clearly visible &#8211; PowerBoost\u00ae mode is much more powerful and should not be used when driving in normal traffic, only off-road .<\/p>\n<p>The S250 Gen2 headlight combines exactly the elements you need on a winding, dark road: at the center of the light pattern is a clear, long-range so-called \u201cmain spot,\u201d a bright, long-range main beam, in addition to which a wide beam of light extends laterally on both sides to light the road from side to side, straight ahead from the bow. The light stream is flat with renewed reflectors, so that light is not wasted in front of the bow or on the treetops. The color temperature of the strip is 5700 kelvin. Due to its small size, the S250 Gen2 is now embedded in the hood or in hidden installations behind the hood, for example. In addition, it is particularly suitable in situations where two smaller LED strips are to be installed side by side with a traditional hood installation.     <\/p>\n<p>The lamp has retained the slim and sleek design that already appears in the name, as well as the black body and dark optics that give the strip a sleek and modern look. In the Gen2 version, the dark optics have now been transferred to the parking light as well, so that the parking light strip running along the bottom edge of the strip stands out from the light only when the parking light is on, making the light stylish both on and off. The frames of the Black X-Slim series led strips are made of powder-coated and durable aluminum alloy, while the lenses are made of virtually indestructible polycarbonate, and the lamps are completely protected from water and dust in accordance with IP69K classification. The frameless lens of the lamps prevents the accumulation of snow, ice and dirt in front of the lens, so the light beam is not as easily obstructed as with additional lamps equipped with a frame.   <\/p>\n","protected":false},"featured_media":12762,"template":"","meta":[],"product_brand":[359],"product_cat":[494],"product_tag":[420],"class_list":{"0":"post-14437","1":"product","2":"type-product","3":"status-publish","4":"has-post-thumbnail","6":"product_brand-purelux-en","7":"product_cat-led-bars","8":"product_tag-led-headlights","10":"first","11":"instock","12":"taxable","13":"shipping-taxable","14":"purchasable","15":"product-type-simple"},"bundled_by":[],"bundle_stock_status":"instock","bundle_stock_quantity":null,"bundle_virtual":false,"bundle_layout":"","bundle_add_to_cart_form_location":"","bundle_editable_in_cart":false,"bundle_sold_individually_context":"","bundle_item_grouping":"","bundle_min_size":"","bundle_max_size":"","bundle_price":[],"bundled_items":[],"bundle_sell_ids":[],"yoast_head":"<!-- This site is optimized with the Yoast SEO plugin v27.2 - https:\/\/yoast.com\/product\/yoast-seo-wordpress\/ -->\n<title>LED panel Purelux Black X-Slim S250 Gen2 - Straight \/ 25 cm \/ 45W \/ Ref. 20, 1 pc.<\/title>\n<meta name=\"robots\" content=\"index, follow, max-snippet:-1, max-image-preview:large, max-video-preview:-1\" \/>\n<link rel=\"canonical\" href=\"https:\/\/iodperformance.com\/en\/produkt\/led-panel-purelux-black-x-slim-s250-gen2-straight-25-cm-45w-ref-20-1-pc\/\" \/>\n<meta property=\"og:locale\" content=\"en_US\" \/>\n<meta property=\"og:type\" content=\"article\" \/>\n<meta property=\"og:title\" content=\"LED panel Purelux Black X-Slim S250 Gen2 - Straight \/ 25 cm \/ 45W \/ Ref. 20, 1 pc.\" \/>\n<meta property=\"og:description\" content=\"The Purelux Black X-Slim S250 Gen2 is part of the manufacturer&#039;s updated Black X-Slim LED Bar series, which offers top quality at an affordable price. The LED bar has undergone both an exterior and interior facelift: the revamped S250 Gen2 introduces a two-color parking light (orange and white) and two different power modes, and updates the light pattern to make it even better. With two different power modes, the LED strip can be used with a unique selection integrated into the user interface (see below for more information) to activate either the more moderate traffic-approved power mode or the more powerful PowerBoost\u00ae mode designed for off-road use. Already in road-approved power mode, the S250 Gen2 offers significantly more light output than the previous model, and when PowerBoost\u00ae mode is activated, the light output measured from the strip increases to 2906 lumens, with a measured range of an impressive 370 meters at 1 lux for an LED strip of this size.   Attention! The difference between Purelux PowerBoost\u00ae and traffic mode is clearly visible - PowerBoost\u00ae mode is much more powerful and should not be used when driving in normal traffic, only off-road . The S250 Gen2 headlight combines exactly the elements you need on a winding, dark road: at the center of the light pattern is a clear, long-range so-called \u201cmain spot,\u201d a bright, long-range main beam, in addition to which a wide beam of light extends laterally on both sides to light the road from side to side, straight ahead from the bow. The light stream is flat with renewed reflectors, so that light is not wasted in front of the bow or on the treetops. The color temperature of the strip is 5700 kelvin. Due to its small size, the S250 Gen2 is now embedded in the hood or in hidden installations behind the hood, for example. In addition, it is particularly suitable in situations where two smaller LED strips are to be installed side by side with a traditional hood installation.    The lamp has retained the slim and sleek design that already appears in the name, as well as the black body and dark optics that give the strip a sleek and modern look. In the Gen2 version, the dark optics have now been transferred to the parking light as well, so that the parking light strip running along the bottom edge of the strip stands out from the light only when the parking light is on, making the light stylish both on and off. The frames of the Black X-Slim series led strips are made of powder-coated and durable aluminum alloy, while the lenses are made of virtually indestructible polycarbonate, and the lamps are completely protected from water and dust in accordance with IP69K classification. The frameless lens of the lamps prevents the accumulation of snow, ice and dirt in front of the lens, so the light beam is not as easily obstructed as with additional lamps equipped with a frame.\" \/>\n<meta property=\"og:url\" content=\"https:\/\/iodperformance.com\/en\/produkt\/led-panel-purelux-black-x-slim-s250-gen2-straight-25-cm-45w-ref-20-1-pc\/\" \/>\n<meta property=\"og:site_name\" content=\"IOD Performance\" \/>\n<meta property=\"article:publisher\" content=\"https:\/\/www.facebook.com\/IODshopPL\/\" \/>\n<meta property=\"article:modified_time\" content=\"2026-02-26T07:11:59+00:00\" \/>\n<meta property=\"og:image\" content=\"https:\/\/iodperformance.com\/wp-content\/uploads\/2025\/05\/purelux_xslim_s250_gen2_1.jpg\" \/>\n\t<meta property=\"og:image:width\" content=\"2048\" \/>\n\t<meta property=\"og:image:height\" content=\"2048\" \/>\n\t<meta property=\"og:image:type\" content=\"image\/jpeg\" \/>\n<meta name=\"twitter:card\" content=\"summary_large_image\" \/>\n<meta name=\"twitter:label1\" content=\"Est. reading time\" \/>\n\t<meta name=\"twitter:data1\" content=\"1 minute\" \/>\n<script type=\"application\/ld+json\" class=\"yoast-schema-graph\">{\"@context\":\"https:\/\/schema.org\",\"@graph\":[{\"@type\":\"WebPage\",\"@id\":\"https:\/\/iodperformance.com\/en\/produkt\/led-panel-purelux-black-x-slim-s250-gen2-straight-25-cm-45w-ref-20-1-pc\/\",\"url\":\"https:\/\/iodperformance.com\/en\/produkt\/led-panel-purelux-black-x-slim-s250-gen2-straight-25-cm-45w-ref-20-1-pc\/\",\"name\":\"LED panel Purelux Black X-Slim S250 Gen2 - Straight \/ 25 cm \/ 45W \/ Ref. 20, 1 pc.\",\"isPartOf\":{\"@id\":\"https:\/\/iodperformance.com\/#website\"},\"primaryImageOfPage\":{\"@id\":\"https:\/\/iodperformance.com\/en\/produkt\/led-panel-purelux-black-x-slim-s250-gen2-straight-25-cm-45w-ref-20-1-pc\/#primaryimage\"},\"image\":{\"@id\":\"https:\/\/iodperformance.com\/en\/produkt\/led-panel-purelux-black-x-slim-s250-gen2-straight-25-cm-45w-ref-20-1-pc\/#primaryimage\"},\"thumbnailUrl\":\"https:\/\/iodperformance.com\/wp-content\/uploads\/2025\/05\/purelux_xslim_s250_gen2_1.jpg\",\"datePublished\":\"2025-05-30T06:47:01+00:00\",\"dateModified\":\"2026-02-26T07:11:59+00:00\",\"breadcrumb\":{\"@id\":\"https:\/\/iodperformance.com\/en\/produkt\/led-panel-purelux-black-x-slim-s250-gen2-straight-25-cm-45w-ref-20-1-pc\/#breadcrumb\"},\"inLanguage\":\"en-US\",\"potentialAction\":[{\"@type\":\"ReadAction\",\"target\":[\"https:\/\/iodperformance.com\/en\/produkt\/led-panel-purelux-black-x-slim-s250-gen2-straight-25-cm-45w-ref-20-1-pc\/\"]}]},{\"@type\":\"ImageObject\",\"inLanguage\":\"en-US\",\"@id\":\"https:\/\/iodperformance.com\/en\/produkt\/led-panel-purelux-black-x-slim-s250-gen2-straight-25-cm-45w-ref-20-1-pc\/#primaryimage\",\"url\":\"https:\/\/iodperformance.com\/wp-content\/uploads\/2025\/05\/purelux_xslim_s250_gen2_1.jpg\",\"contentUrl\":\"https:\/\/iodperformance.com\/wp-content\/uploads\/2025\/05\/purelux_xslim_s250_gen2_1.jpg\",\"width\":2048,\"height\":2048},{\"@type\":\"BreadcrumbList\",\"@id\":\"https:\/\/iodperformance.com\/en\/produkt\/led-panel-purelux-black-x-slim-s250-gen2-straight-25-cm-45w-ref-20-1-pc\/#breadcrumb\",\"itemListElement\":[{\"@type\":\"ListItem\",\"position\":1,\"name\":\"Strona g\u0142\u00f3wna\",\"item\":\"https:\/\/iodperformance.com\/en\/\"},{\"@type\":\"ListItem\",\"position\":2,\"name\":\"Shop\",\"item\":\"https:\/\/iodperformance.com\/en\/shop\/\"},{\"@type\":\"ListItem\",\"position\":3,\"name\":\"LED panel Purelux Black X-Slim S250 Gen2 - Straight \/ 25 cm \/ 45W \/ Ref. 20, 1 pc.\"}]},{\"@type\":\"WebSite\",\"@id\":\"https:\/\/iodperformance.com\/#website\",\"url\":\"https:\/\/iodperformance.com\/\",\"name\":\"IOD Performance\",\"description\":\"Producent cz\u0119\u015bci i akcesori\u00f3w samochodowych\",\"publisher\":{\"@id\":\"https:\/\/iodperformance.com\/#organization\"},\"potentialAction\":[{\"@type\":\"SearchAction\",\"target\":{\"@type\":\"EntryPoint\",\"urlTemplate\":\"https:\/\/iodperformance.com\/?s={search_term_string}\"},\"query-input\":{\"@type\":\"PropertyValueSpecification\",\"valueRequired\":true,\"valueName\":\"search_term_string\"}}],\"inLanguage\":\"en-US\"},{\"@type\":\"Organization\",\"@id\":\"https:\/\/iodperformance.com\/#organization\",\"name\":\"IOD Performance\",\"url\":\"https:\/\/iodperformance.com\/\",\"logo\":{\"@type\":\"ImageObject\",\"inLanguage\":\"en-US\",\"@id\":\"https:\/\/iodperformance.com\/#\/schema\/logo\/image\/\",\"url\":\"https:\/\/iodperformance.com\/wp-content\/uploads\/2025\/02\/logo_V2.png\",\"contentUrl\":\"https:\/\/iodperformance.com\/wp-content\/uploads\/2025\/02\/logo_V2.png\",\"width\":2560,\"height\":1076,\"caption\":\"IOD Performance\"},\"image\":{\"@id\":\"https:\/\/iodperformance.com\/#\/schema\/logo\/image\/\"},\"sameAs\":[\"https:\/\/www.facebook.com\/IODshopPL\/\",\"https:\/\/www.instagram.com\/iodperformance\/\",\"https:\/\/www.youtube.com\/@iodperformance\"]}]}<\/script>\n<!-- \/ Yoast SEO plugin. -->","yoast_head_json":{"title":"LED panel Purelux Black X-Slim S250 Gen2 - Straight \/ 25 cm \/ 45W \/ Ref. 20, 1 pc.","robots":{"index":"index","follow":"follow","max-snippet":"max-snippet:-1","max-image-preview":"max-image-preview:large","max-video-preview":"max-video-preview:-1"},"canonical":"https:\/\/iodperformance.com\/en\/produkt\/led-panel-purelux-black-x-slim-s250-gen2-straight-25-cm-45w-ref-20-1-pc\/","og_locale":"en_US","og_type":"article","og_title":"LED panel Purelux Black X-Slim S250 Gen2 - Straight \/ 25 cm \/ 45W \/ Ref. 20, 1 pc.","og_description":"The Purelux Black X-Slim S250 Gen2 is part of the manufacturer's updated Black X-Slim LED Bar series, which offers top quality at an affordable price. The LED bar has undergone both an exterior and interior facelift: the revamped S250 Gen2 introduces a two-color parking light (orange and white) and two different power modes, and updates the light pattern to make it even better. With two different power modes, the LED strip can be used with a unique selection integrated into the user interface (see below for more information) to activate either the more moderate traffic-approved power mode or the more powerful PowerBoost\u00ae mode designed for off-road use. Already in road-approved power mode, the S250 Gen2 offers significantly more light output than the previous model, and when PowerBoost\u00ae mode is activated, the light output measured from the strip increases to 2906 lumens, with a measured range of an impressive 370 meters at 1 lux for an LED strip of this size.   Attention! The difference between Purelux PowerBoost\u00ae and traffic mode is clearly visible - PowerBoost\u00ae mode is much more powerful and should not be used when driving in normal traffic, only off-road . The S250 Gen2 headlight combines exactly the elements you need on a winding, dark road: at the center of the light pattern is a clear, long-range so-called \u201cmain spot,\u201d a bright, long-range main beam, in addition to which a wide beam of light extends laterally on both sides to light the road from side to side, straight ahead from the bow. The light stream is flat with renewed reflectors, so that light is not wasted in front of the bow or on the treetops. The color temperature of the strip is 5700 kelvin. Due to its small size, the S250 Gen2 is now embedded in the hood or in hidden installations behind the hood, for example. In addition, it is particularly suitable in situations where two smaller LED strips are to be installed side by side with a traditional hood installation.    The lamp has retained the slim and sleek design that already appears in the name, as well as the black body and dark optics that give the strip a sleek and modern look. In the Gen2 version, the dark optics have now been transferred to the parking light as well, so that the parking light strip running along the bottom edge of the strip stands out from the light only when the parking light is on, making the light stylish both on and off. The frames of the Black X-Slim series led strips are made of powder-coated and durable aluminum alloy, while the lenses are made of virtually indestructible polycarbonate, and the lamps are completely protected from water and dust in accordance with IP69K classification. The frameless lens of the lamps prevents the accumulation of snow, ice and dirt in front of the lens, so the light beam is not as easily obstructed as with additional lamps equipped with a frame.","og_url":"https:\/\/iodperformance.com\/en\/produkt\/led-panel-purelux-black-x-slim-s250-gen2-straight-25-cm-45w-ref-20-1-pc\/","og_site_name":"IOD Performance","article_publisher":"https:\/\/www.facebook.com\/IODshopPL\/","article_modified_time":"2026-02-26T07:11:59+00:00","og_image":[{"width":2048,"height":2048,"url":"https:\/\/iodperformance.com\/wp-content\/uploads\/2025\/05\/purelux_xslim_s250_gen2_1.jpg","type":"image\/jpeg"}],"twitter_card":"summary_large_image","twitter_misc":{"Est. reading time":"1 minute"},"schema":{"@context":"https:\/\/schema.org","@graph":[{"@type":"WebPage","@id":"https:\/\/iodperformance.com\/en\/produkt\/led-panel-purelux-black-x-slim-s250-gen2-straight-25-cm-45w-ref-20-1-pc\/","url":"https:\/\/iodperformance.com\/en\/produkt\/led-panel-purelux-black-x-slim-s250-gen2-straight-25-cm-45w-ref-20-1-pc\/","name":"LED panel Purelux Black X-Slim S250 Gen2 - Straight \/ 25 cm \/ 45W \/ Ref. 20, 1 pc.","isPartOf":{"@id":"https:\/\/iodperformance.com\/#website"},"primaryImageOfPage":{"@id":"https:\/\/iodperformance.com\/en\/produkt\/led-panel-purelux-black-x-slim-s250-gen2-straight-25-cm-45w-ref-20-1-pc\/#primaryimage"},"image":{"@id":"https:\/\/iodperformance.com\/en\/produkt\/led-panel-purelux-black-x-slim-s250-gen2-straight-25-cm-45w-ref-20-1-pc\/#primaryimage"},"thumbnailUrl":"https:\/\/iodperformance.com\/wp-content\/uploads\/2025\/05\/purelux_xslim_s250_gen2_1.jpg","datePublished":"2025-05-30T06:47:01+00:00","dateModified":"2026-02-26T07:11:59+00:00","breadcrumb":{"@id":"https:\/\/iodperformance.com\/en\/produkt\/led-panel-purelux-black-x-slim-s250-gen2-straight-25-cm-45w-ref-20-1-pc\/#breadcrumb"},"inLanguage":"en-US","potentialAction":[{"@type":"ReadAction","target":["https:\/\/iodperformance.com\/en\/produkt\/led-panel-purelux-black-x-slim-s250-gen2-straight-25-cm-45w-ref-20-1-pc\/"]}]},{"@type":"ImageObject","inLanguage":"en-US","@id":"https:\/\/iodperformance.com\/en\/produkt\/led-panel-purelux-black-x-slim-s250-gen2-straight-25-cm-45w-ref-20-1-pc\/#primaryimage","url":"https:\/\/iodperformance.com\/wp-content\/uploads\/2025\/05\/purelux_xslim_s250_gen2_1.jpg","contentUrl":"https:\/\/iodperformance.com\/wp-content\/uploads\/2025\/05\/purelux_xslim_s250_gen2_1.jpg","width":2048,"height":2048},{"@type":"BreadcrumbList","@id":"https:\/\/iodperformance.com\/en\/produkt\/led-panel-purelux-black-x-slim-s250-gen2-straight-25-cm-45w-ref-20-1-pc\/#breadcrumb","itemListElement":[{"@type":"ListItem","position":1,"name":"Strona g\u0142\u00f3wna","item":"https:\/\/iodperformance.com\/en\/"},{"@type":"ListItem","position":2,"name":"Shop","item":"https:\/\/iodperformance.com\/en\/shop\/"},{"@type":"ListItem","position":3,"name":"LED panel Purelux Black X-Slim S250 Gen2 - Straight \/ 25 cm \/ 45W \/ Ref. 20, 1 pc."}]},{"@type":"WebSite","@id":"https:\/\/iodperformance.com\/#website","url":"https:\/\/iodperformance.com\/","name":"IOD Performance","description":"Producent cz\u0119\u015bci i akcesori\u00f3w samochodowych","publisher":{"@id":"https:\/\/iodperformance.com\/#organization"},"potentialAction":[{"@type":"SearchAction","target":{"@type":"EntryPoint","urlTemplate":"https:\/\/iodperformance.com\/?s={search_term_string}"},"query-input":{"@type":"PropertyValueSpecification","valueRequired":true,"valueName":"search_term_string"}}],"inLanguage":"en-US"},{"@type":"Organization","@id":"https:\/\/iodperformance.com\/#organization","name":"IOD Performance","url":"https:\/\/iodperformance.com\/","logo":{"@type":"ImageObject","inLanguage":"en-US","@id":"https:\/\/iodperformance.com\/#\/schema\/logo\/image\/","url":"https:\/\/iodperformance.com\/wp-content\/uploads\/2025\/02\/logo_V2.png","contentUrl":"https:\/\/iodperformance.com\/wp-content\/uploads\/2025\/02\/logo_V2.png","width":2560,"height":1076,"caption":"IOD Performance"},"image":{"@id":"https:\/\/iodperformance.com\/#\/schema\/logo\/image\/"},"sameAs":["https:\/\/www.facebook.com\/IODshopPL\/","https:\/\/www.instagram.com\/iodperformance\/","https:\/\/www.youtube.com\/@iodperformance"]}]}},"_links":{"self":[{"href":"https:\/\/iodperformance.com\/en\/wp-json\/wp\/v2\/product\/14437","targetHints":{"allow":["GET"]}}],"collection":[{"href":"https:\/\/iodperformance.com\/en\/wp-json\/wp\/v2\/product"}],"about":[{"href":"https:\/\/iodperformance.com\/en\/wp-json\/wp\/v2\/types\/product"}],"version-history":[{"count":0,"href":"https:\/\/iodperformance.com\/en\/wp-json\/wp\/v2\/product\/14437\/revisions"}],"wp:featuredmedia":[{"embeddable":true,"href":"https:\/\/iodperformance.com\/en\/wp-json\/wp\/v2\/media\/12762"}],"wp:attachment":[{"href":"https:\/\/iodperformance.com\/en\/wp-json\/wp\/v2\/media?parent=14437"}],"wp:term":[{"taxonomy":"product_brand","embeddable":true,"href":"https:\/\/iodperformance.com\/en\/wp-json\/wp\/v2\/product_brand?post=14437"},{"taxonomy":"product_cat","embeddable":true,"href":"https:\/\/iodperformance.com\/en\/wp-json\/wp\/v2\/product_cat?post=14437"},{"taxonomy":"product_tag","embeddable":true,"href":"https:\/\/iodperformance.com\/en\/wp-json\/wp\/v2\/product_tag?post=14437"}],"curies":[{"name":"wp","href":"https:\/\/api.w.org\/{rel}","templated":true}]}}