{"id":14409,"date":"2025-05-30T08:46:44","date_gmt":"2025-05-30T06:46:44","guid":{"rendered":"https:\/\/iodperformance.com\/produkt\/purelux-specter-7x-marker-warning-light-12-24v-2w-109-mm-7ax-orange-7rx-red-7wx-white\/"},"modified":"2026-02-26T08:11:57","modified_gmt":"2026-02-26T07:11:57","slug":"purelux-specter-7x-marker-warning-light-12-24v-2w-109-mm-7ax-orange-7rx-red-7wx-white","status":"publish","type":"product","link":"https:\/\/iodperformance.com\/en\/produkt\/purelux-specter-7x-marker-warning-light-12-24v-2w-109-mm-7ax-orange-7rx-red-7wx-white\/","title":{"rendered":"Purelux Specter 7X marker \/ warning light &#8211; 12\/24V \/ 2W \/ 109 mm, 7AX (Orange), 7RX (Red), 7WX (White)"},"content":{"rendered":"<p><strong>Content:<\/strong><\/p>\n<p>\u2022 Purelux Specter 7X (your choice of 7AX, 7WX or 7RX)<\/p>\n<p>\u2022 2 \u00d7 Mounting frame<\/p>\n<p>\u2022 Power cord, no plug<\/p>\n<p>\u2022 Installation and operating instructions<\/p>\n<p><strong>Technical specification:<\/strong><\/p>\n<p>\u2022 Make and model: Warning \/ Flash light Purelux Specter 7X, 32 mm<\/p>\n<p>\u2022 Intended use: As a warning\/strobe light or position light in vehicles<\/p>\n<p>\u2022 Operating voltage: 10\u201330 V (DC)<\/p>\n<p>\u2022 Light colour: White, orange or red<\/p>\n<p>\u2022 Power: 6W<\/p>\n<p>\u2022 Dimensions: 25 \u00d7 32 mm (Depth \u00d7 Diameter)<\/p>\n<p>\u2022 Power cable length: 500 mm<\/p>\n<p>\u2022 Weight: 54 g<\/p>\n<p>\u2022 Protection class: IP67<\/p>\n<p>\u2022 Approvals: EMC: ECE: R10, R65, R148<\/p>\n<p>\u2022 Warranty: 24 months<\/p>\n<p><strong>Operating modes:<\/strong><\/p>\n<p>\u2022 Single blink<\/p>\n<p>\u2022 Double blink, fast<\/p>\n<p>\u2022 Double blink, slow<\/p>\n<p>\u2022 Quadruple flashing<\/p>\n<p>\u2022 Single-double flashing<\/p>\n<p>\u2022 Single-quadruple flashing<\/p>\n<p>\u2022 Pulsating<\/p>\n<p>\u2022 Even light<\/p>\n<p><strong>Quick guide<\/strong><\/p>\n<p><strong>Coupling:<\/strong><\/p>\n<p>\u2022 Red: Current for warning light (Amber)<\/p>\n<p>\u2022 Black: Grounding<\/p>\n<p>\u2022 Yellow: Selection of operating mode, synchronization, reset<\/p>\n<p>\u2022 White: Alternate sync<\/p>\n<p>\u2022 Green: Current for parking lights<\/p>\n","protected":false},"excerpt":{"rendered":"<p>The Purelux Specter 7X is a product series featuring three compact, stylish and powerful warning\/strobe lights. The Specter 7X are available in orange, white and red and are ECE R148 approved, meaning they can be used for comprehensive lighting solutions for the entire vehicle, whether front, side or rear. In addition to the steady light, all three lights have eight different flashing functions, and the orange 7AX light can also be used as a warning light thanks to ECE R65 approval. The Specter 7X series lights are suitable for heavy vehicles, vans and cars, and when mounted on a vehicle, all that is visible is the most important thing: a powerful and impressive warning light.   <\/p>\n<p>The diameter of the thin-framed lamps is only 32 mm, so they can be easily embedded in holes already prepared in the vehicle, and making completely new mounting holes is not a big problem either. If necessary, the lamps can also be mounted in 60-75 mm tubes using the included adapters, so the mounting possibilities are virtually unlimited. Thanks to their small size, Specters fit discreetly into any vehicle, but when they are on, even the midnight darkness and winding roads don&#8217;t interfere with being visible. The modern look of the lamps, combined with efficient LEDs and a nice light distribution, make them an excellent option for both professional drivers and for improving the appearance of a car. The lamps are suitable for both 12-volt and 24-volt systems and are protected against radio interference in accordance with the R10 standard. Two-year (24 months) warranty!     <\/p>\n<p>Purelux Specter 7X lights are certified according to the ECE R148 standard, which includes approvals such as warning, brake, side and daytime running lights. In addition, the same approval also allows the light to be used as a turn signal, and the ECE R65 approval of the orange 7AX light also allows it to be used as a warning light. <\/p>\n","protected":false},"featured_media":12661,"template":"","meta":[],"product_brand":[359],"product_cat":[491],"product_tag":[420],"class_list":{"0":"post-14409","1":"product","2":"type-product","3":"status-publish","4":"has-post-thumbnail","6":"product_brand-purelux-en","7":"product_cat-auxiliary-lamps","8":"product_tag-led-headlights","10":"first","11":"instock","12":"taxable","13":"shipping-taxable","14":"purchasable","15":"product-type-simple"},"bundled_by":[],"bundle_stock_status":"instock","bundle_stock_quantity":null,"bundle_virtual":false,"bundle_layout":"","bundle_add_to_cart_form_location":"","bundle_editable_in_cart":false,"bundle_sold_individually_context":"","bundle_item_grouping":"","bundle_min_size":"","bundle_max_size":"","bundle_price":[],"bundled_items":[],"bundle_sell_ids":[],"yoast_head":"<!-- This site is optimized with the Yoast SEO plugin v27.2 - https:\/\/yoast.com\/product\/yoast-seo-wordpress\/ -->\n<title>Purelux Specter 7X marker \/ warning light - 12\/24V \/ 2W \/ 109 mm, 7AX (Orange), 7RX (Red), 7WX (White)<\/title>\n<meta name=\"robots\" content=\"index, follow, max-snippet:-1, max-image-preview:large, max-video-preview:-1\" \/>\n<link rel=\"canonical\" href=\"https:\/\/iodperformance.com\/en\/produkt\/purelux-specter-7x-marker-warning-light-12-24v-2w-109-mm-7ax-orange-7rx-red-7wx-white\/\" \/>\n<meta property=\"og:locale\" content=\"en_US\" \/>\n<meta property=\"og:type\" content=\"article\" \/>\n<meta property=\"og:title\" content=\"Purelux Specter 7X marker \/ warning light - 12\/24V \/ 2W \/ 109 mm, 7AX (Orange), 7RX (Red), 7WX (White)\" \/>\n<meta property=\"og:description\" content=\"The Purelux Specter 7X is a product series featuring three compact, stylish and powerful warning\/strobe lights. The Specter 7X are available in orange, white and red and are ECE R148 approved, meaning they can be used for comprehensive lighting solutions for the entire vehicle, whether front, side or rear. In addition to the steady light, all three lights have eight different flashing functions, and the orange 7AX light can also be used as a warning light thanks to ECE R65 approval. The Specter 7X series lights are suitable for heavy vehicles, vans and cars, and when mounted on a vehicle, all that is visible is the most important thing: a powerful and impressive warning light.   The diameter of the thin-framed lamps is only 32 mm, so they can be easily embedded in holes already prepared in the vehicle, and making completely new mounting holes is not a big problem either. If necessary, the lamps can also be mounted in 60-75 mm tubes using the included adapters, so the mounting possibilities are virtually unlimited. Thanks to their small size, Specters fit discreetly into any vehicle, but when they are on, even the midnight darkness and winding roads don&#039;t interfere with being visible. The modern look of the lamps, combined with efficient LEDs and a nice light distribution, make them an excellent option for both professional drivers and for improving the appearance of a car. The lamps are suitable for both 12-volt and 24-volt systems and are protected against radio interference in accordance with the R10 standard. Two-year (24 months) warranty!    Purelux Specter 7X lights are certified according to the ECE R148 standard, which includes approvals such as warning, brake, side and daytime running lights. In addition, the same approval also allows the light to be used as a turn signal, and the ECE R65 approval of the orange 7AX light also allows it to be used as a warning light.\" \/>\n<meta property=\"og:url\" content=\"https:\/\/iodperformance.com\/en\/produkt\/purelux-specter-7x-marker-warning-light-12-24v-2w-109-mm-7ax-orange-7rx-red-7wx-white\/\" \/>\n<meta property=\"og:site_name\" content=\"IOD Performance\" \/>\n<meta property=\"article:publisher\" content=\"https:\/\/www.facebook.com\/IODshopPL\/\" \/>\n<meta property=\"article:modified_time\" content=\"2026-02-26T07:11:57+00:00\" \/>\n<meta property=\"og:image\" content=\"https:\/\/iodperformance.com\/wp-content\/uploads\/2025\/05\/purelux_spectre_7wx_1_1.jpg\" \/>\n\t<meta property=\"og:image:width\" content=\"2048\" \/>\n\t<meta property=\"og:image:height\" content=\"2048\" \/>\n\t<meta property=\"og:image:type\" content=\"image\/jpeg\" \/>\n<meta name=\"twitter:card\" content=\"summary_large_image\" \/>\n<meta name=\"twitter:label1\" content=\"Est. reading time\" \/>\n\t<meta name=\"twitter:data1\" content=\"1 minute\" \/>\n<script type=\"application\/ld+json\" class=\"yoast-schema-graph\">{\"@context\":\"https:\/\/schema.org\",\"@graph\":[{\"@type\":\"WebPage\",\"@id\":\"https:\/\/iodperformance.com\/en\/produkt\/purelux-specter-7x-marker-warning-light-12-24v-2w-109-mm-7ax-orange-7rx-red-7wx-white\/\",\"url\":\"https:\/\/iodperformance.com\/en\/produkt\/purelux-specter-7x-marker-warning-light-12-24v-2w-109-mm-7ax-orange-7rx-red-7wx-white\/\",\"name\":\"Purelux Specter 7X marker \/ warning light - 12\/24V \/ 2W \/ 109 mm, 7AX (Orange), 7RX (Red), 7WX (White)\",\"isPartOf\":{\"@id\":\"https:\/\/iodperformance.com\/#website\"},\"primaryImageOfPage\":{\"@id\":\"https:\/\/iodperformance.com\/en\/produkt\/purelux-specter-7x-marker-warning-light-12-24v-2w-109-mm-7ax-orange-7rx-red-7wx-white\/#primaryimage\"},\"image\":{\"@id\":\"https:\/\/iodperformance.com\/en\/produkt\/purelux-specter-7x-marker-warning-light-12-24v-2w-109-mm-7ax-orange-7rx-red-7wx-white\/#primaryimage\"},\"thumbnailUrl\":\"https:\/\/iodperformance.com\/wp-content\/uploads\/2025\/05\/purelux_spectre_7wx_1_1.jpg\",\"datePublished\":\"2025-05-30T06:46:44+00:00\",\"dateModified\":\"2026-02-26T07:11:57+00:00\",\"breadcrumb\":{\"@id\":\"https:\/\/iodperformance.com\/en\/produkt\/purelux-specter-7x-marker-warning-light-12-24v-2w-109-mm-7ax-orange-7rx-red-7wx-white\/#breadcrumb\"},\"inLanguage\":\"en-US\",\"potentialAction\":[{\"@type\":\"ReadAction\",\"target\":[\"https:\/\/iodperformance.com\/en\/produkt\/purelux-specter-7x-marker-warning-light-12-24v-2w-109-mm-7ax-orange-7rx-red-7wx-white\/\"]}]},{\"@type\":\"ImageObject\",\"inLanguage\":\"en-US\",\"@id\":\"https:\/\/iodperformance.com\/en\/produkt\/purelux-specter-7x-marker-warning-light-12-24v-2w-109-mm-7ax-orange-7rx-red-7wx-white\/#primaryimage\",\"url\":\"https:\/\/iodperformance.com\/wp-content\/uploads\/2025\/05\/purelux_spectre_7wx_1_1.jpg\",\"contentUrl\":\"https:\/\/iodperformance.com\/wp-content\/uploads\/2025\/05\/purelux_spectre_7wx_1_1.jpg\",\"width\":2048,\"height\":2048},{\"@type\":\"BreadcrumbList\",\"@id\":\"https:\/\/iodperformance.com\/en\/produkt\/purelux-specter-7x-marker-warning-light-12-24v-2w-109-mm-7ax-orange-7rx-red-7wx-white\/#breadcrumb\",\"itemListElement\":[{\"@type\":\"ListItem\",\"position\":1,\"name\":\"Strona g\u0142\u00f3wna\",\"item\":\"https:\/\/iodperformance.com\/en\/\"},{\"@type\":\"ListItem\",\"position\":2,\"name\":\"Shop\",\"item\":\"https:\/\/iodperformance.com\/en\/shop\/\"},{\"@type\":\"ListItem\",\"position\":3,\"name\":\"Purelux Specter 7X marker \/ warning light - 12\/24V \/ 2W \/ 109 mm, 7AX (Orange), 7RX (Red), 7WX (White)\"}]},{\"@type\":\"WebSite\",\"@id\":\"https:\/\/iodperformance.com\/#website\",\"url\":\"https:\/\/iodperformance.com\/\",\"name\":\"IOD Performance\",\"description\":\"Producent cz\u0119\u015bci i akcesori\u00f3w samochodowych\",\"publisher\":{\"@id\":\"https:\/\/iodperformance.com\/#organization\"},\"potentialAction\":[{\"@type\":\"SearchAction\",\"target\":{\"@type\":\"EntryPoint\",\"urlTemplate\":\"https:\/\/iodperformance.com\/?s={search_term_string}\"},\"query-input\":{\"@type\":\"PropertyValueSpecification\",\"valueRequired\":true,\"valueName\":\"search_term_string\"}}],\"inLanguage\":\"en-US\"},{\"@type\":\"Organization\",\"@id\":\"https:\/\/iodperformance.com\/#organization\",\"name\":\"IOD Performance\",\"url\":\"https:\/\/iodperformance.com\/\",\"logo\":{\"@type\":\"ImageObject\",\"inLanguage\":\"en-US\",\"@id\":\"https:\/\/iodperformance.com\/#\/schema\/logo\/image\/\",\"url\":\"https:\/\/iodperformance.com\/wp-content\/uploads\/2025\/02\/logo_V2.png\",\"contentUrl\":\"https:\/\/iodperformance.com\/wp-content\/uploads\/2025\/02\/logo_V2.png\",\"width\":2560,\"height\":1076,\"caption\":\"IOD Performance\"},\"image\":{\"@id\":\"https:\/\/iodperformance.com\/#\/schema\/logo\/image\/\"},\"sameAs\":[\"https:\/\/www.facebook.com\/IODshopPL\/\",\"https:\/\/www.instagram.com\/iodperformance\/\",\"https:\/\/www.youtube.com\/@iodperformance\"]}]}<\/script>\n<!-- \/ Yoast SEO plugin. -->","yoast_head_json":{"title":"Purelux Specter 7X marker \/ warning light - 12\/24V \/ 2W \/ 109 mm, 7AX (Orange), 7RX (Red), 7WX (White)","robots":{"index":"index","follow":"follow","max-snippet":"max-snippet:-1","max-image-preview":"max-image-preview:large","max-video-preview":"max-video-preview:-1"},"canonical":"https:\/\/iodperformance.com\/en\/produkt\/purelux-specter-7x-marker-warning-light-12-24v-2w-109-mm-7ax-orange-7rx-red-7wx-white\/","og_locale":"en_US","og_type":"article","og_title":"Purelux Specter 7X marker \/ warning light - 12\/24V \/ 2W \/ 109 mm, 7AX (Orange), 7RX (Red), 7WX (White)","og_description":"The Purelux Specter 7X is a product series featuring three compact, stylish and powerful warning\/strobe lights. The Specter 7X are available in orange, white and red and are ECE R148 approved, meaning they can be used for comprehensive lighting solutions for the entire vehicle, whether front, side or rear. In addition to the steady light, all three lights have eight different flashing functions, and the orange 7AX light can also be used as a warning light thanks to ECE R65 approval. The Specter 7X series lights are suitable for heavy vehicles, vans and cars, and when mounted on a vehicle, all that is visible is the most important thing: a powerful and impressive warning light.   The diameter of the thin-framed lamps is only 32 mm, so they can be easily embedded in holes already prepared in the vehicle, and making completely new mounting holes is not a big problem either. If necessary, the lamps can also be mounted in 60-75 mm tubes using the included adapters, so the mounting possibilities are virtually unlimited. Thanks to their small size, Specters fit discreetly into any vehicle, but when they are on, even the midnight darkness and winding roads don't interfere with being visible. The modern look of the lamps, combined with efficient LEDs and a nice light distribution, make them an excellent option for both professional drivers and for improving the appearance of a car. The lamps are suitable for both 12-volt and 24-volt systems and are protected against radio interference in accordance with the R10 standard. Two-year (24 months) warranty!    Purelux Specter 7X lights are certified according to the ECE R148 standard, which includes approvals such as warning, brake, side and daytime running lights. In addition, the same approval also allows the light to be used as a turn signal, and the ECE R65 approval of the orange 7AX light also allows it to be used as a warning light.","og_url":"https:\/\/iodperformance.com\/en\/produkt\/purelux-specter-7x-marker-warning-light-12-24v-2w-109-mm-7ax-orange-7rx-red-7wx-white\/","og_site_name":"IOD Performance","article_publisher":"https:\/\/www.facebook.com\/IODshopPL\/","article_modified_time":"2026-02-26T07:11:57+00:00","og_image":[{"width":2048,"height":2048,"url":"https:\/\/iodperformance.com\/wp-content\/uploads\/2025\/05\/purelux_spectre_7wx_1_1.jpg","type":"image\/jpeg"}],"twitter_card":"summary_large_image","twitter_misc":{"Est. reading time":"1 minute"},"schema":{"@context":"https:\/\/schema.org","@graph":[{"@type":"WebPage","@id":"https:\/\/iodperformance.com\/en\/produkt\/purelux-specter-7x-marker-warning-light-12-24v-2w-109-mm-7ax-orange-7rx-red-7wx-white\/","url":"https:\/\/iodperformance.com\/en\/produkt\/purelux-specter-7x-marker-warning-light-12-24v-2w-109-mm-7ax-orange-7rx-red-7wx-white\/","name":"Purelux Specter 7X marker \/ warning light - 12\/24V \/ 2W \/ 109 mm, 7AX (Orange), 7RX (Red), 7WX (White)","isPartOf":{"@id":"https:\/\/iodperformance.com\/#website"},"primaryImageOfPage":{"@id":"https:\/\/iodperformance.com\/en\/produkt\/purelux-specter-7x-marker-warning-light-12-24v-2w-109-mm-7ax-orange-7rx-red-7wx-white\/#primaryimage"},"image":{"@id":"https:\/\/iodperformance.com\/en\/produkt\/purelux-specter-7x-marker-warning-light-12-24v-2w-109-mm-7ax-orange-7rx-red-7wx-white\/#primaryimage"},"thumbnailUrl":"https:\/\/iodperformance.com\/wp-content\/uploads\/2025\/05\/purelux_spectre_7wx_1_1.jpg","datePublished":"2025-05-30T06:46:44+00:00","dateModified":"2026-02-26T07:11:57+00:00","breadcrumb":{"@id":"https:\/\/iodperformance.com\/en\/produkt\/purelux-specter-7x-marker-warning-light-12-24v-2w-109-mm-7ax-orange-7rx-red-7wx-white\/#breadcrumb"},"inLanguage":"en-US","potentialAction":[{"@type":"ReadAction","target":["https:\/\/iodperformance.com\/en\/produkt\/purelux-specter-7x-marker-warning-light-12-24v-2w-109-mm-7ax-orange-7rx-red-7wx-white\/"]}]},{"@type":"ImageObject","inLanguage":"en-US","@id":"https:\/\/iodperformance.com\/en\/produkt\/purelux-specter-7x-marker-warning-light-12-24v-2w-109-mm-7ax-orange-7rx-red-7wx-white\/#primaryimage","url":"https:\/\/iodperformance.com\/wp-content\/uploads\/2025\/05\/purelux_spectre_7wx_1_1.jpg","contentUrl":"https:\/\/iodperformance.com\/wp-content\/uploads\/2025\/05\/purelux_spectre_7wx_1_1.jpg","width":2048,"height":2048},{"@type":"BreadcrumbList","@id":"https:\/\/iodperformance.com\/en\/produkt\/purelux-specter-7x-marker-warning-light-12-24v-2w-109-mm-7ax-orange-7rx-red-7wx-white\/#breadcrumb","itemListElement":[{"@type":"ListItem","position":1,"name":"Strona g\u0142\u00f3wna","item":"https:\/\/iodperformance.com\/en\/"},{"@type":"ListItem","position":2,"name":"Shop","item":"https:\/\/iodperformance.com\/en\/shop\/"},{"@type":"ListItem","position":3,"name":"Purelux Specter 7X marker \/ warning light - 12\/24V \/ 2W \/ 109 mm, 7AX (Orange), 7RX (Red), 7WX (White)"}]},{"@type":"WebSite","@id":"https:\/\/iodperformance.com\/#website","url":"https:\/\/iodperformance.com\/","name":"IOD Performance","description":"Producent cz\u0119\u015bci i akcesori\u00f3w samochodowych","publisher":{"@id":"https:\/\/iodperformance.com\/#organization"},"potentialAction":[{"@type":"SearchAction","target":{"@type":"EntryPoint","urlTemplate":"https:\/\/iodperformance.com\/?s={search_term_string}"},"query-input":{"@type":"PropertyValueSpecification","valueRequired":true,"valueName":"search_term_string"}}],"inLanguage":"en-US"},{"@type":"Organization","@id":"https:\/\/iodperformance.com\/#organization","name":"IOD Performance","url":"https:\/\/iodperformance.com\/","logo":{"@type":"ImageObject","inLanguage":"en-US","@id":"https:\/\/iodperformance.com\/#\/schema\/logo\/image\/","url":"https:\/\/iodperformance.com\/wp-content\/uploads\/2025\/02\/logo_V2.png","contentUrl":"https:\/\/iodperformance.com\/wp-content\/uploads\/2025\/02\/logo_V2.png","width":2560,"height":1076,"caption":"IOD Performance"},"image":{"@id":"https:\/\/iodperformance.com\/#\/schema\/logo\/image\/"},"sameAs":["https:\/\/www.facebook.com\/IODshopPL\/","https:\/\/www.instagram.com\/iodperformance\/","https:\/\/www.youtube.com\/@iodperformance"]}]}},"_links":{"self":[{"href":"https:\/\/iodperformance.com\/en\/wp-json\/wp\/v2\/product\/14409","targetHints":{"allow":["GET"]}}],"collection":[{"href":"https:\/\/iodperformance.com\/en\/wp-json\/wp\/v2\/product"}],"about":[{"href":"https:\/\/iodperformance.com\/en\/wp-json\/wp\/v2\/types\/product"}],"version-history":[{"count":0,"href":"https:\/\/iodperformance.com\/en\/wp-json\/wp\/v2\/product\/14409\/revisions"}],"wp:featuredmedia":[{"embeddable":true,"href":"https:\/\/iodperformance.com\/en\/wp-json\/wp\/v2\/media\/12661"}],"wp:attachment":[{"href":"https:\/\/iodperformance.com\/en\/wp-json\/wp\/v2\/media?parent=14409"}],"wp:term":[{"taxonomy":"product_brand","embeddable":true,"href":"https:\/\/iodperformance.com\/en\/wp-json\/wp\/v2\/product_brand?post=14409"},{"taxonomy":"product_cat","embeddable":true,"href":"https:\/\/iodperformance.com\/en\/wp-json\/wp\/v2\/product_cat?post=14409"},{"taxonomy":"product_tag","embeddable":true,"href":"https:\/\/iodperformance.com\/en\/wp-json\/wp\/v2\/product_tag?post=14409"}],"curies":[{"name":"wp","href":"https:\/\/api.w.org\/{rel}","templated":true}]}}