{"id":14407,"date":"2025-05-30T08:46:42","date_gmt":"2025-05-30T06:46:42","guid":{"rendered":"https:\/\/iodperformance.com\/produkt\/purelux-mini-dashboard-controller-switch-panel-10-30v\/"},"modified":"2026-02-26T08:11:56","modified_gmt":"2026-02-26T07:11:56","slug":"purelux-mini-dashboard-controller-switch-panel-10-30v","status":"publish","type":"product","link":"https:\/\/iodperformance.com\/en\/produkt\/purelux-mini-dashboard-controller-switch-panel-10-30v\/","title":{"rendered":"Purelux Mini Dashboard Controller switch panel, 10-30V"},"content":{"rendered":"<p><strong>Content:<\/strong><\/p>\n<p>\u2022 Switch panel<\/p>\n<p>\u2022 3M self-adhesive mount<\/p>\n<p>\u2022 Decal sheet for switch<\/p>\n<p>\u2022 Stand with screw mount<\/p>\n<p>\u2022 3 \u00d7 screws<\/p>\n<p>\u2022 Installation and connection instructions<\/p>\n<p><strong>Technical specification:<\/strong><\/p>\n<p>\u2022 Make and model: Switch panel Purelux Mini Dashboard Controller<\/p>\n<p>\u2022 Area of use: Operation and control of 4 electrical units from the same switch panel<\/p>\n<p>\u2022 Operating voltage: 10\u201330V<\/p>\n<p>\u2022 Power class: 240W @ 12V, 480W @ 24V<\/p>\n<p>\u2022 Max current: 20A<\/p>\n<p>\u2022 Dimensions: 62 \u00d7 62 \u00d7 25 mm<\/p>\n<p>\u2022 Weight: 110 g<\/p>\n<p>\u2022 Cable length: approx. 30 cm<\/p>\n<p>\u2022 Includes 18 marking decals<\/p>\n<p>\u2022 Approvals: EMC: ECE: R10<\/p>\n<p>\u2022 Warranty: 24 months<\/p>\n<p><strong>Quick guide:<\/strong><\/p>\n<p><strong>Coupling:<\/strong><\/p>\n<p>\u2022 Red: Power (+)<\/p>\n<p>\u2022 Black: Ground (\u2013)<\/p>\n<p>\u2022 Blue: Output P1 (upper left corner)<\/p>\n<p>\u2022 Red: Output P2 (upper right corner)<\/p>\n<p>\u2022 Green: Output P3 (lower left corner)<\/p>\n<p>\u2022 White: Output P4 (lower right corner)<\/p>\n","protected":false},"excerpt":{"rendered":"<p>An easy-to-use and practical switch panel that can be used to control up to four different electrical devices from the same location. It is suitable, for example, for managing work lights or warning lights on a small work machine or SUV.<\/p>\n<p>Purelux Mini Dashboard Controller is a very convenient and user-friendly switch panel that can control up to four different electrical devices from the same location. It&#8217;s ideal for managing work and auxiliary lights, warning and caution lights, or warning lights on, for example, a small work machine, van or SUV. Lights connected to the switch panel can be turned on and off individually, and the power switch in the center can be used to simultaneously turn off all devices installed behind the panel. The lights can be turned on either permanently (by pressing the power switch) or momentarily (by pressing the power switch at the bottom). Thus, it can also be used, for example, to control warning lights with several different modes of operation, so that one switch is used as the lamp&#8217;s power button and the other to change the mode. In this way, all lighting functions can be used without further adjustment, and operation is simple. The mode of the power switch can be changed by pressing the main power switch in the center of the panel, after which the desired button is held for a moment (the panel clicks = the mode changes).<\/p>\n<p>A total of 18 different picture stickers are supplied with the switch panel, which can be used to mark different functions on the switches. With the stickers, the switches can be clearly marked, and the user does not have to remember which button controls which lamp or function. The symbol on the switch panel shines clearly thanks to backlighting, so the panel is easy to use even in the dark. The switch&#8217;s current rating is 240 watts at 12 volts and 480 watts at 24 volts. The power of electrical devices that are switched on at the same time can therefore total 240 W (or 480 W).<\/p>\n<p>The Mini Dashboard Controller comes with an extremely durable 3M adhesive, allowing the switch panel to be attached to virtually any surface. In addition to sticker mounting, the Dashboard Controller can also be installed in the vehicle using a separate stand, achieving a permanent installation by bolting the mount directly to the vehicle. By using both mounting methods, the switch becomes a neat part of the vehicle&#8217;s interior, and the driver never has to search for the panel.<\/p>\n","protected":false},"featured_media":12637,"template":"","meta":[],"product_brand":[359],"product_cat":[499],"product_tag":[420],"class_list":{"0":"post-14407","1":"product","2":"type-product","3":"status-publish","4":"has-post-thumbnail","6":"product_brand-purelux-en","7":"product_cat-12v-switch-panels","8":"product_tag-led-headlights","10":"first","11":"instock","12":"taxable","13":"shipping-taxable","14":"purchasable","15":"product-type-simple"},"bundled_by":[],"bundle_stock_status":"instock","bundle_stock_quantity":null,"bundle_virtual":false,"bundle_layout":"","bundle_add_to_cart_form_location":"","bundle_editable_in_cart":false,"bundle_sold_individually_context":"","bundle_item_grouping":"","bundle_min_size":"","bundle_max_size":"","bundle_price":[],"bundled_items":[],"bundle_sell_ids":[],"yoast_head":"<!-- This site is optimized with the Yoast SEO plugin v27.2 - https:\/\/yoast.com\/product\/yoast-seo-wordpress\/ -->\n<title>Purelux Mini Dashboard Controller switch panel, 10-30V<\/title>\n<meta name=\"robots\" content=\"index, follow, max-snippet:-1, max-image-preview:large, max-video-preview:-1\" \/>\n<link rel=\"canonical\" href=\"https:\/\/iodperformance.com\/en\/produkt\/purelux-mini-dashboard-controller-switch-panel-10-30v\/\" \/>\n<meta property=\"og:locale\" content=\"en_US\" \/>\n<meta property=\"og:type\" content=\"article\" \/>\n<meta property=\"og:title\" content=\"Purelux Mini Dashboard Controller switch panel, 10-30V\" \/>\n<meta property=\"og:description\" content=\"An easy-to-use and practical switch panel that can be used to control up to four different electrical devices from the same location. It is suitable, for example, for managing work lights or warning lights on a small work machine or SUV.  Purelux Mini Dashboard Controller is a very convenient and user-friendly switch panel that can control up to four different electrical devices from the same location. It&#039;s ideal for managing work and auxiliary lights, warning and caution lights, or warning lights on, for example, a small work machine, van or SUV. Lights connected to the switch panel can be turned on and off individually, and the power switch in the center can be used to simultaneously turn off all devices installed behind the panel. The lights can be turned on either permanently (by pressing the power switch) or momentarily (by pressing the power switch at the bottom). Thus, it can also be used, for example, to control warning lights with several different modes of operation, so that one switch is used as the lamp&#039;s power button and the other to change the mode. In this way, all lighting functions can be used without further adjustment, and operation is simple. The mode of the power switch can be changed by pressing the main power switch in the center of the panel, after which the desired button is held for a moment (the panel clicks = the mode changes).  A total of 18 different picture stickers are supplied with the switch panel, which can be used to mark different functions on the switches. With the stickers, the switches can be clearly marked, and the user does not have to remember which button controls which lamp or function. The symbol on the switch panel shines clearly thanks to backlighting, so the panel is easy to use even in the dark. The switch&#039;s current rating is 240 watts at 12 volts and 480 watts at 24 volts. The power of electrical devices that are switched on at the same time can therefore total 240 W (or 480 W).  The Mini Dashboard Controller comes with an extremely durable 3M adhesive, allowing the switch panel to be attached to virtually any surface. In addition to sticker mounting, the Dashboard Controller can also be installed in the vehicle using a separate stand, achieving a permanent installation by bolting the mount directly to the vehicle. By using both mounting methods, the switch becomes a neat part of the vehicle&#039;s interior, and the driver never has to search for the panel.\" \/>\n<meta property=\"og:url\" content=\"https:\/\/iodperformance.com\/en\/produkt\/purelux-mini-dashboard-controller-switch-panel-10-30v\/\" \/>\n<meta property=\"og:site_name\" content=\"IOD Performance\" \/>\n<meta property=\"article:publisher\" content=\"https:\/\/www.facebook.com\/IODshopPL\/\" \/>\n<meta property=\"article:modified_time\" content=\"2026-02-26T07:11:56+00:00\" \/>\n<meta property=\"og:image\" content=\"https:\/\/iodperformance.com\/wp-content\/uploads\/2025\/05\/purelux_mini_dashboard_controller_1.jpeg\" \/>\n\t<meta property=\"og:image:width\" content=\"2048\" \/>\n\t<meta property=\"og:image:height\" content=\"2048\" \/>\n\t<meta property=\"og:image:type\" content=\"image\/jpeg\" \/>\n<meta name=\"twitter:card\" content=\"summary_large_image\" \/>\n<meta name=\"twitter:label1\" content=\"Est. reading time\" \/>\n\t<meta name=\"twitter:data1\" content=\"2 minutes\" \/>\n<script type=\"application\/ld+json\" class=\"yoast-schema-graph\">{\"@context\":\"https:\/\/schema.org\",\"@graph\":[{\"@type\":\"WebPage\",\"@id\":\"https:\/\/iodperformance.com\/en\/produkt\/purelux-mini-dashboard-controller-switch-panel-10-30v\/\",\"url\":\"https:\/\/iodperformance.com\/en\/produkt\/purelux-mini-dashboard-controller-switch-panel-10-30v\/\",\"name\":\"Purelux Mini Dashboard Controller switch panel, 10-30V\",\"isPartOf\":{\"@id\":\"https:\/\/iodperformance.com\/#website\"},\"primaryImageOfPage\":{\"@id\":\"https:\/\/iodperformance.com\/en\/produkt\/purelux-mini-dashboard-controller-switch-panel-10-30v\/#primaryimage\"},\"image\":{\"@id\":\"https:\/\/iodperformance.com\/en\/produkt\/purelux-mini-dashboard-controller-switch-panel-10-30v\/#primaryimage\"},\"thumbnailUrl\":\"https:\/\/iodperformance.com\/wp-content\/uploads\/2025\/05\/purelux_mini_dashboard_controller_1.jpeg\",\"datePublished\":\"2025-05-30T06:46:42+00:00\",\"dateModified\":\"2026-02-26T07:11:56+00:00\",\"breadcrumb\":{\"@id\":\"https:\/\/iodperformance.com\/en\/produkt\/purelux-mini-dashboard-controller-switch-panel-10-30v\/#breadcrumb\"},\"inLanguage\":\"en-US\",\"potentialAction\":[{\"@type\":\"ReadAction\",\"target\":[\"https:\/\/iodperformance.com\/en\/produkt\/purelux-mini-dashboard-controller-switch-panel-10-30v\/\"]}]},{\"@type\":\"ImageObject\",\"inLanguage\":\"en-US\",\"@id\":\"https:\/\/iodperformance.com\/en\/produkt\/purelux-mini-dashboard-controller-switch-panel-10-30v\/#primaryimage\",\"url\":\"https:\/\/iodperformance.com\/wp-content\/uploads\/2025\/05\/purelux_mini_dashboard_controller_1.jpeg\",\"contentUrl\":\"https:\/\/iodperformance.com\/wp-content\/uploads\/2025\/05\/purelux_mini_dashboard_controller_1.jpeg\",\"width\":2048,\"height\":2048},{\"@type\":\"BreadcrumbList\",\"@id\":\"https:\/\/iodperformance.com\/en\/produkt\/purelux-mini-dashboard-controller-switch-panel-10-30v\/#breadcrumb\",\"itemListElement\":[{\"@type\":\"ListItem\",\"position\":1,\"name\":\"Strona g\u0142\u00f3wna\",\"item\":\"https:\/\/iodperformance.com\/en\/\"},{\"@type\":\"ListItem\",\"position\":2,\"name\":\"Shop\",\"item\":\"https:\/\/iodperformance.com\/en\/shop\/\"},{\"@type\":\"ListItem\",\"position\":3,\"name\":\"Purelux Mini Dashboard Controller switch panel, 10-30V\"}]},{\"@type\":\"WebSite\",\"@id\":\"https:\/\/iodperformance.com\/#website\",\"url\":\"https:\/\/iodperformance.com\/\",\"name\":\"IOD Performance\",\"description\":\"Producent cz\u0119\u015bci i akcesori\u00f3w samochodowych\",\"publisher\":{\"@id\":\"https:\/\/iodperformance.com\/#organization\"},\"potentialAction\":[{\"@type\":\"SearchAction\",\"target\":{\"@type\":\"EntryPoint\",\"urlTemplate\":\"https:\/\/iodperformance.com\/?s={search_term_string}\"},\"query-input\":{\"@type\":\"PropertyValueSpecification\",\"valueRequired\":true,\"valueName\":\"search_term_string\"}}],\"inLanguage\":\"en-US\"},{\"@type\":\"Organization\",\"@id\":\"https:\/\/iodperformance.com\/#organization\",\"name\":\"IOD Performance\",\"url\":\"https:\/\/iodperformance.com\/\",\"logo\":{\"@type\":\"ImageObject\",\"inLanguage\":\"en-US\",\"@id\":\"https:\/\/iodperformance.com\/#\/schema\/logo\/image\/\",\"url\":\"https:\/\/iodperformance.com\/wp-content\/uploads\/2025\/02\/logo_V2.png\",\"contentUrl\":\"https:\/\/iodperformance.com\/wp-content\/uploads\/2025\/02\/logo_V2.png\",\"width\":2560,\"height\":1076,\"caption\":\"IOD Performance\"},\"image\":{\"@id\":\"https:\/\/iodperformance.com\/#\/schema\/logo\/image\/\"},\"sameAs\":[\"https:\/\/www.facebook.com\/IODshopPL\/\",\"https:\/\/www.instagram.com\/iodperformance\/\",\"https:\/\/www.youtube.com\/@iodperformance\"]}]}<\/script>\n<!-- \/ Yoast SEO plugin. -->","yoast_head_json":{"title":"Purelux Mini Dashboard Controller switch panel, 10-30V","robots":{"index":"index","follow":"follow","max-snippet":"max-snippet:-1","max-image-preview":"max-image-preview:large","max-video-preview":"max-video-preview:-1"},"canonical":"https:\/\/iodperformance.com\/en\/produkt\/purelux-mini-dashboard-controller-switch-panel-10-30v\/","og_locale":"en_US","og_type":"article","og_title":"Purelux Mini Dashboard Controller switch panel, 10-30V","og_description":"An easy-to-use and practical switch panel that can be used to control up to four different electrical devices from the same location. It is suitable, for example, for managing work lights or warning lights on a small work machine or SUV.  Purelux Mini Dashboard Controller is a very convenient and user-friendly switch panel that can control up to four different electrical devices from the same location. It's ideal for managing work and auxiliary lights, warning and caution lights, or warning lights on, for example, a small work machine, van or SUV. Lights connected to the switch panel can be turned on and off individually, and the power switch in the center can be used to simultaneously turn off all devices installed behind the panel. The lights can be turned on either permanently (by pressing the power switch) or momentarily (by pressing the power switch at the bottom). Thus, it can also be used, for example, to control warning lights with several different modes of operation, so that one switch is used as the lamp's power button and the other to change the mode. In this way, all lighting functions can be used without further adjustment, and operation is simple. The mode of the power switch can be changed by pressing the main power switch in the center of the panel, after which the desired button is held for a moment (the panel clicks = the mode changes).  A total of 18 different picture stickers are supplied with the switch panel, which can be used to mark different functions on the switches. With the stickers, the switches can be clearly marked, and the user does not have to remember which button controls which lamp or function. The symbol on the switch panel shines clearly thanks to backlighting, so the panel is easy to use even in the dark. The switch's current rating is 240 watts at 12 volts and 480 watts at 24 volts. The power of electrical devices that are switched on at the same time can therefore total 240 W (or 480 W).  The Mini Dashboard Controller comes with an extremely durable 3M adhesive, allowing the switch panel to be attached to virtually any surface. In addition to sticker mounting, the Dashboard Controller can also be installed in the vehicle using a separate stand, achieving a permanent installation by bolting the mount directly to the vehicle. By using both mounting methods, the switch becomes a neat part of the vehicle's interior, and the driver never has to search for the panel.","og_url":"https:\/\/iodperformance.com\/en\/produkt\/purelux-mini-dashboard-controller-switch-panel-10-30v\/","og_site_name":"IOD Performance","article_publisher":"https:\/\/www.facebook.com\/IODshopPL\/","article_modified_time":"2026-02-26T07:11:56+00:00","og_image":[{"width":2048,"height":2048,"url":"https:\/\/iodperformance.com\/wp-content\/uploads\/2025\/05\/purelux_mini_dashboard_controller_1.jpeg","type":"image\/jpeg"}],"twitter_card":"summary_large_image","twitter_misc":{"Est. reading time":"2 minutes"},"schema":{"@context":"https:\/\/schema.org","@graph":[{"@type":"WebPage","@id":"https:\/\/iodperformance.com\/en\/produkt\/purelux-mini-dashboard-controller-switch-panel-10-30v\/","url":"https:\/\/iodperformance.com\/en\/produkt\/purelux-mini-dashboard-controller-switch-panel-10-30v\/","name":"Purelux Mini Dashboard Controller switch panel, 10-30V","isPartOf":{"@id":"https:\/\/iodperformance.com\/#website"},"primaryImageOfPage":{"@id":"https:\/\/iodperformance.com\/en\/produkt\/purelux-mini-dashboard-controller-switch-panel-10-30v\/#primaryimage"},"image":{"@id":"https:\/\/iodperformance.com\/en\/produkt\/purelux-mini-dashboard-controller-switch-panel-10-30v\/#primaryimage"},"thumbnailUrl":"https:\/\/iodperformance.com\/wp-content\/uploads\/2025\/05\/purelux_mini_dashboard_controller_1.jpeg","datePublished":"2025-05-30T06:46:42+00:00","dateModified":"2026-02-26T07:11:56+00:00","breadcrumb":{"@id":"https:\/\/iodperformance.com\/en\/produkt\/purelux-mini-dashboard-controller-switch-panel-10-30v\/#breadcrumb"},"inLanguage":"en-US","potentialAction":[{"@type":"ReadAction","target":["https:\/\/iodperformance.com\/en\/produkt\/purelux-mini-dashboard-controller-switch-panel-10-30v\/"]}]},{"@type":"ImageObject","inLanguage":"en-US","@id":"https:\/\/iodperformance.com\/en\/produkt\/purelux-mini-dashboard-controller-switch-panel-10-30v\/#primaryimage","url":"https:\/\/iodperformance.com\/wp-content\/uploads\/2025\/05\/purelux_mini_dashboard_controller_1.jpeg","contentUrl":"https:\/\/iodperformance.com\/wp-content\/uploads\/2025\/05\/purelux_mini_dashboard_controller_1.jpeg","width":2048,"height":2048},{"@type":"BreadcrumbList","@id":"https:\/\/iodperformance.com\/en\/produkt\/purelux-mini-dashboard-controller-switch-panel-10-30v\/#breadcrumb","itemListElement":[{"@type":"ListItem","position":1,"name":"Strona g\u0142\u00f3wna","item":"https:\/\/iodperformance.com\/en\/"},{"@type":"ListItem","position":2,"name":"Shop","item":"https:\/\/iodperformance.com\/en\/shop\/"},{"@type":"ListItem","position":3,"name":"Purelux Mini Dashboard Controller switch panel, 10-30V"}]},{"@type":"WebSite","@id":"https:\/\/iodperformance.com\/#website","url":"https:\/\/iodperformance.com\/","name":"IOD Performance","description":"Producent cz\u0119\u015bci i akcesori\u00f3w samochodowych","publisher":{"@id":"https:\/\/iodperformance.com\/#organization"},"potentialAction":[{"@type":"SearchAction","target":{"@type":"EntryPoint","urlTemplate":"https:\/\/iodperformance.com\/?s={search_term_string}"},"query-input":{"@type":"PropertyValueSpecification","valueRequired":true,"valueName":"search_term_string"}}],"inLanguage":"en-US"},{"@type":"Organization","@id":"https:\/\/iodperformance.com\/#organization","name":"IOD Performance","url":"https:\/\/iodperformance.com\/","logo":{"@type":"ImageObject","inLanguage":"en-US","@id":"https:\/\/iodperformance.com\/#\/schema\/logo\/image\/","url":"https:\/\/iodperformance.com\/wp-content\/uploads\/2025\/02\/logo_V2.png","contentUrl":"https:\/\/iodperformance.com\/wp-content\/uploads\/2025\/02\/logo_V2.png","width":2560,"height":1076,"caption":"IOD Performance"},"image":{"@id":"https:\/\/iodperformance.com\/#\/schema\/logo\/image\/"},"sameAs":["https:\/\/www.facebook.com\/IODshopPL\/","https:\/\/www.instagram.com\/iodperformance\/","https:\/\/www.youtube.com\/@iodperformance"]}]}},"_links":{"self":[{"href":"https:\/\/iodperformance.com\/en\/wp-json\/wp\/v2\/product\/14407","targetHints":{"allow":["GET"]}}],"collection":[{"href":"https:\/\/iodperformance.com\/en\/wp-json\/wp\/v2\/product"}],"about":[{"href":"https:\/\/iodperformance.com\/en\/wp-json\/wp\/v2\/types\/product"}],"version-history":[{"count":1,"href":"https:\/\/iodperformance.com\/en\/wp-json\/wp\/v2\/product\/14407\/revisions"}],"predecessor-version":[{"id":24586,"href":"https:\/\/iodperformance.com\/en\/wp-json\/wp\/v2\/product\/14407\/revisions\/24586"}],"wp:featuredmedia":[{"embeddable":true,"href":"https:\/\/iodperformance.com\/en\/wp-json\/wp\/v2\/media\/12637"}],"wp:attachment":[{"href":"https:\/\/iodperformance.com\/en\/wp-json\/wp\/v2\/media?parent=14407"}],"wp:term":[{"taxonomy":"product_brand","embeddable":true,"href":"https:\/\/iodperformance.com\/en\/wp-json\/wp\/v2\/product_brand?post=14407"},{"taxonomy":"product_cat","embeddable":true,"href":"https:\/\/iodperformance.com\/en\/wp-json\/wp\/v2\/product_cat?post=14407"},{"taxonomy":"product_tag","embeddable":true,"href":"https:\/\/iodperformance.com\/en\/wp-json\/wp\/v2\/product_tag?post=14407"}],"curies":[{"name":"wp","href":"https:\/\/api.w.org\/{rel}","templated":true}]}}