{"id":14379,"date":"2025-05-30T08:46:14","date_gmt":"2025-05-30T06:46:14","guid":{"rendered":"https:\/\/iodperformance.com\/produkt\/purelux-black-flush-mount-square-work-lamp-12-cm-40w-wide-flux-1-pc\/"},"modified":"2026-02-26T08:11:52","modified_gmt":"2026-02-26T07:11:52","slug":"purelux-black-flush-mount-square-work-lamp-12-cm-40w-wide-flux-1-pc","status":"publish","type":"product","link":"https:\/\/iodperformance.com\/en\/produkt\/purelux-black-flush-mount-square-work-lamp-12-cm-40w-wide-flux-1-pc\/","title":{"rendered":"Purelux Black Flush-Mount Square work lamp &#8211; 12 cm \/ 40W \/ Wide flux, 1 pc."},"content":{"rendered":"<ul>\n<li><strong>Content:<\/strong>\n<ul>\n<li>Purelux Black Flush-Mount Square<\/li>\n<li>Mounting screws<\/li>\n<li>Power cable with DT-2 connector<\/li>\n<li>Installation and connection instructions (EN\/FI\/SE\/NO)<\/li>\n<\/ul>\n<\/li>\n<\/ul>\n<ul>\n<li><strong>Brand and model:<\/strong> Work lighting Purelux Black Flush-Mount Square 40W, Flood<\/li>\n<li><strong>Area of use:<\/strong> As work lighting in vehicles<\/li>\n<li><strong>Operating voltage:<\/strong> 12V \/ 24V<\/li>\n<li><strong>Current consumption measured by manufacturer:<\/strong> 1.85A @ 24V<\/li>\n<li><strong>Estimated power:<\/strong> 40 W\n<p>      \u2022 <strong>Measured by manufacturer:<\/strong> 44.5 W<\/li>\n<li><strong>Manufacturer&#8217;s reported luminous flux:<\/strong> 4800 lm<\/li>\n<li><strong>Manufacturer&#8217;s reported range:<\/strong> 53 m @ 1 lux\n<p>      \u2022 <strong>Measured by manufacturer:<\/strong> 80 m @ 1 lux<\/li>\n<li><strong>Manufacturer&#8217;s reported color temperature:<\/strong> 5000 K\n<p>      \u2022 <strong>Measured by manufacturer:<\/strong> 5196 lm<\/li>\n<li><strong>Mounting:<\/strong> Recessed mounting<\/li>\n<li><strong>Contact:<\/strong> Deutch DT-2<\/li>\n<li><strong>Cable length:<\/strong> approx. 50 cm<\/li>\n<li><strong>Dimensions:<\/strong> 122 x 89 x 72 mm (Length x Height x Depth)<\/li>\n<li><strong>Weight:<\/strong> 400 g<\/li>\n<li><strong>Protection class:<\/strong> IP67<\/li>\n<li><strong>Approvals:<\/strong> EMC: ECE: R10, CE, RoHS<\/li>\n<li><strong>Warranty:<\/strong> 24 months<\/li>\n<li><strong>Importer:<\/strong> Handshake.fi<\/li>\n<\/ul>\n","protected":false},"excerpt":{"rendered":"<p>Purelux Black Flush-Mount Square 40W is a recessed, compact work lamp designed for harsh environments. In the flush-mount, the lamp body is sunk into the hole, leaving only the front of the lamp and the lens exposed. In this way, the Black Flush-Mount Square can be used to make a really neat and discreet installation. The lamp is suitable for mounting in holes in the vehicle, for example, or a suitable hole can be made for it, for example, in the bumper. The lamp is equipped with a wide beam of light, making it ideal for broad and even illumination of the surroundings of a working machine or SUV. Of course, it can also be used on cars and vans and as part of heavy equipment. Despite its small size, the Black Flush-Mount Square offers an impressive luminous flux of 4800 lm and a range of 80 m (@ 1lux), according to the manufacturer. The lamp&#8217;s slim, low-profile design and modern, dark reflector optics make it a good match for any vehicle in terms of appearance. A high-quality, impact- and weather-resistant aluminum frame combined with a virtually indestructible polycarbonate lens make the lamp a good choice even for heavy-duty work, despite its small size!        <\/p>\n<p>The LEDs in the Black Flush-Mount Square are directed from the top of the lamp to the reflector, greatly reducing glare. The light&#8217;s neutral 5000K color temperature is pleasant and does not tire the eyes even during long periods of operation. In addition, the 5000 kelvin color temperature helps to observe the area more effectively in cooler and warmer tones. The Black Flush-Mount Square is suitable for both 12-volt and 24-volt systems, and installation is made easier by the fact that the Deutch DT-2 connector is already included in the lamp&#8217;s power cord. The lamp is protected against radio interference in accordance with the ECE R10 standard. Mounting accessories are included. Two-year (24 months) warranty!      <\/p>\n","protected":false},"featured_media":12484,"template":"","meta":[],"product_brand":[359],"product_cat":[493],"product_tag":[420],"class_list":{"0":"post-14379","1":"product","2":"type-product","3":"status-publish","4":"has-post-thumbnail","6":"product_brand-purelux-en","7":"product_cat-led-work-lamps","8":"product_tag-led-headlights","10":"first","11":"instock","12":"taxable","13":"shipping-taxable","14":"purchasable","15":"product-type-simple"},"bundled_by":[],"bundle_stock_status":"instock","bundle_stock_quantity":null,"bundle_virtual":false,"bundle_layout":"","bundle_add_to_cart_form_location":"","bundle_editable_in_cart":false,"bundle_sold_individually_context":"","bundle_item_grouping":"","bundle_min_size":"","bundle_max_size":"","bundle_price":[],"bundled_items":[],"bundle_sell_ids":[],"yoast_head":"<!-- This site is optimized with the Yoast SEO plugin v27.2 - https:\/\/yoast.com\/product\/yoast-seo-wordpress\/ -->\n<title>Purelux Black Flush-Mount Square work lamp - 12 cm \/ 40W \/ Wide flux, 1 pc.<\/title>\n<meta name=\"robots\" content=\"index, follow, max-snippet:-1, max-image-preview:large, max-video-preview:-1\" \/>\n<link rel=\"canonical\" href=\"https:\/\/iodperformance.com\/en\/produkt\/purelux-black-flush-mount-square-work-lamp-12-cm-40w-wide-flux-1-pc\/\" \/>\n<meta property=\"og:locale\" content=\"en_US\" \/>\n<meta property=\"og:type\" content=\"article\" \/>\n<meta property=\"og:title\" content=\"Purelux Black Flush-Mount Square work lamp - 12 cm \/ 40W \/ Wide flux, 1 pc.\" \/>\n<meta property=\"og:description\" content=\"Purelux Black Flush-Mount Square 40W is a recessed, compact work lamp designed for harsh environments. In the flush-mount, the lamp body is sunk into the hole, leaving only the front of the lamp and the lens exposed. In this way, the Black Flush-Mount Square can be used to make a really neat and discreet installation. The lamp is suitable for mounting in holes in the vehicle, for example, or a suitable hole can be made for it, for example, in the bumper. The lamp is equipped with a wide beam of light, making it ideal for broad and even illumination of the surroundings of a working machine or SUV. Of course, it can also be used on cars and vans and as part of heavy equipment. Despite its small size, the Black Flush-Mount Square offers an impressive luminous flux of 4800 lm and a range of 80 m (@ 1lux), according to the manufacturer. The lamp&#039;s slim, low-profile design and modern, dark reflector optics make it a good match for any vehicle in terms of appearance. A high-quality, impact- and weather-resistant aluminum frame combined with a virtually indestructible polycarbonate lens make the lamp a good choice even for heavy-duty work, despite its small size!     The LEDs in the Black Flush-Mount Square are directed from the top of the lamp to the reflector, greatly reducing glare. The light&#039;s neutral 5000K color temperature is pleasant and does not tire the eyes even during long periods of operation. In addition, the 5000 kelvin color temperature helps to observe the area more effectively in cooler and warmer tones. The Black Flush-Mount Square is suitable for both 12-volt and 24-volt systems, and installation is made easier by the fact that the Deutch DT-2 connector is already included in the lamp&#039;s power cord. The lamp is protected against radio interference in accordance with the ECE R10 standard. Mounting accessories are included. Two-year (24 months) warranty!\" \/>\n<meta property=\"og:url\" content=\"https:\/\/iodperformance.com\/en\/produkt\/purelux-black-flush-mount-square-work-lamp-12-cm-40w-wide-flux-1-pc\/\" \/>\n<meta property=\"og:site_name\" content=\"IOD Performance\" \/>\n<meta property=\"article:publisher\" content=\"https:\/\/www.facebook.com\/IODshopPL\/\" \/>\n<meta property=\"article:modified_time\" content=\"2026-02-26T07:11:52+00:00\" \/>\n<meta property=\"og:image\" content=\"https:\/\/iodperformance.com\/wp-content\/uploads\/2025\/05\/purelux_black_flush_mount_square11.jpg\" \/>\n\t<meta property=\"og:image:width\" content=\"2048\" \/>\n\t<meta property=\"og:image:height\" content=\"2048\" \/>\n\t<meta property=\"og:image:type\" content=\"image\/jpeg\" \/>\n<meta name=\"twitter:card\" content=\"summary_large_image\" \/>\n<meta name=\"twitter:label1\" content=\"Est. reading time\" \/>\n\t<meta name=\"twitter:data1\" content=\"1 minute\" \/>\n<script type=\"application\/ld+json\" class=\"yoast-schema-graph\">{\"@context\":\"https:\/\/schema.org\",\"@graph\":[{\"@type\":\"WebPage\",\"@id\":\"https:\/\/iodperformance.com\/en\/produkt\/purelux-black-flush-mount-square-work-lamp-12-cm-40w-wide-flux-1-pc\/\",\"url\":\"https:\/\/iodperformance.com\/en\/produkt\/purelux-black-flush-mount-square-work-lamp-12-cm-40w-wide-flux-1-pc\/\",\"name\":\"Purelux Black Flush-Mount Square work lamp - 12 cm \/ 40W \/ Wide flux, 1 pc.\",\"isPartOf\":{\"@id\":\"https:\/\/iodperformance.com\/#website\"},\"primaryImageOfPage\":{\"@id\":\"https:\/\/iodperformance.com\/en\/produkt\/purelux-black-flush-mount-square-work-lamp-12-cm-40w-wide-flux-1-pc\/#primaryimage\"},\"image\":{\"@id\":\"https:\/\/iodperformance.com\/en\/produkt\/purelux-black-flush-mount-square-work-lamp-12-cm-40w-wide-flux-1-pc\/#primaryimage\"},\"thumbnailUrl\":\"https:\/\/iodperformance.com\/wp-content\/uploads\/2025\/05\/purelux_black_flush_mount_square11.jpg\",\"datePublished\":\"2025-05-30T06:46:14+00:00\",\"dateModified\":\"2026-02-26T07:11:52+00:00\",\"breadcrumb\":{\"@id\":\"https:\/\/iodperformance.com\/en\/produkt\/purelux-black-flush-mount-square-work-lamp-12-cm-40w-wide-flux-1-pc\/#breadcrumb\"},\"inLanguage\":\"en-US\",\"potentialAction\":[{\"@type\":\"ReadAction\",\"target\":[\"https:\/\/iodperformance.com\/en\/produkt\/purelux-black-flush-mount-square-work-lamp-12-cm-40w-wide-flux-1-pc\/\"]}]},{\"@type\":\"ImageObject\",\"inLanguage\":\"en-US\",\"@id\":\"https:\/\/iodperformance.com\/en\/produkt\/purelux-black-flush-mount-square-work-lamp-12-cm-40w-wide-flux-1-pc\/#primaryimage\",\"url\":\"https:\/\/iodperformance.com\/wp-content\/uploads\/2025\/05\/purelux_black_flush_mount_square11.jpg\",\"contentUrl\":\"https:\/\/iodperformance.com\/wp-content\/uploads\/2025\/05\/purelux_black_flush_mount_square11.jpg\",\"width\":2048,\"height\":2048},{\"@type\":\"BreadcrumbList\",\"@id\":\"https:\/\/iodperformance.com\/en\/produkt\/purelux-black-flush-mount-square-work-lamp-12-cm-40w-wide-flux-1-pc\/#breadcrumb\",\"itemListElement\":[{\"@type\":\"ListItem\",\"position\":1,\"name\":\"Strona g\u0142\u00f3wna\",\"item\":\"https:\/\/iodperformance.com\/en\/\"},{\"@type\":\"ListItem\",\"position\":2,\"name\":\"Shop\",\"item\":\"https:\/\/iodperformance.com\/en\/shop\/\"},{\"@type\":\"ListItem\",\"position\":3,\"name\":\"Purelux Black Flush-Mount Square work lamp - 12 cm \/ 40W \/ Wide flux, 1 pc.\"}]},{\"@type\":\"WebSite\",\"@id\":\"https:\/\/iodperformance.com\/#website\",\"url\":\"https:\/\/iodperformance.com\/\",\"name\":\"IOD Performance\",\"description\":\"Producent cz\u0119\u015bci i akcesori\u00f3w samochodowych\",\"publisher\":{\"@id\":\"https:\/\/iodperformance.com\/#organization\"},\"potentialAction\":[{\"@type\":\"SearchAction\",\"target\":{\"@type\":\"EntryPoint\",\"urlTemplate\":\"https:\/\/iodperformance.com\/?s={search_term_string}\"},\"query-input\":{\"@type\":\"PropertyValueSpecification\",\"valueRequired\":true,\"valueName\":\"search_term_string\"}}],\"inLanguage\":\"en-US\"},{\"@type\":\"Organization\",\"@id\":\"https:\/\/iodperformance.com\/#organization\",\"name\":\"IOD Performance\",\"url\":\"https:\/\/iodperformance.com\/\",\"logo\":{\"@type\":\"ImageObject\",\"inLanguage\":\"en-US\",\"@id\":\"https:\/\/iodperformance.com\/#\/schema\/logo\/image\/\",\"url\":\"https:\/\/iodperformance.com\/wp-content\/uploads\/2025\/02\/logo_V2.png\",\"contentUrl\":\"https:\/\/iodperformance.com\/wp-content\/uploads\/2025\/02\/logo_V2.png\",\"width\":2560,\"height\":1076,\"caption\":\"IOD Performance\"},\"image\":{\"@id\":\"https:\/\/iodperformance.com\/#\/schema\/logo\/image\/\"},\"sameAs\":[\"https:\/\/www.facebook.com\/IODshopPL\/\",\"https:\/\/www.instagram.com\/iodperformance\/\",\"https:\/\/www.youtube.com\/@iodperformance\"]}]}<\/script>\n<!-- \/ Yoast SEO plugin. -->","yoast_head_json":{"title":"Purelux Black Flush-Mount Square work lamp - 12 cm \/ 40W \/ Wide flux, 1 pc.","robots":{"index":"index","follow":"follow","max-snippet":"max-snippet:-1","max-image-preview":"max-image-preview:large","max-video-preview":"max-video-preview:-1"},"canonical":"https:\/\/iodperformance.com\/en\/produkt\/purelux-black-flush-mount-square-work-lamp-12-cm-40w-wide-flux-1-pc\/","og_locale":"en_US","og_type":"article","og_title":"Purelux Black Flush-Mount Square work lamp - 12 cm \/ 40W \/ Wide flux, 1 pc.","og_description":"Purelux Black Flush-Mount Square 40W is a recessed, compact work lamp designed for harsh environments. In the flush-mount, the lamp body is sunk into the hole, leaving only the front of the lamp and the lens exposed. In this way, the Black Flush-Mount Square can be used to make a really neat and discreet installation. The lamp is suitable for mounting in holes in the vehicle, for example, or a suitable hole can be made for it, for example, in the bumper. The lamp is equipped with a wide beam of light, making it ideal for broad and even illumination of the surroundings of a working machine or SUV. Of course, it can also be used on cars and vans and as part of heavy equipment. Despite its small size, the Black Flush-Mount Square offers an impressive luminous flux of 4800 lm and a range of 80 m (@ 1lux), according to the manufacturer. The lamp's slim, low-profile design and modern, dark reflector optics make it a good match for any vehicle in terms of appearance. A high-quality, impact- and weather-resistant aluminum frame combined with a virtually indestructible polycarbonate lens make the lamp a good choice even for heavy-duty work, despite its small size!     The LEDs in the Black Flush-Mount Square are directed from the top of the lamp to the reflector, greatly reducing glare. The light's neutral 5000K color temperature is pleasant and does not tire the eyes even during long periods of operation. In addition, the 5000 kelvin color temperature helps to observe the area more effectively in cooler and warmer tones. The Black Flush-Mount Square is suitable for both 12-volt and 24-volt systems, and installation is made easier by the fact that the Deutch DT-2 connector is already included in the lamp's power cord. The lamp is protected against radio interference in accordance with the ECE R10 standard. Mounting accessories are included. Two-year (24 months) warranty!","og_url":"https:\/\/iodperformance.com\/en\/produkt\/purelux-black-flush-mount-square-work-lamp-12-cm-40w-wide-flux-1-pc\/","og_site_name":"IOD Performance","article_publisher":"https:\/\/www.facebook.com\/IODshopPL\/","article_modified_time":"2026-02-26T07:11:52+00:00","og_image":[{"width":2048,"height":2048,"url":"https:\/\/iodperformance.com\/wp-content\/uploads\/2025\/05\/purelux_black_flush_mount_square11.jpg","type":"image\/jpeg"}],"twitter_card":"summary_large_image","twitter_misc":{"Est. reading time":"1 minute"},"schema":{"@context":"https:\/\/schema.org","@graph":[{"@type":"WebPage","@id":"https:\/\/iodperformance.com\/en\/produkt\/purelux-black-flush-mount-square-work-lamp-12-cm-40w-wide-flux-1-pc\/","url":"https:\/\/iodperformance.com\/en\/produkt\/purelux-black-flush-mount-square-work-lamp-12-cm-40w-wide-flux-1-pc\/","name":"Purelux Black Flush-Mount Square work lamp - 12 cm \/ 40W \/ Wide flux, 1 pc.","isPartOf":{"@id":"https:\/\/iodperformance.com\/#website"},"primaryImageOfPage":{"@id":"https:\/\/iodperformance.com\/en\/produkt\/purelux-black-flush-mount-square-work-lamp-12-cm-40w-wide-flux-1-pc\/#primaryimage"},"image":{"@id":"https:\/\/iodperformance.com\/en\/produkt\/purelux-black-flush-mount-square-work-lamp-12-cm-40w-wide-flux-1-pc\/#primaryimage"},"thumbnailUrl":"https:\/\/iodperformance.com\/wp-content\/uploads\/2025\/05\/purelux_black_flush_mount_square11.jpg","datePublished":"2025-05-30T06:46:14+00:00","dateModified":"2026-02-26T07:11:52+00:00","breadcrumb":{"@id":"https:\/\/iodperformance.com\/en\/produkt\/purelux-black-flush-mount-square-work-lamp-12-cm-40w-wide-flux-1-pc\/#breadcrumb"},"inLanguage":"en-US","potentialAction":[{"@type":"ReadAction","target":["https:\/\/iodperformance.com\/en\/produkt\/purelux-black-flush-mount-square-work-lamp-12-cm-40w-wide-flux-1-pc\/"]}]},{"@type":"ImageObject","inLanguage":"en-US","@id":"https:\/\/iodperformance.com\/en\/produkt\/purelux-black-flush-mount-square-work-lamp-12-cm-40w-wide-flux-1-pc\/#primaryimage","url":"https:\/\/iodperformance.com\/wp-content\/uploads\/2025\/05\/purelux_black_flush_mount_square11.jpg","contentUrl":"https:\/\/iodperformance.com\/wp-content\/uploads\/2025\/05\/purelux_black_flush_mount_square11.jpg","width":2048,"height":2048},{"@type":"BreadcrumbList","@id":"https:\/\/iodperformance.com\/en\/produkt\/purelux-black-flush-mount-square-work-lamp-12-cm-40w-wide-flux-1-pc\/#breadcrumb","itemListElement":[{"@type":"ListItem","position":1,"name":"Strona g\u0142\u00f3wna","item":"https:\/\/iodperformance.com\/en\/"},{"@type":"ListItem","position":2,"name":"Shop","item":"https:\/\/iodperformance.com\/en\/shop\/"},{"@type":"ListItem","position":3,"name":"Purelux Black Flush-Mount Square work lamp - 12 cm \/ 40W \/ Wide flux, 1 pc."}]},{"@type":"WebSite","@id":"https:\/\/iodperformance.com\/#website","url":"https:\/\/iodperformance.com\/","name":"IOD Performance","description":"Producent cz\u0119\u015bci i akcesori\u00f3w samochodowych","publisher":{"@id":"https:\/\/iodperformance.com\/#organization"},"potentialAction":[{"@type":"SearchAction","target":{"@type":"EntryPoint","urlTemplate":"https:\/\/iodperformance.com\/?s={search_term_string}"},"query-input":{"@type":"PropertyValueSpecification","valueRequired":true,"valueName":"search_term_string"}}],"inLanguage":"en-US"},{"@type":"Organization","@id":"https:\/\/iodperformance.com\/#organization","name":"IOD Performance","url":"https:\/\/iodperformance.com\/","logo":{"@type":"ImageObject","inLanguage":"en-US","@id":"https:\/\/iodperformance.com\/#\/schema\/logo\/image\/","url":"https:\/\/iodperformance.com\/wp-content\/uploads\/2025\/02\/logo_V2.png","contentUrl":"https:\/\/iodperformance.com\/wp-content\/uploads\/2025\/02\/logo_V2.png","width":2560,"height":1076,"caption":"IOD Performance"},"image":{"@id":"https:\/\/iodperformance.com\/#\/schema\/logo\/image\/"},"sameAs":["https:\/\/www.facebook.com\/IODshopPL\/","https:\/\/www.instagram.com\/iodperformance\/","https:\/\/www.youtube.com\/@iodperformance"]}]}},"_links":{"self":[{"href":"https:\/\/iodperformance.com\/en\/wp-json\/wp\/v2\/product\/14379","targetHints":{"allow":["GET"]}}],"collection":[{"href":"https:\/\/iodperformance.com\/en\/wp-json\/wp\/v2\/product"}],"about":[{"href":"https:\/\/iodperformance.com\/en\/wp-json\/wp\/v2\/types\/product"}],"version-history":[{"count":0,"href":"https:\/\/iodperformance.com\/en\/wp-json\/wp\/v2\/product\/14379\/revisions"}],"wp:featuredmedia":[{"embeddable":true,"href":"https:\/\/iodperformance.com\/en\/wp-json\/wp\/v2\/media\/12484"}],"wp:attachment":[{"href":"https:\/\/iodperformance.com\/en\/wp-json\/wp\/v2\/media?parent=14379"}],"wp:term":[{"taxonomy":"product_brand","embeddable":true,"href":"https:\/\/iodperformance.com\/en\/wp-json\/wp\/v2\/product_brand?post=14379"},{"taxonomy":"product_cat","embeddable":true,"href":"https:\/\/iodperformance.com\/en\/wp-json\/wp\/v2\/product_cat?post=14379"},{"taxonomy":"product_tag","embeddable":true,"href":"https:\/\/iodperformance.com\/en\/wp-json\/wp\/v2\/product_tag?post=14379"}],"curies":[{"name":"wp","href":"https:\/\/api.w.org\/{rel}","templated":true}]}}