{"id":14365,"date":"2025-05-30T08:46:00","date_gmt":"2025-05-30T06:46:00","guid":{"rendered":"https:\/\/iodperformance.com\/produkt\/purelux-road-curve-c790-auxiliary-light-curved-79-cm-180w\/"},"modified":"2026-02-26T08:11:51","modified_gmt":"2026-02-26T07:11:51","slug":"purelux-road-curve-c790-auxiliary-light-curved-79-cm-180w","status":"publish","type":"product","link":"https:\/\/iodperformance.com\/en\/produkt\/purelux-road-curve-c790-auxiliary-light-curved-79-cm-180w\/","title":{"rendered":"Purelux Road Curve C790 auxiliary light &#8211; Curved \/ 79 cm \/ 180W"},"content":{"rendered":"<ul>\n<li><strong>Brand and model:<\/strong> Purelux Road Curve C790<\/li>\n<li><strong>Intended use:<\/strong> As an additional light in cars \/ work machines<\/li>\n<li><strong>LED:<\/strong> 12 x 15W<\/li>\n<li><strong>Operating voltage:<\/strong> 9\u201330 V (DC)<\/li>\n<li><strong>Reference number:<\/strong> 40<\/li>\n<li><strong>Rated power:<\/strong> 180 W<\/li>\n<li><strong>Power consumption measured by the light bulb:<\/strong>\n<p>      \u2022 Purelux PowerBoost\u00ae: 7.03A @ 24V<\/p>\n<p>      \u2022 Road mode: 1.57A @ 24V<\/li>\n<li><strong>Power measured by the light bulb:<\/strong>\n<p>      \u2022 Purelux PowerBoost\u00ae: 168.7 W<\/p>\n<p>      \u2022 Road mode: 37.7 W<\/li>\n<li><strong>Manufacturer&#8217;s theoretical luminous efficacy:<\/strong> 16500 lm (Purelux PowerBoost\u00ae)\n<p>      \u2022 Measured by manufacturer: 10295 lm (PowerBoost\u00ae) \/ 4192 lm (E-approved)<\/li>\n<li><strong>Manufacturer&#8217;s stated range:<\/strong> 700 m @ 1 lux (PowerBoost\u00ae) \/ m @ 1 lux (Road mode)\n<p>      \u2022 Light source measured: 635 m @ 1 lux \/ 1270 m @ 0.25 lux (PowerBoost\u00ae)<\/p>\n<p>      \u2022 Light tower measured: 375 m @ 1 lux \/ 761 m @ 0.25 lux (Road mode)<\/li>\n<li><strong>Manufacturer&#8217;s stated color temperature:<\/strong> 5000 K\n<p>      \u2022 Measured by manufacturer: 4593 K<\/li>\n<li><strong>Mounting:<\/strong> End legs, width-adjustable bottom legs<\/li>\n<li><strong>Connector:<\/strong> Deutsch DTP-2\n<p>      \u2022 Parking lights + wires separate<\/li>\n<li><strong>Cable length:<\/strong> 40 cm<\/li>\n<li><strong>Dimensions:<\/strong> 789.7 x 71.5 x 85 mm (Width x Height x Depth)<\/li>\n<li><strong>Height with lower legs:<\/strong> 87 mm<\/li>\n<li><strong>Weight:<\/strong> 3400 g<\/li>\n<li><strong>IP rating:<\/strong> IP68<\/li>\n<li><strong>Approvals:<\/strong> ECE R10, R148, R149\n<p>      <em>*Road traffic approval does not apply to Purelux PowerBoost mode<\/em><\/li>\n<li><strong>Warranty:<\/strong> 24 months<\/li>\n<li><strong>Importer:<\/strong> <a href=\"#\">Handshake.fi<\/a><\/li>\n<\/ul>\n<p><strong>Installation guide<\/strong><\/p>\n<ul>\n<li><strong>Coupling<\/strong><\/li>\n<li>DTP connector: PowerBoost\u00ae mode<\/li>\n<li>Blue: Road-approved power mode<\/li>\n<li>Yellow: Orange parking light<\/li>\n<li>White: White parking light<\/li>\n<\/ul>\n","protected":false},"excerpt":{"rendered":"<p>The Purelux Road Curve C790 is the long-awaited, larger and more powerful version of the Road Curve auxiliary lighting panel that made Purelux famous, with best-in-class features! In addition to its stylish dark look, the C790&#8217;s features include a frameless lens, two-tone (white and orange) parking light and two different power modes. The panel can be switched to a traffic-approved power mode or alternatively to Purelux PowerBoost\u00ae mode for off-road driving, which uses the panel&#8217;s unlimited light output. In PowerBoost mode, the C790 is capable of producing, according to the manufacturer, a staggering 16,500 lumens of light output and a measured range of well over half a kilometer (1 @ lux)! The light output, which is strictly limited in the vertical direction and evenly distributed laterally, directs all of the panel&#8217;s light output to exactly the right place, and no light is lost, for example, in the treetops.    <\/p>\n<p>Note: The difference between Purelux PowerBoost\u00ae and road mode is clearly noticeable in use &#8211; PowerBoost mode is much more powerful and should not be used when driving in normal traffic, only off-road. <\/p>\n<p>The Road Curve C790 is an auxiliary light panel designed specifically for the dark and winding roads of the Nordic countries, and its features have been refined for the long and dark winter. The panel has a tightly constrained vertical and evenly distributed light pattern in the side direction, which does not emit unnecessary scattered light into the sky or directly onto the ground in front of the car. The C790&#8217;s precise light beam improves visibility and greatly enhances traffic safety even in poor weather conditions, as the light does not direct snowdrifts from the sky or reflect wet rain-slicked asphalt into the driver&#8217;s eyes, and does not create a blinding \u201cball of light\u201d directly in front of you. This means that the panel can also be installed low, for example, under the license plate, making the additional light a neat and discreet part of the whole. The high light output combined with a precise beam provides an impressive measurement range of 635 meters at 1 lux, giving drivers much more time to react to incidents on the road. This panel is suitable for both casual road users and professional drivers!     <\/p>\n","protected":false},"featured_media":12405,"template":"","meta":[],"product_brand":[359],"product_cat":[491],"product_tag":[420],"class_list":{"0":"post-14365","1":"product","2":"type-product","3":"status-publish","4":"has-post-thumbnail","6":"product_brand-purelux-en","7":"product_cat-auxiliary-lamps","8":"product_tag-led-headlights","10":"first","11":"instock","12":"taxable","13":"shipping-taxable","14":"purchasable","15":"product-type-simple"},"bundled_by":[],"bundle_stock_status":"instock","bundle_stock_quantity":null,"bundle_virtual":false,"bundle_layout":"","bundle_add_to_cart_form_location":"","bundle_editable_in_cart":false,"bundle_sold_individually_context":"","bundle_item_grouping":"","bundle_min_size":"","bundle_max_size":"","bundle_price":[],"bundled_items":[],"bundle_sell_ids":[],"yoast_head":"<!-- This site is optimized with the Yoast SEO plugin v27.2 - https:\/\/yoast.com\/product\/yoast-seo-wordpress\/ -->\n<title>Purelux Road Curve C790 auxiliary light - Curved \/ 79 cm \/ 180W<\/title>\n<meta name=\"robots\" content=\"index, follow, max-snippet:-1, max-image-preview:large, max-video-preview:-1\" \/>\n<link rel=\"canonical\" href=\"https:\/\/iodperformance.com\/en\/produkt\/purelux-road-curve-c790-auxiliary-light-curved-79-cm-180w\/\" \/>\n<meta property=\"og:locale\" content=\"en_US\" \/>\n<meta property=\"og:type\" content=\"article\" \/>\n<meta property=\"og:title\" content=\"Purelux Road Curve C790 auxiliary light - Curved \/ 79 cm \/ 180W\" \/>\n<meta property=\"og:description\" content=\"The Purelux Road Curve C790 is the long-awaited, larger and more powerful version of the Road Curve auxiliary lighting panel that made Purelux famous, with best-in-class features! In addition to its stylish dark look, the C790&#039;s features include a frameless lens, two-tone (white and orange) parking light and two different power modes. The panel can be switched to a traffic-approved power mode or alternatively to Purelux PowerBoost\u00ae mode for off-road driving, which uses the panel&#039;s unlimited light output. In PowerBoost mode, the C790 is capable of producing, according to the manufacturer, a staggering 16,500 lumens of light output and a measured range of well over half a kilometer (1 @ lux)! The light output, which is strictly limited in the vertical direction and evenly distributed laterally, directs all of the panel&#039;s light output to exactly the right place, and no light is lost, for example, in the treetops.   Note: The difference between Purelux PowerBoost\u00ae and road mode is clearly noticeable in use - PowerBoost mode is much more powerful and should not be used when driving in normal traffic, only off-road.  The Road Curve C790 is an auxiliary light panel designed specifically for the dark and winding roads of the Nordic countries, and its features have been refined for the long and dark winter. The panel has a tightly constrained vertical and evenly distributed light pattern in the side direction, which does not emit unnecessary scattered light into the sky or directly onto the ground in front of the car. The C790&#039;s precise light beam improves visibility and greatly enhances traffic safety even in poor weather conditions, as the light does not direct snowdrifts from the sky or reflect wet rain-slicked asphalt into the driver&#039;s eyes, and does not create a blinding \u201cball of light\u201d directly in front of you. This means that the panel can also be installed low, for example, under the license plate, making the additional light a neat and discreet part of the whole. The high light output combined with a precise beam provides an impressive measurement range of 635 meters at 1 lux, giving drivers much more time to react to incidents on the road. This panel is suitable for both casual road users and professional drivers!\" \/>\n<meta property=\"og:url\" content=\"https:\/\/iodperformance.com\/en\/produkt\/purelux-road-curve-c790-auxiliary-light-curved-79-cm-180w\/\" \/>\n<meta property=\"og:site_name\" content=\"IOD Performance\" \/>\n<meta property=\"article:publisher\" content=\"https:\/\/www.facebook.com\/IODshopPL\/\" \/>\n<meta property=\"article:modified_time\" content=\"2026-02-26T07:11:51+00:00\" \/>\n<meta property=\"og:image\" content=\"https:\/\/iodperformance.com\/wp-content\/uploads\/2025\/05\/purelux_curve_c790_1_2.jpeg\" \/>\n\t<meta property=\"og:image:width\" content=\"2048\" \/>\n\t<meta property=\"og:image:height\" content=\"2048\" \/>\n\t<meta property=\"og:image:type\" content=\"image\/jpeg\" \/>\n<meta name=\"twitter:card\" content=\"summary_large_image\" \/>\n<meta name=\"twitter:label1\" content=\"Est. reading time\" \/>\n\t<meta name=\"twitter:data1\" content=\"1 minute\" \/>\n<script type=\"application\/ld+json\" class=\"yoast-schema-graph\">{\"@context\":\"https:\/\/schema.org\",\"@graph\":[{\"@type\":\"WebPage\",\"@id\":\"https:\/\/iodperformance.com\/en\/produkt\/purelux-road-curve-c790-auxiliary-light-curved-79-cm-180w\/\",\"url\":\"https:\/\/iodperformance.com\/en\/produkt\/purelux-road-curve-c790-auxiliary-light-curved-79-cm-180w\/\",\"name\":\"Purelux Road Curve C790 auxiliary light - Curved \/ 79 cm \/ 180W\",\"isPartOf\":{\"@id\":\"https:\/\/iodperformance.com\/#website\"},\"primaryImageOfPage\":{\"@id\":\"https:\/\/iodperformance.com\/en\/produkt\/purelux-road-curve-c790-auxiliary-light-curved-79-cm-180w\/#primaryimage\"},\"image\":{\"@id\":\"https:\/\/iodperformance.com\/en\/produkt\/purelux-road-curve-c790-auxiliary-light-curved-79-cm-180w\/#primaryimage\"},\"thumbnailUrl\":\"https:\/\/iodperformance.com\/wp-content\/uploads\/2025\/05\/purelux_curve_c790_1_2.jpeg\",\"datePublished\":\"2025-05-30T06:46:00+00:00\",\"dateModified\":\"2026-02-26T07:11:51+00:00\",\"breadcrumb\":{\"@id\":\"https:\/\/iodperformance.com\/en\/produkt\/purelux-road-curve-c790-auxiliary-light-curved-79-cm-180w\/#breadcrumb\"},\"inLanguage\":\"en-US\",\"potentialAction\":[{\"@type\":\"ReadAction\",\"target\":[\"https:\/\/iodperformance.com\/en\/produkt\/purelux-road-curve-c790-auxiliary-light-curved-79-cm-180w\/\"]}]},{\"@type\":\"ImageObject\",\"inLanguage\":\"en-US\",\"@id\":\"https:\/\/iodperformance.com\/en\/produkt\/purelux-road-curve-c790-auxiliary-light-curved-79-cm-180w\/#primaryimage\",\"url\":\"https:\/\/iodperformance.com\/wp-content\/uploads\/2025\/05\/purelux_curve_c790_1_2.jpeg\",\"contentUrl\":\"https:\/\/iodperformance.com\/wp-content\/uploads\/2025\/05\/purelux_curve_c790_1_2.jpeg\",\"width\":2048,\"height\":2048},{\"@type\":\"BreadcrumbList\",\"@id\":\"https:\/\/iodperformance.com\/en\/produkt\/purelux-road-curve-c790-auxiliary-light-curved-79-cm-180w\/#breadcrumb\",\"itemListElement\":[{\"@type\":\"ListItem\",\"position\":1,\"name\":\"Strona g\u0142\u00f3wna\",\"item\":\"https:\/\/iodperformance.com\/en\/\"},{\"@type\":\"ListItem\",\"position\":2,\"name\":\"Shop\",\"item\":\"https:\/\/iodperformance.com\/en\/shop\/\"},{\"@type\":\"ListItem\",\"position\":3,\"name\":\"Purelux Road Curve C790 auxiliary light - Curved \/ 79 cm \/ 180W\"}]},{\"@type\":\"WebSite\",\"@id\":\"https:\/\/iodperformance.com\/#website\",\"url\":\"https:\/\/iodperformance.com\/\",\"name\":\"IOD Performance\",\"description\":\"Producent cz\u0119\u015bci i akcesori\u00f3w samochodowych\",\"publisher\":{\"@id\":\"https:\/\/iodperformance.com\/#organization\"},\"potentialAction\":[{\"@type\":\"SearchAction\",\"target\":{\"@type\":\"EntryPoint\",\"urlTemplate\":\"https:\/\/iodperformance.com\/?s={search_term_string}\"},\"query-input\":{\"@type\":\"PropertyValueSpecification\",\"valueRequired\":true,\"valueName\":\"search_term_string\"}}],\"inLanguage\":\"en-US\"},{\"@type\":\"Organization\",\"@id\":\"https:\/\/iodperformance.com\/#organization\",\"name\":\"IOD Performance\",\"url\":\"https:\/\/iodperformance.com\/\",\"logo\":{\"@type\":\"ImageObject\",\"inLanguage\":\"en-US\",\"@id\":\"https:\/\/iodperformance.com\/#\/schema\/logo\/image\/\",\"url\":\"https:\/\/iodperformance.com\/wp-content\/uploads\/2025\/02\/logo_V2.png\",\"contentUrl\":\"https:\/\/iodperformance.com\/wp-content\/uploads\/2025\/02\/logo_V2.png\",\"width\":2560,\"height\":1076,\"caption\":\"IOD Performance\"},\"image\":{\"@id\":\"https:\/\/iodperformance.com\/#\/schema\/logo\/image\/\"},\"sameAs\":[\"https:\/\/www.facebook.com\/IODshopPL\/\",\"https:\/\/www.instagram.com\/iodperformance\/\",\"https:\/\/www.youtube.com\/@iodperformance\"]}]}<\/script>\n<!-- \/ Yoast SEO plugin. -->","yoast_head_json":{"title":"Purelux Road Curve C790 auxiliary light - Curved \/ 79 cm \/ 180W","robots":{"index":"index","follow":"follow","max-snippet":"max-snippet:-1","max-image-preview":"max-image-preview:large","max-video-preview":"max-video-preview:-1"},"canonical":"https:\/\/iodperformance.com\/en\/produkt\/purelux-road-curve-c790-auxiliary-light-curved-79-cm-180w\/","og_locale":"en_US","og_type":"article","og_title":"Purelux Road Curve C790 auxiliary light - Curved \/ 79 cm \/ 180W","og_description":"The Purelux Road Curve C790 is the long-awaited, larger and more powerful version of the Road Curve auxiliary lighting panel that made Purelux famous, with best-in-class features! In addition to its stylish dark look, the C790's features include a frameless lens, two-tone (white and orange) parking light and two different power modes. The panel can be switched to a traffic-approved power mode or alternatively to Purelux PowerBoost\u00ae mode for off-road driving, which uses the panel's unlimited light output. In PowerBoost mode, the C790 is capable of producing, according to the manufacturer, a staggering 16,500 lumens of light output and a measured range of well over half a kilometer (1 @ lux)! The light output, which is strictly limited in the vertical direction and evenly distributed laterally, directs all of the panel's light output to exactly the right place, and no light is lost, for example, in the treetops.   Note: The difference between Purelux PowerBoost\u00ae and road mode is clearly noticeable in use - PowerBoost mode is much more powerful and should not be used when driving in normal traffic, only off-road.  The Road Curve C790 is an auxiliary light panel designed specifically for the dark and winding roads of the Nordic countries, and its features have been refined for the long and dark winter. The panel has a tightly constrained vertical and evenly distributed light pattern in the side direction, which does not emit unnecessary scattered light into the sky or directly onto the ground in front of the car. The C790's precise light beam improves visibility and greatly enhances traffic safety even in poor weather conditions, as the light does not direct snowdrifts from the sky or reflect wet rain-slicked asphalt into the driver's eyes, and does not create a blinding \u201cball of light\u201d directly in front of you. This means that the panel can also be installed low, for example, under the license plate, making the additional light a neat and discreet part of the whole. The high light output combined with a precise beam provides an impressive measurement range of 635 meters at 1 lux, giving drivers much more time to react to incidents on the road. This panel is suitable for both casual road users and professional drivers!","og_url":"https:\/\/iodperformance.com\/en\/produkt\/purelux-road-curve-c790-auxiliary-light-curved-79-cm-180w\/","og_site_name":"IOD Performance","article_publisher":"https:\/\/www.facebook.com\/IODshopPL\/","article_modified_time":"2026-02-26T07:11:51+00:00","og_image":[{"width":2048,"height":2048,"url":"https:\/\/iodperformance.com\/wp-content\/uploads\/2025\/05\/purelux_curve_c790_1_2.jpeg","type":"image\/jpeg"}],"twitter_card":"summary_large_image","twitter_misc":{"Est. reading time":"1 minute"},"schema":{"@context":"https:\/\/schema.org","@graph":[{"@type":"WebPage","@id":"https:\/\/iodperformance.com\/en\/produkt\/purelux-road-curve-c790-auxiliary-light-curved-79-cm-180w\/","url":"https:\/\/iodperformance.com\/en\/produkt\/purelux-road-curve-c790-auxiliary-light-curved-79-cm-180w\/","name":"Purelux Road Curve C790 auxiliary light - Curved \/ 79 cm \/ 180W","isPartOf":{"@id":"https:\/\/iodperformance.com\/#website"},"primaryImageOfPage":{"@id":"https:\/\/iodperformance.com\/en\/produkt\/purelux-road-curve-c790-auxiliary-light-curved-79-cm-180w\/#primaryimage"},"image":{"@id":"https:\/\/iodperformance.com\/en\/produkt\/purelux-road-curve-c790-auxiliary-light-curved-79-cm-180w\/#primaryimage"},"thumbnailUrl":"https:\/\/iodperformance.com\/wp-content\/uploads\/2025\/05\/purelux_curve_c790_1_2.jpeg","datePublished":"2025-05-30T06:46:00+00:00","dateModified":"2026-02-26T07:11:51+00:00","breadcrumb":{"@id":"https:\/\/iodperformance.com\/en\/produkt\/purelux-road-curve-c790-auxiliary-light-curved-79-cm-180w\/#breadcrumb"},"inLanguage":"en-US","potentialAction":[{"@type":"ReadAction","target":["https:\/\/iodperformance.com\/en\/produkt\/purelux-road-curve-c790-auxiliary-light-curved-79-cm-180w\/"]}]},{"@type":"ImageObject","inLanguage":"en-US","@id":"https:\/\/iodperformance.com\/en\/produkt\/purelux-road-curve-c790-auxiliary-light-curved-79-cm-180w\/#primaryimage","url":"https:\/\/iodperformance.com\/wp-content\/uploads\/2025\/05\/purelux_curve_c790_1_2.jpeg","contentUrl":"https:\/\/iodperformance.com\/wp-content\/uploads\/2025\/05\/purelux_curve_c790_1_2.jpeg","width":2048,"height":2048},{"@type":"BreadcrumbList","@id":"https:\/\/iodperformance.com\/en\/produkt\/purelux-road-curve-c790-auxiliary-light-curved-79-cm-180w\/#breadcrumb","itemListElement":[{"@type":"ListItem","position":1,"name":"Strona g\u0142\u00f3wna","item":"https:\/\/iodperformance.com\/en\/"},{"@type":"ListItem","position":2,"name":"Shop","item":"https:\/\/iodperformance.com\/en\/shop\/"},{"@type":"ListItem","position":3,"name":"Purelux Road Curve C790 auxiliary light - Curved \/ 79 cm \/ 180W"}]},{"@type":"WebSite","@id":"https:\/\/iodperformance.com\/#website","url":"https:\/\/iodperformance.com\/","name":"IOD Performance","description":"Producent cz\u0119\u015bci i akcesori\u00f3w samochodowych","publisher":{"@id":"https:\/\/iodperformance.com\/#organization"},"potentialAction":[{"@type":"SearchAction","target":{"@type":"EntryPoint","urlTemplate":"https:\/\/iodperformance.com\/?s={search_term_string}"},"query-input":{"@type":"PropertyValueSpecification","valueRequired":true,"valueName":"search_term_string"}}],"inLanguage":"en-US"},{"@type":"Organization","@id":"https:\/\/iodperformance.com\/#organization","name":"IOD Performance","url":"https:\/\/iodperformance.com\/","logo":{"@type":"ImageObject","inLanguage":"en-US","@id":"https:\/\/iodperformance.com\/#\/schema\/logo\/image\/","url":"https:\/\/iodperformance.com\/wp-content\/uploads\/2025\/02\/logo_V2.png","contentUrl":"https:\/\/iodperformance.com\/wp-content\/uploads\/2025\/02\/logo_V2.png","width":2560,"height":1076,"caption":"IOD Performance"},"image":{"@id":"https:\/\/iodperformance.com\/#\/schema\/logo\/image\/"},"sameAs":["https:\/\/www.facebook.com\/IODshopPL\/","https:\/\/www.instagram.com\/iodperformance\/","https:\/\/www.youtube.com\/@iodperformance"]}]}},"_links":{"self":[{"href":"https:\/\/iodperformance.com\/en\/wp-json\/wp\/v2\/product\/14365","targetHints":{"allow":["GET"]}}],"collection":[{"href":"https:\/\/iodperformance.com\/en\/wp-json\/wp\/v2\/product"}],"about":[{"href":"https:\/\/iodperformance.com\/en\/wp-json\/wp\/v2\/types\/product"}],"version-history":[{"count":0,"href":"https:\/\/iodperformance.com\/en\/wp-json\/wp\/v2\/product\/14365\/revisions"}],"wp:featuredmedia":[{"embeddable":true,"href":"https:\/\/iodperformance.com\/en\/wp-json\/wp\/v2\/media\/12405"}],"wp:attachment":[{"href":"https:\/\/iodperformance.com\/en\/wp-json\/wp\/v2\/media?parent=14365"}],"wp:term":[{"taxonomy":"product_brand","embeddable":true,"href":"https:\/\/iodperformance.com\/en\/wp-json\/wp\/v2\/product_brand?post=14365"},{"taxonomy":"product_cat","embeddable":true,"href":"https:\/\/iodperformance.com\/en\/wp-json\/wp\/v2\/product_cat?post=14365"},{"taxonomy":"product_tag","embeddable":true,"href":"https:\/\/iodperformance.com\/en\/wp-json\/wp\/v2\/product_tag?post=14365"}],"curies":[{"name":"wp","href":"https:\/\/api.w.org\/{rel}","templated":true}]}}