{"id":14351,"date":"2025-05-30T08:45:55","date_gmt":"2025-05-30T06:45:55","guid":{"rendered":"https:\/\/iodperformance.com\/produkt\/purelux-terrain-straight-400w-led-strip-straight-107-cm-1-pc\/"},"modified":"2026-02-26T08:11:49","modified_gmt":"2026-02-26T07:11:49","slug":"purelux-terrain-straight-400w-led-strip-straight-107-cm-1-pc","status":"publish","type":"product","link":"https:\/\/iodperformance.com\/en\/produkt\/purelux-terrain-straight-400w-led-strip-straight-107-cm-1-pc\/","title":{"rendered":"Purelux Terrain Straight 400W LED strip &#8211; Straight \/ 107 cm, 1 pc."},"content":{"rendered":"<ul>\n<li><strong>Content:<\/strong>\n<ul>\n<li>Purelux Terrain Straight 400W<\/li>\n<li>2 x Side mounts<\/li>\n<li>2 x Adjustable rail mounts<\/li>\n<li>Mounting screws<\/li>\n<li>Installation and assembly instructions<\/li>\n<\/ul>\n<\/li>\n<\/ul>\n<ul>\n<li><strong>Brand and model:<\/strong> Purelux Terrain Straight 400W<\/li>\n<li><strong>Area of use:<\/strong> As work lighting for work machines\/cars<\/li>\n<li><strong>LED:<\/strong> 80 x 5W Osram<\/li>\n<li><strong>Operating voltage:<\/strong> 10\u201330 V (DC)<\/li>\n<li><strong>manufacturer&#8217;s measured current consumption:<\/strong> 14.8A @ 24V<\/li>\n<li><strong>Nominal power:<\/strong> 400 W<\/li>\n<li><strong>Manufacturer&#8217;s reported power:<\/strong> 346 W\n<p>      <strong>manufacturer&#8217;s measured power:<\/strong> 355 W<\/li>\n<li><strong>Manufacturer&#8217;s theoretical luminous flux:<\/strong> 33600 lm<\/li>\n<li><strong>manufacturer&#8217;s measured range:<\/strong> 876 m @ 0.25 lux \/ 438 m @ 1 lux<\/li>\n<li><strong>Manufacturer&#8217;s reported color temperature:<\/strong> 5700 K\n<p>      <strong>manufacturer&#8217;s measured color temperature:<\/strong> 5607 K<\/li>\n<li><strong>Mounting:<\/strong> Side mounting, adjustable rail mount<\/li>\n<li><strong>Contact:<\/strong> Directly connected, no contact<\/li>\n<li><strong>Cable length:<\/strong> 240 cm<\/li>\n<li><strong>Dimensions:<\/strong> 1067 x 70 x 67 mm (Width x Height x Depth)<\/li>\n<li><strong>Weight:<\/strong> 4100 g<\/li>\n<li><strong>Protection class:<\/strong> IP67<\/li>\n<li><strong>Approval:<\/strong> ECE R10<\/li>\n<li><strong>Warranty:<\/strong> 24 months<\/li>\n<li><strong>Importer:<\/strong> Handshake<\/li>\n<\/ul>\n","protected":false},"excerpt":{"rendered":"<p>The Purelux Terrain Straight 400W is a model in the Purelux series for straight ramps in the work lighting segment. The Purelux Terrain Straight 400W work light has a length of 107 cm, making it best suited for roof mounting or where there is a lot of space on work machines or larger vehicles. The Purelux Terrain Straight 400W is among the absolute top of work lights in terms of size-to-power ratio &#8211; according to the manufacturer, the theoretical luminous flux is as high as 33,600 lumens! In this model, the reflector technology is equipped with both flat and grooved surfaces, so that the ramp creates a so-called combined light image, which provides a shocking amount of light both horizontally and at long range. The measured range of the Terrain Straight 400W lamp is 438 meters at 1 lux. With a pleasant, comprehensive and huge light effect, the Terrain Straight 400W lamp illuminates a large area, providing good visibility. It is an excellent choice for those who are looking for reliable work lighting even in the toughest conditions.      <\/p>\n<p>In addition to good performance, the Purelux Terrain Straight series ramps are made to withstand tough use. The powder-coated, UV-protected and durable aluminum frame withstands use in even the toughest operating conditions. The lens is made of UV-protected and essentially indestructible polycarbonate. All Terrain Straight series work lights are dustproof and waterproof according to the IP67 housing rating. Two-year (24-month) warranty!    <\/p>\n<p>The design of the work light is also worth mentioning: the Purelux Terrain Straight series has a completely flat design on the front, which means there is no frame around the lens to collect snow, ice or dirt. This way, the lens stays cleaner even in bad weather conditions and doesn&#8217;t need to be cleaned all the time. The design of the work light is extremely stylish with its sleek bezel and dark optics, ensuring a spectacular installation even on newer work machines or cars!  <\/p>\n","protected":false},"featured_media":12333,"template":"","meta":[],"product_brand":[359],"product_cat":[494],"product_tag":[420],"class_list":{"0":"post-14351","1":"product","2":"type-product","3":"status-publish","4":"has-post-thumbnail","6":"product_brand-purelux-en","7":"product_cat-led-bars","8":"product_tag-led-headlights","10":"first","11":"instock","12":"taxable","13":"shipping-taxable","14":"purchasable","15":"product-type-simple"},"bundled_by":[],"bundle_stock_status":"instock","bundle_stock_quantity":null,"bundle_virtual":false,"bundle_layout":"","bundle_add_to_cart_form_location":"","bundle_editable_in_cart":false,"bundle_sold_individually_context":"","bundle_item_grouping":"","bundle_min_size":"","bundle_max_size":"","bundle_price":[],"bundled_items":[],"bundle_sell_ids":[],"yoast_head":"<!-- This site is optimized with the Yoast SEO plugin v27.2 - https:\/\/yoast.com\/product\/yoast-seo-wordpress\/ -->\n<title>Purelux Terrain Straight 400W LED strip - Straight \/ 107 cm, 1 pc.<\/title>\n<meta name=\"robots\" content=\"index, follow, max-snippet:-1, max-image-preview:large, max-video-preview:-1\" \/>\n<link rel=\"canonical\" href=\"https:\/\/iodperformance.com\/en\/produkt\/purelux-terrain-straight-400w-led-strip-straight-107-cm-1-pc\/\" \/>\n<meta property=\"og:locale\" content=\"en_US\" \/>\n<meta property=\"og:type\" content=\"article\" \/>\n<meta property=\"og:title\" content=\"Purelux Terrain Straight 400W LED strip - Straight \/ 107 cm, 1 pc.\" \/>\n<meta property=\"og:description\" content=\"The Purelux Terrain Straight 400W is a model in the Purelux series for straight ramps in the work lighting segment. The Purelux Terrain Straight 400W work light has a length of 107 cm, making it best suited for roof mounting or where there is a lot of space on work machines or larger vehicles. The Purelux Terrain Straight 400W is among the absolute top of work lights in terms of size-to-power ratio - according to the manufacturer, the theoretical luminous flux is as high as 33,600 lumens! In this model, the reflector technology is equipped with both flat and grooved surfaces, so that the ramp creates a so-called combined light image, which provides a shocking amount of light both horizontally and at long range. The measured range of the Terrain Straight 400W lamp is 438 meters at 1 lux. With a pleasant, comprehensive and huge light effect, the Terrain Straight 400W lamp illuminates a large area, providing good visibility. It is an excellent choice for those who are looking for reliable work lighting even in the toughest conditions.    In addition to good performance, the Purelux Terrain Straight series ramps are made to withstand tough use. The powder-coated, UV-protected and durable aluminum frame withstands use in even the toughest operating conditions. The lens is made of UV-protected and essentially indestructible polycarbonate. All Terrain Straight series work lights are dustproof and waterproof according to the IP67 housing rating. Two-year (24-month) warranty!   The design of the work light is also worth mentioning: the Purelux Terrain Straight series has a completely flat design on the front, which means there is no frame around the lens to collect snow, ice or dirt. This way, the lens stays cleaner even in bad weather conditions and doesn&#039;t need to be cleaned all the time. The design of the work light is extremely stylish with its sleek bezel and dark optics, ensuring a spectacular installation even on newer work machines or cars!\" \/>\n<meta property=\"og:url\" content=\"https:\/\/iodperformance.com\/en\/produkt\/purelux-terrain-straight-400w-led-strip-straight-107-cm-1-pc\/\" \/>\n<meta property=\"og:site_name\" content=\"IOD Performance\" \/>\n<meta property=\"article:publisher\" content=\"https:\/\/www.facebook.com\/IODshopPL\/\" \/>\n<meta property=\"article:modified_time\" content=\"2026-02-26T07:11:49+00:00\" \/>\n<meta property=\"og:image\" content=\"https:\/\/iodperformance.com\/wp-content\/uploads\/2025\/05\/purelux_terrain_straight_400w_1.png\" \/>\n\t<meta property=\"og:image:width\" content=\"2048\" \/>\n\t<meta property=\"og:image:height\" content=\"2048\" \/>\n\t<meta property=\"og:image:type\" content=\"image\/png\" \/>\n<meta name=\"twitter:card\" content=\"summary_large_image\" \/>\n<meta name=\"twitter:label1\" content=\"Est. reading time\" \/>\n\t<meta name=\"twitter:data1\" content=\"1 minute\" \/>\n<script type=\"application\/ld+json\" class=\"yoast-schema-graph\">{\"@context\":\"https:\/\/schema.org\",\"@graph\":[{\"@type\":\"WebPage\",\"@id\":\"https:\/\/iodperformance.com\/en\/produkt\/purelux-terrain-straight-400w-led-strip-straight-107-cm-1-pc\/\",\"url\":\"https:\/\/iodperformance.com\/en\/produkt\/purelux-terrain-straight-400w-led-strip-straight-107-cm-1-pc\/\",\"name\":\"Purelux Terrain Straight 400W LED strip - Straight \/ 107 cm, 1 pc.\",\"isPartOf\":{\"@id\":\"https:\/\/iodperformance.com\/#website\"},\"primaryImageOfPage\":{\"@id\":\"https:\/\/iodperformance.com\/en\/produkt\/purelux-terrain-straight-400w-led-strip-straight-107-cm-1-pc\/#primaryimage\"},\"image\":{\"@id\":\"https:\/\/iodperformance.com\/en\/produkt\/purelux-terrain-straight-400w-led-strip-straight-107-cm-1-pc\/#primaryimage\"},\"thumbnailUrl\":\"https:\/\/iodperformance.com\/wp-content\/uploads\/2025\/05\/purelux_terrain_straight_400w_1.png\",\"datePublished\":\"2025-05-30T06:45:55+00:00\",\"dateModified\":\"2026-02-26T07:11:49+00:00\",\"breadcrumb\":{\"@id\":\"https:\/\/iodperformance.com\/en\/produkt\/purelux-terrain-straight-400w-led-strip-straight-107-cm-1-pc\/#breadcrumb\"},\"inLanguage\":\"en-US\",\"potentialAction\":[{\"@type\":\"ReadAction\",\"target\":[\"https:\/\/iodperformance.com\/en\/produkt\/purelux-terrain-straight-400w-led-strip-straight-107-cm-1-pc\/\"]}]},{\"@type\":\"ImageObject\",\"inLanguage\":\"en-US\",\"@id\":\"https:\/\/iodperformance.com\/en\/produkt\/purelux-terrain-straight-400w-led-strip-straight-107-cm-1-pc\/#primaryimage\",\"url\":\"https:\/\/iodperformance.com\/wp-content\/uploads\/2025\/05\/purelux_terrain_straight_400w_1.png\",\"contentUrl\":\"https:\/\/iodperformance.com\/wp-content\/uploads\/2025\/05\/purelux_terrain_straight_400w_1.png\",\"width\":2048,\"height\":2048},{\"@type\":\"BreadcrumbList\",\"@id\":\"https:\/\/iodperformance.com\/en\/produkt\/purelux-terrain-straight-400w-led-strip-straight-107-cm-1-pc\/#breadcrumb\",\"itemListElement\":[{\"@type\":\"ListItem\",\"position\":1,\"name\":\"Strona g\u0142\u00f3wna\",\"item\":\"https:\/\/iodperformance.com\/en\/\"},{\"@type\":\"ListItem\",\"position\":2,\"name\":\"Shop\",\"item\":\"https:\/\/iodperformance.com\/en\/shop\/\"},{\"@type\":\"ListItem\",\"position\":3,\"name\":\"Purelux Terrain Straight 400W LED strip - Straight \/ 107 cm, 1 pc.\"}]},{\"@type\":\"WebSite\",\"@id\":\"https:\/\/iodperformance.com\/#website\",\"url\":\"https:\/\/iodperformance.com\/\",\"name\":\"IOD Performance\",\"description\":\"Producent cz\u0119\u015bci i akcesori\u00f3w samochodowych\",\"publisher\":{\"@id\":\"https:\/\/iodperformance.com\/#organization\"},\"potentialAction\":[{\"@type\":\"SearchAction\",\"target\":{\"@type\":\"EntryPoint\",\"urlTemplate\":\"https:\/\/iodperformance.com\/?s={search_term_string}\"},\"query-input\":{\"@type\":\"PropertyValueSpecification\",\"valueRequired\":true,\"valueName\":\"search_term_string\"}}],\"inLanguage\":\"en-US\"},{\"@type\":\"Organization\",\"@id\":\"https:\/\/iodperformance.com\/#organization\",\"name\":\"IOD Performance\",\"url\":\"https:\/\/iodperformance.com\/\",\"logo\":{\"@type\":\"ImageObject\",\"inLanguage\":\"en-US\",\"@id\":\"https:\/\/iodperformance.com\/#\/schema\/logo\/image\/\",\"url\":\"https:\/\/iodperformance.com\/wp-content\/uploads\/2025\/02\/logo_V2.png\",\"contentUrl\":\"https:\/\/iodperformance.com\/wp-content\/uploads\/2025\/02\/logo_V2.png\",\"width\":2560,\"height\":1076,\"caption\":\"IOD Performance\"},\"image\":{\"@id\":\"https:\/\/iodperformance.com\/#\/schema\/logo\/image\/\"},\"sameAs\":[\"https:\/\/www.facebook.com\/IODshopPL\/\",\"https:\/\/www.instagram.com\/iodperformance\/\",\"https:\/\/www.youtube.com\/@iodperformance\"]}]}<\/script>\n<!-- \/ Yoast SEO plugin. -->","yoast_head_json":{"title":"Purelux Terrain Straight 400W LED strip - Straight \/ 107 cm, 1 pc.","robots":{"index":"index","follow":"follow","max-snippet":"max-snippet:-1","max-image-preview":"max-image-preview:large","max-video-preview":"max-video-preview:-1"},"canonical":"https:\/\/iodperformance.com\/en\/produkt\/purelux-terrain-straight-400w-led-strip-straight-107-cm-1-pc\/","og_locale":"en_US","og_type":"article","og_title":"Purelux Terrain Straight 400W LED strip - Straight \/ 107 cm, 1 pc.","og_description":"The Purelux Terrain Straight 400W is a model in the Purelux series for straight ramps in the work lighting segment. The Purelux Terrain Straight 400W work light has a length of 107 cm, making it best suited for roof mounting or where there is a lot of space on work machines or larger vehicles. The Purelux Terrain Straight 400W is among the absolute top of work lights in terms of size-to-power ratio - according to the manufacturer, the theoretical luminous flux is as high as 33,600 lumens! In this model, the reflector technology is equipped with both flat and grooved surfaces, so that the ramp creates a so-called combined light image, which provides a shocking amount of light both horizontally and at long range. The measured range of the Terrain Straight 400W lamp is 438 meters at 1 lux. With a pleasant, comprehensive and huge light effect, the Terrain Straight 400W lamp illuminates a large area, providing good visibility. It is an excellent choice for those who are looking for reliable work lighting even in the toughest conditions.    In addition to good performance, the Purelux Terrain Straight series ramps are made to withstand tough use. The powder-coated, UV-protected and durable aluminum frame withstands use in even the toughest operating conditions. The lens is made of UV-protected and essentially indestructible polycarbonate. All Terrain Straight series work lights are dustproof and waterproof according to the IP67 housing rating. Two-year (24-month) warranty!   The design of the work light is also worth mentioning: the Purelux Terrain Straight series has a completely flat design on the front, which means there is no frame around the lens to collect snow, ice or dirt. This way, the lens stays cleaner even in bad weather conditions and doesn't need to be cleaned all the time. The design of the work light is extremely stylish with its sleek bezel and dark optics, ensuring a spectacular installation even on newer work machines or cars!","og_url":"https:\/\/iodperformance.com\/en\/produkt\/purelux-terrain-straight-400w-led-strip-straight-107-cm-1-pc\/","og_site_name":"IOD Performance","article_publisher":"https:\/\/www.facebook.com\/IODshopPL\/","article_modified_time":"2026-02-26T07:11:49+00:00","og_image":[{"width":2048,"height":2048,"url":"https:\/\/iodperformance.com\/wp-content\/uploads\/2025\/05\/purelux_terrain_straight_400w_1.png","type":"image\/png"}],"twitter_card":"summary_large_image","twitter_misc":{"Est. reading time":"1 minute"},"schema":{"@context":"https:\/\/schema.org","@graph":[{"@type":"WebPage","@id":"https:\/\/iodperformance.com\/en\/produkt\/purelux-terrain-straight-400w-led-strip-straight-107-cm-1-pc\/","url":"https:\/\/iodperformance.com\/en\/produkt\/purelux-terrain-straight-400w-led-strip-straight-107-cm-1-pc\/","name":"Purelux Terrain Straight 400W LED strip - Straight \/ 107 cm, 1 pc.","isPartOf":{"@id":"https:\/\/iodperformance.com\/#website"},"primaryImageOfPage":{"@id":"https:\/\/iodperformance.com\/en\/produkt\/purelux-terrain-straight-400w-led-strip-straight-107-cm-1-pc\/#primaryimage"},"image":{"@id":"https:\/\/iodperformance.com\/en\/produkt\/purelux-terrain-straight-400w-led-strip-straight-107-cm-1-pc\/#primaryimage"},"thumbnailUrl":"https:\/\/iodperformance.com\/wp-content\/uploads\/2025\/05\/purelux_terrain_straight_400w_1.png","datePublished":"2025-05-30T06:45:55+00:00","dateModified":"2026-02-26T07:11:49+00:00","breadcrumb":{"@id":"https:\/\/iodperformance.com\/en\/produkt\/purelux-terrain-straight-400w-led-strip-straight-107-cm-1-pc\/#breadcrumb"},"inLanguage":"en-US","potentialAction":[{"@type":"ReadAction","target":["https:\/\/iodperformance.com\/en\/produkt\/purelux-terrain-straight-400w-led-strip-straight-107-cm-1-pc\/"]}]},{"@type":"ImageObject","inLanguage":"en-US","@id":"https:\/\/iodperformance.com\/en\/produkt\/purelux-terrain-straight-400w-led-strip-straight-107-cm-1-pc\/#primaryimage","url":"https:\/\/iodperformance.com\/wp-content\/uploads\/2025\/05\/purelux_terrain_straight_400w_1.png","contentUrl":"https:\/\/iodperformance.com\/wp-content\/uploads\/2025\/05\/purelux_terrain_straight_400w_1.png","width":2048,"height":2048},{"@type":"BreadcrumbList","@id":"https:\/\/iodperformance.com\/en\/produkt\/purelux-terrain-straight-400w-led-strip-straight-107-cm-1-pc\/#breadcrumb","itemListElement":[{"@type":"ListItem","position":1,"name":"Strona g\u0142\u00f3wna","item":"https:\/\/iodperformance.com\/en\/"},{"@type":"ListItem","position":2,"name":"Shop","item":"https:\/\/iodperformance.com\/en\/shop\/"},{"@type":"ListItem","position":3,"name":"Purelux Terrain Straight 400W LED strip - Straight \/ 107 cm, 1 pc."}]},{"@type":"WebSite","@id":"https:\/\/iodperformance.com\/#website","url":"https:\/\/iodperformance.com\/","name":"IOD Performance","description":"Producent cz\u0119\u015bci i akcesori\u00f3w samochodowych","publisher":{"@id":"https:\/\/iodperformance.com\/#organization"},"potentialAction":[{"@type":"SearchAction","target":{"@type":"EntryPoint","urlTemplate":"https:\/\/iodperformance.com\/?s={search_term_string}"},"query-input":{"@type":"PropertyValueSpecification","valueRequired":true,"valueName":"search_term_string"}}],"inLanguage":"en-US"},{"@type":"Organization","@id":"https:\/\/iodperformance.com\/#organization","name":"IOD Performance","url":"https:\/\/iodperformance.com\/","logo":{"@type":"ImageObject","inLanguage":"en-US","@id":"https:\/\/iodperformance.com\/#\/schema\/logo\/image\/","url":"https:\/\/iodperformance.com\/wp-content\/uploads\/2025\/02\/logo_V2.png","contentUrl":"https:\/\/iodperformance.com\/wp-content\/uploads\/2025\/02\/logo_V2.png","width":2560,"height":1076,"caption":"IOD Performance"},"image":{"@id":"https:\/\/iodperformance.com\/#\/schema\/logo\/image\/"},"sameAs":["https:\/\/www.facebook.com\/IODshopPL\/","https:\/\/www.instagram.com\/iodperformance\/","https:\/\/www.youtube.com\/@iodperformance"]}]}},"_links":{"self":[{"href":"https:\/\/iodperformance.com\/en\/wp-json\/wp\/v2\/product\/14351","targetHints":{"allow":["GET"]}}],"collection":[{"href":"https:\/\/iodperformance.com\/en\/wp-json\/wp\/v2\/product"}],"about":[{"href":"https:\/\/iodperformance.com\/en\/wp-json\/wp\/v2\/types\/product"}],"version-history":[{"count":0,"href":"https:\/\/iodperformance.com\/en\/wp-json\/wp\/v2\/product\/14351\/revisions"}],"wp:featuredmedia":[{"embeddable":true,"href":"https:\/\/iodperformance.com\/en\/wp-json\/wp\/v2\/media\/12333"}],"wp:attachment":[{"href":"https:\/\/iodperformance.com\/en\/wp-json\/wp\/v2\/media?parent=14351"}],"wp:term":[{"taxonomy":"product_brand","embeddable":true,"href":"https:\/\/iodperformance.com\/en\/wp-json\/wp\/v2\/product_brand?post=14351"},{"taxonomy":"product_cat","embeddable":true,"href":"https:\/\/iodperformance.com\/en\/wp-json\/wp\/v2\/product_cat?post=14351"},{"taxonomy":"product_tag","embeddable":true,"href":"https:\/\/iodperformance.com\/en\/wp-json\/wp\/v2\/product_tag?post=14351"}],"curies":[{"name":"wp","href":"https:\/\/api.w.org\/{rel}","templated":true}]}}