{"id":14341,"date":"2025-05-30T08:45:41","date_gmt":"2025-05-30T06:45:41","guid":{"rendered":"https:\/\/iodperformance.com\/produkt\/purelux-terrain-straight-120w-led-strip-straight-36-cm-1-pc\/"},"modified":"2026-02-26T08:11:48","modified_gmt":"2026-02-26T07:11:48","slug":"purelux-terrain-straight-120w-led-strip-straight-36-cm-1-pc","status":"publish","type":"product","link":"https:\/\/iodperformance.com\/en\/produkt\/purelux-terrain-straight-120w-led-strip-straight-36-cm-1-pc\/","title":{"rendered":"Purelux Terrain Straight 120W LED strip &#8211; Straight \/ 36 cm, 1 pc."},"content":{"rendered":"<ul>\n<li><strong>Brand and model:<\/strong> Purelux Terrain Straight 120W<\/li>\n<li><strong>Area of use:<\/strong> As work lighting for work machines\/cars<\/li>\n<li><strong>LED:<\/strong> 24 x 5W Osram<\/li>\n<li><strong>Operating voltage:<\/strong> 10\u201330 V (DC)<\/li>\n<li><strong>manufacturer&#8217;s measured current consumption:<\/strong> 4.2A @ 24V<\/li>\n<li><strong>Nominal power:<\/strong> 120 W<\/li>\n<li><strong>Manufacturer&#8217;s reported power:<\/strong> 98 W\n<p>      <strong>manufacturer&#8217;s measured power:<\/strong> 101 W<\/li>\n<li><strong>Manufacturer&#8217;s theoretical luminous flux:<\/strong> 10080 lm<\/li>\n<li><strong>manufacturer&#8217;s measured range:<\/strong> 277 m @ 0.25 lux \/ 138 m @ 1 lux<\/li>\n<li><strong>Manufacturer&#8217;s reported color temperature:<\/strong> 5700 K\n<p>      <strong>manufacturer&#8217;s measured color temperature:<\/strong> 5666 K<\/li>\n<li><strong>Mounting:<\/strong> Side mounting, adjustable rail mount<\/li>\n<li><strong>Contact:<\/strong> Deutsch DT-2<\/li>\n<li><strong>Cable length:<\/strong> 50 cm<\/li>\n<li><strong>Dimensions:<\/strong> 356 x 70 x 67 mm (Width x Height x Depth)<\/li>\n<li><strong>Weight:<\/strong> 1400 g<\/li>\n<li><strong>Protection class:<\/strong> IP67<\/li>\n<li><strong>Approval:<\/strong> ECE R10<\/li>\n<li><strong>Warranty:<\/strong> 24 months<\/li>\n<li><strong>Importer:<\/strong> Handshake<\/li>\n<\/ul>\n","protected":false},"excerpt":{"rendered":"<p>Purelux Terrain Straight 120W is the smallest model in the new Purelux series of work lights. It has a simple design, and due to its size this model is also suitable for installation in tight spaces or smaller work machines, excavators, quadcopters or other off-road vehicles. Despite its small size, the Purelux Terrain Straight 120W is impressively powerful &#8211; according to the manufacturer, the theoretical light output is as high as 10,080 lumens, which is very impressive for a ramp of this size! The Purelux Terrain Straight 120W has a reflector technology consisting of several grooved surfaces that the LEDs hit, resulting in a very smooth and wide light pattern. Thanks to this reflector technology, the light from the work lamp can be diffused with nice coverage, width and uniformity without any dark spots in the immediate area, providing a pleasant working environment. For this reason, the Terrain Straight 120W is perfect if your goal is to illuminate an area from close range and ideal if you are looking for a small and efficient work lamp with a very wide light pattern. The measured range of the Terrain Straight 120W is 138 meters at 1 lux, which means that this work lamp is the obvious choice for those who want an efficient, versatile and durable work lamp!      <\/p>\n<p>In addition to good performance, the Purelux Terrain Straight series ramps are made to withstand tough use. The powder-coated, UV-protected and durable aluminum frame withstands use in even the toughest operating conditions. The lens is made of UV-protected and essentially indestructible polycarbonate. All Terrain Straight series work lights are dustproof and waterproof according to the IP67 housing rating. Two-year (24-month) warranty!    <\/p>\n","protected":false},"featured_media":12312,"template":"","meta":[],"product_brand":[359],"product_cat":[494],"product_tag":[420],"class_list":{"0":"post-14341","1":"product","2":"type-product","3":"status-publish","4":"has-post-thumbnail","6":"product_brand-purelux-en","7":"product_cat-led-bars","8":"product_tag-led-headlights","10":"first","11":"instock","12":"taxable","13":"shipping-taxable","14":"purchasable","15":"product-type-simple"},"bundled_by":[],"bundle_stock_status":"instock","bundle_stock_quantity":null,"bundle_virtual":false,"bundle_layout":"","bundle_add_to_cart_form_location":"","bundle_editable_in_cart":false,"bundle_sold_individually_context":"","bundle_item_grouping":"","bundle_min_size":"","bundle_max_size":"","bundle_price":[],"bundled_items":[],"bundle_sell_ids":[],"yoast_head":"<!-- This site is optimized with the Yoast SEO plugin v27.2 - https:\/\/yoast.com\/product\/yoast-seo-wordpress\/ -->\n<title>Purelux Terrain Straight 120W LED strip - Straight \/ 36 cm, 1 pc.<\/title>\n<meta name=\"robots\" content=\"index, follow, max-snippet:-1, max-image-preview:large, max-video-preview:-1\" \/>\n<link rel=\"canonical\" href=\"https:\/\/iodperformance.com\/en\/produkt\/purelux-terrain-straight-120w-led-strip-straight-36-cm-1-pc\/\" \/>\n<meta property=\"og:locale\" content=\"en_US\" \/>\n<meta property=\"og:type\" content=\"article\" \/>\n<meta property=\"og:title\" content=\"Purelux Terrain Straight 120W LED strip - Straight \/ 36 cm, 1 pc.\" \/>\n<meta property=\"og:description\" content=\"Purelux Terrain Straight 120W is the smallest model in the new Purelux series of work lights. It has a simple design, and due to its size this model is also suitable for installation in tight spaces or smaller work machines, excavators, quadcopters or other off-road vehicles. Despite its small size, the Purelux Terrain Straight 120W is impressively powerful - according to the manufacturer, the theoretical light output is as high as 10,080 lumens, which is very impressive for a ramp of this size! The Purelux Terrain Straight 120W has a reflector technology consisting of several grooved surfaces that the LEDs hit, resulting in a very smooth and wide light pattern. Thanks to this reflector technology, the light from the work lamp can be diffused with nice coverage, width and uniformity without any dark spots in the immediate area, providing a pleasant working environment. For this reason, the Terrain Straight 120W is perfect if your goal is to illuminate an area from close range and ideal if you are looking for a small and efficient work lamp with a very wide light pattern. The measured range of the Terrain Straight 120W is 138 meters at 1 lux, which means that this work lamp is the obvious choice for those who want an efficient, versatile and durable work lamp!    In addition to good performance, the Purelux Terrain Straight series ramps are made to withstand tough use. The powder-coated, UV-protected and durable aluminum frame withstands use in even the toughest operating conditions. The lens is made of UV-protected and essentially indestructible polycarbonate. All Terrain Straight series work lights are dustproof and waterproof according to the IP67 housing rating. Two-year (24-month) warranty!\" \/>\n<meta property=\"og:url\" content=\"https:\/\/iodperformance.com\/en\/produkt\/purelux-terrain-straight-120w-led-strip-straight-36-cm-1-pc\/\" \/>\n<meta property=\"og:site_name\" content=\"IOD Performance\" \/>\n<meta property=\"article:publisher\" content=\"https:\/\/www.facebook.com\/IODshopPL\/\" \/>\n<meta property=\"article:modified_time\" content=\"2026-02-26T07:11:48+00:00\" \/>\n<meta property=\"og:image\" content=\"https:\/\/iodperformance.com\/wp-content\/uploads\/2025\/05\/purelux_terrain_straight_120w_1.png\" \/>\n\t<meta property=\"og:image:width\" content=\"2048\" \/>\n\t<meta property=\"og:image:height\" content=\"2048\" \/>\n\t<meta property=\"og:image:type\" content=\"image\/png\" \/>\n<meta name=\"twitter:card\" content=\"summary_large_image\" \/>\n<script type=\"application\/ld+json\" class=\"yoast-schema-graph\">{\"@context\":\"https:\/\/schema.org\",\"@graph\":[{\"@type\":\"WebPage\",\"@id\":\"https:\/\/iodperformance.com\/en\/produkt\/purelux-terrain-straight-120w-led-strip-straight-36-cm-1-pc\/\",\"url\":\"https:\/\/iodperformance.com\/en\/produkt\/purelux-terrain-straight-120w-led-strip-straight-36-cm-1-pc\/\",\"name\":\"Purelux Terrain Straight 120W LED strip - Straight \/ 36 cm, 1 pc.\",\"isPartOf\":{\"@id\":\"https:\/\/iodperformance.com\/#website\"},\"primaryImageOfPage\":{\"@id\":\"https:\/\/iodperformance.com\/en\/produkt\/purelux-terrain-straight-120w-led-strip-straight-36-cm-1-pc\/#primaryimage\"},\"image\":{\"@id\":\"https:\/\/iodperformance.com\/en\/produkt\/purelux-terrain-straight-120w-led-strip-straight-36-cm-1-pc\/#primaryimage\"},\"thumbnailUrl\":\"https:\/\/iodperformance.com\/wp-content\/uploads\/2025\/05\/purelux_terrain_straight_120w_1.png\",\"datePublished\":\"2025-05-30T06:45:41+00:00\",\"dateModified\":\"2026-02-26T07:11:48+00:00\",\"breadcrumb\":{\"@id\":\"https:\/\/iodperformance.com\/en\/produkt\/purelux-terrain-straight-120w-led-strip-straight-36-cm-1-pc\/#breadcrumb\"},\"inLanguage\":\"en-US\",\"potentialAction\":[{\"@type\":\"ReadAction\",\"target\":[\"https:\/\/iodperformance.com\/en\/produkt\/purelux-terrain-straight-120w-led-strip-straight-36-cm-1-pc\/\"]}]},{\"@type\":\"ImageObject\",\"inLanguage\":\"en-US\",\"@id\":\"https:\/\/iodperformance.com\/en\/produkt\/purelux-terrain-straight-120w-led-strip-straight-36-cm-1-pc\/#primaryimage\",\"url\":\"https:\/\/iodperformance.com\/wp-content\/uploads\/2025\/05\/purelux_terrain_straight_120w_1.png\",\"contentUrl\":\"https:\/\/iodperformance.com\/wp-content\/uploads\/2025\/05\/purelux_terrain_straight_120w_1.png\",\"width\":2048,\"height\":2048},{\"@type\":\"BreadcrumbList\",\"@id\":\"https:\/\/iodperformance.com\/en\/produkt\/purelux-terrain-straight-120w-led-strip-straight-36-cm-1-pc\/#breadcrumb\",\"itemListElement\":[{\"@type\":\"ListItem\",\"position\":1,\"name\":\"Strona g\u0142\u00f3wna\",\"item\":\"https:\/\/iodperformance.com\/en\/\"},{\"@type\":\"ListItem\",\"position\":2,\"name\":\"Shop\",\"item\":\"https:\/\/iodperformance.com\/en\/shop\/\"},{\"@type\":\"ListItem\",\"position\":3,\"name\":\"Purelux Terrain Straight 120W LED strip - Straight \/ 36 cm, 1 pc.\"}]},{\"@type\":\"WebSite\",\"@id\":\"https:\/\/iodperformance.com\/#website\",\"url\":\"https:\/\/iodperformance.com\/\",\"name\":\"IOD Performance\",\"description\":\"Producent cz\u0119\u015bci i akcesori\u00f3w samochodowych\",\"publisher\":{\"@id\":\"https:\/\/iodperformance.com\/#organization\"},\"potentialAction\":[{\"@type\":\"SearchAction\",\"target\":{\"@type\":\"EntryPoint\",\"urlTemplate\":\"https:\/\/iodperformance.com\/?s={search_term_string}\"},\"query-input\":{\"@type\":\"PropertyValueSpecification\",\"valueRequired\":true,\"valueName\":\"search_term_string\"}}],\"inLanguage\":\"en-US\"},{\"@type\":\"Organization\",\"@id\":\"https:\/\/iodperformance.com\/#organization\",\"name\":\"IOD Performance\",\"url\":\"https:\/\/iodperformance.com\/\",\"logo\":{\"@type\":\"ImageObject\",\"inLanguage\":\"en-US\",\"@id\":\"https:\/\/iodperformance.com\/#\/schema\/logo\/image\/\",\"url\":\"https:\/\/iodperformance.com\/wp-content\/uploads\/2025\/02\/logo_V2.png\",\"contentUrl\":\"https:\/\/iodperformance.com\/wp-content\/uploads\/2025\/02\/logo_V2.png\",\"width\":2560,\"height\":1076,\"caption\":\"IOD Performance\"},\"image\":{\"@id\":\"https:\/\/iodperformance.com\/#\/schema\/logo\/image\/\"},\"sameAs\":[\"https:\/\/www.facebook.com\/IODshopPL\/\",\"https:\/\/www.instagram.com\/iodperformance\/\",\"https:\/\/www.youtube.com\/@iodperformance\"]}]}<\/script>\n<!-- \/ Yoast SEO plugin. -->","yoast_head_json":{"title":"Purelux Terrain Straight 120W LED strip - Straight \/ 36 cm, 1 pc.","robots":{"index":"index","follow":"follow","max-snippet":"max-snippet:-1","max-image-preview":"max-image-preview:large","max-video-preview":"max-video-preview:-1"},"canonical":"https:\/\/iodperformance.com\/en\/produkt\/purelux-terrain-straight-120w-led-strip-straight-36-cm-1-pc\/","og_locale":"en_US","og_type":"article","og_title":"Purelux Terrain Straight 120W LED strip - Straight \/ 36 cm, 1 pc.","og_description":"Purelux Terrain Straight 120W is the smallest model in the new Purelux series of work lights. It has a simple design, and due to its size this model is also suitable for installation in tight spaces or smaller work machines, excavators, quadcopters or other off-road vehicles. Despite its small size, the Purelux Terrain Straight 120W is impressively powerful - according to the manufacturer, the theoretical light output is as high as 10,080 lumens, which is very impressive for a ramp of this size! The Purelux Terrain Straight 120W has a reflector technology consisting of several grooved surfaces that the LEDs hit, resulting in a very smooth and wide light pattern. Thanks to this reflector technology, the light from the work lamp can be diffused with nice coverage, width and uniformity without any dark spots in the immediate area, providing a pleasant working environment. For this reason, the Terrain Straight 120W is perfect if your goal is to illuminate an area from close range and ideal if you are looking for a small and efficient work lamp with a very wide light pattern. The measured range of the Terrain Straight 120W is 138 meters at 1 lux, which means that this work lamp is the obvious choice for those who want an efficient, versatile and durable work lamp!    In addition to good performance, the Purelux Terrain Straight series ramps are made to withstand tough use. The powder-coated, UV-protected and durable aluminum frame withstands use in even the toughest operating conditions. The lens is made of UV-protected and essentially indestructible polycarbonate. All Terrain Straight series work lights are dustproof and waterproof according to the IP67 housing rating. Two-year (24-month) warranty!","og_url":"https:\/\/iodperformance.com\/en\/produkt\/purelux-terrain-straight-120w-led-strip-straight-36-cm-1-pc\/","og_site_name":"IOD Performance","article_publisher":"https:\/\/www.facebook.com\/IODshopPL\/","article_modified_time":"2026-02-26T07:11:48+00:00","og_image":[{"width":2048,"height":2048,"url":"https:\/\/iodperformance.com\/wp-content\/uploads\/2025\/05\/purelux_terrain_straight_120w_1.png","type":"image\/png"}],"twitter_card":"summary_large_image","schema":{"@context":"https:\/\/schema.org","@graph":[{"@type":"WebPage","@id":"https:\/\/iodperformance.com\/en\/produkt\/purelux-terrain-straight-120w-led-strip-straight-36-cm-1-pc\/","url":"https:\/\/iodperformance.com\/en\/produkt\/purelux-terrain-straight-120w-led-strip-straight-36-cm-1-pc\/","name":"Purelux Terrain Straight 120W LED strip - Straight \/ 36 cm, 1 pc.","isPartOf":{"@id":"https:\/\/iodperformance.com\/#website"},"primaryImageOfPage":{"@id":"https:\/\/iodperformance.com\/en\/produkt\/purelux-terrain-straight-120w-led-strip-straight-36-cm-1-pc\/#primaryimage"},"image":{"@id":"https:\/\/iodperformance.com\/en\/produkt\/purelux-terrain-straight-120w-led-strip-straight-36-cm-1-pc\/#primaryimage"},"thumbnailUrl":"https:\/\/iodperformance.com\/wp-content\/uploads\/2025\/05\/purelux_terrain_straight_120w_1.png","datePublished":"2025-05-30T06:45:41+00:00","dateModified":"2026-02-26T07:11:48+00:00","breadcrumb":{"@id":"https:\/\/iodperformance.com\/en\/produkt\/purelux-terrain-straight-120w-led-strip-straight-36-cm-1-pc\/#breadcrumb"},"inLanguage":"en-US","potentialAction":[{"@type":"ReadAction","target":["https:\/\/iodperformance.com\/en\/produkt\/purelux-terrain-straight-120w-led-strip-straight-36-cm-1-pc\/"]}]},{"@type":"ImageObject","inLanguage":"en-US","@id":"https:\/\/iodperformance.com\/en\/produkt\/purelux-terrain-straight-120w-led-strip-straight-36-cm-1-pc\/#primaryimage","url":"https:\/\/iodperformance.com\/wp-content\/uploads\/2025\/05\/purelux_terrain_straight_120w_1.png","contentUrl":"https:\/\/iodperformance.com\/wp-content\/uploads\/2025\/05\/purelux_terrain_straight_120w_1.png","width":2048,"height":2048},{"@type":"BreadcrumbList","@id":"https:\/\/iodperformance.com\/en\/produkt\/purelux-terrain-straight-120w-led-strip-straight-36-cm-1-pc\/#breadcrumb","itemListElement":[{"@type":"ListItem","position":1,"name":"Strona g\u0142\u00f3wna","item":"https:\/\/iodperformance.com\/en\/"},{"@type":"ListItem","position":2,"name":"Shop","item":"https:\/\/iodperformance.com\/en\/shop\/"},{"@type":"ListItem","position":3,"name":"Purelux Terrain Straight 120W LED strip - Straight \/ 36 cm, 1 pc."}]},{"@type":"WebSite","@id":"https:\/\/iodperformance.com\/#website","url":"https:\/\/iodperformance.com\/","name":"IOD Performance","description":"Producent cz\u0119\u015bci i akcesori\u00f3w samochodowych","publisher":{"@id":"https:\/\/iodperformance.com\/#organization"},"potentialAction":[{"@type":"SearchAction","target":{"@type":"EntryPoint","urlTemplate":"https:\/\/iodperformance.com\/?s={search_term_string}"},"query-input":{"@type":"PropertyValueSpecification","valueRequired":true,"valueName":"search_term_string"}}],"inLanguage":"en-US"},{"@type":"Organization","@id":"https:\/\/iodperformance.com\/#organization","name":"IOD Performance","url":"https:\/\/iodperformance.com\/","logo":{"@type":"ImageObject","inLanguage":"en-US","@id":"https:\/\/iodperformance.com\/#\/schema\/logo\/image\/","url":"https:\/\/iodperformance.com\/wp-content\/uploads\/2025\/02\/logo_V2.png","contentUrl":"https:\/\/iodperformance.com\/wp-content\/uploads\/2025\/02\/logo_V2.png","width":2560,"height":1076,"caption":"IOD Performance"},"image":{"@id":"https:\/\/iodperformance.com\/#\/schema\/logo\/image\/"},"sameAs":["https:\/\/www.facebook.com\/IODshopPL\/","https:\/\/www.instagram.com\/iodperformance\/","https:\/\/www.youtube.com\/@iodperformance"]}]}},"_links":{"self":[{"href":"https:\/\/iodperformance.com\/en\/wp-json\/wp\/v2\/product\/14341","targetHints":{"allow":["GET"]}}],"collection":[{"href":"https:\/\/iodperformance.com\/en\/wp-json\/wp\/v2\/product"}],"about":[{"href":"https:\/\/iodperformance.com\/en\/wp-json\/wp\/v2\/types\/product"}],"version-history":[{"count":0,"href":"https:\/\/iodperformance.com\/en\/wp-json\/wp\/v2\/product\/14341\/revisions"}],"wp:featuredmedia":[{"embeddable":true,"href":"https:\/\/iodperformance.com\/en\/wp-json\/wp\/v2\/media\/12312"}],"wp:attachment":[{"href":"https:\/\/iodperformance.com\/en\/wp-json\/wp\/v2\/media?parent=14341"}],"wp:term":[{"taxonomy":"product_brand","embeddable":true,"href":"https:\/\/iodperformance.com\/en\/wp-json\/wp\/v2\/product_brand?post=14341"},{"taxonomy":"product_cat","embeddable":true,"href":"https:\/\/iodperformance.com\/en\/wp-json\/wp\/v2\/product_cat?post=14341"},{"taxonomy":"product_tag","embeddable":true,"href":"https:\/\/iodperformance.com\/en\/wp-json\/wp\/v2\/product_tag?post=14341"}],"curies":[{"name":"wp","href":"https:\/\/api.w.org\/{rel}","templated":true}]}}