{"id":14325,"date":"2025-05-30T08:45:22","date_gmt":"2025-05-30T06:45:22","guid":{"rendered":"https:\/\/iodperformance.com\/produkt\/purelux-terrain-black-slim-spot-work-lamp-16-cm-30w-narrow-beam-1-pc\/"},"modified":"2026-02-26T08:11:46","modified_gmt":"2026-02-26T07:11:46","slug":"purelux-terrain-black-slim-spot-work-lamp-16-cm-30w-narrow-beam-1-pc","status":"publish","type":"product","link":"https:\/\/iodperformance.com\/en\/produkt\/purelux-terrain-black-slim-spot-work-lamp-16-cm-30w-narrow-beam-1-pc\/","title":{"rendered":"Purelux Terrain Black Slim Spot work lamp &#8211; 16 cm \/ 30W \/ Narrow beam, 1 pc."},"content":{"rendered":"<p><strong>Delivery content<\/strong><\/p>\n<ul>\n<li>Purelux Terrain Black Slim Spot 30W, Narrow<\/li>\n<li>Mounting foot with accessories<\/li>\n<li>Power cord with DT-2 connector<\/li>\n<\/ul>\n<p><strong>Brand and model:<\/strong> Purelux Terrain Black Slim Spot<\/p>\n<p><strong>Intended use:<\/strong> As a work light in cars \/ work machines<\/p>\n<p><strong>LED:<\/strong> 6 x 5W OSRAM<\/p>\n<p><strong>Operating voltage:<\/strong> 9\u201332 V<\/p>\n<p><strong>Current consumption measured by manufacturer:<\/strong> 1.35A @ 24V<\/p>\n<p><strong>Rated power:<\/strong> 30 W<\/p>\n<p><strong>Measured power (manufacturer):<\/strong> 32.5 W<\/p>\n<p><strong>Theoretical light output:<\/strong> 2880 lm<\/p>\n<p><strong>Measured luminous efficacy (manufacturer):<\/strong> 2884 lm<\/p>\n<p><strong>Range:<\/strong><\/p>\n<p>Manufacturer&#8217;s stated: 292 m @ 1 lux<\/p>\n<p>Measured by manufacturer: 620 m @ 0.25 lux \/ 310 m @ 1 lux<\/p>\n<p><strong>Color temperature:<\/strong><\/p>\n<p>Manufacturer&#8217;s stated: 5700 K<\/p>\n<p>Measured by manufacturer: 5769 K<\/p>\n<p><strong>Mounting:<\/strong> Mounting foot<\/p>\n<p><strong>Connector:<\/strong> Deutsch DT2<\/p>\n<p><strong>Cable length:<\/strong> Approx. 50 cm<\/p>\n<p><strong>Light dimensions:<\/strong> 157 x 44 x 60 mm (W x H x D)<\/p>\n<p><strong>Weight:<\/strong> 492 g<\/p>\n<p><strong>IP rating:<\/strong> IP68<\/p>\n<p><strong>Approvals:<\/strong> CE, RoHS, R10<\/p>\n<p><strong>Warranty:<\/strong> 24 months<\/p>\n","protected":false},"excerpt":{"rendered":"<p>Purelux Terrain Black Slim Spot 30W is a top-of-the-line LED work light designed for harsh conditions. The narrow-beam model works best in situations where light is needed to illuminate more than just the immediate surroundings of a vehicle or work machine. Despite its compact size, the Terrain Black Slim Spot offers an impressive 2880 lm of light output and a range of 292 m (@ 1lux), the absolute top of its size class. Thanks to its slim and exceptionally low (only 44 mm high) housing, the Terrain Black Slim works well even in tight installation spaces, and the modern, dark reflector optics ensure that the lamp&#8217;s appearance matches even the most modern vehicles. A high-quality, impact- and weather-resistant aluminum housing combined with a virtually indestructible polycarbonate lens ensure that the lamp will perform in tough operating conditions despite its compact size.    <\/p>\n<p>Unlike traditional work lamps, the Terrain Black Slim series has a lens that is adapted to the fixture in such a way that it practically reaches the level of the fixture in front, and there is no longer a \u201cthreshold\u201d on the edges of the lens that collects snow, rain with snow, sand and dust. In addition, a new type of reflector technology has reduced the glare of the working lamp, as the LEDs are directed from the top of the lamp to the reflector. The lamp is suitable for both 12-volt and 24-volt systems. A pleasant neutral color temperature of 5700 K ensures that the level of alertness remains good, and the lighting does not tire the eyes even during extended periods of work. Mounting accessories are included. 24-month warranty.    <\/p>\n","protected":false},"featured_media":12220,"template":"","meta":[],"product_brand":[359],"product_cat":[493],"product_tag":[420],"class_list":{"0":"post-14325","1":"product","2":"type-product","3":"status-publish","4":"has-post-thumbnail","6":"product_brand-purelux-en","7":"product_cat-led-work-lamps","8":"product_tag-led-headlights","10":"first","11":"instock","12":"taxable","13":"shipping-taxable","14":"purchasable","15":"product-type-simple"},"bundled_by":[],"bundle_stock_status":"instock","bundle_stock_quantity":null,"bundle_virtual":false,"bundle_layout":"","bundle_add_to_cart_form_location":"","bundle_editable_in_cart":false,"bundle_sold_individually_context":"","bundle_item_grouping":"","bundle_min_size":"","bundle_max_size":"","bundle_price":[],"bundled_items":[],"bundle_sell_ids":[],"yoast_head":"<!-- This site is optimized with the Yoast SEO plugin v27.2 - https:\/\/yoast.com\/product\/yoast-seo-wordpress\/ -->\n<title>Purelux Terrain Black Slim Spot work lamp - 16 cm \/ 30W \/ Narrow beam, 1 pc.<\/title>\n<meta name=\"robots\" content=\"index, follow, max-snippet:-1, max-image-preview:large, max-video-preview:-1\" \/>\n<link rel=\"canonical\" href=\"https:\/\/iodperformance.com\/en\/produkt\/purelux-terrain-black-slim-spot-work-lamp-16-cm-30w-narrow-beam-1-pc\/\" \/>\n<meta property=\"og:locale\" content=\"en_US\" \/>\n<meta property=\"og:type\" content=\"article\" \/>\n<meta property=\"og:title\" content=\"Purelux Terrain Black Slim Spot work lamp - 16 cm \/ 30W \/ Narrow beam, 1 pc.\" \/>\n<meta property=\"og:description\" content=\"Purelux Terrain Black Slim Spot 30W is a top-of-the-line LED work light designed for harsh conditions. The narrow-beam model works best in situations where light is needed to illuminate more than just the immediate surroundings of a vehicle or work machine. Despite its compact size, the Terrain Black Slim Spot offers an impressive 2880 lm of light output and a range of 292 m (@ 1lux), the absolute top of its size class. Thanks to its slim and exceptionally low (only 44 mm high) housing, the Terrain Black Slim works well even in tight installation spaces, and the modern, dark reflector optics ensure that the lamp&#039;s appearance matches even the most modern vehicles. A high-quality, impact- and weather-resistant aluminum housing combined with a virtually indestructible polycarbonate lens ensure that the lamp will perform in tough operating conditions despite its compact size.   Unlike traditional work lamps, the Terrain Black Slim series has a lens that is adapted to the fixture in such a way that it practically reaches the level of the fixture in front, and there is no longer a \u201cthreshold\u201d on the edges of the lens that collects snow, rain with snow, sand and dust. In addition, a new type of reflector technology has reduced the glare of the working lamp, as the LEDs are directed from the top of the lamp to the reflector. The lamp is suitable for both 12-volt and 24-volt systems. A pleasant neutral color temperature of 5700 K ensures that the level of alertness remains good, and the lighting does not tire the eyes even during extended periods of work. Mounting accessories are included. 24-month warranty.\" \/>\n<meta property=\"og:url\" content=\"https:\/\/iodperformance.com\/en\/produkt\/purelux-terrain-black-slim-spot-work-lamp-16-cm-30w-narrow-beam-1-pc\/\" \/>\n<meta property=\"og:site_name\" content=\"IOD Performance\" \/>\n<meta property=\"article:publisher\" content=\"https:\/\/www.facebook.com\/IODshopPL\/\" \/>\n<meta property=\"article:modified_time\" content=\"2026-02-26T07:11:46+00:00\" \/>\n<meta property=\"og:image\" content=\"https:\/\/iodperformance.com\/wp-content\/uploads\/2025\/05\/purelux_terrain_black_slim_spot_2.jpg\" \/>\n\t<meta property=\"og:image:width\" content=\"2048\" \/>\n\t<meta property=\"og:image:height\" content=\"2048\" \/>\n\t<meta property=\"og:image:type\" content=\"image\/jpeg\" \/>\n<meta name=\"twitter:card\" content=\"summary_large_image\" \/>\n<meta name=\"twitter:label1\" content=\"Est. reading time\" \/>\n\t<meta name=\"twitter:data1\" content=\"1 minute\" \/>\n<script type=\"application\/ld+json\" class=\"yoast-schema-graph\">{\"@context\":\"https:\/\/schema.org\",\"@graph\":[{\"@type\":\"WebPage\",\"@id\":\"https:\/\/iodperformance.com\/en\/produkt\/purelux-terrain-black-slim-spot-work-lamp-16-cm-30w-narrow-beam-1-pc\/\",\"url\":\"https:\/\/iodperformance.com\/en\/produkt\/purelux-terrain-black-slim-spot-work-lamp-16-cm-30w-narrow-beam-1-pc\/\",\"name\":\"Purelux Terrain Black Slim Spot work lamp - 16 cm \/ 30W \/ Narrow beam, 1 pc.\",\"isPartOf\":{\"@id\":\"https:\/\/iodperformance.com\/#website\"},\"primaryImageOfPage\":{\"@id\":\"https:\/\/iodperformance.com\/en\/produkt\/purelux-terrain-black-slim-spot-work-lamp-16-cm-30w-narrow-beam-1-pc\/#primaryimage\"},\"image\":{\"@id\":\"https:\/\/iodperformance.com\/en\/produkt\/purelux-terrain-black-slim-spot-work-lamp-16-cm-30w-narrow-beam-1-pc\/#primaryimage\"},\"thumbnailUrl\":\"https:\/\/iodperformance.com\/wp-content\/uploads\/2025\/05\/purelux_terrain_black_slim_spot_2.jpg\",\"datePublished\":\"2025-05-30T06:45:22+00:00\",\"dateModified\":\"2026-02-26T07:11:46+00:00\",\"breadcrumb\":{\"@id\":\"https:\/\/iodperformance.com\/en\/produkt\/purelux-terrain-black-slim-spot-work-lamp-16-cm-30w-narrow-beam-1-pc\/#breadcrumb\"},\"inLanguage\":\"en-US\",\"potentialAction\":[{\"@type\":\"ReadAction\",\"target\":[\"https:\/\/iodperformance.com\/en\/produkt\/purelux-terrain-black-slim-spot-work-lamp-16-cm-30w-narrow-beam-1-pc\/\"]}]},{\"@type\":\"ImageObject\",\"inLanguage\":\"en-US\",\"@id\":\"https:\/\/iodperformance.com\/en\/produkt\/purelux-terrain-black-slim-spot-work-lamp-16-cm-30w-narrow-beam-1-pc\/#primaryimage\",\"url\":\"https:\/\/iodperformance.com\/wp-content\/uploads\/2025\/05\/purelux_terrain_black_slim_spot_2.jpg\",\"contentUrl\":\"https:\/\/iodperformance.com\/wp-content\/uploads\/2025\/05\/purelux_terrain_black_slim_spot_2.jpg\",\"width\":2048,\"height\":2048},{\"@type\":\"BreadcrumbList\",\"@id\":\"https:\/\/iodperformance.com\/en\/produkt\/purelux-terrain-black-slim-spot-work-lamp-16-cm-30w-narrow-beam-1-pc\/#breadcrumb\",\"itemListElement\":[{\"@type\":\"ListItem\",\"position\":1,\"name\":\"Strona g\u0142\u00f3wna\",\"item\":\"https:\/\/iodperformance.com\/en\/\"},{\"@type\":\"ListItem\",\"position\":2,\"name\":\"Shop\",\"item\":\"https:\/\/iodperformance.com\/en\/shop\/\"},{\"@type\":\"ListItem\",\"position\":3,\"name\":\"Purelux Terrain Black Slim Spot work lamp - 16 cm \/ 30W \/ Narrow beam, 1 pc.\"}]},{\"@type\":\"WebSite\",\"@id\":\"https:\/\/iodperformance.com\/#website\",\"url\":\"https:\/\/iodperformance.com\/\",\"name\":\"IOD Performance\",\"description\":\"Producent cz\u0119\u015bci i akcesori\u00f3w samochodowych\",\"publisher\":{\"@id\":\"https:\/\/iodperformance.com\/#organization\"},\"potentialAction\":[{\"@type\":\"SearchAction\",\"target\":{\"@type\":\"EntryPoint\",\"urlTemplate\":\"https:\/\/iodperformance.com\/?s={search_term_string}\"},\"query-input\":{\"@type\":\"PropertyValueSpecification\",\"valueRequired\":true,\"valueName\":\"search_term_string\"}}],\"inLanguage\":\"en-US\"},{\"@type\":\"Organization\",\"@id\":\"https:\/\/iodperformance.com\/#organization\",\"name\":\"IOD Performance\",\"url\":\"https:\/\/iodperformance.com\/\",\"logo\":{\"@type\":\"ImageObject\",\"inLanguage\":\"en-US\",\"@id\":\"https:\/\/iodperformance.com\/#\/schema\/logo\/image\/\",\"url\":\"https:\/\/iodperformance.com\/wp-content\/uploads\/2025\/02\/logo_V2.png\",\"contentUrl\":\"https:\/\/iodperformance.com\/wp-content\/uploads\/2025\/02\/logo_V2.png\",\"width\":2560,\"height\":1076,\"caption\":\"IOD Performance\"},\"image\":{\"@id\":\"https:\/\/iodperformance.com\/#\/schema\/logo\/image\/\"},\"sameAs\":[\"https:\/\/www.facebook.com\/IODshopPL\/\",\"https:\/\/www.instagram.com\/iodperformance\/\",\"https:\/\/www.youtube.com\/@iodperformance\"]}]}<\/script>\n<!-- \/ Yoast SEO plugin. -->","yoast_head_json":{"title":"Purelux Terrain Black Slim Spot work lamp - 16 cm \/ 30W \/ Narrow beam, 1 pc.","robots":{"index":"index","follow":"follow","max-snippet":"max-snippet:-1","max-image-preview":"max-image-preview:large","max-video-preview":"max-video-preview:-1"},"canonical":"https:\/\/iodperformance.com\/en\/produkt\/purelux-terrain-black-slim-spot-work-lamp-16-cm-30w-narrow-beam-1-pc\/","og_locale":"en_US","og_type":"article","og_title":"Purelux Terrain Black Slim Spot work lamp - 16 cm \/ 30W \/ Narrow beam, 1 pc.","og_description":"Purelux Terrain Black Slim Spot 30W is a top-of-the-line LED work light designed for harsh conditions. The narrow-beam model works best in situations where light is needed to illuminate more than just the immediate surroundings of a vehicle or work machine. Despite its compact size, the Terrain Black Slim Spot offers an impressive 2880 lm of light output and a range of 292 m (@ 1lux), the absolute top of its size class. Thanks to its slim and exceptionally low (only 44 mm high) housing, the Terrain Black Slim works well even in tight installation spaces, and the modern, dark reflector optics ensure that the lamp's appearance matches even the most modern vehicles. A high-quality, impact- and weather-resistant aluminum housing combined with a virtually indestructible polycarbonate lens ensure that the lamp will perform in tough operating conditions despite its compact size.   Unlike traditional work lamps, the Terrain Black Slim series has a lens that is adapted to the fixture in such a way that it practically reaches the level of the fixture in front, and there is no longer a \u201cthreshold\u201d on the edges of the lens that collects snow, rain with snow, sand and dust. In addition, a new type of reflector technology has reduced the glare of the working lamp, as the LEDs are directed from the top of the lamp to the reflector. The lamp is suitable for both 12-volt and 24-volt systems. A pleasant neutral color temperature of 5700 K ensures that the level of alertness remains good, and the lighting does not tire the eyes even during extended periods of work. Mounting accessories are included. 24-month warranty.","og_url":"https:\/\/iodperformance.com\/en\/produkt\/purelux-terrain-black-slim-spot-work-lamp-16-cm-30w-narrow-beam-1-pc\/","og_site_name":"IOD Performance","article_publisher":"https:\/\/www.facebook.com\/IODshopPL\/","article_modified_time":"2026-02-26T07:11:46+00:00","og_image":[{"width":2048,"height":2048,"url":"https:\/\/iodperformance.com\/wp-content\/uploads\/2025\/05\/purelux_terrain_black_slim_spot_2.jpg","type":"image\/jpeg"}],"twitter_card":"summary_large_image","twitter_misc":{"Est. reading time":"1 minute"},"schema":{"@context":"https:\/\/schema.org","@graph":[{"@type":"WebPage","@id":"https:\/\/iodperformance.com\/en\/produkt\/purelux-terrain-black-slim-spot-work-lamp-16-cm-30w-narrow-beam-1-pc\/","url":"https:\/\/iodperformance.com\/en\/produkt\/purelux-terrain-black-slim-spot-work-lamp-16-cm-30w-narrow-beam-1-pc\/","name":"Purelux Terrain Black Slim Spot work lamp - 16 cm \/ 30W \/ Narrow beam, 1 pc.","isPartOf":{"@id":"https:\/\/iodperformance.com\/#website"},"primaryImageOfPage":{"@id":"https:\/\/iodperformance.com\/en\/produkt\/purelux-terrain-black-slim-spot-work-lamp-16-cm-30w-narrow-beam-1-pc\/#primaryimage"},"image":{"@id":"https:\/\/iodperformance.com\/en\/produkt\/purelux-terrain-black-slim-spot-work-lamp-16-cm-30w-narrow-beam-1-pc\/#primaryimage"},"thumbnailUrl":"https:\/\/iodperformance.com\/wp-content\/uploads\/2025\/05\/purelux_terrain_black_slim_spot_2.jpg","datePublished":"2025-05-30T06:45:22+00:00","dateModified":"2026-02-26T07:11:46+00:00","breadcrumb":{"@id":"https:\/\/iodperformance.com\/en\/produkt\/purelux-terrain-black-slim-spot-work-lamp-16-cm-30w-narrow-beam-1-pc\/#breadcrumb"},"inLanguage":"en-US","potentialAction":[{"@type":"ReadAction","target":["https:\/\/iodperformance.com\/en\/produkt\/purelux-terrain-black-slim-spot-work-lamp-16-cm-30w-narrow-beam-1-pc\/"]}]},{"@type":"ImageObject","inLanguage":"en-US","@id":"https:\/\/iodperformance.com\/en\/produkt\/purelux-terrain-black-slim-spot-work-lamp-16-cm-30w-narrow-beam-1-pc\/#primaryimage","url":"https:\/\/iodperformance.com\/wp-content\/uploads\/2025\/05\/purelux_terrain_black_slim_spot_2.jpg","contentUrl":"https:\/\/iodperformance.com\/wp-content\/uploads\/2025\/05\/purelux_terrain_black_slim_spot_2.jpg","width":2048,"height":2048},{"@type":"BreadcrumbList","@id":"https:\/\/iodperformance.com\/en\/produkt\/purelux-terrain-black-slim-spot-work-lamp-16-cm-30w-narrow-beam-1-pc\/#breadcrumb","itemListElement":[{"@type":"ListItem","position":1,"name":"Strona g\u0142\u00f3wna","item":"https:\/\/iodperformance.com\/en\/"},{"@type":"ListItem","position":2,"name":"Shop","item":"https:\/\/iodperformance.com\/en\/shop\/"},{"@type":"ListItem","position":3,"name":"Purelux Terrain Black Slim Spot work lamp - 16 cm \/ 30W \/ Narrow beam, 1 pc."}]},{"@type":"WebSite","@id":"https:\/\/iodperformance.com\/#website","url":"https:\/\/iodperformance.com\/","name":"IOD Performance","description":"Producent cz\u0119\u015bci i akcesori\u00f3w samochodowych","publisher":{"@id":"https:\/\/iodperformance.com\/#organization"},"potentialAction":[{"@type":"SearchAction","target":{"@type":"EntryPoint","urlTemplate":"https:\/\/iodperformance.com\/?s={search_term_string}"},"query-input":{"@type":"PropertyValueSpecification","valueRequired":true,"valueName":"search_term_string"}}],"inLanguage":"en-US"},{"@type":"Organization","@id":"https:\/\/iodperformance.com\/#organization","name":"IOD Performance","url":"https:\/\/iodperformance.com\/","logo":{"@type":"ImageObject","inLanguage":"en-US","@id":"https:\/\/iodperformance.com\/#\/schema\/logo\/image\/","url":"https:\/\/iodperformance.com\/wp-content\/uploads\/2025\/02\/logo_V2.png","contentUrl":"https:\/\/iodperformance.com\/wp-content\/uploads\/2025\/02\/logo_V2.png","width":2560,"height":1076,"caption":"IOD Performance"},"image":{"@id":"https:\/\/iodperformance.com\/#\/schema\/logo\/image\/"},"sameAs":["https:\/\/www.facebook.com\/IODshopPL\/","https:\/\/www.instagram.com\/iodperformance\/","https:\/\/www.youtube.com\/@iodperformance"]}]}},"_links":{"self":[{"href":"https:\/\/iodperformance.com\/en\/wp-json\/wp\/v2\/product\/14325","targetHints":{"allow":["GET"]}}],"collection":[{"href":"https:\/\/iodperformance.com\/en\/wp-json\/wp\/v2\/product"}],"about":[{"href":"https:\/\/iodperformance.com\/en\/wp-json\/wp\/v2\/types\/product"}],"version-history":[{"count":0,"href":"https:\/\/iodperformance.com\/en\/wp-json\/wp\/v2\/product\/14325\/revisions"}],"wp:featuredmedia":[{"embeddable":true,"href":"https:\/\/iodperformance.com\/en\/wp-json\/wp\/v2\/media\/12220"}],"wp:attachment":[{"href":"https:\/\/iodperformance.com\/en\/wp-json\/wp\/v2\/media?parent=14325"}],"wp:term":[{"taxonomy":"product_brand","embeddable":true,"href":"https:\/\/iodperformance.com\/en\/wp-json\/wp\/v2\/product_brand?post=14325"},{"taxonomy":"product_cat","embeddable":true,"href":"https:\/\/iodperformance.com\/en\/wp-json\/wp\/v2\/product_cat?post=14325"},{"taxonomy":"product_tag","embeddable":true,"href":"https:\/\/iodperformance.com\/en\/wp-json\/wp\/v2\/product_tag?post=14325"}],"curies":[{"name":"wp","href":"https:\/\/api.w.org\/{rel}","templated":true}]}}