{"id":11550,"date":"2025-05-15T08:46:56","date_gmt":"2025-05-15T06:46:56","guid":{"rendered":"https:\/\/iodperformance.com\/produkt\/canopy-awning-in-black-aluminum-housing-arb-2-m-x-2-5-m-with-led-lighting\/"},"modified":"2026-02-26T08:08:45","modified_gmt":"2026-02-26T07:08:45","slug":"canopy-awning-in-black-aluminum-housing-arb-2-m-x-2-5-m-with-led-lighting","status":"publish","type":"product","link":"https:\/\/iodperformance.com\/en\/produkt\/canopy-awning-in-black-aluminum-housing-arb-2-m-x-2-5-m-with-led-lighting\/","title":{"rendered":"Canopy, awning in black aluminum housing, ARB 2 m x 2.5 m, with LED lighting"},"content":{"rendered":"<p>It is possible to buy separately, a suspended tent with walls and floor, side walls alone, a front wall or a mosquito net.<\/p>\n<p>Possibility to buy separately mounting brackets or special mounts, so called QUICK RELASE brackets, allowing quick installation to the roof rack and removal of the roller blind when not needed.<br \/>\nLighting: yes, led strip, 12V from the cigarette lighter socket with controller and change of light intensity and color <\/p>\n<p>Length: 200 cm (car mounting side)<\/p>\n<p>Width: 250 cm (from the car)<\/p>\n<p>Housing: aluminum, powder coated black<\/p>\n<p>Hole spacing in the mounting strip: 47 mm (center of holes)<\/p>\n<p>Mounting: M6 T-bolts<\/p>\n<p>Cover: yes, aluminum case in black color<\/p>\n<p>Canopy material: PU coated 300gsm poly\/cotton rip stop canvas.<\/p>\n<p>Waterproof: yes<\/p>\n","protected":false},"excerpt":{"rendered":"<p>The latest version (2023) of ARB Australian company&#8217;s 2 x 2.5 meter canopy in aluminum housing in black with ARB LED lighting included.<\/p>\n<p>The ARB awning is an easy and quick installation to most roof racks &#8211; the awning has a system of special guides on the back side, allowing you to adjust the spacing to the width during installation.<\/p>\n<p>The ARB canopy does not come with mounting brackets, which must be purchased separately depending on the mounting method and rack.<\/p>\n<p>ARB roller shutter fixed with 6 M6 screws inserted into the integrated aluminum profile.<\/p>\n<p>Installed LED lighting system, it has the ability to change the color of the light to white or yellow and adjust the brightness level. It is powered from a 12V cigarette lighter socket. <\/p>\n","protected":false},"featured_media":10765,"template":"","meta":[],"product_brand":[344],"product_cat":[405],"product_tag":[426],"class_list":{"0":"post-11550","1":"product","2":"type-product","3":"status-publish","4":"has-post-thumbnail","6":"product_brand-arb-en","7":"product_cat-awnings","8":"product_tag-arb-en","10":"first","11":"instock","12":"taxable","13":"shipping-taxable","14":"purchasable","15":"product-type-simple"},"bundled_by":[],"bundle_stock_status":"instock","bundle_stock_quantity":null,"bundle_virtual":false,"bundle_layout":"","bundle_add_to_cart_form_location":"","bundle_editable_in_cart":false,"bundle_sold_individually_context":"","bundle_item_grouping":"","bundle_min_size":"","bundle_max_size":"","bundle_price":[],"bundled_items":[],"bundle_sell_ids":[],"yoast_head":"<!-- This site is optimized with the Yoast SEO plugin v27.2 - https:\/\/yoast.com\/product\/yoast-seo-wordpress\/ -->\n<title>Canopy, awning in black aluminum housing, ARB 2 m x 2.5 m, with LED lighting<\/title>\n<meta name=\"robots\" content=\"index, follow, max-snippet:-1, max-image-preview:large, max-video-preview:-1\" \/>\n<link rel=\"canonical\" href=\"https:\/\/iodperformance.com\/en\/produkt\/canopy-awning-in-black-aluminum-housing-arb-2-m-x-2-5-m-with-led-lighting\/\" \/>\n<meta property=\"og:locale\" content=\"en_US\" \/>\n<meta property=\"og:type\" content=\"article\" \/>\n<meta property=\"og:title\" content=\"Canopy, awning in black aluminum housing, ARB 2 m x 2.5 m, with LED lighting\" \/>\n<meta property=\"og:description\" content=\"The latest version (2023) of ARB Australian company&#039;s 2 x 2.5 meter canopy in aluminum housing in black with ARB LED lighting included. The ARB awning is an easy and quick installation to most roof racks - the awning has a system of special guides on the back side, allowing you to adjust the spacing to the width during installation. The ARB canopy does not come with mounting brackets, which must be purchased separately depending on the mounting method and rack. ARB roller shutter fixed with 6 M6 screws inserted into the integrated aluminum profile. Installed LED lighting system, it has the ability to change the color of the light to white or yellow and adjust the brightness level. It is powered from a 12V cigarette lighter socket.\" \/>\n<meta property=\"og:url\" content=\"https:\/\/iodperformance.com\/en\/produkt\/canopy-awning-in-black-aluminum-housing-arb-2-m-x-2-5-m-with-led-lighting\/\" \/>\n<meta property=\"og:site_name\" content=\"IOD Performance\" \/>\n<meta property=\"article:publisher\" content=\"https:\/\/www.facebook.com\/IODshopPL\/\" \/>\n<meta property=\"article:modified_time\" content=\"2026-02-26T07:08:45+00:00\" \/>\n<meta property=\"og:image\" content=\"https:\/\/iodperformance.com\/wp-content\/uploads\/2025\/05\/image-49.png\" \/>\n\t<meta property=\"og:image:width\" content=\"1074\" \/>\n\t<meta property=\"og:image:height\" content=\"605\" \/>\n\t<meta property=\"og:image:type\" content=\"image\/png\" \/>\n<meta name=\"twitter:card\" content=\"summary_large_image\" \/>\n<meta name=\"twitter:label1\" content=\"Est. reading time\" \/>\n\t<meta name=\"twitter:data1\" content=\"1 minute\" \/>\n<script type=\"application\/ld+json\" class=\"yoast-schema-graph\">{\"@context\":\"https:\/\/schema.org\",\"@graph\":[{\"@type\":\"WebPage\",\"@id\":\"https:\/\/iodperformance.com\/en\/produkt\/canopy-awning-in-black-aluminum-housing-arb-2-m-x-2-5-m-with-led-lighting\/\",\"url\":\"https:\/\/iodperformance.com\/en\/produkt\/canopy-awning-in-black-aluminum-housing-arb-2-m-x-2-5-m-with-led-lighting\/\",\"name\":\"Canopy, awning in black aluminum housing, ARB 2 m x 2.5 m, with LED lighting\",\"isPartOf\":{\"@id\":\"https:\/\/iodperformance.com\/#website\"},\"primaryImageOfPage\":{\"@id\":\"https:\/\/iodperformance.com\/en\/produkt\/canopy-awning-in-black-aluminum-housing-arb-2-m-x-2-5-m-with-led-lighting\/#primaryimage\"},\"image\":{\"@id\":\"https:\/\/iodperformance.com\/en\/produkt\/canopy-awning-in-black-aluminum-housing-arb-2-m-x-2-5-m-with-led-lighting\/#primaryimage\"},\"thumbnailUrl\":\"https:\/\/iodperformance.com\/wp-content\/uploads\/2025\/05\/image-49.png\",\"datePublished\":\"2025-05-15T06:46:56+00:00\",\"dateModified\":\"2026-02-26T07:08:45+00:00\",\"breadcrumb\":{\"@id\":\"https:\/\/iodperformance.com\/en\/produkt\/canopy-awning-in-black-aluminum-housing-arb-2-m-x-2-5-m-with-led-lighting\/#breadcrumb\"},\"inLanguage\":\"en-US\",\"potentialAction\":[{\"@type\":\"ReadAction\",\"target\":[\"https:\/\/iodperformance.com\/en\/produkt\/canopy-awning-in-black-aluminum-housing-arb-2-m-x-2-5-m-with-led-lighting\/\"]}]},{\"@type\":\"ImageObject\",\"inLanguage\":\"en-US\",\"@id\":\"https:\/\/iodperformance.com\/en\/produkt\/canopy-awning-in-black-aluminum-housing-arb-2-m-x-2-5-m-with-led-lighting\/#primaryimage\",\"url\":\"https:\/\/iodperformance.com\/wp-content\/uploads\/2025\/05\/image-49.png\",\"contentUrl\":\"https:\/\/iodperformance.com\/wp-content\/uploads\/2025\/05\/image-49.png\",\"width\":1074,\"height\":605},{\"@type\":\"BreadcrumbList\",\"@id\":\"https:\/\/iodperformance.com\/en\/produkt\/canopy-awning-in-black-aluminum-housing-arb-2-m-x-2-5-m-with-led-lighting\/#breadcrumb\",\"itemListElement\":[{\"@type\":\"ListItem\",\"position\":1,\"name\":\"Strona g\u0142\u00f3wna\",\"item\":\"https:\/\/iodperformance.com\/en\/\"},{\"@type\":\"ListItem\",\"position\":2,\"name\":\"Shop\",\"item\":\"https:\/\/iodperformance.com\/en\/shop\/\"},{\"@type\":\"ListItem\",\"position\":3,\"name\":\"Canopy, awning in black aluminum housing, ARB 2 m x 2.5 m, with LED lighting\"}]},{\"@type\":\"WebSite\",\"@id\":\"https:\/\/iodperformance.com\/#website\",\"url\":\"https:\/\/iodperformance.com\/\",\"name\":\"IOD Performance\",\"description\":\"Producent cz\u0119\u015bci i akcesori\u00f3w samochodowych\",\"publisher\":{\"@id\":\"https:\/\/iodperformance.com\/#organization\"},\"potentialAction\":[{\"@type\":\"SearchAction\",\"target\":{\"@type\":\"EntryPoint\",\"urlTemplate\":\"https:\/\/iodperformance.com\/?s={search_term_string}\"},\"query-input\":{\"@type\":\"PropertyValueSpecification\",\"valueRequired\":true,\"valueName\":\"search_term_string\"}}],\"inLanguage\":\"en-US\"},{\"@type\":\"Organization\",\"@id\":\"https:\/\/iodperformance.com\/#organization\",\"name\":\"IOD Performance\",\"url\":\"https:\/\/iodperformance.com\/\",\"logo\":{\"@type\":\"ImageObject\",\"inLanguage\":\"en-US\",\"@id\":\"https:\/\/iodperformance.com\/#\/schema\/logo\/image\/\",\"url\":\"https:\/\/iodperformance.com\/wp-content\/uploads\/2025\/02\/logo_V2.png\",\"contentUrl\":\"https:\/\/iodperformance.com\/wp-content\/uploads\/2025\/02\/logo_V2.png\",\"width\":2560,\"height\":1076,\"caption\":\"IOD Performance\"},\"image\":{\"@id\":\"https:\/\/iodperformance.com\/#\/schema\/logo\/image\/\"},\"sameAs\":[\"https:\/\/www.facebook.com\/IODshopPL\/\",\"https:\/\/www.instagram.com\/iodperformance\/\",\"https:\/\/www.youtube.com\/@iodperformance\"]}]}<\/script>\n<!-- \/ Yoast SEO plugin. -->","yoast_head_json":{"title":"Canopy, awning in black aluminum housing, ARB 2 m x 2.5 m, with LED lighting","robots":{"index":"index","follow":"follow","max-snippet":"max-snippet:-1","max-image-preview":"max-image-preview:large","max-video-preview":"max-video-preview:-1"},"canonical":"https:\/\/iodperformance.com\/en\/produkt\/canopy-awning-in-black-aluminum-housing-arb-2-m-x-2-5-m-with-led-lighting\/","og_locale":"en_US","og_type":"article","og_title":"Canopy, awning in black aluminum housing, ARB 2 m x 2.5 m, with LED lighting","og_description":"The latest version (2023) of ARB Australian company's 2 x 2.5 meter canopy in aluminum housing in black with ARB LED lighting included. The ARB awning is an easy and quick installation to most roof racks - the awning has a system of special guides on the back side, allowing you to adjust the spacing to the width during installation. The ARB canopy does not come with mounting brackets, which must be purchased separately depending on the mounting method and rack. ARB roller shutter fixed with 6 M6 screws inserted into the integrated aluminum profile. Installed LED lighting system, it has the ability to change the color of the light to white or yellow and adjust the brightness level. It is powered from a 12V cigarette lighter socket.","og_url":"https:\/\/iodperformance.com\/en\/produkt\/canopy-awning-in-black-aluminum-housing-arb-2-m-x-2-5-m-with-led-lighting\/","og_site_name":"IOD Performance","article_publisher":"https:\/\/www.facebook.com\/IODshopPL\/","article_modified_time":"2026-02-26T07:08:45+00:00","og_image":[{"width":1074,"height":605,"url":"https:\/\/iodperformance.com\/wp-content\/uploads\/2025\/05\/image-49.png","type":"image\/png"}],"twitter_card":"summary_large_image","twitter_misc":{"Est. reading time":"1 minute"},"schema":{"@context":"https:\/\/schema.org","@graph":[{"@type":"WebPage","@id":"https:\/\/iodperformance.com\/en\/produkt\/canopy-awning-in-black-aluminum-housing-arb-2-m-x-2-5-m-with-led-lighting\/","url":"https:\/\/iodperformance.com\/en\/produkt\/canopy-awning-in-black-aluminum-housing-arb-2-m-x-2-5-m-with-led-lighting\/","name":"Canopy, awning in black aluminum housing, ARB 2 m x 2.5 m, with LED lighting","isPartOf":{"@id":"https:\/\/iodperformance.com\/#website"},"primaryImageOfPage":{"@id":"https:\/\/iodperformance.com\/en\/produkt\/canopy-awning-in-black-aluminum-housing-arb-2-m-x-2-5-m-with-led-lighting\/#primaryimage"},"image":{"@id":"https:\/\/iodperformance.com\/en\/produkt\/canopy-awning-in-black-aluminum-housing-arb-2-m-x-2-5-m-with-led-lighting\/#primaryimage"},"thumbnailUrl":"https:\/\/iodperformance.com\/wp-content\/uploads\/2025\/05\/image-49.png","datePublished":"2025-05-15T06:46:56+00:00","dateModified":"2026-02-26T07:08:45+00:00","breadcrumb":{"@id":"https:\/\/iodperformance.com\/en\/produkt\/canopy-awning-in-black-aluminum-housing-arb-2-m-x-2-5-m-with-led-lighting\/#breadcrumb"},"inLanguage":"en-US","potentialAction":[{"@type":"ReadAction","target":["https:\/\/iodperformance.com\/en\/produkt\/canopy-awning-in-black-aluminum-housing-arb-2-m-x-2-5-m-with-led-lighting\/"]}]},{"@type":"ImageObject","inLanguage":"en-US","@id":"https:\/\/iodperformance.com\/en\/produkt\/canopy-awning-in-black-aluminum-housing-arb-2-m-x-2-5-m-with-led-lighting\/#primaryimage","url":"https:\/\/iodperformance.com\/wp-content\/uploads\/2025\/05\/image-49.png","contentUrl":"https:\/\/iodperformance.com\/wp-content\/uploads\/2025\/05\/image-49.png","width":1074,"height":605},{"@type":"BreadcrumbList","@id":"https:\/\/iodperformance.com\/en\/produkt\/canopy-awning-in-black-aluminum-housing-arb-2-m-x-2-5-m-with-led-lighting\/#breadcrumb","itemListElement":[{"@type":"ListItem","position":1,"name":"Strona g\u0142\u00f3wna","item":"https:\/\/iodperformance.com\/en\/"},{"@type":"ListItem","position":2,"name":"Shop","item":"https:\/\/iodperformance.com\/en\/shop\/"},{"@type":"ListItem","position":3,"name":"Canopy, awning in black aluminum housing, ARB 2 m x 2.5 m, with LED lighting"}]},{"@type":"WebSite","@id":"https:\/\/iodperformance.com\/#website","url":"https:\/\/iodperformance.com\/","name":"IOD Performance","description":"Producent cz\u0119\u015bci i akcesori\u00f3w samochodowych","publisher":{"@id":"https:\/\/iodperformance.com\/#organization"},"potentialAction":[{"@type":"SearchAction","target":{"@type":"EntryPoint","urlTemplate":"https:\/\/iodperformance.com\/?s={search_term_string}"},"query-input":{"@type":"PropertyValueSpecification","valueRequired":true,"valueName":"search_term_string"}}],"inLanguage":"en-US"},{"@type":"Organization","@id":"https:\/\/iodperformance.com\/#organization","name":"IOD Performance","url":"https:\/\/iodperformance.com\/","logo":{"@type":"ImageObject","inLanguage":"en-US","@id":"https:\/\/iodperformance.com\/#\/schema\/logo\/image\/","url":"https:\/\/iodperformance.com\/wp-content\/uploads\/2025\/02\/logo_V2.png","contentUrl":"https:\/\/iodperformance.com\/wp-content\/uploads\/2025\/02\/logo_V2.png","width":2560,"height":1076,"caption":"IOD Performance"},"image":{"@id":"https:\/\/iodperformance.com\/#\/schema\/logo\/image\/"},"sameAs":["https:\/\/www.facebook.com\/IODshopPL\/","https:\/\/www.instagram.com\/iodperformance\/","https:\/\/www.youtube.com\/@iodperformance"]}]}},"_links":{"self":[{"href":"https:\/\/iodperformance.com\/en\/wp-json\/wp\/v2\/product\/11550","targetHints":{"allow":["GET"]}}],"collection":[{"href":"https:\/\/iodperformance.com\/en\/wp-json\/wp\/v2\/product"}],"about":[{"href":"https:\/\/iodperformance.com\/en\/wp-json\/wp\/v2\/types\/product"}],"version-history":[{"count":0,"href":"https:\/\/iodperformance.com\/en\/wp-json\/wp\/v2\/product\/11550\/revisions"}],"wp:featuredmedia":[{"embeddable":true,"href":"https:\/\/iodperformance.com\/en\/wp-json\/wp\/v2\/media\/10765"}],"wp:attachment":[{"href":"https:\/\/iodperformance.com\/en\/wp-json\/wp\/v2\/media?parent=11550"}],"wp:term":[{"taxonomy":"product_brand","embeddable":true,"href":"https:\/\/iodperformance.com\/en\/wp-json\/wp\/v2\/product_brand?post=11550"},{"taxonomy":"product_cat","embeddable":true,"href":"https:\/\/iodperformance.com\/en\/wp-json\/wp\/v2\/product_cat?post=11550"},{"taxonomy":"product_tag","embeddable":true,"href":"https:\/\/iodperformance.com\/en\/wp-json\/wp\/v2\/product_tag?post=11550"}],"curies":[{"name":"wp","href":"https:\/\/api.w.org\/{rel}","templated":true}]}}