{"id":11476,"date":"2025-05-16T10:36:22","date_gmt":"2025-05-16T08:36:22","guid":{"rendered":"https:\/\/iodperformance.com\/produkt\/arb-solis-lamp-cover-amber\/"},"modified":"2026-02-26T08:09:04","modified_gmt":"2026-02-26T07:09:04","slug":"arb-solis-lamp-cover-amber","status":"publish","type":"product","link":"https:\/\/iodperformance.com\/en\/produkt\/arb-solis-lamp-cover-amber\/","title":{"rendered":"ARB Solis lamp cover &#8211; amber"},"content":{"rendered":"","protected":false},"excerpt":{"rendered":"<p>A top quality premium product at an affordable price, the ARB Intensity Solis amber lamp cover &#8211; lamp protection at its finest along with the beautifully designed Intensity Solis series lettering will give your lamps unique style and functionality, you can find the lamps and the rest of the ARB Intensity Solis products at this: link<\/p>\n<p>Set includes:<\/p>\n<p>ARB Intensity Solis amber colored lamp cover<\/p>\n","protected":false},"featured_media":11459,"template":"","meta":[],"product_brand":[344],"product_cat":[495],"product_tag":[426],"class_list":{"0":"post-11476","1":"product","2":"type-product","3":"status-publish","4":"has-post-thumbnail","6":"product_brand-arb-en","7":"product_cat-covers-and-mounts","8":"product_tag-arb-en","10":"first","11":"instock","12":"taxable","13":"shipping-taxable","14":"purchasable","15":"product-type-simple"},"bundled_by":[],"bundle_stock_status":"instock","bundle_stock_quantity":null,"bundle_virtual":false,"bundle_layout":"","bundle_add_to_cart_form_location":"","bundle_editable_in_cart":false,"bundle_sold_individually_context":"","bundle_item_grouping":"","bundle_min_size":"","bundle_max_size":"","bundle_price":[],"bundled_items":[],"bundle_sell_ids":[],"yoast_head":"<!-- This site is optimized with the Yoast SEO plugin v27.2 - https:\/\/yoast.com\/product\/yoast-seo-wordpress\/ -->\n<title>ARB Solis lamp cover - amber<\/title>\n<meta name=\"robots\" content=\"index, follow, max-snippet:-1, max-image-preview:large, max-video-preview:-1\" \/>\n<link rel=\"canonical\" href=\"https:\/\/iodperformance.com\/en\/produkt\/arb-solis-lamp-cover-amber\/\" \/>\n<meta property=\"og:locale\" content=\"en_US\" \/>\n<meta property=\"og:type\" content=\"article\" \/>\n<meta property=\"og:title\" content=\"ARB Solis lamp cover - amber\" \/>\n<meta property=\"og:description\" content=\"A top quality premium product at an affordable price, the ARB Intensity Solis amber lamp cover - lamp protection at its finest along with the beautifully designed Intensity Solis series lettering will give your lamps unique style and functionality, you can find the lamps and the rest of the ARB Intensity Solis products at this: link Set includes: ARB Intensity Solis amber colored lamp cover\" \/>\n<meta property=\"og:url\" content=\"https:\/\/iodperformance.com\/en\/produkt\/arb-solis-lamp-cover-amber\/\" \/>\n<meta property=\"og:site_name\" content=\"IOD Performance\" \/>\n<meta property=\"article:publisher\" content=\"https:\/\/www.facebook.com\/IODshopPL\/\" \/>\n<meta property=\"article:modified_time\" content=\"2026-02-26T07:09:04+00:00\" \/>\n<meta property=\"og:image\" content=\"https:\/\/iodperformance.com\/wp-content\/uploads\/2025\/05\/image-675.jpeg\" \/>\n\t<meta property=\"og:image:width\" content=\"1500\" \/>\n\t<meta property=\"og:image:height\" content=\"1500\" \/>\n\t<meta property=\"og:image:type\" content=\"image\/jpeg\" \/>\n<meta name=\"twitter:card\" content=\"summary_large_image\" \/>\n<script type=\"application\/ld+json\" class=\"yoast-schema-graph\">{\"@context\":\"https:\/\/schema.org\",\"@graph\":[{\"@type\":\"WebPage\",\"@id\":\"https:\/\/iodperformance.com\/en\/produkt\/arb-solis-lamp-cover-amber\/\",\"url\":\"https:\/\/iodperformance.com\/en\/produkt\/arb-solis-lamp-cover-amber\/\",\"name\":\"ARB Solis lamp cover - amber\",\"isPartOf\":{\"@id\":\"https:\/\/iodperformance.com\/#website\"},\"primaryImageOfPage\":{\"@id\":\"https:\/\/iodperformance.com\/en\/produkt\/arb-solis-lamp-cover-amber\/#primaryimage\"},\"image\":{\"@id\":\"https:\/\/iodperformance.com\/en\/produkt\/arb-solis-lamp-cover-amber\/#primaryimage\"},\"thumbnailUrl\":\"https:\/\/iodperformance.com\/wp-content\/uploads\/2025\/05\/image-675.jpeg\",\"datePublished\":\"2025-05-16T08:36:22+00:00\",\"dateModified\":\"2026-02-26T07:09:04+00:00\",\"breadcrumb\":{\"@id\":\"https:\/\/iodperformance.com\/en\/produkt\/arb-solis-lamp-cover-amber\/#breadcrumb\"},\"inLanguage\":\"en-US\",\"potentialAction\":[{\"@type\":\"ReadAction\",\"target\":[\"https:\/\/iodperformance.com\/en\/produkt\/arb-solis-lamp-cover-amber\/\"]}]},{\"@type\":\"ImageObject\",\"inLanguage\":\"en-US\",\"@id\":\"https:\/\/iodperformance.com\/en\/produkt\/arb-solis-lamp-cover-amber\/#primaryimage\",\"url\":\"https:\/\/iodperformance.com\/wp-content\/uploads\/2025\/05\/image-675.jpeg\",\"contentUrl\":\"https:\/\/iodperformance.com\/wp-content\/uploads\/2025\/05\/image-675.jpeg\",\"width\":1500,\"height\":1500},{\"@type\":\"BreadcrumbList\",\"@id\":\"https:\/\/iodperformance.com\/en\/produkt\/arb-solis-lamp-cover-amber\/#breadcrumb\",\"itemListElement\":[{\"@type\":\"ListItem\",\"position\":1,\"name\":\"Strona g\u0142\u00f3wna\",\"item\":\"https:\/\/iodperformance.com\/en\/\"},{\"@type\":\"ListItem\",\"position\":2,\"name\":\"Shop\",\"item\":\"https:\/\/iodperformance.com\/en\/shop\/\"},{\"@type\":\"ListItem\",\"position\":3,\"name\":\"ARB Solis lamp cover - amber\"}]},{\"@type\":\"WebSite\",\"@id\":\"https:\/\/iodperformance.com\/#website\",\"url\":\"https:\/\/iodperformance.com\/\",\"name\":\"IOD Performance\",\"description\":\"Producent cz\u0119\u015bci i akcesori\u00f3w samochodowych\",\"publisher\":{\"@id\":\"https:\/\/iodperformance.com\/#organization\"},\"potentialAction\":[{\"@type\":\"SearchAction\",\"target\":{\"@type\":\"EntryPoint\",\"urlTemplate\":\"https:\/\/iodperformance.com\/?s={search_term_string}\"},\"query-input\":{\"@type\":\"PropertyValueSpecification\",\"valueRequired\":true,\"valueName\":\"search_term_string\"}}],\"inLanguage\":\"en-US\"},{\"@type\":\"Organization\",\"@id\":\"https:\/\/iodperformance.com\/#organization\",\"name\":\"IOD Performance\",\"url\":\"https:\/\/iodperformance.com\/\",\"logo\":{\"@type\":\"ImageObject\",\"inLanguage\":\"en-US\",\"@id\":\"https:\/\/iodperformance.com\/#\/schema\/logo\/image\/\",\"url\":\"https:\/\/iodperformance.com\/wp-content\/uploads\/2025\/02\/logo_V2.png\",\"contentUrl\":\"https:\/\/iodperformance.com\/wp-content\/uploads\/2025\/02\/logo_V2.png\",\"width\":2560,\"height\":1076,\"caption\":\"IOD Performance\"},\"image\":{\"@id\":\"https:\/\/iodperformance.com\/#\/schema\/logo\/image\/\"},\"sameAs\":[\"https:\/\/www.facebook.com\/IODshopPL\/\",\"https:\/\/www.instagram.com\/iodperformance\/\",\"https:\/\/www.youtube.com\/@iodperformance\"]}]}<\/script>\n<!-- \/ Yoast SEO plugin. -->","yoast_head_json":{"title":"ARB Solis lamp cover - amber","robots":{"index":"index","follow":"follow","max-snippet":"max-snippet:-1","max-image-preview":"max-image-preview:large","max-video-preview":"max-video-preview:-1"},"canonical":"https:\/\/iodperformance.com\/en\/produkt\/arb-solis-lamp-cover-amber\/","og_locale":"en_US","og_type":"article","og_title":"ARB Solis lamp cover - amber","og_description":"A top quality premium product at an affordable price, the ARB Intensity Solis amber lamp cover - lamp protection at its finest along with the beautifully designed Intensity Solis series lettering will give your lamps unique style and functionality, you can find the lamps and the rest of the ARB Intensity Solis products at this: link Set includes: ARB Intensity Solis amber colored lamp cover","og_url":"https:\/\/iodperformance.com\/en\/produkt\/arb-solis-lamp-cover-amber\/","og_site_name":"IOD Performance","article_publisher":"https:\/\/www.facebook.com\/IODshopPL\/","article_modified_time":"2026-02-26T07:09:04+00:00","og_image":[{"width":1500,"height":1500,"url":"https:\/\/iodperformance.com\/wp-content\/uploads\/2025\/05\/image-675.jpeg","type":"image\/jpeg"}],"twitter_card":"summary_large_image","schema":{"@context":"https:\/\/schema.org","@graph":[{"@type":"WebPage","@id":"https:\/\/iodperformance.com\/en\/produkt\/arb-solis-lamp-cover-amber\/","url":"https:\/\/iodperformance.com\/en\/produkt\/arb-solis-lamp-cover-amber\/","name":"ARB Solis lamp cover - amber","isPartOf":{"@id":"https:\/\/iodperformance.com\/#website"},"primaryImageOfPage":{"@id":"https:\/\/iodperformance.com\/en\/produkt\/arb-solis-lamp-cover-amber\/#primaryimage"},"image":{"@id":"https:\/\/iodperformance.com\/en\/produkt\/arb-solis-lamp-cover-amber\/#primaryimage"},"thumbnailUrl":"https:\/\/iodperformance.com\/wp-content\/uploads\/2025\/05\/image-675.jpeg","datePublished":"2025-05-16T08:36:22+00:00","dateModified":"2026-02-26T07:09:04+00:00","breadcrumb":{"@id":"https:\/\/iodperformance.com\/en\/produkt\/arb-solis-lamp-cover-amber\/#breadcrumb"},"inLanguage":"en-US","potentialAction":[{"@type":"ReadAction","target":["https:\/\/iodperformance.com\/en\/produkt\/arb-solis-lamp-cover-amber\/"]}]},{"@type":"ImageObject","inLanguage":"en-US","@id":"https:\/\/iodperformance.com\/en\/produkt\/arb-solis-lamp-cover-amber\/#primaryimage","url":"https:\/\/iodperformance.com\/wp-content\/uploads\/2025\/05\/image-675.jpeg","contentUrl":"https:\/\/iodperformance.com\/wp-content\/uploads\/2025\/05\/image-675.jpeg","width":1500,"height":1500},{"@type":"BreadcrumbList","@id":"https:\/\/iodperformance.com\/en\/produkt\/arb-solis-lamp-cover-amber\/#breadcrumb","itemListElement":[{"@type":"ListItem","position":1,"name":"Strona g\u0142\u00f3wna","item":"https:\/\/iodperformance.com\/en\/"},{"@type":"ListItem","position":2,"name":"Shop","item":"https:\/\/iodperformance.com\/en\/shop\/"},{"@type":"ListItem","position":3,"name":"ARB Solis lamp cover - amber"}]},{"@type":"WebSite","@id":"https:\/\/iodperformance.com\/#website","url":"https:\/\/iodperformance.com\/","name":"IOD Performance","description":"Producent cz\u0119\u015bci i akcesori\u00f3w samochodowych","publisher":{"@id":"https:\/\/iodperformance.com\/#organization"},"potentialAction":[{"@type":"SearchAction","target":{"@type":"EntryPoint","urlTemplate":"https:\/\/iodperformance.com\/?s={search_term_string}"},"query-input":{"@type":"PropertyValueSpecification","valueRequired":true,"valueName":"search_term_string"}}],"inLanguage":"en-US"},{"@type":"Organization","@id":"https:\/\/iodperformance.com\/#organization","name":"IOD Performance","url":"https:\/\/iodperformance.com\/","logo":{"@type":"ImageObject","inLanguage":"en-US","@id":"https:\/\/iodperformance.com\/#\/schema\/logo\/image\/","url":"https:\/\/iodperformance.com\/wp-content\/uploads\/2025\/02\/logo_V2.png","contentUrl":"https:\/\/iodperformance.com\/wp-content\/uploads\/2025\/02\/logo_V2.png","width":2560,"height":1076,"caption":"IOD Performance"},"image":{"@id":"https:\/\/iodperformance.com\/#\/schema\/logo\/image\/"},"sameAs":["https:\/\/www.facebook.com\/IODshopPL\/","https:\/\/www.instagram.com\/iodperformance\/","https:\/\/www.youtube.com\/@iodperformance"]}]}},"_links":{"self":[{"href":"https:\/\/iodperformance.com\/en\/wp-json\/wp\/v2\/product\/11476","targetHints":{"allow":["GET"]}}],"collection":[{"href":"https:\/\/iodperformance.com\/en\/wp-json\/wp\/v2\/product"}],"about":[{"href":"https:\/\/iodperformance.com\/en\/wp-json\/wp\/v2\/types\/product"}],"version-history":[{"count":0,"href":"https:\/\/iodperformance.com\/en\/wp-json\/wp\/v2\/product\/11476\/revisions"}],"wp:featuredmedia":[{"embeddable":true,"href":"https:\/\/iodperformance.com\/en\/wp-json\/wp\/v2\/media\/11459"}],"wp:attachment":[{"href":"https:\/\/iodperformance.com\/en\/wp-json\/wp\/v2\/media?parent=11476"}],"wp:term":[{"taxonomy":"product_brand","embeddable":true,"href":"https:\/\/iodperformance.com\/en\/wp-json\/wp\/v2\/product_brand?post=11476"},{"taxonomy":"product_cat","embeddable":true,"href":"https:\/\/iodperformance.com\/en\/wp-json\/wp\/v2\/product_cat?post=11476"},{"taxonomy":"product_tag","embeddable":true,"href":"https:\/\/iodperformance.com\/en\/wp-json\/wp\/v2\/product_tag?post=11476"}],"curies":[{"name":"wp","href":"https:\/\/api.w.org\/{rel}","templated":true}]}}